{"id":4043,"date":"2016-01-26T17:40:44","date_gmt":"2016-01-26T16:40:44","guid":{"rendered":"http:\/\/www.sestogrado.it\/?post_type=product&#038;p=4043"},"modified":"2026-04-28T11:24:41","modified_gmt":"2026-04-28T09:24:41","slug":"beal-zenith-9-5-corda-arrampicata","status":"publish","type":"product","link":"https:\/\/www.sestogrado.it\/en\/prodotto\/beal-zenith-9-5-corda-arrampicata\/","title":{"rendered":"Beal Zenith 9.5 corda arrampicata"},"content":{"rendered":"<p>La Beal Zenith 9.5 \u00e8 una corda singola leggera ideale per l&#8217;arrampicata in falesia. Parte della linea Active, la Zenith 9.5 gode della tecnologia avanzata Beal per offrire una eccellente capacit\u00e0 di ammortizzare la caduta grazie ad una bassa forza di impatto (7,5kN). E&#8217; piuttosto morbida, e con un diametro di 9.5 \u00e8 il compromesso ideale tra scorrevolezza e robustezza. La Zenith 9.5 scorre bene nei moschettoni dei rinvii, anche su tiri lunghi ed \u00e8 facile da utilizzare con tutti gli assicuratori in commercio.<\/p>\n<ul>\n<li>manovrabilit\u00e0<\/li>\n<li>compattezza<\/li>\n<li>morbidezza<\/li>\n<li>concezione ecologica (priva di trattamenti chimici e tintura)<\/li>\n<li>segno di met\u00e0 corda, le calate sono pi\u00f9 sicure<\/li>\n<li>Forza di arresto: 7,5kN<\/li>\n<li>N\u00b0 di cadute: 6<\/li>\n<li>% della calza: 38%<\/li>\n<li>Peso al metro: 59g<\/li>\n<\/ul>\n<p>La Beal Zenith 9.5 \u00e8 una corda polivalente che grazie al suo spessore offre fluidit\u00e0 nelle manovre e facilit\u00e0 nel dare corda.<\/p>\n<p>&nbsp;<\/p>\n<p>Beal \u00e8 una azienda francese leader mondiale nella produzione di corde da montagna grazie ad un avanzato sviluppo tecnologico nel processo \u00a0di fabbricazione che gli \u00e8 valso il certificato Iso 9001. Sempre attenta alle esigenze degli arrampicatori, \u00e8 stata in grado di apportare dinamicit\u00e0 alla pratica dell&#8217;arrampicata grazie ad un&#8217;intensa attivit\u00e0 di ricerca.<\/p>\n","protected":false},"excerpt":{"rendered":"<p>La Beal Zenith 9.5 \u00e8 una corda singola leggera ideale per l&#8217;arrampicata in falesia. Parte della linea Active, la Zenith [&hellip;]<\/p>\n","protected":false},"featured_media":32688,"comment_status":"open","ping_status":"closed","template":"","meta":{"_acf_changed":false},"product_brand":[84],"product_cat":[136],"product_tag":[413,416],"class_list":{"0":"post-4043","1":"product","2":"type-product","3":"status-publish","4":"has-post-thumbnail","6":"product_brand-beal","7":"product_cat-corde-corde","8":"product_tag-corda-singola","9":"product_tag-corda-singola-dinamica","11":"first","12":"instock","13":"sale","14":"featured","15":"taxable","16":"shipping-taxable","17":"purchasable","18":"product-type-variable"},"acf":[],"yoast_head":"<!-- This site is optimized with the Yoast SEO plugin v26.4 - https:\/\/yoast.com\/wordpress\/plugins\/seo\/ -->\n<title>Beal Zenith 9.5 corda arrampicata - Sestogrado<\/title>\n<meta name=\"description\" content=\"Beal Zenith 9.5 \u00e8 una corda da arrampicata Beal parte della linea active. Dal diametro sottile \u00e8 ideale per l&#039;arrampicata in falesia. La Beal Zenith 9.5 \u00e8 una corda polivalente che grazie al suo spessore offre fluidit\u00e0 nelle manovre e facilit\u00e0 nel dare corda.\" \/>\n<meta name=\"robots\" content=\"index, follow, max-snippet:-1, max-image-preview:large, max-video-preview:-1\" \/>\n<link rel=\"canonical\" href=\"https:\/\/www.sestogrado.it\/en\/prodotto\/beal-zenith-9-5-corda-arrampicata\/\" \/>\n<meta property=\"og:locale\" content=\"en_US\" \/>\n<meta property=\"og:type\" content=\"article\" \/>\n<meta property=\"og:title\" content=\"Beal Zenith 9.5 corda arrampicata - Sestogrado\" \/>\n<meta property=\"og:description\" content=\"Beal Zenith 9.5 \u00e8 una corda da arrampicata Beal parte della linea active. Dal diametro sottile \u00e8 ideale per l&#039;arrampicata in falesia. La Beal Zenith 9.5 \u00e8 una corda polivalente che grazie al suo spessore offre fluidit\u00e0 nelle manovre e facilit\u00e0 nel dare corda.\" \/>\n<meta property=\"og:url\" content=\"https:\/\/www.sestogrado.it\/en\/prodotto\/beal-zenith-9-5-corda-arrampicata\/\" \/>\n<meta property=\"og:site_name\" content=\"Sestogrado\" \/>\n<meta property=\"article:publisher\" content=\"https:\/\/www.facebook.com\/pages\/Sestogrado\/1542635979353017?ref=bookmarks\" \/>\n<meta property=\"article:modified_time\" content=\"2026-04-28T09:24:41+00:00\" \/>\n<meta property=\"og:image\" content=\"https:\/\/www.sestogrado.it\/wp-content\/uploads\/2016\/01\/01-4.jpg\" \/>\n\t<meta property=\"og:image:width\" content=\"800\" \/>\n\t<meta property=\"og:image:height\" content=\"800\" \/>\n\t<meta property=\"og:image:type\" content=\"image\/jpeg\" \/>\n<meta name=\"twitter:label1\" content=\"Availability\" \/>\n\t<meta name=\"twitter:data1\" content=\"In stock\" \/>\n<script type=\"application\/ld+json\" class=\"yoast-schema-graph\">{\"@context\":\"https:\/\/schema.org\",\"@graph\":[{\"@type\":\"WebPage\",\"@id\":\"https:\/\/www.sestogrado.it\/en\/prodotto\/beal-zenith-9-5-corda-arrampicata\/\",\"url\":\"https:\/\/www.sestogrado.it\/en\/prodotto\/beal-zenith-9-5-corda-arrampicata\/\",\"name\":\"Beal Zenith 9.5 corda arrampicata - Sestogrado\",\"isPartOf\":{\"@id\":\"https:\/\/www.sestogrado.it\/en\/#website\"},\"primaryImageOfPage\":{\"@id\":\"https:\/\/www.sestogrado.it\/en\/prodotto\/beal-zenith-9-5-corda-arrampicata\/#primaryimage\"},\"image\":{\"@id\":\"https:\/\/www.sestogrado.it\/prodotto\/beal-zenith-9-5-corda-arrampicata\/#primaryimage\"},\"thumbnailUrl\":\"https:\/\/www.sestogrado.it\/wp-content\/uploads\/2016\/01\/01-4.jpg\",\"datePublished\":\"2016-01-26T16:40:44+00:00\",\"dateModified\":\"2026-04-28T09:24:41+00:00\",\"description\":\"Beal Zenith 9.5 \u00e8 una corda da arrampicata Beal parte della linea active. Dal diametro sottile \u00e8 ideale per l'arrampicata in falesia. La Beal Zenith 9.5 \u00e8 una corda polivalente che grazie al suo spessore offre fluidit\u00e0 nelle manovre e facilit\u00e0 nel dare corda.\",\"breadcrumb\":{\"@id\":\"https:\/\/www.sestogrado.it\/en\/prodotto\/beal-zenith-9-5-corda-arrampicata\/#breadcrumb\"},\"inLanguage\":\"en-US\",\"potentialAction\":[{\"@type\":\"ReadAction\",\"target\":[[\"https:\/\/www.sestogrado.it\/en\/prodotto\/beal-zenith-9-5-corda-arrampicata\/\"]]}]},{\"@type\":\"ImageObject\",\"inLanguage\":\"en-US\",\"@id\":\"https:\/\/www.sestogrado.it\/en\/prodotto\/beal-zenith-9-5-corda-arrampicata\/#primaryimage\",\"url\":\"https:\/\/www.sestogrado.it\/wp-content\/uploads\/2016\/01\/01-4.jpg\",\"contentUrl\":\"https:\/\/www.sestogrado.it\/wp-content\/uploads\/2016\/01\/01-4.jpg\",\"width\":800,\"height\":800,\"caption\":\"beal zenith\"},{\"@type\":\"BreadcrumbList\",\"@id\":\"https:\/\/www.sestogrado.it\/en\/prodotto\/beal-zenith-9-5-corda-arrampicata\/#breadcrumb\",\"itemListElement\":[{\"@type\":\"ListItem\",\"position\":1,\"name\":\"Home\",\"item\":\"https:\/\/www.sestogrado.it\/en\/\"},{\"@type\":\"ListItem\",\"position\":2,\"name\":\"Shop\",\"item\":\"https:\/\/www.sestogrado.it\/en\/shop\/\"},{\"@type\":\"ListItem\",\"position\":3,\"name\":\"Beal Zenith 9.5 corda arrampicata\"}]},{\"@type\":\"WebSite\",\"@id\":\"https:\/\/www.sestogrado.it\/en\/#website\",\"url\":\"https:\/\/www.sestogrado.it\/en\/\",\"name\":\"Sestogrado\",\"description\":\"yes we climb\",\"publisher\":{\"@id\":\"https:\/\/www.sestogrado.it\/en\/#organization\"},\"potentialAction\":[{\"@type\":\"SearchAction\",\"target\":{\"@type\":\"EntryPoint\",\"urlTemplate\":\"https:\/\/www.sestogrado.it\/en\/?s={search_term_string}\"},\"query-input\":{\"@type\":\"PropertyValueSpecification\",\"valueRequired\":true,\"valueName\":\"search_term_string\"}}],\"inLanguage\":\"en-US\"},{\"@type\":\"Organization\",\"@id\":\"https:\/\/www.sestogrado.it\/en\/#organization\",\"name\":\"Sestogrado\",\"url\":\"https:\/\/www.sestogrado.it\/en\/\",\"logo\":{\"@type\":\"ImageObject\",\"inLanguage\":\"en-US\",\"@id\":\"https:\/\/www.sestogrado.it\/en\/#\/schema\/logo\/image\/\",\"url\":\"https:\/\/www.sestogrado.it\/wp-content\/uploads\/2015\/03\/sestogrado-favicon.png\",\"contentUrl\":\"https:\/\/www.sestogrado.it\/wp-content\/uploads\/2015\/03\/sestogrado-favicon.png\",\"width\":260,\"height\":260,\"caption\":\"Sestogrado\"},\"image\":{\"@id\":\"https:\/\/www.sestogrado.it\/en\/#\/schema\/logo\/image\/\"},\"sameAs\":[\"https:\/\/www.facebook.com\/pages\/Sestogrado\/1542635979353017?ref=bookmarks\",\"https:\/\/www.youtube.com\/channel\/UC847kAfTkaJsWpc1jtQwr3Q\"],\"hasMerchantReturnPolicy\":{\"@type\":\"MerchantReturnPolicy\",\"merchantReturnLink\":\"https:\/\/www.sestogrado.it\/en\/termini-e-condizioni\/\"}}]}<\/script>\n<meta property=\"product:brand\" content=\"Beal\" \/>\n<meta property=\"og:availability\" content=\"instock\" \/>\n<meta property=\"product:availability\" content=\"instock\" \/>\n<meta property=\"product:condition\" content=\"new\" \/>\n<!-- \/ Yoast SEO plugin. -->","yoast_head_json":{"title":"Beal Zenith 9.5 corda arrampicata - Sestogrado","description":"Beal Zenith 9.5 \u00e8 una corda da arrampicata Beal parte della linea active. Dal diametro sottile \u00e8 ideale per l'arrampicata in falesia. La Beal Zenith 9.5 \u00e8 una corda polivalente che grazie al suo spessore offre fluidit\u00e0 nelle manovre e facilit\u00e0 nel dare corda.","robots":{"index":"index","follow":"follow","max-snippet":"max-snippet:-1","max-image-preview":"max-image-preview:large","max-video-preview":"max-video-preview:-1"},"canonical":"https:\/\/www.sestogrado.it\/en\/prodotto\/beal-zenith-9-5-corda-arrampicata\/","og_locale":"en_US","og_type":"article","og_title":"Beal Zenith 9.5 corda arrampicata - Sestogrado","og_description":"Beal Zenith 9.5 \u00e8 una corda da arrampicata Beal parte della linea active. Dal diametro sottile \u00e8 ideale per l'arrampicata in falesia. La Beal Zenith 9.5 \u00e8 una corda polivalente che grazie al suo spessore offre fluidit\u00e0 nelle manovre e facilit\u00e0 nel dare corda.","og_url":"https:\/\/www.sestogrado.it\/en\/prodotto\/beal-zenith-9-5-corda-arrampicata\/","og_site_name":"Sestogrado","article_publisher":"https:\/\/www.facebook.com\/pages\/Sestogrado\/1542635979353017?ref=bookmarks","article_modified_time":"2026-04-28T09:24:41+00:00","og_image":[{"width":800,"height":800,"url":"https:\/\/www.sestogrado.it\/wp-content\/uploads\/2016\/01\/01-4.jpg","type":"image\/jpeg"}],"twitter_misc":{"Availability":"In stock"},"schema":{"@context":"https:\/\/schema.org","@graph":[{"@type":"WebPage","@id":"https:\/\/www.sestogrado.it\/en\/prodotto\/beal-zenith-9-5-corda-arrampicata\/","url":"https:\/\/www.sestogrado.it\/en\/prodotto\/beal-zenith-9-5-corda-arrampicata\/","name":"Beal Zenith 9.5 corda arrampicata - Sestogrado","isPartOf":{"@id":"https:\/\/www.sestogrado.it\/en\/#website"},"primaryImageOfPage":{"@id":"https:\/\/www.sestogrado.it\/en\/prodotto\/beal-zenith-9-5-corda-arrampicata\/#primaryimage"},"image":{"@id":"https:\/\/www.sestogrado.it\/prodotto\/beal-zenith-9-5-corda-arrampicata\/#primaryimage"},"thumbnailUrl":"https:\/\/www.sestogrado.it\/wp-content\/uploads\/2016\/01\/01-4.jpg","datePublished":"2016-01-26T16:40:44+00:00","dateModified":"2026-04-28T09:24:41+00:00","description":"Beal Zenith 9.5 \u00e8 una corda da arrampicata Beal parte della linea active. Dal diametro sottile \u00e8 ideale per l'arrampicata in falesia. La Beal Zenith 9.5 \u00e8 una corda polivalente che grazie al suo spessore offre fluidit\u00e0 nelle manovre e facilit\u00e0 nel dare corda.","breadcrumb":{"@id":"https:\/\/www.sestogrado.it\/en\/prodotto\/beal-zenith-9-5-corda-arrampicata\/#breadcrumb"},"inLanguage":"en-US","potentialAction":[{"@type":"ReadAction","target":[["https:\/\/www.sestogrado.it\/en\/prodotto\/beal-zenith-9-5-corda-arrampicata\/"]]}]},{"@type":"ImageObject","inLanguage":"en-US","@id":"https:\/\/www.sestogrado.it\/en\/prodotto\/beal-zenith-9-5-corda-arrampicata\/#primaryimage","url":"https:\/\/www.sestogrado.it\/wp-content\/uploads\/2016\/01\/01-4.jpg","contentUrl":"https:\/\/www.sestogrado.it\/wp-content\/uploads\/2016\/01\/01-4.jpg","width":800,"height":800,"caption":"beal zenith"},{"@type":"BreadcrumbList","@id":"https:\/\/www.sestogrado.it\/en\/prodotto\/beal-zenith-9-5-corda-arrampicata\/#breadcrumb","itemListElement":[{"@type":"ListItem","position":1,"name":"Home","item":"https:\/\/www.sestogrado.it\/en\/"},{"@type":"ListItem","position":2,"name":"Shop","item":"https:\/\/www.sestogrado.it\/en\/shop\/"},{"@type":"ListItem","position":3,"name":"Beal Zenith 9.5 corda arrampicata"}]},{"@type":"WebSite","@id":"https:\/\/www.sestogrado.it\/en\/#website","url":"https:\/\/www.sestogrado.it\/en\/","name":"Sestogrado","description":"yes we climb","publisher":{"@id":"https:\/\/www.sestogrado.it\/en\/#organization"},"potentialAction":[{"@type":"SearchAction","target":{"@type":"EntryPoint","urlTemplate":"https:\/\/www.sestogrado.it\/en\/?s={search_term_string}"},"query-input":{"@type":"PropertyValueSpecification","valueRequired":true,"valueName":"search_term_string"}}],"inLanguage":"en-US"},{"@type":"Organization","@id":"https:\/\/www.sestogrado.it\/en\/#organization","name":"Sestogrado","url":"https:\/\/www.sestogrado.it\/en\/","logo":{"@type":"ImageObject","inLanguage":"en-US","@id":"https:\/\/www.sestogrado.it\/en\/#\/schema\/logo\/image\/","url":"https:\/\/www.sestogrado.it\/wp-content\/uploads\/2015\/03\/sestogrado-favicon.png","contentUrl":"https:\/\/www.sestogrado.it\/wp-content\/uploads\/2015\/03\/sestogrado-favicon.png","width":260,"height":260,"caption":"Sestogrado"},"image":{"@id":"https:\/\/www.sestogrado.it\/en\/#\/schema\/logo\/image\/"},"sameAs":["https:\/\/www.facebook.com\/pages\/Sestogrado\/1542635979353017?ref=bookmarks","https:\/\/www.youtube.com\/channel\/UC847kAfTkaJsWpc1jtQwr3Q"],"hasMerchantReturnPolicy":{"@type":"MerchantReturnPolicy","merchantReturnLink":"https:\/\/www.sestogrado.it\/en\/termini-e-condizioni\/"}}]},"product_brand":"Beal","og_availability":"instock","product_availability":"instock","product_condition":"new"},"_links":{"self":[{"href":"https:\/\/www.sestogrado.it\/en\/wp-json\/wp\/v2\/product\/4043","targetHints":{"allow":["GET"]}}],"collection":[{"href":"https:\/\/www.sestogrado.it\/en\/wp-json\/wp\/v2\/product"}],"about":[{"href":"https:\/\/www.sestogrado.it\/en\/wp-json\/wp\/v2\/types\/product"}],"replies":[{"embeddable":true,"href":"https:\/\/www.sestogrado.it\/en\/wp-json\/wp\/v2\/comments?post=4043"}],"wp:featuredmedia":[{"embeddable":true,"href":"https:\/\/www.sestogrado.it\/en\/wp-json\/wp\/v2\/media\/32688"}],"wp:attachment":[{"href":"https:\/\/www.sestogrado.it\/en\/wp-json\/wp\/v2\/media?parent=4043"}],"wp:term":[{"taxonomy":"product_brand","embeddable":true,"href":"https:\/\/www.sestogrado.it\/en\/wp-json\/wp\/v2\/product_brand?post=4043"},{"taxonomy":"product_cat","embeddable":true,"href":"https:\/\/www.sestogrado.it\/en\/wp-json\/wp\/v2\/product_cat?post=4043"},{"taxonomy":"product_tag","embeddable":true,"href":"https:\/\/www.sestogrado.it\/en\/wp-json\/wp\/v2\/product_tag?post=4043"}],"curies":[{"name":"wp","href":"https:\/\/api.w.org\/{rel}","templated":true}]}}