{"id":40322,"date":"2025-10-14T09:00:08","date_gmt":"2025-10-14T07:00:08","guid":{"rendered":"https:\/\/www.sestogrado.it\/?post_type=product&#038;p=40322"},"modified":"2026-04-03T08:54:36","modified_gmt":"2026-04-03T06:54:36","slug":"ferrino-summit-325-zaino-arrampicata-alpinismo","status":"publish","type":"product","link":"https:\/\/www.sestogrado.it\/en\/prodotto\/ferrino-summit-325-zaino-arrampicata-alpinismo\/","title":{"rendered":"Ferrino Summit 32+5 zaino arrampicata alpinismo"},"content":{"rendered":"<p>Il Ferrino Summit 32+5 \u00e8 lo zaino ideale per gli alpinisti che cercano leggerezza e versatilit\u00e0. Grazie ai suoi elementi amovibili, \u00e8 possibile modulare peso e volume per adattarlo a diverse attivit\u00e0 e diverse stagionalit\u00e0. La pratica apertura frontale e la chiusura roll up superiore garantiscono un rapido accesso al materiale. Lo schienale strutturato permette di trasportare comodamente anche l\u2019attrezzatura pi\u00f9 pesante. Perfetto per ogni avventura in montagna.<\/p>\n<ul>\n<li>Tessuti: Nylon Ripstop<\/li>\n<li>Dorso e spallacci HBS \u201cHollow Back System\u201d. La traspirazione e la dissipazione del calore sono favorite dall\u2019abbinamento di imbottiture con canali di aerazione e rete 3D a rapida asciugatura<\/li>\n<li>Pannello in polietilene con irrigidimento interno in alluminio (amovibile), per una migliore distribuzione del carico e stabilit\u00e0 nel trasporto<\/li>\n<li>Cappuccio con tasca principale e tasca di sicurezza<\/li>\n<li>Tasca posteriore con gancio porta chiavi<\/li>\n<li>Tasche laterali a soffietto<\/li>\n<li>Tasca interna per sistema di idratazione H2 Bag<\/li>\n<li>Tasca interna porta pala e sonda<\/li>\n<li>Tasca su fascia a vita<\/li>\n<li>Cappuccio amovibile<\/li>\n<li>Cintura a vita amovibile<\/li>\n<li>Accesso superiore con chiusura roll up<\/li>\n<li>Accesso frontale con lampo verticale water repellent<\/li>\n<li>Due porta piccozza<\/li>\n<li>Porta racchette (con nastri addizionali) + bastoncini<\/li>\n<li>Porta sci laterale<\/li>\n<li>Porta corda superiore<\/li>\n<li>Asole porta materiali su fascia a vita e interno dorso<\/li>\n<li>Nastri addizionali per il trasporto di materiale extra<\/li>\n<li>Compressioni laterali<\/li>\n<li>Compatibile con sistema di idratazione H2 Bag<\/li>\n<li>Compatibile con \u201cHelmet Holder\u201d<\/li>\n<li>Cinturino pettorale con fischietto integrato<\/li>\n<li>Istruzioni SOS<\/li>\n<\/ul>\n<p><\/p>","protected":false},"excerpt":{"rendered":"<p>Il Ferrino Summit 32+5 \u00e8 lo zaino ideale per gli alpinisti che cercano leggerezza e versatilit\u00e0. Grazie ai suoi elementi [&hellip;]<\/p>\n","protected":false},"featured_media":202096,"comment_status":"open","ping_status":"closed","template":"","meta":{"_acf_changed":false},"product_brand":[614],"product_cat":[389,1431],"product_tag":[],"class_list":{"0":"post-40322","1":"product","2":"type-product","3":"status-publish","4":"has-post-thumbnail","6":"product_brand-ferrino","7":"product_cat-zaini-alpinismo","8":"product_cat-scialpinismo-zaini","10":"first","11":"instock","12":"sale","13":"taxable","14":"shipping-taxable","15":"purchasable","16":"product-type-variable"},"acf":[],"yoast_head":"<!-- This site is optimized with the Yoast SEO plugin v26.4 - https:\/\/yoast.com\/wordpress\/plugins\/seo\/ -->\n<title>Ferrino Summit 32+5 zaino arrampicata alpinismo - Sestogrado<\/title>\n<meta name=\"description\" content=\"Il Ferrino Summit 32+5 \u00e8 lo zaino ideale per gli alpinisti che cercano leggerezza e versatilit\u00e0. Grazie ai suoi elementi amovibili, \u00e8 possibile modulare peso e volume per adattarlo a diverse attivit\u00e0 e diverse stagionalit\u00e0. La pratica apertura frontale e la chiusura roll up superiore garantiscono un rapido accesso al materiale. Lo schienale strutturato permette di trasportare comodamente anche l\u2019attrezzatura pi\u00f9 pesante. Perfetto per ogni avventura in montagna.\" \/>\n<meta name=\"robots\" content=\"index, follow, max-snippet:-1, max-image-preview:large, max-video-preview:-1\" \/>\n<link rel=\"canonical\" href=\"https:\/\/www.sestogrado.it\/en\/prodotto\/ferrino-summit-325-zaino-arrampicata-alpinismo\/\" \/>\n<meta property=\"og:locale\" content=\"en_US\" \/>\n<meta property=\"og:type\" content=\"article\" \/>\n<meta property=\"og:title\" content=\"Ferrino Summit 32+5 zaino arrampicata alpinismo - Sestogrado\" \/>\n<meta property=\"og:description\" content=\"Il Ferrino Summit 32+5 \u00e8 lo zaino ideale per gli alpinisti che cercano leggerezza e versatilit\u00e0. Grazie ai suoi elementi amovibili, \u00e8 possibile modulare peso e volume per adattarlo a diverse attivit\u00e0 e diverse stagionalit\u00e0. La pratica apertura frontale e la chiusura roll up superiore garantiscono un rapido accesso al materiale. Lo schienale strutturato permette di trasportare comodamente anche l\u2019attrezzatura pi\u00f9 pesante. Perfetto per ogni avventura in montagna.\" \/>\n<meta property=\"og:url\" content=\"https:\/\/www.sestogrado.it\/en\/prodotto\/ferrino-summit-325-zaino-arrampicata-alpinismo\/\" \/>\n<meta property=\"og:site_name\" content=\"Sestogrado\" \/>\n<meta property=\"article:publisher\" content=\"https:\/\/www.facebook.com\/pages\/Sestogrado\/1542635979353017?ref=bookmarks\" \/>\n<meta property=\"article:modified_time\" content=\"2026-04-03T06:54:36+00:00\" \/>\n<meta property=\"og:image\" content=\"https:\/\/www.sestogrado.it\/wp-content\/uploads\/2024\/01\/01-5.jpg\" \/>\n\t<meta property=\"og:image:width\" content=\"1000\" \/>\n\t<meta property=\"og:image:height\" content=\"1000\" \/>\n\t<meta property=\"og:image:type\" content=\"image\/jpeg\" \/>\n<meta name=\"twitter:label1\" content=\"Availability\" \/>\n\t<meta name=\"twitter:data1\" content=\"In stock\" \/>\n<script type=\"application\/ld+json\" class=\"yoast-schema-graph\">{\"@context\":\"https:\/\/schema.org\",\"@graph\":[{\"@type\":\"WebPage\",\"@id\":\"https:\/\/www.sestogrado.it\/en\/prodotto\/ferrino-summit-325-zaino-arrampicata-alpinismo\/\",\"url\":\"https:\/\/www.sestogrado.it\/en\/prodotto\/ferrino-summit-325-zaino-arrampicata-alpinismo\/\",\"name\":\"Ferrino Summit 32+5 zaino arrampicata alpinismo - Sestogrado\",\"isPartOf\":{\"@id\":\"https:\/\/www.sestogrado.it\/en\/#website\"},\"primaryImageOfPage\":{\"@id\":\"https:\/\/www.sestogrado.it\/en\/prodotto\/ferrino-summit-325-zaino-arrampicata-alpinismo\/#primaryimage\"},\"image\":{\"@id\":\"https:\/\/www.sestogrado.it\/prodotto\/ferrino-summit-325-zaino-arrampicata-alpinismo\/#primaryimage\"},\"thumbnailUrl\":\"https:\/\/www.sestogrado.it\/wp-content\/uploads\/2024\/01\/01-5.jpg\",\"datePublished\":\"2025-10-14T07:00:08+00:00\",\"dateModified\":\"2026-04-03T06:54:36+00:00\",\"description\":\"Il Ferrino Summit 32+5 \u00e8 lo zaino ideale per gli alpinisti che cercano leggerezza e versatilit\u00e0. Grazie ai suoi elementi amovibili, \u00e8 possibile modulare peso e volume per adattarlo a diverse attivit\u00e0 e diverse stagionalit\u00e0. La pratica apertura frontale e la chiusura roll up superiore garantiscono un rapido accesso al materiale. Lo schienale strutturato permette di trasportare comodamente anche l\u2019attrezzatura pi\u00f9 pesante. Perfetto per ogni avventura in montagna.\",\"breadcrumb\":{\"@id\":\"https:\/\/www.sestogrado.it\/en\/prodotto\/ferrino-summit-325-zaino-arrampicata-alpinismo\/#breadcrumb\"},\"inLanguage\":\"en-US\",\"potentialAction\":[{\"@type\":\"ReadAction\",\"target\":[[\"https:\/\/www.sestogrado.it\/en\/prodotto\/ferrino-summit-325-zaino-arrampicata-alpinismo\/\"]]}]},{\"@type\":\"ImageObject\",\"inLanguage\":\"en-US\",\"@id\":\"https:\/\/www.sestogrado.it\/en\/prodotto\/ferrino-summit-325-zaino-arrampicata-alpinismo\/#primaryimage\",\"url\":\"https:\/\/www.sestogrado.it\/wp-content\/uploads\/2024\/01\/01-5.jpg\",\"contentUrl\":\"https:\/\/www.sestogrado.it\/wp-content\/uploads\/2024\/01\/01-5.jpg\",\"width\":1000,\"height\":1000,\"caption\":\"summit 32 blue\"},{\"@type\":\"BreadcrumbList\",\"@id\":\"https:\/\/www.sestogrado.it\/en\/prodotto\/ferrino-summit-325-zaino-arrampicata-alpinismo\/#breadcrumb\",\"itemListElement\":[{\"@type\":\"ListItem\",\"position\":1,\"name\":\"Home\",\"item\":\"https:\/\/www.sestogrado.it\/en\/\"},{\"@type\":\"ListItem\",\"position\":2,\"name\":\"Shop\",\"item\":\"https:\/\/www.sestogrado.it\/en\/shop\/\"},{\"@type\":\"ListItem\",\"position\":3,\"name\":\"Ferrino Summit 32+5 zaino arrampicata alpinismo\"}]},{\"@type\":\"WebSite\",\"@id\":\"https:\/\/www.sestogrado.it\/en\/#website\",\"url\":\"https:\/\/www.sestogrado.it\/en\/\",\"name\":\"Sestogrado\",\"description\":\"yes we climb\",\"publisher\":{\"@id\":\"https:\/\/www.sestogrado.it\/en\/#organization\"},\"potentialAction\":[{\"@type\":\"SearchAction\",\"target\":{\"@type\":\"EntryPoint\",\"urlTemplate\":\"https:\/\/www.sestogrado.it\/en\/?s={search_term_string}\"},\"query-input\":{\"@type\":\"PropertyValueSpecification\",\"valueRequired\":true,\"valueName\":\"search_term_string\"}}],\"inLanguage\":\"en-US\"},{\"@type\":\"Organization\",\"@id\":\"https:\/\/www.sestogrado.it\/en\/#organization\",\"name\":\"Sestogrado\",\"url\":\"https:\/\/www.sestogrado.it\/en\/\",\"logo\":{\"@type\":\"ImageObject\",\"inLanguage\":\"en-US\",\"@id\":\"https:\/\/www.sestogrado.it\/en\/#\/schema\/logo\/image\/\",\"url\":\"https:\/\/www.sestogrado.it\/wp-content\/uploads\/2015\/03\/sestogrado-favicon.png\",\"contentUrl\":\"https:\/\/www.sestogrado.it\/wp-content\/uploads\/2015\/03\/sestogrado-favicon.png\",\"width\":260,\"height\":260,\"caption\":\"Sestogrado\"},\"image\":{\"@id\":\"https:\/\/www.sestogrado.it\/en\/#\/schema\/logo\/image\/\"},\"sameAs\":[\"https:\/\/www.facebook.com\/pages\/Sestogrado\/1542635979353017?ref=bookmarks\",\"https:\/\/www.youtube.com\/channel\/UC847kAfTkaJsWpc1jtQwr3Q\"],\"hasMerchantReturnPolicy\":{\"@type\":\"MerchantReturnPolicy\",\"merchantReturnLink\":\"https:\/\/www.sestogrado.it\/en\/termini-e-condizioni\/\"}}]}<\/script>\n<meta property=\"product:brand\" content=\"Ferrino\" \/>\n<meta property=\"og:availability\" content=\"instock\" \/>\n<meta property=\"product:availability\" content=\"instock\" \/>\n<meta property=\"product:condition\" content=\"new\" \/>\n<!-- \/ Yoast SEO plugin. -->","yoast_head_json":{"title":"Ferrino Summit 32+5 zaino arrampicata alpinismo - Sestogrado","description":"Il Ferrino Summit 32+5 \u00e8 lo zaino ideale per gli alpinisti che cercano leggerezza e versatilit\u00e0. Grazie ai suoi elementi amovibili, \u00e8 possibile modulare peso e volume per adattarlo a diverse attivit\u00e0 e diverse stagionalit\u00e0. La pratica apertura frontale e la chiusura roll up superiore garantiscono un rapido accesso al materiale. Lo schienale strutturato permette di trasportare comodamente anche l\u2019attrezzatura pi\u00f9 pesante. Perfetto per ogni avventura in montagna.","robots":{"index":"index","follow":"follow","max-snippet":"max-snippet:-1","max-image-preview":"max-image-preview:large","max-video-preview":"max-video-preview:-1"},"canonical":"https:\/\/www.sestogrado.it\/en\/prodotto\/ferrino-summit-325-zaino-arrampicata-alpinismo\/","og_locale":"en_US","og_type":"article","og_title":"Ferrino Summit 32+5 zaino arrampicata alpinismo - Sestogrado","og_description":"Il Ferrino Summit 32+5 \u00e8 lo zaino ideale per gli alpinisti che cercano leggerezza e versatilit\u00e0. Grazie ai suoi elementi amovibili, \u00e8 possibile modulare peso e volume per adattarlo a diverse attivit\u00e0 e diverse stagionalit\u00e0. La pratica apertura frontale e la chiusura roll up superiore garantiscono un rapido accesso al materiale. Lo schienale strutturato permette di trasportare comodamente anche l\u2019attrezzatura pi\u00f9 pesante. Perfetto per ogni avventura in montagna.","og_url":"https:\/\/www.sestogrado.it\/en\/prodotto\/ferrino-summit-325-zaino-arrampicata-alpinismo\/","og_site_name":"Sestogrado","article_publisher":"https:\/\/www.facebook.com\/pages\/Sestogrado\/1542635979353017?ref=bookmarks","article_modified_time":"2026-04-03T06:54:36+00:00","og_image":[{"width":1000,"height":1000,"url":"https:\/\/www.sestogrado.it\/wp-content\/uploads\/2024\/01\/01-5.jpg","type":"image\/jpeg"}],"twitter_misc":{"Availability":"In stock"},"schema":{"@context":"https:\/\/schema.org","@graph":[{"@type":"WebPage","@id":"https:\/\/www.sestogrado.it\/en\/prodotto\/ferrino-summit-325-zaino-arrampicata-alpinismo\/","url":"https:\/\/www.sestogrado.it\/en\/prodotto\/ferrino-summit-325-zaino-arrampicata-alpinismo\/","name":"Ferrino Summit 32+5 zaino arrampicata alpinismo - Sestogrado","isPartOf":{"@id":"https:\/\/www.sestogrado.it\/en\/#website"},"primaryImageOfPage":{"@id":"https:\/\/www.sestogrado.it\/en\/prodotto\/ferrino-summit-325-zaino-arrampicata-alpinismo\/#primaryimage"},"image":{"@id":"https:\/\/www.sestogrado.it\/prodotto\/ferrino-summit-325-zaino-arrampicata-alpinismo\/#primaryimage"},"thumbnailUrl":"https:\/\/www.sestogrado.it\/wp-content\/uploads\/2024\/01\/01-5.jpg","datePublished":"2025-10-14T07:00:08+00:00","dateModified":"2026-04-03T06:54:36+00:00","description":"Il Ferrino Summit 32+5 \u00e8 lo zaino ideale per gli alpinisti che cercano leggerezza e versatilit\u00e0. Grazie ai suoi elementi amovibili, \u00e8 possibile modulare peso e volume per adattarlo a diverse attivit\u00e0 e diverse stagionalit\u00e0. La pratica apertura frontale e la chiusura roll up superiore garantiscono un rapido accesso al materiale. Lo schienale strutturato permette di trasportare comodamente anche l\u2019attrezzatura pi\u00f9 pesante. Perfetto per ogni avventura in montagna.","breadcrumb":{"@id":"https:\/\/www.sestogrado.it\/en\/prodotto\/ferrino-summit-325-zaino-arrampicata-alpinismo\/#breadcrumb"},"inLanguage":"en-US","potentialAction":[{"@type":"ReadAction","target":[["https:\/\/www.sestogrado.it\/en\/prodotto\/ferrino-summit-325-zaino-arrampicata-alpinismo\/"]]}]},{"@type":"ImageObject","inLanguage":"en-US","@id":"https:\/\/www.sestogrado.it\/en\/prodotto\/ferrino-summit-325-zaino-arrampicata-alpinismo\/#primaryimage","url":"https:\/\/www.sestogrado.it\/wp-content\/uploads\/2024\/01\/01-5.jpg","contentUrl":"https:\/\/www.sestogrado.it\/wp-content\/uploads\/2024\/01\/01-5.jpg","width":1000,"height":1000,"caption":"summit 32 blue"},{"@type":"BreadcrumbList","@id":"https:\/\/www.sestogrado.it\/en\/prodotto\/ferrino-summit-325-zaino-arrampicata-alpinismo\/#breadcrumb","itemListElement":[{"@type":"ListItem","position":1,"name":"Home","item":"https:\/\/www.sestogrado.it\/en\/"},{"@type":"ListItem","position":2,"name":"Shop","item":"https:\/\/www.sestogrado.it\/en\/shop\/"},{"@type":"ListItem","position":3,"name":"Ferrino Summit 32+5 zaino arrampicata alpinismo"}]},{"@type":"WebSite","@id":"https:\/\/www.sestogrado.it\/en\/#website","url":"https:\/\/www.sestogrado.it\/en\/","name":"Sestogrado","description":"yes we climb","publisher":{"@id":"https:\/\/www.sestogrado.it\/en\/#organization"},"potentialAction":[{"@type":"SearchAction","target":{"@type":"EntryPoint","urlTemplate":"https:\/\/www.sestogrado.it\/en\/?s={search_term_string}"},"query-input":{"@type":"PropertyValueSpecification","valueRequired":true,"valueName":"search_term_string"}}],"inLanguage":"en-US"},{"@type":"Organization","@id":"https:\/\/www.sestogrado.it\/en\/#organization","name":"Sestogrado","url":"https:\/\/www.sestogrado.it\/en\/","logo":{"@type":"ImageObject","inLanguage":"en-US","@id":"https:\/\/www.sestogrado.it\/en\/#\/schema\/logo\/image\/","url":"https:\/\/www.sestogrado.it\/wp-content\/uploads\/2015\/03\/sestogrado-favicon.png","contentUrl":"https:\/\/www.sestogrado.it\/wp-content\/uploads\/2015\/03\/sestogrado-favicon.png","width":260,"height":260,"caption":"Sestogrado"},"image":{"@id":"https:\/\/www.sestogrado.it\/en\/#\/schema\/logo\/image\/"},"sameAs":["https:\/\/www.facebook.com\/pages\/Sestogrado\/1542635979353017?ref=bookmarks","https:\/\/www.youtube.com\/channel\/UC847kAfTkaJsWpc1jtQwr3Q"],"hasMerchantReturnPolicy":{"@type":"MerchantReturnPolicy","merchantReturnLink":"https:\/\/www.sestogrado.it\/en\/termini-e-condizioni\/"}}]},"product_brand":"Ferrino","og_availability":"instock","product_availability":"instock","product_condition":"new"},"_links":{"self":[{"href":"https:\/\/www.sestogrado.it\/en\/wp-json\/wp\/v2\/product\/40322","targetHints":{"allow":["GET"]}}],"collection":[{"href":"https:\/\/www.sestogrado.it\/en\/wp-json\/wp\/v2\/product"}],"about":[{"href":"https:\/\/www.sestogrado.it\/en\/wp-json\/wp\/v2\/types\/product"}],"replies":[{"embeddable":true,"href":"https:\/\/www.sestogrado.it\/en\/wp-json\/wp\/v2\/comments?post=40322"}],"wp:featuredmedia":[{"embeddable":true,"href":"https:\/\/www.sestogrado.it\/en\/wp-json\/wp\/v2\/media\/202096"}],"wp:attachment":[{"href":"https:\/\/www.sestogrado.it\/en\/wp-json\/wp\/v2\/media?parent=40322"}],"wp:term":[{"taxonomy":"product_brand","embeddable":true,"href":"https:\/\/www.sestogrado.it\/en\/wp-json\/wp\/v2\/product_brand?post=40322"},{"taxonomy":"product_cat","embeddable":true,"href":"https:\/\/www.sestogrado.it\/en\/wp-json\/wp\/v2\/product_cat?post=40322"},{"taxonomy":"product_tag","embeddable":true,"href":"https:\/\/www.sestogrado.it\/en\/wp-json\/wp\/v2\/product_tag?post=40322"}],"curies":[{"name":"wp","href":"https:\/\/api.w.org\/{rel}","templated":true}]}}