{"id":39476,"date":"2020-08-28T14:36:16","date_gmt":"2020-08-28T12:36:16","guid":{"rendered":"https:\/\/www.sestogrado.it\/?post_type=product&#038;p=39476"},"modified":"2026-05-05T12:50:37","modified_gmt":"2026-05-05T10:50:37","slug":"ferrino-svalbard-3-0-tenda-4-stagioni-per-tre-persone","status":"publish","type":"product","link":"https:\/\/www.sestogrado.it\/en\/prodotto\/ferrino-svalbard-3-0-tenda-4-stagioni-per-tre-persone\/","title":{"rendered":"Ferrino Svalbard 3.0 4-season tent"},"content":{"rendered":"<p>Svalbard 3.0 is the 4-season tent that best embodies Ferrino\u2019s spirit of adventure; a trusty companion in terms of reliability and versatility, and excellent in all 4 seasons in the mountains or anywhere else that trekkers and climbers decide to take it.<\/p>\n<ul>\n<li><strong>Structure:<\/strong>\u00a0Double cross<\/li>\n<li><strong>Materials:<\/strong>\u00a0Fly sheet in Polyester Ripstop 70D, 85 g\/m2, coated with aluminised and thermal insulating polyurethane, waterproof to 3.000 mm., water repellent with FR treatment | Inner tent in water repellent and breathable Polyester Ripstop 70D, 55 g\/ m2 with FR treatment | Floor in Polyester Oxford 210D, 130 g\/ m2, coated with thermal insulating polyurethane, waterproof to 8.000 mm., water repellent with FR treatment | Transparent TPU windows | Taped seams in fl y sheet and fl oor to guarantee waterproofi ng | Three layer construction to reinforce the fl oor corners<\/li>\n<li><strong>Poles:<\/strong>\u00a0Poles in 7001 T6 tempered aluminium alloy: light, strong and elastic | 3 shockcorded duraluminium poles | Differentcoloured poles for easier set up | Inner tent hung from the fl ysheet using rings and toggles | Fly sheet hung from exterior poles using sleeves | Aluminium pegs<\/li>\n<li><strong>Entrance and ventilation:<\/strong>\u00a0Vestibules to protect the two entrances, front and back with extra room for bulky equipment | Fully opening doors with mosquito net exterior, which fold into a special pocket | Stormproof ventilation sleeves | Liftable snow fl ap on base perimeter of the tent for excellent ventilation (when rolled up) or tent protection in case of bad weather (if unrolled)<\/li>\n<li><strong>Storage:<\/strong>\u00a0Internal storage pockets<\/li>\n<li><strong>Accessories:<\/strong>\u00a0Tape loops on fl oor corners to secure the tent, if set up on snow, using ice axes, skis or other moorings. | Adjustable fl y sheet distance from the base for excellent tensioning and to provide a larger or smaller air passage, based on climate and weather conditions | Refl ective multipoint guy line system to prevent the breakage or deformation of poles in strong winds | Internal lamp hook | Stuff sack for tent included | Repair kit \u00a0 included | Instruction video activated with QR code<\/li>\n<\/ul>\n<p><\/p>","protected":false},"excerpt":{"rendered":"<p>Svalbard 3.0 is the 4-season tent that best embodies Ferrino\u2019s spirit of adventure; a trusty companion in terms of reliability [&hellip;]<\/p>\n","protected":false},"featured_media":39477,"comment_status":"open","ping_status":"closed","template":"","meta":{"_acf_changed":false},"product_brand":[614],"product_cat":[661],"product_tag":[],"class_list":{"0":"post-39476","1":"product","2":"type-product","3":"status-publish","4":"has-post-thumbnail","6":"product_brand-ferrino","7":"product_cat-tende","9":"first","10":"instock","11":"sale","12":"taxable","13":"shipping-taxable","14":"purchasable","15":"product-type-simple"},"acf":[],"yoast_head":"<!-- This site is optimized with the Yoast SEO plugin v26.4 - https:\/\/yoast.com\/wordpress\/plugins\/seo\/ -->\n<title>Ferrino Svalbard 3.0 4-season tent - Sestogrado<\/title>\n<meta name=\"description\" content=\"La Ferrino Svalbard 3.0 \u00e8 una tenda 4 stagioni per tre persone. E&#039; la tenda che meglio\u00a0incarna lo spirito di avventura Ferrino, una fedele compagna in termini di affidabilit\u00e0 e versatilit\u00e0, adatta alle 4 stagioni in montagna e ovunque, per escursionisti o alpinisti.Dal 1987, anno in cui \u00e8 uscito il primo modello, la Svalbard accompagna i migliori alpinisti ed escursionisti in tutto il mondo. Dopo trent\u2019anni la tenda Svalbard si \u00e8 altamente evoluta, garantendo migliori prestazioni pur mantenendo lo stesso stile e la stessa comodit\u00e0. L\u2019ampio abside, la struttura double cross ed il peso ridotto garantiscono le migliori prestazioni possibili, in qualsiasi condizione climatica. L\u2019ottima e resistenza al vento, la sua incredibile versatilit\u00e0 e gli spazi interni studiati ed ottimizzati al massimo la rendono la soluzione ideale per ogni spedizione. Impermeabilit\u00e0 pavimento 8.000mm, impermeabilit\u00e0 telo esterno 3.000mm colonna d&#039;acqua.\" \/>\n<meta name=\"robots\" content=\"index, follow, max-snippet:-1, max-image-preview:large, max-video-preview:-1\" \/>\n<link rel=\"canonical\" href=\"https:\/\/www.sestogrado.it\/en\/prodotto\/ferrino-svalbard-3-0-tenda-4-stagioni-per-tre-persone\/\" \/>\n<meta property=\"og:locale\" content=\"en_US\" \/>\n<meta property=\"og:type\" content=\"article\" \/>\n<meta property=\"og:title\" content=\"Ferrino Svalbard 3.0 4-season tent - Sestogrado\" \/>\n<meta property=\"og:description\" content=\"La Ferrino Svalbard 3.0 \u00e8 una tenda 4 stagioni per tre persone. E&#039; la tenda che meglio\u00a0incarna lo spirito di avventura Ferrino, una fedele compagna in termini di affidabilit\u00e0 e versatilit\u00e0, adatta alle 4 stagioni in montagna e ovunque, per escursionisti o alpinisti.Dal 1987, anno in cui \u00e8 uscito il primo modello, la Svalbard accompagna i migliori alpinisti ed escursionisti in tutto il mondo. Dopo trent\u2019anni la tenda Svalbard si \u00e8 altamente evoluta, garantendo migliori prestazioni pur mantenendo lo stesso stile e la stessa comodit\u00e0. L\u2019ampio abside, la struttura double cross ed il peso ridotto garantiscono le migliori prestazioni possibili, in qualsiasi condizione climatica. L\u2019ottima e resistenza al vento, la sua incredibile versatilit\u00e0 e gli spazi interni studiati ed ottimizzati al massimo la rendono la soluzione ideale per ogni spedizione. Impermeabilit\u00e0 pavimento 8.000mm, impermeabilit\u00e0 telo esterno 3.000mm colonna d&#039;acqua.\" \/>\n<meta property=\"og:url\" content=\"https:\/\/www.sestogrado.it\/en\/prodotto\/ferrino-svalbard-3-0-tenda-4-stagioni-per-tre-persone\/\" \/>\n<meta property=\"og:site_name\" content=\"Sestogrado\" \/>\n<meta property=\"article:publisher\" content=\"https:\/\/www.facebook.com\/pages\/Sestogrado\/1542635979353017?ref=bookmarks\" \/>\n<meta property=\"article:modified_time\" content=\"2026-05-05T10:50:37+00:00\" \/>\n<meta property=\"og:image\" content=\"https:\/\/www.sestogrado.it\/wp-content\/uploads\/2020\/08\/01-2.jpg\" \/>\n\t<meta property=\"og:image:width\" content=\"2000\" \/>\n\t<meta property=\"og:image:height\" content=\"2000\" \/>\n\t<meta property=\"og:image:type\" content=\"image\/jpeg\" \/>\n<meta name=\"twitter:label1\" content=\"Price\" \/>\n\t<meta name=\"twitter:data1\" content=\"&euro;&nbsp;399,00\" \/>\n\t<meta name=\"twitter:label2\" content=\"Availability\" \/>\n\t<meta name=\"twitter:data2\" content=\"In stock\" \/>\n<script type=\"application\/ld+json\" class=\"yoast-schema-graph\">{\"@context\":\"https:\/\/schema.org\",\"@graph\":[{\"@type\":\"WebPage\",\"@id\":\"https:\/\/www.sestogrado.it\/en\/prodotto\/ferrino-svalbard-3-0-tenda-4-stagioni-per-tre-persone\/\",\"url\":\"https:\/\/www.sestogrado.it\/en\/prodotto\/ferrino-svalbard-3-0-tenda-4-stagioni-per-tre-persone\/\",\"name\":\"Ferrino Svalbard 3.0 4-season tent - Sestogrado\",\"isPartOf\":{\"@id\":\"https:\/\/www.sestogrado.it\/en\/#website\"},\"primaryImageOfPage\":{\"@id\":\"https:\/\/www.sestogrado.it\/en\/prodotto\/ferrino-svalbard-3-0-tenda-4-stagioni-per-tre-persone\/#primaryimage\"},\"image\":{\"@id\":\"https:\/\/www.sestogrado.it\/prodotto\/ferrino-svalbard-3-0-tenda-4-stagioni-per-tre-persone\/#primaryimage\"},\"thumbnailUrl\":\"https:\/\/www.sestogrado.it\/wp-content\/uploads\/2020\/08\/01-2.jpg\",\"datePublished\":\"2020-08-28T12:36:16+00:00\",\"dateModified\":\"2026-05-05T10:50:37+00:00\",\"description\":\"La Ferrino Svalbard 3.0 \u00e8 una tenda 4 stagioni per tre persone. E' la tenda che meglio\u00a0incarna lo spirito di avventura Ferrino, una fedele compagna in termini di affidabilit\u00e0 e versatilit\u00e0, adatta alle 4 stagioni in montagna e ovunque, per escursionisti o alpinisti.Dal 1987, anno in cui \u00e8 uscito il primo modello, la Svalbard accompagna i migliori alpinisti ed escursionisti in tutto il mondo. Dopo trent\u2019anni la tenda Svalbard si \u00e8 altamente evoluta, garantendo migliori prestazioni pur mantenendo lo stesso stile e la stessa comodit\u00e0. L\u2019ampio abside, la struttura double cross ed il peso ridotto garantiscono le migliori prestazioni possibili, in qualsiasi condizione climatica. L\u2019ottima e resistenza al vento, la sua incredibile versatilit\u00e0 e gli spazi interni studiati ed ottimizzati al massimo la rendono la soluzione ideale per ogni spedizione. Impermeabilit\u00e0 pavimento 8.000mm, impermeabilit\u00e0 telo esterno 3.000mm colonna d'acqua.\",\"breadcrumb\":{\"@id\":\"https:\/\/www.sestogrado.it\/en\/prodotto\/ferrino-svalbard-3-0-tenda-4-stagioni-per-tre-persone\/#breadcrumb\"},\"inLanguage\":\"en-US\",\"potentialAction\":[{\"@type\":\"ReadAction\",\"target\":[[\"https:\/\/www.sestogrado.it\/en\/prodotto\/ferrino-svalbard-3-0-tenda-4-stagioni-per-tre-persone\/\"]]}]},{\"@type\":\"ImageObject\",\"inLanguage\":\"en-US\",\"@id\":\"https:\/\/www.sestogrado.it\/en\/prodotto\/ferrino-svalbard-3-0-tenda-4-stagioni-per-tre-persone\/#primaryimage\",\"url\":\"https:\/\/www.sestogrado.it\/wp-content\/uploads\/2020\/08\/01-2.jpg\",\"contentUrl\":\"https:\/\/www.sestogrado.it\/wp-content\/uploads\/2020\/08\/01-2.jpg\",\"width\":2000,\"height\":2000,\"caption\":\"ferrino svalbard 3.0\"},{\"@type\":\"BreadcrumbList\",\"@id\":\"https:\/\/www.sestogrado.it\/en\/prodotto\/ferrino-svalbard-3-0-tenda-4-stagioni-per-tre-persone\/#breadcrumb\",\"itemListElement\":[{\"@type\":\"ListItem\",\"position\":1,\"name\":\"Home\",\"item\":\"https:\/\/www.sestogrado.it\/en\/\"},{\"@type\":\"ListItem\",\"position\":2,\"name\":\"Shop\",\"item\":\"https:\/\/www.sestogrado.it\/en\/shop\/\"},{\"@type\":\"ListItem\",\"position\":3,\"name\":\"Ferrino Svalbard 3.0 tenda 4 stagioni per tre persone\"}]},{\"@type\":\"WebSite\",\"@id\":\"https:\/\/www.sestogrado.it\/en\/#website\",\"url\":\"https:\/\/www.sestogrado.it\/en\/\",\"name\":\"Sestogrado\",\"description\":\"yes we climb\",\"publisher\":{\"@id\":\"https:\/\/www.sestogrado.it\/en\/#organization\"},\"potentialAction\":[{\"@type\":\"SearchAction\",\"target\":{\"@type\":\"EntryPoint\",\"urlTemplate\":\"https:\/\/www.sestogrado.it\/en\/?s={search_term_string}\"},\"query-input\":{\"@type\":\"PropertyValueSpecification\",\"valueRequired\":true,\"valueName\":\"search_term_string\"}}],\"inLanguage\":\"en-US\"},{\"@type\":\"Organization\",\"@id\":\"https:\/\/www.sestogrado.it\/en\/#organization\",\"name\":\"Sestogrado\",\"url\":\"https:\/\/www.sestogrado.it\/en\/\",\"logo\":{\"@type\":\"ImageObject\",\"inLanguage\":\"en-US\",\"@id\":\"https:\/\/www.sestogrado.it\/en\/#\/schema\/logo\/image\/\",\"url\":\"https:\/\/www.sestogrado.it\/wp-content\/uploads\/2015\/03\/sestogrado-favicon.png\",\"contentUrl\":\"https:\/\/www.sestogrado.it\/wp-content\/uploads\/2015\/03\/sestogrado-favicon.png\",\"width\":260,\"height\":260,\"caption\":\"Sestogrado\"},\"image\":{\"@id\":\"https:\/\/www.sestogrado.it\/en\/#\/schema\/logo\/image\/\"},\"sameAs\":[\"https:\/\/www.facebook.com\/pages\/Sestogrado\/1542635979353017?ref=bookmarks\",\"https:\/\/www.youtube.com\/channel\/UC847kAfTkaJsWpc1jtQwr3Q\"],\"hasMerchantReturnPolicy\":{\"@type\":\"MerchantReturnPolicy\",\"merchantReturnLink\":\"https:\/\/www.sestogrado.it\/en\/termini-e-condizioni\/\"}}]}<\/script>\n<meta property=\"product:brand\" content=\"Ferrino\" \/>\n<meta property=\"product:price:amount\" content=\"399.00\" \/>\n<meta property=\"product:price:currency\" content=\"EUR\" \/>\n<meta property=\"og:availability\" content=\"instock\" \/>\n<meta property=\"product:availability\" content=\"instock\" \/>\n<meta property=\"product:condition\" content=\"new\" \/>\n<!-- \/ Yoast SEO plugin. -->","yoast_head_json":{"title":"Ferrino Svalbard 3.0 4-season tent - Sestogrado","description":"La Ferrino Svalbard 3.0 \u00e8 una tenda 4 stagioni per tre persone. E' la tenda che meglio\u00a0incarna lo spirito di avventura Ferrino, una fedele compagna in termini di affidabilit\u00e0 e versatilit\u00e0, adatta alle 4 stagioni in montagna e ovunque, per escursionisti o alpinisti.Dal 1987, anno in cui \u00e8 uscito il primo modello, la Svalbard accompagna i migliori alpinisti ed escursionisti in tutto il mondo. Dopo trent\u2019anni la tenda Svalbard si \u00e8 altamente evoluta, garantendo migliori prestazioni pur mantenendo lo stesso stile e la stessa comodit\u00e0. L\u2019ampio abside, la struttura double cross ed il peso ridotto garantiscono le migliori prestazioni possibili, in qualsiasi condizione climatica. L\u2019ottima e resistenza al vento, la sua incredibile versatilit\u00e0 e gli spazi interni studiati ed ottimizzati al massimo la rendono la soluzione ideale per ogni spedizione. Impermeabilit\u00e0 pavimento 8.000mm, impermeabilit\u00e0 telo esterno 3.000mm colonna d'acqua.","robots":{"index":"index","follow":"follow","max-snippet":"max-snippet:-1","max-image-preview":"max-image-preview:large","max-video-preview":"max-video-preview:-1"},"canonical":"https:\/\/www.sestogrado.it\/en\/prodotto\/ferrino-svalbard-3-0-tenda-4-stagioni-per-tre-persone\/","og_locale":"en_US","og_type":"article","og_title":"Ferrino Svalbard 3.0 4-season tent - Sestogrado","og_description":"La Ferrino Svalbard 3.0 \u00e8 una tenda 4 stagioni per tre persone. E' la tenda che meglio\u00a0incarna lo spirito di avventura Ferrino, una fedele compagna in termini di affidabilit\u00e0 e versatilit\u00e0, adatta alle 4 stagioni in montagna e ovunque, per escursionisti o alpinisti.Dal 1987, anno in cui \u00e8 uscito il primo modello, la Svalbard accompagna i migliori alpinisti ed escursionisti in tutto il mondo. Dopo trent\u2019anni la tenda Svalbard si \u00e8 altamente evoluta, garantendo migliori prestazioni pur mantenendo lo stesso stile e la stessa comodit\u00e0. L\u2019ampio abside, la struttura double cross ed il peso ridotto garantiscono le migliori prestazioni possibili, in qualsiasi condizione climatica. L\u2019ottima e resistenza al vento, la sua incredibile versatilit\u00e0 e gli spazi interni studiati ed ottimizzati al massimo la rendono la soluzione ideale per ogni spedizione. Impermeabilit\u00e0 pavimento 8.000mm, impermeabilit\u00e0 telo esterno 3.000mm colonna d'acqua.","og_url":"https:\/\/www.sestogrado.it\/en\/prodotto\/ferrino-svalbard-3-0-tenda-4-stagioni-per-tre-persone\/","og_site_name":"Sestogrado","article_publisher":"https:\/\/www.facebook.com\/pages\/Sestogrado\/1542635979353017?ref=bookmarks","article_modified_time":"2026-05-05T10:50:37+00:00","og_image":[{"width":2000,"height":2000,"url":"https:\/\/www.sestogrado.it\/wp-content\/uploads\/2020\/08\/01-2.jpg","type":"image\/jpeg"}],"twitter_misc":{"Price":"&euro;&nbsp;399,00","Availability":"In stock"},"schema":{"@context":"https:\/\/schema.org","@graph":[{"@type":"WebPage","@id":"https:\/\/www.sestogrado.it\/en\/prodotto\/ferrino-svalbard-3-0-tenda-4-stagioni-per-tre-persone\/","url":"https:\/\/www.sestogrado.it\/en\/prodotto\/ferrino-svalbard-3-0-tenda-4-stagioni-per-tre-persone\/","name":"Ferrino Svalbard 3.0 4-season tent - Sestogrado","isPartOf":{"@id":"https:\/\/www.sestogrado.it\/en\/#website"},"primaryImageOfPage":{"@id":"https:\/\/www.sestogrado.it\/en\/prodotto\/ferrino-svalbard-3-0-tenda-4-stagioni-per-tre-persone\/#primaryimage"},"image":{"@id":"https:\/\/www.sestogrado.it\/prodotto\/ferrino-svalbard-3-0-tenda-4-stagioni-per-tre-persone\/#primaryimage"},"thumbnailUrl":"https:\/\/www.sestogrado.it\/wp-content\/uploads\/2020\/08\/01-2.jpg","datePublished":"2020-08-28T12:36:16+00:00","dateModified":"2026-05-05T10:50:37+00:00","description":"La Ferrino Svalbard 3.0 \u00e8 una tenda 4 stagioni per tre persone. E' la tenda che meglio\u00a0incarna lo spirito di avventura Ferrino, una fedele compagna in termini di affidabilit\u00e0 e versatilit\u00e0, adatta alle 4 stagioni in montagna e ovunque, per escursionisti o alpinisti.Dal 1987, anno in cui \u00e8 uscito il primo modello, la Svalbard accompagna i migliori alpinisti ed escursionisti in tutto il mondo. Dopo trent\u2019anni la tenda Svalbard si \u00e8 altamente evoluta, garantendo migliori prestazioni pur mantenendo lo stesso stile e la stessa comodit\u00e0. L\u2019ampio abside, la struttura double cross ed il peso ridotto garantiscono le migliori prestazioni possibili, in qualsiasi condizione climatica. L\u2019ottima e resistenza al vento, la sua incredibile versatilit\u00e0 e gli spazi interni studiati ed ottimizzati al massimo la rendono la soluzione ideale per ogni spedizione. Impermeabilit\u00e0 pavimento 8.000mm, impermeabilit\u00e0 telo esterno 3.000mm colonna d'acqua.","breadcrumb":{"@id":"https:\/\/www.sestogrado.it\/en\/prodotto\/ferrino-svalbard-3-0-tenda-4-stagioni-per-tre-persone\/#breadcrumb"},"inLanguage":"en-US","potentialAction":[{"@type":"ReadAction","target":[["https:\/\/www.sestogrado.it\/en\/prodotto\/ferrino-svalbard-3-0-tenda-4-stagioni-per-tre-persone\/"]]}]},{"@type":"ImageObject","inLanguage":"en-US","@id":"https:\/\/www.sestogrado.it\/en\/prodotto\/ferrino-svalbard-3-0-tenda-4-stagioni-per-tre-persone\/#primaryimage","url":"https:\/\/www.sestogrado.it\/wp-content\/uploads\/2020\/08\/01-2.jpg","contentUrl":"https:\/\/www.sestogrado.it\/wp-content\/uploads\/2020\/08\/01-2.jpg","width":2000,"height":2000,"caption":"ferrino svalbard 3.0"},{"@type":"BreadcrumbList","@id":"https:\/\/www.sestogrado.it\/en\/prodotto\/ferrino-svalbard-3-0-tenda-4-stagioni-per-tre-persone\/#breadcrumb","itemListElement":[{"@type":"ListItem","position":1,"name":"Home","item":"https:\/\/www.sestogrado.it\/en\/"},{"@type":"ListItem","position":2,"name":"Shop","item":"https:\/\/www.sestogrado.it\/en\/shop\/"},{"@type":"ListItem","position":3,"name":"Ferrino Svalbard 3.0 tenda 4 stagioni per tre persone"}]},{"@type":"WebSite","@id":"https:\/\/www.sestogrado.it\/en\/#website","url":"https:\/\/www.sestogrado.it\/en\/","name":"Sestogrado","description":"yes we climb","publisher":{"@id":"https:\/\/www.sestogrado.it\/en\/#organization"},"potentialAction":[{"@type":"SearchAction","target":{"@type":"EntryPoint","urlTemplate":"https:\/\/www.sestogrado.it\/en\/?s={search_term_string}"},"query-input":{"@type":"PropertyValueSpecification","valueRequired":true,"valueName":"search_term_string"}}],"inLanguage":"en-US"},{"@type":"Organization","@id":"https:\/\/www.sestogrado.it\/en\/#organization","name":"Sestogrado","url":"https:\/\/www.sestogrado.it\/en\/","logo":{"@type":"ImageObject","inLanguage":"en-US","@id":"https:\/\/www.sestogrado.it\/en\/#\/schema\/logo\/image\/","url":"https:\/\/www.sestogrado.it\/wp-content\/uploads\/2015\/03\/sestogrado-favicon.png","contentUrl":"https:\/\/www.sestogrado.it\/wp-content\/uploads\/2015\/03\/sestogrado-favicon.png","width":260,"height":260,"caption":"Sestogrado"},"image":{"@id":"https:\/\/www.sestogrado.it\/en\/#\/schema\/logo\/image\/"},"sameAs":["https:\/\/www.facebook.com\/pages\/Sestogrado\/1542635979353017?ref=bookmarks","https:\/\/www.youtube.com\/channel\/UC847kAfTkaJsWpc1jtQwr3Q"],"hasMerchantReturnPolicy":{"@type":"MerchantReturnPolicy","merchantReturnLink":"https:\/\/www.sestogrado.it\/en\/termini-e-condizioni\/"}}]},"product_brand":"Ferrino","product_price_amount":"399.00","product_price_currency":"EUR","og_availability":"instock","product_availability":"instock","product_condition":"new"},"_links":{"self":[{"href":"https:\/\/www.sestogrado.it\/en\/wp-json\/wp\/v2\/product\/39476","targetHints":{"allow":["GET"]}}],"collection":[{"href":"https:\/\/www.sestogrado.it\/en\/wp-json\/wp\/v2\/product"}],"about":[{"href":"https:\/\/www.sestogrado.it\/en\/wp-json\/wp\/v2\/types\/product"}],"replies":[{"embeddable":true,"href":"https:\/\/www.sestogrado.it\/en\/wp-json\/wp\/v2\/comments?post=39476"}],"wp:featuredmedia":[{"embeddable":true,"href":"https:\/\/www.sestogrado.it\/en\/wp-json\/wp\/v2\/media\/39477"}],"wp:attachment":[{"href":"https:\/\/www.sestogrado.it\/en\/wp-json\/wp\/v2\/media?parent=39476"}],"wp:term":[{"taxonomy":"product_brand","embeddable":true,"href":"https:\/\/www.sestogrado.it\/en\/wp-json\/wp\/v2\/product_brand?post=39476"},{"taxonomy":"product_cat","embeddable":true,"href":"https:\/\/www.sestogrado.it\/en\/wp-json\/wp\/v2\/product_cat?post=39476"},{"taxonomy":"product_tag","embeddable":true,"href":"https:\/\/www.sestogrado.it\/en\/wp-json\/wp\/v2\/product_tag?post=39476"}],"curies":[{"name":"wp","href":"https:\/\/api.w.org\/{rel}","templated":true}]}}