{"id":39471,"date":"2020-08-28T14:36:46","date_gmt":"2020-08-28T12:36:46","guid":{"rendered":"https:\/\/www.sestogrado.it\/?post_type=product&#038;p=39471"},"modified":"2026-04-24T15:17:56","modified_gmt":"2026-04-24T13:17:56","slug":"ferrino-manaslu-2-tenda-4-stagioni-per-due-persone","status":"publish","type":"product","link":"https:\/\/www.sestogrado.it\/en\/prodotto\/ferrino-manaslu-2-tenda-4-stagioni-per-due-persone\/","title":{"rendered":"Ferrino Manaslu 2 4-season, 2-person tent"},"content":{"rendered":"<p>Manaslu 2 is the 4-season, 2-person tent for all those seeking space, minimum weight, easy set up and top performance in terms of reliability, thanks to the duraluminium structure with radial joints.<\/p>\n<ul>\n<li><strong>Structure:<\/strong>\u00a0Tunnel<\/li>\n<li><strong>Materials:<\/strong>\u00a0Fly sheet in Polyester Ripstop 70D, 85 g\/m2, polyurethane coating, aluminised and thermal insulating, waterproof to 3.000 mm, water repellent with FR treatment | Inner tent in Polyester Ripstop 70D, 55 g\/m2, water repellent and breathable with FR treatment | Floor in Polyester 70D, 95 g\/m2, thermal insulating polyurethane coating, waterproof to 8.000 mm, water repellent with FR treatment | Front window in transparent TPU | Taped seams in flysheet and floor | Three layer construction to reinforce the floor corners<\/li>\n<li><strong>Poles:<\/strong>\u00a0Poles in 7001 T6 tempered aluminium alloy: light, strong and elastic | Loadbearing structure with shockcorded duraluminium poles and radial joints | Inner tent hung from poles with hooks and sleeves | \u201cHexagon\u201d aluminium pegs<\/li>\n<li><strong>Entrance and ventilation:<\/strong>\u00a0Front vestibule | Door with mosquito net exterior that opens out fully and folds into a special pocket | Ventilation sleeves | Liftable snow flap on base perimeter of the tent for excellent ventilation (when rolled up) or tent protection in case of bad weather (if unrolled)<\/li>\n<li><strong>Storage:<\/strong>\u00a0Internal storage pockets and gear loops<\/li>\n<li><strong>Accessories:<\/strong>\u00a0Tape adjustment for the fly sheet, for excellent tensioning and to provide a larger or smaller air passage, based on climate and weather conditions | Reflective storm guy lines | Lamp hook | Stuff sack | Repair kit | Instruction video activated with QR code<\/li>\n<\/ul>\n<p><\/p>","protected":false},"excerpt":{"rendered":"<p>Manaslu 2 is the 4-season, 2-person tent for all those seeking space, minimum weight, easy set up and top performance [&hellip;]<\/p>\n","protected":false},"featured_media":39472,"comment_status":"open","ping_status":"closed","template":"","meta":{"_acf_changed":false},"product_brand":[614],"product_cat":[661],"product_tag":[],"class_list":{"0":"post-39471","1":"product","2":"type-product","3":"status-publish","4":"has-post-thumbnail","6":"product_brand-ferrino","7":"product_cat-tende","9":"first","10":"instock","11":"sale","12":"featured","13":"taxable","14":"shipping-taxable","15":"purchasable","16":"product-type-simple"},"acf":[],"yoast_head":"<!-- This site is optimized with the Yoast SEO plugin v26.4 - https:\/\/yoast.com\/wordpress\/plugins\/seo\/ -->\n<title>Ferrino Manaslu 2 4-season, 2-person tent - Sestogrado<\/title>\n<meta name=\"description\" content=\"La Ferrino Manaslu 2 \u00e8 una tenda 4 stagioni da due posti adatta a tutti coloro che richiedono dimensioni, pesi minimi, facilit\u00e0 di montaggio e massime prestazioni in termini di affidabilit\u00e0, grazie alla struttura in duralluminio con giunti radiali.La tenuta di colonna d&#039;acqua del pavimento \u00e8 di 8.000mm, quella del telo esterno \u00e8 di 3.000mm, caratteristiche che rendono la Ferrino Manaslu 2 resistente ed ideale per i climi pi\u00f9 avversi.\" \/>\n<meta name=\"robots\" content=\"index, follow, max-snippet:-1, max-image-preview:large, max-video-preview:-1\" \/>\n<link rel=\"canonical\" href=\"https:\/\/www.sestogrado.it\/en\/prodotto\/ferrino-manaslu-2-tenda-4-stagioni-per-due-persone\/\" \/>\n<meta property=\"og:locale\" content=\"en_US\" \/>\n<meta property=\"og:type\" content=\"article\" \/>\n<meta property=\"og:title\" content=\"Ferrino Manaslu 2 4-season, 2-person tent - Sestogrado\" \/>\n<meta property=\"og:description\" content=\"La Ferrino Manaslu 2 \u00e8 una tenda 4 stagioni da due posti adatta a tutti coloro che richiedono dimensioni, pesi minimi, facilit\u00e0 di montaggio e massime prestazioni in termini di affidabilit\u00e0, grazie alla struttura in duralluminio con giunti radiali.La tenuta di colonna d&#039;acqua del pavimento \u00e8 di 8.000mm, quella del telo esterno \u00e8 di 3.000mm, caratteristiche che rendono la Ferrino Manaslu 2 resistente ed ideale per i climi pi\u00f9 avversi.\" \/>\n<meta property=\"og:url\" content=\"https:\/\/www.sestogrado.it\/en\/prodotto\/ferrino-manaslu-2-tenda-4-stagioni-per-due-persone\/\" \/>\n<meta property=\"og:site_name\" content=\"Sestogrado\" \/>\n<meta property=\"article:publisher\" content=\"https:\/\/www.facebook.com\/pages\/Sestogrado\/1542635979353017?ref=bookmarks\" \/>\n<meta property=\"article:modified_time\" content=\"2026-04-24T13:17:56+00:00\" \/>\n<meta property=\"og:image\" content=\"https:\/\/www.sestogrado.it\/wp-content\/uploads\/2020\/08\/01-1.jpg\" \/>\n\t<meta property=\"og:image:width\" content=\"1937\" \/>\n\t<meta property=\"og:image:height\" content=\"1937\" \/>\n\t<meta property=\"og:image:type\" content=\"image\/jpeg\" \/>\n<meta name=\"twitter:label1\" content=\"Price\" \/>\n\t<meta name=\"twitter:data1\" content=\"&euro;&nbsp;299,00\" \/>\n\t<meta name=\"twitter:label2\" content=\"Availability\" \/>\n\t<meta name=\"twitter:data2\" content=\"In stock\" \/>\n<script type=\"application\/ld+json\" class=\"yoast-schema-graph\">{\"@context\":\"https:\/\/schema.org\",\"@graph\":[{\"@type\":\"WebPage\",\"@id\":\"https:\/\/www.sestogrado.it\/en\/prodotto\/ferrino-manaslu-2-tenda-4-stagioni-per-due-persone\/\",\"url\":\"https:\/\/www.sestogrado.it\/en\/prodotto\/ferrino-manaslu-2-tenda-4-stagioni-per-due-persone\/\",\"name\":\"Ferrino Manaslu 2 4-season, 2-person tent - Sestogrado\",\"isPartOf\":{\"@id\":\"https:\/\/www.sestogrado.it\/en\/#website\"},\"primaryImageOfPage\":{\"@id\":\"https:\/\/www.sestogrado.it\/en\/prodotto\/ferrino-manaslu-2-tenda-4-stagioni-per-due-persone\/#primaryimage\"},\"image\":{\"@id\":\"https:\/\/www.sestogrado.it\/prodotto\/ferrino-manaslu-2-tenda-4-stagioni-per-due-persone\/#primaryimage\"},\"thumbnailUrl\":\"https:\/\/www.sestogrado.it\/wp-content\/uploads\/2020\/08\/01-1.jpg\",\"datePublished\":\"2020-08-28T12:36:46+00:00\",\"dateModified\":\"2026-04-24T13:17:56+00:00\",\"description\":\"La Ferrino Manaslu 2 \u00e8 una tenda 4 stagioni da due posti adatta a tutti coloro che richiedono dimensioni, pesi minimi, facilit\u00e0 di montaggio e massime prestazioni in termini di affidabilit\u00e0, grazie alla struttura in duralluminio con giunti radiali.La tenuta di colonna d'acqua del pavimento \u00e8 di 8.000mm, quella del telo esterno \u00e8 di 3.000mm, caratteristiche che rendono la Ferrino Manaslu 2 resistente ed ideale per i climi pi\u00f9 avversi.\",\"breadcrumb\":{\"@id\":\"https:\/\/www.sestogrado.it\/en\/prodotto\/ferrino-manaslu-2-tenda-4-stagioni-per-due-persone\/#breadcrumb\"},\"inLanguage\":\"en-US\",\"potentialAction\":[{\"@type\":\"ReadAction\",\"target\":[[\"https:\/\/www.sestogrado.it\/en\/prodotto\/ferrino-manaslu-2-tenda-4-stagioni-per-due-persone\/\"]]}]},{\"@type\":\"ImageObject\",\"inLanguage\":\"en-US\",\"@id\":\"https:\/\/www.sestogrado.it\/en\/prodotto\/ferrino-manaslu-2-tenda-4-stagioni-per-due-persone\/#primaryimage\",\"url\":\"https:\/\/www.sestogrado.it\/wp-content\/uploads\/2020\/08\/01-1.jpg\",\"contentUrl\":\"https:\/\/www.sestogrado.it\/wp-content\/uploads\/2020\/08\/01-1.jpg\",\"width\":1937,\"height\":1937,\"caption\":\"ferrino manaslu 2\"},{\"@type\":\"BreadcrumbList\",\"@id\":\"https:\/\/www.sestogrado.it\/en\/prodotto\/ferrino-manaslu-2-tenda-4-stagioni-per-due-persone\/#breadcrumb\",\"itemListElement\":[{\"@type\":\"ListItem\",\"position\":1,\"name\":\"Home\",\"item\":\"https:\/\/www.sestogrado.it\/en\/\"},{\"@type\":\"ListItem\",\"position\":2,\"name\":\"Shop\",\"item\":\"https:\/\/www.sestogrado.it\/en\/shop\/\"},{\"@type\":\"ListItem\",\"position\":3,\"name\":\"Ferrino Manaslu 2 tenda 4 stagioni per due persone\"}]},{\"@type\":\"WebSite\",\"@id\":\"https:\/\/www.sestogrado.it\/en\/#website\",\"url\":\"https:\/\/www.sestogrado.it\/en\/\",\"name\":\"Sestogrado\",\"description\":\"yes we climb\",\"publisher\":{\"@id\":\"https:\/\/www.sestogrado.it\/en\/#organization\"},\"potentialAction\":[{\"@type\":\"SearchAction\",\"target\":{\"@type\":\"EntryPoint\",\"urlTemplate\":\"https:\/\/www.sestogrado.it\/en\/?s={search_term_string}\"},\"query-input\":{\"@type\":\"PropertyValueSpecification\",\"valueRequired\":true,\"valueName\":\"search_term_string\"}}],\"inLanguage\":\"en-US\"},{\"@type\":\"Organization\",\"@id\":\"https:\/\/www.sestogrado.it\/en\/#organization\",\"name\":\"Sestogrado\",\"url\":\"https:\/\/www.sestogrado.it\/en\/\",\"logo\":{\"@type\":\"ImageObject\",\"inLanguage\":\"en-US\",\"@id\":\"https:\/\/www.sestogrado.it\/en\/#\/schema\/logo\/image\/\",\"url\":\"https:\/\/www.sestogrado.it\/wp-content\/uploads\/2015\/03\/sestogrado-favicon.png\",\"contentUrl\":\"https:\/\/www.sestogrado.it\/wp-content\/uploads\/2015\/03\/sestogrado-favicon.png\",\"width\":260,\"height\":260,\"caption\":\"Sestogrado\"},\"image\":{\"@id\":\"https:\/\/www.sestogrado.it\/en\/#\/schema\/logo\/image\/\"},\"sameAs\":[\"https:\/\/www.facebook.com\/pages\/Sestogrado\/1542635979353017?ref=bookmarks\",\"https:\/\/www.youtube.com\/channel\/UC847kAfTkaJsWpc1jtQwr3Q\"],\"hasMerchantReturnPolicy\":{\"@type\":\"MerchantReturnPolicy\",\"merchantReturnLink\":\"https:\/\/www.sestogrado.it\/en\/termini-e-condizioni\/\"}}]}<\/script>\n<meta property=\"product:brand\" content=\"Ferrino\" \/>\n<meta property=\"product:price:amount\" content=\"299.00\" \/>\n<meta property=\"product:price:currency\" content=\"EUR\" \/>\n<meta property=\"og:availability\" content=\"instock\" \/>\n<meta property=\"product:availability\" content=\"instock\" \/>\n<meta property=\"product:condition\" content=\"new\" \/>\n<!-- \/ Yoast SEO plugin. -->","yoast_head_json":{"title":"Ferrino Manaslu 2 4-season, 2-person tent - Sestogrado","description":"La Ferrino Manaslu 2 \u00e8 una tenda 4 stagioni da due posti adatta a tutti coloro che richiedono dimensioni, pesi minimi, facilit\u00e0 di montaggio e massime prestazioni in termini di affidabilit\u00e0, grazie alla struttura in duralluminio con giunti radiali.La tenuta di colonna d'acqua del pavimento \u00e8 di 8.000mm, quella del telo esterno \u00e8 di 3.000mm, caratteristiche che rendono la Ferrino Manaslu 2 resistente ed ideale per i climi pi\u00f9 avversi.","robots":{"index":"index","follow":"follow","max-snippet":"max-snippet:-1","max-image-preview":"max-image-preview:large","max-video-preview":"max-video-preview:-1"},"canonical":"https:\/\/www.sestogrado.it\/en\/prodotto\/ferrino-manaslu-2-tenda-4-stagioni-per-due-persone\/","og_locale":"en_US","og_type":"article","og_title":"Ferrino Manaslu 2 4-season, 2-person tent - Sestogrado","og_description":"La Ferrino Manaslu 2 \u00e8 una tenda 4 stagioni da due posti adatta a tutti coloro che richiedono dimensioni, pesi minimi, facilit\u00e0 di montaggio e massime prestazioni in termini di affidabilit\u00e0, grazie alla struttura in duralluminio con giunti radiali.La tenuta di colonna d'acqua del pavimento \u00e8 di 8.000mm, quella del telo esterno \u00e8 di 3.000mm, caratteristiche che rendono la Ferrino Manaslu 2 resistente ed ideale per i climi pi\u00f9 avversi.","og_url":"https:\/\/www.sestogrado.it\/en\/prodotto\/ferrino-manaslu-2-tenda-4-stagioni-per-due-persone\/","og_site_name":"Sestogrado","article_publisher":"https:\/\/www.facebook.com\/pages\/Sestogrado\/1542635979353017?ref=bookmarks","article_modified_time":"2026-04-24T13:17:56+00:00","og_image":[{"width":1937,"height":1937,"url":"https:\/\/www.sestogrado.it\/wp-content\/uploads\/2020\/08\/01-1.jpg","type":"image\/jpeg"}],"twitter_misc":{"Price":"&euro;&nbsp;299,00","Availability":"In stock"},"schema":{"@context":"https:\/\/schema.org","@graph":[{"@type":"WebPage","@id":"https:\/\/www.sestogrado.it\/en\/prodotto\/ferrino-manaslu-2-tenda-4-stagioni-per-due-persone\/","url":"https:\/\/www.sestogrado.it\/en\/prodotto\/ferrino-manaslu-2-tenda-4-stagioni-per-due-persone\/","name":"Ferrino Manaslu 2 4-season, 2-person tent - Sestogrado","isPartOf":{"@id":"https:\/\/www.sestogrado.it\/en\/#website"},"primaryImageOfPage":{"@id":"https:\/\/www.sestogrado.it\/en\/prodotto\/ferrino-manaslu-2-tenda-4-stagioni-per-due-persone\/#primaryimage"},"image":{"@id":"https:\/\/www.sestogrado.it\/prodotto\/ferrino-manaslu-2-tenda-4-stagioni-per-due-persone\/#primaryimage"},"thumbnailUrl":"https:\/\/www.sestogrado.it\/wp-content\/uploads\/2020\/08\/01-1.jpg","datePublished":"2020-08-28T12:36:46+00:00","dateModified":"2026-04-24T13:17:56+00:00","description":"La Ferrino Manaslu 2 \u00e8 una tenda 4 stagioni da due posti adatta a tutti coloro che richiedono dimensioni, pesi minimi, facilit\u00e0 di montaggio e massime prestazioni in termini di affidabilit\u00e0, grazie alla struttura in duralluminio con giunti radiali.La tenuta di colonna d'acqua del pavimento \u00e8 di 8.000mm, quella del telo esterno \u00e8 di 3.000mm, caratteristiche che rendono la Ferrino Manaslu 2 resistente ed ideale per i climi pi\u00f9 avversi.","breadcrumb":{"@id":"https:\/\/www.sestogrado.it\/en\/prodotto\/ferrino-manaslu-2-tenda-4-stagioni-per-due-persone\/#breadcrumb"},"inLanguage":"en-US","potentialAction":[{"@type":"ReadAction","target":[["https:\/\/www.sestogrado.it\/en\/prodotto\/ferrino-manaslu-2-tenda-4-stagioni-per-due-persone\/"]]}]},{"@type":"ImageObject","inLanguage":"en-US","@id":"https:\/\/www.sestogrado.it\/en\/prodotto\/ferrino-manaslu-2-tenda-4-stagioni-per-due-persone\/#primaryimage","url":"https:\/\/www.sestogrado.it\/wp-content\/uploads\/2020\/08\/01-1.jpg","contentUrl":"https:\/\/www.sestogrado.it\/wp-content\/uploads\/2020\/08\/01-1.jpg","width":1937,"height":1937,"caption":"ferrino manaslu 2"},{"@type":"BreadcrumbList","@id":"https:\/\/www.sestogrado.it\/en\/prodotto\/ferrino-manaslu-2-tenda-4-stagioni-per-due-persone\/#breadcrumb","itemListElement":[{"@type":"ListItem","position":1,"name":"Home","item":"https:\/\/www.sestogrado.it\/en\/"},{"@type":"ListItem","position":2,"name":"Shop","item":"https:\/\/www.sestogrado.it\/en\/shop\/"},{"@type":"ListItem","position":3,"name":"Ferrino Manaslu 2 tenda 4 stagioni per due persone"}]},{"@type":"WebSite","@id":"https:\/\/www.sestogrado.it\/en\/#website","url":"https:\/\/www.sestogrado.it\/en\/","name":"Sestogrado","description":"yes we climb","publisher":{"@id":"https:\/\/www.sestogrado.it\/en\/#organization"},"potentialAction":[{"@type":"SearchAction","target":{"@type":"EntryPoint","urlTemplate":"https:\/\/www.sestogrado.it\/en\/?s={search_term_string}"},"query-input":{"@type":"PropertyValueSpecification","valueRequired":true,"valueName":"search_term_string"}}],"inLanguage":"en-US"},{"@type":"Organization","@id":"https:\/\/www.sestogrado.it\/en\/#organization","name":"Sestogrado","url":"https:\/\/www.sestogrado.it\/en\/","logo":{"@type":"ImageObject","inLanguage":"en-US","@id":"https:\/\/www.sestogrado.it\/en\/#\/schema\/logo\/image\/","url":"https:\/\/www.sestogrado.it\/wp-content\/uploads\/2015\/03\/sestogrado-favicon.png","contentUrl":"https:\/\/www.sestogrado.it\/wp-content\/uploads\/2015\/03\/sestogrado-favicon.png","width":260,"height":260,"caption":"Sestogrado"},"image":{"@id":"https:\/\/www.sestogrado.it\/en\/#\/schema\/logo\/image\/"},"sameAs":["https:\/\/www.facebook.com\/pages\/Sestogrado\/1542635979353017?ref=bookmarks","https:\/\/www.youtube.com\/channel\/UC847kAfTkaJsWpc1jtQwr3Q"],"hasMerchantReturnPolicy":{"@type":"MerchantReturnPolicy","merchantReturnLink":"https:\/\/www.sestogrado.it\/en\/termini-e-condizioni\/"}}]},"product_brand":"Ferrino","product_price_amount":"299.00","product_price_currency":"EUR","og_availability":"instock","product_availability":"instock","product_condition":"new"},"_links":{"self":[{"href":"https:\/\/www.sestogrado.it\/en\/wp-json\/wp\/v2\/product\/39471","targetHints":{"allow":["GET"]}}],"collection":[{"href":"https:\/\/www.sestogrado.it\/en\/wp-json\/wp\/v2\/product"}],"about":[{"href":"https:\/\/www.sestogrado.it\/en\/wp-json\/wp\/v2\/types\/product"}],"replies":[{"embeddable":true,"href":"https:\/\/www.sestogrado.it\/en\/wp-json\/wp\/v2\/comments?post=39471"}],"wp:featuredmedia":[{"embeddable":true,"href":"https:\/\/www.sestogrado.it\/en\/wp-json\/wp\/v2\/media\/39472"}],"wp:attachment":[{"href":"https:\/\/www.sestogrado.it\/en\/wp-json\/wp\/v2\/media?parent=39471"}],"wp:term":[{"taxonomy":"product_brand","embeddable":true,"href":"https:\/\/www.sestogrado.it\/en\/wp-json\/wp\/v2\/product_brand?post=39471"},{"taxonomy":"product_cat","embeddable":true,"href":"https:\/\/www.sestogrado.it\/en\/wp-json\/wp\/v2\/product_cat?post=39471"},{"taxonomy":"product_tag","embeddable":true,"href":"https:\/\/www.sestogrado.it\/en\/wp-json\/wp\/v2\/product_tag?post=39471"}],"curies":[{"name":"wp","href":"https:\/\/api.w.org\/{rel}","templated":true}]}}