{"id":37834,"date":"2020-07-31T09:01:34","date_gmt":"2020-07-31T07:01:34","guid":{"rendered":"https:\/\/www.sestogrado.it\/?post_type=product&#038;p=37834"},"modified":"2026-04-19T10:39:16","modified_gmt":"2026-04-19T08:39:16","slug":"ct-climbing-technology-berry-set-pro-rinvio-rinvii-arrampicata","status":"publish","type":"product","link":"https:\/\/www.sestogrado.it\/en\/prodotto\/ct-climbing-technology-berry-set-pro-rinvio-rinvii-arrampicata\/","title":{"rendered":"CT Climbing Technology Berry Set PRO quickdraw"},"content":{"rendered":"<p><\/p>\n<div class=\"box-images\">\n<section id=\"carousel-generic\" class=\"carousel slide devicePageCarousel\" data-ride=\"carousel\">Multipurpose quickdraw, equipped with compact and hot forged carabiners. Ideal for various uses in sport climbing and on multipitches.<\/section>\n<\/div>\n<div class=\"text-content\">\n<div class=\"description-text\">\n<p>Main characteristics:<\/p>\n<ul>\n<li>upper carabiner has a straight gate with best-grip and catch-free closure, facilitating clipping\/unclipping the rope;<\/li>\n<li>lower carabiner has a wire gate equipped with the patented\u00a0<strong>FG (Free Gate)<\/strong>\u00a0innovative closure system that avoids the rope catching during use;<\/li>\n<li>available in the following lengths: 12cm and 17cm with a polyamide sling with variable widths (25\/16mm);<\/li>\n<li>equipped with the\u00a0<strong>FIXIT<\/strong>\u00a0rubber fastener on the lower carabiner to prevent accidental rotation during use and protects the sling from wear and tear.<\/li>\n<\/ul>\n<\/div>\n<\/div>\n<p><\/p>","protected":false},"excerpt":{"rendered":"<p>Multipurpose quickdraw, equipped with compact and hot forged carabiners. Ideal for various uses in sport climbing and on multipitches. Main [&hellip;]<\/p>\n","protected":false},"featured_media":37835,"comment_status":"open","ping_status":"closed","template":"","meta":{"_acf_changed":false},"product_brand":[55],"product_cat":[133],"product_tag":[],"class_list":{"0":"post-37834","1":"product","2":"type-product","3":"status-publish","4":"has-post-thumbnail","6":"product_brand-ct-climbing-technology","7":"product_cat-rinvii","9":"first","10":"instock","11":"sale","12":"taxable","13":"shipping-taxable","14":"purchasable","15":"product-type-variable"},"acf":[],"yoast_head":"<!-- This site is optimized with the Yoast SEO plugin v26.4 - https:\/\/yoast.com\/wordpress\/plugins\/seo\/ -->\n<title>CT Climbing Technology Berry Set PRO quickdraw - Sestogrado<\/title>\n<meta name=\"description\" content=\"Il CT Climbing Technology Berry Set Pro \u00e8 un rinvio misto, leva piena lato spit e leva a filo lato corda, ed \u00e8 la versione con fettuccia rastremata del Berry NY.\u00a0E&#039; un rinvio polivalente, equipaggiato con moschettoni compatti e forgiati a caldo. Ideale per svariati usi in arrampicata sportiva e vie a pi\u00f9 tiri. La particolarit\u00e0 del Berry Set \u00e8 che il moschettone inferiore con leva a filo \u00e8 dotato dell&#039;innovativo sistema di chiusura brevettato FG (Free Gate), che evita l&#039;impiglio della corda durante l&#039;uso. Il moschettone lato spit ha una leva dritta con grip ottimizzato per rapida apertura. E&#039; dotato del ferma fettuccia Fixit, in gomma sul moschettone inferiore, che ne impedisce la rotazione.\" \/>\n<meta name=\"robots\" content=\"index, follow, max-snippet:-1, max-image-preview:large, max-video-preview:-1\" \/>\n<link rel=\"canonical\" href=\"https:\/\/www.sestogrado.it\/en\/prodotto\/ct-climbing-technology-berry-set-pro-rinvio-rinvii-arrampicata\/\" \/>\n<meta property=\"og:locale\" content=\"en_US\" \/>\n<meta property=\"og:type\" content=\"article\" \/>\n<meta property=\"og:title\" content=\"CT Climbing Technology Berry Set PRO quickdraw - Sestogrado\" \/>\n<meta property=\"og:description\" content=\"Il CT Climbing Technology Berry Set Pro \u00e8 un rinvio misto, leva piena lato spit e leva a filo lato corda, ed \u00e8 la versione con fettuccia rastremata del Berry NY.\u00a0E&#039; un rinvio polivalente, equipaggiato con moschettoni compatti e forgiati a caldo. Ideale per svariati usi in arrampicata sportiva e vie a pi\u00f9 tiri. La particolarit\u00e0 del Berry Set \u00e8 che il moschettone inferiore con leva a filo \u00e8 dotato dell&#039;innovativo sistema di chiusura brevettato FG (Free Gate), che evita l&#039;impiglio della corda durante l&#039;uso. Il moschettone lato spit ha una leva dritta con grip ottimizzato per rapida apertura. E&#039; dotato del ferma fettuccia Fixit, in gomma sul moschettone inferiore, che ne impedisce la rotazione.\" \/>\n<meta property=\"og:url\" content=\"https:\/\/www.sestogrado.it\/en\/prodotto\/ct-climbing-technology-berry-set-pro-rinvio-rinvii-arrampicata\/\" \/>\n<meta property=\"og:site_name\" content=\"Sestogrado\" \/>\n<meta property=\"article:publisher\" content=\"https:\/\/www.facebook.com\/pages\/Sestogrado\/1542635979353017?ref=bookmarks\" \/>\n<meta property=\"article:modified_time\" content=\"2026-04-19T08:39:16+00:00\" \/>\n<meta property=\"og:image\" content=\"https:\/\/www.sestogrado.it\/wp-content\/uploads\/2020\/07\/01-7.jpg\" \/>\n\t<meta property=\"og:image:width\" content=\"1024\" \/>\n\t<meta property=\"og:image:height\" content=\"1024\" \/>\n\t<meta property=\"og:image:type\" content=\"image\/jpeg\" \/>\n<meta name=\"twitter:label1\" content=\"Availability\" \/>\n\t<meta name=\"twitter:data1\" content=\"In stock\" \/>\n<script type=\"application\/ld+json\" class=\"yoast-schema-graph\">{\"@context\":\"https:\/\/schema.org\",\"@graph\":[{\"@type\":\"WebPage\",\"@id\":\"https:\/\/www.sestogrado.it\/en\/prodotto\/ct-climbing-technology-berry-set-pro-rinvio-rinvii-arrampicata\/\",\"url\":\"https:\/\/www.sestogrado.it\/en\/prodotto\/ct-climbing-technology-berry-set-pro-rinvio-rinvii-arrampicata\/\",\"name\":\"CT Climbing Technology Berry Set PRO quickdraw - Sestogrado\",\"isPartOf\":{\"@id\":\"https:\/\/www.sestogrado.it\/en\/#website\"},\"primaryImageOfPage\":{\"@id\":\"https:\/\/www.sestogrado.it\/en\/prodotto\/ct-climbing-technology-berry-set-pro-rinvio-rinvii-arrampicata\/#primaryimage\"},\"image\":{\"@id\":\"https:\/\/www.sestogrado.it\/prodotto\/ct-climbing-technology-berry-set-pro-rinvio-rinvii-arrampicata\/#primaryimage\"},\"thumbnailUrl\":\"https:\/\/www.sestogrado.it\/wp-content\/uploads\/2020\/07\/01-7.jpg\",\"datePublished\":\"2020-07-31T07:01:34+00:00\",\"dateModified\":\"2026-04-19T08:39:16+00:00\",\"description\":\"Il CT Climbing Technology Berry Set Pro \u00e8 un rinvio misto, leva piena lato spit e leva a filo lato corda, ed \u00e8 la versione con fettuccia rastremata del Berry NY.\u00a0E' un rinvio polivalente, equipaggiato con moschettoni compatti e forgiati a caldo. Ideale per svariati usi in arrampicata sportiva e vie a pi\u00f9 tiri. La particolarit\u00e0 del Berry Set \u00e8 che il moschettone inferiore con leva a filo \u00e8 dotato dell'innovativo sistema di chiusura brevettato FG (Free Gate), che evita l'impiglio della corda durante l'uso. Il moschettone lato spit ha una leva dritta con grip ottimizzato per rapida apertura. E' dotato del ferma fettuccia Fixit, in gomma sul moschettone inferiore, che ne impedisce la rotazione.\",\"breadcrumb\":{\"@id\":\"https:\/\/www.sestogrado.it\/en\/prodotto\/ct-climbing-technology-berry-set-pro-rinvio-rinvii-arrampicata\/#breadcrumb\"},\"inLanguage\":\"en-US\",\"potentialAction\":[{\"@type\":\"ReadAction\",\"target\":[[\"https:\/\/www.sestogrado.it\/en\/prodotto\/ct-climbing-technology-berry-set-pro-rinvio-rinvii-arrampicata\/\"]]}]},{\"@type\":\"ImageObject\",\"inLanguage\":\"en-US\",\"@id\":\"https:\/\/www.sestogrado.it\/en\/prodotto\/ct-climbing-technology-berry-set-pro-rinvio-rinvii-arrampicata\/#primaryimage\",\"url\":\"https:\/\/www.sestogrado.it\/wp-content\/uploads\/2020\/07\/01-7.jpg\",\"contentUrl\":\"https:\/\/www.sestogrado.it\/wp-content\/uploads\/2020\/07\/01-7.jpg\",\"width\":1024,\"height\":1024,\"caption\":\"berry pro 12\"},{\"@type\":\"BreadcrumbList\",\"@id\":\"https:\/\/www.sestogrado.it\/en\/prodotto\/ct-climbing-technology-berry-set-pro-rinvio-rinvii-arrampicata\/#breadcrumb\",\"itemListElement\":[{\"@type\":\"ListItem\",\"position\":1,\"name\":\"Home\",\"item\":\"https:\/\/www.sestogrado.it\/en\/\"},{\"@type\":\"ListItem\",\"position\":2,\"name\":\"Shop\",\"item\":\"https:\/\/www.sestogrado.it\/en\/shop\/\"},{\"@type\":\"ListItem\",\"position\":3,\"name\":\"CT Climbing Technology Berry Set PRO rinvio rinvii arrampicata\"}]},{\"@type\":\"WebSite\",\"@id\":\"https:\/\/www.sestogrado.it\/en\/#website\",\"url\":\"https:\/\/www.sestogrado.it\/en\/\",\"name\":\"Sestogrado\",\"description\":\"yes we climb\",\"publisher\":{\"@id\":\"https:\/\/www.sestogrado.it\/en\/#organization\"},\"potentialAction\":[{\"@type\":\"SearchAction\",\"target\":{\"@type\":\"EntryPoint\",\"urlTemplate\":\"https:\/\/www.sestogrado.it\/en\/?s={search_term_string}\"},\"query-input\":{\"@type\":\"PropertyValueSpecification\",\"valueRequired\":true,\"valueName\":\"search_term_string\"}}],\"inLanguage\":\"en-US\"},{\"@type\":\"Organization\",\"@id\":\"https:\/\/www.sestogrado.it\/en\/#organization\",\"name\":\"Sestogrado\",\"url\":\"https:\/\/www.sestogrado.it\/en\/\",\"logo\":{\"@type\":\"ImageObject\",\"inLanguage\":\"en-US\",\"@id\":\"https:\/\/www.sestogrado.it\/en\/#\/schema\/logo\/image\/\",\"url\":\"https:\/\/www.sestogrado.it\/wp-content\/uploads\/2015\/03\/sestogrado-favicon.png\",\"contentUrl\":\"https:\/\/www.sestogrado.it\/wp-content\/uploads\/2015\/03\/sestogrado-favicon.png\",\"width\":260,\"height\":260,\"caption\":\"Sestogrado\"},\"image\":{\"@id\":\"https:\/\/www.sestogrado.it\/en\/#\/schema\/logo\/image\/\"},\"sameAs\":[\"https:\/\/www.facebook.com\/pages\/Sestogrado\/1542635979353017?ref=bookmarks\",\"https:\/\/www.youtube.com\/channel\/UC847kAfTkaJsWpc1jtQwr3Q\"],\"hasMerchantReturnPolicy\":{\"@type\":\"MerchantReturnPolicy\",\"merchantReturnLink\":\"https:\/\/www.sestogrado.it\/en\/termini-e-condizioni\/\"}}]}<\/script>\n<meta property=\"product:brand\" content=\"CT Climbing Technlogy\" \/>\n<meta property=\"og:availability\" content=\"instock\" \/>\n<meta property=\"product:availability\" content=\"instock\" \/>\n<meta property=\"product:condition\" content=\"new\" \/>\n<!-- \/ Yoast SEO plugin. -->","yoast_head_json":{"title":"CT Climbing Technology Berry Set PRO quickdraw - Sestogrado","description":"Il CT Climbing Technology Berry Set Pro \u00e8 un rinvio misto, leva piena lato spit e leva a filo lato corda, ed \u00e8 la versione con fettuccia rastremata del Berry NY.\u00a0E' un rinvio polivalente, equipaggiato con moschettoni compatti e forgiati a caldo. Ideale per svariati usi in arrampicata sportiva e vie a pi\u00f9 tiri. La particolarit\u00e0 del Berry Set \u00e8 che il moschettone inferiore con leva a filo \u00e8 dotato dell'innovativo sistema di chiusura brevettato FG (Free Gate), che evita l'impiglio della corda durante l'uso. Il moschettone lato spit ha una leva dritta con grip ottimizzato per rapida apertura. E' dotato del ferma fettuccia Fixit, in gomma sul moschettone inferiore, che ne impedisce la rotazione.","robots":{"index":"index","follow":"follow","max-snippet":"max-snippet:-1","max-image-preview":"max-image-preview:large","max-video-preview":"max-video-preview:-1"},"canonical":"https:\/\/www.sestogrado.it\/en\/prodotto\/ct-climbing-technology-berry-set-pro-rinvio-rinvii-arrampicata\/","og_locale":"en_US","og_type":"article","og_title":"CT Climbing Technology Berry Set PRO quickdraw - Sestogrado","og_description":"Il CT Climbing Technology Berry Set Pro \u00e8 un rinvio misto, leva piena lato spit e leva a filo lato corda, ed \u00e8 la versione con fettuccia rastremata del Berry NY.\u00a0E' un rinvio polivalente, equipaggiato con moschettoni compatti e forgiati a caldo. Ideale per svariati usi in arrampicata sportiva e vie a pi\u00f9 tiri. La particolarit\u00e0 del Berry Set \u00e8 che il moschettone inferiore con leva a filo \u00e8 dotato dell'innovativo sistema di chiusura brevettato FG (Free Gate), che evita l'impiglio della corda durante l'uso. Il moschettone lato spit ha una leva dritta con grip ottimizzato per rapida apertura. E' dotato del ferma fettuccia Fixit, in gomma sul moschettone inferiore, che ne impedisce la rotazione.","og_url":"https:\/\/www.sestogrado.it\/en\/prodotto\/ct-climbing-technology-berry-set-pro-rinvio-rinvii-arrampicata\/","og_site_name":"Sestogrado","article_publisher":"https:\/\/www.facebook.com\/pages\/Sestogrado\/1542635979353017?ref=bookmarks","article_modified_time":"2026-04-19T08:39:16+00:00","og_image":[{"width":1024,"height":1024,"url":"https:\/\/www.sestogrado.it\/wp-content\/uploads\/2020\/07\/01-7.jpg","type":"image\/jpeg"}],"twitter_misc":{"Availability":"In stock"},"schema":{"@context":"https:\/\/schema.org","@graph":[{"@type":"WebPage","@id":"https:\/\/www.sestogrado.it\/en\/prodotto\/ct-climbing-technology-berry-set-pro-rinvio-rinvii-arrampicata\/","url":"https:\/\/www.sestogrado.it\/en\/prodotto\/ct-climbing-technology-berry-set-pro-rinvio-rinvii-arrampicata\/","name":"CT Climbing Technology Berry Set PRO quickdraw - Sestogrado","isPartOf":{"@id":"https:\/\/www.sestogrado.it\/en\/#website"},"primaryImageOfPage":{"@id":"https:\/\/www.sestogrado.it\/en\/prodotto\/ct-climbing-technology-berry-set-pro-rinvio-rinvii-arrampicata\/#primaryimage"},"image":{"@id":"https:\/\/www.sestogrado.it\/prodotto\/ct-climbing-technology-berry-set-pro-rinvio-rinvii-arrampicata\/#primaryimage"},"thumbnailUrl":"https:\/\/www.sestogrado.it\/wp-content\/uploads\/2020\/07\/01-7.jpg","datePublished":"2020-07-31T07:01:34+00:00","dateModified":"2026-04-19T08:39:16+00:00","description":"Il CT Climbing Technology Berry Set Pro \u00e8 un rinvio misto, leva piena lato spit e leva a filo lato corda, ed \u00e8 la versione con fettuccia rastremata del Berry NY.\u00a0E' un rinvio polivalente, equipaggiato con moschettoni compatti e forgiati a caldo. Ideale per svariati usi in arrampicata sportiva e vie a pi\u00f9 tiri. La particolarit\u00e0 del Berry Set \u00e8 che il moschettone inferiore con leva a filo \u00e8 dotato dell'innovativo sistema di chiusura brevettato FG (Free Gate), che evita l'impiglio della corda durante l'uso. Il moschettone lato spit ha una leva dritta con grip ottimizzato per rapida apertura. E' dotato del ferma fettuccia Fixit, in gomma sul moschettone inferiore, che ne impedisce la rotazione.","breadcrumb":{"@id":"https:\/\/www.sestogrado.it\/en\/prodotto\/ct-climbing-technology-berry-set-pro-rinvio-rinvii-arrampicata\/#breadcrumb"},"inLanguage":"en-US","potentialAction":[{"@type":"ReadAction","target":[["https:\/\/www.sestogrado.it\/en\/prodotto\/ct-climbing-technology-berry-set-pro-rinvio-rinvii-arrampicata\/"]]}]},{"@type":"ImageObject","inLanguage":"en-US","@id":"https:\/\/www.sestogrado.it\/en\/prodotto\/ct-climbing-technology-berry-set-pro-rinvio-rinvii-arrampicata\/#primaryimage","url":"https:\/\/www.sestogrado.it\/wp-content\/uploads\/2020\/07\/01-7.jpg","contentUrl":"https:\/\/www.sestogrado.it\/wp-content\/uploads\/2020\/07\/01-7.jpg","width":1024,"height":1024,"caption":"berry pro 12"},{"@type":"BreadcrumbList","@id":"https:\/\/www.sestogrado.it\/en\/prodotto\/ct-climbing-technology-berry-set-pro-rinvio-rinvii-arrampicata\/#breadcrumb","itemListElement":[{"@type":"ListItem","position":1,"name":"Home","item":"https:\/\/www.sestogrado.it\/en\/"},{"@type":"ListItem","position":2,"name":"Shop","item":"https:\/\/www.sestogrado.it\/en\/shop\/"},{"@type":"ListItem","position":3,"name":"CT Climbing Technology Berry Set PRO rinvio rinvii arrampicata"}]},{"@type":"WebSite","@id":"https:\/\/www.sestogrado.it\/en\/#website","url":"https:\/\/www.sestogrado.it\/en\/","name":"Sestogrado","description":"yes we climb","publisher":{"@id":"https:\/\/www.sestogrado.it\/en\/#organization"},"potentialAction":[{"@type":"SearchAction","target":{"@type":"EntryPoint","urlTemplate":"https:\/\/www.sestogrado.it\/en\/?s={search_term_string}"},"query-input":{"@type":"PropertyValueSpecification","valueRequired":true,"valueName":"search_term_string"}}],"inLanguage":"en-US"},{"@type":"Organization","@id":"https:\/\/www.sestogrado.it\/en\/#organization","name":"Sestogrado","url":"https:\/\/www.sestogrado.it\/en\/","logo":{"@type":"ImageObject","inLanguage":"en-US","@id":"https:\/\/www.sestogrado.it\/en\/#\/schema\/logo\/image\/","url":"https:\/\/www.sestogrado.it\/wp-content\/uploads\/2015\/03\/sestogrado-favicon.png","contentUrl":"https:\/\/www.sestogrado.it\/wp-content\/uploads\/2015\/03\/sestogrado-favicon.png","width":260,"height":260,"caption":"Sestogrado"},"image":{"@id":"https:\/\/www.sestogrado.it\/en\/#\/schema\/logo\/image\/"},"sameAs":["https:\/\/www.facebook.com\/pages\/Sestogrado\/1542635979353017?ref=bookmarks","https:\/\/www.youtube.com\/channel\/UC847kAfTkaJsWpc1jtQwr3Q"],"hasMerchantReturnPolicy":{"@type":"MerchantReturnPolicy","merchantReturnLink":"https:\/\/www.sestogrado.it\/en\/termini-e-condizioni\/"}}]},"product_brand":"CT Climbing Technlogy","og_availability":"instock","product_availability":"instock","product_condition":"new"},"_links":{"self":[{"href":"https:\/\/www.sestogrado.it\/en\/wp-json\/wp\/v2\/product\/37834","targetHints":{"allow":["GET"]}}],"collection":[{"href":"https:\/\/www.sestogrado.it\/en\/wp-json\/wp\/v2\/product"}],"about":[{"href":"https:\/\/www.sestogrado.it\/en\/wp-json\/wp\/v2\/types\/product"}],"replies":[{"embeddable":true,"href":"https:\/\/www.sestogrado.it\/en\/wp-json\/wp\/v2\/comments?post=37834"}],"wp:featuredmedia":[{"embeddable":true,"href":"https:\/\/www.sestogrado.it\/en\/wp-json\/wp\/v2\/media\/37835"}],"wp:attachment":[{"href":"https:\/\/www.sestogrado.it\/en\/wp-json\/wp\/v2\/media?parent=37834"}],"wp:term":[{"taxonomy":"product_brand","embeddable":true,"href":"https:\/\/www.sestogrado.it\/en\/wp-json\/wp\/v2\/product_brand?post=37834"},{"taxonomy":"product_cat","embeddable":true,"href":"https:\/\/www.sestogrado.it\/en\/wp-json\/wp\/v2\/product_cat?post=37834"},{"taxonomy":"product_tag","embeddable":true,"href":"https:\/\/www.sestogrado.it\/en\/wp-json\/wp\/v2\/product_tag?post=37834"}],"curies":[{"name":"wp","href":"https:\/\/api.w.org\/{rel}","templated":true}]}}