{"id":37832,"date":"2020-07-31T08:28:16","date_gmt":"2020-07-31T06:28:16","guid":{"rendered":"https:\/\/www.sestogrado.it\/?post_type=product&#038;p=37832"},"modified":"2022-09-07T21:42:26","modified_gmt":"2022-09-07T19:42:26","slug":"grivel-belay-chain-evo-daisy-chain-per-realizzazione-di-soste","status":"publish","type":"product","link":"https:\/\/www.sestogrado.it\/en\/prodotto\/grivel-belay-chain-evo-daisy-chain-per-realizzazione-di-soste\/","title":{"rendered":"Grivel Belay Chain Evo personal anchor system"},"content":{"rendered":"<p>Grivel Daisy Chain Evo has a special construction created to support 23kn of strength for each loop, eliminating the possible risks from dangerous maneuvers. Safety is thus increased compared to a traditional construction, while maintaining versatility and practicality. Compared to the Grivel Daisy Chain Evo it is longer and symmetrical, which makes it ideal for setting up belays. It can also be used for connections, or to belay, or as a lanyard for rappelling or as a etrier. New construction with the possibility of fixing to the harness by means of a double (recommended) or single cow hitch. Each loop has sewn ends to facilitate sliding and fluidity.<\/p>\n<ul>\n<li>Activities: climbing, mountaineering<\/li>\n<li>Materials\/construction\/technologies: dyneema, poliestere<\/li>\n<li>Certification: CE EN 566, UIAA 104<\/li>\n<li>Lenght: 145 cm<\/li>\n<li>Weight: 105g (3,7 oz)<\/li>\n<\/ul>\n<p><\/p>","protected":false},"excerpt":{"rendered":"<p>Grivel Daisy Chain Evo has a special construction created to support 23kn of strength for each loop, eliminating the possible [&hellip;]<\/p>\n","protected":false},"featured_media":37833,"comment_status":"open","ping_status":"closed","template":"","meta":{"_acf_changed":false},"product_brand":[126],"product_cat":[137],"product_tag":[],"class_list":{"0":"post-37832","1":"product","2":"type-product","3":"status-publish","4":"has-post-thumbnail","6":"product_brand-grivel","7":"product_cat-fettucce-e-cordini","9":"first","10":"outofstock","11":"sale","12":"taxable","13":"shipping-taxable","14":"purchasable","15":"product-type-simple"},"acf":[],"yoast_head":"<!-- This site is optimized with the Yoast SEO plugin v26.4 - https:\/\/yoast.com\/wordpress\/plugins\/seo\/ -->\n<title>Grivel Belay Chain Evo personal anchor system - Sestogrado<\/title>\n<meta name=\"description\" content=\"La Grivel Belay Chain Evo \u00e8 una daisy chain con una costruzione speciale per sostenere 23kn di tenuta per ogni anello eliminando i rischi derivanti da manovre pericolose. La sicurezza viene cos\u00ec aumentata rispetto ad una costruzione tradizionale, mantenendo comunque versatilit\u00e0 e praticit\u00e0. Rispetto alla Grivel Daisy Chain Evo, ha una lunghezza maggiore e una costruzione simmetrica, particolarmente adatta alla costruzione di soste. E&#039; comunque utilizzabile anche per connessioni, come assicurazione in sosta, come longe per la discesa in corda doppia oppure come staffa. Nuova costruzione con possibilit\u00e0 di fissaggio all&#039;imbragatura mediante bocca di lupo doppia (raccomandata) o singola. Ogni anello ha le estremit\u00e0 cucite per agevolare lo scorrimento e la fluidit\u00e0.\" \/>\n<meta name=\"robots\" content=\"index, follow, max-snippet:-1, max-image-preview:large, max-video-preview:-1\" \/>\n<link rel=\"canonical\" href=\"https:\/\/www.sestogrado.it\/en\/prodotto\/grivel-belay-chain-evo-daisy-chain-per-realizzazione-di-soste\/\" \/>\n<meta property=\"og:locale\" content=\"en_US\" \/>\n<meta property=\"og:type\" content=\"article\" \/>\n<meta property=\"og:title\" content=\"Grivel Belay Chain Evo personal anchor system - Sestogrado\" \/>\n<meta property=\"og:description\" content=\"La Grivel Belay Chain Evo \u00e8 una daisy chain con una costruzione speciale per sostenere 23kn di tenuta per ogni anello eliminando i rischi derivanti da manovre pericolose. La sicurezza viene cos\u00ec aumentata rispetto ad una costruzione tradizionale, mantenendo comunque versatilit\u00e0 e praticit\u00e0. Rispetto alla Grivel Daisy Chain Evo, ha una lunghezza maggiore e una costruzione simmetrica, particolarmente adatta alla costruzione di soste. E&#039; comunque utilizzabile anche per connessioni, come assicurazione in sosta, come longe per la discesa in corda doppia oppure come staffa. Nuova costruzione con possibilit\u00e0 di fissaggio all&#039;imbragatura mediante bocca di lupo doppia (raccomandata) o singola. Ogni anello ha le estremit\u00e0 cucite per agevolare lo scorrimento e la fluidit\u00e0.\" \/>\n<meta property=\"og:url\" content=\"https:\/\/www.sestogrado.it\/en\/prodotto\/grivel-belay-chain-evo-daisy-chain-per-realizzazione-di-soste\/\" \/>\n<meta property=\"og:site_name\" content=\"Sestogrado\" \/>\n<meta property=\"article:publisher\" content=\"https:\/\/www.facebook.com\/pages\/Sestogrado\/1542635979353017?ref=bookmarks\" \/>\n<meta property=\"article:modified_time\" content=\"2022-09-07T19:42:26+00:00\" \/>\n<meta property=\"og:image\" content=\"https:\/\/www.sestogrado.it\/wp-content\/uploads\/2020\/07\/belay-evo.jpg\" \/>\n\t<meta property=\"og:image:width\" content=\"1024\" \/>\n\t<meta property=\"og:image:height\" content=\"1024\" \/>\n\t<meta property=\"og:image:type\" content=\"image\/jpeg\" \/>\n<meta name=\"twitter:label1\" content=\"Price\" \/>\n\t<meta name=\"twitter:data1\" content=\"&euro;&nbsp;49,90\" \/>\n\t<meta name=\"twitter:label2\" content=\"Availability\" \/>\n\t<meta name=\"twitter:data2\" content=\"Out of stock\" \/>\n<script type=\"application\/ld+json\" class=\"yoast-schema-graph\">{\"@context\":\"https:\/\/schema.org\",\"@graph\":[{\"@type\":\"WebPage\",\"@id\":\"https:\/\/www.sestogrado.it\/en\/prodotto\/grivel-belay-chain-evo-daisy-chain-per-realizzazione-di-soste\/\",\"url\":\"https:\/\/www.sestogrado.it\/en\/prodotto\/grivel-belay-chain-evo-daisy-chain-per-realizzazione-di-soste\/\",\"name\":\"Grivel Belay Chain Evo personal anchor system - Sestogrado\",\"isPartOf\":{\"@id\":\"https:\/\/www.sestogrado.it\/en\/#website\"},\"primaryImageOfPage\":{\"@id\":\"https:\/\/www.sestogrado.it\/en\/prodotto\/grivel-belay-chain-evo-daisy-chain-per-realizzazione-di-soste\/#primaryimage\"},\"image\":{\"@id\":\"https:\/\/www.sestogrado.it\/prodotto\/grivel-belay-chain-evo-daisy-chain-per-realizzazione-di-soste\/#primaryimage\"},\"thumbnailUrl\":\"https:\/\/www.sestogrado.it\/wp-content\/uploads\/2020\/07\/belay-evo.jpg\",\"datePublished\":\"2020-07-31T06:28:16+00:00\",\"dateModified\":\"2022-09-07T19:42:26+00:00\",\"description\":\"La Grivel Belay Chain Evo \u00e8 una daisy chain con una costruzione speciale per sostenere 23kn di tenuta per ogni anello eliminando i rischi derivanti da manovre pericolose. La sicurezza viene cos\u00ec aumentata rispetto ad una costruzione tradizionale, mantenendo comunque versatilit\u00e0 e praticit\u00e0. Rispetto alla Grivel Daisy Chain Evo, ha una lunghezza maggiore e una costruzione simmetrica, particolarmente adatta alla costruzione di soste. E' comunque utilizzabile anche per connessioni, come assicurazione in sosta, come longe per la discesa in corda doppia oppure come staffa. Nuova costruzione con possibilit\u00e0 di fissaggio all'imbragatura mediante bocca di lupo doppia (raccomandata) o singola. Ogni anello ha le estremit\u00e0 cucite per agevolare lo scorrimento e la fluidit\u00e0.\",\"breadcrumb\":{\"@id\":\"https:\/\/www.sestogrado.it\/en\/prodotto\/grivel-belay-chain-evo-daisy-chain-per-realizzazione-di-soste\/#breadcrumb\"},\"inLanguage\":\"en-US\",\"potentialAction\":[{\"@type\":\"ReadAction\",\"target\":[[\"https:\/\/www.sestogrado.it\/en\/prodotto\/grivel-belay-chain-evo-daisy-chain-per-realizzazione-di-soste\/\"]]}]},{\"@type\":\"ImageObject\",\"inLanguage\":\"en-US\",\"@id\":\"https:\/\/www.sestogrado.it\/en\/prodotto\/grivel-belay-chain-evo-daisy-chain-per-realizzazione-di-soste\/#primaryimage\",\"url\":\"https:\/\/www.sestogrado.it\/wp-content\/uploads\/2020\/07\/belay-evo.jpg\",\"contentUrl\":\"https:\/\/www.sestogrado.it\/wp-content\/uploads\/2020\/07\/belay-evo.jpg\",\"width\":1024,\"height\":1024,\"caption\":\"belay-evo\"},{\"@type\":\"BreadcrumbList\",\"@id\":\"https:\/\/www.sestogrado.it\/en\/prodotto\/grivel-belay-chain-evo-daisy-chain-per-realizzazione-di-soste\/#breadcrumb\",\"itemListElement\":[{\"@type\":\"ListItem\",\"position\":1,\"name\":\"Home\",\"item\":\"https:\/\/www.sestogrado.it\/en\/\"},{\"@type\":\"ListItem\",\"position\":2,\"name\":\"Shop\",\"item\":\"https:\/\/www.sestogrado.it\/en\/shop\/\"},{\"@type\":\"ListItem\",\"position\":3,\"name\":\"Grivel Belay Chain Evo daisy chain per realizzazione di soste\"}]},{\"@type\":\"WebSite\",\"@id\":\"https:\/\/www.sestogrado.it\/en\/#website\",\"url\":\"https:\/\/www.sestogrado.it\/en\/\",\"name\":\"Sestogrado\",\"description\":\"yes we climb\",\"publisher\":{\"@id\":\"https:\/\/www.sestogrado.it\/en\/#organization\"},\"potentialAction\":[{\"@type\":\"SearchAction\",\"target\":{\"@type\":\"EntryPoint\",\"urlTemplate\":\"https:\/\/www.sestogrado.it\/en\/?s={search_term_string}\"},\"query-input\":{\"@type\":\"PropertyValueSpecification\",\"valueRequired\":true,\"valueName\":\"search_term_string\"}}],\"inLanguage\":\"en-US\"},{\"@type\":\"Organization\",\"@id\":\"https:\/\/www.sestogrado.it\/en\/#organization\",\"name\":\"Sestogrado\",\"url\":\"https:\/\/www.sestogrado.it\/en\/\",\"logo\":{\"@type\":\"ImageObject\",\"inLanguage\":\"en-US\",\"@id\":\"https:\/\/www.sestogrado.it\/en\/#\/schema\/logo\/image\/\",\"url\":\"https:\/\/www.sestogrado.it\/wp-content\/uploads\/2015\/03\/sestogrado-favicon.png\",\"contentUrl\":\"https:\/\/www.sestogrado.it\/wp-content\/uploads\/2015\/03\/sestogrado-favicon.png\",\"width\":260,\"height\":260,\"caption\":\"Sestogrado\"},\"image\":{\"@id\":\"https:\/\/www.sestogrado.it\/en\/#\/schema\/logo\/image\/\"},\"sameAs\":[\"https:\/\/www.facebook.com\/pages\/Sestogrado\/1542635979353017?ref=bookmarks\",\"https:\/\/www.youtube.com\/channel\/UC847kAfTkaJsWpc1jtQwr3Q\"],\"hasMerchantReturnPolicy\":{\"@type\":\"MerchantReturnPolicy\",\"merchantReturnLink\":\"https:\/\/www.sestogrado.it\/en\/termini-e-condizioni\/\"}}]}<\/script>\n<meta property=\"product:brand\" content=\"Grivel\" \/>\n<meta property=\"product:price:amount\" content=\"49.90\" \/>\n<meta property=\"product:price:currency\" content=\"EUR\" \/>\n<meta property=\"og:availability\" content=\"out of stock\" \/>\n<meta property=\"product:availability\" content=\"out of stock\" \/>\n<meta property=\"product:condition\" content=\"new\" \/>\n<!-- \/ Yoast SEO plugin. -->","yoast_head_json":{"title":"Grivel Belay Chain Evo personal anchor system - Sestogrado","description":"La Grivel Belay Chain Evo \u00e8 una daisy chain con una costruzione speciale per sostenere 23kn di tenuta per ogni anello eliminando i rischi derivanti da manovre pericolose. La sicurezza viene cos\u00ec aumentata rispetto ad una costruzione tradizionale, mantenendo comunque versatilit\u00e0 e praticit\u00e0. Rispetto alla Grivel Daisy Chain Evo, ha una lunghezza maggiore e una costruzione simmetrica, particolarmente adatta alla costruzione di soste. E' comunque utilizzabile anche per connessioni, come assicurazione in sosta, come longe per la discesa in corda doppia oppure come staffa. Nuova costruzione con possibilit\u00e0 di fissaggio all'imbragatura mediante bocca di lupo doppia (raccomandata) o singola. Ogni anello ha le estremit\u00e0 cucite per agevolare lo scorrimento e la fluidit\u00e0.","robots":{"index":"index","follow":"follow","max-snippet":"max-snippet:-1","max-image-preview":"max-image-preview:large","max-video-preview":"max-video-preview:-1"},"canonical":"https:\/\/www.sestogrado.it\/en\/prodotto\/grivel-belay-chain-evo-daisy-chain-per-realizzazione-di-soste\/","og_locale":"en_US","og_type":"article","og_title":"Grivel Belay Chain Evo personal anchor system - Sestogrado","og_description":"La Grivel Belay Chain Evo \u00e8 una daisy chain con una costruzione speciale per sostenere 23kn di tenuta per ogni anello eliminando i rischi derivanti da manovre pericolose. La sicurezza viene cos\u00ec aumentata rispetto ad una costruzione tradizionale, mantenendo comunque versatilit\u00e0 e praticit\u00e0. Rispetto alla Grivel Daisy Chain Evo, ha una lunghezza maggiore e una costruzione simmetrica, particolarmente adatta alla costruzione di soste. E' comunque utilizzabile anche per connessioni, come assicurazione in sosta, come longe per la discesa in corda doppia oppure come staffa. Nuova costruzione con possibilit\u00e0 di fissaggio all'imbragatura mediante bocca di lupo doppia (raccomandata) o singola. Ogni anello ha le estremit\u00e0 cucite per agevolare lo scorrimento e la fluidit\u00e0.","og_url":"https:\/\/www.sestogrado.it\/en\/prodotto\/grivel-belay-chain-evo-daisy-chain-per-realizzazione-di-soste\/","og_site_name":"Sestogrado","article_publisher":"https:\/\/www.facebook.com\/pages\/Sestogrado\/1542635979353017?ref=bookmarks","article_modified_time":"2022-09-07T19:42:26+00:00","og_image":[{"width":1024,"height":1024,"url":"https:\/\/www.sestogrado.it\/wp-content\/uploads\/2020\/07\/belay-evo.jpg","type":"image\/jpeg"}],"twitter_misc":{"Price":"&euro;&nbsp;49,90","Availability":"Out of stock"},"schema":{"@context":"https:\/\/schema.org","@graph":[{"@type":"WebPage","@id":"https:\/\/www.sestogrado.it\/en\/prodotto\/grivel-belay-chain-evo-daisy-chain-per-realizzazione-di-soste\/","url":"https:\/\/www.sestogrado.it\/en\/prodotto\/grivel-belay-chain-evo-daisy-chain-per-realizzazione-di-soste\/","name":"Grivel Belay Chain Evo personal anchor system - Sestogrado","isPartOf":{"@id":"https:\/\/www.sestogrado.it\/en\/#website"},"primaryImageOfPage":{"@id":"https:\/\/www.sestogrado.it\/en\/prodotto\/grivel-belay-chain-evo-daisy-chain-per-realizzazione-di-soste\/#primaryimage"},"image":{"@id":"https:\/\/www.sestogrado.it\/prodotto\/grivel-belay-chain-evo-daisy-chain-per-realizzazione-di-soste\/#primaryimage"},"thumbnailUrl":"https:\/\/www.sestogrado.it\/wp-content\/uploads\/2020\/07\/belay-evo.jpg","datePublished":"2020-07-31T06:28:16+00:00","dateModified":"2022-09-07T19:42:26+00:00","description":"La Grivel Belay Chain Evo \u00e8 una daisy chain con una costruzione speciale per sostenere 23kn di tenuta per ogni anello eliminando i rischi derivanti da manovre pericolose. La sicurezza viene cos\u00ec aumentata rispetto ad una costruzione tradizionale, mantenendo comunque versatilit\u00e0 e praticit\u00e0. Rispetto alla Grivel Daisy Chain Evo, ha una lunghezza maggiore e una costruzione simmetrica, particolarmente adatta alla costruzione di soste. E' comunque utilizzabile anche per connessioni, come assicurazione in sosta, come longe per la discesa in corda doppia oppure come staffa. Nuova costruzione con possibilit\u00e0 di fissaggio all'imbragatura mediante bocca di lupo doppia (raccomandata) o singola. Ogni anello ha le estremit\u00e0 cucite per agevolare lo scorrimento e la fluidit\u00e0.","breadcrumb":{"@id":"https:\/\/www.sestogrado.it\/en\/prodotto\/grivel-belay-chain-evo-daisy-chain-per-realizzazione-di-soste\/#breadcrumb"},"inLanguage":"en-US","potentialAction":[{"@type":"ReadAction","target":[["https:\/\/www.sestogrado.it\/en\/prodotto\/grivel-belay-chain-evo-daisy-chain-per-realizzazione-di-soste\/"]]}]},{"@type":"ImageObject","inLanguage":"en-US","@id":"https:\/\/www.sestogrado.it\/en\/prodotto\/grivel-belay-chain-evo-daisy-chain-per-realizzazione-di-soste\/#primaryimage","url":"https:\/\/www.sestogrado.it\/wp-content\/uploads\/2020\/07\/belay-evo.jpg","contentUrl":"https:\/\/www.sestogrado.it\/wp-content\/uploads\/2020\/07\/belay-evo.jpg","width":1024,"height":1024,"caption":"belay-evo"},{"@type":"BreadcrumbList","@id":"https:\/\/www.sestogrado.it\/en\/prodotto\/grivel-belay-chain-evo-daisy-chain-per-realizzazione-di-soste\/#breadcrumb","itemListElement":[{"@type":"ListItem","position":1,"name":"Home","item":"https:\/\/www.sestogrado.it\/en\/"},{"@type":"ListItem","position":2,"name":"Shop","item":"https:\/\/www.sestogrado.it\/en\/shop\/"},{"@type":"ListItem","position":3,"name":"Grivel Belay Chain Evo daisy chain per realizzazione di soste"}]},{"@type":"WebSite","@id":"https:\/\/www.sestogrado.it\/en\/#website","url":"https:\/\/www.sestogrado.it\/en\/","name":"Sestogrado","description":"yes we climb","publisher":{"@id":"https:\/\/www.sestogrado.it\/en\/#organization"},"potentialAction":[{"@type":"SearchAction","target":{"@type":"EntryPoint","urlTemplate":"https:\/\/www.sestogrado.it\/en\/?s={search_term_string}"},"query-input":{"@type":"PropertyValueSpecification","valueRequired":true,"valueName":"search_term_string"}}],"inLanguage":"en-US"},{"@type":"Organization","@id":"https:\/\/www.sestogrado.it\/en\/#organization","name":"Sestogrado","url":"https:\/\/www.sestogrado.it\/en\/","logo":{"@type":"ImageObject","inLanguage":"en-US","@id":"https:\/\/www.sestogrado.it\/en\/#\/schema\/logo\/image\/","url":"https:\/\/www.sestogrado.it\/wp-content\/uploads\/2015\/03\/sestogrado-favicon.png","contentUrl":"https:\/\/www.sestogrado.it\/wp-content\/uploads\/2015\/03\/sestogrado-favicon.png","width":260,"height":260,"caption":"Sestogrado"},"image":{"@id":"https:\/\/www.sestogrado.it\/en\/#\/schema\/logo\/image\/"},"sameAs":["https:\/\/www.facebook.com\/pages\/Sestogrado\/1542635979353017?ref=bookmarks","https:\/\/www.youtube.com\/channel\/UC847kAfTkaJsWpc1jtQwr3Q"],"hasMerchantReturnPolicy":{"@type":"MerchantReturnPolicy","merchantReturnLink":"https:\/\/www.sestogrado.it\/en\/termini-e-condizioni\/"}}]},"product_brand":"Grivel","product_price_amount":"49.90","product_price_currency":"EUR","og_availability":"out of stock","product_availability":"out of stock","product_condition":"new"},"_links":{"self":[{"href":"https:\/\/www.sestogrado.it\/en\/wp-json\/wp\/v2\/product\/37832","targetHints":{"allow":["GET"]}}],"collection":[{"href":"https:\/\/www.sestogrado.it\/en\/wp-json\/wp\/v2\/product"}],"about":[{"href":"https:\/\/www.sestogrado.it\/en\/wp-json\/wp\/v2\/types\/product"}],"replies":[{"embeddable":true,"href":"https:\/\/www.sestogrado.it\/en\/wp-json\/wp\/v2\/comments?post=37832"}],"wp:featuredmedia":[{"embeddable":true,"href":"https:\/\/www.sestogrado.it\/en\/wp-json\/wp\/v2\/media\/37833"}],"wp:attachment":[{"href":"https:\/\/www.sestogrado.it\/en\/wp-json\/wp\/v2\/media?parent=37832"}],"wp:term":[{"taxonomy":"product_brand","embeddable":true,"href":"https:\/\/www.sestogrado.it\/en\/wp-json\/wp\/v2\/product_brand?post=37832"},{"taxonomy":"product_cat","embeddable":true,"href":"https:\/\/www.sestogrado.it\/en\/wp-json\/wp\/v2\/product_cat?post=37832"},{"taxonomy":"product_tag","embeddable":true,"href":"https:\/\/www.sestogrado.it\/en\/wp-json\/wp\/v2\/product_tag?post=37832"}],"curies":[{"name":"wp","href":"https:\/\/api.w.org\/{rel}","templated":true}]}}