{"id":36614,"date":"2020-07-14T09:28:51","date_gmt":"2020-07-14T07:28:51","guid":{"rendered":"https:\/\/www.sestogrado.it\/?post_type=product&#038;p=36614"},"modified":"2023-12-16T19:27:42","modified_gmt":"2023-12-16T18:27:42","slug":"beal-ringo-gancio-per-appendere-la-corda-in-sosta","status":"publish","type":"product","link":"https:\/\/www.sestogrado.it\/en\/prodotto\/beal-ringo-gancio-per-appendere-la-corda-in-sosta\/","title":{"rendered":"Beal Ringo hook ring for rope"},"content":{"rendered":"<p>Beal Ringo is a semi-rigid open ring that facilitates the making of a skein of rope. The operation is made faster and simpler, thus eliminating the risk of having too long slots, which can be unfortunately hooked into the rock. Equipped with webbing for attachment to the harness. The package includes a pair of Ringo ring + sling, so that both the first and the second roped team are equipped with them or to manage independent twin or half ropes.<\/p>\n<ul>\n<li>supplied in pairs, so both the first and the second of ropes are stocked in it<\/li>\n<li>the package includes a pair of ring + sling, the carabiner is not supplied<\/li>\n<\/ul>\n<p>&nbsp;<\/p>\n<p>The Beal Ringo is light (50g) and allows you to retrieve and organize the rope in an orderly manner, without tangling the belay. In pairs, it can be used to manage twin or independent half ropes.<\/p>","protected":false},"excerpt":{"rendered":"<p>Beal Ringo is a semi-rigid open ring that facilitates the making of a skein of rope. The operation is made [&hellip;]<\/p>\n","protected":false},"featured_media":36615,"comment_status":"open","ping_status":"closed","template":"","meta":{"_acf_changed":false},"product_brand":[84],"product_cat":[139],"product_tag":[],"class_list":{"0":"post-36614","1":"product","2":"type-product","3":"status-publish","4":"has-post-thumbnail","6":"product_brand-beal","7":"product_cat-accessori-corda","9":"first","10":"outofstock","11":"sale","12":"taxable","13":"shipping-taxable","14":"purchasable","15":"product-type-simple"},"acf":[],"yoast_head":"<!-- This site is optimized with the Yoast SEO plugin v26.4 - https:\/\/yoast.com\/wordpress\/plugins\/seo\/ -->\n<title>Beal Ringo hook ring for rope - Sestogrado<\/title>\n<meta name=\"description\" content=\"Il Beal Ringo \u00e8 un anello aperto semirigido che facilita la realizzazione di una matassa di corda. L&#039;operazione \u00e8 resa pi\u00f9 veloce e semplice, eliminando quindi il rischio di avere asole troppo lunghe che possono agganciarsi alla roccia. Dotato di fettuccia per il fissaggio all&#039;imbrago. La confezione comprende una coppia di Ringo anello+fettuccia, in modo tale che sia il primo sia il secondo di cordata ne siano dotati o per gestire corde gemelle o mezze indipendenti.\" \/>\n<meta name=\"robots\" content=\"index, follow, max-snippet:-1, max-image-preview:large, max-video-preview:-1\" \/>\n<link rel=\"canonical\" href=\"https:\/\/www.sestogrado.it\/en\/prodotto\/beal-ringo-gancio-per-appendere-la-corda-in-sosta\/\" \/>\n<meta property=\"og:locale\" content=\"en_US\" \/>\n<meta property=\"og:type\" content=\"article\" \/>\n<meta property=\"og:title\" content=\"Beal Ringo hook ring for rope - Sestogrado\" \/>\n<meta property=\"og:description\" content=\"Il Beal Ringo \u00e8 un anello aperto semirigido che facilita la realizzazione di una matassa di corda. L&#039;operazione \u00e8 resa pi\u00f9 veloce e semplice, eliminando quindi il rischio di avere asole troppo lunghe che possono agganciarsi alla roccia. Dotato di fettuccia per il fissaggio all&#039;imbrago. La confezione comprende una coppia di Ringo anello+fettuccia, in modo tale che sia il primo sia il secondo di cordata ne siano dotati o per gestire corde gemelle o mezze indipendenti.\" \/>\n<meta property=\"og:url\" content=\"https:\/\/www.sestogrado.it\/en\/prodotto\/beal-ringo-gancio-per-appendere-la-corda-in-sosta\/\" \/>\n<meta property=\"og:site_name\" content=\"Sestogrado\" \/>\n<meta property=\"article:publisher\" content=\"https:\/\/www.facebook.com\/pages\/Sestogrado\/1542635979353017?ref=bookmarks\" \/>\n<meta property=\"article:modified_time\" content=\"2023-12-16T18:27:42+00:00\" \/>\n<meta property=\"og:image\" content=\"https:\/\/www.sestogrado.it\/wp-content\/uploads\/2020\/07\/01-5.jpg\" \/>\n\t<meta property=\"og:image:width\" content=\"550\" \/>\n\t<meta property=\"og:image:height\" content=\"550\" \/>\n\t<meta property=\"og:image:type\" content=\"image\/jpeg\" \/>\n<meta name=\"twitter:label1\" content=\"Price\" \/>\n\t<meta name=\"twitter:data1\" content=\"&euro;&nbsp;27,90\" \/>\n\t<meta name=\"twitter:label2\" content=\"Availability\" \/>\n\t<meta name=\"twitter:data2\" content=\"Out of stock\" \/>\n<script type=\"application\/ld+json\" class=\"yoast-schema-graph\">{\"@context\":\"https:\/\/schema.org\",\"@graph\":[{\"@type\":\"WebPage\",\"@id\":\"https:\/\/www.sestogrado.it\/en\/prodotto\/beal-ringo-gancio-per-appendere-la-corda-in-sosta\/\",\"url\":\"https:\/\/www.sestogrado.it\/en\/prodotto\/beal-ringo-gancio-per-appendere-la-corda-in-sosta\/\",\"name\":\"Beal Ringo hook ring for rope - Sestogrado\",\"isPartOf\":{\"@id\":\"https:\/\/www.sestogrado.it\/en\/#website\"},\"primaryImageOfPage\":{\"@id\":\"https:\/\/www.sestogrado.it\/en\/prodotto\/beal-ringo-gancio-per-appendere-la-corda-in-sosta\/#primaryimage\"},\"image\":{\"@id\":\"https:\/\/www.sestogrado.it\/prodotto\/beal-ringo-gancio-per-appendere-la-corda-in-sosta\/#primaryimage\"},\"thumbnailUrl\":\"https:\/\/www.sestogrado.it\/wp-content\/uploads\/2020\/07\/01-5.jpg\",\"datePublished\":\"2020-07-14T07:28:51+00:00\",\"dateModified\":\"2023-12-16T18:27:42+00:00\",\"description\":\"Il Beal Ringo \u00e8 un anello aperto semirigido che facilita la realizzazione di una matassa di corda. L'operazione \u00e8 resa pi\u00f9 veloce e semplice, eliminando quindi il rischio di avere asole troppo lunghe che possono agganciarsi alla roccia. Dotato di fettuccia per il fissaggio all'imbrago. La confezione comprende una coppia di Ringo anello+fettuccia, in modo tale che sia il primo sia il secondo di cordata ne siano dotati o per gestire corde gemelle o mezze indipendenti.\",\"breadcrumb\":{\"@id\":\"https:\/\/www.sestogrado.it\/en\/prodotto\/beal-ringo-gancio-per-appendere-la-corda-in-sosta\/#breadcrumb\"},\"inLanguage\":\"en-US\",\"potentialAction\":[{\"@type\":\"ReadAction\",\"target\":[[\"https:\/\/www.sestogrado.it\/en\/prodotto\/beal-ringo-gancio-per-appendere-la-corda-in-sosta\/\"]]}]},{\"@type\":\"ImageObject\",\"inLanguage\":\"en-US\",\"@id\":\"https:\/\/www.sestogrado.it\/en\/prodotto\/beal-ringo-gancio-per-appendere-la-corda-in-sosta\/#primaryimage\",\"url\":\"https:\/\/www.sestogrado.it\/wp-content\/uploads\/2020\/07\/01-5.jpg\",\"contentUrl\":\"https:\/\/www.sestogrado.it\/wp-content\/uploads\/2020\/07\/01-5.jpg\",\"width\":550,\"height\":550,\"caption\":\"beal ringo\"},{\"@type\":\"BreadcrumbList\",\"@id\":\"https:\/\/www.sestogrado.it\/en\/prodotto\/beal-ringo-gancio-per-appendere-la-corda-in-sosta\/#breadcrumb\",\"itemListElement\":[{\"@type\":\"ListItem\",\"position\":1,\"name\":\"Home\",\"item\":\"https:\/\/www.sestogrado.it\/en\/\"},{\"@type\":\"ListItem\",\"position\":2,\"name\":\"Shop\",\"item\":\"https:\/\/www.sestogrado.it\/en\/shop\/\"},{\"@type\":\"ListItem\",\"position\":3,\"name\":\"Beal Ringo gancio per appendere la corda in sosta\"}]},{\"@type\":\"WebSite\",\"@id\":\"https:\/\/www.sestogrado.it\/en\/#website\",\"url\":\"https:\/\/www.sestogrado.it\/en\/\",\"name\":\"Sestogrado\",\"description\":\"yes we climb\",\"publisher\":{\"@id\":\"https:\/\/www.sestogrado.it\/en\/#organization\"},\"potentialAction\":[{\"@type\":\"SearchAction\",\"target\":{\"@type\":\"EntryPoint\",\"urlTemplate\":\"https:\/\/www.sestogrado.it\/en\/?s={search_term_string}\"},\"query-input\":{\"@type\":\"PropertyValueSpecification\",\"valueRequired\":true,\"valueName\":\"search_term_string\"}}],\"inLanguage\":\"en-US\"},{\"@type\":\"Organization\",\"@id\":\"https:\/\/www.sestogrado.it\/en\/#organization\",\"name\":\"Sestogrado\",\"url\":\"https:\/\/www.sestogrado.it\/en\/\",\"logo\":{\"@type\":\"ImageObject\",\"inLanguage\":\"en-US\",\"@id\":\"https:\/\/www.sestogrado.it\/en\/#\/schema\/logo\/image\/\",\"url\":\"https:\/\/www.sestogrado.it\/wp-content\/uploads\/2015\/03\/sestogrado-favicon.png\",\"contentUrl\":\"https:\/\/www.sestogrado.it\/wp-content\/uploads\/2015\/03\/sestogrado-favicon.png\",\"width\":260,\"height\":260,\"caption\":\"Sestogrado\"},\"image\":{\"@id\":\"https:\/\/www.sestogrado.it\/en\/#\/schema\/logo\/image\/\"},\"sameAs\":[\"https:\/\/www.facebook.com\/pages\/Sestogrado\/1542635979353017?ref=bookmarks\",\"https:\/\/www.youtube.com\/channel\/UC847kAfTkaJsWpc1jtQwr3Q\"],\"hasMerchantReturnPolicy\":{\"@type\":\"MerchantReturnPolicy\",\"merchantReturnLink\":\"https:\/\/www.sestogrado.it\/en\/termini-e-condizioni\/\"}}]}<\/script>\n<meta property=\"product:brand\" content=\"Beal\" \/>\n<meta property=\"product:price:amount\" content=\"27.90\" \/>\n<meta property=\"product:price:currency\" content=\"EUR\" \/>\n<meta property=\"og:availability\" content=\"out of stock\" \/>\n<meta property=\"product:availability\" content=\"out of stock\" \/>\n<meta property=\"product:condition\" content=\"new\" \/>\n<!-- \/ Yoast SEO plugin. -->","yoast_head_json":{"title":"Beal Ringo hook ring for rope - Sestogrado","description":"Il Beal Ringo \u00e8 un anello aperto semirigido che facilita la realizzazione di una matassa di corda. L'operazione \u00e8 resa pi\u00f9 veloce e semplice, eliminando quindi il rischio di avere asole troppo lunghe che possono agganciarsi alla roccia. Dotato di fettuccia per il fissaggio all'imbrago. La confezione comprende una coppia di Ringo anello+fettuccia, in modo tale che sia il primo sia il secondo di cordata ne siano dotati o per gestire corde gemelle o mezze indipendenti.","robots":{"index":"index","follow":"follow","max-snippet":"max-snippet:-1","max-image-preview":"max-image-preview:large","max-video-preview":"max-video-preview:-1"},"canonical":"https:\/\/www.sestogrado.it\/en\/prodotto\/beal-ringo-gancio-per-appendere-la-corda-in-sosta\/","og_locale":"en_US","og_type":"article","og_title":"Beal Ringo hook ring for rope - Sestogrado","og_description":"Il Beal Ringo \u00e8 un anello aperto semirigido che facilita la realizzazione di una matassa di corda. L'operazione \u00e8 resa pi\u00f9 veloce e semplice, eliminando quindi il rischio di avere asole troppo lunghe che possono agganciarsi alla roccia. Dotato di fettuccia per il fissaggio all'imbrago. La confezione comprende una coppia di Ringo anello+fettuccia, in modo tale che sia il primo sia il secondo di cordata ne siano dotati o per gestire corde gemelle o mezze indipendenti.","og_url":"https:\/\/www.sestogrado.it\/en\/prodotto\/beal-ringo-gancio-per-appendere-la-corda-in-sosta\/","og_site_name":"Sestogrado","article_publisher":"https:\/\/www.facebook.com\/pages\/Sestogrado\/1542635979353017?ref=bookmarks","article_modified_time":"2023-12-16T18:27:42+00:00","og_image":[{"width":550,"height":550,"url":"https:\/\/www.sestogrado.it\/wp-content\/uploads\/2020\/07\/01-5.jpg","type":"image\/jpeg"}],"twitter_misc":{"Price":"&euro;&nbsp;27,90","Availability":"Out of stock"},"schema":{"@context":"https:\/\/schema.org","@graph":[{"@type":"WebPage","@id":"https:\/\/www.sestogrado.it\/en\/prodotto\/beal-ringo-gancio-per-appendere-la-corda-in-sosta\/","url":"https:\/\/www.sestogrado.it\/en\/prodotto\/beal-ringo-gancio-per-appendere-la-corda-in-sosta\/","name":"Beal Ringo hook ring for rope - Sestogrado","isPartOf":{"@id":"https:\/\/www.sestogrado.it\/en\/#website"},"primaryImageOfPage":{"@id":"https:\/\/www.sestogrado.it\/en\/prodotto\/beal-ringo-gancio-per-appendere-la-corda-in-sosta\/#primaryimage"},"image":{"@id":"https:\/\/www.sestogrado.it\/prodotto\/beal-ringo-gancio-per-appendere-la-corda-in-sosta\/#primaryimage"},"thumbnailUrl":"https:\/\/www.sestogrado.it\/wp-content\/uploads\/2020\/07\/01-5.jpg","datePublished":"2020-07-14T07:28:51+00:00","dateModified":"2023-12-16T18:27:42+00:00","description":"Il Beal Ringo \u00e8 un anello aperto semirigido che facilita la realizzazione di una matassa di corda. L'operazione \u00e8 resa pi\u00f9 veloce e semplice, eliminando quindi il rischio di avere asole troppo lunghe che possono agganciarsi alla roccia. Dotato di fettuccia per il fissaggio all'imbrago. La confezione comprende una coppia di Ringo anello+fettuccia, in modo tale che sia il primo sia il secondo di cordata ne siano dotati o per gestire corde gemelle o mezze indipendenti.","breadcrumb":{"@id":"https:\/\/www.sestogrado.it\/en\/prodotto\/beal-ringo-gancio-per-appendere-la-corda-in-sosta\/#breadcrumb"},"inLanguage":"en-US","potentialAction":[{"@type":"ReadAction","target":[["https:\/\/www.sestogrado.it\/en\/prodotto\/beal-ringo-gancio-per-appendere-la-corda-in-sosta\/"]]}]},{"@type":"ImageObject","inLanguage":"en-US","@id":"https:\/\/www.sestogrado.it\/en\/prodotto\/beal-ringo-gancio-per-appendere-la-corda-in-sosta\/#primaryimage","url":"https:\/\/www.sestogrado.it\/wp-content\/uploads\/2020\/07\/01-5.jpg","contentUrl":"https:\/\/www.sestogrado.it\/wp-content\/uploads\/2020\/07\/01-5.jpg","width":550,"height":550,"caption":"beal ringo"},{"@type":"BreadcrumbList","@id":"https:\/\/www.sestogrado.it\/en\/prodotto\/beal-ringo-gancio-per-appendere-la-corda-in-sosta\/#breadcrumb","itemListElement":[{"@type":"ListItem","position":1,"name":"Home","item":"https:\/\/www.sestogrado.it\/en\/"},{"@type":"ListItem","position":2,"name":"Shop","item":"https:\/\/www.sestogrado.it\/en\/shop\/"},{"@type":"ListItem","position":3,"name":"Beal Ringo gancio per appendere la corda in sosta"}]},{"@type":"WebSite","@id":"https:\/\/www.sestogrado.it\/en\/#website","url":"https:\/\/www.sestogrado.it\/en\/","name":"Sestogrado","description":"yes we climb","publisher":{"@id":"https:\/\/www.sestogrado.it\/en\/#organization"},"potentialAction":[{"@type":"SearchAction","target":{"@type":"EntryPoint","urlTemplate":"https:\/\/www.sestogrado.it\/en\/?s={search_term_string}"},"query-input":{"@type":"PropertyValueSpecification","valueRequired":true,"valueName":"search_term_string"}}],"inLanguage":"en-US"},{"@type":"Organization","@id":"https:\/\/www.sestogrado.it\/en\/#organization","name":"Sestogrado","url":"https:\/\/www.sestogrado.it\/en\/","logo":{"@type":"ImageObject","inLanguage":"en-US","@id":"https:\/\/www.sestogrado.it\/en\/#\/schema\/logo\/image\/","url":"https:\/\/www.sestogrado.it\/wp-content\/uploads\/2015\/03\/sestogrado-favicon.png","contentUrl":"https:\/\/www.sestogrado.it\/wp-content\/uploads\/2015\/03\/sestogrado-favicon.png","width":260,"height":260,"caption":"Sestogrado"},"image":{"@id":"https:\/\/www.sestogrado.it\/en\/#\/schema\/logo\/image\/"},"sameAs":["https:\/\/www.facebook.com\/pages\/Sestogrado\/1542635979353017?ref=bookmarks","https:\/\/www.youtube.com\/channel\/UC847kAfTkaJsWpc1jtQwr3Q"],"hasMerchantReturnPolicy":{"@type":"MerchantReturnPolicy","merchantReturnLink":"https:\/\/www.sestogrado.it\/en\/termini-e-condizioni\/"}}]},"product_brand":"Beal","product_price_amount":"27.90","product_price_currency":"EUR","og_availability":"out of stock","product_availability":"out of stock","product_condition":"new"},"_links":{"self":[{"href":"https:\/\/www.sestogrado.it\/en\/wp-json\/wp\/v2\/product\/36614","targetHints":{"allow":["GET"]}}],"collection":[{"href":"https:\/\/www.sestogrado.it\/en\/wp-json\/wp\/v2\/product"}],"about":[{"href":"https:\/\/www.sestogrado.it\/en\/wp-json\/wp\/v2\/types\/product"}],"replies":[{"embeddable":true,"href":"https:\/\/www.sestogrado.it\/en\/wp-json\/wp\/v2\/comments?post=36614"}],"wp:featuredmedia":[{"embeddable":true,"href":"https:\/\/www.sestogrado.it\/en\/wp-json\/wp\/v2\/media\/36615"}],"wp:attachment":[{"href":"https:\/\/www.sestogrado.it\/en\/wp-json\/wp\/v2\/media?parent=36614"}],"wp:term":[{"taxonomy":"product_brand","embeddable":true,"href":"https:\/\/www.sestogrado.it\/en\/wp-json\/wp\/v2\/product_brand?post=36614"},{"taxonomy":"product_cat","embeddable":true,"href":"https:\/\/www.sestogrado.it\/en\/wp-json\/wp\/v2\/product_cat?post=36614"},{"taxonomy":"product_tag","embeddable":true,"href":"https:\/\/www.sestogrado.it\/en\/wp-json\/wp\/v2\/product_tag?post=36614"}],"curies":[{"name":"wp","href":"https:\/\/api.w.org\/{rel}","templated":true}]}}