{"id":33862,"date":"2020-06-01T15:24:54","date_gmt":"2020-06-01T13:24:54","guid":{"rendered":"https:\/\/www.sestogrado.it\/?post_type=product&#038;p=33862"},"modified":"2026-04-09T10:17:11","modified_gmt":"2026-04-09T08:17:11","slug":"grivel-brenva-rope-bag-sacca-porta-cordino-per-alpinismo","status":"publish","type":"product","link":"https:\/\/www.sestogrado.it\/en\/prodotto\/grivel-brenva-rope-bag-sacca-porta-cordino-per-alpinismo\/","title":{"rendered":"Grivel Brenva Rope Bag for mountaineering, glacier travelling and skiing."},"content":{"rendered":"<p>Light and minimal 5-liter rope bag for mountaineering, glacier travelling and skiing.<\/p>\n<p>The Brenva Rope Bag has a tubular shape and can be easily clipped to the harness. It features a wide self-supporting opening which facilitates the manipulation of the rope. The bottom made of mesh allows snow, water and moist to flow out of the bag.<\/p>\n<ul>\n<li>Activities: mountaineering, glacier travelling and skiing<\/li>\n<li>Materials\/construction\/technologies: nylon<\/li>\n<li>Sizes: 5 liters<\/li>\n<li>Weight: 97 g (3,4 oz)<\/li>\n<\/ul>\n<p><\/p>","protected":false},"excerpt":{"rendered":"<p>Light and minimal 5-liter rope bag for mountaineering, glacier travelling and skiing. The Brenva Rope Bag has a tubular shape [&hellip;]<\/p>\n","protected":false},"featured_media":33867,"comment_status":"open","ping_status":"closed","template":"","meta":{"_acf_changed":false},"product_brand":[126],"product_cat":[390,1314,141],"product_tag":[],"class_list":{"0":"post-33862","1":"product","2":"type-product","3":"status-publish","4":"has-post-thumbnail","6":"product_brand-grivel","7":"product_cat-zaini-e-borse-portacorda","8":"product_cat-accessori-ghiaccio","9":"product_cat-accessori-accessori","11":"first","12":"instock","13":"sale","14":"taxable","15":"shipping-taxable","16":"purchasable","17":"product-type-simple"},"acf":[],"yoast_head":"<!-- This site is optimized with the Yoast SEO plugin v26.4 - https:\/\/yoast.com\/wordpress\/plugins\/seo\/ -->\n<title>Grivel Brenva Rope Bag for mountaineering, glacier travelling and skiing. - Sestogrado<\/title>\n<meta name=\"description\" content=\"La Grivel Brenva Rope Bag \u00e8 una sacca porta corda minimale e leggerissima per alpinismo, ghiacciaio e sci. Ha una capacit\u00e0 di 5 litri e pu\u00f2 contenere 60m di cordino statico in kevlar da 5.5 o 30m di cordino da 8mm. Il Grivel Brenva \u00e8 poco pi\u00f9 grande di un sacchetto porta magnesite, ha una forma tubolare e pu\u00f2 essere facilmente agganciata all&#039;imbracatura, in questo modo si ha rapido accesso alla corda per allestimento corda fissa, calata o altre manovre. Presenta un&#039;ampia apertura autoportante che facilita la manipolazione della corda. Il fondo in rete consente a neve, acqua e umidit\u00e0 di fuoriuscire dalla borsa.\" \/>\n<meta name=\"robots\" content=\"index, follow, max-snippet:-1, max-image-preview:large, max-video-preview:-1\" \/>\n<link rel=\"canonical\" href=\"https:\/\/www.sestogrado.it\/en\/prodotto\/grivel-brenva-rope-bag-sacca-porta-cordino-per-alpinismo\/\" \/>\n<meta property=\"og:locale\" content=\"en_US\" \/>\n<meta property=\"og:type\" content=\"article\" \/>\n<meta property=\"og:title\" content=\"Grivel Brenva Rope Bag for mountaineering, glacier travelling and skiing. - Sestogrado\" \/>\n<meta property=\"og:description\" content=\"La Grivel Brenva Rope Bag \u00e8 una sacca porta corda minimale e leggerissima per alpinismo, ghiacciaio e sci. Ha una capacit\u00e0 di 5 litri e pu\u00f2 contenere 60m di cordino statico in kevlar da 5.5 o 30m di cordino da 8mm. Il Grivel Brenva \u00e8 poco pi\u00f9 grande di un sacchetto porta magnesite, ha una forma tubolare e pu\u00f2 essere facilmente agganciata all&#039;imbracatura, in questo modo si ha rapido accesso alla corda per allestimento corda fissa, calata o altre manovre. Presenta un&#039;ampia apertura autoportante che facilita la manipolazione della corda. Il fondo in rete consente a neve, acqua e umidit\u00e0 di fuoriuscire dalla borsa.\" \/>\n<meta property=\"og:url\" content=\"https:\/\/www.sestogrado.it\/en\/prodotto\/grivel-brenva-rope-bag-sacca-porta-cordino-per-alpinismo\/\" \/>\n<meta property=\"og:site_name\" content=\"Sestogrado\" \/>\n<meta property=\"article:publisher\" content=\"https:\/\/www.facebook.com\/pages\/Sestogrado\/1542635979353017?ref=bookmarks\" \/>\n<meta property=\"article:modified_time\" content=\"2026-04-09T08:17:11+00:00\" \/>\n<meta property=\"og:image\" content=\"https:\/\/www.sestogrado.it\/wp-content\/uploads\/2020\/06\/brenva.jpg\" \/>\n\t<meta property=\"og:image:width\" content=\"1200\" \/>\n\t<meta property=\"og:image:height\" content=\"1200\" \/>\n\t<meta property=\"og:image:type\" content=\"image\/jpeg\" \/>\n<meta name=\"twitter:label1\" content=\"Price\" \/>\n\t<meta name=\"twitter:data1\" content=\"&euro;&nbsp;29,90\" \/>\n\t<meta name=\"twitter:label2\" content=\"Availability\" \/>\n\t<meta name=\"twitter:data2\" content=\"In stock\" \/>\n<script type=\"application\/ld+json\" class=\"yoast-schema-graph\">{\"@context\":\"https:\/\/schema.org\",\"@graph\":[{\"@type\":\"WebPage\",\"@id\":\"https:\/\/www.sestogrado.it\/en\/prodotto\/grivel-brenva-rope-bag-sacca-porta-cordino-per-alpinismo\/\",\"url\":\"https:\/\/www.sestogrado.it\/en\/prodotto\/grivel-brenva-rope-bag-sacca-porta-cordino-per-alpinismo\/\",\"name\":\"Grivel Brenva Rope Bag for mountaineering, glacier travelling and skiing. - Sestogrado\",\"isPartOf\":{\"@id\":\"https:\/\/www.sestogrado.it\/en\/#website\"},\"primaryImageOfPage\":{\"@id\":\"https:\/\/www.sestogrado.it\/en\/prodotto\/grivel-brenva-rope-bag-sacca-porta-cordino-per-alpinismo\/#primaryimage\"},\"image\":{\"@id\":\"https:\/\/www.sestogrado.it\/prodotto\/grivel-brenva-rope-bag-sacca-porta-cordino-per-alpinismo\/#primaryimage\"},\"thumbnailUrl\":\"https:\/\/www.sestogrado.it\/wp-content\/uploads\/2020\/06\/brenva.jpg\",\"datePublished\":\"2020-06-01T13:24:54+00:00\",\"dateModified\":\"2026-04-09T08:17:11+00:00\",\"description\":\"La Grivel Brenva Rope Bag \u00e8 una sacca porta corda minimale e leggerissima per alpinismo, ghiacciaio e sci. Ha una capacit\u00e0 di 5 litri e pu\u00f2 contenere 60m di cordino statico in kevlar da 5.5 o 30m di cordino da 8mm. Il Grivel Brenva \u00e8 poco pi\u00f9 grande di un sacchetto porta magnesite, ha una forma tubolare e pu\u00f2 essere facilmente agganciata all'imbracatura, in questo modo si ha rapido accesso alla corda per allestimento corda fissa, calata o altre manovre. Presenta un'ampia apertura autoportante che facilita la manipolazione della corda. Il fondo in rete consente a neve, acqua e umidit\u00e0 di fuoriuscire dalla borsa.\",\"breadcrumb\":{\"@id\":\"https:\/\/www.sestogrado.it\/en\/prodotto\/grivel-brenva-rope-bag-sacca-porta-cordino-per-alpinismo\/#breadcrumb\"},\"inLanguage\":\"en-US\",\"potentialAction\":[{\"@type\":\"ReadAction\",\"target\":[[\"https:\/\/www.sestogrado.it\/en\/prodotto\/grivel-brenva-rope-bag-sacca-porta-cordino-per-alpinismo\/\"]]}]},{\"@type\":\"ImageObject\",\"inLanguage\":\"en-US\",\"@id\":\"https:\/\/www.sestogrado.it\/en\/prodotto\/grivel-brenva-rope-bag-sacca-porta-cordino-per-alpinismo\/#primaryimage\",\"url\":\"https:\/\/www.sestogrado.it\/wp-content\/uploads\/2020\/06\/brenva.jpg\",\"contentUrl\":\"https:\/\/www.sestogrado.it\/wp-content\/uploads\/2020\/06\/brenva.jpg\",\"width\":1200,\"height\":1200,\"caption\":\"grivel brenva\"},{\"@type\":\"BreadcrumbList\",\"@id\":\"https:\/\/www.sestogrado.it\/en\/prodotto\/grivel-brenva-rope-bag-sacca-porta-cordino-per-alpinismo\/#breadcrumb\",\"itemListElement\":[{\"@type\":\"ListItem\",\"position\":1,\"name\":\"Home\",\"item\":\"https:\/\/www.sestogrado.it\/en\/\"},{\"@type\":\"ListItem\",\"position\":2,\"name\":\"Shop\",\"item\":\"https:\/\/www.sestogrado.it\/en\/shop\/\"},{\"@type\":\"ListItem\",\"position\":3,\"name\":\"Grivel Brenva Rope Bag sacca porta cordino per alpinismo da 5 litri\"}]},{\"@type\":\"WebSite\",\"@id\":\"https:\/\/www.sestogrado.it\/en\/#website\",\"url\":\"https:\/\/www.sestogrado.it\/en\/\",\"name\":\"Sestogrado\",\"description\":\"yes we climb\",\"publisher\":{\"@id\":\"https:\/\/www.sestogrado.it\/en\/#organization\"},\"potentialAction\":[{\"@type\":\"SearchAction\",\"target\":{\"@type\":\"EntryPoint\",\"urlTemplate\":\"https:\/\/www.sestogrado.it\/en\/?s={search_term_string}\"},\"query-input\":{\"@type\":\"PropertyValueSpecification\",\"valueRequired\":true,\"valueName\":\"search_term_string\"}}],\"inLanguage\":\"en-US\"},{\"@type\":\"Organization\",\"@id\":\"https:\/\/www.sestogrado.it\/en\/#organization\",\"name\":\"Sestogrado\",\"url\":\"https:\/\/www.sestogrado.it\/en\/\",\"logo\":{\"@type\":\"ImageObject\",\"inLanguage\":\"en-US\",\"@id\":\"https:\/\/www.sestogrado.it\/en\/#\/schema\/logo\/image\/\",\"url\":\"https:\/\/www.sestogrado.it\/wp-content\/uploads\/2015\/03\/sestogrado-favicon.png\",\"contentUrl\":\"https:\/\/www.sestogrado.it\/wp-content\/uploads\/2015\/03\/sestogrado-favicon.png\",\"width\":260,\"height\":260,\"caption\":\"Sestogrado\"},\"image\":{\"@id\":\"https:\/\/www.sestogrado.it\/en\/#\/schema\/logo\/image\/\"},\"sameAs\":[\"https:\/\/www.facebook.com\/pages\/Sestogrado\/1542635979353017?ref=bookmarks\",\"https:\/\/www.youtube.com\/channel\/UC847kAfTkaJsWpc1jtQwr3Q\"],\"hasMerchantReturnPolicy\":{\"@type\":\"MerchantReturnPolicy\",\"merchantReturnLink\":\"https:\/\/www.sestogrado.it\/en\/termini-e-condizioni\/\"}}]}<\/script>\n<meta property=\"product:brand\" content=\"Grivel\" \/>\n<meta property=\"product:price:amount\" content=\"29.90\" \/>\n<meta property=\"product:price:currency\" content=\"EUR\" \/>\n<meta property=\"og:availability\" content=\"instock\" \/>\n<meta property=\"product:availability\" content=\"instock\" \/>\n<meta property=\"product:condition\" content=\"new\" \/>\n<!-- \/ Yoast SEO plugin. -->","yoast_head_json":{"title":"Grivel Brenva Rope Bag for mountaineering, glacier travelling and skiing. - Sestogrado","description":"La Grivel Brenva Rope Bag \u00e8 una sacca porta corda minimale e leggerissima per alpinismo, ghiacciaio e sci. Ha una capacit\u00e0 di 5 litri e pu\u00f2 contenere 60m di cordino statico in kevlar da 5.5 o 30m di cordino da 8mm. Il Grivel Brenva \u00e8 poco pi\u00f9 grande di un sacchetto porta magnesite, ha una forma tubolare e pu\u00f2 essere facilmente agganciata all'imbracatura, in questo modo si ha rapido accesso alla corda per allestimento corda fissa, calata o altre manovre. Presenta un'ampia apertura autoportante che facilita la manipolazione della corda. Il fondo in rete consente a neve, acqua e umidit\u00e0 di fuoriuscire dalla borsa.","robots":{"index":"index","follow":"follow","max-snippet":"max-snippet:-1","max-image-preview":"max-image-preview:large","max-video-preview":"max-video-preview:-1"},"canonical":"https:\/\/www.sestogrado.it\/en\/prodotto\/grivel-brenva-rope-bag-sacca-porta-cordino-per-alpinismo\/","og_locale":"en_US","og_type":"article","og_title":"Grivel Brenva Rope Bag for mountaineering, glacier travelling and skiing. - Sestogrado","og_description":"La Grivel Brenva Rope Bag \u00e8 una sacca porta corda minimale e leggerissima per alpinismo, ghiacciaio e sci. Ha una capacit\u00e0 di 5 litri e pu\u00f2 contenere 60m di cordino statico in kevlar da 5.5 o 30m di cordino da 8mm. Il Grivel Brenva \u00e8 poco pi\u00f9 grande di un sacchetto porta magnesite, ha una forma tubolare e pu\u00f2 essere facilmente agganciata all'imbracatura, in questo modo si ha rapido accesso alla corda per allestimento corda fissa, calata o altre manovre. Presenta un'ampia apertura autoportante che facilita la manipolazione della corda. Il fondo in rete consente a neve, acqua e umidit\u00e0 di fuoriuscire dalla borsa.","og_url":"https:\/\/www.sestogrado.it\/en\/prodotto\/grivel-brenva-rope-bag-sacca-porta-cordino-per-alpinismo\/","og_site_name":"Sestogrado","article_publisher":"https:\/\/www.facebook.com\/pages\/Sestogrado\/1542635979353017?ref=bookmarks","article_modified_time":"2026-04-09T08:17:11+00:00","og_image":[{"width":1200,"height":1200,"url":"https:\/\/www.sestogrado.it\/wp-content\/uploads\/2020\/06\/brenva.jpg","type":"image\/jpeg"}],"twitter_misc":{"Price":"&euro;&nbsp;29,90","Availability":"In stock"},"schema":{"@context":"https:\/\/schema.org","@graph":[{"@type":"WebPage","@id":"https:\/\/www.sestogrado.it\/en\/prodotto\/grivel-brenva-rope-bag-sacca-porta-cordino-per-alpinismo\/","url":"https:\/\/www.sestogrado.it\/en\/prodotto\/grivel-brenva-rope-bag-sacca-porta-cordino-per-alpinismo\/","name":"Grivel Brenva Rope Bag for mountaineering, glacier travelling and skiing. - Sestogrado","isPartOf":{"@id":"https:\/\/www.sestogrado.it\/en\/#website"},"primaryImageOfPage":{"@id":"https:\/\/www.sestogrado.it\/en\/prodotto\/grivel-brenva-rope-bag-sacca-porta-cordino-per-alpinismo\/#primaryimage"},"image":{"@id":"https:\/\/www.sestogrado.it\/prodotto\/grivel-brenva-rope-bag-sacca-porta-cordino-per-alpinismo\/#primaryimage"},"thumbnailUrl":"https:\/\/www.sestogrado.it\/wp-content\/uploads\/2020\/06\/brenva.jpg","datePublished":"2020-06-01T13:24:54+00:00","dateModified":"2026-04-09T08:17:11+00:00","description":"La Grivel Brenva Rope Bag \u00e8 una sacca porta corda minimale e leggerissima per alpinismo, ghiacciaio e sci. Ha una capacit\u00e0 di 5 litri e pu\u00f2 contenere 60m di cordino statico in kevlar da 5.5 o 30m di cordino da 8mm. Il Grivel Brenva \u00e8 poco pi\u00f9 grande di un sacchetto porta magnesite, ha una forma tubolare e pu\u00f2 essere facilmente agganciata all'imbracatura, in questo modo si ha rapido accesso alla corda per allestimento corda fissa, calata o altre manovre. Presenta un'ampia apertura autoportante che facilita la manipolazione della corda. Il fondo in rete consente a neve, acqua e umidit\u00e0 di fuoriuscire dalla borsa.","breadcrumb":{"@id":"https:\/\/www.sestogrado.it\/en\/prodotto\/grivel-brenva-rope-bag-sacca-porta-cordino-per-alpinismo\/#breadcrumb"},"inLanguage":"en-US","potentialAction":[{"@type":"ReadAction","target":[["https:\/\/www.sestogrado.it\/en\/prodotto\/grivel-brenva-rope-bag-sacca-porta-cordino-per-alpinismo\/"]]}]},{"@type":"ImageObject","inLanguage":"en-US","@id":"https:\/\/www.sestogrado.it\/en\/prodotto\/grivel-brenva-rope-bag-sacca-porta-cordino-per-alpinismo\/#primaryimage","url":"https:\/\/www.sestogrado.it\/wp-content\/uploads\/2020\/06\/brenva.jpg","contentUrl":"https:\/\/www.sestogrado.it\/wp-content\/uploads\/2020\/06\/brenva.jpg","width":1200,"height":1200,"caption":"grivel brenva"},{"@type":"BreadcrumbList","@id":"https:\/\/www.sestogrado.it\/en\/prodotto\/grivel-brenva-rope-bag-sacca-porta-cordino-per-alpinismo\/#breadcrumb","itemListElement":[{"@type":"ListItem","position":1,"name":"Home","item":"https:\/\/www.sestogrado.it\/en\/"},{"@type":"ListItem","position":2,"name":"Shop","item":"https:\/\/www.sestogrado.it\/en\/shop\/"},{"@type":"ListItem","position":3,"name":"Grivel Brenva Rope Bag sacca porta cordino per alpinismo da 5 litri"}]},{"@type":"WebSite","@id":"https:\/\/www.sestogrado.it\/en\/#website","url":"https:\/\/www.sestogrado.it\/en\/","name":"Sestogrado","description":"yes we climb","publisher":{"@id":"https:\/\/www.sestogrado.it\/en\/#organization"},"potentialAction":[{"@type":"SearchAction","target":{"@type":"EntryPoint","urlTemplate":"https:\/\/www.sestogrado.it\/en\/?s={search_term_string}"},"query-input":{"@type":"PropertyValueSpecification","valueRequired":true,"valueName":"search_term_string"}}],"inLanguage":"en-US"},{"@type":"Organization","@id":"https:\/\/www.sestogrado.it\/en\/#organization","name":"Sestogrado","url":"https:\/\/www.sestogrado.it\/en\/","logo":{"@type":"ImageObject","inLanguage":"en-US","@id":"https:\/\/www.sestogrado.it\/en\/#\/schema\/logo\/image\/","url":"https:\/\/www.sestogrado.it\/wp-content\/uploads\/2015\/03\/sestogrado-favicon.png","contentUrl":"https:\/\/www.sestogrado.it\/wp-content\/uploads\/2015\/03\/sestogrado-favicon.png","width":260,"height":260,"caption":"Sestogrado"},"image":{"@id":"https:\/\/www.sestogrado.it\/en\/#\/schema\/logo\/image\/"},"sameAs":["https:\/\/www.facebook.com\/pages\/Sestogrado\/1542635979353017?ref=bookmarks","https:\/\/www.youtube.com\/channel\/UC847kAfTkaJsWpc1jtQwr3Q"],"hasMerchantReturnPolicy":{"@type":"MerchantReturnPolicy","merchantReturnLink":"https:\/\/www.sestogrado.it\/en\/termini-e-condizioni\/"}}]},"product_brand":"Grivel","product_price_amount":"29.90","product_price_currency":"EUR","og_availability":"instock","product_availability":"instock","product_condition":"new"},"_links":{"self":[{"href":"https:\/\/www.sestogrado.it\/en\/wp-json\/wp\/v2\/product\/33862","targetHints":{"allow":["GET"]}}],"collection":[{"href":"https:\/\/www.sestogrado.it\/en\/wp-json\/wp\/v2\/product"}],"about":[{"href":"https:\/\/www.sestogrado.it\/en\/wp-json\/wp\/v2\/types\/product"}],"replies":[{"embeddable":true,"href":"https:\/\/www.sestogrado.it\/en\/wp-json\/wp\/v2\/comments?post=33862"}],"wp:featuredmedia":[{"embeddable":true,"href":"https:\/\/www.sestogrado.it\/en\/wp-json\/wp\/v2\/media\/33867"}],"wp:attachment":[{"href":"https:\/\/www.sestogrado.it\/en\/wp-json\/wp\/v2\/media?parent=33862"}],"wp:term":[{"taxonomy":"product_brand","embeddable":true,"href":"https:\/\/www.sestogrado.it\/en\/wp-json\/wp\/v2\/product_brand?post=33862"},{"taxonomy":"product_cat","embeddable":true,"href":"https:\/\/www.sestogrado.it\/en\/wp-json\/wp\/v2\/product_cat?post=33862"},{"taxonomy":"product_tag","embeddable":true,"href":"https:\/\/www.sestogrado.it\/en\/wp-json\/wp\/v2\/product_tag?post=33862"}],"curies":[{"name":"wp","href":"https:\/\/api.w.org\/{rel}","templated":true}]}}