{"id":3324,"date":"2020-12-07T09:23:18","date_gmt":"2020-12-07T08:23:18","guid":{"rendered":"http:\/\/www.sestogrado.it\/prodotto\/ramponi\/cassin-blade-runner-ramponi\/"},"modified":"2026-03-31T14:20:24","modified_gmt":"2026-03-31T12:20:24","slug":"camp-blade-runner-ramponi","status":"publish","type":"product","link":"https:\/\/www.sestogrado.it\/en\/prodotto\/camp-blade-runner-ramponi\/","title":{"rendered":"Cassin Blade Runner ramponi"},"content":{"rendered":"<p>Il Cassin Blade Runner \u00e8 un rampone altamente tecnico ed innovativo che\u00a0garantisce sia il massimo delle prestazioni, la massima polivalenza e personalizzazione: \u00e8 l\u2019attrezzo di riferimento per le cascate di ghiaccio, il misto estremo e l\u2019alpinismo tecnico. Un unico rampone per fare tutto, anche con scarpe predisposte per allacciatura semiautomatica.<\/p>\n<p>Il Blade Runner, grazie alla sua struttura rivoluzionaria, \u00e8 soprattutto il primo rampone al mondo ad unire la stabilit\u00e0 e l\u2019efficacia dei ramponi a struttura verticale con la precisione, la versatilit\u00e0 e la facilit\u00e0 di regolazione, nonch\u00e9 la compattabilit\u00e0, di quelli a struttura orizzontale. Questo grazie alla slitta di regolazione solidale col tacco, priva quindi di articolazioni e dotata di gradino che scarica la battuta sul tacco ottimizzando anche il bloccaggio. La parte posteriore del rampone \u00e8 realizzata in acciaio Sandvik Nanoflex\u00ae che, per le sue eccezionali caratteristiche di resistenza e tenacit\u00e0, consente di ridurre la sezione della struttura da 2.75 a 1.80 mm: ci\u00f2 garantisce maggiore leggerezza e flessibilit\u00e0 longitudinale dell\u2019attrezzo per una perfetta adattabilit\u00e0 a tutte le suole. L\u2019assenza di articolazioni mobili assicura invece la rigidit\u00e0 laterale e quindi il perfetto fissaggio del rampone &#8211; che si comporta come un blocco unico &#8211; per una straordinaria resa in battuta. La geometria delle punte anteriori garantisce sicurezza d\u2019azione, precisione e comodit\u00e0 in qualsiasi situazione: sui muri di ghiaccio pi\u00f9 compatti, ad esempio, nella configurazione monopunta la stabilit\u00e0 \u00e8 esaltata dalle punte fisse centrali e da quelle inferiori laterali che si appoggiano successivamente abbassando il tallone cos\u00ec da offrire un apprezzabile \u201ceffetto gradino\u201d; viceversa, nel misto pi\u00f9 impegnativo, tali punte permettono ampi movimenti senza pericolo di scalzare quella principale in appoggio. Il passaggio alla configurazione bipunta o la sostituzione delle punte da ghiaccio con le punte da neve dura ALPINE (innovative per il loro design a scalpello con bisellatura su tre lati) \u00e8 semplice e rapido. Il design asimmetrico del Blade Runner rispetta l\u2019ergonomia e la linea di carico naturale del piede offrendo una sensibilit\u00e0 sorprendente.<\/p>\n<p>La particolare disposizione delle punte, in particolare il gruppo di quelle anteriori convergenti e non parallele, mostra una ridotta tendenza a trattenere la neve. Da sottolineare anche la possibilit\u00e0 di passare dall\u2019allacciatura automatica a quella semiautomatica semplicemente sostituendo il gancio anteriore con la cuffia adatta agli scarponi senza intaglio anteriore, oggi molto diffusi, per prestazioni eccellenti con qualsiasi calzatura.<\/p>\n<ul>\n<li>Rampone modulabile per una polivalenza senza precedenti<\/li>\n<li>Innovativa costruzione brevettata che unisce i vantaggi della struttura orizzontale e della struttura verticale<\/li>\n<li>Slitta di regolazione solidale col tacco, con gradino che migliora la battuta ed il bloccaggio<\/li>\n<li>Punte intercambiabili di differente disegno, con la possibilit\u00e0 di passare velocemente da una configurazione all\u2019altra (ghiaccio monopunta, ghiaccio bipunta, neve dura bipunta)<\/li>\n<li>Parte anteriore in acciaio al NiCrMo per la massima rigidit\u00e0, parte posteriore in acciaio Sandvik Nanoflex\u00ae per la flessibilit\u00e0 longitudinale e la leggerezza<\/li>\n<li>Design asimmetrico che rispetta l\u2019ergonomia e la linea di carico naturale del piede, garantendo le massime prestazioni con i diversi modelli e misure di calzature<\/li>\n<li>Possibilit\u00e0 di passaggio dall\u2019allacciatura automatica a quella semiautomatica<\/li>\n<li>Facilmente compattabile e scomponibile per occupare meno posto nello zaino<\/li>\n<li>Antibott integrato<\/li>\n<li>Disponibile in due taglie per una calzata con compatibilit\u00e0 ottimale<\/li>\n<\/ul>\n<p>Taglie:<\/p>\n<p>1) 37 &#8211; 46<\/p>\n<p>2) 40 &#8211; 49<\/p>\n<p>&nbsp;<\/p>\n<p>https:\/\/www.youtube.com\/watch?v=wRb2AmtvU7M<\/p>","protected":false},"excerpt":{"rendered":"<p>Il Cassin Blade Runner \u00e8 un rampone altamente tecnico ed innovativo che\u00a0garantisce sia il massimo delle prestazioni, la massima polivalenza [&hellip;]<\/p>\n","protected":false},"featured_media":116970,"comment_status":"open","ping_status":"closed","template":"","meta":{"_acf_changed":false},"product_brand":[31],"product_cat":[153],"product_tag":[442,443],"class_list":{"0":"post-3324","1":"product","2":"type-product","3":"status-publish","4":"has-post-thumbnail","6":"product_brand-camp","7":"product_cat-ramponi","8":"product_tag-ramponi","9":"product_tag-ramponi-da-ghiaccio","11":"first","12":"instock","13":"sale","14":"taxable","15":"shipping-taxable","16":"purchasable","17":"product-type-variable"},"acf":[],"yoast_head":"<!-- This site is optimized with the Yoast SEO plugin v26.4 - https:\/\/yoast.com\/wordpress\/plugins\/seo\/ -->\n<title>Cassin Blade Runner ramponi - Sestogrado<\/title>\n<meta name=\"description\" content=\"Cassin Blade Runner ramponi. Ramponi estremi da alpinismo classico e tecnico i Cassin Blade Runner sono il massimo per l&#039;alpinismo tecnico e le cascate. Sono un rampone da ghiaccio modulabile per una polivalenza senza precedenti.\" \/>\n<meta name=\"robots\" content=\"index, follow, max-snippet:-1, max-image-preview:large, max-video-preview:-1\" \/>\n<link rel=\"canonical\" href=\"https:\/\/www.sestogrado.it\/en\/prodotto\/camp-blade-runner-ramponi\/\" \/>\n<meta property=\"og:locale\" content=\"en_US\" \/>\n<meta property=\"og:type\" content=\"article\" \/>\n<meta property=\"og:title\" content=\"Cassin Blade Runner ramponi - Sestogrado\" \/>\n<meta property=\"og:description\" content=\"Cassin Blade Runner ramponi. Ramponi estremi da alpinismo classico e tecnico i Cassin Blade Runner sono il massimo per l&#039;alpinismo tecnico e le cascate. Sono un rampone da ghiaccio modulabile per una polivalenza senza precedenti.\" \/>\n<meta property=\"og:url\" content=\"https:\/\/www.sestogrado.it\/en\/prodotto\/camp-blade-runner-ramponi\/\" \/>\n<meta property=\"og:site_name\" content=\"Sestogrado\" \/>\n<meta property=\"article:publisher\" content=\"https:\/\/www.facebook.com\/pages\/Sestogrado\/1542635979353017?ref=bookmarks\" \/>\n<meta property=\"article:modified_time\" content=\"2026-03-31T12:20:24+00:00\" \/>\n<meta property=\"og:image\" content=\"https:\/\/www.sestogrado.it\/wp-content\/uploads\/2020\/12\/01-2.jpg\" \/>\n\t<meta property=\"og:image:width\" content=\"1200\" \/>\n\t<meta property=\"og:image:height\" content=\"1200\" \/>\n\t<meta property=\"og:image:type\" content=\"image\/jpeg\" \/>\n<meta name=\"twitter:label1\" content=\"Availability\" \/>\n\t<meta name=\"twitter:data1\" content=\"In stock\" \/>\n<script type=\"application\/ld+json\" class=\"yoast-schema-graph\">{\"@context\":\"https:\/\/schema.org\",\"@graph\":[{\"@type\":\"WebPage\",\"@id\":\"https:\/\/www.sestogrado.it\/en\/prodotto\/camp-blade-runner-ramponi\/\",\"url\":\"https:\/\/www.sestogrado.it\/en\/prodotto\/camp-blade-runner-ramponi\/\",\"name\":\"Cassin Blade Runner ramponi - Sestogrado\",\"isPartOf\":{\"@id\":\"https:\/\/www.sestogrado.it\/en\/#website\"},\"primaryImageOfPage\":{\"@id\":\"https:\/\/www.sestogrado.it\/en\/prodotto\/camp-blade-runner-ramponi\/#primaryimage\"},\"image\":{\"@id\":\"https:\/\/www.sestogrado.it\/prodotto\/camp-blade-runner-ramponi\/#primaryimage\"},\"thumbnailUrl\":\"https:\/\/www.sestogrado.it\/wp-content\/uploads\/2020\/12\/01-2.jpg\",\"datePublished\":\"2020-12-07T08:23:18+00:00\",\"dateModified\":\"2026-03-31T12:20:24+00:00\",\"description\":\"Cassin Blade Runner ramponi. Ramponi estremi da alpinismo classico e tecnico i Cassin Blade Runner sono il massimo per l'alpinismo tecnico e le cascate. Sono un rampone da ghiaccio modulabile per una polivalenza senza precedenti.\",\"breadcrumb\":{\"@id\":\"https:\/\/www.sestogrado.it\/en\/prodotto\/camp-blade-runner-ramponi\/#breadcrumb\"},\"inLanguage\":\"en-US\",\"potentialAction\":[{\"@type\":\"ReadAction\",\"target\":[[\"https:\/\/www.sestogrado.it\/en\/prodotto\/camp-blade-runner-ramponi\/\"]]}]},{\"@type\":\"ImageObject\",\"inLanguage\":\"en-US\",\"@id\":\"https:\/\/www.sestogrado.it\/en\/prodotto\/camp-blade-runner-ramponi\/#primaryimage\",\"url\":\"https:\/\/www.sestogrado.it\/wp-content\/uploads\/2020\/12\/01-2.jpg\",\"contentUrl\":\"https:\/\/www.sestogrado.it\/wp-content\/uploads\/2020\/12\/01-2.jpg\",\"width\":1200,\"height\":1200,\"caption\":\"blade runner\"},{\"@type\":\"BreadcrumbList\",\"@id\":\"https:\/\/www.sestogrado.it\/en\/prodotto\/camp-blade-runner-ramponi\/#breadcrumb\",\"itemListElement\":[{\"@type\":\"ListItem\",\"position\":1,\"name\":\"Home\",\"item\":\"https:\/\/www.sestogrado.it\/en\/\"},{\"@type\":\"ListItem\",\"position\":2,\"name\":\"Shop\",\"item\":\"https:\/\/www.sestogrado.it\/en\/shop\/\"},{\"@type\":\"ListItem\",\"position\":3,\"name\":\"Camp Blade Runner ramponi\"}]},{\"@type\":\"WebSite\",\"@id\":\"https:\/\/www.sestogrado.it\/en\/#website\",\"url\":\"https:\/\/www.sestogrado.it\/en\/\",\"name\":\"Sestogrado\",\"description\":\"yes we climb\",\"publisher\":{\"@id\":\"https:\/\/www.sestogrado.it\/en\/#organization\"},\"potentialAction\":[{\"@type\":\"SearchAction\",\"target\":{\"@type\":\"EntryPoint\",\"urlTemplate\":\"https:\/\/www.sestogrado.it\/en\/?s={search_term_string}\"},\"query-input\":{\"@type\":\"PropertyValueSpecification\",\"valueRequired\":true,\"valueName\":\"search_term_string\"}}],\"inLanguage\":\"en-US\"},{\"@type\":\"Organization\",\"@id\":\"https:\/\/www.sestogrado.it\/en\/#organization\",\"name\":\"Sestogrado\",\"url\":\"https:\/\/www.sestogrado.it\/en\/\",\"logo\":{\"@type\":\"ImageObject\",\"inLanguage\":\"en-US\",\"@id\":\"https:\/\/www.sestogrado.it\/en\/#\/schema\/logo\/image\/\",\"url\":\"https:\/\/www.sestogrado.it\/wp-content\/uploads\/2015\/03\/sestogrado-favicon.png\",\"contentUrl\":\"https:\/\/www.sestogrado.it\/wp-content\/uploads\/2015\/03\/sestogrado-favicon.png\",\"width\":260,\"height\":260,\"caption\":\"Sestogrado\"},\"image\":{\"@id\":\"https:\/\/www.sestogrado.it\/en\/#\/schema\/logo\/image\/\"},\"sameAs\":[\"https:\/\/www.facebook.com\/pages\/Sestogrado\/1542635979353017?ref=bookmarks\",\"https:\/\/www.youtube.com\/channel\/UC847kAfTkaJsWpc1jtQwr3Q\"],\"hasMerchantReturnPolicy\":{\"@type\":\"MerchantReturnPolicy\",\"merchantReturnLink\":\"https:\/\/www.sestogrado.it\/en\/termini-e-condizioni\/\"}}]}<\/script>\n<meta property=\"product:brand\" content=\"Camp\" \/>\n<meta property=\"og:availability\" content=\"instock\" \/>\n<meta property=\"product:availability\" content=\"instock\" \/>\n<meta property=\"product:condition\" content=\"new\" \/>\n<!-- \/ Yoast SEO plugin. -->","yoast_head_json":{"title":"Cassin Blade Runner ramponi - Sestogrado","description":"Cassin Blade Runner ramponi. Ramponi estremi da alpinismo classico e tecnico i Cassin Blade Runner sono il massimo per l'alpinismo tecnico e le cascate. Sono un rampone da ghiaccio modulabile per una polivalenza senza precedenti.","robots":{"index":"index","follow":"follow","max-snippet":"max-snippet:-1","max-image-preview":"max-image-preview:large","max-video-preview":"max-video-preview:-1"},"canonical":"https:\/\/www.sestogrado.it\/en\/prodotto\/camp-blade-runner-ramponi\/","og_locale":"en_US","og_type":"article","og_title":"Cassin Blade Runner ramponi - Sestogrado","og_description":"Cassin Blade Runner ramponi. Ramponi estremi da alpinismo classico e tecnico i Cassin Blade Runner sono il massimo per l'alpinismo tecnico e le cascate. Sono un rampone da ghiaccio modulabile per una polivalenza senza precedenti.","og_url":"https:\/\/www.sestogrado.it\/en\/prodotto\/camp-blade-runner-ramponi\/","og_site_name":"Sestogrado","article_publisher":"https:\/\/www.facebook.com\/pages\/Sestogrado\/1542635979353017?ref=bookmarks","article_modified_time":"2026-03-31T12:20:24+00:00","og_image":[{"width":1200,"height":1200,"url":"https:\/\/www.sestogrado.it\/wp-content\/uploads\/2020\/12\/01-2.jpg","type":"image\/jpeg"}],"twitter_misc":{"Availability":"In stock"},"schema":{"@context":"https:\/\/schema.org","@graph":[{"@type":"WebPage","@id":"https:\/\/www.sestogrado.it\/en\/prodotto\/camp-blade-runner-ramponi\/","url":"https:\/\/www.sestogrado.it\/en\/prodotto\/camp-blade-runner-ramponi\/","name":"Cassin Blade Runner ramponi - Sestogrado","isPartOf":{"@id":"https:\/\/www.sestogrado.it\/en\/#website"},"primaryImageOfPage":{"@id":"https:\/\/www.sestogrado.it\/en\/prodotto\/camp-blade-runner-ramponi\/#primaryimage"},"image":{"@id":"https:\/\/www.sestogrado.it\/prodotto\/camp-blade-runner-ramponi\/#primaryimage"},"thumbnailUrl":"https:\/\/www.sestogrado.it\/wp-content\/uploads\/2020\/12\/01-2.jpg","datePublished":"2020-12-07T08:23:18+00:00","dateModified":"2026-03-31T12:20:24+00:00","description":"Cassin Blade Runner ramponi. Ramponi estremi da alpinismo classico e tecnico i Cassin Blade Runner sono il massimo per l'alpinismo tecnico e le cascate. Sono un rampone da ghiaccio modulabile per una polivalenza senza precedenti.","breadcrumb":{"@id":"https:\/\/www.sestogrado.it\/en\/prodotto\/camp-blade-runner-ramponi\/#breadcrumb"},"inLanguage":"en-US","potentialAction":[{"@type":"ReadAction","target":[["https:\/\/www.sestogrado.it\/en\/prodotto\/camp-blade-runner-ramponi\/"]]}]},{"@type":"ImageObject","inLanguage":"en-US","@id":"https:\/\/www.sestogrado.it\/en\/prodotto\/camp-blade-runner-ramponi\/#primaryimage","url":"https:\/\/www.sestogrado.it\/wp-content\/uploads\/2020\/12\/01-2.jpg","contentUrl":"https:\/\/www.sestogrado.it\/wp-content\/uploads\/2020\/12\/01-2.jpg","width":1200,"height":1200,"caption":"blade runner"},{"@type":"BreadcrumbList","@id":"https:\/\/www.sestogrado.it\/en\/prodotto\/camp-blade-runner-ramponi\/#breadcrumb","itemListElement":[{"@type":"ListItem","position":1,"name":"Home","item":"https:\/\/www.sestogrado.it\/en\/"},{"@type":"ListItem","position":2,"name":"Shop","item":"https:\/\/www.sestogrado.it\/en\/shop\/"},{"@type":"ListItem","position":3,"name":"Camp Blade Runner ramponi"}]},{"@type":"WebSite","@id":"https:\/\/www.sestogrado.it\/en\/#website","url":"https:\/\/www.sestogrado.it\/en\/","name":"Sestogrado","description":"yes we climb","publisher":{"@id":"https:\/\/www.sestogrado.it\/en\/#organization"},"potentialAction":[{"@type":"SearchAction","target":{"@type":"EntryPoint","urlTemplate":"https:\/\/www.sestogrado.it\/en\/?s={search_term_string}"},"query-input":{"@type":"PropertyValueSpecification","valueRequired":true,"valueName":"search_term_string"}}],"inLanguage":"en-US"},{"@type":"Organization","@id":"https:\/\/www.sestogrado.it\/en\/#organization","name":"Sestogrado","url":"https:\/\/www.sestogrado.it\/en\/","logo":{"@type":"ImageObject","inLanguage":"en-US","@id":"https:\/\/www.sestogrado.it\/en\/#\/schema\/logo\/image\/","url":"https:\/\/www.sestogrado.it\/wp-content\/uploads\/2015\/03\/sestogrado-favicon.png","contentUrl":"https:\/\/www.sestogrado.it\/wp-content\/uploads\/2015\/03\/sestogrado-favicon.png","width":260,"height":260,"caption":"Sestogrado"},"image":{"@id":"https:\/\/www.sestogrado.it\/en\/#\/schema\/logo\/image\/"},"sameAs":["https:\/\/www.facebook.com\/pages\/Sestogrado\/1542635979353017?ref=bookmarks","https:\/\/www.youtube.com\/channel\/UC847kAfTkaJsWpc1jtQwr3Q"],"hasMerchantReturnPolicy":{"@type":"MerchantReturnPolicy","merchantReturnLink":"https:\/\/www.sestogrado.it\/en\/termini-e-condizioni\/"}}]},"product_brand":"Camp","og_availability":"instock","product_availability":"instock","product_condition":"new"},"_links":{"self":[{"href":"https:\/\/www.sestogrado.it\/en\/wp-json\/wp\/v2\/product\/3324","targetHints":{"allow":["GET"]}}],"collection":[{"href":"https:\/\/www.sestogrado.it\/en\/wp-json\/wp\/v2\/product"}],"about":[{"href":"https:\/\/www.sestogrado.it\/en\/wp-json\/wp\/v2\/types\/product"}],"replies":[{"embeddable":true,"href":"https:\/\/www.sestogrado.it\/en\/wp-json\/wp\/v2\/comments?post=3324"}],"wp:featuredmedia":[{"embeddable":true,"href":"https:\/\/www.sestogrado.it\/en\/wp-json\/wp\/v2\/media\/116970"}],"wp:attachment":[{"href":"https:\/\/www.sestogrado.it\/en\/wp-json\/wp\/v2\/media?parent=3324"}],"wp:term":[{"taxonomy":"product_brand","embeddable":true,"href":"https:\/\/www.sestogrado.it\/en\/wp-json\/wp\/v2\/product_brand?post=3324"},{"taxonomy":"product_cat","embeddable":true,"href":"https:\/\/www.sestogrado.it\/en\/wp-json\/wp\/v2\/product_cat?post=3324"},{"taxonomy":"product_tag","embeddable":true,"href":"https:\/\/www.sestogrado.it\/en\/wp-json\/wp\/v2\/product_tag?post=3324"}],"curies":[{"name":"wp","href":"https:\/\/api.w.org\/{rel}","templated":true}]}}