{"id":3292,"date":"2023-12-06T08:26:11","date_gmt":"2023-12-06T07:26:11","guid":{"rendered":"http:\/\/www.sestogrado.it\/?post_type=product&#038;p=3292"},"modified":"2026-04-02T11:17:50","modified_gmt":"2026-04-02T09:17:50","slug":"camp-stalker-ramponi","status":"publish","type":"product","link":"https:\/\/www.sestogrado.it\/en\/prodotto\/camp-stalker-ramponi\/","title":{"rendered":"Camp Stalker crampons"},"content":{"rendered":"<p><strong>Stalker Semi-Automatic<\/strong><\/p>\n<p>Sturdy and affordable steel crampons with flexible linking bars that adapt precisely while walking on snow and ice. Semi-automatic bindings fit most technical mountaineering boots (requires a welted heel). Striking colors coordinate with the traditional Neve ice axe.<\/p>\n<p>\u2022 Semi-automatic bindings fit most technical mountaineering boots<br \/>\n\u2022 Easy size adjustment requires no tools<br \/>\n\u2022 Carrying case and Vibram\u00ae anti-balling plates included<br \/>\n\u2022 Striking colors coordinate with the traditional Neve ice axe<\/p>\n<p>&nbsp;<\/p>\n<p><strong>Stalker Universal<\/strong><\/p>\n<p>A great go-to crampon for general mountaineering. Traditional chromoly steel construction is proven to stand the test of time. The universal binding with thermoplastic heel and toe harnesses wrap around nearly any hiking or classic mountaineering boot and are secured by strong nylon straps. The Stalker Universal is an excellent and affordable choice for safe travel in the mountains. Striking colors coordinate with the traditional Neve ice axe.<\/p>\n<p>\u2022 Our best-selling crampons<br \/>\n\u2022 Universal bindings fit most mountaineering and hiking boots<br \/>\n\u2022 Easy size adjustment requires no tools<br \/>\n\u2022 Carrying case and Vibram\u00ae anti-balling plates included<br \/>\n\u2022 Striking colors coordinate with the traditional Neve ice axe<\/p>\n<p>&nbsp;<\/p>\n<p>CAMP (Concezione Articoli Montagna Premana) is situated in the small mountain village of Premana, Italy. This is a place where history, experience, imagination, and verticality have coalesced into a veritable crucible of mountain culture and product engineering. A century and a quarter of innovation that begins with the origins of modern mountaineering and ends with CAMP\u2019s global reputation for producing the lightest piece of gear in nearly every category.<\/p>\n<p>&nbsp;<\/p>","protected":false},"excerpt":{"rendered":"<p>Stalker Semi-Automatic Sturdy and affordable steel crampons with flexible linking bars that adapt precisely while walking on snow and ice. [&hellip;]<\/p>\n","protected":false},"featured_media":148616,"comment_status":"open","ping_status":"closed","template":"","meta":{"_acf_changed":false},"product_brand":[31],"product_cat":[153],"product_tag":[442,443],"class_list":{"0":"post-3292","1":"product","2":"type-product","3":"status-publish","4":"has-post-thumbnail","6":"product_brand-camp","7":"product_cat-ramponi","8":"product_tag-ramponi","9":"product_tag-ramponi-da-ghiaccio","11":"first","12":"instock","13":"sale","14":"taxable","15":"shipping-taxable","16":"purchasable","17":"product-type-variable"},"acf":[],"yoast_head":"<!-- This site is optimized with the Yoast SEO plugin v26.4 - https:\/\/yoast.com\/wordpress\/plugins\/seo\/ -->\n<title>Camp Stalker crampons - Sestogrado<\/title>\n<meta name=\"description\" content=\"Il Camp Stalker \u00e8 il best seller dei ramponi da alpinismo Camp, grazie alla sua polivalenza e facile adattabilit\u00e0 ed \u00e8 disponibile in due versioni: Universal, compatibile con ogni tipo di scarpone, e Semiautomatico, con allaccio posteriore ottimizzato per scarponi con bordino sul tacco. La costruzione classica in acciaio NiCrMo del Camp Stalker ha dimostrato di resistere alla prova del tempo. Gli attacchi flessibili sul tallone e sulla punta, in materiale termoplastico, e la nuova cinghia in nylon con anelli metallici lo rendono adatto a quasi tutti gli scarponi.Robusto rampone in acciaio, dall\u2019ottimo rapporto qualit\u00e0-prezzo, look rinnovato con una nuova verniciatura, la barra di collegamento flessibile assicura grande comfort durante la camminata.Il Camp Stalker \u00e8 un\u2019ottima scelta, dall\u2019eccellente rapporto qualit\u00e0-prezzo, per l\u2019alpinismo in generale e le escursioni sui ghiacciai.\" \/>\n<meta name=\"robots\" content=\"index, follow, max-snippet:-1, max-image-preview:large, max-video-preview:-1\" \/>\n<link rel=\"canonical\" href=\"https:\/\/www.sestogrado.it\/en\/prodotto\/camp-stalker-ramponi\/\" \/>\n<meta property=\"og:locale\" content=\"en_US\" \/>\n<meta property=\"og:type\" content=\"article\" \/>\n<meta property=\"og:title\" content=\"Camp Stalker crampons - Sestogrado\" \/>\n<meta property=\"og:description\" content=\"Il Camp Stalker \u00e8 il best seller dei ramponi da alpinismo Camp, grazie alla sua polivalenza e facile adattabilit\u00e0 ed \u00e8 disponibile in due versioni: Universal, compatibile con ogni tipo di scarpone, e Semiautomatico, con allaccio posteriore ottimizzato per scarponi con bordino sul tacco. La costruzione classica in acciaio NiCrMo del Camp Stalker ha dimostrato di resistere alla prova del tempo. Gli attacchi flessibili sul tallone e sulla punta, in materiale termoplastico, e la nuova cinghia in nylon con anelli metallici lo rendono adatto a quasi tutti gli scarponi.Robusto rampone in acciaio, dall\u2019ottimo rapporto qualit\u00e0-prezzo, look rinnovato con una nuova verniciatura, la barra di collegamento flessibile assicura grande comfort durante la camminata.Il Camp Stalker \u00e8 un\u2019ottima scelta, dall\u2019eccellente rapporto qualit\u00e0-prezzo, per l\u2019alpinismo in generale e le escursioni sui ghiacciai.\" \/>\n<meta property=\"og:url\" content=\"https:\/\/www.sestogrado.it\/en\/prodotto\/camp-stalker-ramponi\/\" \/>\n<meta property=\"og:site_name\" content=\"Sestogrado\" \/>\n<meta property=\"article:publisher\" content=\"https:\/\/www.facebook.com\/pages\/Sestogrado\/1542635979353017?ref=bookmarks\" \/>\n<meta property=\"article:modified_time\" content=\"2026-04-02T09:17:50+00:00\" \/>\n<meta property=\"og:image\" content=\"https:\/\/www.sestogrado.it\/wp-content\/uploads\/2015\/11\/01-10.jpg\" \/>\n\t<meta property=\"og:image:width\" content=\"1600\" \/>\n\t<meta property=\"og:image:height\" content=\"1600\" \/>\n\t<meta property=\"og:image:type\" content=\"image\/jpeg\" \/>\n<meta name=\"twitter:label1\" content=\"Availability\" \/>\n\t<meta name=\"twitter:data1\" content=\"In stock\" \/>\n<script type=\"application\/ld+json\" class=\"yoast-schema-graph\">{\"@context\":\"https:\/\/schema.org\",\"@graph\":[{\"@type\":\"WebPage\",\"@id\":\"https:\/\/www.sestogrado.it\/en\/prodotto\/camp-stalker-ramponi\/\",\"url\":\"https:\/\/www.sestogrado.it\/en\/prodotto\/camp-stalker-ramponi\/\",\"name\":\"Camp Stalker crampons - Sestogrado\",\"isPartOf\":{\"@id\":\"https:\/\/www.sestogrado.it\/en\/#website\"},\"primaryImageOfPage\":{\"@id\":\"https:\/\/www.sestogrado.it\/en\/prodotto\/camp-stalker-ramponi\/#primaryimage\"},\"image\":{\"@id\":\"https:\/\/www.sestogrado.it\/prodotto\/camp-stalker-ramponi\/#primaryimage\"},\"thumbnailUrl\":\"https:\/\/www.sestogrado.it\/wp-content\/uploads\/2015\/11\/01-10.jpg\",\"datePublished\":\"2023-12-06T07:26:11+00:00\",\"dateModified\":\"2026-04-02T09:17:50+00:00\",\"description\":\"Il Camp Stalker \u00e8 il best seller dei ramponi da alpinismo Camp, grazie alla sua polivalenza e facile adattabilit\u00e0 ed \u00e8 disponibile in due versioni: Universal, compatibile con ogni tipo di scarpone, e Semiautomatico, con allaccio posteriore ottimizzato per scarponi con bordino sul tacco. La costruzione classica in acciaio NiCrMo del Camp Stalker ha dimostrato di resistere alla prova del tempo. Gli attacchi flessibili sul tallone e sulla punta, in materiale termoplastico, e la nuova cinghia in nylon con anelli metallici lo rendono adatto a quasi tutti gli scarponi.Robusto rampone in acciaio, dall\u2019ottimo rapporto qualit\u00e0-prezzo, look rinnovato con una nuova verniciatura, la barra di collegamento flessibile assicura grande comfort durante la camminata.Il Camp Stalker \u00e8 un\u2019ottima scelta, dall\u2019eccellente rapporto qualit\u00e0-prezzo, per l\u2019alpinismo in generale e le escursioni sui ghiacciai.\",\"breadcrumb\":{\"@id\":\"https:\/\/www.sestogrado.it\/en\/prodotto\/camp-stalker-ramponi\/#breadcrumb\"},\"inLanguage\":\"en-US\",\"potentialAction\":[{\"@type\":\"ReadAction\",\"target\":[[\"https:\/\/www.sestogrado.it\/en\/prodotto\/camp-stalker-ramponi\/\"]]}]},{\"@type\":\"ImageObject\",\"inLanguage\":\"en-US\",\"@id\":\"https:\/\/www.sestogrado.it\/en\/prodotto\/camp-stalker-ramponi\/#primaryimage\",\"url\":\"https:\/\/www.sestogrado.it\/wp-content\/uploads\/2015\/11\/01-10.jpg\",\"contentUrl\":\"https:\/\/www.sestogrado.it\/wp-content\/uploads\/2015\/11\/01-10.jpg\",\"width\":1600,\"height\":1600,\"caption\":\"stalker semiauto\"},{\"@type\":\"BreadcrumbList\",\"@id\":\"https:\/\/www.sestogrado.it\/en\/prodotto\/camp-stalker-ramponi\/#breadcrumb\",\"itemListElement\":[{\"@type\":\"ListItem\",\"position\":1,\"name\":\"Home\",\"item\":\"https:\/\/www.sestogrado.it\/en\/\"},{\"@type\":\"ListItem\",\"position\":2,\"name\":\"Shop\",\"item\":\"https:\/\/www.sestogrado.it\/en\/shop\/\"},{\"@type\":\"ListItem\",\"position\":3,\"name\":\"Camp Stalker ramponi universali e semiautomatici\"}]},{\"@type\":\"WebSite\",\"@id\":\"https:\/\/www.sestogrado.it\/en\/#website\",\"url\":\"https:\/\/www.sestogrado.it\/en\/\",\"name\":\"Sestogrado\",\"description\":\"yes we climb\",\"publisher\":{\"@id\":\"https:\/\/www.sestogrado.it\/en\/#organization\"},\"potentialAction\":[{\"@type\":\"SearchAction\",\"target\":{\"@type\":\"EntryPoint\",\"urlTemplate\":\"https:\/\/www.sestogrado.it\/en\/?s={search_term_string}\"},\"query-input\":{\"@type\":\"PropertyValueSpecification\",\"valueRequired\":true,\"valueName\":\"search_term_string\"}}],\"inLanguage\":\"en-US\"},{\"@type\":\"Organization\",\"@id\":\"https:\/\/www.sestogrado.it\/en\/#organization\",\"name\":\"Sestogrado\",\"url\":\"https:\/\/www.sestogrado.it\/en\/\",\"logo\":{\"@type\":\"ImageObject\",\"inLanguage\":\"en-US\",\"@id\":\"https:\/\/www.sestogrado.it\/en\/#\/schema\/logo\/image\/\",\"url\":\"https:\/\/www.sestogrado.it\/wp-content\/uploads\/2015\/03\/sestogrado-favicon.png\",\"contentUrl\":\"https:\/\/www.sestogrado.it\/wp-content\/uploads\/2015\/03\/sestogrado-favicon.png\",\"width\":260,\"height\":260,\"caption\":\"Sestogrado\"},\"image\":{\"@id\":\"https:\/\/www.sestogrado.it\/en\/#\/schema\/logo\/image\/\"},\"sameAs\":[\"https:\/\/www.facebook.com\/pages\/Sestogrado\/1542635979353017?ref=bookmarks\",\"https:\/\/www.youtube.com\/channel\/UC847kAfTkaJsWpc1jtQwr3Q\"],\"hasMerchantReturnPolicy\":{\"@type\":\"MerchantReturnPolicy\",\"merchantReturnLink\":\"https:\/\/www.sestogrado.it\/en\/termini-e-condizioni\/\"}}]}<\/script>\n<meta property=\"product:brand\" content=\"Camp\" \/>\n<meta property=\"og:availability\" content=\"instock\" \/>\n<meta property=\"product:availability\" content=\"instock\" \/>\n<meta property=\"product:condition\" content=\"new\" \/>\n<!-- \/ Yoast SEO plugin. -->","yoast_head_json":{"title":"Camp Stalker crampons - Sestogrado","description":"Il Camp Stalker \u00e8 il best seller dei ramponi da alpinismo Camp, grazie alla sua polivalenza e facile adattabilit\u00e0 ed \u00e8 disponibile in due versioni: Universal, compatibile con ogni tipo di scarpone, e Semiautomatico, con allaccio posteriore ottimizzato per scarponi con bordino sul tacco. La costruzione classica in acciaio NiCrMo del Camp Stalker ha dimostrato di resistere alla prova del tempo. Gli attacchi flessibili sul tallone e sulla punta, in materiale termoplastico, e la nuova cinghia in nylon con anelli metallici lo rendono adatto a quasi tutti gli scarponi.Robusto rampone in acciaio, dall\u2019ottimo rapporto qualit\u00e0-prezzo, look rinnovato con una nuova verniciatura, la barra di collegamento flessibile assicura grande comfort durante la camminata.Il Camp Stalker \u00e8 un\u2019ottima scelta, dall\u2019eccellente rapporto qualit\u00e0-prezzo, per l\u2019alpinismo in generale e le escursioni sui ghiacciai.","robots":{"index":"index","follow":"follow","max-snippet":"max-snippet:-1","max-image-preview":"max-image-preview:large","max-video-preview":"max-video-preview:-1"},"canonical":"https:\/\/www.sestogrado.it\/en\/prodotto\/camp-stalker-ramponi\/","og_locale":"en_US","og_type":"article","og_title":"Camp Stalker crampons - Sestogrado","og_description":"Il Camp Stalker \u00e8 il best seller dei ramponi da alpinismo Camp, grazie alla sua polivalenza e facile adattabilit\u00e0 ed \u00e8 disponibile in due versioni: Universal, compatibile con ogni tipo di scarpone, e Semiautomatico, con allaccio posteriore ottimizzato per scarponi con bordino sul tacco. La costruzione classica in acciaio NiCrMo del Camp Stalker ha dimostrato di resistere alla prova del tempo. Gli attacchi flessibili sul tallone e sulla punta, in materiale termoplastico, e la nuova cinghia in nylon con anelli metallici lo rendono adatto a quasi tutti gli scarponi.Robusto rampone in acciaio, dall\u2019ottimo rapporto qualit\u00e0-prezzo, look rinnovato con una nuova verniciatura, la barra di collegamento flessibile assicura grande comfort durante la camminata.Il Camp Stalker \u00e8 un\u2019ottima scelta, dall\u2019eccellente rapporto qualit\u00e0-prezzo, per l\u2019alpinismo in generale e le escursioni sui ghiacciai.","og_url":"https:\/\/www.sestogrado.it\/en\/prodotto\/camp-stalker-ramponi\/","og_site_name":"Sestogrado","article_publisher":"https:\/\/www.facebook.com\/pages\/Sestogrado\/1542635979353017?ref=bookmarks","article_modified_time":"2026-04-02T09:17:50+00:00","og_image":[{"width":1600,"height":1600,"url":"https:\/\/www.sestogrado.it\/wp-content\/uploads\/2015\/11\/01-10.jpg","type":"image\/jpeg"}],"twitter_misc":{"Availability":"In stock"},"schema":{"@context":"https:\/\/schema.org","@graph":[{"@type":"WebPage","@id":"https:\/\/www.sestogrado.it\/en\/prodotto\/camp-stalker-ramponi\/","url":"https:\/\/www.sestogrado.it\/en\/prodotto\/camp-stalker-ramponi\/","name":"Camp Stalker crampons - Sestogrado","isPartOf":{"@id":"https:\/\/www.sestogrado.it\/en\/#website"},"primaryImageOfPage":{"@id":"https:\/\/www.sestogrado.it\/en\/prodotto\/camp-stalker-ramponi\/#primaryimage"},"image":{"@id":"https:\/\/www.sestogrado.it\/prodotto\/camp-stalker-ramponi\/#primaryimage"},"thumbnailUrl":"https:\/\/www.sestogrado.it\/wp-content\/uploads\/2015\/11\/01-10.jpg","datePublished":"2023-12-06T07:26:11+00:00","dateModified":"2026-04-02T09:17:50+00:00","description":"Il Camp Stalker \u00e8 il best seller dei ramponi da alpinismo Camp, grazie alla sua polivalenza e facile adattabilit\u00e0 ed \u00e8 disponibile in due versioni: Universal, compatibile con ogni tipo di scarpone, e Semiautomatico, con allaccio posteriore ottimizzato per scarponi con bordino sul tacco. La costruzione classica in acciaio NiCrMo del Camp Stalker ha dimostrato di resistere alla prova del tempo. Gli attacchi flessibili sul tallone e sulla punta, in materiale termoplastico, e la nuova cinghia in nylon con anelli metallici lo rendono adatto a quasi tutti gli scarponi.Robusto rampone in acciaio, dall\u2019ottimo rapporto qualit\u00e0-prezzo, look rinnovato con una nuova verniciatura, la barra di collegamento flessibile assicura grande comfort durante la camminata.Il Camp Stalker \u00e8 un\u2019ottima scelta, dall\u2019eccellente rapporto qualit\u00e0-prezzo, per l\u2019alpinismo in generale e le escursioni sui ghiacciai.","breadcrumb":{"@id":"https:\/\/www.sestogrado.it\/en\/prodotto\/camp-stalker-ramponi\/#breadcrumb"},"inLanguage":"en-US","potentialAction":[{"@type":"ReadAction","target":[["https:\/\/www.sestogrado.it\/en\/prodotto\/camp-stalker-ramponi\/"]]}]},{"@type":"ImageObject","inLanguage":"en-US","@id":"https:\/\/www.sestogrado.it\/en\/prodotto\/camp-stalker-ramponi\/#primaryimage","url":"https:\/\/www.sestogrado.it\/wp-content\/uploads\/2015\/11\/01-10.jpg","contentUrl":"https:\/\/www.sestogrado.it\/wp-content\/uploads\/2015\/11\/01-10.jpg","width":1600,"height":1600,"caption":"stalker semiauto"},{"@type":"BreadcrumbList","@id":"https:\/\/www.sestogrado.it\/en\/prodotto\/camp-stalker-ramponi\/#breadcrumb","itemListElement":[{"@type":"ListItem","position":1,"name":"Home","item":"https:\/\/www.sestogrado.it\/en\/"},{"@type":"ListItem","position":2,"name":"Shop","item":"https:\/\/www.sestogrado.it\/en\/shop\/"},{"@type":"ListItem","position":3,"name":"Camp Stalker ramponi universali e semiautomatici"}]},{"@type":"WebSite","@id":"https:\/\/www.sestogrado.it\/en\/#website","url":"https:\/\/www.sestogrado.it\/en\/","name":"Sestogrado","description":"yes we climb","publisher":{"@id":"https:\/\/www.sestogrado.it\/en\/#organization"},"potentialAction":[{"@type":"SearchAction","target":{"@type":"EntryPoint","urlTemplate":"https:\/\/www.sestogrado.it\/en\/?s={search_term_string}"},"query-input":{"@type":"PropertyValueSpecification","valueRequired":true,"valueName":"search_term_string"}}],"inLanguage":"en-US"},{"@type":"Organization","@id":"https:\/\/www.sestogrado.it\/en\/#organization","name":"Sestogrado","url":"https:\/\/www.sestogrado.it\/en\/","logo":{"@type":"ImageObject","inLanguage":"en-US","@id":"https:\/\/www.sestogrado.it\/en\/#\/schema\/logo\/image\/","url":"https:\/\/www.sestogrado.it\/wp-content\/uploads\/2015\/03\/sestogrado-favicon.png","contentUrl":"https:\/\/www.sestogrado.it\/wp-content\/uploads\/2015\/03\/sestogrado-favicon.png","width":260,"height":260,"caption":"Sestogrado"},"image":{"@id":"https:\/\/www.sestogrado.it\/en\/#\/schema\/logo\/image\/"},"sameAs":["https:\/\/www.facebook.com\/pages\/Sestogrado\/1542635979353017?ref=bookmarks","https:\/\/www.youtube.com\/channel\/UC847kAfTkaJsWpc1jtQwr3Q"],"hasMerchantReturnPolicy":{"@type":"MerchantReturnPolicy","merchantReturnLink":"https:\/\/www.sestogrado.it\/en\/termini-e-condizioni\/"}}]},"product_brand":"Camp","og_availability":"instock","product_availability":"instock","product_condition":"new"},"_links":{"self":[{"href":"https:\/\/www.sestogrado.it\/en\/wp-json\/wp\/v2\/product\/3292","targetHints":{"allow":["GET"]}}],"collection":[{"href":"https:\/\/www.sestogrado.it\/en\/wp-json\/wp\/v2\/product"}],"about":[{"href":"https:\/\/www.sestogrado.it\/en\/wp-json\/wp\/v2\/types\/product"}],"replies":[{"embeddable":true,"href":"https:\/\/www.sestogrado.it\/en\/wp-json\/wp\/v2\/comments?post=3292"}],"wp:featuredmedia":[{"embeddable":true,"href":"https:\/\/www.sestogrado.it\/en\/wp-json\/wp\/v2\/media\/148616"}],"wp:attachment":[{"href":"https:\/\/www.sestogrado.it\/en\/wp-json\/wp\/v2\/media?parent=3292"}],"wp:term":[{"taxonomy":"product_brand","embeddable":true,"href":"https:\/\/www.sestogrado.it\/en\/wp-json\/wp\/v2\/product_brand?post=3292"},{"taxonomy":"product_cat","embeddable":true,"href":"https:\/\/www.sestogrado.it\/en\/wp-json\/wp\/v2\/product_cat?post=3292"},{"taxonomy":"product_tag","embeddable":true,"href":"https:\/\/www.sestogrado.it\/en\/wp-json\/wp\/v2\/product_tag?post=3292"}],"curies":[{"name":"wp","href":"https:\/\/api.w.org\/{rel}","templated":true}]}}