{"id":32216,"date":"2020-05-05T10:30:05","date_gmt":"2020-05-05T08:30:05","guid":{"rendered":"https:\/\/www.sestogrado.it\/?post_type=product&#038;p=32216"},"modified":"2025-12-11T10:56:04","modified_gmt":"2025-12-11T09:56:04","slug":"buff-original-fascia-scaldacollo-in-microfibra-varie-fantasie","status":"publish","type":"product","link":"https:\/\/www.sestogrado.it\/en\/prodotto\/buff-original-fascia-scaldacollo-in-microfibra-varie-fantasie\/","title":{"rendered":"Buff Original tubular"},"content":{"rendered":"<p>Original Multifunctional Tubular Matterhorn Multi: Original Tubular. Multifunctional product designed for all-year-round use. Ideal protection against the cold during high-intensity outdoor activities such as trail running, trekking, bouldering, hiking, horse riding, cycling or riding a motorbike. Fit for most necks. Imagine you would start it all over again. That\u2019s what we just did. Our legendary tubular enters a new era to become more comfortable and natural than ever. Protecting as always your skin from long exposure to the sun, its new optimal capacity for transferring moisture vapor away from the body will keep you dry and comfortable. Designed for improved sustainability, using exclusively Polyester microfiber obtained from clear plastic recycled bottles supplied and certified by REPREVE\u00ae. Design: Patterned. One size.<\/p>\n<ul class=\"reasons\">\n<li class=\"reason-to-buy\">The new classic multifunctional: Recycled, more flexible, seamless and sun protection.<\/li>\n<li class=\"reason-to-buy\">Ultrastretch technology: 4-way stretch for best fit and top comfort.<\/li>\n<li class=\"reason-to-buy\">Inspired on legendary peaks: BUFF\u00ae Mountains Collection.<\/li>\n<\/ul>\n<p><\/p>","protected":false},"excerpt":{"rendered":"<p>Original Multifunctional Tubular Matterhorn Multi: Original Tubular. Multifunctional product designed for all-year-round use. Ideal protection against the cold during high-intensity [&hellip;]<\/p>\n","protected":false},"featured_media":32235,"comment_status":"open","ping_status":"closed","template":"","meta":{"_acf_changed":false},"product_brand":[674],"product_cat":[141],"product_tag":[],"class_list":{"0":"post-32216","1":"product","2":"type-product","3":"status-publish","4":"has-post-thumbnail","6":"product_brand-buff","7":"product_cat-accessori-accessori","9":"first","10":"instock","11":"sale","12":"taxable","13":"shipping-taxable","14":"purchasable","15":"product-type-variable"},"acf":[],"yoast_head":"<!-- This site is optimized with the Yoast SEO plugin v26.4 - https:\/\/yoast.com\/wordpress\/plugins\/seo\/ -->\n<title>Buff Original tubular - Sestogrado<\/title>\n<meta name=\"description\" content=\"La fascia scaldacollo Buff Original \u00e8 una fascia tubolare disegnata per un utilizzo outdoor a 360 gradi. Fornisce protezione contro vento e freddo dutante attivit\u00e0 outdoor come trail running, trekking, bouldering, climbing. La fascia Buff Original ora \u00e8 pi\u00f9 comoda che mai, con una vestibilit\u00e0 che si adatta ad ogni collo, traspirante, in grado di proteggere la tua pelle dal vento e dai raggi solari. Senza cuciture e realizzata utilizzando esclusivamente microfibre derivanti da poliestere riciclato.\" \/>\n<meta name=\"robots\" content=\"index, follow, max-snippet:-1, max-image-preview:large, max-video-preview:-1\" \/>\n<link rel=\"canonical\" href=\"https:\/\/www.sestogrado.it\/en\/prodotto\/buff-original-fascia-scaldacollo-in-microfibra-varie-fantasie\/\" \/>\n<meta property=\"og:locale\" content=\"en_US\" \/>\n<meta property=\"og:type\" content=\"article\" \/>\n<meta property=\"og:title\" content=\"Buff Original tubular - Sestogrado\" \/>\n<meta property=\"og:description\" content=\"La fascia scaldacollo Buff Original \u00e8 una fascia tubolare disegnata per un utilizzo outdoor a 360 gradi. Fornisce protezione contro vento e freddo dutante attivit\u00e0 outdoor come trail running, trekking, bouldering, climbing. La fascia Buff Original ora \u00e8 pi\u00f9 comoda che mai, con una vestibilit\u00e0 che si adatta ad ogni collo, traspirante, in grado di proteggere la tua pelle dal vento e dai raggi solari. Senza cuciture e realizzata utilizzando esclusivamente microfibre derivanti da poliestere riciclato.\" \/>\n<meta property=\"og:url\" content=\"https:\/\/www.sestogrado.it\/en\/prodotto\/buff-original-fascia-scaldacollo-in-microfibra-varie-fantasie\/\" \/>\n<meta property=\"og:site_name\" content=\"Sestogrado\" \/>\n<meta property=\"article:publisher\" content=\"https:\/\/www.facebook.com\/pages\/Sestogrado\/1542635979353017?ref=bookmarks\" \/>\n<meta property=\"article:modified_time\" content=\"2025-12-11T09:56:04+00:00\" \/>\n<meta property=\"og:image\" content=\"https:\/\/www.sestogrado.it\/wp-content\/uploads\/2020\/05\/shading-blue-cop.jpg\" \/>\n\t<meta property=\"og:image:width\" content=\"640\" \/>\n\t<meta property=\"og:image:height\" content=\"640\" \/>\n\t<meta property=\"og:image:type\" content=\"image\/jpeg\" \/>\n<meta name=\"twitter:label1\" content=\"Availability\" \/>\n\t<meta name=\"twitter:data1\" content=\"In stock\" \/>\n<script type=\"application\/ld+json\" class=\"yoast-schema-graph\">{\"@context\":\"https:\/\/schema.org\",\"@graph\":[{\"@type\":\"WebPage\",\"@id\":\"https:\/\/www.sestogrado.it\/en\/prodotto\/buff-original-fascia-scaldacollo-in-microfibra-varie-fantasie\/\",\"url\":\"https:\/\/www.sestogrado.it\/en\/prodotto\/buff-original-fascia-scaldacollo-in-microfibra-varie-fantasie\/\",\"name\":\"Buff Original tubular - Sestogrado\",\"isPartOf\":{\"@id\":\"https:\/\/www.sestogrado.it\/en\/#website\"},\"primaryImageOfPage\":{\"@id\":\"https:\/\/www.sestogrado.it\/en\/prodotto\/buff-original-fascia-scaldacollo-in-microfibra-varie-fantasie\/#primaryimage\"},\"image\":{\"@id\":\"https:\/\/www.sestogrado.it\/prodotto\/buff-original-fascia-scaldacollo-in-microfibra-varie-fantasie\/#primaryimage\"},\"thumbnailUrl\":\"https:\/\/www.sestogrado.it\/wp-content\/uploads\/2020\/05\/shading-blue-cop.jpg\",\"datePublished\":\"2020-05-05T08:30:05+00:00\",\"dateModified\":\"2025-12-11T09:56:04+00:00\",\"description\":\"La fascia scaldacollo Buff Original \u00e8 una fascia tubolare disegnata per un utilizzo outdoor a 360 gradi. Fornisce protezione contro vento e freddo dutante attivit\u00e0 outdoor come trail running, trekking, bouldering, climbing. La fascia Buff Original ora \u00e8 pi\u00f9 comoda che mai, con una vestibilit\u00e0 che si adatta ad ogni collo, traspirante, in grado di proteggere la tua pelle dal vento e dai raggi solari. Senza cuciture e realizzata utilizzando esclusivamente microfibre derivanti da poliestere riciclato.\",\"breadcrumb\":{\"@id\":\"https:\/\/www.sestogrado.it\/en\/prodotto\/buff-original-fascia-scaldacollo-in-microfibra-varie-fantasie\/#breadcrumb\"},\"inLanguage\":\"en-US\",\"potentialAction\":[{\"@type\":\"ReadAction\",\"target\":[[\"https:\/\/www.sestogrado.it\/en\/prodotto\/buff-original-fascia-scaldacollo-in-microfibra-varie-fantasie\/\"]]}]},{\"@type\":\"ImageObject\",\"inLanguage\":\"en-US\",\"@id\":\"https:\/\/www.sestogrado.it\/en\/prodotto\/buff-original-fascia-scaldacollo-in-microfibra-varie-fantasie\/#primaryimage\",\"url\":\"https:\/\/www.sestogrado.it\/wp-content\/uploads\/2020\/05\/shading-blue-cop.jpg\",\"contentUrl\":\"https:\/\/www.sestogrado.it\/wp-content\/uploads\/2020\/05\/shading-blue-cop.jpg\",\"width\":640,\"height\":640},{\"@type\":\"BreadcrumbList\",\"@id\":\"https:\/\/www.sestogrado.it\/en\/prodotto\/buff-original-fascia-scaldacollo-in-microfibra-varie-fantasie\/#breadcrumb\",\"itemListElement\":[{\"@type\":\"ListItem\",\"position\":1,\"name\":\"Home\",\"item\":\"https:\/\/www.sestogrado.it\/en\/\"},{\"@type\":\"ListItem\",\"position\":2,\"name\":\"Shop\",\"item\":\"https:\/\/www.sestogrado.it\/en\/shop\/\"},{\"@type\":\"ListItem\",\"position\":3,\"name\":\"Buff Original tubular\"}]},{\"@type\":\"WebSite\",\"@id\":\"https:\/\/www.sestogrado.it\/en\/#website\",\"url\":\"https:\/\/www.sestogrado.it\/en\/\",\"name\":\"Sestogrado\",\"description\":\"yes we climb\",\"publisher\":{\"@id\":\"https:\/\/www.sestogrado.it\/en\/#organization\"},\"potentialAction\":[{\"@type\":\"SearchAction\",\"target\":{\"@type\":\"EntryPoint\",\"urlTemplate\":\"https:\/\/www.sestogrado.it\/en\/?s={search_term_string}\"},\"query-input\":{\"@type\":\"PropertyValueSpecification\",\"valueRequired\":true,\"valueName\":\"search_term_string\"}}],\"inLanguage\":\"en-US\"},{\"@type\":\"Organization\",\"@id\":\"https:\/\/www.sestogrado.it\/en\/#organization\",\"name\":\"Sestogrado\",\"url\":\"https:\/\/www.sestogrado.it\/en\/\",\"logo\":{\"@type\":\"ImageObject\",\"inLanguage\":\"en-US\",\"@id\":\"https:\/\/www.sestogrado.it\/en\/#\/schema\/logo\/image\/\",\"url\":\"https:\/\/www.sestogrado.it\/wp-content\/uploads\/2015\/03\/sestogrado-favicon.png\",\"contentUrl\":\"https:\/\/www.sestogrado.it\/wp-content\/uploads\/2015\/03\/sestogrado-favicon.png\",\"width\":260,\"height\":260,\"caption\":\"Sestogrado\"},\"image\":{\"@id\":\"https:\/\/www.sestogrado.it\/en\/#\/schema\/logo\/image\/\"},\"sameAs\":[\"https:\/\/www.facebook.com\/pages\/Sestogrado\/1542635979353017?ref=bookmarks\",\"https:\/\/www.youtube.com\/channel\/UC847kAfTkaJsWpc1jtQwr3Q\"],\"hasMerchantReturnPolicy\":{\"@type\":\"MerchantReturnPolicy\",\"merchantReturnLink\":\"https:\/\/www.sestogrado.it\/en\/termini-e-condizioni\/\"}}]}<\/script>\n<meta property=\"product:brand\" content=\"Buff\" \/>\n<meta property=\"og:availability\" content=\"instock\" \/>\n<meta property=\"product:availability\" content=\"instock\" \/>\n<meta property=\"product:condition\" content=\"new\" \/>\n<!-- \/ Yoast SEO plugin. -->","yoast_head_json":{"title":"Buff Original tubular - Sestogrado","description":"La fascia scaldacollo Buff Original \u00e8 una fascia tubolare disegnata per un utilizzo outdoor a 360 gradi. Fornisce protezione contro vento e freddo dutante attivit\u00e0 outdoor come trail running, trekking, bouldering, climbing. La fascia Buff Original ora \u00e8 pi\u00f9 comoda che mai, con una vestibilit\u00e0 che si adatta ad ogni collo, traspirante, in grado di proteggere la tua pelle dal vento e dai raggi solari. Senza cuciture e realizzata utilizzando esclusivamente microfibre derivanti da poliestere riciclato.","robots":{"index":"index","follow":"follow","max-snippet":"max-snippet:-1","max-image-preview":"max-image-preview:large","max-video-preview":"max-video-preview:-1"},"canonical":"https:\/\/www.sestogrado.it\/en\/prodotto\/buff-original-fascia-scaldacollo-in-microfibra-varie-fantasie\/","og_locale":"en_US","og_type":"article","og_title":"Buff Original tubular - Sestogrado","og_description":"La fascia scaldacollo Buff Original \u00e8 una fascia tubolare disegnata per un utilizzo outdoor a 360 gradi. Fornisce protezione contro vento e freddo dutante attivit\u00e0 outdoor come trail running, trekking, bouldering, climbing. La fascia Buff Original ora \u00e8 pi\u00f9 comoda che mai, con una vestibilit\u00e0 che si adatta ad ogni collo, traspirante, in grado di proteggere la tua pelle dal vento e dai raggi solari. Senza cuciture e realizzata utilizzando esclusivamente microfibre derivanti da poliestere riciclato.","og_url":"https:\/\/www.sestogrado.it\/en\/prodotto\/buff-original-fascia-scaldacollo-in-microfibra-varie-fantasie\/","og_site_name":"Sestogrado","article_publisher":"https:\/\/www.facebook.com\/pages\/Sestogrado\/1542635979353017?ref=bookmarks","article_modified_time":"2025-12-11T09:56:04+00:00","og_image":[{"width":640,"height":640,"url":"https:\/\/www.sestogrado.it\/wp-content\/uploads\/2020\/05\/shading-blue-cop.jpg","type":"image\/jpeg"}],"twitter_misc":{"Availability":"In stock"},"schema":{"@context":"https:\/\/schema.org","@graph":[{"@type":"WebPage","@id":"https:\/\/www.sestogrado.it\/en\/prodotto\/buff-original-fascia-scaldacollo-in-microfibra-varie-fantasie\/","url":"https:\/\/www.sestogrado.it\/en\/prodotto\/buff-original-fascia-scaldacollo-in-microfibra-varie-fantasie\/","name":"Buff Original tubular - Sestogrado","isPartOf":{"@id":"https:\/\/www.sestogrado.it\/en\/#website"},"primaryImageOfPage":{"@id":"https:\/\/www.sestogrado.it\/en\/prodotto\/buff-original-fascia-scaldacollo-in-microfibra-varie-fantasie\/#primaryimage"},"image":{"@id":"https:\/\/www.sestogrado.it\/prodotto\/buff-original-fascia-scaldacollo-in-microfibra-varie-fantasie\/#primaryimage"},"thumbnailUrl":"https:\/\/www.sestogrado.it\/wp-content\/uploads\/2020\/05\/shading-blue-cop.jpg","datePublished":"2020-05-05T08:30:05+00:00","dateModified":"2025-12-11T09:56:04+00:00","description":"La fascia scaldacollo Buff Original \u00e8 una fascia tubolare disegnata per un utilizzo outdoor a 360 gradi. Fornisce protezione contro vento e freddo dutante attivit\u00e0 outdoor come trail running, trekking, bouldering, climbing. La fascia Buff Original ora \u00e8 pi\u00f9 comoda che mai, con una vestibilit\u00e0 che si adatta ad ogni collo, traspirante, in grado di proteggere la tua pelle dal vento e dai raggi solari. Senza cuciture e realizzata utilizzando esclusivamente microfibre derivanti da poliestere riciclato.","breadcrumb":{"@id":"https:\/\/www.sestogrado.it\/en\/prodotto\/buff-original-fascia-scaldacollo-in-microfibra-varie-fantasie\/#breadcrumb"},"inLanguage":"en-US","potentialAction":[{"@type":"ReadAction","target":[["https:\/\/www.sestogrado.it\/en\/prodotto\/buff-original-fascia-scaldacollo-in-microfibra-varie-fantasie\/"]]}]},{"@type":"ImageObject","inLanguage":"en-US","@id":"https:\/\/www.sestogrado.it\/en\/prodotto\/buff-original-fascia-scaldacollo-in-microfibra-varie-fantasie\/#primaryimage","url":"https:\/\/www.sestogrado.it\/wp-content\/uploads\/2020\/05\/shading-blue-cop.jpg","contentUrl":"https:\/\/www.sestogrado.it\/wp-content\/uploads\/2020\/05\/shading-blue-cop.jpg","width":640,"height":640},{"@type":"BreadcrumbList","@id":"https:\/\/www.sestogrado.it\/en\/prodotto\/buff-original-fascia-scaldacollo-in-microfibra-varie-fantasie\/#breadcrumb","itemListElement":[{"@type":"ListItem","position":1,"name":"Home","item":"https:\/\/www.sestogrado.it\/en\/"},{"@type":"ListItem","position":2,"name":"Shop","item":"https:\/\/www.sestogrado.it\/en\/shop\/"},{"@type":"ListItem","position":3,"name":"Buff Original tubular"}]},{"@type":"WebSite","@id":"https:\/\/www.sestogrado.it\/en\/#website","url":"https:\/\/www.sestogrado.it\/en\/","name":"Sestogrado","description":"yes we climb","publisher":{"@id":"https:\/\/www.sestogrado.it\/en\/#organization"},"potentialAction":[{"@type":"SearchAction","target":{"@type":"EntryPoint","urlTemplate":"https:\/\/www.sestogrado.it\/en\/?s={search_term_string}"},"query-input":{"@type":"PropertyValueSpecification","valueRequired":true,"valueName":"search_term_string"}}],"inLanguage":"en-US"},{"@type":"Organization","@id":"https:\/\/www.sestogrado.it\/en\/#organization","name":"Sestogrado","url":"https:\/\/www.sestogrado.it\/en\/","logo":{"@type":"ImageObject","inLanguage":"en-US","@id":"https:\/\/www.sestogrado.it\/en\/#\/schema\/logo\/image\/","url":"https:\/\/www.sestogrado.it\/wp-content\/uploads\/2015\/03\/sestogrado-favicon.png","contentUrl":"https:\/\/www.sestogrado.it\/wp-content\/uploads\/2015\/03\/sestogrado-favicon.png","width":260,"height":260,"caption":"Sestogrado"},"image":{"@id":"https:\/\/www.sestogrado.it\/en\/#\/schema\/logo\/image\/"},"sameAs":["https:\/\/www.facebook.com\/pages\/Sestogrado\/1542635979353017?ref=bookmarks","https:\/\/www.youtube.com\/channel\/UC847kAfTkaJsWpc1jtQwr3Q"],"hasMerchantReturnPolicy":{"@type":"MerchantReturnPolicy","merchantReturnLink":"https:\/\/www.sestogrado.it\/en\/termini-e-condizioni\/"}}]},"product_brand":"Buff","og_availability":"instock","product_availability":"instock","product_condition":"new"},"_links":{"self":[{"href":"https:\/\/www.sestogrado.it\/en\/wp-json\/wp\/v2\/product\/32216","targetHints":{"allow":["GET"]}}],"collection":[{"href":"https:\/\/www.sestogrado.it\/en\/wp-json\/wp\/v2\/product"}],"about":[{"href":"https:\/\/www.sestogrado.it\/en\/wp-json\/wp\/v2\/types\/product"}],"replies":[{"embeddable":true,"href":"https:\/\/www.sestogrado.it\/en\/wp-json\/wp\/v2\/comments?post=32216"}],"wp:featuredmedia":[{"embeddable":true,"href":"https:\/\/www.sestogrado.it\/en\/wp-json\/wp\/v2\/media\/32235"}],"wp:attachment":[{"href":"https:\/\/www.sestogrado.it\/en\/wp-json\/wp\/v2\/media?parent=32216"}],"wp:term":[{"taxonomy":"product_brand","embeddable":true,"href":"https:\/\/www.sestogrado.it\/en\/wp-json\/wp\/v2\/product_brand?post=32216"},{"taxonomy":"product_cat","embeddable":true,"href":"https:\/\/www.sestogrado.it\/en\/wp-json\/wp\/v2\/product_cat?post=32216"},{"taxonomy":"product_tag","embeddable":true,"href":"https:\/\/www.sestogrado.it\/en\/wp-json\/wp\/v2\/product_tag?post=32216"}],"curies":[{"name":"wp","href":"https:\/\/api.w.org\/{rel}","templated":true}]}}