{"id":3176,"date":"2022-11-15T09:02:31","date_gmt":"2022-11-15T08:02:31","guid":{"rendered":"http:\/\/www.sestogrado.it\/?post_type=product&#038;p=3176"},"modified":"2026-04-29T14:27:42","modified_gmt":"2026-04-29T12:27:42","slug":"petzl-aquila-imbrago-arrampicata","status":"publish","type":"product","link":"https:\/\/www.sestogrado.it\/en\/prodotto\/petzl-aquila-imbrago-arrampicata\/","title":{"rendered":"Petzl Aquila imbrago arrampicata"},"content":{"rendered":"<p>Il PETZL AQUILA \u00e8 una imbracatura d&#8217;arrampicata e alpinismo molto confortevole per la performance in palestra, in falesia e su vie lunghe. L\u2019alleata degli arrampicatori che desiderano comfort e leggerezza! AQUILA \u00e8 un\u2019imbracatura per l\u2019arrampicata sportiva, tradizionale e l\u2019alpinismo. La cintura larga e confortevole si adatta a tutte le corporature e i cosciali regolabili si adattano al vostro abbigliamento per arrampicare in tutte le stagioni. Con una progettazione che rimane sottile e leggera, garantisce una grande libert\u00e0 di movimento, risultando molto confortevole nelle sospensioni. Polivalente con i cinque grandi portamateriali, vi accompagna nelle escursioni di montagna o in arrampicata tradizionale e i suoi punti di legatura rinforzati resistono solidamente agli sfregamenti della corda.<\/p>\n<div class=\"list\">\n<ul>\n<li>Massimo comfort per le lunghe sospensioni:<br \/>\n&#8211; cintura larga e confortevole, ideale per le grandi corporature per una miglior ripartizione del carico,<br \/>\n&#8211; cintura senza bordi per maggiore comfort,<br \/>\n&#8211; cosciali regolabili mediante fibbie DOUBLEBACK HD per adattarsi rapidamente alle varie morfologie e all\u2019abbigliamento in base alle stagioni,<br \/>\n&#8211; collegamenti dei cosciali flessibili per il massimo comfort in arrampicata e nella marcia di avvicinamento,<br \/>\n&#8211; costruzione FUSEFRAME con imbottitura a cellule chiuse termoformate per un comfort costante per tutta la vita dell\u2019imbracatura,<br \/>\n&#8211; tessuto interno traspirante per evacuare l\u2019umidit\u00e0.<\/li>\n<li>Polivalenza per l\u2019utilizzo in arrampicata sportiva, tradizionale o in alpinismo:<br \/>\n&#8211; un grande portamateriale sulla schiena per trasportare il materiale ingombrante (blocchetti da incastri di grande dimensione o materiale specifico),<br \/>\n&#8211; due portamateriali anteriori semirigidi per il trasporto di rinvii, blocchetti da incastro o assicuratori,<br \/>\n&#8211; due portamateriali posteriori flessibili per facilitare l\u2019aggancio e lo sgancio dei rinvii, portare il materiale in avanti e compatibili con l\u2019utilizzo dello zaino,<br \/>\n&#8211; un anello posteriore portaccessori come sacchetto portamagnesite, calzature, maglia rapida, corda di recupero&#8230;<br \/>\n&#8211; imbracatura compatibile con uno o pi\u00f9 CARITOOL EVO per il trasporto di chiodi da ghiaccio,<br \/>\n&#8211; punti di legatura rinforzati in polietilene ad alta densit\u00e0 (PEHD) per una maggiore resistenza all\u2019usura per sfregamento della corda,<br \/>\n&#8211; cintura e cosciali dotati di fibbie DOUBLEBACK HD in alluminio forgiato, per uno scorrimento fluido della fettuccia di serraggio che consente una regolazione facile e rapida,<br \/>\n&#8211; tessuto esterno robusto, resistente all\u2019abrasione,<br \/>\n&#8211; ingombro ridotto dell\u2019imbracatura una volta piegata,<br \/>\n&#8211; elastici nella parte posteriore dei cosciali regolabili e staccabili.<\/li>\n<li>Libert\u00e0 di movimento:<br \/>\n&#8211; progettazione leggera e sottile,<br \/>\n&#8211; costruzione FUSEFRAME per una grande libert\u00e0 di movimento.<\/li>\n<\/ul>\n<\/div>\n<h3>Specifiche<\/h3>\n<div class=\"list\">\n<ul>\n<li>Materiali: poliammide, poliestere, EVA, poliuretano, alluminio, polietilene ad alta densit\u00e0<\/li>\n<li>Certificazione(i): CE EN 12277 type C, UIAA<\/li>\n<\/ul>\n<\/div>\n<p>&nbsp;<\/p>\n<p>La Petzl Aquila \u00e8 una imbracatura alpinistica tecnica, in grado di assecondare le necessit\u00e0 dei climber pi\u00f9 esigenti.<\/p>\n<div class=\"list\">\n<p><iframe src=\"\/\/player.vimeo.com\/video\/653647191?title=0&amp;amp;byline=0\" width=\"425\" height=\"350\" allowfullscreen=\"allowfullscreen\"><\/iframe><\/p>\n<p>L\u2019avventura Petzl \u00e8 iniziata con la passione di Fernand Petzl per la speleologia, passione al servizio della quale ha saputo mettere il suo talento di artigiano.<\/p>\n<p>Ne \u00e8 nata una competenza per la progettazione e la realizzazione di soluzioni per salire, calarsi, assicurarsi e avanzare nell\u2019oscurit\u00e0. Nel 1970, i primi prodotti marcati \u201cFernand Petzl\u201d sono realizzati nel laboratorio di Saint-Nazaire-les-Eymes (Is\u00e8re, Francia).<\/p>\n<p>Da allora, l\u2019azienda Petzl, creata nel 1975, \u00e8 riuscita a crescere e diventare un gruppo internazionale, conservando una dimensione familiare e la passione che animava Fernand Petzl.<\/p>\n<\/div>\n","protected":false},"excerpt":{"rendered":"<p>Il PETZL AQUILA \u00e8 una imbracatura d&#8217;arrampicata e alpinismo molto confortevole per la performance in palestra, in falesia e su [&hellip;]<\/p>\n","protected":false},"featured_media":117399,"comment_status":"open","ping_status":"closed","template":"","meta":{"_acf_changed":false},"product_brand":[50],"product_cat":[182,183],"product_tag":[],"class_list":{"0":"post-3176","1":"product","2":"type-product","3":"status-publish","4":"has-post-thumbnail","6":"product_brand-petzl","7":"product_cat-sportivi","8":"product_cat-alpinismo","10":"first","11":"instock","12":"sale","13":"taxable","14":"shipping-taxable","15":"purchasable","16":"product-type-variable"},"acf":[],"yoast_head":"<!-- This site is optimized with the Yoast SEO plugin v26.4 - https:\/\/yoast.com\/wordpress\/plugins\/seo\/ -->\n<title>Petzl Aquila imbrago arrampicata - Sestogrado<\/title>\n<meta name=\"description\" content=\"Il PETZL AQUILA \u00e8 una imbracatura\u00a0d&#039;arrampicata e alpinismo molto confortevole per la performance in palestra, in falesia e su vie lunghe. La larga cintura e i cosciali regolabili sono perfettamente adatti alle grandi corporature, d\u2019estate e d\u2019inverno. Design, delicato e sobrio.Il PETZL AQUILA \u00e8 una imbracatura d&#039;arrampicata e alpinismo molto confortevole per la performance in palestra, in falesia e su vie lunghe. L\u2019alleata degli arrampicatori che desiderano comfort e leggerezza! AQUILA \u00e8 un\u2019imbracatura per l\u2019arrampicata sportiva, tradizionale e l\u2019alpinismo. La cintura larga e confortevole si adatta a tutte le corporature e i cosciali regolabili si adattano al vostro abbigliamento per arrampicare in tutte le stagioni. Con una progettazione che rimane sottile e leggera, garantisce una grande libert\u00e0 di movimento, risultando molto confortevole nelle sospensioni. Polivalente con i cinque grandi portamateriali, vi accompagna nelle escursioni di montagna o in arrampicata tradizionale e i suoi punti di legatura rinforzati resistono solidamente agli sfregamenti della corda.\" \/>\n<meta name=\"robots\" content=\"index, follow, max-snippet:-1, max-image-preview:large, max-video-preview:-1\" \/>\n<link rel=\"canonical\" href=\"https:\/\/www.sestogrado.it\/en\/prodotto\/petzl-aquila-imbrago-arrampicata\/\" \/>\n<meta property=\"og:locale\" content=\"en_US\" \/>\n<meta property=\"og:type\" content=\"article\" \/>\n<meta property=\"og:title\" content=\"Petzl Aquila imbrago arrampicata - Sestogrado\" \/>\n<meta property=\"og:description\" content=\"Il PETZL AQUILA \u00e8 una imbracatura\u00a0d&#039;arrampicata e alpinismo molto confortevole per la performance in palestra, in falesia e su vie lunghe. La larga cintura e i cosciali regolabili sono perfettamente adatti alle grandi corporature, d\u2019estate e d\u2019inverno. Design, delicato e sobrio.Il PETZL AQUILA \u00e8 una imbracatura d&#039;arrampicata e alpinismo molto confortevole per la performance in palestra, in falesia e su vie lunghe. L\u2019alleata degli arrampicatori che desiderano comfort e leggerezza! AQUILA \u00e8 un\u2019imbracatura per l\u2019arrampicata sportiva, tradizionale e l\u2019alpinismo. La cintura larga e confortevole si adatta a tutte le corporature e i cosciali regolabili si adattano al vostro abbigliamento per arrampicare in tutte le stagioni. Con una progettazione che rimane sottile e leggera, garantisce una grande libert\u00e0 di movimento, risultando molto confortevole nelle sospensioni. Polivalente con i cinque grandi portamateriali, vi accompagna nelle escursioni di montagna o in arrampicata tradizionale e i suoi punti di legatura rinforzati resistono solidamente agli sfregamenti della corda.\" \/>\n<meta property=\"og:url\" content=\"https:\/\/www.sestogrado.it\/en\/prodotto\/petzl-aquila-imbrago-arrampicata\/\" \/>\n<meta property=\"og:site_name\" content=\"Sestogrado\" \/>\n<meta property=\"article:publisher\" content=\"https:\/\/www.facebook.com\/pages\/Sestogrado\/1542635979353017?ref=bookmarks\" \/>\n<meta property=\"article:modified_time\" content=\"2026-04-29T12:27:42+00:00\" \/>\n<meta property=\"og:image\" content=\"https:\/\/www.sestogrado.it\/wp-content\/uploads\/2020\/11\/01-6.jpg\" \/>\n\t<meta property=\"og:image:width\" content=\"1092\" \/>\n\t<meta property=\"og:image:height\" content=\"1092\" \/>\n\t<meta property=\"og:image:type\" content=\"image\/jpeg\" \/>\n<meta name=\"twitter:label1\" content=\"Availability\" \/>\n\t<meta name=\"twitter:data1\" content=\"In stock\" \/>\n<script type=\"application\/ld+json\" class=\"yoast-schema-graph\">{\"@context\":\"https:\/\/schema.org\",\"@graph\":[{\"@type\":\"WebPage\",\"@id\":\"https:\/\/www.sestogrado.it\/en\/prodotto\/petzl-aquila-imbrago-arrampicata\/\",\"url\":\"https:\/\/www.sestogrado.it\/en\/prodotto\/petzl-aquila-imbrago-arrampicata\/\",\"name\":\"Petzl Aquila imbrago arrampicata - Sestogrado\",\"isPartOf\":{\"@id\":\"https:\/\/www.sestogrado.it\/en\/#website\"},\"primaryImageOfPage\":{\"@id\":\"https:\/\/www.sestogrado.it\/en\/prodotto\/petzl-aquila-imbrago-arrampicata\/#primaryimage\"},\"image\":{\"@id\":\"https:\/\/www.sestogrado.it\/prodotto\/petzl-aquila-imbrago-arrampicata\/#primaryimage\"},\"thumbnailUrl\":\"https:\/\/www.sestogrado.it\/wp-content\/uploads\/2020\/11\/01-6.jpg\",\"datePublished\":\"2022-11-15T08:02:31+00:00\",\"dateModified\":\"2026-04-29T12:27:42+00:00\",\"description\":\"Il PETZL AQUILA \u00e8 una imbracatura\u00a0d'arrampicata e alpinismo molto confortevole per la performance in palestra, in falesia e su vie lunghe. La larga cintura e i cosciali regolabili sono perfettamente adatti alle grandi corporature, d\u2019estate e d\u2019inverno. Design, delicato e sobrio.Il PETZL AQUILA \u00e8 una imbracatura d'arrampicata e alpinismo molto confortevole per la performance in palestra, in falesia e su vie lunghe. L\u2019alleata degli arrampicatori che desiderano comfort e leggerezza! AQUILA \u00e8 un\u2019imbracatura per l\u2019arrampicata sportiva, tradizionale e l\u2019alpinismo. La cintura larga e confortevole si adatta a tutte le corporature e i cosciali regolabili si adattano al vostro abbigliamento per arrampicare in tutte le stagioni. Con una progettazione che rimane sottile e leggera, garantisce una grande libert\u00e0 di movimento, risultando molto confortevole nelle sospensioni. Polivalente con i cinque grandi portamateriali, vi accompagna nelle escursioni di montagna o in arrampicata tradizionale e i suoi punti di legatura rinforzati resistono solidamente agli sfregamenti della corda.\",\"breadcrumb\":{\"@id\":\"https:\/\/www.sestogrado.it\/en\/prodotto\/petzl-aquila-imbrago-arrampicata\/#breadcrumb\"},\"inLanguage\":\"en-US\",\"potentialAction\":[{\"@type\":\"ReadAction\",\"target\":[[\"https:\/\/www.sestogrado.it\/en\/prodotto\/petzl-aquila-imbrago-arrampicata\/\"]]}]},{\"@type\":\"ImageObject\",\"inLanguage\":\"en-US\",\"@id\":\"https:\/\/www.sestogrado.it\/en\/prodotto\/petzl-aquila-imbrago-arrampicata\/#primaryimage\",\"url\":\"https:\/\/www.sestogrado.it\/wp-content\/uploads\/2020\/11\/01-6.jpg\",\"contentUrl\":\"https:\/\/www.sestogrado.it\/wp-content\/uploads\/2020\/11\/01-6.jpg\",\"width\":1092,\"height\":1092,\"caption\":\"petzl aquila\"},{\"@type\":\"BreadcrumbList\",\"@id\":\"https:\/\/www.sestogrado.it\/en\/prodotto\/petzl-aquila-imbrago-arrampicata\/#breadcrumb\",\"itemListElement\":[{\"@type\":\"ListItem\",\"position\":1,\"name\":\"Home\",\"item\":\"https:\/\/www.sestogrado.it\/en\/\"},{\"@type\":\"ListItem\",\"position\":2,\"name\":\"Shop\",\"item\":\"https:\/\/www.sestogrado.it\/en\/shop\/\"},{\"@type\":\"ListItem\",\"position\":3,\"name\":\"Petzl Aquila imbrago arrampicata\"}]},{\"@type\":\"WebSite\",\"@id\":\"https:\/\/www.sestogrado.it\/en\/#website\",\"url\":\"https:\/\/www.sestogrado.it\/en\/\",\"name\":\"Sestogrado\",\"description\":\"yes we climb\",\"publisher\":{\"@id\":\"https:\/\/www.sestogrado.it\/en\/#organization\"},\"potentialAction\":[{\"@type\":\"SearchAction\",\"target\":{\"@type\":\"EntryPoint\",\"urlTemplate\":\"https:\/\/www.sestogrado.it\/en\/?s={search_term_string}\"},\"query-input\":{\"@type\":\"PropertyValueSpecification\",\"valueRequired\":true,\"valueName\":\"search_term_string\"}}],\"inLanguage\":\"en-US\"},{\"@type\":\"Organization\",\"@id\":\"https:\/\/www.sestogrado.it\/en\/#organization\",\"name\":\"Sestogrado\",\"url\":\"https:\/\/www.sestogrado.it\/en\/\",\"logo\":{\"@type\":\"ImageObject\",\"inLanguage\":\"en-US\",\"@id\":\"https:\/\/www.sestogrado.it\/en\/#\/schema\/logo\/image\/\",\"url\":\"https:\/\/www.sestogrado.it\/wp-content\/uploads\/2015\/03\/sestogrado-favicon.png\",\"contentUrl\":\"https:\/\/www.sestogrado.it\/wp-content\/uploads\/2015\/03\/sestogrado-favicon.png\",\"width\":260,\"height\":260,\"caption\":\"Sestogrado\"},\"image\":{\"@id\":\"https:\/\/www.sestogrado.it\/en\/#\/schema\/logo\/image\/\"},\"sameAs\":[\"https:\/\/www.facebook.com\/pages\/Sestogrado\/1542635979353017?ref=bookmarks\",\"https:\/\/www.youtube.com\/channel\/UC847kAfTkaJsWpc1jtQwr3Q\"],\"hasMerchantReturnPolicy\":{\"@type\":\"MerchantReturnPolicy\",\"merchantReturnLink\":\"https:\/\/www.sestogrado.it\/en\/termini-e-condizioni\/\"}}]}<\/script>\n<meta property=\"product:brand\" content=\"Petzl\" \/>\n<meta property=\"og:availability\" content=\"instock\" \/>\n<meta property=\"product:availability\" content=\"instock\" \/>\n<meta property=\"product:condition\" content=\"new\" \/>\n<!-- \/ Yoast SEO plugin. -->","yoast_head_json":{"title":"Petzl Aquila imbrago arrampicata - Sestogrado","description":"Il PETZL AQUILA \u00e8 una imbracatura\u00a0d'arrampicata e alpinismo molto confortevole per la performance in palestra, in falesia e su vie lunghe. La larga cintura e i cosciali regolabili sono perfettamente adatti alle grandi corporature, d\u2019estate e d\u2019inverno. Design, delicato e sobrio.Il PETZL AQUILA \u00e8 una imbracatura d'arrampicata e alpinismo molto confortevole per la performance in palestra, in falesia e su vie lunghe. L\u2019alleata degli arrampicatori che desiderano comfort e leggerezza! AQUILA \u00e8 un\u2019imbracatura per l\u2019arrampicata sportiva, tradizionale e l\u2019alpinismo. La cintura larga e confortevole si adatta a tutte le corporature e i cosciali regolabili si adattano al vostro abbigliamento per arrampicare in tutte le stagioni. Con una progettazione che rimane sottile e leggera, garantisce una grande libert\u00e0 di movimento, risultando molto confortevole nelle sospensioni. Polivalente con i cinque grandi portamateriali, vi accompagna nelle escursioni di montagna o in arrampicata tradizionale e i suoi punti di legatura rinforzati resistono solidamente agli sfregamenti della corda.","robots":{"index":"index","follow":"follow","max-snippet":"max-snippet:-1","max-image-preview":"max-image-preview:large","max-video-preview":"max-video-preview:-1"},"canonical":"https:\/\/www.sestogrado.it\/en\/prodotto\/petzl-aquila-imbrago-arrampicata\/","og_locale":"en_US","og_type":"article","og_title":"Petzl Aquila imbrago arrampicata - Sestogrado","og_description":"Il PETZL AQUILA \u00e8 una imbracatura\u00a0d'arrampicata e alpinismo molto confortevole per la performance in palestra, in falesia e su vie lunghe. La larga cintura e i cosciali regolabili sono perfettamente adatti alle grandi corporature, d\u2019estate e d\u2019inverno. Design, delicato e sobrio.Il PETZL AQUILA \u00e8 una imbracatura d'arrampicata e alpinismo molto confortevole per la performance in palestra, in falesia e su vie lunghe. L\u2019alleata degli arrampicatori che desiderano comfort e leggerezza! AQUILA \u00e8 un\u2019imbracatura per l\u2019arrampicata sportiva, tradizionale e l\u2019alpinismo. La cintura larga e confortevole si adatta a tutte le corporature e i cosciali regolabili si adattano al vostro abbigliamento per arrampicare in tutte le stagioni. Con una progettazione che rimane sottile e leggera, garantisce una grande libert\u00e0 di movimento, risultando molto confortevole nelle sospensioni. Polivalente con i cinque grandi portamateriali, vi accompagna nelle escursioni di montagna o in arrampicata tradizionale e i suoi punti di legatura rinforzati resistono solidamente agli sfregamenti della corda.","og_url":"https:\/\/www.sestogrado.it\/en\/prodotto\/petzl-aquila-imbrago-arrampicata\/","og_site_name":"Sestogrado","article_publisher":"https:\/\/www.facebook.com\/pages\/Sestogrado\/1542635979353017?ref=bookmarks","article_modified_time":"2026-04-29T12:27:42+00:00","og_image":[{"width":1092,"height":1092,"url":"https:\/\/www.sestogrado.it\/wp-content\/uploads\/2020\/11\/01-6.jpg","type":"image\/jpeg"}],"twitter_misc":{"Availability":"In stock"},"schema":{"@context":"https:\/\/schema.org","@graph":[{"@type":"WebPage","@id":"https:\/\/www.sestogrado.it\/en\/prodotto\/petzl-aquila-imbrago-arrampicata\/","url":"https:\/\/www.sestogrado.it\/en\/prodotto\/petzl-aquila-imbrago-arrampicata\/","name":"Petzl Aquila imbrago arrampicata - Sestogrado","isPartOf":{"@id":"https:\/\/www.sestogrado.it\/en\/#website"},"primaryImageOfPage":{"@id":"https:\/\/www.sestogrado.it\/en\/prodotto\/petzl-aquila-imbrago-arrampicata\/#primaryimage"},"image":{"@id":"https:\/\/www.sestogrado.it\/prodotto\/petzl-aquila-imbrago-arrampicata\/#primaryimage"},"thumbnailUrl":"https:\/\/www.sestogrado.it\/wp-content\/uploads\/2020\/11\/01-6.jpg","datePublished":"2022-11-15T08:02:31+00:00","dateModified":"2026-04-29T12:27:42+00:00","description":"Il PETZL AQUILA \u00e8 una imbracatura\u00a0d'arrampicata e alpinismo molto confortevole per la performance in palestra, in falesia e su vie lunghe. La larga cintura e i cosciali regolabili sono perfettamente adatti alle grandi corporature, d\u2019estate e d\u2019inverno. Design, delicato e sobrio.Il PETZL AQUILA \u00e8 una imbracatura d'arrampicata e alpinismo molto confortevole per la performance in palestra, in falesia e su vie lunghe. L\u2019alleata degli arrampicatori che desiderano comfort e leggerezza! AQUILA \u00e8 un\u2019imbracatura per l\u2019arrampicata sportiva, tradizionale e l\u2019alpinismo. La cintura larga e confortevole si adatta a tutte le corporature e i cosciali regolabili si adattano al vostro abbigliamento per arrampicare in tutte le stagioni. Con una progettazione che rimane sottile e leggera, garantisce una grande libert\u00e0 di movimento, risultando molto confortevole nelle sospensioni. Polivalente con i cinque grandi portamateriali, vi accompagna nelle escursioni di montagna o in arrampicata tradizionale e i suoi punti di legatura rinforzati resistono solidamente agli sfregamenti della corda.","breadcrumb":{"@id":"https:\/\/www.sestogrado.it\/en\/prodotto\/petzl-aquila-imbrago-arrampicata\/#breadcrumb"},"inLanguage":"en-US","potentialAction":[{"@type":"ReadAction","target":[["https:\/\/www.sestogrado.it\/en\/prodotto\/petzl-aquila-imbrago-arrampicata\/"]]}]},{"@type":"ImageObject","inLanguage":"en-US","@id":"https:\/\/www.sestogrado.it\/en\/prodotto\/petzl-aquila-imbrago-arrampicata\/#primaryimage","url":"https:\/\/www.sestogrado.it\/wp-content\/uploads\/2020\/11\/01-6.jpg","contentUrl":"https:\/\/www.sestogrado.it\/wp-content\/uploads\/2020\/11\/01-6.jpg","width":1092,"height":1092,"caption":"petzl aquila"},{"@type":"BreadcrumbList","@id":"https:\/\/www.sestogrado.it\/en\/prodotto\/petzl-aquila-imbrago-arrampicata\/#breadcrumb","itemListElement":[{"@type":"ListItem","position":1,"name":"Home","item":"https:\/\/www.sestogrado.it\/en\/"},{"@type":"ListItem","position":2,"name":"Shop","item":"https:\/\/www.sestogrado.it\/en\/shop\/"},{"@type":"ListItem","position":3,"name":"Petzl Aquila imbrago arrampicata"}]},{"@type":"WebSite","@id":"https:\/\/www.sestogrado.it\/en\/#website","url":"https:\/\/www.sestogrado.it\/en\/","name":"Sestogrado","description":"yes we climb","publisher":{"@id":"https:\/\/www.sestogrado.it\/en\/#organization"},"potentialAction":[{"@type":"SearchAction","target":{"@type":"EntryPoint","urlTemplate":"https:\/\/www.sestogrado.it\/en\/?s={search_term_string}"},"query-input":{"@type":"PropertyValueSpecification","valueRequired":true,"valueName":"search_term_string"}}],"inLanguage":"en-US"},{"@type":"Organization","@id":"https:\/\/www.sestogrado.it\/en\/#organization","name":"Sestogrado","url":"https:\/\/www.sestogrado.it\/en\/","logo":{"@type":"ImageObject","inLanguage":"en-US","@id":"https:\/\/www.sestogrado.it\/en\/#\/schema\/logo\/image\/","url":"https:\/\/www.sestogrado.it\/wp-content\/uploads\/2015\/03\/sestogrado-favicon.png","contentUrl":"https:\/\/www.sestogrado.it\/wp-content\/uploads\/2015\/03\/sestogrado-favicon.png","width":260,"height":260,"caption":"Sestogrado"},"image":{"@id":"https:\/\/www.sestogrado.it\/en\/#\/schema\/logo\/image\/"},"sameAs":["https:\/\/www.facebook.com\/pages\/Sestogrado\/1542635979353017?ref=bookmarks","https:\/\/www.youtube.com\/channel\/UC847kAfTkaJsWpc1jtQwr3Q"],"hasMerchantReturnPolicy":{"@type":"MerchantReturnPolicy","merchantReturnLink":"https:\/\/www.sestogrado.it\/en\/termini-e-condizioni\/"}}]},"product_brand":"Petzl","og_availability":"instock","product_availability":"instock","product_condition":"new"},"_links":{"self":[{"href":"https:\/\/www.sestogrado.it\/en\/wp-json\/wp\/v2\/product\/3176","targetHints":{"allow":["GET"]}}],"collection":[{"href":"https:\/\/www.sestogrado.it\/en\/wp-json\/wp\/v2\/product"}],"about":[{"href":"https:\/\/www.sestogrado.it\/en\/wp-json\/wp\/v2\/types\/product"}],"replies":[{"embeddable":true,"href":"https:\/\/www.sestogrado.it\/en\/wp-json\/wp\/v2\/comments?post=3176"}],"wp:featuredmedia":[{"embeddable":true,"href":"https:\/\/www.sestogrado.it\/en\/wp-json\/wp\/v2\/media\/117399"}],"wp:attachment":[{"href":"https:\/\/www.sestogrado.it\/en\/wp-json\/wp\/v2\/media?parent=3176"}],"wp:term":[{"taxonomy":"product_brand","embeddable":true,"href":"https:\/\/www.sestogrado.it\/en\/wp-json\/wp\/v2\/product_brand?post=3176"},{"taxonomy":"product_cat","embeddable":true,"href":"https:\/\/www.sestogrado.it\/en\/wp-json\/wp\/v2\/product_cat?post=3176"},{"taxonomy":"product_tag","embeddable":true,"href":"https:\/\/www.sestogrado.it\/en\/wp-json\/wp\/v2\/product_tag?post=3176"}],"curies":[{"name":"wp","href":"https:\/\/api.w.org\/{rel}","templated":true}]}}