{"id":3148,"date":"2024-07-15T08:56:33","date_gmt":"2024-07-15T06:56:33","guid":{"rendered":"http:\/\/www.sestogrado.it\/?post_type=product&#038;p=3148"},"modified":"2025-10-14T08:58:06","modified_gmt":"2025-10-14T06:58:06","slug":"petzl-sitta-imbrago-arrampicata","status":"publish","type":"product","link":"https:\/\/www.sestogrado.it\/en\/prodotto\/petzl-sitta-imbrago-arrampicata\/","title":{"rendered":"Petzl Sitta imbrago arrampicata"},"content":{"rendered":"<p><\/p>\n<p class=\"productSubtitle\">Il Petzl Sitta \u00e8 la Ferrari degli imbraghi da arrampicata.<\/p>\n<p class=\"productSubtitle\">Pensata appositamente per i top climber che richiedono il massimo alla propria attrezzatura tecnica, il Petzl Sitta \u00e8 un&#8217;imbracatura d&#8217;arrampicata e alpinismo di alto livello che garantisce compattezza, leggerezza e massimo comfort. La costruzione WIREFRAME Technology dell&#8217;imbracatura SITTA, basata sull&#8217;utilizzo di fili Spectra\u00ae su cintura e cosciali, garantisce una ripartizione ottimale del carico e un comfort eccellente. Questa imbracatura permette all&#8217;arrampicatore una totale libert\u00e0 di movimento.<\/p>\n<ul>\n<li>Costruzione WIREFRAME Technology:<br \/>\n&#8211; fili Spectra\u00ae sono utilizzati su cintura e cosciali; garantiscono una ripartizione ottimale del carico senza dover ricorrere ad imbottiture,<br \/>\n&#8211; la cintura e i cosciali estremamente sottili garantiscono un design sobrio, una compattezza e una leggerezza portate al massimo livello.<\/li>\n<li>Comfort e durata:<br \/>\n&#8211; il bordo in tessuto incollato sulla cintura, evita i punti di pressione e garantisce una resistenza ottimale all&#8217;usura,<br \/>\n&#8211; l&#8217;assenza di cuciture passanti elimina i punti di compressione e le zone di sfregamento sulla cintura,<br \/>\n&#8211; i cosciali elastici con regolazione permanente e la grande flessibilit\u00e0 del collegamento cosciale-ponte offrono una grande libert\u00e0 di movimento.<\/li>\n<li>Facile regolazione:<br \/>\n&#8211; la fibbia DoubleBack HD in alluminio forgiato, dotata di un design sottile e arrotondato, consente una buona prensilit\u00e0 e uno scorrimento fluido della fettuccia di serraggio per una regolazione facile e rapida della cintura,<br \/>\n&#8211; la fettuccia di regolazione zigrinata evita qualsiasi allentamento involontario.<\/li>\n<li>Equipaggiamento molto completo:<br \/>\n&#8211; punti di legatura rinforzati in polietilene alta resistenza per una maggiore resistenza all&#8217;usura per sfregamento della corda,<br \/>\n&#8211; due portamateriali anteriori rigidi con una grande capacit\u00e0 di stoccaggio,<br \/>\n&#8211; un separatore amovibile consente una sistemazione organizzata e un facile e rapido accesso all&#8217;attrezzatura,<br \/>\n&#8211; due portamateriali posteriori flessibili per non creare zone dure quando si trasporta uno zaino,<br \/>\n&#8211; due passanti integrati per portamateriale CARITOOL,<br \/>\n&#8211; fibbia posteriore per corda di sollevamento.<\/li>\n<li>Imbracatura ecocompatibile, realizzata con il tessuto Bluesign nel rispetto degli obiettivi di ottimizzazione della produttivit\u00e0 delle risorse, della sicurezza del consumatore, delle emissioni atmosferiche, dell&#8217;inquinamento delle acque e dell&#8217;igiene e della sicurezza professionali.<\/li>\n<\/ul>\n<p>Senza compromessi, il Petzl Sitta \u00e8 destinato a costituire il punto di riferimento per gli imbraghi da arrampicata.<\/p>\n<div class=\"embed-responsive embed-responsive-16by9\"><iframe title=\"SITTA - Petzl&#039;s high-end climbing and mountaineering harness\" src=\"https:\/\/player.vimeo.com\/video\/134939662?dnt=1&amp;app_id=122963\" width=\"500\" height=\"281\" frameborder=\"0\" allow=\"autoplay; fullscreen; picture-in-picture; clipboard-write; encrypted-media; web-share\" referrerpolicy=\"strict-origin-when-cross-origin\"><\/iframe><\/div>\n<p>&nbsp;<\/p>\n<p class=\"productSubtitle\">\n<p><\/p>","protected":false},"excerpt":{"rendered":"<p>Il Petzl Sitta \u00e8 la Ferrari degli imbraghi da arrampicata. Pensata appositamente per i top climber che richiedono il massimo [&hellip;]<\/p>\n","protected":false},"featured_media":166673,"comment_status":"open","ping_status":"closed","template":"","meta":{"_acf_changed":false},"product_brand":[50],"product_cat":[182,183],"product_tag":[409],"class_list":{"0":"post-3148","1":"product","2":"type-product","3":"status-publish","4":"has-post-thumbnail","6":"product_brand-petzl","7":"product_cat-sportivi","8":"product_cat-alpinismo","9":"product_tag-imbrago","11":"first","12":"instock","13":"sale","14":"taxable","15":"shipping-taxable","16":"purchasable","17":"product-type-variable"},"acf":[],"yoast_head":"<!-- This site is optimized with the Yoast SEO plugin v26.4 - https:\/\/yoast.com\/wordpress\/plugins\/seo\/ -->\n<title>Petzl Sitta imbrago arrampicata - Sestogrado<\/title>\n<meta name=\"description\" content=\"Il Petzl Sitta \u00e8 la Ferrari degli imbraghi da arrampicata.Pensata appositamente per i top climber che richiedono il massimo alla propria attrezzatura tecnica, il Petzl Sitta \u00e8 un&#039;imbracatura d&#039;arrampicata e alpinismo di alto livello che garantisce compattezza, leggerezza e massimo comfort. La costruzione WIREFRAME Technology dell&#039;imbracatura SITTA, basata sull&#039;utilizzo di fili Spectra\u00ae su cintura e cosciali, garantisce una ripartizione ottimale del carico e un comfort eccellente. Questa imbracatura permette all&#039;arrampicatore una totale libert\u00e0 di movimento.\u00c8 anche molto compatta una volta sistemata nello zaino. In arrampicata come in alpinismo, avete completa libert\u00e0 di movimento, grazie alla sua cintura estremamente sottile e flessibile. I cinque portamateriali vi consentono di portare tutta l\u2019attrezzatura necessaria per progredire su ghiaccio o roccia. Grazie ad essa, potrete concatenare i vostri sogni: i punti di legatura rinforzati sono progettati per resistere solidamente agli sfregamenti della corda.\" \/>\n<meta name=\"robots\" content=\"index, follow, max-snippet:-1, max-image-preview:large, max-video-preview:-1\" \/>\n<link rel=\"canonical\" href=\"https:\/\/www.sestogrado.it\/en\/prodotto\/petzl-sitta-imbrago-arrampicata\/\" \/>\n<meta property=\"og:locale\" content=\"en_US\" \/>\n<meta property=\"og:type\" content=\"article\" \/>\n<meta property=\"og:title\" content=\"Petzl Sitta imbrago arrampicata - Sestogrado\" \/>\n<meta property=\"og:description\" content=\"Il Petzl Sitta \u00e8 la Ferrari degli imbraghi da arrampicata.Pensata appositamente per i top climber che richiedono il massimo alla propria attrezzatura tecnica, il Petzl Sitta \u00e8 un&#039;imbracatura d&#039;arrampicata e alpinismo di alto livello che garantisce compattezza, leggerezza e massimo comfort. La costruzione WIREFRAME Technology dell&#039;imbracatura SITTA, basata sull&#039;utilizzo di fili Spectra\u00ae su cintura e cosciali, garantisce una ripartizione ottimale del carico e un comfort eccellente. Questa imbracatura permette all&#039;arrampicatore una totale libert\u00e0 di movimento.\u00c8 anche molto compatta una volta sistemata nello zaino. In arrampicata come in alpinismo, avete completa libert\u00e0 di movimento, grazie alla sua cintura estremamente sottile e flessibile. I cinque portamateriali vi consentono di portare tutta l\u2019attrezzatura necessaria per progredire su ghiaccio o roccia. Grazie ad essa, potrete concatenare i vostri sogni: i punti di legatura rinforzati sono progettati per resistere solidamente agli sfregamenti della corda.\" \/>\n<meta property=\"og:url\" content=\"https:\/\/www.sestogrado.it\/en\/prodotto\/petzl-sitta-imbrago-arrampicata\/\" \/>\n<meta property=\"og:site_name\" content=\"Sestogrado\" \/>\n<meta property=\"article:publisher\" content=\"https:\/\/www.facebook.com\/pages\/Sestogrado\/1542635979353017?ref=bookmarks\" \/>\n<meta property=\"article:modified_time\" content=\"2025-10-14T06:58:06+00:00\" \/>\n<meta property=\"og:image\" content=\"https:\/\/www.sestogrado.it\/wp-content\/uploads\/2015\/11\/01-12.jpg\" \/>\n\t<meta property=\"og:image:width\" content=\"1165\" \/>\n\t<meta property=\"og:image:height\" content=\"1165\" \/>\n\t<meta property=\"og:image:type\" content=\"image\/jpeg\" \/>\n<meta name=\"twitter:label1\" content=\"Availability\" \/>\n\t<meta name=\"twitter:data1\" content=\"In stock\" \/>\n<script type=\"application\/ld+json\" class=\"yoast-schema-graph\">{\"@context\":\"https:\/\/schema.org\",\"@graph\":[{\"@type\":\"WebPage\",\"@id\":\"https:\/\/www.sestogrado.it\/en\/prodotto\/petzl-sitta-imbrago-arrampicata\/\",\"url\":\"https:\/\/www.sestogrado.it\/en\/prodotto\/petzl-sitta-imbrago-arrampicata\/\",\"name\":\"Petzl Sitta imbrago arrampicata - Sestogrado\",\"isPartOf\":{\"@id\":\"https:\/\/www.sestogrado.it\/en\/#website\"},\"primaryImageOfPage\":{\"@id\":\"https:\/\/www.sestogrado.it\/en\/prodotto\/petzl-sitta-imbrago-arrampicata\/#primaryimage\"},\"image\":{\"@id\":\"https:\/\/www.sestogrado.it\/prodotto\/petzl-sitta-imbrago-arrampicata\/#primaryimage\"},\"thumbnailUrl\":\"https:\/\/www.sestogrado.it\/wp-content\/uploads\/2015\/11\/01-12.jpg\",\"datePublished\":\"2024-07-15T06:56:33+00:00\",\"dateModified\":\"2025-10-14T06:58:06+00:00\",\"description\":\"Il Petzl Sitta \u00e8 la Ferrari degli imbraghi da arrampicata.Pensata appositamente per i top climber che richiedono il massimo alla propria attrezzatura tecnica, il Petzl Sitta \u00e8 un'imbracatura d'arrampicata e alpinismo di alto livello che garantisce compattezza, leggerezza e massimo comfort. La costruzione WIREFRAME Technology dell'imbracatura SITTA, basata sull'utilizzo di fili Spectra\u00ae su cintura e cosciali, garantisce una ripartizione ottimale del carico e un comfort eccellente. Questa imbracatura permette all'arrampicatore una totale libert\u00e0 di movimento.\u00c8 anche molto compatta una volta sistemata nello zaino. In arrampicata come in alpinismo, avete completa libert\u00e0 di movimento, grazie alla sua cintura estremamente sottile e flessibile. I cinque portamateriali vi consentono di portare tutta l\u2019attrezzatura necessaria per progredire su ghiaccio o roccia. Grazie ad essa, potrete concatenare i vostri sogni: i punti di legatura rinforzati sono progettati per resistere solidamente agli sfregamenti della corda.\",\"breadcrumb\":{\"@id\":\"https:\/\/www.sestogrado.it\/en\/prodotto\/petzl-sitta-imbrago-arrampicata\/#breadcrumb\"},\"inLanguage\":\"en-US\",\"potentialAction\":[{\"@type\":\"ReadAction\",\"target\":[[\"https:\/\/www.sestogrado.it\/en\/prodotto\/petzl-sitta-imbrago-arrampicata\/\"]]}]},{\"@type\":\"ImageObject\",\"inLanguage\":\"en-US\",\"@id\":\"https:\/\/www.sestogrado.it\/en\/prodotto\/petzl-sitta-imbrago-arrampicata\/#primaryimage\",\"url\":\"https:\/\/www.sestogrado.it\/wp-content\/uploads\/2015\/11\/01-12.jpg\",\"contentUrl\":\"https:\/\/www.sestogrado.it\/wp-content\/uploads\/2015\/11\/01-12.jpg\",\"width\":1165,\"height\":1165,\"caption\":\"sitta\"},{\"@type\":\"BreadcrumbList\",\"@id\":\"https:\/\/www.sestogrado.it\/en\/prodotto\/petzl-sitta-imbrago-arrampicata\/#breadcrumb\",\"itemListElement\":[{\"@type\":\"ListItem\",\"position\":1,\"name\":\"Home\",\"item\":\"https:\/\/www.sestogrado.it\/en\/\"},{\"@type\":\"ListItem\",\"position\":2,\"name\":\"Shop\",\"item\":\"https:\/\/www.sestogrado.it\/en\/shop\/\"},{\"@type\":\"ListItem\",\"position\":3,\"name\":\"Petzl Sitta imbrago arrampicata\"}]},{\"@type\":\"WebSite\",\"@id\":\"https:\/\/www.sestogrado.it\/en\/#website\",\"url\":\"https:\/\/www.sestogrado.it\/en\/\",\"name\":\"Sestogrado\",\"description\":\"yes we climb\",\"publisher\":{\"@id\":\"https:\/\/www.sestogrado.it\/en\/#organization\"},\"potentialAction\":[{\"@type\":\"SearchAction\",\"target\":{\"@type\":\"EntryPoint\",\"urlTemplate\":\"https:\/\/www.sestogrado.it\/en\/?s={search_term_string}\"},\"query-input\":{\"@type\":\"PropertyValueSpecification\",\"valueRequired\":true,\"valueName\":\"search_term_string\"}}],\"inLanguage\":\"en-US\"},{\"@type\":\"Organization\",\"@id\":\"https:\/\/www.sestogrado.it\/en\/#organization\",\"name\":\"Sestogrado\",\"url\":\"https:\/\/www.sestogrado.it\/en\/\",\"logo\":{\"@type\":\"ImageObject\",\"inLanguage\":\"en-US\",\"@id\":\"https:\/\/www.sestogrado.it\/en\/#\/schema\/logo\/image\/\",\"url\":\"https:\/\/www.sestogrado.it\/wp-content\/uploads\/2015\/03\/sestogrado-favicon.png\",\"contentUrl\":\"https:\/\/www.sestogrado.it\/wp-content\/uploads\/2015\/03\/sestogrado-favicon.png\",\"width\":260,\"height\":260,\"caption\":\"Sestogrado\"},\"image\":{\"@id\":\"https:\/\/www.sestogrado.it\/en\/#\/schema\/logo\/image\/\"},\"sameAs\":[\"https:\/\/www.facebook.com\/pages\/Sestogrado\/1542635979353017?ref=bookmarks\",\"https:\/\/www.youtube.com\/channel\/UC847kAfTkaJsWpc1jtQwr3Q\"],\"hasMerchantReturnPolicy\":{\"@type\":\"MerchantReturnPolicy\",\"merchantReturnLink\":\"https:\/\/www.sestogrado.it\/en\/termini-e-condizioni\/\"}}]}<\/script>\n<meta property=\"product:brand\" content=\"Petzl\" \/>\n<meta property=\"og:availability\" content=\"instock\" \/>\n<meta property=\"product:availability\" content=\"instock\" \/>\n<meta property=\"product:condition\" content=\"new\" \/>\n<!-- \/ Yoast SEO plugin. -->","yoast_head_json":{"title":"Petzl Sitta imbrago arrampicata - Sestogrado","description":"Il Petzl Sitta \u00e8 la Ferrari degli imbraghi da arrampicata.Pensata appositamente per i top climber che richiedono il massimo alla propria attrezzatura tecnica, il Petzl Sitta \u00e8 un'imbracatura d'arrampicata e alpinismo di alto livello che garantisce compattezza, leggerezza e massimo comfort. La costruzione WIREFRAME Technology dell'imbracatura SITTA, basata sull'utilizzo di fili Spectra\u00ae su cintura e cosciali, garantisce una ripartizione ottimale del carico e un comfort eccellente. Questa imbracatura permette all'arrampicatore una totale libert\u00e0 di movimento.\u00c8 anche molto compatta una volta sistemata nello zaino. In arrampicata come in alpinismo, avete completa libert\u00e0 di movimento, grazie alla sua cintura estremamente sottile e flessibile. I cinque portamateriali vi consentono di portare tutta l\u2019attrezzatura necessaria per progredire su ghiaccio o roccia. Grazie ad essa, potrete concatenare i vostri sogni: i punti di legatura rinforzati sono progettati per resistere solidamente agli sfregamenti della corda.","robots":{"index":"index","follow":"follow","max-snippet":"max-snippet:-1","max-image-preview":"max-image-preview:large","max-video-preview":"max-video-preview:-1"},"canonical":"https:\/\/www.sestogrado.it\/en\/prodotto\/petzl-sitta-imbrago-arrampicata\/","og_locale":"en_US","og_type":"article","og_title":"Petzl Sitta imbrago arrampicata - Sestogrado","og_description":"Il Petzl Sitta \u00e8 la Ferrari degli imbraghi da arrampicata.Pensata appositamente per i top climber che richiedono il massimo alla propria attrezzatura tecnica, il Petzl Sitta \u00e8 un'imbracatura d'arrampicata e alpinismo di alto livello che garantisce compattezza, leggerezza e massimo comfort. La costruzione WIREFRAME Technology dell'imbracatura SITTA, basata sull'utilizzo di fili Spectra\u00ae su cintura e cosciali, garantisce una ripartizione ottimale del carico e un comfort eccellente. Questa imbracatura permette all'arrampicatore una totale libert\u00e0 di movimento.\u00c8 anche molto compatta una volta sistemata nello zaino. In arrampicata come in alpinismo, avete completa libert\u00e0 di movimento, grazie alla sua cintura estremamente sottile e flessibile. I cinque portamateriali vi consentono di portare tutta l\u2019attrezzatura necessaria per progredire su ghiaccio o roccia. Grazie ad essa, potrete concatenare i vostri sogni: i punti di legatura rinforzati sono progettati per resistere solidamente agli sfregamenti della corda.","og_url":"https:\/\/www.sestogrado.it\/en\/prodotto\/petzl-sitta-imbrago-arrampicata\/","og_site_name":"Sestogrado","article_publisher":"https:\/\/www.facebook.com\/pages\/Sestogrado\/1542635979353017?ref=bookmarks","article_modified_time":"2025-10-14T06:58:06+00:00","og_image":[{"width":1165,"height":1165,"url":"https:\/\/www.sestogrado.it\/wp-content\/uploads\/2015\/11\/01-12.jpg","type":"image\/jpeg"}],"twitter_misc":{"Availability":"In stock"},"schema":{"@context":"https:\/\/schema.org","@graph":[{"@type":"WebPage","@id":"https:\/\/www.sestogrado.it\/en\/prodotto\/petzl-sitta-imbrago-arrampicata\/","url":"https:\/\/www.sestogrado.it\/en\/prodotto\/petzl-sitta-imbrago-arrampicata\/","name":"Petzl Sitta imbrago arrampicata - Sestogrado","isPartOf":{"@id":"https:\/\/www.sestogrado.it\/en\/#website"},"primaryImageOfPage":{"@id":"https:\/\/www.sestogrado.it\/en\/prodotto\/petzl-sitta-imbrago-arrampicata\/#primaryimage"},"image":{"@id":"https:\/\/www.sestogrado.it\/prodotto\/petzl-sitta-imbrago-arrampicata\/#primaryimage"},"thumbnailUrl":"https:\/\/www.sestogrado.it\/wp-content\/uploads\/2015\/11\/01-12.jpg","datePublished":"2024-07-15T06:56:33+00:00","dateModified":"2025-10-14T06:58:06+00:00","description":"Il Petzl Sitta \u00e8 la Ferrari degli imbraghi da arrampicata.Pensata appositamente per i top climber che richiedono il massimo alla propria attrezzatura tecnica, il Petzl Sitta \u00e8 un'imbracatura d'arrampicata e alpinismo di alto livello che garantisce compattezza, leggerezza e massimo comfort. La costruzione WIREFRAME Technology dell'imbracatura SITTA, basata sull'utilizzo di fili Spectra\u00ae su cintura e cosciali, garantisce una ripartizione ottimale del carico e un comfort eccellente. Questa imbracatura permette all'arrampicatore una totale libert\u00e0 di movimento.\u00c8 anche molto compatta una volta sistemata nello zaino. In arrampicata come in alpinismo, avete completa libert\u00e0 di movimento, grazie alla sua cintura estremamente sottile e flessibile. I cinque portamateriali vi consentono di portare tutta l\u2019attrezzatura necessaria per progredire su ghiaccio o roccia. Grazie ad essa, potrete concatenare i vostri sogni: i punti di legatura rinforzati sono progettati per resistere solidamente agli sfregamenti della corda.","breadcrumb":{"@id":"https:\/\/www.sestogrado.it\/en\/prodotto\/petzl-sitta-imbrago-arrampicata\/#breadcrumb"},"inLanguage":"en-US","potentialAction":[{"@type":"ReadAction","target":[["https:\/\/www.sestogrado.it\/en\/prodotto\/petzl-sitta-imbrago-arrampicata\/"]]}]},{"@type":"ImageObject","inLanguage":"en-US","@id":"https:\/\/www.sestogrado.it\/en\/prodotto\/petzl-sitta-imbrago-arrampicata\/#primaryimage","url":"https:\/\/www.sestogrado.it\/wp-content\/uploads\/2015\/11\/01-12.jpg","contentUrl":"https:\/\/www.sestogrado.it\/wp-content\/uploads\/2015\/11\/01-12.jpg","width":1165,"height":1165,"caption":"sitta"},{"@type":"BreadcrumbList","@id":"https:\/\/www.sestogrado.it\/en\/prodotto\/petzl-sitta-imbrago-arrampicata\/#breadcrumb","itemListElement":[{"@type":"ListItem","position":1,"name":"Home","item":"https:\/\/www.sestogrado.it\/en\/"},{"@type":"ListItem","position":2,"name":"Shop","item":"https:\/\/www.sestogrado.it\/en\/shop\/"},{"@type":"ListItem","position":3,"name":"Petzl Sitta imbrago arrampicata"}]},{"@type":"WebSite","@id":"https:\/\/www.sestogrado.it\/en\/#website","url":"https:\/\/www.sestogrado.it\/en\/","name":"Sestogrado","description":"yes we climb","publisher":{"@id":"https:\/\/www.sestogrado.it\/en\/#organization"},"potentialAction":[{"@type":"SearchAction","target":{"@type":"EntryPoint","urlTemplate":"https:\/\/www.sestogrado.it\/en\/?s={search_term_string}"},"query-input":{"@type":"PropertyValueSpecification","valueRequired":true,"valueName":"search_term_string"}}],"inLanguage":"en-US"},{"@type":"Organization","@id":"https:\/\/www.sestogrado.it\/en\/#organization","name":"Sestogrado","url":"https:\/\/www.sestogrado.it\/en\/","logo":{"@type":"ImageObject","inLanguage":"en-US","@id":"https:\/\/www.sestogrado.it\/en\/#\/schema\/logo\/image\/","url":"https:\/\/www.sestogrado.it\/wp-content\/uploads\/2015\/03\/sestogrado-favicon.png","contentUrl":"https:\/\/www.sestogrado.it\/wp-content\/uploads\/2015\/03\/sestogrado-favicon.png","width":260,"height":260,"caption":"Sestogrado"},"image":{"@id":"https:\/\/www.sestogrado.it\/en\/#\/schema\/logo\/image\/"},"sameAs":["https:\/\/www.facebook.com\/pages\/Sestogrado\/1542635979353017?ref=bookmarks","https:\/\/www.youtube.com\/channel\/UC847kAfTkaJsWpc1jtQwr3Q"],"hasMerchantReturnPolicy":{"@type":"MerchantReturnPolicy","merchantReturnLink":"https:\/\/www.sestogrado.it\/en\/termini-e-condizioni\/"}}]},"product_brand":"Petzl","og_availability":"instock","product_availability":"instock","product_condition":"new"},"_links":{"self":[{"href":"https:\/\/www.sestogrado.it\/en\/wp-json\/wp\/v2\/product\/3148","targetHints":{"allow":["GET"]}}],"collection":[{"href":"https:\/\/www.sestogrado.it\/en\/wp-json\/wp\/v2\/product"}],"about":[{"href":"https:\/\/www.sestogrado.it\/en\/wp-json\/wp\/v2\/types\/product"}],"replies":[{"embeddable":true,"href":"https:\/\/www.sestogrado.it\/en\/wp-json\/wp\/v2\/comments?post=3148"}],"wp:featuredmedia":[{"embeddable":true,"href":"https:\/\/www.sestogrado.it\/en\/wp-json\/wp\/v2\/media\/166673"}],"wp:attachment":[{"href":"https:\/\/www.sestogrado.it\/en\/wp-json\/wp\/v2\/media?parent=3148"}],"wp:term":[{"taxonomy":"product_brand","embeddable":true,"href":"https:\/\/www.sestogrado.it\/en\/wp-json\/wp\/v2\/product_brand?post=3148"},{"taxonomy":"product_cat","embeddable":true,"href":"https:\/\/www.sestogrado.it\/en\/wp-json\/wp\/v2\/product_cat?post=3148"},{"taxonomy":"product_tag","embeddable":true,"href":"https:\/\/www.sestogrado.it\/en\/wp-json\/wp\/v2\/product_tag?post=3148"}],"curies":[{"name":"wp","href":"https:\/\/api.w.org\/{rel}","templated":true}]}}