{"id":29463,"date":"2020-03-12T14:13:48","date_gmt":"2020-03-12T13:13:48","guid":{"rendered":"https:\/\/www.sestogrado.it\/?post_type=product&#038;p=29463"},"modified":"2025-02-14T13:46:47","modified_gmt":"2025-02-14T12:46:47","slug":"black-diamond-arc-guanti-alpinismo","status":"publish","type":"product","link":"https:\/\/www.sestogrado.it\/en\/prodotto\/black-diamond-arc-guanti-alpinismo\/","title":{"rendered":"Black Diamond Arc gloves"},"content":{"rendered":"<p>The Arc\u2019s lightweight, motocross-inspired design is complemented by a waterproof BD.dry\u2122 insert for multiple cold-weather activities.<\/p>\n<p>A warm ultralight glove perfect for daylong ski tours, the Black Diamond Arc&#8217;s motocross-inspired design is complemented by a 100% waterproof BD.dry\u2122 insert. A snug fit and Pittards Oil Tac leather palm and capped fingers optimize the Arc&#8217;s dexterity and functionality. Imported.<\/p>\n<ul>\n<li>100% waterproof BD.dry\u2122 insert<\/li>\n<li>Two-layer stretch-woven shell with microfleece back<\/li>\n<li>Pittards Oil Tac leather palm and capped fingers (not designed for speed rappelling)<\/li>\n<li>Secure hook-and-loop closure at wrist<\/li>\n<\/ul>\n<p><\/p>","protected":false},"excerpt":{"rendered":"<p>The Arc\u2019s lightweight, motocross-inspired design is complemented by a waterproof BD.dry\u2122 insert for multiple cold-weather activities. A warm ultralight glove [&hellip;]<\/p>\n","protected":false},"featured_media":29495,"comment_status":"open","ping_status":"closed","template":"","meta":{"_acf_changed":false},"product_brand":[121],"product_cat":[1428],"product_tag":[],"class_list":{"0":"post-29463","1":"product","2":"type-product","3":"status-publish","4":"has-post-thumbnail","6":"product_brand-black-diamond","7":"product_cat-guanti-da-alpinismo","9":"first","10":"instock","11":"sale","12":"taxable","13":"shipping-taxable","14":"purchasable","15":"product-type-variable"},"acf":[],"yoast_head":"<!-- This site is optimized with the Yoast SEO plugin v26.4 - https:\/\/yoast.com\/wordpress\/plugins\/seo\/ -->\n<title>Black Diamond Arc gloves - Sestogrado<\/title>\n<meta name=\"description\" content=\"I Black Diamond Arc sono dei guanti leggeri e ed impermeabili, inspirati alla filosofia costruttiva del motocross. Sono molto robusti ed adatti ad attivit\u00e0 alpinistiche, come sci alpinismo, ciaspole, ferrate, manovre di corda.Gli Arc sono pensati per mantenere la mano calda, asciutta e donare la massima versatilit\u00e0 e sensibilit\u00e0 possibile. Sci alpinismo, alpinismo classico o semplicemente una fredda giornata invernale in falesia, gli Arc saranno i tuoi caldi compagni. Il palmo in pelle Pittard assicura un ottimo grip sulle rocce e sugli sci, mentre gli inserti BDry faranno s\u00ed che le tue mani non sudino troppo. Il palmo in Pittard Oil tac fornisce eccezionale grip, tenuta e sensibilit\u00e0, ideale per impugnare attrezzi, ma, a fronte di questa sensibilit\u00e0, non rende gli Arc consigliabili per le veloci calate in doppia.Il BDry \u00e8 una membrana impermeabile che Black Diamond utilizza nei suoi guanti. Funziona come una barriera contro l&#039;acqua che evita che le tue mani si bagnino e le mantiene calde e asciutte anche nelle pi\u00f9 lunghe giornate di sci.La 3M\u2122 Thinsulate\u2122 Insulation \u00e8 una linea completa di prodotti termici dell&#039;azienda 3M, il cui obbiettivo \u00e8 trattenere, in poco spazio, molto calore. Questa tecnologia promette a chi indossa l&#039;abbigliamento dotato di 3M\u2122 Thinsulate\u2122 Insulation di muoversi liberamente e con facilit\u00e0 anche nelle giornate fredde e senza congelare.\" \/>\n<meta name=\"robots\" content=\"index, follow, max-snippet:-1, max-image-preview:large, max-video-preview:-1\" \/>\n<link rel=\"canonical\" href=\"https:\/\/www.sestogrado.it\/en\/prodotto\/black-diamond-arc-guanti-alpinismo\/\" \/>\n<meta property=\"og:locale\" content=\"en_US\" \/>\n<meta property=\"og:type\" content=\"article\" \/>\n<meta property=\"og:title\" content=\"Black Diamond Arc gloves - Sestogrado\" \/>\n<meta property=\"og:description\" content=\"I Black Diamond Arc sono dei guanti leggeri e ed impermeabili, inspirati alla filosofia costruttiva del motocross. Sono molto robusti ed adatti ad attivit\u00e0 alpinistiche, come sci alpinismo, ciaspole, ferrate, manovre di corda.Gli Arc sono pensati per mantenere la mano calda, asciutta e donare la massima versatilit\u00e0 e sensibilit\u00e0 possibile. Sci alpinismo, alpinismo classico o semplicemente una fredda giornata invernale in falesia, gli Arc saranno i tuoi caldi compagni. Il palmo in pelle Pittard assicura un ottimo grip sulle rocce e sugli sci, mentre gli inserti BDry faranno s\u00ed che le tue mani non sudino troppo. Il palmo in Pittard Oil tac fornisce eccezionale grip, tenuta e sensibilit\u00e0, ideale per impugnare attrezzi, ma, a fronte di questa sensibilit\u00e0, non rende gli Arc consigliabili per le veloci calate in doppia.Il BDry \u00e8 una membrana impermeabile che Black Diamond utilizza nei suoi guanti. Funziona come una barriera contro l&#039;acqua che evita che le tue mani si bagnino e le mantiene calde e asciutte anche nelle pi\u00f9 lunghe giornate di sci.La 3M\u2122 Thinsulate\u2122 Insulation \u00e8 una linea completa di prodotti termici dell&#039;azienda 3M, il cui obbiettivo \u00e8 trattenere, in poco spazio, molto calore. Questa tecnologia promette a chi indossa l&#039;abbigliamento dotato di 3M\u2122 Thinsulate\u2122 Insulation di muoversi liberamente e con facilit\u00e0 anche nelle giornate fredde e senza congelare.\" \/>\n<meta property=\"og:url\" content=\"https:\/\/www.sestogrado.it\/en\/prodotto\/black-diamond-arc-guanti-alpinismo\/\" \/>\n<meta property=\"og:site_name\" content=\"Sestogrado\" \/>\n<meta property=\"article:publisher\" content=\"https:\/\/www.facebook.com\/pages\/Sestogrado\/1542635979353017?ref=bookmarks\" \/>\n<meta property=\"article:modified_time\" content=\"2025-02-14T12:46:47+00:00\" \/>\n<meta property=\"og:image\" content=\"https:\/\/www.sestogrado.it\/wp-content\/uploads\/2020\/03\/arc.jpg\" \/>\n\t<meta property=\"og:image:width\" content=\"1200\" \/>\n\t<meta property=\"og:image:height\" content=\"1200\" \/>\n\t<meta property=\"og:image:type\" content=\"image\/jpeg\" \/>\n<meta name=\"twitter:label1\" content=\"Availability\" \/>\n\t<meta name=\"twitter:data1\" content=\"In stock\" \/>\n<script type=\"application\/ld+json\" class=\"yoast-schema-graph\">{\"@context\":\"https:\/\/schema.org\",\"@graph\":[{\"@type\":\"WebPage\",\"@id\":\"https:\/\/www.sestogrado.it\/en\/prodotto\/black-diamond-arc-guanti-alpinismo\/\",\"url\":\"https:\/\/www.sestogrado.it\/en\/prodotto\/black-diamond-arc-guanti-alpinismo\/\",\"name\":\"Black Diamond Arc gloves - Sestogrado\",\"isPartOf\":{\"@id\":\"https:\/\/www.sestogrado.it\/en\/#website\"},\"primaryImageOfPage\":{\"@id\":\"https:\/\/www.sestogrado.it\/en\/prodotto\/black-diamond-arc-guanti-alpinismo\/#primaryimage\"},\"image\":{\"@id\":\"https:\/\/www.sestogrado.it\/prodotto\/black-diamond-arc-guanti-alpinismo\/#primaryimage\"},\"thumbnailUrl\":\"https:\/\/www.sestogrado.it\/wp-content\/uploads\/2020\/03\/arc.jpg\",\"datePublished\":\"2020-03-12T13:13:48+00:00\",\"dateModified\":\"2025-02-14T12:46:47+00:00\",\"description\":\"I Black Diamond Arc sono dei guanti leggeri e ed impermeabili, inspirati alla filosofia costruttiva del motocross. Sono molto robusti ed adatti ad attivit\u00e0 alpinistiche, come sci alpinismo, ciaspole, ferrate, manovre di corda.Gli Arc sono pensati per mantenere la mano calda, asciutta e donare la massima versatilit\u00e0 e sensibilit\u00e0 possibile. Sci alpinismo, alpinismo classico o semplicemente una fredda giornata invernale in falesia, gli Arc saranno i tuoi caldi compagni. Il palmo in pelle Pittard assicura un ottimo grip sulle rocce e sugli sci, mentre gli inserti BDry faranno s\u00ed che le tue mani non sudino troppo. Il palmo in Pittard Oil tac fornisce eccezionale grip, tenuta e sensibilit\u00e0, ideale per impugnare attrezzi, ma, a fronte di questa sensibilit\u00e0, non rende gli Arc consigliabili per le veloci calate in doppia.Il BDry \u00e8 una membrana impermeabile che Black Diamond utilizza nei suoi guanti. Funziona come una barriera contro l'acqua che evita che le tue mani si bagnino e le mantiene calde e asciutte anche nelle pi\u00f9 lunghe giornate di sci.La 3M\u2122 Thinsulate\u2122 Insulation \u00e8 una linea completa di prodotti termici dell'azienda 3M, il cui obbiettivo \u00e8 trattenere, in poco spazio, molto calore. Questa tecnologia promette a chi indossa l'abbigliamento dotato di 3M\u2122 Thinsulate\u2122 Insulation di muoversi liberamente e con facilit\u00e0 anche nelle giornate fredde e senza congelare.\",\"breadcrumb\":{\"@id\":\"https:\/\/www.sestogrado.it\/en\/prodotto\/black-diamond-arc-guanti-alpinismo\/#breadcrumb\"},\"inLanguage\":\"en-US\",\"potentialAction\":[{\"@type\":\"ReadAction\",\"target\":[[\"https:\/\/www.sestogrado.it\/en\/prodotto\/black-diamond-arc-guanti-alpinismo\/\"]]}]},{\"@type\":\"ImageObject\",\"inLanguage\":\"en-US\",\"@id\":\"https:\/\/www.sestogrado.it\/en\/prodotto\/black-diamond-arc-guanti-alpinismo\/#primaryimage\",\"url\":\"https:\/\/www.sestogrado.it\/wp-content\/uploads\/2020\/03\/arc.jpg\",\"contentUrl\":\"https:\/\/www.sestogrado.it\/wp-content\/uploads\/2020\/03\/arc.jpg\",\"width\":1200,\"height\":1200,\"caption\":\"black diamond arc\"},{\"@type\":\"BreadcrumbList\",\"@id\":\"https:\/\/www.sestogrado.it\/en\/prodotto\/black-diamond-arc-guanti-alpinismo\/#breadcrumb\",\"itemListElement\":[{\"@type\":\"ListItem\",\"position\":1,\"name\":\"Home\",\"item\":\"https:\/\/www.sestogrado.it\/en\/\"},{\"@type\":\"ListItem\",\"position\":2,\"name\":\"Shop\",\"item\":\"https:\/\/www.sestogrado.it\/en\/shop\/\"},{\"@type\":\"ListItem\",\"position\":3,\"name\":\"Black Diamond Arc guanti alpinismo\"}]},{\"@type\":\"WebSite\",\"@id\":\"https:\/\/www.sestogrado.it\/en\/#website\",\"url\":\"https:\/\/www.sestogrado.it\/en\/\",\"name\":\"Sestogrado\",\"description\":\"yes we climb\",\"publisher\":{\"@id\":\"https:\/\/www.sestogrado.it\/en\/#organization\"},\"potentialAction\":[{\"@type\":\"SearchAction\",\"target\":{\"@type\":\"EntryPoint\",\"urlTemplate\":\"https:\/\/www.sestogrado.it\/en\/?s={search_term_string}\"},\"query-input\":{\"@type\":\"PropertyValueSpecification\",\"valueRequired\":true,\"valueName\":\"search_term_string\"}}],\"inLanguage\":\"en-US\"},{\"@type\":\"Organization\",\"@id\":\"https:\/\/www.sestogrado.it\/en\/#organization\",\"name\":\"Sestogrado\",\"url\":\"https:\/\/www.sestogrado.it\/en\/\",\"logo\":{\"@type\":\"ImageObject\",\"inLanguage\":\"en-US\",\"@id\":\"https:\/\/www.sestogrado.it\/en\/#\/schema\/logo\/image\/\",\"url\":\"https:\/\/www.sestogrado.it\/wp-content\/uploads\/2015\/03\/sestogrado-favicon.png\",\"contentUrl\":\"https:\/\/www.sestogrado.it\/wp-content\/uploads\/2015\/03\/sestogrado-favicon.png\",\"width\":260,\"height\":260,\"caption\":\"Sestogrado\"},\"image\":{\"@id\":\"https:\/\/www.sestogrado.it\/en\/#\/schema\/logo\/image\/\"},\"sameAs\":[\"https:\/\/www.facebook.com\/pages\/Sestogrado\/1542635979353017?ref=bookmarks\",\"https:\/\/www.youtube.com\/channel\/UC847kAfTkaJsWpc1jtQwr3Q\"],\"hasMerchantReturnPolicy\":{\"@type\":\"MerchantReturnPolicy\",\"merchantReturnLink\":\"https:\/\/www.sestogrado.it\/en\/termini-e-condizioni\/\"}}]}<\/script>\n<meta property=\"product:brand\" content=\"Black Diamond\" \/>\n<meta property=\"og:availability\" content=\"instock\" \/>\n<meta property=\"product:availability\" content=\"instock\" \/>\n<meta property=\"product:condition\" content=\"new\" \/>\n<!-- \/ Yoast SEO plugin. -->","yoast_head_json":{"title":"Black Diamond Arc gloves - Sestogrado","description":"I Black Diamond Arc sono dei guanti leggeri e ed impermeabili, inspirati alla filosofia costruttiva del motocross. Sono molto robusti ed adatti ad attivit\u00e0 alpinistiche, come sci alpinismo, ciaspole, ferrate, manovre di corda.Gli Arc sono pensati per mantenere la mano calda, asciutta e donare la massima versatilit\u00e0 e sensibilit\u00e0 possibile. Sci alpinismo, alpinismo classico o semplicemente una fredda giornata invernale in falesia, gli Arc saranno i tuoi caldi compagni. Il palmo in pelle Pittard assicura un ottimo grip sulle rocce e sugli sci, mentre gli inserti BDry faranno s\u00ed che le tue mani non sudino troppo. Il palmo in Pittard Oil tac fornisce eccezionale grip, tenuta e sensibilit\u00e0, ideale per impugnare attrezzi, ma, a fronte di questa sensibilit\u00e0, non rende gli Arc consigliabili per le veloci calate in doppia.Il BDry \u00e8 una membrana impermeabile che Black Diamond utilizza nei suoi guanti. Funziona come una barriera contro l'acqua che evita che le tue mani si bagnino e le mantiene calde e asciutte anche nelle pi\u00f9 lunghe giornate di sci.La 3M\u2122 Thinsulate\u2122 Insulation \u00e8 una linea completa di prodotti termici dell'azienda 3M, il cui obbiettivo \u00e8 trattenere, in poco spazio, molto calore. Questa tecnologia promette a chi indossa l'abbigliamento dotato di 3M\u2122 Thinsulate\u2122 Insulation di muoversi liberamente e con facilit\u00e0 anche nelle giornate fredde e senza congelare.","robots":{"index":"index","follow":"follow","max-snippet":"max-snippet:-1","max-image-preview":"max-image-preview:large","max-video-preview":"max-video-preview:-1"},"canonical":"https:\/\/www.sestogrado.it\/en\/prodotto\/black-diamond-arc-guanti-alpinismo\/","og_locale":"en_US","og_type":"article","og_title":"Black Diamond Arc gloves - Sestogrado","og_description":"I Black Diamond Arc sono dei guanti leggeri e ed impermeabili, inspirati alla filosofia costruttiva del motocross. Sono molto robusti ed adatti ad attivit\u00e0 alpinistiche, come sci alpinismo, ciaspole, ferrate, manovre di corda.Gli Arc sono pensati per mantenere la mano calda, asciutta e donare la massima versatilit\u00e0 e sensibilit\u00e0 possibile. Sci alpinismo, alpinismo classico o semplicemente una fredda giornata invernale in falesia, gli Arc saranno i tuoi caldi compagni. Il palmo in pelle Pittard assicura un ottimo grip sulle rocce e sugli sci, mentre gli inserti BDry faranno s\u00ed che le tue mani non sudino troppo. Il palmo in Pittard Oil tac fornisce eccezionale grip, tenuta e sensibilit\u00e0, ideale per impugnare attrezzi, ma, a fronte di questa sensibilit\u00e0, non rende gli Arc consigliabili per le veloci calate in doppia.Il BDry \u00e8 una membrana impermeabile che Black Diamond utilizza nei suoi guanti. Funziona come una barriera contro l'acqua che evita che le tue mani si bagnino e le mantiene calde e asciutte anche nelle pi\u00f9 lunghe giornate di sci.La 3M\u2122 Thinsulate\u2122 Insulation \u00e8 una linea completa di prodotti termici dell'azienda 3M, il cui obbiettivo \u00e8 trattenere, in poco spazio, molto calore. Questa tecnologia promette a chi indossa l'abbigliamento dotato di 3M\u2122 Thinsulate\u2122 Insulation di muoversi liberamente e con facilit\u00e0 anche nelle giornate fredde e senza congelare.","og_url":"https:\/\/www.sestogrado.it\/en\/prodotto\/black-diamond-arc-guanti-alpinismo\/","og_site_name":"Sestogrado","article_publisher":"https:\/\/www.facebook.com\/pages\/Sestogrado\/1542635979353017?ref=bookmarks","article_modified_time":"2025-02-14T12:46:47+00:00","og_image":[{"width":1200,"height":1200,"url":"https:\/\/www.sestogrado.it\/wp-content\/uploads\/2020\/03\/arc.jpg","type":"image\/jpeg"}],"twitter_misc":{"Availability":"In stock"},"schema":{"@context":"https:\/\/schema.org","@graph":[{"@type":"WebPage","@id":"https:\/\/www.sestogrado.it\/en\/prodotto\/black-diamond-arc-guanti-alpinismo\/","url":"https:\/\/www.sestogrado.it\/en\/prodotto\/black-diamond-arc-guanti-alpinismo\/","name":"Black Diamond Arc gloves - Sestogrado","isPartOf":{"@id":"https:\/\/www.sestogrado.it\/en\/#website"},"primaryImageOfPage":{"@id":"https:\/\/www.sestogrado.it\/en\/prodotto\/black-diamond-arc-guanti-alpinismo\/#primaryimage"},"image":{"@id":"https:\/\/www.sestogrado.it\/prodotto\/black-diamond-arc-guanti-alpinismo\/#primaryimage"},"thumbnailUrl":"https:\/\/www.sestogrado.it\/wp-content\/uploads\/2020\/03\/arc.jpg","datePublished":"2020-03-12T13:13:48+00:00","dateModified":"2025-02-14T12:46:47+00:00","description":"I Black Diamond Arc sono dei guanti leggeri e ed impermeabili, inspirati alla filosofia costruttiva del motocross. Sono molto robusti ed adatti ad attivit\u00e0 alpinistiche, come sci alpinismo, ciaspole, ferrate, manovre di corda.Gli Arc sono pensati per mantenere la mano calda, asciutta e donare la massima versatilit\u00e0 e sensibilit\u00e0 possibile. Sci alpinismo, alpinismo classico o semplicemente una fredda giornata invernale in falesia, gli Arc saranno i tuoi caldi compagni. Il palmo in pelle Pittard assicura un ottimo grip sulle rocce e sugli sci, mentre gli inserti BDry faranno s\u00ed che le tue mani non sudino troppo. Il palmo in Pittard Oil tac fornisce eccezionale grip, tenuta e sensibilit\u00e0, ideale per impugnare attrezzi, ma, a fronte di questa sensibilit\u00e0, non rende gli Arc consigliabili per le veloci calate in doppia.Il BDry \u00e8 una membrana impermeabile che Black Diamond utilizza nei suoi guanti. Funziona come una barriera contro l'acqua che evita che le tue mani si bagnino e le mantiene calde e asciutte anche nelle pi\u00f9 lunghe giornate di sci.La 3M\u2122 Thinsulate\u2122 Insulation \u00e8 una linea completa di prodotti termici dell'azienda 3M, il cui obbiettivo \u00e8 trattenere, in poco spazio, molto calore. Questa tecnologia promette a chi indossa l'abbigliamento dotato di 3M\u2122 Thinsulate\u2122 Insulation di muoversi liberamente e con facilit\u00e0 anche nelle giornate fredde e senza congelare.","breadcrumb":{"@id":"https:\/\/www.sestogrado.it\/en\/prodotto\/black-diamond-arc-guanti-alpinismo\/#breadcrumb"},"inLanguage":"en-US","potentialAction":[{"@type":"ReadAction","target":[["https:\/\/www.sestogrado.it\/en\/prodotto\/black-diamond-arc-guanti-alpinismo\/"]]}]},{"@type":"ImageObject","inLanguage":"en-US","@id":"https:\/\/www.sestogrado.it\/en\/prodotto\/black-diamond-arc-guanti-alpinismo\/#primaryimage","url":"https:\/\/www.sestogrado.it\/wp-content\/uploads\/2020\/03\/arc.jpg","contentUrl":"https:\/\/www.sestogrado.it\/wp-content\/uploads\/2020\/03\/arc.jpg","width":1200,"height":1200,"caption":"black diamond arc"},{"@type":"BreadcrumbList","@id":"https:\/\/www.sestogrado.it\/en\/prodotto\/black-diamond-arc-guanti-alpinismo\/#breadcrumb","itemListElement":[{"@type":"ListItem","position":1,"name":"Home","item":"https:\/\/www.sestogrado.it\/en\/"},{"@type":"ListItem","position":2,"name":"Shop","item":"https:\/\/www.sestogrado.it\/en\/shop\/"},{"@type":"ListItem","position":3,"name":"Black Diamond Arc guanti alpinismo"}]},{"@type":"WebSite","@id":"https:\/\/www.sestogrado.it\/en\/#website","url":"https:\/\/www.sestogrado.it\/en\/","name":"Sestogrado","description":"yes we climb","publisher":{"@id":"https:\/\/www.sestogrado.it\/en\/#organization"},"potentialAction":[{"@type":"SearchAction","target":{"@type":"EntryPoint","urlTemplate":"https:\/\/www.sestogrado.it\/en\/?s={search_term_string}"},"query-input":{"@type":"PropertyValueSpecification","valueRequired":true,"valueName":"search_term_string"}}],"inLanguage":"en-US"},{"@type":"Organization","@id":"https:\/\/www.sestogrado.it\/en\/#organization","name":"Sestogrado","url":"https:\/\/www.sestogrado.it\/en\/","logo":{"@type":"ImageObject","inLanguage":"en-US","@id":"https:\/\/www.sestogrado.it\/en\/#\/schema\/logo\/image\/","url":"https:\/\/www.sestogrado.it\/wp-content\/uploads\/2015\/03\/sestogrado-favicon.png","contentUrl":"https:\/\/www.sestogrado.it\/wp-content\/uploads\/2015\/03\/sestogrado-favicon.png","width":260,"height":260,"caption":"Sestogrado"},"image":{"@id":"https:\/\/www.sestogrado.it\/en\/#\/schema\/logo\/image\/"},"sameAs":["https:\/\/www.facebook.com\/pages\/Sestogrado\/1542635979353017?ref=bookmarks","https:\/\/www.youtube.com\/channel\/UC847kAfTkaJsWpc1jtQwr3Q"],"hasMerchantReturnPolicy":{"@type":"MerchantReturnPolicy","merchantReturnLink":"https:\/\/www.sestogrado.it\/en\/termini-e-condizioni\/"}}]},"product_brand":"Black Diamond","og_availability":"instock","product_availability":"instock","product_condition":"new"},"_links":{"self":[{"href":"https:\/\/www.sestogrado.it\/en\/wp-json\/wp\/v2\/product\/29463","targetHints":{"allow":["GET"]}}],"collection":[{"href":"https:\/\/www.sestogrado.it\/en\/wp-json\/wp\/v2\/product"}],"about":[{"href":"https:\/\/www.sestogrado.it\/en\/wp-json\/wp\/v2\/types\/product"}],"replies":[{"embeddable":true,"href":"https:\/\/www.sestogrado.it\/en\/wp-json\/wp\/v2\/comments?post=29463"}],"wp:featuredmedia":[{"embeddable":true,"href":"https:\/\/www.sestogrado.it\/en\/wp-json\/wp\/v2\/media\/29495"}],"wp:attachment":[{"href":"https:\/\/www.sestogrado.it\/en\/wp-json\/wp\/v2\/media?parent=29463"}],"wp:term":[{"taxonomy":"product_brand","embeddable":true,"href":"https:\/\/www.sestogrado.it\/en\/wp-json\/wp\/v2\/product_brand?post=29463"},{"taxonomy":"product_cat","embeddable":true,"href":"https:\/\/www.sestogrado.it\/en\/wp-json\/wp\/v2\/product_cat?post=29463"},{"taxonomy":"product_tag","embeddable":true,"href":"https:\/\/www.sestogrado.it\/en\/wp-json\/wp\/v2\/product_tag?post=29463"}],"curies":[{"name":"wp","href":"https:\/\/api.w.org\/{rel}","templated":true}]}}