{"id":29098,"date":"2022-04-26T10:00:42","date_gmt":"2022-04-26T08:00:42","guid":{"rendered":"https:\/\/www.sestogrado.it\/?post_type=product&#038;p=29098"},"modified":"2026-03-18T08:59:42","modified_gmt":"2026-03-18T07:59:42","slug":"camp-m45-campack-zaino-arrampicata-alpinismo-45-litri","status":"publish","type":"product","link":"https:\/\/www.sestogrado.it\/en\/prodotto\/camp-m45-campack-zaino-arrampicata-alpinismo-45-litri\/","title":{"rendered":"Camp M45 Campack backpack"},"content":{"rendered":"<p>The M45 does a brilliant job merging the capacity of a large pack with the stability, fit and performance of a smaller pack. It incorporates many of the unique features found in the CAMPack range like the BackDoor panel that allows access to the contents of the pack without having to remove everything on top before gaining access to gear at the bottom. Comfort is assured by the new XAir ventilated back with a 3 mm aluminum wire frame and breathable, ergonomic shoulder straps. The padded waist belt is removable for technical activities. It features one zippered pocket and one gear loop. The innovative Balance System uses the same two straps on the top of the shoulders to simultaneously adjust, compress and stabilize the load by pull from the bottom of pack instead of the top. The removable lid features a large main compartment on top and a smaller compartment on the bottom for valuables. A protective cover can be pulled out to cover the top of the pack when the lid is removed. Additional technical features include 2 removable ice axe holders, A-Frame ski carrying straps and external helmet carrying system that can be hidden when not in use, hydration bladder compatibility, and large elastic pockets on the inside of the main compartment for extra organization.<\/p>\n<ul>\n<li>Full BackDoor access<\/li>\n<li>XAir ventilated back<\/li>\n<li>3 mm aluminum wire frame<\/li>\n<li>Ergonomic shoulder straps for a performance fit<\/li>\n<li>Padded waist belt is removable for technical activities<\/li>\n<li>Waist belt features one zippered pocket and one gear loop<\/li>\n<li>Balance System allows for load adjustment, compression and stabilization using the two straps on the shoulders<\/li>\n<li>Removable lid features a large main compartment and a smaller compartment on the bottom for valuables<\/li>\n<li>Protective cover can be pulled out to cover the top of the pack when the lid is removed<\/li>\n<li>2 interior elastic pockets<\/li>\n<li>2 removable ice axes holders<\/li>\n<li>A-Frame ski carrying straps can be hidden when not in use<\/li>\n<li>External helmet carrying system can be hidden when not in use<\/li>\n<li>Hydration compatible<\/li>\n<\/ul>\n<p><\/p>","protected":false},"excerpt":{"rendered":"<p>The M45 does a brilliant job merging the capacity of a large pack with the stability, fit and performance of [&hellip;]<\/p>\n","protected":false},"featured_media":100212,"comment_status":"open","ping_status":"closed","template":"","meta":{"_acf_changed":false},"product_brand":[31],"product_cat":[389,1432],"product_tag":[],"class_list":{"0":"post-29098","1":"product","2":"type-product","3":"status-publish","4":"has-post-thumbnail","6":"product_brand-camp","7":"product_cat-zaini-alpinismo","8":"product_cat-escursionismo","10":"first","11":"instock","12":"sale","13":"taxable","14":"shipping-taxable","15":"purchasable","16":"product-type-variable"},"acf":[],"yoast_head":"<!-- This site is optimized with the Yoast SEO plugin v26.4 - https:\/\/yoast.com\/wordpress\/plugins\/seo\/ -->\n<title>Camp M45 Campack backpack - Sestogrado<\/title>\n<meta name=\"description\" content=\"Il Camp M45 \u00e8 uno zaino di grande capacit\u00e0 che garantisce lo stesso comfort elevato e la stessa stabilit\u00e0 dei modelli pi\u00f9 piccoli. Come per l&#039;M30, di cui condivide tutte le caratteristiche tecniche ma con un litraggio maggiore, il Camp M45 \u00e8 caratterizzato da numerosi sistemi che rendono unici ed altamente tecnici gli zaini della linea Campack, come\u00a0 l&#039;apertura BackDoor sullo schienale per un immediato accesso a tutto il contenuto senza rimuovere il materiale posto nella parte superiore dello zaino. Il comfort \u00e8 assicurato dal nuovo sistema di ventilazione XAir, dal telaio in filo d&#039;alluminio da 3mm e dagli spallacci ergonomici e traspiranti. Il cinturone imbottito \u00e8 dotato di tasca con zip e di asola porta materiali, ed \u00e8 amovibile per non intralciare quando si indossa l&#039;imbracatura. L&#039;innovativo Balance System permette di regolare, comprimere e stabilizzare il carico agendo unicamente sulle fettucce degli spallacci.Il cappuccio amovibile \u00e8 dotato di un ampia tasca principale e di una tasca pi\u00f9 piccola nella parte inferiore per riporre gli oggetti di valore. In caso di emergenza, col cappuccio rimosso, la protezione della parte superiore dello zaino \u00e8 garantita da un&#039;apposita copertura a scomparsa.Completano il Camp M45 due porta piccozze amovibili, porta sci a scomparsa, porta casco esterno a scomparsa e due ampie tasche elastiche interne per organizzare al meglio il contenuto.\" \/>\n<meta name=\"robots\" content=\"index, follow, max-snippet:-1, max-image-preview:large, max-video-preview:-1\" \/>\n<link rel=\"canonical\" href=\"https:\/\/www.sestogrado.it\/en\/prodotto\/camp-m45-campack-zaino-arrampicata-alpinismo-45-litri\/\" \/>\n<meta property=\"og:locale\" content=\"en_US\" \/>\n<meta property=\"og:type\" content=\"article\" \/>\n<meta property=\"og:title\" content=\"Camp M45 Campack backpack - Sestogrado\" \/>\n<meta property=\"og:description\" content=\"Il Camp M45 \u00e8 uno zaino di grande capacit\u00e0 che garantisce lo stesso comfort elevato e la stessa stabilit\u00e0 dei modelli pi\u00f9 piccoli. Come per l&#039;M30, di cui condivide tutte le caratteristiche tecniche ma con un litraggio maggiore, il Camp M45 \u00e8 caratterizzato da numerosi sistemi che rendono unici ed altamente tecnici gli zaini della linea Campack, come\u00a0 l&#039;apertura BackDoor sullo schienale per un immediato accesso a tutto il contenuto senza rimuovere il materiale posto nella parte superiore dello zaino. Il comfort \u00e8 assicurato dal nuovo sistema di ventilazione XAir, dal telaio in filo d&#039;alluminio da 3mm e dagli spallacci ergonomici e traspiranti. Il cinturone imbottito \u00e8 dotato di tasca con zip e di asola porta materiali, ed \u00e8 amovibile per non intralciare quando si indossa l&#039;imbracatura. L&#039;innovativo Balance System permette di regolare, comprimere e stabilizzare il carico agendo unicamente sulle fettucce degli spallacci.Il cappuccio amovibile \u00e8 dotato di un ampia tasca principale e di una tasca pi\u00f9 piccola nella parte inferiore per riporre gli oggetti di valore. In caso di emergenza, col cappuccio rimosso, la protezione della parte superiore dello zaino \u00e8 garantita da un&#039;apposita copertura a scomparsa.Completano il Camp M45 due porta piccozze amovibili, porta sci a scomparsa, porta casco esterno a scomparsa e due ampie tasche elastiche interne per organizzare al meglio il contenuto.\" \/>\n<meta property=\"og:url\" content=\"https:\/\/www.sestogrado.it\/en\/prodotto\/camp-m45-campack-zaino-arrampicata-alpinismo-45-litri\/\" \/>\n<meta property=\"og:site_name\" content=\"Sestogrado\" \/>\n<meta property=\"article:publisher\" content=\"https:\/\/www.facebook.com\/pages\/Sestogrado\/1542635979353017?ref=bookmarks\" \/>\n<meta property=\"article:modified_time\" content=\"2026-03-18T07:59:42+00:00\" \/>\n<meta property=\"og:image\" content=\"https:\/\/www.sestogrado.it\/wp-content\/uploads\/2020\/03\/3207-2.jpg\" \/>\n\t<meta property=\"og:image:width\" content=\"1200\" \/>\n\t<meta property=\"og:image:height\" content=\"1200\" \/>\n\t<meta property=\"og:image:type\" content=\"image\/jpeg\" \/>\n<meta name=\"twitter:label1\" content=\"Availability\" \/>\n\t<meta name=\"twitter:data1\" content=\"In stock\" \/>\n<script type=\"application\/ld+json\" class=\"yoast-schema-graph\">{\"@context\":\"https:\/\/schema.org\",\"@graph\":[{\"@type\":\"WebPage\",\"@id\":\"https:\/\/www.sestogrado.it\/en\/prodotto\/camp-m45-campack-zaino-arrampicata-alpinismo-45-litri\/\",\"url\":\"https:\/\/www.sestogrado.it\/en\/prodotto\/camp-m45-campack-zaino-arrampicata-alpinismo-45-litri\/\",\"name\":\"Camp M45 Campack backpack - Sestogrado\",\"isPartOf\":{\"@id\":\"https:\/\/www.sestogrado.it\/en\/#website\"},\"primaryImageOfPage\":{\"@id\":\"https:\/\/www.sestogrado.it\/en\/prodotto\/camp-m45-campack-zaino-arrampicata-alpinismo-45-litri\/#primaryimage\"},\"image\":{\"@id\":\"https:\/\/www.sestogrado.it\/prodotto\/camp-m45-campack-zaino-arrampicata-alpinismo-45-litri\/#primaryimage\"},\"thumbnailUrl\":\"https:\/\/www.sestogrado.it\/wp-content\/uploads\/2020\/03\/3207-2.jpg\",\"datePublished\":\"2022-04-26T08:00:42+00:00\",\"dateModified\":\"2026-03-18T07:59:42+00:00\",\"description\":\"Il Camp M45 \u00e8 uno zaino di grande capacit\u00e0 che garantisce lo stesso comfort elevato e la stessa stabilit\u00e0 dei modelli pi\u00f9 piccoli. Come per l'M30, di cui condivide tutte le caratteristiche tecniche ma con un litraggio maggiore, il Camp M45 \u00e8 caratterizzato da numerosi sistemi che rendono unici ed altamente tecnici gli zaini della linea Campack, come\u00a0 l'apertura BackDoor sullo schienale per un immediato accesso a tutto il contenuto senza rimuovere il materiale posto nella parte superiore dello zaino. Il comfort \u00e8 assicurato dal nuovo sistema di ventilazione XAir, dal telaio in filo d'alluminio da 3mm e dagli spallacci ergonomici e traspiranti. Il cinturone imbottito \u00e8 dotato di tasca con zip e di asola porta materiali, ed \u00e8 amovibile per non intralciare quando si indossa l'imbracatura. L'innovativo Balance System permette di regolare, comprimere e stabilizzare il carico agendo unicamente sulle fettucce degli spallacci.Il cappuccio amovibile \u00e8 dotato di un ampia tasca principale e di una tasca pi\u00f9 piccola nella parte inferiore per riporre gli oggetti di valore. In caso di emergenza, col cappuccio rimosso, la protezione della parte superiore dello zaino \u00e8 garantita da un'apposita copertura a scomparsa.Completano il Camp M45 due porta piccozze amovibili, porta sci a scomparsa, porta casco esterno a scomparsa e due ampie tasche elastiche interne per organizzare al meglio il contenuto.\",\"breadcrumb\":{\"@id\":\"https:\/\/www.sestogrado.it\/en\/prodotto\/camp-m45-campack-zaino-arrampicata-alpinismo-45-litri\/#breadcrumb\"},\"inLanguage\":\"en-US\",\"potentialAction\":[{\"@type\":\"ReadAction\",\"target\":[[\"https:\/\/www.sestogrado.it\/en\/prodotto\/camp-m45-campack-zaino-arrampicata-alpinismo-45-litri\/\"]]}]},{\"@type\":\"ImageObject\",\"inLanguage\":\"en-US\",\"@id\":\"https:\/\/www.sestogrado.it\/en\/prodotto\/camp-m45-campack-zaino-arrampicata-alpinismo-45-litri\/#primaryimage\",\"url\":\"https:\/\/www.sestogrado.it\/wp-content\/uploads\/2020\/03\/3207-2.jpg\",\"contentUrl\":\"https:\/\/www.sestogrado.it\/wp-content\/uploads\/2020\/03\/3207-2.jpg\",\"width\":1200,\"height\":1200,\"caption\":\"camp m45 grigio\"},{\"@type\":\"BreadcrumbList\",\"@id\":\"https:\/\/www.sestogrado.it\/en\/prodotto\/camp-m45-campack-zaino-arrampicata-alpinismo-45-litri\/#breadcrumb\",\"itemListElement\":[{\"@type\":\"ListItem\",\"position\":1,\"name\":\"Home\",\"item\":\"https:\/\/www.sestogrado.it\/en\/\"},{\"@type\":\"ListItem\",\"position\":2,\"name\":\"Shop\",\"item\":\"https:\/\/www.sestogrado.it\/en\/shop\/\"},{\"@type\":\"ListItem\",\"position\":3,\"name\":\"Camp M45 Campack zaino arrampicata alpinismo 45 litri\"}]},{\"@type\":\"WebSite\",\"@id\":\"https:\/\/www.sestogrado.it\/en\/#website\",\"url\":\"https:\/\/www.sestogrado.it\/en\/\",\"name\":\"Sestogrado\",\"description\":\"yes we climb\",\"publisher\":{\"@id\":\"https:\/\/www.sestogrado.it\/en\/#organization\"},\"potentialAction\":[{\"@type\":\"SearchAction\",\"target\":{\"@type\":\"EntryPoint\",\"urlTemplate\":\"https:\/\/www.sestogrado.it\/en\/?s={search_term_string}\"},\"query-input\":{\"@type\":\"PropertyValueSpecification\",\"valueRequired\":true,\"valueName\":\"search_term_string\"}}],\"inLanguage\":\"en-US\"},{\"@type\":\"Organization\",\"@id\":\"https:\/\/www.sestogrado.it\/en\/#organization\",\"name\":\"Sestogrado\",\"url\":\"https:\/\/www.sestogrado.it\/en\/\",\"logo\":{\"@type\":\"ImageObject\",\"inLanguage\":\"en-US\",\"@id\":\"https:\/\/www.sestogrado.it\/en\/#\/schema\/logo\/image\/\",\"url\":\"https:\/\/www.sestogrado.it\/wp-content\/uploads\/2015\/03\/sestogrado-favicon.png\",\"contentUrl\":\"https:\/\/www.sestogrado.it\/wp-content\/uploads\/2015\/03\/sestogrado-favicon.png\",\"width\":260,\"height\":260,\"caption\":\"Sestogrado\"},\"image\":{\"@id\":\"https:\/\/www.sestogrado.it\/en\/#\/schema\/logo\/image\/\"},\"sameAs\":[\"https:\/\/www.facebook.com\/pages\/Sestogrado\/1542635979353017?ref=bookmarks\",\"https:\/\/www.youtube.com\/channel\/UC847kAfTkaJsWpc1jtQwr3Q\"],\"hasMerchantReturnPolicy\":{\"@type\":\"MerchantReturnPolicy\",\"merchantReturnLink\":\"https:\/\/www.sestogrado.it\/en\/termini-e-condizioni\/\"}}]}<\/script>\n<meta property=\"product:brand\" content=\"Camp\" \/>\n<meta property=\"og:availability\" content=\"instock\" \/>\n<meta property=\"product:availability\" content=\"instock\" \/>\n<meta property=\"product:condition\" content=\"new\" \/>\n<!-- \/ Yoast SEO plugin. -->","yoast_head_json":{"title":"Camp M45 Campack backpack - Sestogrado","description":"Il Camp M45 \u00e8 uno zaino di grande capacit\u00e0 che garantisce lo stesso comfort elevato e la stessa stabilit\u00e0 dei modelli pi\u00f9 piccoli. Come per l'M30, di cui condivide tutte le caratteristiche tecniche ma con un litraggio maggiore, il Camp M45 \u00e8 caratterizzato da numerosi sistemi che rendono unici ed altamente tecnici gli zaini della linea Campack, come\u00a0 l'apertura BackDoor sullo schienale per un immediato accesso a tutto il contenuto senza rimuovere il materiale posto nella parte superiore dello zaino. Il comfort \u00e8 assicurato dal nuovo sistema di ventilazione XAir, dal telaio in filo d'alluminio da 3mm e dagli spallacci ergonomici e traspiranti. Il cinturone imbottito \u00e8 dotato di tasca con zip e di asola porta materiali, ed \u00e8 amovibile per non intralciare quando si indossa l'imbracatura. L'innovativo Balance System permette di regolare, comprimere e stabilizzare il carico agendo unicamente sulle fettucce degli spallacci.Il cappuccio amovibile \u00e8 dotato di un ampia tasca principale e di una tasca pi\u00f9 piccola nella parte inferiore per riporre gli oggetti di valore. In caso di emergenza, col cappuccio rimosso, la protezione della parte superiore dello zaino \u00e8 garantita da un'apposita copertura a scomparsa.Completano il Camp M45 due porta piccozze amovibili, porta sci a scomparsa, porta casco esterno a scomparsa e due ampie tasche elastiche interne per organizzare al meglio il contenuto.","robots":{"index":"index","follow":"follow","max-snippet":"max-snippet:-1","max-image-preview":"max-image-preview:large","max-video-preview":"max-video-preview:-1"},"canonical":"https:\/\/www.sestogrado.it\/en\/prodotto\/camp-m45-campack-zaino-arrampicata-alpinismo-45-litri\/","og_locale":"en_US","og_type":"article","og_title":"Camp M45 Campack backpack - Sestogrado","og_description":"Il Camp M45 \u00e8 uno zaino di grande capacit\u00e0 che garantisce lo stesso comfort elevato e la stessa stabilit\u00e0 dei modelli pi\u00f9 piccoli. Come per l'M30, di cui condivide tutte le caratteristiche tecniche ma con un litraggio maggiore, il Camp M45 \u00e8 caratterizzato da numerosi sistemi che rendono unici ed altamente tecnici gli zaini della linea Campack, come\u00a0 l'apertura BackDoor sullo schienale per un immediato accesso a tutto il contenuto senza rimuovere il materiale posto nella parte superiore dello zaino. Il comfort \u00e8 assicurato dal nuovo sistema di ventilazione XAir, dal telaio in filo d'alluminio da 3mm e dagli spallacci ergonomici e traspiranti. Il cinturone imbottito \u00e8 dotato di tasca con zip e di asola porta materiali, ed \u00e8 amovibile per non intralciare quando si indossa l'imbracatura. L'innovativo Balance System permette di regolare, comprimere e stabilizzare il carico agendo unicamente sulle fettucce degli spallacci.Il cappuccio amovibile \u00e8 dotato di un ampia tasca principale e di una tasca pi\u00f9 piccola nella parte inferiore per riporre gli oggetti di valore. In caso di emergenza, col cappuccio rimosso, la protezione della parte superiore dello zaino \u00e8 garantita da un'apposita copertura a scomparsa.Completano il Camp M45 due porta piccozze amovibili, porta sci a scomparsa, porta casco esterno a scomparsa e due ampie tasche elastiche interne per organizzare al meglio il contenuto.","og_url":"https:\/\/www.sestogrado.it\/en\/prodotto\/camp-m45-campack-zaino-arrampicata-alpinismo-45-litri\/","og_site_name":"Sestogrado","article_publisher":"https:\/\/www.facebook.com\/pages\/Sestogrado\/1542635979353017?ref=bookmarks","article_modified_time":"2026-03-18T07:59:42+00:00","og_image":[{"width":1200,"height":1200,"url":"https:\/\/www.sestogrado.it\/wp-content\/uploads\/2020\/03\/3207-2.jpg","type":"image\/jpeg"}],"twitter_misc":{"Availability":"In stock"},"schema":{"@context":"https:\/\/schema.org","@graph":[{"@type":"WebPage","@id":"https:\/\/www.sestogrado.it\/en\/prodotto\/camp-m45-campack-zaino-arrampicata-alpinismo-45-litri\/","url":"https:\/\/www.sestogrado.it\/en\/prodotto\/camp-m45-campack-zaino-arrampicata-alpinismo-45-litri\/","name":"Camp M45 Campack backpack - Sestogrado","isPartOf":{"@id":"https:\/\/www.sestogrado.it\/en\/#website"},"primaryImageOfPage":{"@id":"https:\/\/www.sestogrado.it\/en\/prodotto\/camp-m45-campack-zaino-arrampicata-alpinismo-45-litri\/#primaryimage"},"image":{"@id":"https:\/\/www.sestogrado.it\/prodotto\/camp-m45-campack-zaino-arrampicata-alpinismo-45-litri\/#primaryimage"},"thumbnailUrl":"https:\/\/www.sestogrado.it\/wp-content\/uploads\/2020\/03\/3207-2.jpg","datePublished":"2022-04-26T08:00:42+00:00","dateModified":"2026-03-18T07:59:42+00:00","description":"Il Camp M45 \u00e8 uno zaino di grande capacit\u00e0 che garantisce lo stesso comfort elevato e la stessa stabilit\u00e0 dei modelli pi\u00f9 piccoli. Come per l'M30, di cui condivide tutte le caratteristiche tecniche ma con un litraggio maggiore, il Camp M45 \u00e8 caratterizzato da numerosi sistemi che rendono unici ed altamente tecnici gli zaini della linea Campack, come\u00a0 l'apertura BackDoor sullo schienale per un immediato accesso a tutto il contenuto senza rimuovere il materiale posto nella parte superiore dello zaino. Il comfort \u00e8 assicurato dal nuovo sistema di ventilazione XAir, dal telaio in filo d'alluminio da 3mm e dagli spallacci ergonomici e traspiranti. Il cinturone imbottito \u00e8 dotato di tasca con zip e di asola porta materiali, ed \u00e8 amovibile per non intralciare quando si indossa l'imbracatura. L'innovativo Balance System permette di regolare, comprimere e stabilizzare il carico agendo unicamente sulle fettucce degli spallacci.Il cappuccio amovibile \u00e8 dotato di un ampia tasca principale e di una tasca pi\u00f9 piccola nella parte inferiore per riporre gli oggetti di valore. In caso di emergenza, col cappuccio rimosso, la protezione della parte superiore dello zaino \u00e8 garantita da un'apposita copertura a scomparsa.Completano il Camp M45 due porta piccozze amovibili, porta sci a scomparsa, porta casco esterno a scomparsa e due ampie tasche elastiche interne per organizzare al meglio il contenuto.","breadcrumb":{"@id":"https:\/\/www.sestogrado.it\/en\/prodotto\/camp-m45-campack-zaino-arrampicata-alpinismo-45-litri\/#breadcrumb"},"inLanguage":"en-US","potentialAction":[{"@type":"ReadAction","target":[["https:\/\/www.sestogrado.it\/en\/prodotto\/camp-m45-campack-zaino-arrampicata-alpinismo-45-litri\/"]]}]},{"@type":"ImageObject","inLanguage":"en-US","@id":"https:\/\/www.sestogrado.it\/en\/prodotto\/camp-m45-campack-zaino-arrampicata-alpinismo-45-litri\/#primaryimage","url":"https:\/\/www.sestogrado.it\/wp-content\/uploads\/2020\/03\/3207-2.jpg","contentUrl":"https:\/\/www.sestogrado.it\/wp-content\/uploads\/2020\/03\/3207-2.jpg","width":1200,"height":1200,"caption":"camp m45 grigio"},{"@type":"BreadcrumbList","@id":"https:\/\/www.sestogrado.it\/en\/prodotto\/camp-m45-campack-zaino-arrampicata-alpinismo-45-litri\/#breadcrumb","itemListElement":[{"@type":"ListItem","position":1,"name":"Home","item":"https:\/\/www.sestogrado.it\/en\/"},{"@type":"ListItem","position":2,"name":"Shop","item":"https:\/\/www.sestogrado.it\/en\/shop\/"},{"@type":"ListItem","position":3,"name":"Camp M45 Campack zaino arrampicata alpinismo 45 litri"}]},{"@type":"WebSite","@id":"https:\/\/www.sestogrado.it\/en\/#website","url":"https:\/\/www.sestogrado.it\/en\/","name":"Sestogrado","description":"yes we climb","publisher":{"@id":"https:\/\/www.sestogrado.it\/en\/#organization"},"potentialAction":[{"@type":"SearchAction","target":{"@type":"EntryPoint","urlTemplate":"https:\/\/www.sestogrado.it\/en\/?s={search_term_string}"},"query-input":{"@type":"PropertyValueSpecification","valueRequired":true,"valueName":"search_term_string"}}],"inLanguage":"en-US"},{"@type":"Organization","@id":"https:\/\/www.sestogrado.it\/en\/#organization","name":"Sestogrado","url":"https:\/\/www.sestogrado.it\/en\/","logo":{"@type":"ImageObject","inLanguage":"en-US","@id":"https:\/\/www.sestogrado.it\/en\/#\/schema\/logo\/image\/","url":"https:\/\/www.sestogrado.it\/wp-content\/uploads\/2015\/03\/sestogrado-favicon.png","contentUrl":"https:\/\/www.sestogrado.it\/wp-content\/uploads\/2015\/03\/sestogrado-favicon.png","width":260,"height":260,"caption":"Sestogrado"},"image":{"@id":"https:\/\/www.sestogrado.it\/en\/#\/schema\/logo\/image\/"},"sameAs":["https:\/\/www.facebook.com\/pages\/Sestogrado\/1542635979353017?ref=bookmarks","https:\/\/www.youtube.com\/channel\/UC847kAfTkaJsWpc1jtQwr3Q"],"hasMerchantReturnPolicy":{"@type":"MerchantReturnPolicy","merchantReturnLink":"https:\/\/www.sestogrado.it\/en\/termini-e-condizioni\/"}}]},"product_brand":"Camp","og_availability":"instock","product_availability":"instock","product_condition":"new"},"_links":{"self":[{"href":"https:\/\/www.sestogrado.it\/en\/wp-json\/wp\/v2\/product\/29098","targetHints":{"allow":["GET"]}}],"collection":[{"href":"https:\/\/www.sestogrado.it\/en\/wp-json\/wp\/v2\/product"}],"about":[{"href":"https:\/\/www.sestogrado.it\/en\/wp-json\/wp\/v2\/types\/product"}],"replies":[{"embeddable":true,"href":"https:\/\/www.sestogrado.it\/en\/wp-json\/wp\/v2\/comments?post=29098"}],"wp:featuredmedia":[{"embeddable":true,"href":"https:\/\/www.sestogrado.it\/en\/wp-json\/wp\/v2\/media\/100212"}],"wp:attachment":[{"href":"https:\/\/www.sestogrado.it\/en\/wp-json\/wp\/v2\/media?parent=29098"}],"wp:term":[{"taxonomy":"product_brand","embeddable":true,"href":"https:\/\/www.sestogrado.it\/en\/wp-json\/wp\/v2\/product_brand?post=29098"},{"taxonomy":"product_cat","embeddable":true,"href":"https:\/\/www.sestogrado.it\/en\/wp-json\/wp\/v2\/product_cat?post=29098"},{"taxonomy":"product_tag","embeddable":true,"href":"https:\/\/www.sestogrado.it\/en\/wp-json\/wp\/v2\/product_tag?post=29098"}],"curies":[{"name":"wp","href":"https:\/\/api.w.org\/{rel}","templated":true}]}}