{"id":28899,"date":"2020-03-02T14:27:07","date_gmt":"2020-03-02T13:27:07","guid":{"rendered":"https:\/\/www.sestogrado.it\/?post_type=product&#038;p=28899"},"modified":"2026-01-20T14:55:21","modified_gmt":"2026-01-20T13:55:21","slug":"black-diamond-momentum-imbrago-arrampicata","status":"publish","type":"product","link":"https:\/\/www.sestogrado.it\/en\/prodotto\/black-diamond-momentum-imbrago-arrampicata\/","title":{"rendered":"Black Diamond Momentum imbrago arrampicata"},"content":{"rendered":"<p>Il Black Diamond Momentum \u00e8 un imbrago all round a 3 fibbie di regolazione, due sui cosciali ed una ventrale. Rivisto nel 2020, \u00e8 uno degli imbraghi <strong>pi\u00f9 popolari di Black Diamond<\/strong>, grazie ad una ottima vestibilit\u00e0, i 4 ampi portamateriali, le fibbie di regolazione rapida trakFIT, ed una fascia ventrale ultra comoda.<\/p>\n<p>Il Black Diamond Momentum \u00e8 un imbrago polivalente, idoneo <strong>a tutti i tipi di arrampicata<\/strong>. La fibbia ventrale e le due fibbie suo cosciali sono dotate del sistema di regolazione trakFIT, che rende la chiusura molto rapida e sicura. La struttura portante della cintura ventrale \u00e8 in Dual Core Construction\u2122, che offre un sostegno ed una <strong>comodit\u00e0<\/strong> elevata, anche in lunghe sessioni appesi alla parete. 4 porta materiali di tipo rigido ed un anello posteriore per il recupero dei materiali, rendono il Black Diamond Momentum uno degli imbraghi <strong>pi\u00f9 polivalenti ed apprezzati<\/strong>.<\/p>\n<ul>\n<li>Cintura ventrale pre trattata per favorire chiusura rapida<\/li>\n<li>Costruzione ventrale Dual Core, ampia e comoda<\/li>\n<li>chiusura trakFIT\u2122 consente regolazione rapida e sicura delle fibbie<\/li>\n<li>Agganci posteriori elasticizzati regolabili<\/li>\n<li>4 porta materiali in tubo di gomma<\/li>\n<li>Anello di recupero posteriore<\/li>\n<\/ul>\n<p>&nbsp;<\/p>\n<p>Il Black Diamond Momentum \u00e8 un imbrago comodo e polivalente per ogni utilizzo, dalla falesia alla palestra, dalle ferrate alle vie trad.<\/p>\n<p>&nbsp;<\/p>\n<p>Black Diamond dal 1957 rappresenta un punto di riferimento mondiale per l&#8217;attrezzatura da arrampicata. Ci\u00f2 che all&#8217;inizio era una attivit\u00e0 artigianale con incudine e martello oggi si \u00e8 trasformata in una societ\u00e0 globale con uffici in tre continenti. Il segreto di Black Diamond \u00e8 sempre lo stesso: essere una societ\u00e0 formata da appassionati climber. In Black Diamond si continua a sognare su ci\u00f2 che potrebbe essere e si continua ad essere critici su ci\u00f2 che esiste. E&#8217; cos\u00ec che il processo creativo per la realizzazione della migliore attrezzatura da arrampicata non avr\u00e0 mai fine.<\/p>\n","protected":false},"excerpt":{"rendered":"<p>Il Black Diamond Momentum \u00e8 un imbrago all round a 3 fibbie di regolazione, due sui cosciali ed una ventrale. [&hellip;]<\/p>\n","protected":false},"featured_media":184885,"comment_status":"open","ping_status":"closed","template":"","meta":{"_acf_changed":false},"product_brand":[121],"product_cat":[182,183],"product_tag":[],"class_list":{"0":"post-28899","1":"product","2":"type-product","3":"status-publish","4":"has-post-thumbnail","6":"product_brand-black-diamond","7":"product_cat-sportivi","8":"product_cat-alpinismo","10":"first","11":"instock","12":"sale","13":"taxable","14":"shipping-taxable","15":"purchasable","16":"product-type-variable"},"acf":[],"yoast_head":"<!-- This site is optimized with the Yoast SEO plugin v26.4 - https:\/\/yoast.com\/wordpress\/plugins\/seo\/ -->\n<title>Black Diamond Momentum imbrago arrampicata - Sestogrado<\/title>\n<meta name=\"description\" content=\"Il Black Diamond Momentum \u00e8 un imbrago all around a 3 fibbie di regolazione, due sui cosciali ed una ventrale. Rivisto nel 2020, \u00e8 uno degli imbraghi pi\u00f9 popolari di Black Diamond, grazie ad una ottima vestibilit\u00e0, i 4 ampi portamateriali, le fibbie di regolazione rapida trakFIT, ed una fascia ventrale ultra comoda.Il Black Diamond Momentum \u00e8 un imbrago polivalente, idoneo a tutti i tipi di arrampicata. La fibbia ventrale e le due fibbie suo cosciali sono dotate del sistema di regolazione trakFIT, che rende la chiusura molto rapida e sicura. La struttura portante della cintura ventrale \u00e8 in Dual Core Construction\u2122, che offre un sostegno ed una comodit\u00e0 elevata, anche in lunghe sessioni appesi alla parete. 4 porta materiali di tipo rigido ed un anello posteriore per il recupero dei materiali, rendono il Black Diamond Momentum uno degli imbraghi pi\u00f9 polivalenti ed apprezzati.\" \/>\n<meta name=\"robots\" content=\"index, follow, max-snippet:-1, max-image-preview:large, max-video-preview:-1\" \/>\n<link rel=\"canonical\" href=\"https:\/\/www.sestogrado.it\/en\/prodotto\/black-diamond-momentum-imbrago-arrampicata\/\" \/>\n<meta property=\"og:locale\" content=\"en_US\" \/>\n<meta property=\"og:type\" content=\"article\" \/>\n<meta property=\"og:title\" content=\"Black Diamond Momentum imbrago arrampicata - Sestogrado\" \/>\n<meta property=\"og:description\" content=\"Il Black Diamond Momentum \u00e8 un imbrago all around a 3 fibbie di regolazione, due sui cosciali ed una ventrale. Rivisto nel 2020, \u00e8 uno degli imbraghi pi\u00f9 popolari di Black Diamond, grazie ad una ottima vestibilit\u00e0, i 4 ampi portamateriali, le fibbie di regolazione rapida trakFIT, ed una fascia ventrale ultra comoda.Il Black Diamond Momentum \u00e8 un imbrago polivalente, idoneo a tutti i tipi di arrampicata. La fibbia ventrale e le due fibbie suo cosciali sono dotate del sistema di regolazione trakFIT, che rende la chiusura molto rapida e sicura. La struttura portante della cintura ventrale \u00e8 in Dual Core Construction\u2122, che offre un sostegno ed una comodit\u00e0 elevata, anche in lunghe sessioni appesi alla parete. 4 porta materiali di tipo rigido ed un anello posteriore per il recupero dei materiali, rendono il Black Diamond Momentum uno degli imbraghi pi\u00f9 polivalenti ed apprezzati.\" \/>\n<meta property=\"og:url\" content=\"https:\/\/www.sestogrado.it\/en\/prodotto\/black-diamond-momentum-imbrago-arrampicata\/\" \/>\n<meta property=\"og:site_name\" content=\"Sestogrado\" \/>\n<meta property=\"article:publisher\" content=\"https:\/\/www.facebook.com\/pages\/Sestogrado\/1542635979353017?ref=bookmarks\" \/>\n<meta property=\"article:modified_time\" content=\"2026-01-20T13:55:21+00:00\" \/>\n<meta property=\"og:image\" content=\"https:\/\/www.sestogrado.it\/wp-content\/uploads\/2020\/03\/41f819e6c9f475886bb2664e2d5a5a64164a94cf__43077.jpg\" \/>\n\t<meta property=\"og:image:width\" content=\"1000\" \/>\n\t<meta property=\"og:image:height\" content=\"1000\" \/>\n\t<meta property=\"og:image:type\" content=\"image\/jpeg\" \/>\n<meta name=\"twitter:label1\" content=\"Availability\" \/>\n\t<meta name=\"twitter:data1\" content=\"In stock\" \/>\n<script type=\"application\/ld+json\" class=\"yoast-schema-graph\">{\"@context\":\"https:\/\/schema.org\",\"@graph\":[{\"@type\":\"WebPage\",\"@id\":\"https:\/\/www.sestogrado.it\/en\/prodotto\/black-diamond-momentum-imbrago-arrampicata\/\",\"url\":\"https:\/\/www.sestogrado.it\/en\/prodotto\/black-diamond-momentum-imbrago-arrampicata\/\",\"name\":\"Black Diamond Momentum imbrago arrampicata - Sestogrado\",\"isPartOf\":{\"@id\":\"https:\/\/www.sestogrado.it\/en\/#website\"},\"primaryImageOfPage\":{\"@id\":\"https:\/\/www.sestogrado.it\/en\/prodotto\/black-diamond-momentum-imbrago-arrampicata\/#primaryimage\"},\"image\":{\"@id\":\"https:\/\/www.sestogrado.it\/prodotto\/black-diamond-momentum-imbrago-arrampicata\/#primaryimage\"},\"thumbnailUrl\":\"https:\/\/www.sestogrado.it\/wp-content\/uploads\/2020\/03\/41f819e6c9f475886bb2664e2d5a5a64164a94cf__43077.jpg\",\"datePublished\":\"2020-03-02T13:27:07+00:00\",\"dateModified\":\"2026-01-20T13:55:21+00:00\",\"description\":\"Il Black Diamond Momentum \u00e8 un imbrago all around a 3 fibbie di regolazione, due sui cosciali ed una ventrale. Rivisto nel 2020, \u00e8 uno degli imbraghi pi\u00f9 popolari di Black Diamond, grazie ad una ottima vestibilit\u00e0, i 4 ampi portamateriali, le fibbie di regolazione rapida trakFIT, ed una fascia ventrale ultra comoda.Il Black Diamond Momentum \u00e8 un imbrago polivalente, idoneo a tutti i tipi di arrampicata. La fibbia ventrale e le due fibbie suo cosciali sono dotate del sistema di regolazione trakFIT, che rende la chiusura molto rapida e sicura. La struttura portante della cintura ventrale \u00e8 in Dual Core Construction\u2122, che offre un sostegno ed una comodit\u00e0 elevata, anche in lunghe sessioni appesi alla parete. 4 porta materiali di tipo rigido ed un anello posteriore per il recupero dei materiali, rendono il Black Diamond Momentum uno degli imbraghi pi\u00f9 polivalenti ed apprezzati.\",\"breadcrumb\":{\"@id\":\"https:\/\/www.sestogrado.it\/en\/prodotto\/black-diamond-momentum-imbrago-arrampicata\/#breadcrumb\"},\"inLanguage\":\"en-US\",\"potentialAction\":[{\"@type\":\"ReadAction\",\"target\":[[\"https:\/\/www.sestogrado.it\/en\/prodotto\/black-diamond-momentum-imbrago-arrampicata\/\"]]}]},{\"@type\":\"ImageObject\",\"inLanguage\":\"en-US\",\"@id\":\"https:\/\/www.sestogrado.it\/en\/prodotto\/black-diamond-momentum-imbrago-arrampicata\/#primaryimage\",\"url\":\"https:\/\/www.sestogrado.it\/wp-content\/uploads\/2020\/03\/41f819e6c9f475886bb2664e2d5a5a64164a94cf__43077.jpg\",\"contentUrl\":\"https:\/\/www.sestogrado.it\/wp-content\/uploads\/2020\/03\/41f819e6c9f475886bb2664e2d5a5a64164a94cf__43077.jpg\",\"width\":1000,\"height\":1000,\"caption\":\"momentum moonstone\"},{\"@type\":\"BreadcrumbList\",\"@id\":\"https:\/\/www.sestogrado.it\/en\/prodotto\/black-diamond-momentum-imbrago-arrampicata\/#breadcrumb\",\"itemListElement\":[{\"@type\":\"ListItem\",\"position\":1,\"name\":\"Home\",\"item\":\"https:\/\/www.sestogrado.it\/en\/\"},{\"@type\":\"ListItem\",\"position\":2,\"name\":\"Shop\",\"item\":\"https:\/\/www.sestogrado.it\/en\/shop\/\"},{\"@type\":\"ListItem\",\"position\":3,\"name\":\"Black Diamond Momentum imbrago arrampicata\"}]},{\"@type\":\"WebSite\",\"@id\":\"https:\/\/www.sestogrado.it\/en\/#website\",\"url\":\"https:\/\/www.sestogrado.it\/en\/\",\"name\":\"Sestogrado\",\"description\":\"yes we climb\",\"publisher\":{\"@id\":\"https:\/\/www.sestogrado.it\/en\/#organization\"},\"potentialAction\":[{\"@type\":\"SearchAction\",\"target\":{\"@type\":\"EntryPoint\",\"urlTemplate\":\"https:\/\/www.sestogrado.it\/en\/?s={search_term_string}\"},\"query-input\":{\"@type\":\"PropertyValueSpecification\",\"valueRequired\":true,\"valueName\":\"search_term_string\"}}],\"inLanguage\":\"en-US\"},{\"@type\":\"Organization\",\"@id\":\"https:\/\/www.sestogrado.it\/en\/#organization\",\"name\":\"Sestogrado\",\"url\":\"https:\/\/www.sestogrado.it\/en\/\",\"logo\":{\"@type\":\"ImageObject\",\"inLanguage\":\"en-US\",\"@id\":\"https:\/\/www.sestogrado.it\/en\/#\/schema\/logo\/image\/\",\"url\":\"https:\/\/www.sestogrado.it\/wp-content\/uploads\/2015\/03\/sestogrado-favicon.png\",\"contentUrl\":\"https:\/\/www.sestogrado.it\/wp-content\/uploads\/2015\/03\/sestogrado-favicon.png\",\"width\":260,\"height\":260,\"caption\":\"Sestogrado\"},\"image\":{\"@id\":\"https:\/\/www.sestogrado.it\/en\/#\/schema\/logo\/image\/\"},\"sameAs\":[\"https:\/\/www.facebook.com\/pages\/Sestogrado\/1542635979353017?ref=bookmarks\",\"https:\/\/www.youtube.com\/channel\/UC847kAfTkaJsWpc1jtQwr3Q\"],\"hasMerchantReturnPolicy\":{\"@type\":\"MerchantReturnPolicy\",\"merchantReturnLink\":\"https:\/\/www.sestogrado.it\/en\/termini-e-condizioni\/\"}}]}<\/script>\n<meta property=\"product:brand\" content=\"Black Diamond\" \/>\n<meta property=\"og:availability\" content=\"instock\" \/>\n<meta property=\"product:availability\" content=\"instock\" \/>\n<meta property=\"product:condition\" content=\"new\" \/>\n<!-- \/ Yoast SEO plugin. -->","yoast_head_json":{"title":"Black Diamond Momentum imbrago arrampicata - Sestogrado","description":"Il Black Diamond Momentum \u00e8 un imbrago all around a 3 fibbie di regolazione, due sui cosciali ed una ventrale. Rivisto nel 2020, \u00e8 uno degli imbraghi pi\u00f9 popolari di Black Diamond, grazie ad una ottima vestibilit\u00e0, i 4 ampi portamateriali, le fibbie di regolazione rapida trakFIT, ed una fascia ventrale ultra comoda.Il Black Diamond Momentum \u00e8 un imbrago polivalente, idoneo a tutti i tipi di arrampicata. La fibbia ventrale e le due fibbie suo cosciali sono dotate del sistema di regolazione trakFIT, che rende la chiusura molto rapida e sicura. La struttura portante della cintura ventrale \u00e8 in Dual Core Construction\u2122, che offre un sostegno ed una comodit\u00e0 elevata, anche in lunghe sessioni appesi alla parete. 4 porta materiali di tipo rigido ed un anello posteriore per il recupero dei materiali, rendono il Black Diamond Momentum uno degli imbraghi pi\u00f9 polivalenti ed apprezzati.","robots":{"index":"index","follow":"follow","max-snippet":"max-snippet:-1","max-image-preview":"max-image-preview:large","max-video-preview":"max-video-preview:-1"},"canonical":"https:\/\/www.sestogrado.it\/en\/prodotto\/black-diamond-momentum-imbrago-arrampicata\/","og_locale":"en_US","og_type":"article","og_title":"Black Diamond Momentum imbrago arrampicata - Sestogrado","og_description":"Il Black Diamond Momentum \u00e8 un imbrago all around a 3 fibbie di regolazione, due sui cosciali ed una ventrale. Rivisto nel 2020, \u00e8 uno degli imbraghi pi\u00f9 popolari di Black Diamond, grazie ad una ottima vestibilit\u00e0, i 4 ampi portamateriali, le fibbie di regolazione rapida trakFIT, ed una fascia ventrale ultra comoda.Il Black Diamond Momentum \u00e8 un imbrago polivalente, idoneo a tutti i tipi di arrampicata. La fibbia ventrale e le due fibbie suo cosciali sono dotate del sistema di regolazione trakFIT, che rende la chiusura molto rapida e sicura. La struttura portante della cintura ventrale \u00e8 in Dual Core Construction\u2122, che offre un sostegno ed una comodit\u00e0 elevata, anche in lunghe sessioni appesi alla parete. 4 porta materiali di tipo rigido ed un anello posteriore per il recupero dei materiali, rendono il Black Diamond Momentum uno degli imbraghi pi\u00f9 polivalenti ed apprezzati.","og_url":"https:\/\/www.sestogrado.it\/en\/prodotto\/black-diamond-momentum-imbrago-arrampicata\/","og_site_name":"Sestogrado","article_publisher":"https:\/\/www.facebook.com\/pages\/Sestogrado\/1542635979353017?ref=bookmarks","article_modified_time":"2026-01-20T13:55:21+00:00","og_image":[{"width":1000,"height":1000,"url":"https:\/\/www.sestogrado.it\/wp-content\/uploads\/2020\/03\/41f819e6c9f475886bb2664e2d5a5a64164a94cf__43077.jpg","type":"image\/jpeg"}],"twitter_misc":{"Availability":"In stock"},"schema":{"@context":"https:\/\/schema.org","@graph":[{"@type":"WebPage","@id":"https:\/\/www.sestogrado.it\/en\/prodotto\/black-diamond-momentum-imbrago-arrampicata\/","url":"https:\/\/www.sestogrado.it\/en\/prodotto\/black-diamond-momentum-imbrago-arrampicata\/","name":"Black Diamond Momentum imbrago arrampicata - Sestogrado","isPartOf":{"@id":"https:\/\/www.sestogrado.it\/en\/#website"},"primaryImageOfPage":{"@id":"https:\/\/www.sestogrado.it\/en\/prodotto\/black-diamond-momentum-imbrago-arrampicata\/#primaryimage"},"image":{"@id":"https:\/\/www.sestogrado.it\/prodotto\/black-diamond-momentum-imbrago-arrampicata\/#primaryimage"},"thumbnailUrl":"https:\/\/www.sestogrado.it\/wp-content\/uploads\/2020\/03\/41f819e6c9f475886bb2664e2d5a5a64164a94cf__43077.jpg","datePublished":"2020-03-02T13:27:07+00:00","dateModified":"2026-01-20T13:55:21+00:00","description":"Il Black Diamond Momentum \u00e8 un imbrago all around a 3 fibbie di regolazione, due sui cosciali ed una ventrale. Rivisto nel 2020, \u00e8 uno degli imbraghi pi\u00f9 popolari di Black Diamond, grazie ad una ottima vestibilit\u00e0, i 4 ampi portamateriali, le fibbie di regolazione rapida trakFIT, ed una fascia ventrale ultra comoda.Il Black Diamond Momentum \u00e8 un imbrago polivalente, idoneo a tutti i tipi di arrampicata. La fibbia ventrale e le due fibbie suo cosciali sono dotate del sistema di regolazione trakFIT, che rende la chiusura molto rapida e sicura. La struttura portante della cintura ventrale \u00e8 in Dual Core Construction\u2122, che offre un sostegno ed una comodit\u00e0 elevata, anche in lunghe sessioni appesi alla parete. 4 porta materiali di tipo rigido ed un anello posteriore per il recupero dei materiali, rendono il Black Diamond Momentum uno degli imbraghi pi\u00f9 polivalenti ed apprezzati.","breadcrumb":{"@id":"https:\/\/www.sestogrado.it\/en\/prodotto\/black-diamond-momentum-imbrago-arrampicata\/#breadcrumb"},"inLanguage":"en-US","potentialAction":[{"@type":"ReadAction","target":[["https:\/\/www.sestogrado.it\/en\/prodotto\/black-diamond-momentum-imbrago-arrampicata\/"]]}]},{"@type":"ImageObject","inLanguage":"en-US","@id":"https:\/\/www.sestogrado.it\/en\/prodotto\/black-diamond-momentum-imbrago-arrampicata\/#primaryimage","url":"https:\/\/www.sestogrado.it\/wp-content\/uploads\/2020\/03\/41f819e6c9f475886bb2664e2d5a5a64164a94cf__43077.jpg","contentUrl":"https:\/\/www.sestogrado.it\/wp-content\/uploads\/2020\/03\/41f819e6c9f475886bb2664e2d5a5a64164a94cf__43077.jpg","width":1000,"height":1000,"caption":"momentum moonstone"},{"@type":"BreadcrumbList","@id":"https:\/\/www.sestogrado.it\/en\/prodotto\/black-diamond-momentum-imbrago-arrampicata\/#breadcrumb","itemListElement":[{"@type":"ListItem","position":1,"name":"Home","item":"https:\/\/www.sestogrado.it\/en\/"},{"@type":"ListItem","position":2,"name":"Shop","item":"https:\/\/www.sestogrado.it\/en\/shop\/"},{"@type":"ListItem","position":3,"name":"Black Diamond Momentum imbrago arrampicata"}]},{"@type":"WebSite","@id":"https:\/\/www.sestogrado.it\/en\/#website","url":"https:\/\/www.sestogrado.it\/en\/","name":"Sestogrado","description":"yes we climb","publisher":{"@id":"https:\/\/www.sestogrado.it\/en\/#organization"},"potentialAction":[{"@type":"SearchAction","target":{"@type":"EntryPoint","urlTemplate":"https:\/\/www.sestogrado.it\/en\/?s={search_term_string}"},"query-input":{"@type":"PropertyValueSpecification","valueRequired":true,"valueName":"search_term_string"}}],"inLanguage":"en-US"},{"@type":"Organization","@id":"https:\/\/www.sestogrado.it\/en\/#organization","name":"Sestogrado","url":"https:\/\/www.sestogrado.it\/en\/","logo":{"@type":"ImageObject","inLanguage":"en-US","@id":"https:\/\/www.sestogrado.it\/en\/#\/schema\/logo\/image\/","url":"https:\/\/www.sestogrado.it\/wp-content\/uploads\/2015\/03\/sestogrado-favicon.png","contentUrl":"https:\/\/www.sestogrado.it\/wp-content\/uploads\/2015\/03\/sestogrado-favicon.png","width":260,"height":260,"caption":"Sestogrado"},"image":{"@id":"https:\/\/www.sestogrado.it\/en\/#\/schema\/logo\/image\/"},"sameAs":["https:\/\/www.facebook.com\/pages\/Sestogrado\/1542635979353017?ref=bookmarks","https:\/\/www.youtube.com\/channel\/UC847kAfTkaJsWpc1jtQwr3Q"],"hasMerchantReturnPolicy":{"@type":"MerchantReturnPolicy","merchantReturnLink":"https:\/\/www.sestogrado.it\/en\/termini-e-condizioni\/"}}]},"product_brand":"Black Diamond","og_availability":"instock","product_availability":"instock","product_condition":"new"},"_links":{"self":[{"href":"https:\/\/www.sestogrado.it\/en\/wp-json\/wp\/v2\/product\/28899","targetHints":{"allow":["GET"]}}],"collection":[{"href":"https:\/\/www.sestogrado.it\/en\/wp-json\/wp\/v2\/product"}],"about":[{"href":"https:\/\/www.sestogrado.it\/en\/wp-json\/wp\/v2\/types\/product"}],"replies":[{"embeddable":true,"href":"https:\/\/www.sestogrado.it\/en\/wp-json\/wp\/v2\/comments?post=28899"}],"wp:featuredmedia":[{"embeddable":true,"href":"https:\/\/www.sestogrado.it\/en\/wp-json\/wp\/v2\/media\/184885"}],"wp:attachment":[{"href":"https:\/\/www.sestogrado.it\/en\/wp-json\/wp\/v2\/media?parent=28899"}],"wp:term":[{"taxonomy":"product_brand","embeddable":true,"href":"https:\/\/www.sestogrado.it\/en\/wp-json\/wp\/v2\/product_brand?post=28899"},{"taxonomy":"product_cat","embeddable":true,"href":"https:\/\/www.sestogrado.it\/en\/wp-json\/wp\/v2\/product_cat?post=28899"},{"taxonomy":"product_tag","embeddable":true,"href":"https:\/\/www.sestogrado.it\/en\/wp-json\/wp\/v2\/product_tag?post=28899"}],"curies":[{"name":"wp","href":"https:\/\/api.w.org\/{rel}","templated":true}]}}