{"id":28674,"date":"2020-03-03T14:14:41","date_gmt":"2020-03-03T13:14:41","guid":{"rendered":"https:\/\/www.sestogrado.it\/?post_type=product&#038;p=28674"},"modified":"2026-04-14T21:46:21","modified_gmt":"2026-04-14T19:46:21","slug":"camp-atom-belay-lock-moschettone-hms-da-sicura","status":"publish","type":"product","link":"https:\/\/www.sestogrado.it\/en\/prodotto\/camp-atom-belay-lock-moschettone-hms-da-sicura\/","title":{"rendered":"Camp Atom Belay Lock moschettone HMS da sicura"},"content":{"rendered":"<p>Il Camp Atom Belay Lock \u00e8 un moschettone HMS particolarmente idoneo ad essere utilizzato per collegare gli <a href=\"https:\/\/www.sestogrado.it\/it\/categoria-prodotto\/ferramenta\/assicuratori\/\" target=\"_blank\" rel=\"noopener noreferrer\">assicuratori<\/a> all&#8217;imbrago. La leva interna brevettata dell&#8217;Atom Belay Lock, chiudendosi sull&#8217;anello di servizio quando il moschettone \u00e8 in posizione corretta, impedisce al moschettone stesso di ruotare, prevenendo applicazioni trasversali e non corrette del carico.<\/p>\n<p>Moschettone ad elevata resistenza, \u00e8 ideale per l&#8217;utilizzo in manovre di assicurazione, calate in corda doppia. L&#8217;ampia apertura garantisce facilit\u00e0 e velocit\u00e0 nelle manovre e nell&#8217;inserimento della corda. Il naso con geometria brevettata Sphere Lock ottimizza il gioco leva-moschettone per la massima sicurezza.<\/p>\n<ul>\n<li>moschettone HMS con alto carico di rottura e chiusura a ghiera<\/li>\n<li>leva interna brevettata per mantenere il moschettone sul corretto asse longitudinale<\/li>\n<li>ghiera leggera, facile e comoda da azionare<\/li>\n<li>ampia apertura facilita inserimento corda<\/li>\n<li>geometria brevettata Sphere Lock impedisce aggancio involontario naso del moschettone<\/li>\n<li>marchiatura laser di sicurezza che indica se la ghiera \u00e8 aperta o chiusa<\/li>\n<li>colore canna di fucile<\/li>\n<\/ul>\n<p>&nbsp;<\/p>\n<p>Il Camp Atom Belay Lock \u00e8 un moschettone HMS ideale da collegare ad assicuratori come il <a href=\"https:\/\/www.sestogrado.it\/it\/prodotto\/petzl-grigri-2019\/\" target=\"_blank\" rel=\"noopener noreferrer\">Grigri<\/a>.<\/p>\n<p>&nbsp;<\/p>\n<p>Passione, lavoro e semplicit\u00e0 sono alcune delle parole chiave che da sempre hanno contraddistinto il modo di essere di C.A.M.P.\u00a0Fondata nel\u00a01889 a Premana, paese dell\u2019alta Valsassina dove tutt\u2019oggi ha la sua sede, C.A.M.P.\u00a0realizza\u00a0prodotti che aiutano a realizzare i sogni ed i progetti di tutti coloro che frequentano la montagna.<\/p>\n","protected":false},"excerpt":{"rendered":"<p>Il Camp Atom Belay Lock \u00e8 un moschettone HMS particolarmente idoneo ad essere utilizzato per collegare gli assicuratori all&#8217;imbrago. La [&hellip;]<\/p>\n","protected":false},"featured_media":28677,"comment_status":"open","ping_status":"closed","template":"","meta":{"_acf_changed":false},"product_brand":[31],"product_cat":[132],"product_tag":[],"class_list":{"0":"post-28674","1":"product","2":"type-product","3":"status-publish","4":"has-post-thumbnail","6":"product_brand-camp","7":"product_cat-moschettoni","9":"first","10":"instock","11":"sale","12":"taxable","13":"shipping-taxable","14":"purchasable","15":"product-type-simple"},"acf":[],"yoast_head":"<!-- This site is optimized with the Yoast SEO plugin v26.4 - https:\/\/yoast.com\/wordpress\/plugins\/seo\/ -->\n<title>Camp Atom Belay Lock moschettone HMS da sicura - Sestogrado<\/title>\n<meta name=\"description\" content=\"Il Camp Atom Belay Lock \u00e8 un moschettone HMS particolarmente idoneo ad essere utilizzato per collegare gli assicuratori all&#039;imbrago. La leva interna brevettata dell&#039;Atom Belay Lock, chiudendosi sull&#039;anello di servizio quando il moschettone \u00e8 in posizione corretta, impedisce al moschettone stesso di ruotare, prevenendo applicazioni trasversali e non corrette del carico.Moschettone ad elevata resistenza, \u00e8 ideale per l&#039;utilizzo in manovre di assicurazione, calate in corda doppia. L&#039;ampia apertura garantisce facilit\u00e0 e velocit\u00e0 nelle manovre e nell&#039;inserimento della corda. Il naso con geometria brevettata Sphere Lock ottimizza il gioco leva-moschettone per la massima sicurezza.\" \/>\n<meta name=\"robots\" content=\"index, follow, max-snippet:-1, max-image-preview:large, max-video-preview:-1\" \/>\n<link rel=\"canonical\" href=\"https:\/\/www.sestogrado.it\/en\/prodotto\/camp-atom-belay-lock-moschettone-hms-da-sicura\/\" \/>\n<meta property=\"og:locale\" content=\"en_US\" \/>\n<meta property=\"og:type\" content=\"article\" \/>\n<meta property=\"og:title\" content=\"Camp Atom Belay Lock moschettone HMS da sicura - Sestogrado\" \/>\n<meta property=\"og:description\" content=\"Il Camp Atom Belay Lock \u00e8 un moschettone HMS particolarmente idoneo ad essere utilizzato per collegare gli assicuratori all&#039;imbrago. La leva interna brevettata dell&#039;Atom Belay Lock, chiudendosi sull&#039;anello di servizio quando il moschettone \u00e8 in posizione corretta, impedisce al moschettone stesso di ruotare, prevenendo applicazioni trasversali e non corrette del carico.Moschettone ad elevata resistenza, \u00e8 ideale per l&#039;utilizzo in manovre di assicurazione, calate in corda doppia. L&#039;ampia apertura garantisce facilit\u00e0 e velocit\u00e0 nelle manovre e nell&#039;inserimento della corda. Il naso con geometria brevettata Sphere Lock ottimizza il gioco leva-moschettone per la massima sicurezza.\" \/>\n<meta property=\"og:url\" content=\"https:\/\/www.sestogrado.it\/en\/prodotto\/camp-atom-belay-lock-moschettone-hms-da-sicura\/\" \/>\n<meta property=\"og:site_name\" content=\"Sestogrado\" \/>\n<meta property=\"article:publisher\" content=\"https:\/\/www.facebook.com\/pages\/Sestogrado\/1542635979353017?ref=bookmarks\" \/>\n<meta property=\"article:modified_time\" content=\"2026-04-14T19:46:21+00:00\" \/>\n<meta property=\"og:image\" content=\"https:\/\/www.sestogrado.it\/wp-content\/uploads\/2020\/02\/1-2924-ATOM-BELAY-LOCK-20.jpg\" \/>\n\t<meta property=\"og:image:width\" content=\"1024\" \/>\n\t<meta property=\"og:image:height\" content=\"1024\" \/>\n\t<meta property=\"og:image:type\" content=\"image\/jpeg\" \/>\n<meta name=\"twitter:label1\" content=\"Price\" \/>\n\t<meta name=\"twitter:data1\" content=\"&euro;&nbsp;16,90\" \/>\n\t<meta name=\"twitter:label2\" content=\"Availability\" \/>\n\t<meta name=\"twitter:data2\" content=\"In stock\" \/>\n<script type=\"application\/ld+json\" class=\"yoast-schema-graph\">{\"@context\":\"https:\/\/schema.org\",\"@graph\":[{\"@type\":\"WebPage\",\"@id\":\"https:\/\/www.sestogrado.it\/en\/prodotto\/camp-atom-belay-lock-moschettone-hms-da-sicura\/\",\"url\":\"https:\/\/www.sestogrado.it\/en\/prodotto\/camp-atom-belay-lock-moschettone-hms-da-sicura\/\",\"name\":\"Camp Atom Belay Lock moschettone HMS da sicura - Sestogrado\",\"isPartOf\":{\"@id\":\"https:\/\/www.sestogrado.it\/en\/#website\"},\"primaryImageOfPage\":{\"@id\":\"https:\/\/www.sestogrado.it\/en\/prodotto\/camp-atom-belay-lock-moschettone-hms-da-sicura\/#primaryimage\"},\"image\":{\"@id\":\"https:\/\/www.sestogrado.it\/prodotto\/camp-atom-belay-lock-moschettone-hms-da-sicura\/#primaryimage\"},\"thumbnailUrl\":\"https:\/\/www.sestogrado.it\/wp-content\/uploads\/2020\/02\/1-2924-ATOM-BELAY-LOCK-20.jpg\",\"datePublished\":\"2020-03-03T13:14:41+00:00\",\"dateModified\":\"2026-04-14T19:46:21+00:00\",\"description\":\"Il Camp Atom Belay Lock \u00e8 un moschettone HMS particolarmente idoneo ad essere utilizzato per collegare gli assicuratori all'imbrago. La leva interna brevettata dell'Atom Belay Lock, chiudendosi sull'anello di servizio quando il moschettone \u00e8 in posizione corretta, impedisce al moschettone stesso di ruotare, prevenendo applicazioni trasversali e non corrette del carico.Moschettone ad elevata resistenza, \u00e8 ideale per l'utilizzo in manovre di assicurazione, calate in corda doppia. L'ampia apertura garantisce facilit\u00e0 e velocit\u00e0 nelle manovre e nell'inserimento della corda. Il naso con geometria brevettata Sphere Lock ottimizza il gioco leva-moschettone per la massima sicurezza.\",\"breadcrumb\":{\"@id\":\"https:\/\/www.sestogrado.it\/en\/prodotto\/camp-atom-belay-lock-moschettone-hms-da-sicura\/#breadcrumb\"},\"inLanguage\":\"en-US\",\"potentialAction\":[{\"@type\":\"ReadAction\",\"target\":[[\"https:\/\/www.sestogrado.it\/en\/prodotto\/camp-atom-belay-lock-moschettone-hms-da-sicura\/\"]]}]},{\"@type\":\"ImageObject\",\"inLanguage\":\"en-US\",\"@id\":\"https:\/\/www.sestogrado.it\/en\/prodotto\/camp-atom-belay-lock-moschettone-hms-da-sicura\/#primaryimage\",\"url\":\"https:\/\/www.sestogrado.it\/wp-content\/uploads\/2020\/02\/1-2924-ATOM-BELAY-LOCK-20.jpg\",\"contentUrl\":\"https:\/\/www.sestogrado.it\/wp-content\/uploads\/2020\/02\/1-2924-ATOM-BELAY-LOCK-20.jpg\",\"width\":1024,\"height\":1024,\"caption\":\"camp atom belay lock\"},{\"@type\":\"BreadcrumbList\",\"@id\":\"https:\/\/www.sestogrado.it\/en\/prodotto\/camp-atom-belay-lock-moschettone-hms-da-sicura\/#breadcrumb\",\"itemListElement\":[{\"@type\":\"ListItem\",\"position\":1,\"name\":\"Home\",\"item\":\"https:\/\/www.sestogrado.it\/en\/\"},{\"@type\":\"ListItem\",\"position\":2,\"name\":\"Shop\",\"item\":\"https:\/\/www.sestogrado.it\/en\/shop\/\"},{\"@type\":\"ListItem\",\"position\":3,\"name\":\"Camp Atom Belay Lock moschettone HMS da sicura\"}]},{\"@type\":\"WebSite\",\"@id\":\"https:\/\/www.sestogrado.it\/en\/#website\",\"url\":\"https:\/\/www.sestogrado.it\/en\/\",\"name\":\"Sestogrado\",\"description\":\"yes we climb\",\"publisher\":{\"@id\":\"https:\/\/www.sestogrado.it\/en\/#organization\"},\"potentialAction\":[{\"@type\":\"SearchAction\",\"target\":{\"@type\":\"EntryPoint\",\"urlTemplate\":\"https:\/\/www.sestogrado.it\/en\/?s={search_term_string}\"},\"query-input\":{\"@type\":\"PropertyValueSpecification\",\"valueRequired\":true,\"valueName\":\"search_term_string\"}}],\"inLanguage\":\"en-US\"},{\"@type\":\"Organization\",\"@id\":\"https:\/\/www.sestogrado.it\/en\/#organization\",\"name\":\"Sestogrado\",\"url\":\"https:\/\/www.sestogrado.it\/en\/\",\"logo\":{\"@type\":\"ImageObject\",\"inLanguage\":\"en-US\",\"@id\":\"https:\/\/www.sestogrado.it\/en\/#\/schema\/logo\/image\/\",\"url\":\"https:\/\/www.sestogrado.it\/wp-content\/uploads\/2015\/03\/sestogrado-favicon.png\",\"contentUrl\":\"https:\/\/www.sestogrado.it\/wp-content\/uploads\/2015\/03\/sestogrado-favicon.png\",\"width\":260,\"height\":260,\"caption\":\"Sestogrado\"},\"image\":{\"@id\":\"https:\/\/www.sestogrado.it\/en\/#\/schema\/logo\/image\/\"},\"sameAs\":[\"https:\/\/www.facebook.com\/pages\/Sestogrado\/1542635979353017?ref=bookmarks\",\"https:\/\/www.youtube.com\/channel\/UC847kAfTkaJsWpc1jtQwr3Q\"],\"hasMerchantReturnPolicy\":{\"@type\":\"MerchantReturnPolicy\",\"merchantReturnLink\":\"https:\/\/www.sestogrado.it\/en\/termini-e-condizioni\/\"}}]}<\/script>\n<meta property=\"product:brand\" content=\"Camp\" \/>\n<meta property=\"product:price:amount\" content=\"16.90\" \/>\n<meta property=\"product:price:currency\" content=\"EUR\" \/>\n<meta property=\"og:availability\" content=\"instock\" \/>\n<meta property=\"product:availability\" content=\"instock\" \/>\n<meta property=\"product:condition\" content=\"new\" \/>\n<!-- \/ Yoast SEO plugin. -->","yoast_head_json":{"title":"Camp Atom Belay Lock moschettone HMS da sicura - Sestogrado","description":"Il Camp Atom Belay Lock \u00e8 un moschettone HMS particolarmente idoneo ad essere utilizzato per collegare gli assicuratori all'imbrago. La leva interna brevettata dell'Atom Belay Lock, chiudendosi sull'anello di servizio quando il moschettone \u00e8 in posizione corretta, impedisce al moschettone stesso di ruotare, prevenendo applicazioni trasversali e non corrette del carico.Moschettone ad elevata resistenza, \u00e8 ideale per l'utilizzo in manovre di assicurazione, calate in corda doppia. L'ampia apertura garantisce facilit\u00e0 e velocit\u00e0 nelle manovre e nell'inserimento della corda. Il naso con geometria brevettata Sphere Lock ottimizza il gioco leva-moschettone per la massima sicurezza.","robots":{"index":"index","follow":"follow","max-snippet":"max-snippet:-1","max-image-preview":"max-image-preview:large","max-video-preview":"max-video-preview:-1"},"canonical":"https:\/\/www.sestogrado.it\/en\/prodotto\/camp-atom-belay-lock-moschettone-hms-da-sicura\/","og_locale":"en_US","og_type":"article","og_title":"Camp Atom Belay Lock moschettone HMS da sicura - Sestogrado","og_description":"Il Camp Atom Belay Lock \u00e8 un moschettone HMS particolarmente idoneo ad essere utilizzato per collegare gli assicuratori all'imbrago. La leva interna brevettata dell'Atom Belay Lock, chiudendosi sull'anello di servizio quando il moschettone \u00e8 in posizione corretta, impedisce al moschettone stesso di ruotare, prevenendo applicazioni trasversali e non corrette del carico.Moschettone ad elevata resistenza, \u00e8 ideale per l'utilizzo in manovre di assicurazione, calate in corda doppia. L'ampia apertura garantisce facilit\u00e0 e velocit\u00e0 nelle manovre e nell'inserimento della corda. Il naso con geometria brevettata Sphere Lock ottimizza il gioco leva-moschettone per la massima sicurezza.","og_url":"https:\/\/www.sestogrado.it\/en\/prodotto\/camp-atom-belay-lock-moschettone-hms-da-sicura\/","og_site_name":"Sestogrado","article_publisher":"https:\/\/www.facebook.com\/pages\/Sestogrado\/1542635979353017?ref=bookmarks","article_modified_time":"2026-04-14T19:46:21+00:00","og_image":[{"width":1024,"height":1024,"url":"https:\/\/www.sestogrado.it\/wp-content\/uploads\/2020\/02\/1-2924-ATOM-BELAY-LOCK-20.jpg","type":"image\/jpeg"}],"twitter_misc":{"Price":"&euro;&nbsp;16,90","Availability":"In stock"},"schema":{"@context":"https:\/\/schema.org","@graph":[{"@type":"WebPage","@id":"https:\/\/www.sestogrado.it\/en\/prodotto\/camp-atom-belay-lock-moschettone-hms-da-sicura\/","url":"https:\/\/www.sestogrado.it\/en\/prodotto\/camp-atom-belay-lock-moschettone-hms-da-sicura\/","name":"Camp Atom Belay Lock moschettone HMS da sicura - Sestogrado","isPartOf":{"@id":"https:\/\/www.sestogrado.it\/en\/#website"},"primaryImageOfPage":{"@id":"https:\/\/www.sestogrado.it\/en\/prodotto\/camp-atom-belay-lock-moschettone-hms-da-sicura\/#primaryimage"},"image":{"@id":"https:\/\/www.sestogrado.it\/prodotto\/camp-atom-belay-lock-moschettone-hms-da-sicura\/#primaryimage"},"thumbnailUrl":"https:\/\/www.sestogrado.it\/wp-content\/uploads\/2020\/02\/1-2924-ATOM-BELAY-LOCK-20.jpg","datePublished":"2020-03-03T13:14:41+00:00","dateModified":"2026-04-14T19:46:21+00:00","description":"Il Camp Atom Belay Lock \u00e8 un moschettone HMS particolarmente idoneo ad essere utilizzato per collegare gli assicuratori all'imbrago. La leva interna brevettata dell'Atom Belay Lock, chiudendosi sull'anello di servizio quando il moschettone \u00e8 in posizione corretta, impedisce al moschettone stesso di ruotare, prevenendo applicazioni trasversali e non corrette del carico.Moschettone ad elevata resistenza, \u00e8 ideale per l'utilizzo in manovre di assicurazione, calate in corda doppia. L'ampia apertura garantisce facilit\u00e0 e velocit\u00e0 nelle manovre e nell'inserimento della corda. Il naso con geometria brevettata Sphere Lock ottimizza il gioco leva-moschettone per la massima sicurezza.","breadcrumb":{"@id":"https:\/\/www.sestogrado.it\/en\/prodotto\/camp-atom-belay-lock-moschettone-hms-da-sicura\/#breadcrumb"},"inLanguage":"en-US","potentialAction":[{"@type":"ReadAction","target":[["https:\/\/www.sestogrado.it\/en\/prodotto\/camp-atom-belay-lock-moschettone-hms-da-sicura\/"]]}]},{"@type":"ImageObject","inLanguage":"en-US","@id":"https:\/\/www.sestogrado.it\/en\/prodotto\/camp-atom-belay-lock-moschettone-hms-da-sicura\/#primaryimage","url":"https:\/\/www.sestogrado.it\/wp-content\/uploads\/2020\/02\/1-2924-ATOM-BELAY-LOCK-20.jpg","contentUrl":"https:\/\/www.sestogrado.it\/wp-content\/uploads\/2020\/02\/1-2924-ATOM-BELAY-LOCK-20.jpg","width":1024,"height":1024,"caption":"camp atom belay lock"},{"@type":"BreadcrumbList","@id":"https:\/\/www.sestogrado.it\/en\/prodotto\/camp-atom-belay-lock-moschettone-hms-da-sicura\/#breadcrumb","itemListElement":[{"@type":"ListItem","position":1,"name":"Home","item":"https:\/\/www.sestogrado.it\/en\/"},{"@type":"ListItem","position":2,"name":"Shop","item":"https:\/\/www.sestogrado.it\/en\/shop\/"},{"@type":"ListItem","position":3,"name":"Camp Atom Belay Lock moschettone HMS da sicura"}]},{"@type":"WebSite","@id":"https:\/\/www.sestogrado.it\/en\/#website","url":"https:\/\/www.sestogrado.it\/en\/","name":"Sestogrado","description":"yes we climb","publisher":{"@id":"https:\/\/www.sestogrado.it\/en\/#organization"},"potentialAction":[{"@type":"SearchAction","target":{"@type":"EntryPoint","urlTemplate":"https:\/\/www.sestogrado.it\/en\/?s={search_term_string}"},"query-input":{"@type":"PropertyValueSpecification","valueRequired":true,"valueName":"search_term_string"}}],"inLanguage":"en-US"},{"@type":"Organization","@id":"https:\/\/www.sestogrado.it\/en\/#organization","name":"Sestogrado","url":"https:\/\/www.sestogrado.it\/en\/","logo":{"@type":"ImageObject","inLanguage":"en-US","@id":"https:\/\/www.sestogrado.it\/en\/#\/schema\/logo\/image\/","url":"https:\/\/www.sestogrado.it\/wp-content\/uploads\/2015\/03\/sestogrado-favicon.png","contentUrl":"https:\/\/www.sestogrado.it\/wp-content\/uploads\/2015\/03\/sestogrado-favicon.png","width":260,"height":260,"caption":"Sestogrado"},"image":{"@id":"https:\/\/www.sestogrado.it\/en\/#\/schema\/logo\/image\/"},"sameAs":["https:\/\/www.facebook.com\/pages\/Sestogrado\/1542635979353017?ref=bookmarks","https:\/\/www.youtube.com\/channel\/UC847kAfTkaJsWpc1jtQwr3Q"],"hasMerchantReturnPolicy":{"@type":"MerchantReturnPolicy","merchantReturnLink":"https:\/\/www.sestogrado.it\/en\/termini-e-condizioni\/"}}]},"product_brand":"Camp","product_price_amount":"16.90","product_price_currency":"EUR","og_availability":"instock","product_availability":"instock","product_condition":"new"},"_links":{"self":[{"href":"https:\/\/www.sestogrado.it\/en\/wp-json\/wp\/v2\/product\/28674","targetHints":{"allow":["GET"]}}],"collection":[{"href":"https:\/\/www.sestogrado.it\/en\/wp-json\/wp\/v2\/product"}],"about":[{"href":"https:\/\/www.sestogrado.it\/en\/wp-json\/wp\/v2\/types\/product"}],"replies":[{"embeddable":true,"href":"https:\/\/www.sestogrado.it\/en\/wp-json\/wp\/v2\/comments?post=28674"}],"wp:featuredmedia":[{"embeddable":true,"href":"https:\/\/www.sestogrado.it\/en\/wp-json\/wp\/v2\/media\/28677"}],"wp:attachment":[{"href":"https:\/\/www.sestogrado.it\/en\/wp-json\/wp\/v2\/media?parent=28674"}],"wp:term":[{"taxonomy":"product_brand","embeddable":true,"href":"https:\/\/www.sestogrado.it\/en\/wp-json\/wp\/v2\/product_brand?post=28674"},{"taxonomy":"product_cat","embeddable":true,"href":"https:\/\/www.sestogrado.it\/en\/wp-json\/wp\/v2\/product_cat?post=28674"},{"taxonomy":"product_tag","embeddable":true,"href":"https:\/\/www.sestogrado.it\/en\/wp-json\/wp\/v2\/product_tag?post=28674"}],"curies":[{"name":"wp","href":"https:\/\/api.w.org\/{rel}","templated":true}]}}