{"id":28647,"date":"2020-03-03T14:09:34","date_gmt":"2020-03-03T13:09:34","guid":{"rendered":"https:\/\/www.sestogrado.it\/?post_type=product&#038;p=28647"},"modified":"2026-04-12T17:00:40","modified_gmt":"2026-04-12T15:00:40","slug":"camp-atom-lock-moschettone-hms-a-ghiera","status":"publish","type":"product","link":"https:\/\/www.sestogrado.it\/en\/prodotto\/camp-atom-lock-moschettone-hms-a-ghiera\/","title":{"rendered":"Camp Atom Lock HMS carabiner"},"content":{"rendered":"<p>The Atom Lock is a high-strength HMS carabiner designed for belaying and rappelling. The proprietary SphereLock nose combines with a large gate opening to make clipping ropes and webbing easy.<\/p>\n<ul>\n<li>High-strength HMS carabiner with a secure screw lock closure<\/li>\n<li>New screw gate is lightweight and easy to handle<\/li>\n<li>Proprietary SphereLock nose make clipping ropes and webbing easy<\/li>\n<li>Laser etched marking to indicate if the lock is open or closed<\/li>\n<li>Available in 4 colors<\/li>\n<\/ul>\n<p><\/p>","protected":false},"excerpt":{"rendered":"<p>The Atom Lock is a high-strength HMS carabiner designed for belaying and rappelling. The proprietary SphereLock nose combines with a [&hellip;]<\/p>\n","protected":false},"featured_media":28651,"comment_status":"open","ping_status":"closed","template":"","meta":{"_acf_changed":false},"product_brand":[31],"product_cat":[132],"product_tag":[],"class_list":{"0":"post-28647","1":"product","2":"type-product","3":"status-publish","4":"has-post-thumbnail","6":"product_brand-camp","7":"product_cat-moschettoni","9":"first","10":"instock","11":"sale","12":"taxable","13":"shipping-taxable","14":"purchasable","15":"product-type-variable"},"acf":[],"yoast_head":"<!-- This site is optimized with the Yoast SEO plugin v26.4 - https:\/\/yoast.com\/wordpress\/plugins\/seo\/ -->\n<title>Camp Atom Lock HMS carabiner - Sestogrado<\/title>\n<meta name=\"description\" content=\"Il nuovo Camp Atom Lock \u00e8 un moschettone HMS ad elevata resistenza (26kN lato lungo), in grado di sopportare un alto carico di rottura. Ideale per l&#039;utilizzo in manovre di assicurazione, calate in corda doppia. L&#039;ampia apertura garantisce facilit\u00e0 e velocit\u00e0 nelle manovre e nell&#039;inserimento della corda. Il naso con geometria brevettata Sphere Lock ottimizza il gioco leva-moschettone per la massima sicurezza. Moschettone HMS con alto carico di rottura e chiusura a ghiera. Ghiera leggera, facile e comoda da azionare. Ampia apertura facilita inserimento corda. Geometria brevettata Sphere Lock impedisce aggancio involontario naso del moschettone. Marchiatura laser di sicurezza che indica se la ghiera \u00e8 aperta o chiusa. Disponibile in 4 colori. Il Camp Atom Lock \u00e8 un moschettone HMS ad alta resistenza, ideale per manovre ed utilizzo intensivo. Passione, lavoro e semplicit\u00e0 sono alcune delle parole chiave che da sempre hanno contraddistinto il modo di essere di C.A.M.P.\u00a0Fondata nel\u00a01889 a Premana, paese dell\u2019alta Valsassina dove tutt\u2019oggi ha la sua sede, C.A.M.P.\u00a0realizza\u00a0prodotti che aiutano a realizzare i sogni ed i progetti di tutti coloro che frequentano la montagna.\" \/>\n<meta name=\"robots\" content=\"index, follow, max-snippet:-1, max-image-preview:large, max-video-preview:-1\" \/>\n<link rel=\"canonical\" href=\"https:\/\/www.sestogrado.it\/en\/prodotto\/camp-atom-lock-moschettone-hms-a-ghiera\/\" \/>\n<meta property=\"og:locale\" content=\"en_US\" \/>\n<meta property=\"og:type\" content=\"article\" \/>\n<meta property=\"og:title\" content=\"Camp Atom Lock HMS carabiner - Sestogrado\" \/>\n<meta property=\"og:description\" content=\"Il nuovo Camp Atom Lock \u00e8 un moschettone HMS ad elevata resistenza (26kN lato lungo), in grado di sopportare un alto carico di rottura. Ideale per l&#039;utilizzo in manovre di assicurazione, calate in corda doppia. L&#039;ampia apertura garantisce facilit\u00e0 e velocit\u00e0 nelle manovre e nell&#039;inserimento della corda. Il naso con geometria brevettata Sphere Lock ottimizza il gioco leva-moschettone per la massima sicurezza. Moschettone HMS con alto carico di rottura e chiusura a ghiera. Ghiera leggera, facile e comoda da azionare. Ampia apertura facilita inserimento corda. Geometria brevettata Sphere Lock impedisce aggancio involontario naso del moschettone. Marchiatura laser di sicurezza che indica se la ghiera \u00e8 aperta o chiusa. Disponibile in 4 colori. Il Camp Atom Lock \u00e8 un moschettone HMS ad alta resistenza, ideale per manovre ed utilizzo intensivo. Passione, lavoro e semplicit\u00e0 sono alcune delle parole chiave che da sempre hanno contraddistinto il modo di essere di C.A.M.P.\u00a0Fondata nel\u00a01889 a Premana, paese dell\u2019alta Valsassina dove tutt\u2019oggi ha la sua sede, C.A.M.P.\u00a0realizza\u00a0prodotti che aiutano a realizzare i sogni ed i progetti di tutti coloro che frequentano la montagna.\" \/>\n<meta property=\"og:url\" content=\"https:\/\/www.sestogrado.it\/en\/prodotto\/camp-atom-lock-moschettone-hms-a-ghiera\/\" \/>\n<meta property=\"og:site_name\" content=\"Sestogrado\" \/>\n<meta property=\"article:publisher\" content=\"https:\/\/www.facebook.com\/pages\/Sestogrado\/1542635979353017?ref=bookmarks\" \/>\n<meta property=\"article:modified_time\" content=\"2026-04-12T15:00:40+00:00\" \/>\n<meta property=\"og:image\" content=\"https:\/\/www.sestogrado.it\/wp-content\/uploads\/2020\/02\/1-292101_A-ATOM-LOCK-20.jpg\" \/>\n\t<meta property=\"og:image:width\" content=\"1024\" \/>\n\t<meta property=\"og:image:height\" content=\"1024\" \/>\n\t<meta property=\"og:image:type\" content=\"image\/jpeg\" \/>\n<meta name=\"twitter:label1\" content=\"Availability\" \/>\n\t<meta name=\"twitter:data1\" content=\"In stock\" \/>\n<script type=\"application\/ld+json\" class=\"yoast-schema-graph\">{\"@context\":\"https:\/\/schema.org\",\"@graph\":[{\"@type\":\"WebPage\",\"@id\":\"https:\/\/www.sestogrado.it\/en\/prodotto\/camp-atom-lock-moschettone-hms-a-ghiera\/\",\"url\":\"https:\/\/www.sestogrado.it\/en\/prodotto\/camp-atom-lock-moschettone-hms-a-ghiera\/\",\"name\":\"Camp Atom Lock HMS carabiner - Sestogrado\",\"isPartOf\":{\"@id\":\"https:\/\/www.sestogrado.it\/en\/#website\"},\"primaryImageOfPage\":{\"@id\":\"https:\/\/www.sestogrado.it\/en\/prodotto\/camp-atom-lock-moschettone-hms-a-ghiera\/#primaryimage\"},\"image\":{\"@id\":\"https:\/\/www.sestogrado.it\/prodotto\/camp-atom-lock-moschettone-hms-a-ghiera\/#primaryimage\"},\"thumbnailUrl\":\"https:\/\/www.sestogrado.it\/wp-content\/uploads\/2020\/02\/1-292101_A-ATOM-LOCK-20.jpg\",\"datePublished\":\"2020-03-03T13:09:34+00:00\",\"dateModified\":\"2026-04-12T15:00:40+00:00\",\"description\":\"Il nuovo Camp Atom Lock \u00e8 un moschettone HMS ad elevata resistenza (26kN lato lungo), in grado di sopportare un alto carico di rottura. Ideale per l'utilizzo in manovre di assicurazione, calate in corda doppia. L'ampia apertura garantisce facilit\u00e0 e velocit\u00e0 nelle manovre e nell'inserimento della corda. Il naso con geometria brevettata Sphere Lock ottimizza il gioco leva-moschettone per la massima sicurezza. Moschettone HMS con alto carico di rottura e chiusura a ghiera. Ghiera leggera, facile e comoda da azionare. Ampia apertura facilita inserimento corda. Geometria brevettata Sphere Lock impedisce aggancio involontario naso del moschettone. Marchiatura laser di sicurezza che indica se la ghiera \u00e8 aperta o chiusa. Disponibile in 4 colori. Il Camp Atom Lock \u00e8 un moschettone HMS ad alta resistenza, ideale per manovre ed utilizzo intensivo. Passione, lavoro e semplicit\u00e0 sono alcune delle parole chiave che da sempre hanno contraddistinto il modo di essere di C.A.M.P.\u00a0Fondata nel\u00a01889 a Premana, paese dell\u2019alta Valsassina dove tutt\u2019oggi ha la sua sede, C.A.M.P.\u00a0realizza\u00a0prodotti che aiutano a realizzare i sogni ed i progetti di tutti coloro che frequentano la montagna.\",\"breadcrumb\":{\"@id\":\"https:\/\/www.sestogrado.it\/en\/prodotto\/camp-atom-lock-moschettone-hms-a-ghiera\/#breadcrumb\"},\"inLanguage\":\"en-US\",\"potentialAction\":[{\"@type\":\"ReadAction\",\"target\":[[\"https:\/\/www.sestogrado.it\/en\/prodotto\/camp-atom-lock-moschettone-hms-a-ghiera\/\"]]}]},{\"@type\":\"ImageObject\",\"inLanguage\":\"en-US\",\"@id\":\"https:\/\/www.sestogrado.it\/en\/prodotto\/camp-atom-lock-moschettone-hms-a-ghiera\/#primaryimage\",\"url\":\"https:\/\/www.sestogrado.it\/wp-content\/uploads\/2020\/02\/1-292101_A-ATOM-LOCK-20.jpg\",\"contentUrl\":\"https:\/\/www.sestogrado.it\/wp-content\/uploads\/2020\/02\/1-292101_A-ATOM-LOCK-20.jpg\",\"width\":1024,\"height\":1024,\"caption\":\"Camp atom lock blue\"},{\"@type\":\"BreadcrumbList\",\"@id\":\"https:\/\/www.sestogrado.it\/en\/prodotto\/camp-atom-lock-moschettone-hms-a-ghiera\/#breadcrumb\",\"itemListElement\":[{\"@type\":\"ListItem\",\"position\":1,\"name\":\"Home\",\"item\":\"https:\/\/www.sestogrado.it\/en\/\"},{\"@type\":\"ListItem\",\"position\":2,\"name\":\"Shop\",\"item\":\"https:\/\/www.sestogrado.it\/en\/shop\/\"},{\"@type\":\"ListItem\",\"position\":3,\"name\":\"Camp Atom Lock moschettone HMS a ghiera\"}]},{\"@type\":\"WebSite\",\"@id\":\"https:\/\/www.sestogrado.it\/en\/#website\",\"url\":\"https:\/\/www.sestogrado.it\/en\/\",\"name\":\"Sestogrado\",\"description\":\"yes we climb\",\"publisher\":{\"@id\":\"https:\/\/www.sestogrado.it\/en\/#organization\"},\"potentialAction\":[{\"@type\":\"SearchAction\",\"target\":{\"@type\":\"EntryPoint\",\"urlTemplate\":\"https:\/\/www.sestogrado.it\/en\/?s={search_term_string}\"},\"query-input\":{\"@type\":\"PropertyValueSpecification\",\"valueRequired\":true,\"valueName\":\"search_term_string\"}}],\"inLanguage\":\"en-US\"},{\"@type\":\"Organization\",\"@id\":\"https:\/\/www.sestogrado.it\/en\/#organization\",\"name\":\"Sestogrado\",\"url\":\"https:\/\/www.sestogrado.it\/en\/\",\"logo\":{\"@type\":\"ImageObject\",\"inLanguage\":\"en-US\",\"@id\":\"https:\/\/www.sestogrado.it\/en\/#\/schema\/logo\/image\/\",\"url\":\"https:\/\/www.sestogrado.it\/wp-content\/uploads\/2015\/03\/sestogrado-favicon.png\",\"contentUrl\":\"https:\/\/www.sestogrado.it\/wp-content\/uploads\/2015\/03\/sestogrado-favicon.png\",\"width\":260,\"height\":260,\"caption\":\"Sestogrado\"},\"image\":{\"@id\":\"https:\/\/www.sestogrado.it\/en\/#\/schema\/logo\/image\/\"},\"sameAs\":[\"https:\/\/www.facebook.com\/pages\/Sestogrado\/1542635979353017?ref=bookmarks\",\"https:\/\/www.youtube.com\/channel\/UC847kAfTkaJsWpc1jtQwr3Q\"],\"hasMerchantReturnPolicy\":{\"@type\":\"MerchantReturnPolicy\",\"merchantReturnLink\":\"https:\/\/www.sestogrado.it\/en\/termini-e-condizioni\/\"}}]}<\/script>\n<meta property=\"product:brand\" content=\"Camp\" \/>\n<meta property=\"og:availability\" content=\"instock\" \/>\n<meta property=\"product:availability\" content=\"instock\" \/>\n<meta property=\"product:condition\" content=\"new\" \/>\n<!-- \/ Yoast SEO plugin. -->","yoast_head_json":{"title":"Camp Atom Lock HMS carabiner - Sestogrado","description":"Il nuovo Camp Atom Lock \u00e8 un moschettone HMS ad elevata resistenza (26kN lato lungo), in grado di sopportare un alto carico di rottura. Ideale per l'utilizzo in manovre di assicurazione, calate in corda doppia. L'ampia apertura garantisce facilit\u00e0 e velocit\u00e0 nelle manovre e nell'inserimento della corda. Il naso con geometria brevettata Sphere Lock ottimizza il gioco leva-moschettone per la massima sicurezza. Moschettone HMS con alto carico di rottura e chiusura a ghiera. Ghiera leggera, facile e comoda da azionare. Ampia apertura facilita inserimento corda. Geometria brevettata Sphere Lock impedisce aggancio involontario naso del moschettone. Marchiatura laser di sicurezza che indica se la ghiera \u00e8 aperta o chiusa. Disponibile in 4 colori. Il Camp Atom Lock \u00e8 un moschettone HMS ad alta resistenza, ideale per manovre ed utilizzo intensivo. Passione, lavoro e semplicit\u00e0 sono alcune delle parole chiave che da sempre hanno contraddistinto il modo di essere di C.A.M.P.\u00a0Fondata nel\u00a01889 a Premana, paese dell\u2019alta Valsassina dove tutt\u2019oggi ha la sua sede, C.A.M.P.\u00a0realizza\u00a0prodotti che aiutano a realizzare i sogni ed i progetti di tutti coloro che frequentano la montagna.","robots":{"index":"index","follow":"follow","max-snippet":"max-snippet:-1","max-image-preview":"max-image-preview:large","max-video-preview":"max-video-preview:-1"},"canonical":"https:\/\/www.sestogrado.it\/en\/prodotto\/camp-atom-lock-moschettone-hms-a-ghiera\/","og_locale":"en_US","og_type":"article","og_title":"Camp Atom Lock HMS carabiner - Sestogrado","og_description":"Il nuovo Camp Atom Lock \u00e8 un moschettone HMS ad elevata resistenza (26kN lato lungo), in grado di sopportare un alto carico di rottura. Ideale per l'utilizzo in manovre di assicurazione, calate in corda doppia. L'ampia apertura garantisce facilit\u00e0 e velocit\u00e0 nelle manovre e nell'inserimento della corda. Il naso con geometria brevettata Sphere Lock ottimizza il gioco leva-moschettone per la massima sicurezza. Moschettone HMS con alto carico di rottura e chiusura a ghiera. Ghiera leggera, facile e comoda da azionare. Ampia apertura facilita inserimento corda. Geometria brevettata Sphere Lock impedisce aggancio involontario naso del moschettone. Marchiatura laser di sicurezza che indica se la ghiera \u00e8 aperta o chiusa. Disponibile in 4 colori. Il Camp Atom Lock \u00e8 un moschettone HMS ad alta resistenza, ideale per manovre ed utilizzo intensivo. Passione, lavoro e semplicit\u00e0 sono alcune delle parole chiave che da sempre hanno contraddistinto il modo di essere di C.A.M.P.\u00a0Fondata nel\u00a01889 a Premana, paese dell\u2019alta Valsassina dove tutt\u2019oggi ha la sua sede, C.A.M.P.\u00a0realizza\u00a0prodotti che aiutano a realizzare i sogni ed i progetti di tutti coloro che frequentano la montagna.","og_url":"https:\/\/www.sestogrado.it\/en\/prodotto\/camp-atom-lock-moschettone-hms-a-ghiera\/","og_site_name":"Sestogrado","article_publisher":"https:\/\/www.facebook.com\/pages\/Sestogrado\/1542635979353017?ref=bookmarks","article_modified_time":"2026-04-12T15:00:40+00:00","og_image":[{"width":1024,"height":1024,"url":"https:\/\/www.sestogrado.it\/wp-content\/uploads\/2020\/02\/1-292101_A-ATOM-LOCK-20.jpg","type":"image\/jpeg"}],"twitter_misc":{"Availability":"In stock"},"schema":{"@context":"https:\/\/schema.org","@graph":[{"@type":"WebPage","@id":"https:\/\/www.sestogrado.it\/en\/prodotto\/camp-atom-lock-moschettone-hms-a-ghiera\/","url":"https:\/\/www.sestogrado.it\/en\/prodotto\/camp-atom-lock-moschettone-hms-a-ghiera\/","name":"Camp Atom Lock HMS carabiner - Sestogrado","isPartOf":{"@id":"https:\/\/www.sestogrado.it\/en\/#website"},"primaryImageOfPage":{"@id":"https:\/\/www.sestogrado.it\/en\/prodotto\/camp-atom-lock-moschettone-hms-a-ghiera\/#primaryimage"},"image":{"@id":"https:\/\/www.sestogrado.it\/prodotto\/camp-atom-lock-moschettone-hms-a-ghiera\/#primaryimage"},"thumbnailUrl":"https:\/\/www.sestogrado.it\/wp-content\/uploads\/2020\/02\/1-292101_A-ATOM-LOCK-20.jpg","datePublished":"2020-03-03T13:09:34+00:00","dateModified":"2026-04-12T15:00:40+00:00","description":"Il nuovo Camp Atom Lock \u00e8 un moschettone HMS ad elevata resistenza (26kN lato lungo), in grado di sopportare un alto carico di rottura. Ideale per l'utilizzo in manovre di assicurazione, calate in corda doppia. L'ampia apertura garantisce facilit\u00e0 e velocit\u00e0 nelle manovre e nell'inserimento della corda. Il naso con geometria brevettata Sphere Lock ottimizza il gioco leva-moschettone per la massima sicurezza. Moschettone HMS con alto carico di rottura e chiusura a ghiera. Ghiera leggera, facile e comoda da azionare. Ampia apertura facilita inserimento corda. Geometria brevettata Sphere Lock impedisce aggancio involontario naso del moschettone. Marchiatura laser di sicurezza che indica se la ghiera \u00e8 aperta o chiusa. Disponibile in 4 colori. Il Camp Atom Lock \u00e8 un moschettone HMS ad alta resistenza, ideale per manovre ed utilizzo intensivo. Passione, lavoro e semplicit\u00e0 sono alcune delle parole chiave che da sempre hanno contraddistinto il modo di essere di C.A.M.P.\u00a0Fondata nel\u00a01889 a Premana, paese dell\u2019alta Valsassina dove tutt\u2019oggi ha la sua sede, C.A.M.P.\u00a0realizza\u00a0prodotti che aiutano a realizzare i sogni ed i progetti di tutti coloro che frequentano la montagna.","breadcrumb":{"@id":"https:\/\/www.sestogrado.it\/en\/prodotto\/camp-atom-lock-moschettone-hms-a-ghiera\/#breadcrumb"},"inLanguage":"en-US","potentialAction":[{"@type":"ReadAction","target":[["https:\/\/www.sestogrado.it\/en\/prodotto\/camp-atom-lock-moschettone-hms-a-ghiera\/"]]}]},{"@type":"ImageObject","inLanguage":"en-US","@id":"https:\/\/www.sestogrado.it\/en\/prodotto\/camp-atom-lock-moschettone-hms-a-ghiera\/#primaryimage","url":"https:\/\/www.sestogrado.it\/wp-content\/uploads\/2020\/02\/1-292101_A-ATOM-LOCK-20.jpg","contentUrl":"https:\/\/www.sestogrado.it\/wp-content\/uploads\/2020\/02\/1-292101_A-ATOM-LOCK-20.jpg","width":1024,"height":1024,"caption":"Camp atom lock blue"},{"@type":"BreadcrumbList","@id":"https:\/\/www.sestogrado.it\/en\/prodotto\/camp-atom-lock-moschettone-hms-a-ghiera\/#breadcrumb","itemListElement":[{"@type":"ListItem","position":1,"name":"Home","item":"https:\/\/www.sestogrado.it\/en\/"},{"@type":"ListItem","position":2,"name":"Shop","item":"https:\/\/www.sestogrado.it\/en\/shop\/"},{"@type":"ListItem","position":3,"name":"Camp Atom Lock moschettone HMS a ghiera"}]},{"@type":"WebSite","@id":"https:\/\/www.sestogrado.it\/en\/#website","url":"https:\/\/www.sestogrado.it\/en\/","name":"Sestogrado","description":"yes we climb","publisher":{"@id":"https:\/\/www.sestogrado.it\/en\/#organization"},"potentialAction":[{"@type":"SearchAction","target":{"@type":"EntryPoint","urlTemplate":"https:\/\/www.sestogrado.it\/en\/?s={search_term_string}"},"query-input":{"@type":"PropertyValueSpecification","valueRequired":true,"valueName":"search_term_string"}}],"inLanguage":"en-US"},{"@type":"Organization","@id":"https:\/\/www.sestogrado.it\/en\/#organization","name":"Sestogrado","url":"https:\/\/www.sestogrado.it\/en\/","logo":{"@type":"ImageObject","inLanguage":"en-US","@id":"https:\/\/www.sestogrado.it\/en\/#\/schema\/logo\/image\/","url":"https:\/\/www.sestogrado.it\/wp-content\/uploads\/2015\/03\/sestogrado-favicon.png","contentUrl":"https:\/\/www.sestogrado.it\/wp-content\/uploads\/2015\/03\/sestogrado-favicon.png","width":260,"height":260,"caption":"Sestogrado"},"image":{"@id":"https:\/\/www.sestogrado.it\/en\/#\/schema\/logo\/image\/"},"sameAs":["https:\/\/www.facebook.com\/pages\/Sestogrado\/1542635979353017?ref=bookmarks","https:\/\/www.youtube.com\/channel\/UC847kAfTkaJsWpc1jtQwr3Q"],"hasMerchantReturnPolicy":{"@type":"MerchantReturnPolicy","merchantReturnLink":"https:\/\/www.sestogrado.it\/en\/termini-e-condizioni\/"}}]},"product_brand":"Camp","og_availability":"instock","product_availability":"instock","product_condition":"new"},"_links":{"self":[{"href":"https:\/\/www.sestogrado.it\/en\/wp-json\/wp\/v2\/product\/28647","targetHints":{"allow":["GET"]}}],"collection":[{"href":"https:\/\/www.sestogrado.it\/en\/wp-json\/wp\/v2\/product"}],"about":[{"href":"https:\/\/www.sestogrado.it\/en\/wp-json\/wp\/v2\/types\/product"}],"replies":[{"embeddable":true,"href":"https:\/\/www.sestogrado.it\/en\/wp-json\/wp\/v2\/comments?post=28647"}],"wp:featuredmedia":[{"embeddable":true,"href":"https:\/\/www.sestogrado.it\/en\/wp-json\/wp\/v2\/media\/28651"}],"wp:attachment":[{"href":"https:\/\/www.sestogrado.it\/en\/wp-json\/wp\/v2\/media?parent=28647"}],"wp:term":[{"taxonomy":"product_brand","embeddable":true,"href":"https:\/\/www.sestogrado.it\/en\/wp-json\/wp\/v2\/product_brand?post=28647"},{"taxonomy":"product_cat","embeddable":true,"href":"https:\/\/www.sestogrado.it\/en\/wp-json\/wp\/v2\/product_cat?post=28647"},{"taxonomy":"product_tag","embeddable":true,"href":"https:\/\/www.sestogrado.it\/en\/wp-json\/wp\/v2\/product_tag?post=28647"}],"curies":[{"name":"wp","href":"https:\/\/api.w.org\/{rel}","templated":true}]}}