{"id":28470,"date":"2022-02-23T18:37:32","date_gmt":"2022-02-23T17:37:32","guid":{"rendered":"https:\/\/www.sestogrado.it\/?post_type=product&#038;p=28470"},"modified":"2026-04-20T12:02:10","modified_gmt":"2026-04-20T10:02:10","slug":"blue-ice-kume-38l-zaino-sci-alpinismo","status":"publish","type":"product","link":"https:\/\/www.sestogrado.it\/en\/prodotto\/blue-ice-kume-38l-zaino-sci-alpinismo\/","title":{"rendered":"Blue Ice Kume 38L backpack"},"content":{"rendered":"<p>Whether you\u2019re chasing exposed steep lines to climb up and ski down or are more into multi-day, remote ski tours, the new KUME 38L is the ski pack to trust. Fully featured with all you\u2019d expect from a serious ski pack, including a separate avalanche pocket, a dedicated rope compartment for fast deployment, multiple ski attachment options, and ice axe attachments, this burly pack has been designed with an alpine mentality, so it\u2019s equally at ease wherever there is snow, ice and rock. Choose your playground.<\/p>\n<ul>\n<li>Separate avalanche safety pocket<\/li>\n<li>Top drawstring entry and autolocking side zipper entry<\/li>\n<li>A-frame, (stowable) diagonal, side ski carry options<\/li>\n<li>Two ice axe attachments<\/li>\n<li>Flase floor with a dedicated rope\/crampons compartment<\/li>\n<li>Hydration bladder<\/li>\n<li>Helmet holder included<\/li>\n<li>Side zipped pocket<\/li>\n<li>Removable back panel wire frame for added lightness<\/li>\n<li>Padded waist belt with included zipped pocket<\/li>\n<li>Safety whistle on the adjustable sternum strap<\/li>\n<\/ul>\n<p><\/p>","protected":false},"excerpt":{"rendered":"<p>Whether you\u2019re chasing exposed steep lines to climb up and ski down or are more into multi-day, remote ski tours, [&hellip;]<\/p>\n","protected":false},"featured_media":28471,"comment_status":"open","ping_status":"closed","template":"","meta":{"_acf_changed":false},"product_brand":[641],"product_cat":[389,1431],"product_tag":[],"class_list":{"0":"post-28470","1":"product","2":"type-product","3":"status-publish","4":"has-post-thumbnail","6":"product_brand-blue-ice","7":"product_cat-zaini-alpinismo","8":"product_cat-scialpinismo-zaini","10":"first","11":"instock","12":"sale","13":"taxable","14":"shipping-taxable","15":"purchasable","16":"product-type-variable"},"acf":[],"yoast_head":"<!-- This site is optimized with the Yoast SEO plugin v26.4 - https:\/\/yoast.com\/wordpress\/plugins\/seo\/ -->\n<title>Blue Ice Kume 38L backpack - Sestogrado<\/title>\n<meta name=\"description\" content=\"Il Blue Ice Kume 38L \u00e8 uno zaino da sci alpinismo da 38 litri completo e tecnico. Sia che tu stia inseguendo linee ripide ed esposte o che preferisca effettuare escursioni di pi\u00f9 giorni, il Blue Ice Kume 38L \u00e8 lo zaino di cui fidarti. Completamente equipaggiato per uno sci alpinismo di alto livello, il Kume 38L \u00e8 dotato di tasca per kit valanghe, compartimento per corda separato, molteplici opzioni per attacco sci e piccozza. Blue Ice \u00e8 un\u2019azienda con sede a Chamonix che produce solo articoli da alpinismo di alta qualit\u00e0. Gli zaini Blue Ice sono dedicati ad un alpinismo tecnico e di alto livello. Inizialmente era semplicemente una questione di vivere la nostra passione al massimo: arrampicare, sciare, esplorare o semplicemente entrare in contatto con noi stessi e le montagne \u2026 prima di estendere questo progetto a tutti gli amanti delle vette l\u00e0 fuori.\" \/>\n<meta name=\"robots\" content=\"index, follow, max-snippet:-1, max-image-preview:large, max-video-preview:-1\" \/>\n<link rel=\"canonical\" href=\"https:\/\/www.sestogrado.it\/en\/prodotto\/blue-ice-kume-38l-zaino-sci-alpinismo\/\" \/>\n<meta property=\"og:locale\" content=\"en_US\" \/>\n<meta property=\"og:type\" content=\"article\" \/>\n<meta property=\"og:title\" content=\"Blue Ice Kume 38L backpack - Sestogrado\" \/>\n<meta property=\"og:description\" content=\"Il Blue Ice Kume 38L \u00e8 uno zaino da sci alpinismo da 38 litri completo e tecnico. Sia che tu stia inseguendo linee ripide ed esposte o che preferisca effettuare escursioni di pi\u00f9 giorni, il Blue Ice Kume 38L \u00e8 lo zaino di cui fidarti. Completamente equipaggiato per uno sci alpinismo di alto livello, il Kume 38L \u00e8 dotato di tasca per kit valanghe, compartimento per corda separato, molteplici opzioni per attacco sci e piccozza. Blue Ice \u00e8 un\u2019azienda con sede a Chamonix che produce solo articoli da alpinismo di alta qualit\u00e0. Gli zaini Blue Ice sono dedicati ad un alpinismo tecnico e di alto livello. Inizialmente era semplicemente una questione di vivere la nostra passione al massimo: arrampicare, sciare, esplorare o semplicemente entrare in contatto con noi stessi e le montagne \u2026 prima di estendere questo progetto a tutti gli amanti delle vette l\u00e0 fuori.\" \/>\n<meta property=\"og:url\" content=\"https:\/\/www.sestogrado.it\/en\/prodotto\/blue-ice-kume-38l-zaino-sci-alpinismo\/\" \/>\n<meta property=\"og:site_name\" content=\"Sestogrado\" \/>\n<meta property=\"article:publisher\" content=\"https:\/\/www.facebook.com\/pages\/Sestogrado\/1542635979353017?ref=bookmarks\" \/>\n<meta property=\"article:modified_time\" content=\"2026-04-20T10:02:10+00:00\" \/>\n<meta property=\"og:image\" content=\"https:\/\/www.sestogrado.it\/wp-content\/uploads\/2020\/02\/Kume38-1yellow-1front-web.jpg\" \/>\n\t<meta property=\"og:image:width\" content=\"1600\" \/>\n\t<meta property=\"og:image:height\" content=\"1600\" \/>\n\t<meta property=\"og:image:type\" content=\"image\/jpeg\" \/>\n<meta name=\"twitter:label1\" content=\"Availability\" \/>\n\t<meta name=\"twitter:data1\" content=\"In stock\" \/>\n<script type=\"application\/ld+json\" class=\"yoast-schema-graph\">{\"@context\":\"https:\/\/schema.org\",\"@graph\":[{\"@type\":\"WebPage\",\"@id\":\"https:\/\/www.sestogrado.it\/en\/prodotto\/blue-ice-kume-38l-zaino-sci-alpinismo\/\",\"url\":\"https:\/\/www.sestogrado.it\/en\/prodotto\/blue-ice-kume-38l-zaino-sci-alpinismo\/\",\"name\":\"Blue Ice Kume 38L backpack - Sestogrado\",\"isPartOf\":{\"@id\":\"https:\/\/www.sestogrado.it\/en\/#website\"},\"primaryImageOfPage\":{\"@id\":\"https:\/\/www.sestogrado.it\/en\/prodotto\/blue-ice-kume-38l-zaino-sci-alpinismo\/#primaryimage\"},\"image\":{\"@id\":\"https:\/\/www.sestogrado.it\/prodotto\/blue-ice-kume-38l-zaino-sci-alpinismo\/#primaryimage\"},\"thumbnailUrl\":\"https:\/\/www.sestogrado.it\/wp-content\/uploads\/2020\/02\/Kume38-1yellow-1front-web.jpg\",\"datePublished\":\"2022-02-23T17:37:32+00:00\",\"dateModified\":\"2026-04-20T10:02:10+00:00\",\"description\":\"Il Blue Ice Kume 38L \u00e8 uno zaino da sci alpinismo da 38 litri completo e tecnico. Sia che tu stia inseguendo linee ripide ed esposte o che preferisca effettuare escursioni di pi\u00f9 giorni, il Blue Ice Kume 38L \u00e8 lo zaino di cui fidarti. Completamente equipaggiato per uno sci alpinismo di alto livello, il Kume 38L \u00e8 dotato di tasca per kit valanghe, compartimento per corda separato, molteplici opzioni per attacco sci e piccozza. Blue Ice \u00e8 un\u2019azienda con sede a Chamonix che produce solo articoli da alpinismo di alta qualit\u00e0. Gli zaini Blue Ice sono dedicati ad un alpinismo tecnico e di alto livello. Inizialmente era semplicemente una questione di vivere la nostra passione al massimo: arrampicare, sciare, esplorare o semplicemente entrare in contatto con noi stessi e le montagne \u2026 prima di estendere questo progetto a tutti gli amanti delle vette l\u00e0 fuori.\",\"breadcrumb\":{\"@id\":\"https:\/\/www.sestogrado.it\/en\/prodotto\/blue-ice-kume-38l-zaino-sci-alpinismo\/#breadcrumb\"},\"inLanguage\":\"en-US\",\"potentialAction\":[{\"@type\":\"ReadAction\",\"target\":[[\"https:\/\/www.sestogrado.it\/en\/prodotto\/blue-ice-kume-38l-zaino-sci-alpinismo\/\"]]}]},{\"@type\":\"ImageObject\",\"inLanguage\":\"en-US\",\"@id\":\"https:\/\/www.sestogrado.it\/en\/prodotto\/blue-ice-kume-38l-zaino-sci-alpinismo\/#primaryimage\",\"url\":\"https:\/\/www.sestogrado.it\/wp-content\/uploads\/2020\/02\/Kume38-1yellow-1front-web.jpg\",\"contentUrl\":\"https:\/\/www.sestogrado.it\/wp-content\/uploads\/2020\/02\/Kume38-1yellow-1front-web.jpg\",\"width\":1600,\"height\":1600,\"caption\":\"kume 38\"},{\"@type\":\"BreadcrumbList\",\"@id\":\"https:\/\/www.sestogrado.it\/en\/prodotto\/blue-ice-kume-38l-zaino-sci-alpinismo\/#breadcrumb\",\"itemListElement\":[{\"@type\":\"ListItem\",\"position\":1,\"name\":\"Home\",\"item\":\"https:\/\/www.sestogrado.it\/en\/\"},{\"@type\":\"ListItem\",\"position\":2,\"name\":\"Shop\",\"item\":\"https:\/\/www.sestogrado.it\/en\/shop\/\"},{\"@type\":\"ListItem\",\"position\":3,\"name\":\"Blue Ice Kume 38L zaino sci alpinismo\"}]},{\"@type\":\"WebSite\",\"@id\":\"https:\/\/www.sestogrado.it\/en\/#website\",\"url\":\"https:\/\/www.sestogrado.it\/en\/\",\"name\":\"Sestogrado\",\"description\":\"yes we climb\",\"publisher\":{\"@id\":\"https:\/\/www.sestogrado.it\/en\/#organization\"},\"potentialAction\":[{\"@type\":\"SearchAction\",\"target\":{\"@type\":\"EntryPoint\",\"urlTemplate\":\"https:\/\/www.sestogrado.it\/en\/?s={search_term_string}\"},\"query-input\":{\"@type\":\"PropertyValueSpecification\",\"valueRequired\":true,\"valueName\":\"search_term_string\"}}],\"inLanguage\":\"en-US\"},{\"@type\":\"Organization\",\"@id\":\"https:\/\/www.sestogrado.it\/en\/#organization\",\"name\":\"Sestogrado\",\"url\":\"https:\/\/www.sestogrado.it\/en\/\",\"logo\":{\"@type\":\"ImageObject\",\"inLanguage\":\"en-US\",\"@id\":\"https:\/\/www.sestogrado.it\/en\/#\/schema\/logo\/image\/\",\"url\":\"https:\/\/www.sestogrado.it\/wp-content\/uploads\/2015\/03\/sestogrado-favicon.png\",\"contentUrl\":\"https:\/\/www.sestogrado.it\/wp-content\/uploads\/2015\/03\/sestogrado-favicon.png\",\"width\":260,\"height\":260,\"caption\":\"Sestogrado\"},\"image\":{\"@id\":\"https:\/\/www.sestogrado.it\/en\/#\/schema\/logo\/image\/\"},\"sameAs\":[\"https:\/\/www.facebook.com\/pages\/Sestogrado\/1542635979353017?ref=bookmarks\",\"https:\/\/www.youtube.com\/channel\/UC847kAfTkaJsWpc1jtQwr3Q\"],\"hasMerchantReturnPolicy\":{\"@type\":\"MerchantReturnPolicy\",\"merchantReturnLink\":\"https:\/\/www.sestogrado.it\/en\/termini-e-condizioni\/\"}}]}<\/script>\n<meta property=\"product:brand\" content=\"Blue Ice\" \/>\n<meta property=\"og:availability\" content=\"instock\" \/>\n<meta property=\"product:availability\" content=\"instock\" \/>\n<meta property=\"product:condition\" content=\"new\" \/>\n<!-- \/ Yoast SEO plugin. -->","yoast_head_json":{"title":"Blue Ice Kume 38L backpack - Sestogrado","description":"Il Blue Ice Kume 38L \u00e8 uno zaino da sci alpinismo da 38 litri completo e tecnico. Sia che tu stia inseguendo linee ripide ed esposte o che preferisca effettuare escursioni di pi\u00f9 giorni, il Blue Ice Kume 38L \u00e8 lo zaino di cui fidarti. Completamente equipaggiato per uno sci alpinismo di alto livello, il Kume 38L \u00e8 dotato di tasca per kit valanghe, compartimento per corda separato, molteplici opzioni per attacco sci e piccozza. Blue Ice \u00e8 un\u2019azienda con sede a Chamonix che produce solo articoli da alpinismo di alta qualit\u00e0. Gli zaini Blue Ice sono dedicati ad un alpinismo tecnico e di alto livello. Inizialmente era semplicemente una questione di vivere la nostra passione al massimo: arrampicare, sciare, esplorare o semplicemente entrare in contatto con noi stessi e le montagne \u2026 prima di estendere questo progetto a tutti gli amanti delle vette l\u00e0 fuori.","robots":{"index":"index","follow":"follow","max-snippet":"max-snippet:-1","max-image-preview":"max-image-preview:large","max-video-preview":"max-video-preview:-1"},"canonical":"https:\/\/www.sestogrado.it\/en\/prodotto\/blue-ice-kume-38l-zaino-sci-alpinismo\/","og_locale":"en_US","og_type":"article","og_title":"Blue Ice Kume 38L backpack - Sestogrado","og_description":"Il Blue Ice Kume 38L \u00e8 uno zaino da sci alpinismo da 38 litri completo e tecnico. Sia che tu stia inseguendo linee ripide ed esposte o che preferisca effettuare escursioni di pi\u00f9 giorni, il Blue Ice Kume 38L \u00e8 lo zaino di cui fidarti. Completamente equipaggiato per uno sci alpinismo di alto livello, il Kume 38L \u00e8 dotato di tasca per kit valanghe, compartimento per corda separato, molteplici opzioni per attacco sci e piccozza. Blue Ice \u00e8 un\u2019azienda con sede a Chamonix che produce solo articoli da alpinismo di alta qualit\u00e0. Gli zaini Blue Ice sono dedicati ad un alpinismo tecnico e di alto livello. Inizialmente era semplicemente una questione di vivere la nostra passione al massimo: arrampicare, sciare, esplorare o semplicemente entrare in contatto con noi stessi e le montagne \u2026 prima di estendere questo progetto a tutti gli amanti delle vette l\u00e0 fuori.","og_url":"https:\/\/www.sestogrado.it\/en\/prodotto\/blue-ice-kume-38l-zaino-sci-alpinismo\/","og_site_name":"Sestogrado","article_publisher":"https:\/\/www.facebook.com\/pages\/Sestogrado\/1542635979353017?ref=bookmarks","article_modified_time":"2026-04-20T10:02:10+00:00","og_image":[{"width":1600,"height":1600,"url":"https:\/\/www.sestogrado.it\/wp-content\/uploads\/2020\/02\/Kume38-1yellow-1front-web.jpg","type":"image\/jpeg"}],"twitter_misc":{"Availability":"In stock"},"schema":{"@context":"https:\/\/schema.org","@graph":[{"@type":"WebPage","@id":"https:\/\/www.sestogrado.it\/en\/prodotto\/blue-ice-kume-38l-zaino-sci-alpinismo\/","url":"https:\/\/www.sestogrado.it\/en\/prodotto\/blue-ice-kume-38l-zaino-sci-alpinismo\/","name":"Blue Ice Kume 38L backpack - Sestogrado","isPartOf":{"@id":"https:\/\/www.sestogrado.it\/en\/#website"},"primaryImageOfPage":{"@id":"https:\/\/www.sestogrado.it\/en\/prodotto\/blue-ice-kume-38l-zaino-sci-alpinismo\/#primaryimage"},"image":{"@id":"https:\/\/www.sestogrado.it\/prodotto\/blue-ice-kume-38l-zaino-sci-alpinismo\/#primaryimage"},"thumbnailUrl":"https:\/\/www.sestogrado.it\/wp-content\/uploads\/2020\/02\/Kume38-1yellow-1front-web.jpg","datePublished":"2022-02-23T17:37:32+00:00","dateModified":"2026-04-20T10:02:10+00:00","description":"Il Blue Ice Kume 38L \u00e8 uno zaino da sci alpinismo da 38 litri completo e tecnico. Sia che tu stia inseguendo linee ripide ed esposte o che preferisca effettuare escursioni di pi\u00f9 giorni, il Blue Ice Kume 38L \u00e8 lo zaino di cui fidarti. Completamente equipaggiato per uno sci alpinismo di alto livello, il Kume 38L \u00e8 dotato di tasca per kit valanghe, compartimento per corda separato, molteplici opzioni per attacco sci e piccozza. Blue Ice \u00e8 un\u2019azienda con sede a Chamonix che produce solo articoli da alpinismo di alta qualit\u00e0. Gli zaini Blue Ice sono dedicati ad un alpinismo tecnico e di alto livello. Inizialmente era semplicemente una questione di vivere la nostra passione al massimo: arrampicare, sciare, esplorare o semplicemente entrare in contatto con noi stessi e le montagne \u2026 prima di estendere questo progetto a tutti gli amanti delle vette l\u00e0 fuori.","breadcrumb":{"@id":"https:\/\/www.sestogrado.it\/en\/prodotto\/blue-ice-kume-38l-zaino-sci-alpinismo\/#breadcrumb"},"inLanguage":"en-US","potentialAction":[{"@type":"ReadAction","target":[["https:\/\/www.sestogrado.it\/en\/prodotto\/blue-ice-kume-38l-zaino-sci-alpinismo\/"]]}]},{"@type":"ImageObject","inLanguage":"en-US","@id":"https:\/\/www.sestogrado.it\/en\/prodotto\/blue-ice-kume-38l-zaino-sci-alpinismo\/#primaryimage","url":"https:\/\/www.sestogrado.it\/wp-content\/uploads\/2020\/02\/Kume38-1yellow-1front-web.jpg","contentUrl":"https:\/\/www.sestogrado.it\/wp-content\/uploads\/2020\/02\/Kume38-1yellow-1front-web.jpg","width":1600,"height":1600,"caption":"kume 38"},{"@type":"BreadcrumbList","@id":"https:\/\/www.sestogrado.it\/en\/prodotto\/blue-ice-kume-38l-zaino-sci-alpinismo\/#breadcrumb","itemListElement":[{"@type":"ListItem","position":1,"name":"Home","item":"https:\/\/www.sestogrado.it\/en\/"},{"@type":"ListItem","position":2,"name":"Shop","item":"https:\/\/www.sestogrado.it\/en\/shop\/"},{"@type":"ListItem","position":3,"name":"Blue Ice Kume 38L zaino sci alpinismo"}]},{"@type":"WebSite","@id":"https:\/\/www.sestogrado.it\/en\/#website","url":"https:\/\/www.sestogrado.it\/en\/","name":"Sestogrado","description":"yes we climb","publisher":{"@id":"https:\/\/www.sestogrado.it\/en\/#organization"},"potentialAction":[{"@type":"SearchAction","target":{"@type":"EntryPoint","urlTemplate":"https:\/\/www.sestogrado.it\/en\/?s={search_term_string}"},"query-input":{"@type":"PropertyValueSpecification","valueRequired":true,"valueName":"search_term_string"}}],"inLanguage":"en-US"},{"@type":"Organization","@id":"https:\/\/www.sestogrado.it\/en\/#organization","name":"Sestogrado","url":"https:\/\/www.sestogrado.it\/en\/","logo":{"@type":"ImageObject","inLanguage":"en-US","@id":"https:\/\/www.sestogrado.it\/en\/#\/schema\/logo\/image\/","url":"https:\/\/www.sestogrado.it\/wp-content\/uploads\/2015\/03\/sestogrado-favicon.png","contentUrl":"https:\/\/www.sestogrado.it\/wp-content\/uploads\/2015\/03\/sestogrado-favicon.png","width":260,"height":260,"caption":"Sestogrado"},"image":{"@id":"https:\/\/www.sestogrado.it\/en\/#\/schema\/logo\/image\/"},"sameAs":["https:\/\/www.facebook.com\/pages\/Sestogrado\/1542635979353017?ref=bookmarks","https:\/\/www.youtube.com\/channel\/UC847kAfTkaJsWpc1jtQwr3Q"],"hasMerchantReturnPolicy":{"@type":"MerchantReturnPolicy","merchantReturnLink":"https:\/\/www.sestogrado.it\/en\/termini-e-condizioni\/"}}]},"product_brand":"Blue Ice","og_availability":"instock","product_availability":"instock","product_condition":"new"},"_links":{"self":[{"href":"https:\/\/www.sestogrado.it\/en\/wp-json\/wp\/v2\/product\/28470","targetHints":{"allow":["GET"]}}],"collection":[{"href":"https:\/\/www.sestogrado.it\/en\/wp-json\/wp\/v2\/product"}],"about":[{"href":"https:\/\/www.sestogrado.it\/en\/wp-json\/wp\/v2\/types\/product"}],"replies":[{"embeddable":true,"href":"https:\/\/www.sestogrado.it\/en\/wp-json\/wp\/v2\/comments?post=28470"}],"wp:featuredmedia":[{"embeddable":true,"href":"https:\/\/www.sestogrado.it\/en\/wp-json\/wp\/v2\/media\/28471"}],"wp:attachment":[{"href":"https:\/\/www.sestogrado.it\/en\/wp-json\/wp\/v2\/media?parent=28470"}],"wp:term":[{"taxonomy":"product_brand","embeddable":true,"href":"https:\/\/www.sestogrado.it\/en\/wp-json\/wp\/v2\/product_brand?post=28470"},{"taxonomy":"product_cat","embeddable":true,"href":"https:\/\/www.sestogrado.it\/en\/wp-json\/wp\/v2\/product_cat?post=28470"},{"taxonomy":"product_tag","embeddable":true,"href":"https:\/\/www.sestogrado.it\/en\/wp-json\/wp\/v2\/product_tag?post=28470"}],"curies":[{"name":"wp","href":"https:\/\/api.w.org\/{rel}","templated":true}]}}