{"id":28418,"date":"2024-01-20T09:31:05","date_gmt":"2024-01-20T08:31:05","guid":{"rendered":"https:\/\/www.sestogrado.it\/?post_type=product&#038;p=28418"},"modified":"2026-04-22T13:44:01","modified_gmt":"2026-04-22T11:44:01","slug":"blue-ice-warthog-30l-zaino-arrampicata-alpinismo","status":"publish","type":"product","link":"https:\/\/www.sestogrado.it\/en\/prodotto\/blue-ice-warthog-30l-zaino-arrampicata-alpinismo\/","title":{"rendered":"Blue Ice Warthog 30L backpack"},"content":{"rendered":"<p>Durability matters when you live day-to-day in the mountains, surrounded by rock, ice and snow. Like its namesake, the new Warthog 30L is intended to survive in the harshest mountain conditions in the world. Minimalist, it has just the critical features you expect from an alpine pack. No frills. The Warthog series have been used by guides around the world for almost a decade and the Warthog 30L is no exception.<\/p>\n<ul>\n<li>Two back torso lengths available: S (42cm) or M (47cm)<\/li>\n<li>Quick opening drawcord system<\/li>\n<li>Removable thermo-formed, semi-rigid back panel with aluminum stays<\/li>\n<li>Removable sternum strap and padded waist belt\u00a0with 2 gear loops<\/li>\n<li>Removable side compression straps<\/li>\n<li>2 ice axe holders with custom buckles<\/li>\n<li>Detachable helmet holder<\/li>\n<li>Hydration bladder-compatible<\/li>\n<li>Rope holder<\/li>\n<li>Two zipped pockets<\/li>\n<\/ul>\n<p><\/p>","protected":false},"excerpt":{"rendered":"<p>Durability matters when you live day-to-day in the mountains, surrounded by rock, ice and snow. Like its namesake, the new [&hellip;]<\/p>\n","protected":false},"featured_media":211829,"comment_status":"open","ping_status":"closed","template":"","meta":{"_acf_changed":false},"product_brand":[641],"product_cat":[389],"product_tag":[],"class_list":{"0":"post-28418","1":"product","2":"type-product","3":"status-publish","4":"has-post-thumbnail","6":"product_brand-blue-ice","7":"product_cat-zaini-alpinismo","9":"first","10":"instock","11":"sale","12":"taxable","13":"shipping-taxable","14":"purchasable","15":"product-type-simple"},"acf":[],"yoast_head":"<!-- This site is optimized with the Yoast SEO plugin v26.4 - https:\/\/yoast.com\/wordpress\/plugins\/seo\/ -->\n<title>Blue Ice Warthog 30L backpack - Sestogrado<\/title>\n<meta name=\"description\" content=\"Il Blue Ice Warthog 30 \u00e8 lo zaino da alpinismo di Blue Ice pi\u00f9 robusto ed impermeabile, preferito dalle guide di Chamonix. E&#039; realizzato in Nylon ad alta tenacit\u00e0 laminato, altamente resistente ad abrasione e ad agenti atmosferici. La presenza di chiusura roll top e l&#039;assenza di punti deboli di apertura, ne determinano l&#039;impermeabilit\u00e0.Il Warthog 30 \u00e8 stato ridotto all\u2019essenziale, senza compromettere resistenza o funzionalit\u00e0.\" \/>\n<meta name=\"robots\" content=\"index, follow, max-snippet:-1, max-image-preview:large, max-video-preview:-1\" \/>\n<link rel=\"canonical\" href=\"https:\/\/www.sestogrado.it\/en\/prodotto\/blue-ice-warthog-30l-zaino-arrampicata-alpinismo\/\" \/>\n<meta property=\"og:locale\" content=\"en_US\" \/>\n<meta property=\"og:type\" content=\"article\" \/>\n<meta property=\"og:title\" content=\"Blue Ice Warthog 30L backpack - Sestogrado\" \/>\n<meta property=\"og:description\" content=\"Il Blue Ice Warthog 30 \u00e8 lo zaino da alpinismo di Blue Ice pi\u00f9 robusto ed impermeabile, preferito dalle guide di Chamonix. E&#039; realizzato in Nylon ad alta tenacit\u00e0 laminato, altamente resistente ad abrasione e ad agenti atmosferici. La presenza di chiusura roll top e l&#039;assenza di punti deboli di apertura, ne determinano l&#039;impermeabilit\u00e0.Il Warthog 30 \u00e8 stato ridotto all\u2019essenziale, senza compromettere resistenza o funzionalit\u00e0.\" \/>\n<meta property=\"og:url\" content=\"https:\/\/www.sestogrado.it\/en\/prodotto\/blue-ice-warthog-30l-zaino-arrampicata-alpinismo\/\" \/>\n<meta property=\"og:site_name\" content=\"Sestogrado\" \/>\n<meta property=\"article:publisher\" content=\"https:\/\/www.facebook.com\/pages\/Sestogrado\/1542635979353017?ref=bookmarks\" \/>\n<meta property=\"article:modified_time\" content=\"2026-04-22T11:44:01+00:00\" \/>\n<meta property=\"og:image\" content=\"https:\/\/www.sestogrado.it\/wp-content\/uploads\/2024\/01\/01-6.jpg\" \/>\n\t<meta property=\"og:image:width\" content=\"1200\" \/>\n\t<meta property=\"og:image:height\" content=\"1200\" \/>\n\t<meta property=\"og:image:type\" content=\"image\/jpeg\" \/>\n<meta name=\"twitter:label1\" content=\"Price\" \/>\n\t<meta name=\"twitter:data1\" content=\"&euro;&nbsp;139,00\" \/>\n\t<meta name=\"twitter:label2\" content=\"Availability\" \/>\n\t<meta name=\"twitter:data2\" content=\"In stock\" \/>\n<script type=\"application\/ld+json\" class=\"yoast-schema-graph\">{\"@context\":\"https:\/\/schema.org\",\"@graph\":[{\"@type\":\"WebPage\",\"@id\":\"https:\/\/www.sestogrado.it\/en\/prodotto\/blue-ice-warthog-30l-zaino-arrampicata-alpinismo\/\",\"url\":\"https:\/\/www.sestogrado.it\/en\/prodotto\/blue-ice-warthog-30l-zaino-arrampicata-alpinismo\/\",\"name\":\"Blue Ice Warthog 30L backpack - Sestogrado\",\"isPartOf\":{\"@id\":\"https:\/\/www.sestogrado.it\/en\/#website\"},\"primaryImageOfPage\":{\"@id\":\"https:\/\/www.sestogrado.it\/en\/prodotto\/blue-ice-warthog-30l-zaino-arrampicata-alpinismo\/#primaryimage\"},\"image\":{\"@id\":\"https:\/\/www.sestogrado.it\/prodotto\/blue-ice-warthog-30l-zaino-arrampicata-alpinismo\/#primaryimage\"},\"thumbnailUrl\":\"https:\/\/www.sestogrado.it\/wp-content\/uploads\/2024\/01\/01-6.jpg\",\"datePublished\":\"2024-01-20T08:31:05+00:00\",\"dateModified\":\"2026-04-22T11:44:01+00:00\",\"description\":\"Il Blue Ice Warthog 30 \u00e8 lo zaino da alpinismo di Blue Ice pi\u00f9 robusto ed impermeabile, preferito dalle guide di Chamonix. E' realizzato in Nylon ad alta tenacit\u00e0 laminato, altamente resistente ad abrasione e ad agenti atmosferici. La presenza di chiusura roll top e l'assenza di punti deboli di apertura, ne determinano l'impermeabilit\u00e0.Il Warthog 30 \u00e8 stato ridotto all\u2019essenziale, senza compromettere resistenza o funzionalit\u00e0.\",\"breadcrumb\":{\"@id\":\"https:\/\/www.sestogrado.it\/en\/prodotto\/blue-ice-warthog-30l-zaino-arrampicata-alpinismo\/#breadcrumb\"},\"inLanguage\":\"en-US\",\"potentialAction\":[{\"@type\":\"ReadAction\",\"target\":[[\"https:\/\/www.sestogrado.it\/en\/prodotto\/blue-ice-warthog-30l-zaino-arrampicata-alpinismo\/\"]]}]},{\"@type\":\"ImageObject\",\"inLanguage\":\"en-US\",\"@id\":\"https:\/\/www.sestogrado.it\/en\/prodotto\/blue-ice-warthog-30l-zaino-arrampicata-alpinismo\/#primaryimage\",\"url\":\"https:\/\/www.sestogrado.it\/wp-content\/uploads\/2024\/01\/01-6.jpg\",\"contentUrl\":\"https:\/\/www.sestogrado.it\/wp-content\/uploads\/2024\/01\/01-6.jpg\",\"width\":1200,\"height\":1200,\"caption\":\"warthog 30\"},{\"@type\":\"BreadcrumbList\",\"@id\":\"https:\/\/www.sestogrado.it\/en\/prodotto\/blue-ice-warthog-30l-zaino-arrampicata-alpinismo\/#breadcrumb\",\"itemListElement\":[{\"@type\":\"ListItem\",\"position\":1,\"name\":\"Home\",\"item\":\"https:\/\/www.sestogrado.it\/en\/\"},{\"@type\":\"ListItem\",\"position\":2,\"name\":\"Shop\",\"item\":\"https:\/\/www.sestogrado.it\/en\/shop\/\"},{\"@type\":\"ListItem\",\"position\":3,\"name\":\"Blue Ice Warthog 30L zaino arrampicata alpinismo\"}]},{\"@type\":\"WebSite\",\"@id\":\"https:\/\/www.sestogrado.it\/en\/#website\",\"url\":\"https:\/\/www.sestogrado.it\/en\/\",\"name\":\"Sestogrado\",\"description\":\"yes we climb\",\"publisher\":{\"@id\":\"https:\/\/www.sestogrado.it\/en\/#organization\"},\"potentialAction\":[{\"@type\":\"SearchAction\",\"target\":{\"@type\":\"EntryPoint\",\"urlTemplate\":\"https:\/\/www.sestogrado.it\/en\/?s={search_term_string}\"},\"query-input\":{\"@type\":\"PropertyValueSpecification\",\"valueRequired\":true,\"valueName\":\"search_term_string\"}}],\"inLanguage\":\"en-US\"},{\"@type\":\"Organization\",\"@id\":\"https:\/\/www.sestogrado.it\/en\/#organization\",\"name\":\"Sestogrado\",\"url\":\"https:\/\/www.sestogrado.it\/en\/\",\"logo\":{\"@type\":\"ImageObject\",\"inLanguage\":\"en-US\",\"@id\":\"https:\/\/www.sestogrado.it\/en\/#\/schema\/logo\/image\/\",\"url\":\"https:\/\/www.sestogrado.it\/wp-content\/uploads\/2015\/03\/sestogrado-favicon.png\",\"contentUrl\":\"https:\/\/www.sestogrado.it\/wp-content\/uploads\/2015\/03\/sestogrado-favicon.png\",\"width\":260,\"height\":260,\"caption\":\"Sestogrado\"},\"image\":{\"@id\":\"https:\/\/www.sestogrado.it\/en\/#\/schema\/logo\/image\/\"},\"sameAs\":[\"https:\/\/www.facebook.com\/pages\/Sestogrado\/1542635979353017?ref=bookmarks\",\"https:\/\/www.youtube.com\/channel\/UC847kAfTkaJsWpc1jtQwr3Q\"],\"hasMerchantReturnPolicy\":{\"@type\":\"MerchantReturnPolicy\",\"merchantReturnLink\":\"https:\/\/www.sestogrado.it\/en\/termini-e-condizioni\/\"}}]}<\/script>\n<meta property=\"product:brand\" content=\"Blue Ice\" \/>\n<meta property=\"product:price:amount\" content=\"139.00\" \/>\n<meta property=\"product:price:currency\" content=\"EUR\" \/>\n<meta property=\"og:availability\" content=\"instock\" \/>\n<meta property=\"product:availability\" content=\"instock\" \/>\n<meta property=\"product:condition\" content=\"new\" \/>\n<!-- \/ Yoast SEO plugin. -->","yoast_head_json":{"title":"Blue Ice Warthog 30L backpack - Sestogrado","description":"Il Blue Ice Warthog 30 \u00e8 lo zaino da alpinismo di Blue Ice pi\u00f9 robusto ed impermeabile, preferito dalle guide di Chamonix. E' realizzato in Nylon ad alta tenacit\u00e0 laminato, altamente resistente ad abrasione e ad agenti atmosferici. La presenza di chiusura roll top e l'assenza di punti deboli di apertura, ne determinano l'impermeabilit\u00e0.Il Warthog 30 \u00e8 stato ridotto all\u2019essenziale, senza compromettere resistenza o funzionalit\u00e0.","robots":{"index":"index","follow":"follow","max-snippet":"max-snippet:-1","max-image-preview":"max-image-preview:large","max-video-preview":"max-video-preview:-1"},"canonical":"https:\/\/www.sestogrado.it\/en\/prodotto\/blue-ice-warthog-30l-zaino-arrampicata-alpinismo\/","og_locale":"en_US","og_type":"article","og_title":"Blue Ice Warthog 30L backpack - Sestogrado","og_description":"Il Blue Ice Warthog 30 \u00e8 lo zaino da alpinismo di Blue Ice pi\u00f9 robusto ed impermeabile, preferito dalle guide di Chamonix. E' realizzato in Nylon ad alta tenacit\u00e0 laminato, altamente resistente ad abrasione e ad agenti atmosferici. La presenza di chiusura roll top e l'assenza di punti deboli di apertura, ne determinano l'impermeabilit\u00e0.Il Warthog 30 \u00e8 stato ridotto all\u2019essenziale, senza compromettere resistenza o funzionalit\u00e0.","og_url":"https:\/\/www.sestogrado.it\/en\/prodotto\/blue-ice-warthog-30l-zaino-arrampicata-alpinismo\/","og_site_name":"Sestogrado","article_publisher":"https:\/\/www.facebook.com\/pages\/Sestogrado\/1542635979353017?ref=bookmarks","article_modified_time":"2026-04-22T11:44:01+00:00","og_image":[{"width":1200,"height":1200,"url":"https:\/\/www.sestogrado.it\/wp-content\/uploads\/2024\/01\/01-6.jpg","type":"image\/jpeg"}],"twitter_misc":{"Price":"&euro;&nbsp;139,00","Availability":"In stock"},"schema":{"@context":"https:\/\/schema.org","@graph":[{"@type":"WebPage","@id":"https:\/\/www.sestogrado.it\/en\/prodotto\/blue-ice-warthog-30l-zaino-arrampicata-alpinismo\/","url":"https:\/\/www.sestogrado.it\/en\/prodotto\/blue-ice-warthog-30l-zaino-arrampicata-alpinismo\/","name":"Blue Ice Warthog 30L backpack - Sestogrado","isPartOf":{"@id":"https:\/\/www.sestogrado.it\/en\/#website"},"primaryImageOfPage":{"@id":"https:\/\/www.sestogrado.it\/en\/prodotto\/blue-ice-warthog-30l-zaino-arrampicata-alpinismo\/#primaryimage"},"image":{"@id":"https:\/\/www.sestogrado.it\/prodotto\/blue-ice-warthog-30l-zaino-arrampicata-alpinismo\/#primaryimage"},"thumbnailUrl":"https:\/\/www.sestogrado.it\/wp-content\/uploads\/2024\/01\/01-6.jpg","datePublished":"2024-01-20T08:31:05+00:00","dateModified":"2026-04-22T11:44:01+00:00","description":"Il Blue Ice Warthog 30 \u00e8 lo zaino da alpinismo di Blue Ice pi\u00f9 robusto ed impermeabile, preferito dalle guide di Chamonix. E' realizzato in Nylon ad alta tenacit\u00e0 laminato, altamente resistente ad abrasione e ad agenti atmosferici. La presenza di chiusura roll top e l'assenza di punti deboli di apertura, ne determinano l'impermeabilit\u00e0.Il Warthog 30 \u00e8 stato ridotto all\u2019essenziale, senza compromettere resistenza o funzionalit\u00e0.","breadcrumb":{"@id":"https:\/\/www.sestogrado.it\/en\/prodotto\/blue-ice-warthog-30l-zaino-arrampicata-alpinismo\/#breadcrumb"},"inLanguage":"en-US","potentialAction":[{"@type":"ReadAction","target":[["https:\/\/www.sestogrado.it\/en\/prodotto\/blue-ice-warthog-30l-zaino-arrampicata-alpinismo\/"]]}]},{"@type":"ImageObject","inLanguage":"en-US","@id":"https:\/\/www.sestogrado.it\/en\/prodotto\/blue-ice-warthog-30l-zaino-arrampicata-alpinismo\/#primaryimage","url":"https:\/\/www.sestogrado.it\/wp-content\/uploads\/2024\/01\/01-6.jpg","contentUrl":"https:\/\/www.sestogrado.it\/wp-content\/uploads\/2024\/01\/01-6.jpg","width":1200,"height":1200,"caption":"warthog 30"},{"@type":"BreadcrumbList","@id":"https:\/\/www.sestogrado.it\/en\/prodotto\/blue-ice-warthog-30l-zaino-arrampicata-alpinismo\/#breadcrumb","itemListElement":[{"@type":"ListItem","position":1,"name":"Home","item":"https:\/\/www.sestogrado.it\/en\/"},{"@type":"ListItem","position":2,"name":"Shop","item":"https:\/\/www.sestogrado.it\/en\/shop\/"},{"@type":"ListItem","position":3,"name":"Blue Ice Warthog 30L zaino arrampicata alpinismo"}]},{"@type":"WebSite","@id":"https:\/\/www.sestogrado.it\/en\/#website","url":"https:\/\/www.sestogrado.it\/en\/","name":"Sestogrado","description":"yes we climb","publisher":{"@id":"https:\/\/www.sestogrado.it\/en\/#organization"},"potentialAction":[{"@type":"SearchAction","target":{"@type":"EntryPoint","urlTemplate":"https:\/\/www.sestogrado.it\/en\/?s={search_term_string}"},"query-input":{"@type":"PropertyValueSpecification","valueRequired":true,"valueName":"search_term_string"}}],"inLanguage":"en-US"},{"@type":"Organization","@id":"https:\/\/www.sestogrado.it\/en\/#organization","name":"Sestogrado","url":"https:\/\/www.sestogrado.it\/en\/","logo":{"@type":"ImageObject","inLanguage":"en-US","@id":"https:\/\/www.sestogrado.it\/en\/#\/schema\/logo\/image\/","url":"https:\/\/www.sestogrado.it\/wp-content\/uploads\/2015\/03\/sestogrado-favicon.png","contentUrl":"https:\/\/www.sestogrado.it\/wp-content\/uploads\/2015\/03\/sestogrado-favicon.png","width":260,"height":260,"caption":"Sestogrado"},"image":{"@id":"https:\/\/www.sestogrado.it\/en\/#\/schema\/logo\/image\/"},"sameAs":["https:\/\/www.facebook.com\/pages\/Sestogrado\/1542635979353017?ref=bookmarks","https:\/\/www.youtube.com\/channel\/UC847kAfTkaJsWpc1jtQwr3Q"],"hasMerchantReturnPolicy":{"@type":"MerchantReturnPolicy","merchantReturnLink":"https:\/\/www.sestogrado.it\/en\/termini-e-condizioni\/"}}]},"product_brand":"Blue Ice","product_price_amount":"139.00","product_price_currency":"EUR","og_availability":"instock","product_availability":"instock","product_condition":"new"},"_links":{"self":[{"href":"https:\/\/www.sestogrado.it\/en\/wp-json\/wp\/v2\/product\/28418","targetHints":{"allow":["GET"]}}],"collection":[{"href":"https:\/\/www.sestogrado.it\/en\/wp-json\/wp\/v2\/product"}],"about":[{"href":"https:\/\/www.sestogrado.it\/en\/wp-json\/wp\/v2\/types\/product"}],"replies":[{"embeddable":true,"href":"https:\/\/www.sestogrado.it\/en\/wp-json\/wp\/v2\/comments?post=28418"}],"wp:featuredmedia":[{"embeddable":true,"href":"https:\/\/www.sestogrado.it\/en\/wp-json\/wp\/v2\/media\/211829"}],"wp:attachment":[{"href":"https:\/\/www.sestogrado.it\/en\/wp-json\/wp\/v2\/media?parent=28418"}],"wp:term":[{"taxonomy":"product_brand","embeddable":true,"href":"https:\/\/www.sestogrado.it\/en\/wp-json\/wp\/v2\/product_brand?post=28418"},{"taxonomy":"product_cat","embeddable":true,"href":"https:\/\/www.sestogrado.it\/en\/wp-json\/wp\/v2\/product_cat?post=28418"},{"taxonomy":"product_tag","embeddable":true,"href":"https:\/\/www.sestogrado.it\/en\/wp-json\/wp\/v2\/product_tag?post=28418"}],"curies":[{"name":"wp","href":"https:\/\/api.w.org\/{rel}","templated":true}]}}