{"id":28272,"date":"2023-01-19T09:37:40","date_gmt":"2023-01-19T08:37:40","guid":{"rendered":"https:\/\/www.sestogrado.it\/?post_type=product&#038;p=28272"},"modified":"2026-04-08T08:46:12","modified_gmt":"2026-04-08T06:46:12","slug":"blue-ice-dragonfly-26l-zaino-da-alpinismo","status":"publish","type":"product","link":"https:\/\/www.sestogrado.it\/en\/prodotto\/blue-ice-dragonfly-26l-zaino-da-alpinismo\/","title":{"rendered":"Blue Ice Dragonfly 26L zaino da alpinismo"},"content":{"rendered":"<p>Il Blue Ice Dragonfly 26L \u00e8 stato ridisegnato per ottimizzare il rapporto peso\/comfort e renderlo uno zaino eccezionale per ogni avventura alpinistica. Perfetto per le vie a pi\u00f9 tiri con scarpe da avvicinamento, vie di misto e cascate di ghiaccio. Le tasche sono ottimizzate per elasticit\u00e0 e posizione per avere accesso rapido all&#8217;essenziale. Costruito con un nuovo standard di vestibilit\u00e0, viene utilizzato un sistema di trasporto con rete ultrastatica per fornire traspirabilit\u00e0. Gli spallacci in schiuma trasferiscono i carichi senza deformarsi. I tessuti sono resistenti alle intemperie e combinati con cerniere YKK resistenti all&#8217;acqua.<\/p>\n<ul>\n<li>Materiale: 210d ad alta resistenza. PFC free<\/li>\n<li>2 porta piccozza con tunnel in laminato<\/li>\n<li>Tasche asimmetriche a stretch per rapido accesso<\/li>\n<li>Strap per le spalle a basso profilo<\/li>\n<li>Cintura removibile<\/li>\n<li>Fibbia porta corda<\/li>\n<li>Tasca per accessori con clip<\/li>\n<li>Zip esterne termosaldate impermeabili YKK<\/li>\n<li>Strato in Atilon ad alta densit\u00e0 rimovibile<\/li>\n<li>Rivestimento frontale permanente, privo di fluorocarburi<\/li>\n<li>Predisposto per inserimento <a href=\"https:\/\/www.sestogrado.it\/it\/prodotto\/camelbak-crux-reservoir-sacca-idrica-per-idratazione-1-5-2-3-litri\/\" target=\"_blank\" rel=\"noopener noreferrer\">Camelbak<\/a><\/li>\n<li>Compatibile con il <a href=\"https:\/\/www.sestogrado.it\/it\/prodotto\/blue-ice-helmet-holder-porta-casco\/\" target=\"_blank\" rel=\"noopener\">porta casco<\/a> (non incluso)<\/li>\n<li>Volume: 26 L<\/li>\n<li>Dimensioni: 54x25x20cm<\/li>\n<li>Peso: 460g, 370g senza tutte le parti removibili<\/li>\n<\/ul>\n<p>&nbsp;<\/p>\n<p>Il Blue Ice Dragonfly 26L \u00e8 uno zaino per alpinismo tecnico, vie di ghiaccio e in montagna. Perfetto per vie lunghe in giornata.<\/p>\n<p><iframe src=\"\/\/www.youtube.com\/embed\/8I7T9hx91Bs\" width=\"560\" height=\"314\" allowfullscreen=\"allowfullscreen\" data-mce-fragment=\"1\"><\/iframe><\/p>\n<p>&nbsp;<\/p>\n<p>Blue Ice \u00e8 un\u2019azienda con sede a Chamonix che produce solo articoli da alpinismo di alta qualit\u00e0. Gli zaini Blue Ice sono dedicati ad un alpinismo tecnico e di alto livello. Inizialmente era semplicemente una questione di vivere la nostra passione al massimo: arrampicare, sciare, esplorare o semplicemente entrare in contatto con noi stessi e le montagne \u2026 prima di estendere questo progetto a tutti gli amanti delle vette l\u00e0 fuori.<\/p>\n","protected":false},"excerpt":{"rendered":"<p>Il Blue Ice Dragonfly 26L \u00e8 stato ridisegnato per ottimizzare il rapporto peso\/comfort e renderlo uno zaino eccezionale per ogni [&hellip;]<\/p>\n","protected":false},"featured_media":123097,"comment_status":"open","ping_status":"closed","template":"","meta":{"_acf_changed":false},"product_brand":[641],"product_cat":[389],"product_tag":[],"class_list":{"0":"post-28272","1":"product","2":"type-product","3":"status-publish","4":"has-post-thumbnail","6":"product_brand-blue-ice","7":"product_cat-zaini-alpinismo","9":"first","10":"instock","11":"sale","12":"taxable","13":"shipping-taxable","14":"purchasable","15":"product-type-variable"},"acf":[],"yoast_head":"<!-- This site is optimized with the Yoast SEO plugin v26.4 - https:\/\/yoast.com\/wordpress\/plugins\/seo\/ -->\n<title>Blue Ice Dragonfly 26L zaino da alpinismo - Sestogrado<\/title>\n<meta name=\"description\" content=\"Il Blue Ice Dragonfly 26L \u00e8 stato ridisegnato per ottimizzare il rapporto peso\/comfort e renderlo uno zaino eccezionale per ogni avventura alpinistica. Perfetto per le vie a pi\u00f9 tiri con scarpe da avvicinamento, vie di misto e cascate di ghiaccio. Le tasche sono ottimizzate per elasticit\u00e0 e posizione per avere accesso rapido all&#039;essenziale. Costruito con un nuovo standard di vestibilit\u00e0, viene utilizzato un sistema di trasporto con rete ultrastatica per fornire traspirabilit\u00e0. Gli spallacci in schiuma trasferiscono i carichi senza deformarsi. I tessuti sono resistenti alle intemperie e combinati con cerniere YKK resistenti all&#039;acqua.\" \/>\n<meta name=\"robots\" content=\"index, follow, max-snippet:-1, max-image-preview:large, max-video-preview:-1\" \/>\n<link rel=\"canonical\" href=\"https:\/\/www.sestogrado.it\/en\/prodotto\/blue-ice-dragonfly-26l-zaino-da-alpinismo\/\" \/>\n<meta property=\"og:locale\" content=\"en_US\" \/>\n<meta property=\"og:type\" content=\"article\" \/>\n<meta property=\"og:title\" content=\"Blue Ice Dragonfly 26L zaino da alpinismo - Sestogrado\" \/>\n<meta property=\"og:description\" content=\"Il Blue Ice Dragonfly 26L \u00e8 stato ridisegnato per ottimizzare il rapporto peso\/comfort e renderlo uno zaino eccezionale per ogni avventura alpinistica. Perfetto per le vie a pi\u00f9 tiri con scarpe da avvicinamento, vie di misto e cascate di ghiaccio. Le tasche sono ottimizzate per elasticit\u00e0 e posizione per avere accesso rapido all&#039;essenziale. Costruito con un nuovo standard di vestibilit\u00e0, viene utilizzato un sistema di trasporto con rete ultrastatica per fornire traspirabilit\u00e0. Gli spallacci in schiuma trasferiscono i carichi senza deformarsi. I tessuti sono resistenti alle intemperie e combinati con cerniere YKK resistenti all&#039;acqua.\" \/>\n<meta property=\"og:url\" content=\"https:\/\/www.sestogrado.it\/en\/prodotto\/blue-ice-dragonfly-26l-zaino-da-alpinismo\/\" \/>\n<meta property=\"og:site_name\" content=\"Sestogrado\" \/>\n<meta property=\"article:publisher\" content=\"https:\/\/www.facebook.com\/pages\/Sestogrado\/1542635979353017?ref=bookmarks\" \/>\n<meta property=\"article:modified_time\" content=\"2026-04-08T06:46:12+00:00\" \/>\n<meta property=\"og:image\" content=\"https:\/\/www.sestogrado.it\/wp-content\/uploads\/2020\/02\/Dragonfly18-tapestry-1front-web.jpg\" \/>\n\t<meta property=\"og:image:width\" content=\"1600\" \/>\n\t<meta property=\"og:image:height\" content=\"1600\" \/>\n\t<meta property=\"og:image:type\" content=\"image\/jpeg\" \/>\n<meta name=\"twitter:label1\" content=\"Availability\" \/>\n\t<meta name=\"twitter:data1\" content=\"In stock\" \/>\n<script type=\"application\/ld+json\" class=\"yoast-schema-graph\">{\"@context\":\"https:\/\/schema.org\",\"@graph\":[{\"@type\":\"WebPage\",\"@id\":\"https:\/\/www.sestogrado.it\/en\/prodotto\/blue-ice-dragonfly-26l-zaino-da-alpinismo\/\",\"url\":\"https:\/\/www.sestogrado.it\/en\/prodotto\/blue-ice-dragonfly-26l-zaino-da-alpinismo\/\",\"name\":\"Blue Ice Dragonfly 26L zaino da alpinismo - Sestogrado\",\"isPartOf\":{\"@id\":\"https:\/\/www.sestogrado.it\/en\/#website\"},\"primaryImageOfPage\":{\"@id\":\"https:\/\/www.sestogrado.it\/en\/prodotto\/blue-ice-dragonfly-26l-zaino-da-alpinismo\/#primaryimage\"},\"image\":{\"@id\":\"https:\/\/www.sestogrado.it\/prodotto\/blue-ice-dragonfly-26l-zaino-da-alpinismo\/#primaryimage\"},\"thumbnailUrl\":\"https:\/\/www.sestogrado.it\/wp-content\/uploads\/2020\/02\/Dragonfly18-tapestry-1front-web.jpg\",\"datePublished\":\"2023-01-19T08:37:40+00:00\",\"dateModified\":\"2026-04-08T06:46:12+00:00\",\"description\":\"Il Blue Ice Dragonfly 26L \u00e8 stato ridisegnato per ottimizzare il rapporto peso\/comfort e renderlo uno zaino eccezionale per ogni avventura alpinistica. Perfetto per le vie a pi\u00f9 tiri con scarpe da avvicinamento, vie di misto e cascate di ghiaccio. Le tasche sono ottimizzate per elasticit\u00e0 e posizione per avere accesso rapido all'essenziale. Costruito con un nuovo standard di vestibilit\u00e0, viene utilizzato un sistema di trasporto con rete ultrastatica per fornire traspirabilit\u00e0. Gli spallacci in schiuma trasferiscono i carichi senza deformarsi. I tessuti sono resistenti alle intemperie e combinati con cerniere YKK resistenti all'acqua.\",\"breadcrumb\":{\"@id\":\"https:\/\/www.sestogrado.it\/en\/prodotto\/blue-ice-dragonfly-26l-zaino-da-alpinismo\/#breadcrumb\"},\"inLanguage\":\"en-US\",\"potentialAction\":[{\"@type\":\"ReadAction\",\"target\":[[\"https:\/\/www.sestogrado.it\/en\/prodotto\/blue-ice-dragonfly-26l-zaino-da-alpinismo\/\"]]}]},{\"@type\":\"ImageObject\",\"inLanguage\":\"en-US\",\"@id\":\"https:\/\/www.sestogrado.it\/en\/prodotto\/blue-ice-dragonfly-26l-zaino-da-alpinismo\/#primaryimage\",\"url\":\"https:\/\/www.sestogrado.it\/wp-content\/uploads\/2020\/02\/Dragonfly18-tapestry-1front-web.jpg\",\"contentUrl\":\"https:\/\/www.sestogrado.it\/wp-content\/uploads\/2020\/02\/Dragonfly18-tapestry-1front-web.jpg\",\"width\":1600,\"height\":1600,\"caption\":\"dragonfly 26 tapestry\"},{\"@type\":\"BreadcrumbList\",\"@id\":\"https:\/\/www.sestogrado.it\/en\/prodotto\/blue-ice-dragonfly-26l-zaino-da-alpinismo\/#breadcrumb\",\"itemListElement\":[{\"@type\":\"ListItem\",\"position\":1,\"name\":\"Home\",\"item\":\"https:\/\/www.sestogrado.it\/en\/\"},{\"@type\":\"ListItem\",\"position\":2,\"name\":\"Shop\",\"item\":\"https:\/\/www.sestogrado.it\/en\/shop\/\"},{\"@type\":\"ListItem\",\"position\":3,\"name\":\"Blue Ice Dragonfly 26L zaino da alpinismo\"}]},{\"@type\":\"WebSite\",\"@id\":\"https:\/\/www.sestogrado.it\/en\/#website\",\"url\":\"https:\/\/www.sestogrado.it\/en\/\",\"name\":\"Sestogrado\",\"description\":\"yes we climb\",\"publisher\":{\"@id\":\"https:\/\/www.sestogrado.it\/en\/#organization\"},\"potentialAction\":[{\"@type\":\"SearchAction\",\"target\":{\"@type\":\"EntryPoint\",\"urlTemplate\":\"https:\/\/www.sestogrado.it\/en\/?s={search_term_string}\"},\"query-input\":{\"@type\":\"PropertyValueSpecification\",\"valueRequired\":true,\"valueName\":\"search_term_string\"}}],\"inLanguage\":\"en-US\"},{\"@type\":\"Organization\",\"@id\":\"https:\/\/www.sestogrado.it\/en\/#organization\",\"name\":\"Sestogrado\",\"url\":\"https:\/\/www.sestogrado.it\/en\/\",\"logo\":{\"@type\":\"ImageObject\",\"inLanguage\":\"en-US\",\"@id\":\"https:\/\/www.sestogrado.it\/en\/#\/schema\/logo\/image\/\",\"url\":\"https:\/\/www.sestogrado.it\/wp-content\/uploads\/2015\/03\/sestogrado-favicon.png\",\"contentUrl\":\"https:\/\/www.sestogrado.it\/wp-content\/uploads\/2015\/03\/sestogrado-favicon.png\",\"width\":260,\"height\":260,\"caption\":\"Sestogrado\"},\"image\":{\"@id\":\"https:\/\/www.sestogrado.it\/en\/#\/schema\/logo\/image\/\"},\"sameAs\":[\"https:\/\/www.facebook.com\/pages\/Sestogrado\/1542635979353017?ref=bookmarks\",\"https:\/\/www.youtube.com\/channel\/UC847kAfTkaJsWpc1jtQwr3Q\"],\"hasMerchantReturnPolicy\":{\"@type\":\"MerchantReturnPolicy\",\"merchantReturnLink\":\"https:\/\/www.sestogrado.it\/en\/termini-e-condizioni\/\"}}]}<\/script>\n<meta property=\"product:brand\" content=\"Blue Ice\" \/>\n<meta property=\"og:availability\" content=\"instock\" \/>\n<meta property=\"product:availability\" content=\"instock\" \/>\n<meta property=\"product:condition\" content=\"new\" \/>\n<!-- \/ Yoast SEO plugin. -->","yoast_head_json":{"title":"Blue Ice Dragonfly 26L zaino da alpinismo - Sestogrado","description":"Il Blue Ice Dragonfly 26L \u00e8 stato ridisegnato per ottimizzare il rapporto peso\/comfort e renderlo uno zaino eccezionale per ogni avventura alpinistica. Perfetto per le vie a pi\u00f9 tiri con scarpe da avvicinamento, vie di misto e cascate di ghiaccio. Le tasche sono ottimizzate per elasticit\u00e0 e posizione per avere accesso rapido all'essenziale. Costruito con un nuovo standard di vestibilit\u00e0, viene utilizzato un sistema di trasporto con rete ultrastatica per fornire traspirabilit\u00e0. Gli spallacci in schiuma trasferiscono i carichi senza deformarsi. I tessuti sono resistenti alle intemperie e combinati con cerniere YKK resistenti all'acqua.","robots":{"index":"index","follow":"follow","max-snippet":"max-snippet:-1","max-image-preview":"max-image-preview:large","max-video-preview":"max-video-preview:-1"},"canonical":"https:\/\/www.sestogrado.it\/en\/prodotto\/blue-ice-dragonfly-26l-zaino-da-alpinismo\/","og_locale":"en_US","og_type":"article","og_title":"Blue Ice Dragonfly 26L zaino da alpinismo - Sestogrado","og_description":"Il Blue Ice Dragonfly 26L \u00e8 stato ridisegnato per ottimizzare il rapporto peso\/comfort e renderlo uno zaino eccezionale per ogni avventura alpinistica. Perfetto per le vie a pi\u00f9 tiri con scarpe da avvicinamento, vie di misto e cascate di ghiaccio. Le tasche sono ottimizzate per elasticit\u00e0 e posizione per avere accesso rapido all'essenziale. Costruito con un nuovo standard di vestibilit\u00e0, viene utilizzato un sistema di trasporto con rete ultrastatica per fornire traspirabilit\u00e0. Gli spallacci in schiuma trasferiscono i carichi senza deformarsi. I tessuti sono resistenti alle intemperie e combinati con cerniere YKK resistenti all'acqua.","og_url":"https:\/\/www.sestogrado.it\/en\/prodotto\/blue-ice-dragonfly-26l-zaino-da-alpinismo\/","og_site_name":"Sestogrado","article_publisher":"https:\/\/www.facebook.com\/pages\/Sestogrado\/1542635979353017?ref=bookmarks","article_modified_time":"2026-04-08T06:46:12+00:00","og_image":[{"width":1600,"height":1600,"url":"https:\/\/www.sestogrado.it\/wp-content\/uploads\/2020\/02\/Dragonfly18-tapestry-1front-web.jpg","type":"image\/jpeg"}],"twitter_misc":{"Availability":"In stock"},"schema":{"@context":"https:\/\/schema.org","@graph":[{"@type":"WebPage","@id":"https:\/\/www.sestogrado.it\/en\/prodotto\/blue-ice-dragonfly-26l-zaino-da-alpinismo\/","url":"https:\/\/www.sestogrado.it\/en\/prodotto\/blue-ice-dragonfly-26l-zaino-da-alpinismo\/","name":"Blue Ice Dragonfly 26L zaino da alpinismo - Sestogrado","isPartOf":{"@id":"https:\/\/www.sestogrado.it\/en\/#website"},"primaryImageOfPage":{"@id":"https:\/\/www.sestogrado.it\/en\/prodotto\/blue-ice-dragonfly-26l-zaino-da-alpinismo\/#primaryimage"},"image":{"@id":"https:\/\/www.sestogrado.it\/prodotto\/blue-ice-dragonfly-26l-zaino-da-alpinismo\/#primaryimage"},"thumbnailUrl":"https:\/\/www.sestogrado.it\/wp-content\/uploads\/2020\/02\/Dragonfly18-tapestry-1front-web.jpg","datePublished":"2023-01-19T08:37:40+00:00","dateModified":"2026-04-08T06:46:12+00:00","description":"Il Blue Ice Dragonfly 26L \u00e8 stato ridisegnato per ottimizzare il rapporto peso\/comfort e renderlo uno zaino eccezionale per ogni avventura alpinistica. Perfetto per le vie a pi\u00f9 tiri con scarpe da avvicinamento, vie di misto e cascate di ghiaccio. Le tasche sono ottimizzate per elasticit\u00e0 e posizione per avere accesso rapido all'essenziale. Costruito con un nuovo standard di vestibilit\u00e0, viene utilizzato un sistema di trasporto con rete ultrastatica per fornire traspirabilit\u00e0. Gli spallacci in schiuma trasferiscono i carichi senza deformarsi. I tessuti sono resistenti alle intemperie e combinati con cerniere YKK resistenti all'acqua.","breadcrumb":{"@id":"https:\/\/www.sestogrado.it\/en\/prodotto\/blue-ice-dragonfly-26l-zaino-da-alpinismo\/#breadcrumb"},"inLanguage":"en-US","potentialAction":[{"@type":"ReadAction","target":[["https:\/\/www.sestogrado.it\/en\/prodotto\/blue-ice-dragonfly-26l-zaino-da-alpinismo\/"]]}]},{"@type":"ImageObject","inLanguage":"en-US","@id":"https:\/\/www.sestogrado.it\/en\/prodotto\/blue-ice-dragonfly-26l-zaino-da-alpinismo\/#primaryimage","url":"https:\/\/www.sestogrado.it\/wp-content\/uploads\/2020\/02\/Dragonfly18-tapestry-1front-web.jpg","contentUrl":"https:\/\/www.sestogrado.it\/wp-content\/uploads\/2020\/02\/Dragonfly18-tapestry-1front-web.jpg","width":1600,"height":1600,"caption":"dragonfly 26 tapestry"},{"@type":"BreadcrumbList","@id":"https:\/\/www.sestogrado.it\/en\/prodotto\/blue-ice-dragonfly-26l-zaino-da-alpinismo\/#breadcrumb","itemListElement":[{"@type":"ListItem","position":1,"name":"Home","item":"https:\/\/www.sestogrado.it\/en\/"},{"@type":"ListItem","position":2,"name":"Shop","item":"https:\/\/www.sestogrado.it\/en\/shop\/"},{"@type":"ListItem","position":3,"name":"Blue Ice Dragonfly 26L zaino da alpinismo"}]},{"@type":"WebSite","@id":"https:\/\/www.sestogrado.it\/en\/#website","url":"https:\/\/www.sestogrado.it\/en\/","name":"Sestogrado","description":"yes we climb","publisher":{"@id":"https:\/\/www.sestogrado.it\/en\/#organization"},"potentialAction":[{"@type":"SearchAction","target":{"@type":"EntryPoint","urlTemplate":"https:\/\/www.sestogrado.it\/en\/?s={search_term_string}"},"query-input":{"@type":"PropertyValueSpecification","valueRequired":true,"valueName":"search_term_string"}}],"inLanguage":"en-US"},{"@type":"Organization","@id":"https:\/\/www.sestogrado.it\/en\/#organization","name":"Sestogrado","url":"https:\/\/www.sestogrado.it\/en\/","logo":{"@type":"ImageObject","inLanguage":"en-US","@id":"https:\/\/www.sestogrado.it\/en\/#\/schema\/logo\/image\/","url":"https:\/\/www.sestogrado.it\/wp-content\/uploads\/2015\/03\/sestogrado-favicon.png","contentUrl":"https:\/\/www.sestogrado.it\/wp-content\/uploads\/2015\/03\/sestogrado-favicon.png","width":260,"height":260,"caption":"Sestogrado"},"image":{"@id":"https:\/\/www.sestogrado.it\/en\/#\/schema\/logo\/image\/"},"sameAs":["https:\/\/www.facebook.com\/pages\/Sestogrado\/1542635979353017?ref=bookmarks","https:\/\/www.youtube.com\/channel\/UC847kAfTkaJsWpc1jtQwr3Q"],"hasMerchantReturnPolicy":{"@type":"MerchantReturnPolicy","merchantReturnLink":"https:\/\/www.sestogrado.it\/en\/termini-e-condizioni\/"}}]},"product_brand":"Blue Ice","og_availability":"instock","product_availability":"instock","product_condition":"new"},"_links":{"self":[{"href":"https:\/\/www.sestogrado.it\/en\/wp-json\/wp\/v2\/product\/28272","targetHints":{"allow":["GET"]}}],"collection":[{"href":"https:\/\/www.sestogrado.it\/en\/wp-json\/wp\/v2\/product"}],"about":[{"href":"https:\/\/www.sestogrado.it\/en\/wp-json\/wp\/v2\/types\/product"}],"replies":[{"embeddable":true,"href":"https:\/\/www.sestogrado.it\/en\/wp-json\/wp\/v2\/comments?post=28272"}],"wp:featuredmedia":[{"embeddable":true,"href":"https:\/\/www.sestogrado.it\/en\/wp-json\/wp\/v2\/media\/123097"}],"wp:attachment":[{"href":"https:\/\/www.sestogrado.it\/en\/wp-json\/wp\/v2\/media?parent=28272"}],"wp:term":[{"taxonomy":"product_brand","embeddable":true,"href":"https:\/\/www.sestogrado.it\/en\/wp-json\/wp\/v2\/product_brand?post=28272"},{"taxonomy":"product_cat","embeddable":true,"href":"https:\/\/www.sestogrado.it\/en\/wp-json\/wp\/v2\/product_cat?post=28272"},{"taxonomy":"product_tag","embeddable":true,"href":"https:\/\/www.sestogrado.it\/en\/wp-json\/wp\/v2\/product_tag?post=28272"}],"curies":[{"name":"wp","href":"https:\/\/api.w.org\/{rel}","templated":true}]}}