{"id":28207,"date":"2024-08-18T09:42:04","date_gmt":"2024-08-18T07:42:04","guid":{"rendered":"https:\/\/www.sestogrado.it\/?post_type=product&#038;p=28207"},"modified":"2025-11-27T07:50:32","modified_gmt":"2025-11-27T06:50:32","slug":"blue-ice-koala-borsa-porta-corda","status":"publish","type":"product","link":"https:\/\/www.sestogrado.it\/en\/prodotto\/blue-ice-koala-borsa-porta-corda\/","title":{"rendered":"Blue Ice Koala rope bag"},"content":{"rendered":"<p>Sling it over your shoulder or toss it in your pack. With its simple and practical design, the new Koala rope bag makes staying organized at the crag or gym easy.<\/p>\n<ul>\n<li>Big enough to carry\u00a0your 80m 10mm rope (or 2 60m 8.5mm ropes), your climbing shoes, your harness and belay device, a guidebook, etc)<\/li>\n<li>Unique design to wrap the rope back in the bag in seconds<\/li>\n<li>Internal ground tarp with two colored loops to tie your rope<\/li>\n<li>Durable, dirt resistant material<\/li>\n<li>Conical duffel shape<\/li>\n<li>Ergonomic shape for carrying<\/li>\n<\/ul>\n<p><\/p>","protected":false},"excerpt":{"rendered":"<p>Sling it over your shoulder or toss it in your pack. With its simple and practical design, the new Koala [&hellip;]<\/p>\n","protected":false},"featured_media":170161,"comment_status":"open","ping_status":"closed","template":"","meta":{"_acf_changed":false},"product_brand":[641],"product_cat":[390],"product_tag":[],"class_list":{"0":"post-28207","1":"product","2":"type-product","3":"status-publish","4":"has-post-thumbnail","6":"product_brand-blue-ice","7":"product_cat-zaini-e-borse-portacorda","9":"first","10":"instock","11":"sale","12":"taxable","13":"shipping-taxable","14":"purchasable","15":"product-type-variable"},"acf":[],"yoast_head":"<!-- This site is optimized with the Yoast SEO plugin v26.4 - https:\/\/yoast.com\/wordpress\/plugins\/seo\/ -->\n<title>Blue Ice Koala rope bag - Sestogrado<\/title>\n<meta name=\"description\" content=\"La Blue Ice Koala \u00e8 una borsa porta corda con telo interno che pu\u00f2 essere agganciata facilmente ad alberi, rami, punti esterni. In questo modo la corda non \u00e8 a terra, non tocca il terreno e non si impolvera. Abbastanza grande da trasportare una corda da 80m, di 10mm di spessore o 2 corde da 60m, le scarpe da arrampicata, l&#039;imbracatura e il dispositivo di sicurezza, una guida, ecc. Design unico per avvolgere la corda nella borsa in pochi secondi. Telo interno a terra con due anelli colorati per legare la corda. Materiale durevole e resistente allo sporco. Borsone dalla forma a cono consente di agganciare la corda ad un punto in alto. Forma ergonomica per il trasporto.\" \/>\n<meta name=\"robots\" content=\"index, follow, max-snippet:-1, max-image-preview:large, max-video-preview:-1\" \/>\n<link rel=\"canonical\" href=\"https:\/\/www.sestogrado.it\/en\/prodotto\/blue-ice-koala-borsa-porta-corda\/\" \/>\n<meta property=\"og:locale\" content=\"en_US\" \/>\n<meta property=\"og:type\" content=\"article\" \/>\n<meta property=\"og:title\" content=\"Blue Ice Koala rope bag - Sestogrado\" \/>\n<meta property=\"og:description\" content=\"La Blue Ice Koala \u00e8 una borsa porta corda con telo interno che pu\u00f2 essere agganciata facilmente ad alberi, rami, punti esterni. In questo modo la corda non \u00e8 a terra, non tocca il terreno e non si impolvera. Abbastanza grande da trasportare una corda da 80m, di 10mm di spessore o 2 corde da 60m, le scarpe da arrampicata, l&#039;imbracatura e il dispositivo di sicurezza, una guida, ecc. Design unico per avvolgere la corda nella borsa in pochi secondi. Telo interno a terra con due anelli colorati per legare la corda. Materiale durevole e resistente allo sporco. Borsone dalla forma a cono consente di agganciare la corda ad un punto in alto. Forma ergonomica per il trasporto.\" \/>\n<meta property=\"og:url\" content=\"https:\/\/www.sestogrado.it\/en\/prodotto\/blue-ice-koala-borsa-porta-corda\/\" \/>\n<meta property=\"og:site_name\" content=\"Sestogrado\" \/>\n<meta property=\"article:publisher\" content=\"https:\/\/www.facebook.com\/pages\/Sestogrado\/1542635979353017?ref=bookmarks\" \/>\n<meta property=\"article:modified_time\" content=\"2025-11-27T06:50:32+00:00\" \/>\n<meta property=\"og:image\" content=\"https:\/\/www.sestogrado.it\/wp-content\/uploads\/2020\/02\/01-17.jpg\" \/>\n\t<meta property=\"og:image:width\" content=\"1600\" \/>\n\t<meta property=\"og:image:height\" content=\"1600\" \/>\n\t<meta property=\"og:image:type\" content=\"image\/jpeg\" \/>\n<meta name=\"twitter:label1\" content=\"Availability\" \/>\n\t<meta name=\"twitter:data1\" content=\"In stock\" \/>\n<script type=\"application\/ld+json\" class=\"yoast-schema-graph\">{\"@context\":\"https:\/\/schema.org\",\"@graph\":[{\"@type\":\"WebPage\",\"@id\":\"https:\/\/www.sestogrado.it\/en\/prodotto\/blue-ice-koala-borsa-porta-corda\/\",\"url\":\"https:\/\/www.sestogrado.it\/en\/prodotto\/blue-ice-koala-borsa-porta-corda\/\",\"name\":\"Blue Ice Koala rope bag - Sestogrado\",\"isPartOf\":{\"@id\":\"https:\/\/www.sestogrado.it\/en\/#website\"},\"primaryImageOfPage\":{\"@id\":\"https:\/\/www.sestogrado.it\/en\/prodotto\/blue-ice-koala-borsa-porta-corda\/#primaryimage\"},\"image\":{\"@id\":\"https:\/\/www.sestogrado.it\/prodotto\/blue-ice-koala-borsa-porta-corda\/#primaryimage\"},\"thumbnailUrl\":\"https:\/\/www.sestogrado.it\/wp-content\/uploads\/2020\/02\/01-17.jpg\",\"datePublished\":\"2024-08-18T07:42:04+00:00\",\"dateModified\":\"2025-11-27T06:50:32+00:00\",\"description\":\"La Blue Ice Koala \u00e8 una borsa porta corda con telo interno che pu\u00f2 essere agganciata facilmente ad alberi, rami, punti esterni. In questo modo la corda non \u00e8 a terra, non tocca il terreno e non si impolvera. Abbastanza grande da trasportare una corda da 80m, di 10mm di spessore o 2 corde da 60m, le scarpe da arrampicata, l'imbracatura e il dispositivo di sicurezza, una guida, ecc. Design unico per avvolgere la corda nella borsa in pochi secondi. Telo interno a terra con due anelli colorati per legare la corda. Materiale durevole e resistente allo sporco. Borsone dalla forma a cono consente di agganciare la corda ad un punto in alto. Forma ergonomica per il trasporto.\",\"breadcrumb\":{\"@id\":\"https:\/\/www.sestogrado.it\/en\/prodotto\/blue-ice-koala-borsa-porta-corda\/#breadcrumb\"},\"inLanguage\":\"en-US\",\"potentialAction\":[{\"@type\":\"ReadAction\",\"target\":[[\"https:\/\/www.sestogrado.it\/en\/prodotto\/blue-ice-koala-borsa-porta-corda\/\"]]}]},{\"@type\":\"ImageObject\",\"inLanguage\":\"en-US\",\"@id\":\"https:\/\/www.sestogrado.it\/en\/prodotto\/blue-ice-koala-borsa-porta-corda\/#primaryimage\",\"url\":\"https:\/\/www.sestogrado.it\/wp-content\/uploads\/2020\/02\/01-17.jpg\",\"contentUrl\":\"https:\/\/www.sestogrado.it\/wp-content\/uploads\/2020\/02\/01-17.jpg\",\"width\":1600,\"height\":1600,\"caption\":\"koala henna\"},{\"@type\":\"BreadcrumbList\",\"@id\":\"https:\/\/www.sestogrado.it\/en\/prodotto\/blue-ice-koala-borsa-porta-corda\/#breadcrumb\",\"itemListElement\":[{\"@type\":\"ListItem\",\"position\":1,\"name\":\"Home\",\"item\":\"https:\/\/www.sestogrado.it\/en\/\"},{\"@type\":\"ListItem\",\"position\":2,\"name\":\"Shop\",\"item\":\"https:\/\/www.sestogrado.it\/en\/shop\/\"},{\"@type\":\"ListItem\",\"position\":3,\"name\":\"Blue Ice Koala borsa porta corda\"}]},{\"@type\":\"WebSite\",\"@id\":\"https:\/\/www.sestogrado.it\/en\/#website\",\"url\":\"https:\/\/www.sestogrado.it\/en\/\",\"name\":\"Sestogrado\",\"description\":\"yes we climb\",\"publisher\":{\"@id\":\"https:\/\/www.sestogrado.it\/en\/#organization\"},\"potentialAction\":[{\"@type\":\"SearchAction\",\"target\":{\"@type\":\"EntryPoint\",\"urlTemplate\":\"https:\/\/www.sestogrado.it\/en\/?s={search_term_string}\"},\"query-input\":{\"@type\":\"PropertyValueSpecification\",\"valueRequired\":true,\"valueName\":\"search_term_string\"}}],\"inLanguage\":\"en-US\"},{\"@type\":\"Organization\",\"@id\":\"https:\/\/www.sestogrado.it\/en\/#organization\",\"name\":\"Sestogrado\",\"url\":\"https:\/\/www.sestogrado.it\/en\/\",\"logo\":{\"@type\":\"ImageObject\",\"inLanguage\":\"en-US\",\"@id\":\"https:\/\/www.sestogrado.it\/en\/#\/schema\/logo\/image\/\",\"url\":\"https:\/\/www.sestogrado.it\/wp-content\/uploads\/2015\/03\/sestogrado-favicon.png\",\"contentUrl\":\"https:\/\/www.sestogrado.it\/wp-content\/uploads\/2015\/03\/sestogrado-favicon.png\",\"width\":260,\"height\":260,\"caption\":\"Sestogrado\"},\"image\":{\"@id\":\"https:\/\/www.sestogrado.it\/en\/#\/schema\/logo\/image\/\"},\"sameAs\":[\"https:\/\/www.facebook.com\/pages\/Sestogrado\/1542635979353017?ref=bookmarks\",\"https:\/\/www.youtube.com\/channel\/UC847kAfTkaJsWpc1jtQwr3Q\"],\"hasMerchantReturnPolicy\":{\"@type\":\"MerchantReturnPolicy\",\"merchantReturnLink\":\"https:\/\/www.sestogrado.it\/en\/termini-e-condizioni\/\"}}]}<\/script>\n<meta property=\"product:brand\" content=\"Blue Ice\" \/>\n<meta property=\"og:availability\" content=\"instock\" \/>\n<meta property=\"product:availability\" content=\"instock\" \/>\n<meta property=\"product:condition\" content=\"new\" \/>\n<!-- \/ Yoast SEO plugin. -->","yoast_head_json":{"title":"Blue Ice Koala rope bag - Sestogrado","description":"La Blue Ice Koala \u00e8 una borsa porta corda con telo interno che pu\u00f2 essere agganciata facilmente ad alberi, rami, punti esterni. In questo modo la corda non \u00e8 a terra, non tocca il terreno e non si impolvera. Abbastanza grande da trasportare una corda da 80m, di 10mm di spessore o 2 corde da 60m, le scarpe da arrampicata, l'imbracatura e il dispositivo di sicurezza, una guida, ecc. Design unico per avvolgere la corda nella borsa in pochi secondi. Telo interno a terra con due anelli colorati per legare la corda. Materiale durevole e resistente allo sporco. Borsone dalla forma a cono consente di agganciare la corda ad un punto in alto. Forma ergonomica per il trasporto.","robots":{"index":"index","follow":"follow","max-snippet":"max-snippet:-1","max-image-preview":"max-image-preview:large","max-video-preview":"max-video-preview:-1"},"canonical":"https:\/\/www.sestogrado.it\/en\/prodotto\/blue-ice-koala-borsa-porta-corda\/","og_locale":"en_US","og_type":"article","og_title":"Blue Ice Koala rope bag - Sestogrado","og_description":"La Blue Ice Koala \u00e8 una borsa porta corda con telo interno che pu\u00f2 essere agganciata facilmente ad alberi, rami, punti esterni. In questo modo la corda non \u00e8 a terra, non tocca il terreno e non si impolvera. Abbastanza grande da trasportare una corda da 80m, di 10mm di spessore o 2 corde da 60m, le scarpe da arrampicata, l'imbracatura e il dispositivo di sicurezza, una guida, ecc. Design unico per avvolgere la corda nella borsa in pochi secondi. Telo interno a terra con due anelli colorati per legare la corda. Materiale durevole e resistente allo sporco. Borsone dalla forma a cono consente di agganciare la corda ad un punto in alto. Forma ergonomica per il trasporto.","og_url":"https:\/\/www.sestogrado.it\/en\/prodotto\/blue-ice-koala-borsa-porta-corda\/","og_site_name":"Sestogrado","article_publisher":"https:\/\/www.facebook.com\/pages\/Sestogrado\/1542635979353017?ref=bookmarks","article_modified_time":"2025-11-27T06:50:32+00:00","og_image":[{"width":1600,"height":1600,"url":"https:\/\/www.sestogrado.it\/wp-content\/uploads\/2020\/02\/01-17.jpg","type":"image\/jpeg"}],"twitter_misc":{"Availability":"In stock"},"schema":{"@context":"https:\/\/schema.org","@graph":[{"@type":"WebPage","@id":"https:\/\/www.sestogrado.it\/en\/prodotto\/blue-ice-koala-borsa-porta-corda\/","url":"https:\/\/www.sestogrado.it\/en\/prodotto\/blue-ice-koala-borsa-porta-corda\/","name":"Blue Ice Koala rope bag - Sestogrado","isPartOf":{"@id":"https:\/\/www.sestogrado.it\/en\/#website"},"primaryImageOfPage":{"@id":"https:\/\/www.sestogrado.it\/en\/prodotto\/blue-ice-koala-borsa-porta-corda\/#primaryimage"},"image":{"@id":"https:\/\/www.sestogrado.it\/prodotto\/blue-ice-koala-borsa-porta-corda\/#primaryimage"},"thumbnailUrl":"https:\/\/www.sestogrado.it\/wp-content\/uploads\/2020\/02\/01-17.jpg","datePublished":"2024-08-18T07:42:04+00:00","dateModified":"2025-11-27T06:50:32+00:00","description":"La Blue Ice Koala \u00e8 una borsa porta corda con telo interno che pu\u00f2 essere agganciata facilmente ad alberi, rami, punti esterni. In questo modo la corda non \u00e8 a terra, non tocca il terreno e non si impolvera. Abbastanza grande da trasportare una corda da 80m, di 10mm di spessore o 2 corde da 60m, le scarpe da arrampicata, l'imbracatura e il dispositivo di sicurezza, una guida, ecc. Design unico per avvolgere la corda nella borsa in pochi secondi. Telo interno a terra con due anelli colorati per legare la corda. Materiale durevole e resistente allo sporco. Borsone dalla forma a cono consente di agganciare la corda ad un punto in alto. Forma ergonomica per il trasporto.","breadcrumb":{"@id":"https:\/\/www.sestogrado.it\/en\/prodotto\/blue-ice-koala-borsa-porta-corda\/#breadcrumb"},"inLanguage":"en-US","potentialAction":[{"@type":"ReadAction","target":[["https:\/\/www.sestogrado.it\/en\/prodotto\/blue-ice-koala-borsa-porta-corda\/"]]}]},{"@type":"ImageObject","inLanguage":"en-US","@id":"https:\/\/www.sestogrado.it\/en\/prodotto\/blue-ice-koala-borsa-porta-corda\/#primaryimage","url":"https:\/\/www.sestogrado.it\/wp-content\/uploads\/2020\/02\/01-17.jpg","contentUrl":"https:\/\/www.sestogrado.it\/wp-content\/uploads\/2020\/02\/01-17.jpg","width":1600,"height":1600,"caption":"koala henna"},{"@type":"BreadcrumbList","@id":"https:\/\/www.sestogrado.it\/en\/prodotto\/blue-ice-koala-borsa-porta-corda\/#breadcrumb","itemListElement":[{"@type":"ListItem","position":1,"name":"Home","item":"https:\/\/www.sestogrado.it\/en\/"},{"@type":"ListItem","position":2,"name":"Shop","item":"https:\/\/www.sestogrado.it\/en\/shop\/"},{"@type":"ListItem","position":3,"name":"Blue Ice Koala borsa porta corda"}]},{"@type":"WebSite","@id":"https:\/\/www.sestogrado.it\/en\/#website","url":"https:\/\/www.sestogrado.it\/en\/","name":"Sestogrado","description":"yes we climb","publisher":{"@id":"https:\/\/www.sestogrado.it\/en\/#organization"},"potentialAction":[{"@type":"SearchAction","target":{"@type":"EntryPoint","urlTemplate":"https:\/\/www.sestogrado.it\/en\/?s={search_term_string}"},"query-input":{"@type":"PropertyValueSpecification","valueRequired":true,"valueName":"search_term_string"}}],"inLanguage":"en-US"},{"@type":"Organization","@id":"https:\/\/www.sestogrado.it\/en\/#organization","name":"Sestogrado","url":"https:\/\/www.sestogrado.it\/en\/","logo":{"@type":"ImageObject","inLanguage":"en-US","@id":"https:\/\/www.sestogrado.it\/en\/#\/schema\/logo\/image\/","url":"https:\/\/www.sestogrado.it\/wp-content\/uploads\/2015\/03\/sestogrado-favicon.png","contentUrl":"https:\/\/www.sestogrado.it\/wp-content\/uploads\/2015\/03\/sestogrado-favicon.png","width":260,"height":260,"caption":"Sestogrado"},"image":{"@id":"https:\/\/www.sestogrado.it\/en\/#\/schema\/logo\/image\/"},"sameAs":["https:\/\/www.facebook.com\/pages\/Sestogrado\/1542635979353017?ref=bookmarks","https:\/\/www.youtube.com\/channel\/UC847kAfTkaJsWpc1jtQwr3Q"],"hasMerchantReturnPolicy":{"@type":"MerchantReturnPolicy","merchantReturnLink":"https:\/\/www.sestogrado.it\/en\/termini-e-condizioni\/"}}]},"product_brand":"Blue Ice","og_availability":"instock","product_availability":"instock","product_condition":"new"},"_links":{"self":[{"href":"https:\/\/www.sestogrado.it\/en\/wp-json\/wp\/v2\/product\/28207","targetHints":{"allow":["GET"]}}],"collection":[{"href":"https:\/\/www.sestogrado.it\/en\/wp-json\/wp\/v2\/product"}],"about":[{"href":"https:\/\/www.sestogrado.it\/en\/wp-json\/wp\/v2\/types\/product"}],"replies":[{"embeddable":true,"href":"https:\/\/www.sestogrado.it\/en\/wp-json\/wp\/v2\/comments?post=28207"}],"wp:featuredmedia":[{"embeddable":true,"href":"https:\/\/www.sestogrado.it\/en\/wp-json\/wp\/v2\/media\/170161"}],"wp:attachment":[{"href":"https:\/\/www.sestogrado.it\/en\/wp-json\/wp\/v2\/media?parent=28207"}],"wp:term":[{"taxonomy":"product_brand","embeddable":true,"href":"https:\/\/www.sestogrado.it\/en\/wp-json\/wp\/v2\/product_brand?post=28207"},{"taxonomy":"product_cat","embeddable":true,"href":"https:\/\/www.sestogrado.it\/en\/wp-json\/wp\/v2\/product_cat?post=28207"},{"taxonomy":"product_tag","embeddable":true,"href":"https:\/\/www.sestogrado.it\/en\/wp-json\/wp\/v2\/product_tag?post=28207"}],"curies":[{"name":"wp","href":"https:\/\/api.w.org\/{rel}","templated":true}]}}