{"id":27994,"date":"2022-08-03T12:08:11","date_gmt":"2022-08-03T10:08:11","guid":{"rendered":"https:\/\/www.sestogrado.it\/?post_type=product&#038;p=27994"},"modified":"2026-02-21T18:04:38","modified_gmt":"2026-02-21T17:04:38","slug":"camp-m20-campack-zaino-arrampicata-alpinismo-20-litri","status":"publish","type":"product","link":"https:\/\/www.sestogrado.it\/en\/prodotto\/camp-m20-campack-zaino-arrampicata-alpinismo-20-litri\/","title":{"rendered":"Camp M20 Campack backpack"},"content":{"rendered":"<p><\/p>\n<div class=\"productDetails\" data-v-91e7982e=\"\">\n<div class=\"productDetailsDescrizione\" data-v-91e7982e=\"\">\n<div class=\"div1200\" data-v-91e7982e=\"\">\n<div class=\"productDetailsDescrizioneText\" data-v-91e7982e=\"\">\n<p>The M20 is a sophisticated lightweight pack for fast packing and general outdoor adventures. It incorporates many of the unique features found in the\u00a0C.A.M.P. backpacks\u00a0range like the\u00a0Full\u00a0BackDoor panel that allows access to the contents of the pack without having to remove everything on top before gaining access to gear at the bottom. Comfort is assured by the XAir ventilated back and breathable, ergonomic shoulder straps. The padded waist belt with two gear loops is removable for technical activities. A particular system allows for load adjustment using the two straps on the shoulders. The zip top lid combines with a drawstring closure for extra security and protection from the elements. Additional technical features include two technical ice axe holders with head-locker system and elastic cords, A-Frame ski carrying straps\u00a0and external helmet carrying system that can be hidden when not in use, hydration bladder compatibility, and large external pockets for extra capacity.<\/p>\n<\/div>\n<\/div>\n<\/div>\n<\/div>\n<div class=\"productDetailsDownload\" data-v-91e7982e=\"\">\n<div class=\"div1200\" data-v-91e7982e=\"\">\n<ul>\n<li>Full BackDoor access with sleeve for hydration bladder<\/li>\n<li>XAir ventilated back\u00a0with soft breathable mesh<\/li>\n<li>Ergonomic shoulder straps for a performance fit<\/li>\n<li>Padded waist belt is removable for technical activities<\/li>\n<li>Waist belt features two gear loops<\/li>\n<li>System for load adjustment using the two straps on the shoulders<\/li>\n<li>Zip top lid combines with drawstring closure for extra security and protection from the elements<\/li>\n<li>The zip top lid also functions as a content divider for better organization and load balancing<\/li>\n<li>2 high-capacity elastic pockets and 1 largevertical\u00a0zipper pocket on the exterior for extra capacity<\/li>\n<li>Technical ice axe holders with a head-locker system on the bottom and elastic cords on top<\/li>\n<li>A-Frame ski carrying straps can be hidden when not in use<\/li>\n<li>External helmet carrying system can be hidden when not in use<\/li>\n<li>Rope carrying straps can be hidden when not in use<\/li>\n<li>Hydration compatible<\/li>\n<\/ul>\n<\/div>\n<\/div>\n<div class=\"embed-responsive embed-responsive-16by9\"><iframe title=\"M20, M30, M45 \u2013 Backpacks for alpinism and climbing\" width=\"500\" height=\"281\" src=\"https:\/\/www.youtube.com\/embed\/4rlL--dvYCA?start=46&#038;feature=oembed\" frameborder=\"0\" allow=\"accelerometer; autoplay; clipboard-write; encrypted-media; gyroscope; picture-in-picture; web-share\" referrerpolicy=\"strict-origin-when-cross-origin\" allowfullscreen><\/iframe><\/div>\n<p>The M20 is a sophisticated lightweight pack for fast packing and general outdoor adventures.<\/p>","protected":false},"excerpt":{"rendered":"<p>The M20 is a sophisticated lightweight pack for fast packing and general outdoor adventures. It incorporates many of the unique [&hellip;]<\/p>\n","protected":false},"featured_media":108979,"comment_status":"open","ping_status":"closed","template":"","meta":{"_acf_changed":false},"product_brand":[31],"product_cat":[389,1432],"product_tag":[],"class_list":{"0":"post-27994","1":"product","2":"type-product","3":"status-publish","4":"has-post-thumbnail","6":"product_brand-camp","7":"product_cat-zaini-alpinismo","8":"product_cat-escursionismo","10":"first","11":"instock","12":"sale","13":"taxable","14":"shipping-taxable","15":"purchasable","16":"product-type-variable"},"acf":[],"yoast_head":"<!-- This site is optimized with the Yoast SEO plugin v26.4 - https:\/\/yoast.com\/wordpress\/plugins\/seo\/ -->\n<title>Camp M20 Campack backpack - Sestogrado<\/title>\n<meta name=\"description\" content=\"Il Camp M20 \u00e8 uno zaino ideale per le uscite light &amp; fast. Contiene molti degli esclusivi sistemi che caratterizzano la linea degli zaini C.A.M.P., come l\u2019apertura Full BackDoor sullo schienale per un immediato accesso a tutto il contenuto senza rimuovere il materiale posto nella parte superiore. Il comfort \u00e8 assicurato dal nuovo sistema di ventilazione XAir e dagli spallacci ergonomici e traspiranti. Il cinturone imbottito \u00e8 dotato di 2 asole porta materiale ed \u00e8 amovibile per non intralciare quando si indossa l\u2019imbragatura. Il cappuccio presenta un doppio sistema di chiusura, con zip e coulisse, per evitare aperture accidentali e garantire la massima protezione in caso di maltempo. Completano il prodotto il sistema di avanzamento del carico sugli spallacci, il doppio porta piccozza con cordini elastici superiori, placchette in alluminio inferiori e vano per le lame delle piccozze, il porta sci, il porta casco esterno a scomparsa e le tasche esterne che aumentano la capacit\u00e0.\" \/>\n<meta name=\"robots\" content=\"index, follow, max-snippet:-1, max-image-preview:large, max-video-preview:-1\" \/>\n<link rel=\"canonical\" href=\"https:\/\/www.sestogrado.it\/en\/prodotto\/camp-m20-campack-zaino-arrampicata-alpinismo-20-litri\/\" \/>\n<meta property=\"og:locale\" content=\"en_US\" \/>\n<meta property=\"og:type\" content=\"article\" \/>\n<meta property=\"og:title\" content=\"Camp M20 Campack backpack - Sestogrado\" \/>\n<meta property=\"og:description\" content=\"Il Camp M20 \u00e8 uno zaino ideale per le uscite light &amp; fast. Contiene molti degli esclusivi sistemi che caratterizzano la linea degli zaini C.A.M.P., come l\u2019apertura Full BackDoor sullo schienale per un immediato accesso a tutto il contenuto senza rimuovere il materiale posto nella parte superiore. Il comfort \u00e8 assicurato dal nuovo sistema di ventilazione XAir e dagli spallacci ergonomici e traspiranti. Il cinturone imbottito \u00e8 dotato di 2 asole porta materiale ed \u00e8 amovibile per non intralciare quando si indossa l\u2019imbragatura. Il cappuccio presenta un doppio sistema di chiusura, con zip e coulisse, per evitare aperture accidentali e garantire la massima protezione in caso di maltempo. Completano il prodotto il sistema di avanzamento del carico sugli spallacci, il doppio porta piccozza con cordini elastici superiori, placchette in alluminio inferiori e vano per le lame delle piccozze, il porta sci, il porta casco esterno a scomparsa e le tasche esterne che aumentano la capacit\u00e0.\" \/>\n<meta property=\"og:url\" content=\"https:\/\/www.sestogrado.it\/en\/prodotto\/camp-m20-campack-zaino-arrampicata-alpinismo-20-litri\/\" \/>\n<meta property=\"og:site_name\" content=\"Sestogrado\" \/>\n<meta property=\"article:publisher\" content=\"https:\/\/www.facebook.com\/pages\/Sestogrado\/1542635979353017?ref=bookmarks\" \/>\n<meta property=\"article:modified_time\" content=\"2026-02-21T17:04:38+00:00\" \/>\n<meta property=\"og:image\" content=\"https:\/\/www.sestogrado.it\/wp-content\/uploads\/2020\/02\/3205-2.jpg\" \/>\n\t<meta property=\"og:image:width\" content=\"1200\" \/>\n\t<meta property=\"og:image:height\" content=\"1200\" \/>\n\t<meta property=\"og:image:type\" content=\"image\/jpeg\" \/>\n<meta name=\"twitter:label1\" content=\"Availability\" \/>\n\t<meta name=\"twitter:data1\" content=\"In stock\" \/>\n<script type=\"application\/ld+json\" class=\"yoast-schema-graph\">{\"@context\":\"https:\/\/schema.org\",\"@graph\":[{\"@type\":\"WebPage\",\"@id\":\"https:\/\/www.sestogrado.it\/en\/prodotto\/camp-m20-campack-zaino-arrampicata-alpinismo-20-litri\/\",\"url\":\"https:\/\/www.sestogrado.it\/en\/prodotto\/camp-m20-campack-zaino-arrampicata-alpinismo-20-litri\/\",\"name\":\"Camp M20 Campack backpack - Sestogrado\",\"isPartOf\":{\"@id\":\"https:\/\/www.sestogrado.it\/en\/#website\"},\"primaryImageOfPage\":{\"@id\":\"https:\/\/www.sestogrado.it\/en\/prodotto\/camp-m20-campack-zaino-arrampicata-alpinismo-20-litri\/#primaryimage\"},\"image\":{\"@id\":\"https:\/\/www.sestogrado.it\/prodotto\/camp-m20-campack-zaino-arrampicata-alpinismo-20-litri\/#primaryimage\"},\"thumbnailUrl\":\"https:\/\/www.sestogrado.it\/wp-content\/uploads\/2020\/02\/3205-2.jpg\",\"datePublished\":\"2022-08-03T10:08:11+00:00\",\"dateModified\":\"2026-02-21T17:04:38+00:00\",\"description\":\"Il Camp M20 \u00e8 uno zaino ideale per le uscite light & fast. Contiene molti degli esclusivi sistemi che caratterizzano la linea degli zaini C.A.M.P., come l\u2019apertura Full BackDoor sullo schienale per un immediato accesso a tutto il contenuto senza rimuovere il materiale posto nella parte superiore. Il comfort \u00e8 assicurato dal nuovo sistema di ventilazione XAir e dagli spallacci ergonomici e traspiranti. Il cinturone imbottito \u00e8 dotato di 2 asole porta materiale ed \u00e8 amovibile per non intralciare quando si indossa l\u2019imbragatura. Il cappuccio presenta un doppio sistema di chiusura, con zip e coulisse, per evitare aperture accidentali e garantire la massima protezione in caso di maltempo. Completano il prodotto il sistema di avanzamento del carico sugli spallacci, il doppio porta piccozza con cordini elastici superiori, placchette in alluminio inferiori e vano per le lame delle piccozze, il porta sci, il porta casco esterno a scomparsa e le tasche esterne che aumentano la capacit\u00e0.\",\"breadcrumb\":{\"@id\":\"https:\/\/www.sestogrado.it\/en\/prodotto\/camp-m20-campack-zaino-arrampicata-alpinismo-20-litri\/#breadcrumb\"},\"inLanguage\":\"en-US\",\"potentialAction\":[{\"@type\":\"ReadAction\",\"target\":[[\"https:\/\/www.sestogrado.it\/en\/prodotto\/camp-m20-campack-zaino-arrampicata-alpinismo-20-litri\/\"]]}]},{\"@type\":\"ImageObject\",\"inLanguage\":\"en-US\",\"@id\":\"https:\/\/www.sestogrado.it\/en\/prodotto\/camp-m20-campack-zaino-arrampicata-alpinismo-20-litri\/#primaryimage\",\"url\":\"https:\/\/www.sestogrado.it\/wp-content\/uploads\/2020\/02\/3205-2.jpg\",\"contentUrl\":\"https:\/\/www.sestogrado.it\/wp-content\/uploads\/2020\/02\/3205-2.jpg\",\"width\":1200,\"height\":1200,\"caption\":\"camp m20 grigio\"},{\"@type\":\"BreadcrumbList\",\"@id\":\"https:\/\/www.sestogrado.it\/en\/prodotto\/camp-m20-campack-zaino-arrampicata-alpinismo-20-litri\/#breadcrumb\",\"itemListElement\":[{\"@type\":\"ListItem\",\"position\":1,\"name\":\"Home\",\"item\":\"https:\/\/www.sestogrado.it\/en\/\"},{\"@type\":\"ListItem\",\"position\":2,\"name\":\"Shop\",\"item\":\"https:\/\/www.sestogrado.it\/en\/shop\/\"},{\"@type\":\"ListItem\",\"position\":3,\"name\":\"Camp M20 Campack zaino arrampicata alpinismo 20 litri\"}]},{\"@type\":\"WebSite\",\"@id\":\"https:\/\/www.sestogrado.it\/en\/#website\",\"url\":\"https:\/\/www.sestogrado.it\/en\/\",\"name\":\"Sestogrado\",\"description\":\"yes we climb\",\"publisher\":{\"@id\":\"https:\/\/www.sestogrado.it\/en\/#organization\"},\"potentialAction\":[{\"@type\":\"SearchAction\",\"target\":{\"@type\":\"EntryPoint\",\"urlTemplate\":\"https:\/\/www.sestogrado.it\/en\/?s={search_term_string}\"},\"query-input\":{\"@type\":\"PropertyValueSpecification\",\"valueRequired\":true,\"valueName\":\"search_term_string\"}}],\"inLanguage\":\"en-US\"},{\"@type\":\"Organization\",\"@id\":\"https:\/\/www.sestogrado.it\/en\/#organization\",\"name\":\"Sestogrado\",\"url\":\"https:\/\/www.sestogrado.it\/en\/\",\"logo\":{\"@type\":\"ImageObject\",\"inLanguage\":\"en-US\",\"@id\":\"https:\/\/www.sestogrado.it\/en\/#\/schema\/logo\/image\/\",\"url\":\"https:\/\/www.sestogrado.it\/wp-content\/uploads\/2015\/03\/sestogrado-favicon.png\",\"contentUrl\":\"https:\/\/www.sestogrado.it\/wp-content\/uploads\/2015\/03\/sestogrado-favicon.png\",\"width\":260,\"height\":260,\"caption\":\"Sestogrado\"},\"image\":{\"@id\":\"https:\/\/www.sestogrado.it\/en\/#\/schema\/logo\/image\/\"},\"sameAs\":[\"https:\/\/www.facebook.com\/pages\/Sestogrado\/1542635979353017?ref=bookmarks\",\"https:\/\/www.youtube.com\/channel\/UC847kAfTkaJsWpc1jtQwr3Q\"],\"hasMerchantReturnPolicy\":{\"@type\":\"MerchantReturnPolicy\",\"merchantReturnLink\":\"https:\/\/www.sestogrado.it\/en\/termini-e-condizioni\/\"}}]}<\/script>\n<meta property=\"product:brand\" content=\"Camp\" \/>\n<meta property=\"og:availability\" content=\"instock\" \/>\n<meta property=\"product:availability\" content=\"instock\" \/>\n<meta property=\"product:condition\" content=\"new\" \/>\n<!-- \/ Yoast SEO plugin. -->","yoast_head_json":{"title":"Camp M20 Campack backpack - Sestogrado","description":"Il Camp M20 \u00e8 uno zaino ideale per le uscite light & fast. Contiene molti degli esclusivi sistemi che caratterizzano la linea degli zaini C.A.M.P., come l\u2019apertura Full BackDoor sullo schienale per un immediato accesso a tutto il contenuto senza rimuovere il materiale posto nella parte superiore. Il comfort \u00e8 assicurato dal nuovo sistema di ventilazione XAir e dagli spallacci ergonomici e traspiranti. Il cinturone imbottito \u00e8 dotato di 2 asole porta materiale ed \u00e8 amovibile per non intralciare quando si indossa l\u2019imbragatura. Il cappuccio presenta un doppio sistema di chiusura, con zip e coulisse, per evitare aperture accidentali e garantire la massima protezione in caso di maltempo. Completano il prodotto il sistema di avanzamento del carico sugli spallacci, il doppio porta piccozza con cordini elastici superiori, placchette in alluminio inferiori e vano per le lame delle piccozze, il porta sci, il porta casco esterno a scomparsa e le tasche esterne che aumentano la capacit\u00e0.","robots":{"index":"index","follow":"follow","max-snippet":"max-snippet:-1","max-image-preview":"max-image-preview:large","max-video-preview":"max-video-preview:-1"},"canonical":"https:\/\/www.sestogrado.it\/en\/prodotto\/camp-m20-campack-zaino-arrampicata-alpinismo-20-litri\/","og_locale":"en_US","og_type":"article","og_title":"Camp M20 Campack backpack - Sestogrado","og_description":"Il Camp M20 \u00e8 uno zaino ideale per le uscite light & fast. Contiene molti degli esclusivi sistemi che caratterizzano la linea degli zaini C.A.M.P., come l\u2019apertura Full BackDoor sullo schienale per un immediato accesso a tutto il contenuto senza rimuovere il materiale posto nella parte superiore. Il comfort \u00e8 assicurato dal nuovo sistema di ventilazione XAir e dagli spallacci ergonomici e traspiranti. Il cinturone imbottito \u00e8 dotato di 2 asole porta materiale ed \u00e8 amovibile per non intralciare quando si indossa l\u2019imbragatura. Il cappuccio presenta un doppio sistema di chiusura, con zip e coulisse, per evitare aperture accidentali e garantire la massima protezione in caso di maltempo. Completano il prodotto il sistema di avanzamento del carico sugli spallacci, il doppio porta piccozza con cordini elastici superiori, placchette in alluminio inferiori e vano per le lame delle piccozze, il porta sci, il porta casco esterno a scomparsa e le tasche esterne che aumentano la capacit\u00e0.","og_url":"https:\/\/www.sestogrado.it\/en\/prodotto\/camp-m20-campack-zaino-arrampicata-alpinismo-20-litri\/","og_site_name":"Sestogrado","article_publisher":"https:\/\/www.facebook.com\/pages\/Sestogrado\/1542635979353017?ref=bookmarks","article_modified_time":"2026-02-21T17:04:38+00:00","og_image":[{"width":1200,"height":1200,"url":"https:\/\/www.sestogrado.it\/wp-content\/uploads\/2020\/02\/3205-2.jpg","type":"image\/jpeg"}],"twitter_misc":{"Availability":"In stock"},"schema":{"@context":"https:\/\/schema.org","@graph":[{"@type":"WebPage","@id":"https:\/\/www.sestogrado.it\/en\/prodotto\/camp-m20-campack-zaino-arrampicata-alpinismo-20-litri\/","url":"https:\/\/www.sestogrado.it\/en\/prodotto\/camp-m20-campack-zaino-arrampicata-alpinismo-20-litri\/","name":"Camp M20 Campack backpack - Sestogrado","isPartOf":{"@id":"https:\/\/www.sestogrado.it\/en\/#website"},"primaryImageOfPage":{"@id":"https:\/\/www.sestogrado.it\/en\/prodotto\/camp-m20-campack-zaino-arrampicata-alpinismo-20-litri\/#primaryimage"},"image":{"@id":"https:\/\/www.sestogrado.it\/prodotto\/camp-m20-campack-zaino-arrampicata-alpinismo-20-litri\/#primaryimage"},"thumbnailUrl":"https:\/\/www.sestogrado.it\/wp-content\/uploads\/2020\/02\/3205-2.jpg","datePublished":"2022-08-03T10:08:11+00:00","dateModified":"2026-02-21T17:04:38+00:00","description":"Il Camp M20 \u00e8 uno zaino ideale per le uscite light & fast. Contiene molti degli esclusivi sistemi che caratterizzano la linea degli zaini C.A.M.P., come l\u2019apertura Full BackDoor sullo schienale per un immediato accesso a tutto il contenuto senza rimuovere il materiale posto nella parte superiore. Il comfort \u00e8 assicurato dal nuovo sistema di ventilazione XAir e dagli spallacci ergonomici e traspiranti. Il cinturone imbottito \u00e8 dotato di 2 asole porta materiale ed \u00e8 amovibile per non intralciare quando si indossa l\u2019imbragatura. Il cappuccio presenta un doppio sistema di chiusura, con zip e coulisse, per evitare aperture accidentali e garantire la massima protezione in caso di maltempo. Completano il prodotto il sistema di avanzamento del carico sugli spallacci, il doppio porta piccozza con cordini elastici superiori, placchette in alluminio inferiori e vano per le lame delle piccozze, il porta sci, il porta casco esterno a scomparsa e le tasche esterne che aumentano la capacit\u00e0.","breadcrumb":{"@id":"https:\/\/www.sestogrado.it\/en\/prodotto\/camp-m20-campack-zaino-arrampicata-alpinismo-20-litri\/#breadcrumb"},"inLanguage":"en-US","potentialAction":[{"@type":"ReadAction","target":[["https:\/\/www.sestogrado.it\/en\/prodotto\/camp-m20-campack-zaino-arrampicata-alpinismo-20-litri\/"]]}]},{"@type":"ImageObject","inLanguage":"en-US","@id":"https:\/\/www.sestogrado.it\/en\/prodotto\/camp-m20-campack-zaino-arrampicata-alpinismo-20-litri\/#primaryimage","url":"https:\/\/www.sestogrado.it\/wp-content\/uploads\/2020\/02\/3205-2.jpg","contentUrl":"https:\/\/www.sestogrado.it\/wp-content\/uploads\/2020\/02\/3205-2.jpg","width":1200,"height":1200,"caption":"camp m20 grigio"},{"@type":"BreadcrumbList","@id":"https:\/\/www.sestogrado.it\/en\/prodotto\/camp-m20-campack-zaino-arrampicata-alpinismo-20-litri\/#breadcrumb","itemListElement":[{"@type":"ListItem","position":1,"name":"Home","item":"https:\/\/www.sestogrado.it\/en\/"},{"@type":"ListItem","position":2,"name":"Shop","item":"https:\/\/www.sestogrado.it\/en\/shop\/"},{"@type":"ListItem","position":3,"name":"Camp M20 Campack zaino arrampicata alpinismo 20 litri"}]},{"@type":"WebSite","@id":"https:\/\/www.sestogrado.it\/en\/#website","url":"https:\/\/www.sestogrado.it\/en\/","name":"Sestogrado","description":"yes we climb","publisher":{"@id":"https:\/\/www.sestogrado.it\/en\/#organization"},"potentialAction":[{"@type":"SearchAction","target":{"@type":"EntryPoint","urlTemplate":"https:\/\/www.sestogrado.it\/en\/?s={search_term_string}"},"query-input":{"@type":"PropertyValueSpecification","valueRequired":true,"valueName":"search_term_string"}}],"inLanguage":"en-US"},{"@type":"Organization","@id":"https:\/\/www.sestogrado.it\/en\/#organization","name":"Sestogrado","url":"https:\/\/www.sestogrado.it\/en\/","logo":{"@type":"ImageObject","inLanguage":"en-US","@id":"https:\/\/www.sestogrado.it\/en\/#\/schema\/logo\/image\/","url":"https:\/\/www.sestogrado.it\/wp-content\/uploads\/2015\/03\/sestogrado-favicon.png","contentUrl":"https:\/\/www.sestogrado.it\/wp-content\/uploads\/2015\/03\/sestogrado-favicon.png","width":260,"height":260,"caption":"Sestogrado"},"image":{"@id":"https:\/\/www.sestogrado.it\/en\/#\/schema\/logo\/image\/"},"sameAs":["https:\/\/www.facebook.com\/pages\/Sestogrado\/1542635979353017?ref=bookmarks","https:\/\/www.youtube.com\/channel\/UC847kAfTkaJsWpc1jtQwr3Q"],"hasMerchantReturnPolicy":{"@type":"MerchantReturnPolicy","merchantReturnLink":"https:\/\/www.sestogrado.it\/en\/termini-e-condizioni\/"}}]},"product_brand":"Camp","og_availability":"instock","product_availability":"instock","product_condition":"new"},"_links":{"self":[{"href":"https:\/\/www.sestogrado.it\/en\/wp-json\/wp\/v2\/product\/27994","targetHints":{"allow":["GET"]}}],"collection":[{"href":"https:\/\/www.sestogrado.it\/en\/wp-json\/wp\/v2\/product"}],"about":[{"href":"https:\/\/www.sestogrado.it\/en\/wp-json\/wp\/v2\/types\/product"}],"replies":[{"embeddable":true,"href":"https:\/\/www.sestogrado.it\/en\/wp-json\/wp\/v2\/comments?post=27994"}],"wp:featuredmedia":[{"embeddable":true,"href":"https:\/\/www.sestogrado.it\/en\/wp-json\/wp\/v2\/media\/108979"}],"wp:attachment":[{"href":"https:\/\/www.sestogrado.it\/en\/wp-json\/wp\/v2\/media?parent=27994"}],"wp:term":[{"taxonomy":"product_brand","embeddable":true,"href":"https:\/\/www.sestogrado.it\/en\/wp-json\/wp\/v2\/product_brand?post=27994"},{"taxonomy":"product_cat","embeddable":true,"href":"https:\/\/www.sestogrado.it\/en\/wp-json\/wp\/v2\/product_cat?post=27994"},{"taxonomy":"product_tag","embeddable":true,"href":"https:\/\/www.sestogrado.it\/en\/wp-json\/wp\/v2\/product_tag?post=27994"}],"curies":[{"name":"wp","href":"https:\/\/api.w.org\/{rel}","templated":true}]}}