{"id":2760,"date":"2026-04-09T07:00:37","date_gmt":"2026-04-09T05:00:37","guid":{"rendered":"http:\/\/www.sestogrado.it\/?post_type=product&#038;p=2760"},"modified":"2026-04-09T12:42:37","modified_gmt":"2026-04-09T10:42:37","slug":"petzl-bug-18-zaino-arrampicata-vie-lunghe","status":"publish","type":"product","link":"https:\/\/www.sestogrado.it\/en\/prodotto\/petzl-bug-18-zaino-arrampicata-vie-lunghe\/","title":{"rendered":"Petzl Bug backpack"},"content":{"rendered":"<p>The BUG backpack is designed for single-day multi-pitch rock climbing, and is perfect for everyday uses. Suitable for carrying gear on the approach and when climbing (hydration system, food, clothing, shoes). It is designed to offer the best possible comfort: minimum bulk, freedom of shoulder movement, foldaway waistbelt, high carrying position for unobstructed access to harness.<\/p>\n<ul>\n<li>Compact, ergonomic shape for maximum mobility during climbing or everyday use:<br \/>\n&#8211; 18 liter volume for transporting equipment<br \/>\n&#8211; compact shape is snug against the back<\/li>\n<li>Accessorization for mountain activities or everyday use:<br \/>\n&#8211; side compression straps<br \/>\n&#8211; adjustable strap for attaching a rope to the top of the pack<br \/>\n&#8211; wide exterior pocket, interior compartment for hydration system or laptop, wallet pocket, topo pocket in back of pack<br \/>\n&#8211; foldaway waistbelt<br \/>\n&#8211; adjustable sternal strap ensures the pack is stable when climbing<\/li>\n<li>Very durable: bottom and sides lined with high-tenacity fabric<\/li>\n<li>Available in two colors: gray or orange<\/li>\n<\/ul>\n<p>&nbsp;<\/p>\n<p>Petzl is a leading French company producing sports materials such as climbing, mountaineering, speleology and canyoning and professional materials for high-altitude activities.<\/p>\n<p>Established in 1968 by the speleologist of the same name, Petzl&#8217;s mission has remained the same since its origins: creating concrete tools to allow man to outdo himself. Today the pioneering spirit, the passion of exploration, values have not changed. For over forty years, Petzl always designs tools and solutions to allow sportsmen and professionals to measure themselves, in any weather, in the most inaccessible environments.<\/p>","protected":false},"excerpt":{"rendered":"<p>The BUG backpack is designed for single-day multi-pitch rock climbing, and is perfect for everyday uses. Suitable for carrying gear [&hellip;]<\/p>\n","protected":false},"featured_media":214969,"comment_status":"open","ping_status":"closed","template":"","meta":{"_acf_changed":false},"product_brand":[50],"product_cat":[389],"product_tag":[],"class_list":{"0":"post-2760","1":"product","2":"type-product","3":"status-publish","4":"has-post-thumbnail","6":"product_brand-petzl","7":"product_cat-zaini-alpinismo","9":"first","10":"instock","11":"sale","12":"taxable","13":"shipping-taxable","14":"purchasable","15":"product-type-variable"},"acf":[],"yoast_head":"<!-- This site is optimized with the Yoast SEO plugin v26.4 - https:\/\/yoast.com\/wordpress\/plugins\/seo\/ -->\n<title>Petzl Bug backpack - Sestogrado<\/title>\n<meta name=\"description\" content=\"Il Petzl BUG 18 \u00e8 lo zaino ideale per vie lunghe di roccia in giornata, progettato per offrire libert\u00e0 di movimento, comfort e organizzazione del materiale sia in parete sia negli spostamenti quotidiani. Con una capacit\u00e0 di 18 litri, una forma compatta ed ergonomica e numerosi dettagli tecnici dedicati all\u2019arrampicata, \u00e8 perfetto per trasportare tutto l\u2019essenziale: imbracatura, scarpette, abbigliamento, casco, corda e accessori. Pensato per accompagnarti fino all\u2019attacco e lungo tutta la salita, il BUG 18 garantisce una vestibilit\u00e0 aderente alla schiena per non intralciare i movimenti, mentre gli spallacci ergonomici imbottiti e le cinghie di compressione laterali assicurano stabilit\u00e0 e comfort. La pratica apertura dall\u2019alto consente un accesso rapido al contenuto anche quando si \u00e8 in sosta.\" \/>\n<meta name=\"robots\" content=\"index, follow, max-snippet:-1, max-image-preview:large, max-video-preview:-1\" \/>\n<link rel=\"canonical\" href=\"https:\/\/www.sestogrado.it\/en\/prodotto\/petzl-bug-18-zaino-arrampicata-vie-lunghe\/\" \/>\n<meta property=\"og:locale\" content=\"en_US\" \/>\n<meta property=\"og:type\" content=\"article\" \/>\n<meta property=\"og:title\" content=\"Petzl Bug backpack - Sestogrado\" \/>\n<meta property=\"og:description\" content=\"Il Petzl BUG 18 \u00e8 lo zaino ideale per vie lunghe di roccia in giornata, progettato per offrire libert\u00e0 di movimento, comfort e organizzazione del materiale sia in parete sia negli spostamenti quotidiani. Con una capacit\u00e0 di 18 litri, una forma compatta ed ergonomica e numerosi dettagli tecnici dedicati all\u2019arrampicata, \u00e8 perfetto per trasportare tutto l\u2019essenziale: imbracatura, scarpette, abbigliamento, casco, corda e accessori. Pensato per accompagnarti fino all\u2019attacco e lungo tutta la salita, il BUG 18 garantisce una vestibilit\u00e0 aderente alla schiena per non intralciare i movimenti, mentre gli spallacci ergonomici imbottiti e le cinghie di compressione laterali assicurano stabilit\u00e0 e comfort. La pratica apertura dall\u2019alto consente un accesso rapido al contenuto anche quando si \u00e8 in sosta.\" \/>\n<meta property=\"og:url\" content=\"https:\/\/www.sestogrado.it\/en\/prodotto\/petzl-bug-18-zaino-arrampicata-vie-lunghe\/\" \/>\n<meta property=\"og:site_name\" content=\"Sestogrado\" \/>\n<meta property=\"article:publisher\" content=\"https:\/\/www.facebook.com\/pages\/Sestogrado\/1542635979353017?ref=bookmarks\" \/>\n<meta property=\"article:modified_time\" content=\"2026-04-09T10:42:37+00:00\" \/>\n<meta property=\"og:image\" content=\"https:\/\/www.sestogrado.it\/wp-content\/uploads\/2015\/10\/01-3.jpg\" \/>\n\t<meta property=\"og:image:width\" content=\"1200\" \/>\n\t<meta property=\"og:image:height\" content=\"1200\" \/>\n\t<meta property=\"og:image:type\" content=\"image\/jpeg\" \/>\n<meta name=\"twitter:label1\" content=\"Availability\" \/>\n\t<meta name=\"twitter:data1\" content=\"In stock\" \/>\n<script type=\"application\/ld+json\" class=\"yoast-schema-graph\">{\"@context\":\"https:\/\/schema.org\",\"@graph\":[{\"@type\":\"WebPage\",\"@id\":\"https:\/\/www.sestogrado.it\/en\/prodotto\/petzl-bug-18-zaino-arrampicata-vie-lunghe\/\",\"url\":\"https:\/\/www.sestogrado.it\/en\/prodotto\/petzl-bug-18-zaino-arrampicata-vie-lunghe\/\",\"name\":\"Petzl Bug backpack - Sestogrado\",\"isPartOf\":{\"@id\":\"https:\/\/www.sestogrado.it\/en\/#website\"},\"primaryImageOfPage\":{\"@id\":\"https:\/\/www.sestogrado.it\/en\/prodotto\/petzl-bug-18-zaino-arrampicata-vie-lunghe\/#primaryimage\"},\"image\":{\"@id\":\"https:\/\/www.sestogrado.it\/prodotto\/petzl-bug-18-zaino-arrampicata-vie-lunghe\/#primaryimage\"},\"thumbnailUrl\":\"https:\/\/www.sestogrado.it\/wp-content\/uploads\/2015\/10\/01-3.jpg\",\"datePublished\":\"2026-04-09T05:00:37+00:00\",\"dateModified\":\"2026-04-09T10:42:37+00:00\",\"description\":\"Il Petzl BUG 18 \u00e8 lo zaino ideale per vie lunghe di roccia in giornata, progettato per offrire libert\u00e0 di movimento, comfort e organizzazione del materiale sia in parete sia negli spostamenti quotidiani. Con una capacit\u00e0 di 18 litri, una forma compatta ed ergonomica e numerosi dettagli tecnici dedicati all\u2019arrampicata, \u00e8 perfetto per trasportare tutto l\u2019essenziale: imbracatura, scarpette, abbigliamento, casco, corda e accessori. Pensato per accompagnarti fino all\u2019attacco e lungo tutta la salita, il BUG 18 garantisce una vestibilit\u00e0 aderente alla schiena per non intralciare i movimenti, mentre gli spallacci ergonomici imbottiti e le cinghie di compressione laterali assicurano stabilit\u00e0 e comfort. La pratica apertura dall\u2019alto consente un accesso rapido al contenuto anche quando si \u00e8 in sosta.\",\"breadcrumb\":{\"@id\":\"https:\/\/www.sestogrado.it\/en\/prodotto\/petzl-bug-18-zaino-arrampicata-vie-lunghe\/#breadcrumb\"},\"inLanguage\":\"en-US\",\"potentialAction\":[{\"@type\":\"ReadAction\",\"target\":[[\"https:\/\/www.sestogrado.it\/en\/prodotto\/petzl-bug-18-zaino-arrampicata-vie-lunghe\/\"]]}]},{\"@type\":\"ImageObject\",\"inLanguage\":\"en-US\",\"@id\":\"https:\/\/www.sestogrado.it\/en\/prodotto\/petzl-bug-18-zaino-arrampicata-vie-lunghe\/#primaryimage\",\"url\":\"https:\/\/www.sestogrado.it\/wp-content\/uploads\/2015\/10\/01-3.jpg\",\"contentUrl\":\"https:\/\/www.sestogrado.it\/wp-content\/uploads\/2015\/10\/01-3.jpg\",\"width\":1200,\"height\":1200,\"caption\":\"bug arancio\"},{\"@type\":\"BreadcrumbList\",\"@id\":\"https:\/\/www.sestogrado.it\/en\/prodotto\/petzl-bug-18-zaino-arrampicata-vie-lunghe\/#breadcrumb\",\"itemListElement\":[{\"@type\":\"ListItem\",\"position\":1,\"name\":\"Home\",\"item\":\"https:\/\/www.sestogrado.it\/en\/\"},{\"@type\":\"ListItem\",\"position\":2,\"name\":\"Shop\",\"item\":\"https:\/\/www.sestogrado.it\/en\/shop\/\"},{\"@type\":\"ListItem\",\"position\":3,\"name\":\"Petzl Bug 18 zaino arrampicata\"}]},{\"@type\":\"WebSite\",\"@id\":\"https:\/\/www.sestogrado.it\/en\/#website\",\"url\":\"https:\/\/www.sestogrado.it\/en\/\",\"name\":\"Sestogrado\",\"description\":\"yes we climb\",\"publisher\":{\"@id\":\"https:\/\/www.sestogrado.it\/en\/#organization\"},\"potentialAction\":[{\"@type\":\"SearchAction\",\"target\":{\"@type\":\"EntryPoint\",\"urlTemplate\":\"https:\/\/www.sestogrado.it\/en\/?s={search_term_string}\"},\"query-input\":{\"@type\":\"PropertyValueSpecification\",\"valueRequired\":true,\"valueName\":\"search_term_string\"}}],\"inLanguage\":\"en-US\"},{\"@type\":\"Organization\",\"@id\":\"https:\/\/www.sestogrado.it\/en\/#organization\",\"name\":\"Sestogrado\",\"url\":\"https:\/\/www.sestogrado.it\/en\/\",\"logo\":{\"@type\":\"ImageObject\",\"inLanguage\":\"en-US\",\"@id\":\"https:\/\/www.sestogrado.it\/en\/#\/schema\/logo\/image\/\",\"url\":\"https:\/\/www.sestogrado.it\/wp-content\/uploads\/2015\/03\/sestogrado-favicon.png\",\"contentUrl\":\"https:\/\/www.sestogrado.it\/wp-content\/uploads\/2015\/03\/sestogrado-favicon.png\",\"width\":260,\"height\":260,\"caption\":\"Sestogrado\"},\"image\":{\"@id\":\"https:\/\/www.sestogrado.it\/en\/#\/schema\/logo\/image\/\"},\"sameAs\":[\"https:\/\/www.facebook.com\/pages\/Sestogrado\/1542635979353017?ref=bookmarks\",\"https:\/\/www.youtube.com\/channel\/UC847kAfTkaJsWpc1jtQwr3Q\"],\"hasMerchantReturnPolicy\":{\"@type\":\"MerchantReturnPolicy\",\"merchantReturnLink\":\"https:\/\/www.sestogrado.it\/en\/termini-e-condizioni\/\"}}]}<\/script>\n<meta property=\"product:brand\" content=\"Petzl\" \/>\n<meta property=\"og:availability\" content=\"instock\" \/>\n<meta property=\"product:availability\" content=\"instock\" \/>\n<meta property=\"product:condition\" content=\"new\" \/>\n<!-- \/ Yoast SEO plugin. -->","yoast_head_json":{"title":"Petzl Bug backpack - Sestogrado","description":"Il Petzl BUG 18 \u00e8 lo zaino ideale per vie lunghe di roccia in giornata, progettato per offrire libert\u00e0 di movimento, comfort e organizzazione del materiale sia in parete sia negli spostamenti quotidiani. Con una capacit\u00e0 di 18 litri, una forma compatta ed ergonomica e numerosi dettagli tecnici dedicati all\u2019arrampicata, \u00e8 perfetto per trasportare tutto l\u2019essenziale: imbracatura, scarpette, abbigliamento, casco, corda e accessori. Pensato per accompagnarti fino all\u2019attacco e lungo tutta la salita, il BUG 18 garantisce una vestibilit\u00e0 aderente alla schiena per non intralciare i movimenti, mentre gli spallacci ergonomici imbottiti e le cinghie di compressione laterali assicurano stabilit\u00e0 e comfort. La pratica apertura dall\u2019alto consente un accesso rapido al contenuto anche quando si \u00e8 in sosta.","robots":{"index":"index","follow":"follow","max-snippet":"max-snippet:-1","max-image-preview":"max-image-preview:large","max-video-preview":"max-video-preview:-1"},"canonical":"https:\/\/www.sestogrado.it\/en\/prodotto\/petzl-bug-18-zaino-arrampicata-vie-lunghe\/","og_locale":"en_US","og_type":"article","og_title":"Petzl Bug backpack - Sestogrado","og_description":"Il Petzl BUG 18 \u00e8 lo zaino ideale per vie lunghe di roccia in giornata, progettato per offrire libert\u00e0 di movimento, comfort e organizzazione del materiale sia in parete sia negli spostamenti quotidiani. Con una capacit\u00e0 di 18 litri, una forma compatta ed ergonomica e numerosi dettagli tecnici dedicati all\u2019arrampicata, \u00e8 perfetto per trasportare tutto l\u2019essenziale: imbracatura, scarpette, abbigliamento, casco, corda e accessori. Pensato per accompagnarti fino all\u2019attacco e lungo tutta la salita, il BUG 18 garantisce una vestibilit\u00e0 aderente alla schiena per non intralciare i movimenti, mentre gli spallacci ergonomici imbottiti e le cinghie di compressione laterali assicurano stabilit\u00e0 e comfort. La pratica apertura dall\u2019alto consente un accesso rapido al contenuto anche quando si \u00e8 in sosta.","og_url":"https:\/\/www.sestogrado.it\/en\/prodotto\/petzl-bug-18-zaino-arrampicata-vie-lunghe\/","og_site_name":"Sestogrado","article_publisher":"https:\/\/www.facebook.com\/pages\/Sestogrado\/1542635979353017?ref=bookmarks","article_modified_time":"2026-04-09T10:42:37+00:00","og_image":[{"width":1200,"height":1200,"url":"https:\/\/www.sestogrado.it\/wp-content\/uploads\/2015\/10\/01-3.jpg","type":"image\/jpeg"}],"twitter_misc":{"Availability":"In stock"},"schema":{"@context":"https:\/\/schema.org","@graph":[{"@type":"WebPage","@id":"https:\/\/www.sestogrado.it\/en\/prodotto\/petzl-bug-18-zaino-arrampicata-vie-lunghe\/","url":"https:\/\/www.sestogrado.it\/en\/prodotto\/petzl-bug-18-zaino-arrampicata-vie-lunghe\/","name":"Petzl Bug backpack - Sestogrado","isPartOf":{"@id":"https:\/\/www.sestogrado.it\/en\/#website"},"primaryImageOfPage":{"@id":"https:\/\/www.sestogrado.it\/en\/prodotto\/petzl-bug-18-zaino-arrampicata-vie-lunghe\/#primaryimage"},"image":{"@id":"https:\/\/www.sestogrado.it\/prodotto\/petzl-bug-18-zaino-arrampicata-vie-lunghe\/#primaryimage"},"thumbnailUrl":"https:\/\/www.sestogrado.it\/wp-content\/uploads\/2015\/10\/01-3.jpg","datePublished":"2026-04-09T05:00:37+00:00","dateModified":"2026-04-09T10:42:37+00:00","description":"Il Petzl BUG 18 \u00e8 lo zaino ideale per vie lunghe di roccia in giornata, progettato per offrire libert\u00e0 di movimento, comfort e organizzazione del materiale sia in parete sia negli spostamenti quotidiani. Con una capacit\u00e0 di 18 litri, una forma compatta ed ergonomica e numerosi dettagli tecnici dedicati all\u2019arrampicata, \u00e8 perfetto per trasportare tutto l\u2019essenziale: imbracatura, scarpette, abbigliamento, casco, corda e accessori. Pensato per accompagnarti fino all\u2019attacco e lungo tutta la salita, il BUG 18 garantisce una vestibilit\u00e0 aderente alla schiena per non intralciare i movimenti, mentre gli spallacci ergonomici imbottiti e le cinghie di compressione laterali assicurano stabilit\u00e0 e comfort. La pratica apertura dall\u2019alto consente un accesso rapido al contenuto anche quando si \u00e8 in sosta.","breadcrumb":{"@id":"https:\/\/www.sestogrado.it\/en\/prodotto\/petzl-bug-18-zaino-arrampicata-vie-lunghe\/#breadcrumb"},"inLanguage":"en-US","potentialAction":[{"@type":"ReadAction","target":[["https:\/\/www.sestogrado.it\/en\/prodotto\/petzl-bug-18-zaino-arrampicata-vie-lunghe\/"]]}]},{"@type":"ImageObject","inLanguage":"en-US","@id":"https:\/\/www.sestogrado.it\/en\/prodotto\/petzl-bug-18-zaino-arrampicata-vie-lunghe\/#primaryimage","url":"https:\/\/www.sestogrado.it\/wp-content\/uploads\/2015\/10\/01-3.jpg","contentUrl":"https:\/\/www.sestogrado.it\/wp-content\/uploads\/2015\/10\/01-3.jpg","width":1200,"height":1200,"caption":"bug arancio"},{"@type":"BreadcrumbList","@id":"https:\/\/www.sestogrado.it\/en\/prodotto\/petzl-bug-18-zaino-arrampicata-vie-lunghe\/#breadcrumb","itemListElement":[{"@type":"ListItem","position":1,"name":"Home","item":"https:\/\/www.sestogrado.it\/en\/"},{"@type":"ListItem","position":2,"name":"Shop","item":"https:\/\/www.sestogrado.it\/en\/shop\/"},{"@type":"ListItem","position":3,"name":"Petzl Bug 18 zaino arrampicata"}]},{"@type":"WebSite","@id":"https:\/\/www.sestogrado.it\/en\/#website","url":"https:\/\/www.sestogrado.it\/en\/","name":"Sestogrado","description":"yes we climb","publisher":{"@id":"https:\/\/www.sestogrado.it\/en\/#organization"},"potentialAction":[{"@type":"SearchAction","target":{"@type":"EntryPoint","urlTemplate":"https:\/\/www.sestogrado.it\/en\/?s={search_term_string}"},"query-input":{"@type":"PropertyValueSpecification","valueRequired":true,"valueName":"search_term_string"}}],"inLanguage":"en-US"},{"@type":"Organization","@id":"https:\/\/www.sestogrado.it\/en\/#organization","name":"Sestogrado","url":"https:\/\/www.sestogrado.it\/en\/","logo":{"@type":"ImageObject","inLanguage":"en-US","@id":"https:\/\/www.sestogrado.it\/en\/#\/schema\/logo\/image\/","url":"https:\/\/www.sestogrado.it\/wp-content\/uploads\/2015\/03\/sestogrado-favicon.png","contentUrl":"https:\/\/www.sestogrado.it\/wp-content\/uploads\/2015\/03\/sestogrado-favicon.png","width":260,"height":260,"caption":"Sestogrado"},"image":{"@id":"https:\/\/www.sestogrado.it\/en\/#\/schema\/logo\/image\/"},"sameAs":["https:\/\/www.facebook.com\/pages\/Sestogrado\/1542635979353017?ref=bookmarks","https:\/\/www.youtube.com\/channel\/UC847kAfTkaJsWpc1jtQwr3Q"],"hasMerchantReturnPolicy":{"@type":"MerchantReturnPolicy","merchantReturnLink":"https:\/\/www.sestogrado.it\/en\/termini-e-condizioni\/"}}]},"product_brand":"Petzl","og_availability":"instock","product_availability":"instock","product_condition":"new"},"_links":{"self":[{"href":"https:\/\/www.sestogrado.it\/en\/wp-json\/wp\/v2\/product\/2760","targetHints":{"allow":["GET"]}}],"collection":[{"href":"https:\/\/www.sestogrado.it\/en\/wp-json\/wp\/v2\/product"}],"about":[{"href":"https:\/\/www.sestogrado.it\/en\/wp-json\/wp\/v2\/types\/product"}],"replies":[{"embeddable":true,"href":"https:\/\/www.sestogrado.it\/en\/wp-json\/wp\/v2\/comments?post=2760"}],"wp:featuredmedia":[{"embeddable":true,"href":"https:\/\/www.sestogrado.it\/en\/wp-json\/wp\/v2\/media\/214969"}],"wp:attachment":[{"href":"https:\/\/www.sestogrado.it\/en\/wp-json\/wp\/v2\/media?parent=2760"}],"wp:term":[{"taxonomy":"product_brand","embeddable":true,"href":"https:\/\/www.sestogrado.it\/en\/wp-json\/wp\/v2\/product_brand?post=2760"},{"taxonomy":"product_cat","embeddable":true,"href":"https:\/\/www.sestogrado.it\/en\/wp-json\/wp\/v2\/product_cat?post=2760"},{"taxonomy":"product_tag","embeddable":true,"href":"https:\/\/www.sestogrado.it\/en\/wp-json\/wp\/v2\/product_tag?post=2760"}],"curies":[{"name":"wp","href":"https:\/\/api.w.org\/{rel}","templated":true}]}}