{"id":27275,"date":"2020-02-03T15:53:30","date_gmt":"2020-02-03T14:53:30","guid":{"rendered":"https:\/\/www.sestogrado.it\/?post_type=product&#038;p=27275"},"modified":"2026-03-30T12:02:08","modified_gmt":"2026-03-30T10:02:08","slug":"black-diamond-midweight-softshell-guanti-multiuso-per-outdoor","status":"publish","type":"product","link":"https:\/\/www.sestogrado.it\/en\/prodotto\/black-diamond-midweight-softshell-guanti-multiuso-per-outdoor\/","title":{"rendered":"Black Diamond Midweight Softshell outdoor gloves"},"content":{"rendered":"<p><\/p>\n<div class=\"margin\">\n<div class=\"product-description noshow-320\">Stretchy, breathable and highly weather-resistant, the MidWeight Softshell gloves are perfect for spring ski tours, fall runs, high-altitude hikes and other active, chilly pursuits.<\/div>\n<div>\n<p>Built with durable, stretchy and weather-resistant softshell fabric for high-output pursuits in mild conditions, the Black Diamond MidWeight Softshell gloves offer dynamic, breathable protection while ski touring, climbing or backpacking. The full goat leather palms and fingers offer a secure grip on poles or tools and feature digital material on the thumbs and index fingers allow for gloves-on touchscreen functionality. Comfortable, fleece-lined neoprene cuffs seal out the elements and make for easy on and off.<\/p>\n<ul>\n<li>Four-way stretch softshell fabric with DWR treatment<\/li>\n<li>Digital thumb and index finger allow for gloves-on touchscreen use<\/li>\n<li>Full goat leather palm<\/li>\n<li>60 g PrimaLoft\u00ae Gold Insulation on back of hand<\/li>\n<li>Neoprene and fleece cuff<\/li>\n<li>Reflective logo<\/li>\n<\/ul>\n<\/div>\n<\/div>\n<p><\/p>","protected":false},"excerpt":{"rendered":"<p>Stretchy, breathable and highly weather-resistant, the MidWeight Softshell gloves are perfect for spring ski tours, fall runs, high-altitude hikes and [&hellip;]<\/p>\n","protected":false},"featured_media":27281,"comment_status":"open","ping_status":"closed","template":"","meta":{"_acf_changed":false},"product_brand":[121],"product_cat":[1427],"product_tag":[],"class_list":{"0":"post-27275","1":"product","2":"type-product","3":"status-publish","4":"has-post-thumbnail","6":"product_brand-black-diamond","7":"product_cat-outdoor","9":"first","10":"instock","11":"sale","12":"taxable","13":"shipping-taxable","14":"purchasable","15":"product-type-variable"},"acf":[],"yoast_head":"<!-- This site is optimized with the Yoast SEO plugin v26.4 - https:\/\/yoast.com\/wordpress\/plugins\/seo\/ -->\n<title>Black Diamond Midweight Softshell outdoor gloves - Sestogrado<\/title>\n<meta name=\"description\" content=\"I Black Diamond Midweight Softshell sono dei guanti elastici, traspiranti e altamente resistenti agli eventi atmosferici, perfetti per le attivit\u00e0 outdoor pi\u00f9 svariate. Perfetti per escursioni sciistiche primaverili, piste autunnali, escursioni in alta quota e altre attivit\u00e0 attive e fredde.La comodit\u00e0 dei Midweight Softshell \u00e8 che sono realizzati in un tessuto softshell resistente, elastico e traspirante, che li rende ideali per attivit\u00e0 ad alte prestazioni in condizioni miti. I guanti Black Diamond MidWeight Softshell offrono una protezione dinamica e traspirante durante lo sci alpinismo, l&#039;arrampicata, ferrate o escursionismo. Il palmo della mano e l&#039;interno delle dita realizzati in pelle di capra offre un eccezionale grip e tenuta su attrezzatura come piccozze o bastoncini, ed offrono una presa sicura sui fittoni in acciaio. Comodi polsini in neoprene foderati in pile isolano dal vento e dal freddo e facilitano l&#039;indossabilit\u00e0. Le dita sono touch e consentono l&#039;utilizzo di dispositivi come smartphone e tablet.\" \/>\n<meta name=\"robots\" content=\"index, follow, max-snippet:-1, max-image-preview:large, max-video-preview:-1\" \/>\n<link rel=\"canonical\" href=\"https:\/\/www.sestogrado.it\/en\/prodotto\/black-diamond-midweight-softshell-guanti-multiuso-per-outdoor\/\" \/>\n<meta property=\"og:locale\" content=\"en_US\" \/>\n<meta property=\"og:type\" content=\"article\" \/>\n<meta property=\"og:title\" content=\"Black Diamond Midweight Softshell outdoor gloves - Sestogrado\" \/>\n<meta property=\"og:description\" content=\"I Black Diamond Midweight Softshell sono dei guanti elastici, traspiranti e altamente resistenti agli eventi atmosferici, perfetti per le attivit\u00e0 outdoor pi\u00f9 svariate. Perfetti per escursioni sciistiche primaverili, piste autunnali, escursioni in alta quota e altre attivit\u00e0 attive e fredde.La comodit\u00e0 dei Midweight Softshell \u00e8 che sono realizzati in un tessuto softshell resistente, elastico e traspirante, che li rende ideali per attivit\u00e0 ad alte prestazioni in condizioni miti. I guanti Black Diamond MidWeight Softshell offrono una protezione dinamica e traspirante durante lo sci alpinismo, l&#039;arrampicata, ferrate o escursionismo. Il palmo della mano e l&#039;interno delle dita realizzati in pelle di capra offre un eccezionale grip e tenuta su attrezzatura come piccozze o bastoncini, ed offrono una presa sicura sui fittoni in acciaio. Comodi polsini in neoprene foderati in pile isolano dal vento e dal freddo e facilitano l&#039;indossabilit\u00e0. Le dita sono touch e consentono l&#039;utilizzo di dispositivi come smartphone e tablet.\" \/>\n<meta property=\"og:url\" content=\"https:\/\/www.sestogrado.it\/en\/prodotto\/black-diamond-midweight-softshell-guanti-multiuso-per-outdoor\/\" \/>\n<meta property=\"og:site_name\" content=\"Sestogrado\" \/>\n<meta property=\"article:publisher\" content=\"https:\/\/www.facebook.com\/pages\/Sestogrado\/1542635979353017?ref=bookmarks\" \/>\n<meta property=\"article:modified_time\" content=\"2026-03-30T10:02:08+00:00\" \/>\n<meta property=\"og:image\" content=\"https:\/\/www.sestogrado.it\/wp-content\/uploads\/2020\/01\/01-6.jpg\" \/>\n\t<meta property=\"og:image:width\" content=\"1100\" \/>\n\t<meta property=\"og:image:height\" content=\"1100\" \/>\n\t<meta property=\"og:image:type\" content=\"image\/jpeg\" \/>\n<meta name=\"twitter:label1\" content=\"Availability\" \/>\n\t<meta name=\"twitter:data1\" content=\"In stock\" \/>\n<script type=\"application\/ld+json\" class=\"yoast-schema-graph\">{\"@context\":\"https:\/\/schema.org\",\"@graph\":[{\"@type\":\"WebPage\",\"@id\":\"https:\/\/www.sestogrado.it\/en\/prodotto\/black-diamond-midweight-softshell-guanti-multiuso-per-outdoor\/\",\"url\":\"https:\/\/www.sestogrado.it\/en\/prodotto\/black-diamond-midweight-softshell-guanti-multiuso-per-outdoor\/\",\"name\":\"Black Diamond Midweight Softshell outdoor gloves - Sestogrado\",\"isPartOf\":{\"@id\":\"https:\/\/www.sestogrado.it\/en\/#website\"},\"primaryImageOfPage\":{\"@id\":\"https:\/\/www.sestogrado.it\/en\/prodotto\/black-diamond-midweight-softshell-guanti-multiuso-per-outdoor\/#primaryimage\"},\"image\":{\"@id\":\"https:\/\/www.sestogrado.it\/prodotto\/black-diamond-midweight-softshell-guanti-multiuso-per-outdoor\/#primaryimage\"},\"thumbnailUrl\":\"https:\/\/www.sestogrado.it\/wp-content\/uploads\/2020\/01\/01-6.jpg\",\"datePublished\":\"2020-02-03T14:53:30+00:00\",\"dateModified\":\"2026-03-30T10:02:08+00:00\",\"description\":\"I Black Diamond Midweight Softshell sono dei guanti elastici, traspiranti e altamente resistenti agli eventi atmosferici, perfetti per le attivit\u00e0 outdoor pi\u00f9 svariate. Perfetti per escursioni sciistiche primaverili, piste autunnali, escursioni in alta quota e altre attivit\u00e0 attive e fredde.La comodit\u00e0 dei Midweight Softshell \u00e8 che sono realizzati in un tessuto softshell resistente, elastico e traspirante, che li rende ideali per attivit\u00e0 ad alte prestazioni in condizioni miti. I guanti Black Diamond MidWeight Softshell offrono una protezione dinamica e traspirante durante lo sci alpinismo, l'arrampicata, ferrate o escursionismo. Il palmo della mano e l'interno delle dita realizzati in pelle di capra offre un eccezionale grip e tenuta su attrezzatura come piccozze o bastoncini, ed offrono una presa sicura sui fittoni in acciaio. Comodi polsini in neoprene foderati in pile isolano dal vento e dal freddo e facilitano l'indossabilit\u00e0. Le dita sono touch e consentono l'utilizzo di dispositivi come smartphone e tablet.\",\"breadcrumb\":{\"@id\":\"https:\/\/www.sestogrado.it\/en\/prodotto\/black-diamond-midweight-softshell-guanti-multiuso-per-outdoor\/#breadcrumb\"},\"inLanguage\":\"en-US\",\"potentialAction\":[{\"@type\":\"ReadAction\",\"target\":[[\"https:\/\/www.sestogrado.it\/en\/prodotto\/black-diamond-midweight-softshell-guanti-multiuso-per-outdoor\/\"]]}]},{\"@type\":\"ImageObject\",\"inLanguage\":\"en-US\",\"@id\":\"https:\/\/www.sestogrado.it\/en\/prodotto\/black-diamond-midweight-softshell-guanti-multiuso-per-outdoor\/#primaryimage\",\"url\":\"https:\/\/www.sestogrado.it\/wp-content\/uploads\/2020\/01\/01-6.jpg\",\"contentUrl\":\"https:\/\/www.sestogrado.it\/wp-content\/uploads\/2020\/01\/01-6.jpg\",\"width\":1100,\"height\":1100,\"caption\":\"black diamond midweight softshell\"},{\"@type\":\"BreadcrumbList\",\"@id\":\"https:\/\/www.sestogrado.it\/en\/prodotto\/black-diamond-midweight-softshell-guanti-multiuso-per-outdoor\/#breadcrumb\",\"itemListElement\":[{\"@type\":\"ListItem\",\"position\":1,\"name\":\"Home\",\"item\":\"https:\/\/www.sestogrado.it\/en\/\"},{\"@type\":\"ListItem\",\"position\":2,\"name\":\"Shop\",\"item\":\"https:\/\/www.sestogrado.it\/en\/shop\/\"},{\"@type\":\"ListItem\",\"position\":3,\"name\":\"Black Diamond Midweight Softshell guanti multiuso per outdoor\"}]},{\"@type\":\"WebSite\",\"@id\":\"https:\/\/www.sestogrado.it\/en\/#website\",\"url\":\"https:\/\/www.sestogrado.it\/en\/\",\"name\":\"Sestogrado\",\"description\":\"yes we climb\",\"publisher\":{\"@id\":\"https:\/\/www.sestogrado.it\/en\/#organization\"},\"potentialAction\":[{\"@type\":\"SearchAction\",\"target\":{\"@type\":\"EntryPoint\",\"urlTemplate\":\"https:\/\/www.sestogrado.it\/en\/?s={search_term_string}\"},\"query-input\":{\"@type\":\"PropertyValueSpecification\",\"valueRequired\":true,\"valueName\":\"search_term_string\"}}],\"inLanguage\":\"en-US\"},{\"@type\":\"Organization\",\"@id\":\"https:\/\/www.sestogrado.it\/en\/#organization\",\"name\":\"Sestogrado\",\"url\":\"https:\/\/www.sestogrado.it\/en\/\",\"logo\":{\"@type\":\"ImageObject\",\"inLanguage\":\"en-US\",\"@id\":\"https:\/\/www.sestogrado.it\/en\/#\/schema\/logo\/image\/\",\"url\":\"https:\/\/www.sestogrado.it\/wp-content\/uploads\/2015\/03\/sestogrado-favicon.png\",\"contentUrl\":\"https:\/\/www.sestogrado.it\/wp-content\/uploads\/2015\/03\/sestogrado-favicon.png\",\"width\":260,\"height\":260,\"caption\":\"Sestogrado\"},\"image\":{\"@id\":\"https:\/\/www.sestogrado.it\/en\/#\/schema\/logo\/image\/\"},\"sameAs\":[\"https:\/\/www.facebook.com\/pages\/Sestogrado\/1542635979353017?ref=bookmarks\",\"https:\/\/www.youtube.com\/channel\/UC847kAfTkaJsWpc1jtQwr3Q\"],\"hasMerchantReturnPolicy\":{\"@type\":\"MerchantReturnPolicy\",\"merchantReturnLink\":\"https:\/\/www.sestogrado.it\/en\/termini-e-condizioni\/\"}}]}<\/script>\n<meta property=\"product:brand\" content=\"Black Diamond\" \/>\n<meta property=\"og:availability\" content=\"instock\" \/>\n<meta property=\"product:availability\" content=\"instock\" \/>\n<meta property=\"product:condition\" content=\"new\" \/>\n<!-- \/ Yoast SEO plugin. -->","yoast_head_json":{"title":"Black Diamond Midweight Softshell outdoor gloves - Sestogrado","description":"I Black Diamond Midweight Softshell sono dei guanti elastici, traspiranti e altamente resistenti agli eventi atmosferici, perfetti per le attivit\u00e0 outdoor pi\u00f9 svariate. Perfetti per escursioni sciistiche primaverili, piste autunnali, escursioni in alta quota e altre attivit\u00e0 attive e fredde.La comodit\u00e0 dei Midweight Softshell \u00e8 che sono realizzati in un tessuto softshell resistente, elastico e traspirante, che li rende ideali per attivit\u00e0 ad alte prestazioni in condizioni miti. I guanti Black Diamond MidWeight Softshell offrono una protezione dinamica e traspirante durante lo sci alpinismo, l'arrampicata, ferrate o escursionismo. Il palmo della mano e l'interno delle dita realizzati in pelle di capra offre un eccezionale grip e tenuta su attrezzatura come piccozze o bastoncini, ed offrono una presa sicura sui fittoni in acciaio. Comodi polsini in neoprene foderati in pile isolano dal vento e dal freddo e facilitano l'indossabilit\u00e0. Le dita sono touch e consentono l'utilizzo di dispositivi come smartphone e tablet.","robots":{"index":"index","follow":"follow","max-snippet":"max-snippet:-1","max-image-preview":"max-image-preview:large","max-video-preview":"max-video-preview:-1"},"canonical":"https:\/\/www.sestogrado.it\/en\/prodotto\/black-diamond-midweight-softshell-guanti-multiuso-per-outdoor\/","og_locale":"en_US","og_type":"article","og_title":"Black Diamond Midweight Softshell outdoor gloves - Sestogrado","og_description":"I Black Diamond Midweight Softshell sono dei guanti elastici, traspiranti e altamente resistenti agli eventi atmosferici, perfetti per le attivit\u00e0 outdoor pi\u00f9 svariate. Perfetti per escursioni sciistiche primaverili, piste autunnali, escursioni in alta quota e altre attivit\u00e0 attive e fredde.La comodit\u00e0 dei Midweight Softshell \u00e8 che sono realizzati in un tessuto softshell resistente, elastico e traspirante, che li rende ideali per attivit\u00e0 ad alte prestazioni in condizioni miti. I guanti Black Diamond MidWeight Softshell offrono una protezione dinamica e traspirante durante lo sci alpinismo, l'arrampicata, ferrate o escursionismo. Il palmo della mano e l'interno delle dita realizzati in pelle di capra offre un eccezionale grip e tenuta su attrezzatura come piccozze o bastoncini, ed offrono una presa sicura sui fittoni in acciaio. Comodi polsini in neoprene foderati in pile isolano dal vento e dal freddo e facilitano l'indossabilit\u00e0. Le dita sono touch e consentono l'utilizzo di dispositivi come smartphone e tablet.","og_url":"https:\/\/www.sestogrado.it\/en\/prodotto\/black-diamond-midweight-softshell-guanti-multiuso-per-outdoor\/","og_site_name":"Sestogrado","article_publisher":"https:\/\/www.facebook.com\/pages\/Sestogrado\/1542635979353017?ref=bookmarks","article_modified_time":"2026-03-30T10:02:08+00:00","og_image":[{"width":1100,"height":1100,"url":"https:\/\/www.sestogrado.it\/wp-content\/uploads\/2020\/01\/01-6.jpg","type":"image\/jpeg"}],"twitter_misc":{"Availability":"In stock"},"schema":{"@context":"https:\/\/schema.org","@graph":[{"@type":"WebPage","@id":"https:\/\/www.sestogrado.it\/en\/prodotto\/black-diamond-midweight-softshell-guanti-multiuso-per-outdoor\/","url":"https:\/\/www.sestogrado.it\/en\/prodotto\/black-diamond-midweight-softshell-guanti-multiuso-per-outdoor\/","name":"Black Diamond Midweight Softshell outdoor gloves - Sestogrado","isPartOf":{"@id":"https:\/\/www.sestogrado.it\/en\/#website"},"primaryImageOfPage":{"@id":"https:\/\/www.sestogrado.it\/en\/prodotto\/black-diamond-midweight-softshell-guanti-multiuso-per-outdoor\/#primaryimage"},"image":{"@id":"https:\/\/www.sestogrado.it\/prodotto\/black-diamond-midweight-softshell-guanti-multiuso-per-outdoor\/#primaryimage"},"thumbnailUrl":"https:\/\/www.sestogrado.it\/wp-content\/uploads\/2020\/01\/01-6.jpg","datePublished":"2020-02-03T14:53:30+00:00","dateModified":"2026-03-30T10:02:08+00:00","description":"I Black Diamond Midweight Softshell sono dei guanti elastici, traspiranti e altamente resistenti agli eventi atmosferici, perfetti per le attivit\u00e0 outdoor pi\u00f9 svariate. Perfetti per escursioni sciistiche primaverili, piste autunnali, escursioni in alta quota e altre attivit\u00e0 attive e fredde.La comodit\u00e0 dei Midweight Softshell \u00e8 che sono realizzati in un tessuto softshell resistente, elastico e traspirante, che li rende ideali per attivit\u00e0 ad alte prestazioni in condizioni miti. I guanti Black Diamond MidWeight Softshell offrono una protezione dinamica e traspirante durante lo sci alpinismo, l'arrampicata, ferrate o escursionismo. Il palmo della mano e l'interno delle dita realizzati in pelle di capra offre un eccezionale grip e tenuta su attrezzatura come piccozze o bastoncini, ed offrono una presa sicura sui fittoni in acciaio. Comodi polsini in neoprene foderati in pile isolano dal vento e dal freddo e facilitano l'indossabilit\u00e0. Le dita sono touch e consentono l'utilizzo di dispositivi come smartphone e tablet.","breadcrumb":{"@id":"https:\/\/www.sestogrado.it\/en\/prodotto\/black-diamond-midweight-softshell-guanti-multiuso-per-outdoor\/#breadcrumb"},"inLanguage":"en-US","potentialAction":[{"@type":"ReadAction","target":[["https:\/\/www.sestogrado.it\/en\/prodotto\/black-diamond-midweight-softshell-guanti-multiuso-per-outdoor\/"]]}]},{"@type":"ImageObject","inLanguage":"en-US","@id":"https:\/\/www.sestogrado.it\/en\/prodotto\/black-diamond-midweight-softshell-guanti-multiuso-per-outdoor\/#primaryimage","url":"https:\/\/www.sestogrado.it\/wp-content\/uploads\/2020\/01\/01-6.jpg","contentUrl":"https:\/\/www.sestogrado.it\/wp-content\/uploads\/2020\/01\/01-6.jpg","width":1100,"height":1100,"caption":"black diamond midweight softshell"},{"@type":"BreadcrumbList","@id":"https:\/\/www.sestogrado.it\/en\/prodotto\/black-diamond-midweight-softshell-guanti-multiuso-per-outdoor\/#breadcrumb","itemListElement":[{"@type":"ListItem","position":1,"name":"Home","item":"https:\/\/www.sestogrado.it\/en\/"},{"@type":"ListItem","position":2,"name":"Shop","item":"https:\/\/www.sestogrado.it\/en\/shop\/"},{"@type":"ListItem","position":3,"name":"Black Diamond Midweight Softshell guanti multiuso per outdoor"}]},{"@type":"WebSite","@id":"https:\/\/www.sestogrado.it\/en\/#website","url":"https:\/\/www.sestogrado.it\/en\/","name":"Sestogrado","description":"yes we climb","publisher":{"@id":"https:\/\/www.sestogrado.it\/en\/#organization"},"potentialAction":[{"@type":"SearchAction","target":{"@type":"EntryPoint","urlTemplate":"https:\/\/www.sestogrado.it\/en\/?s={search_term_string}"},"query-input":{"@type":"PropertyValueSpecification","valueRequired":true,"valueName":"search_term_string"}}],"inLanguage":"en-US"},{"@type":"Organization","@id":"https:\/\/www.sestogrado.it\/en\/#organization","name":"Sestogrado","url":"https:\/\/www.sestogrado.it\/en\/","logo":{"@type":"ImageObject","inLanguage":"en-US","@id":"https:\/\/www.sestogrado.it\/en\/#\/schema\/logo\/image\/","url":"https:\/\/www.sestogrado.it\/wp-content\/uploads\/2015\/03\/sestogrado-favicon.png","contentUrl":"https:\/\/www.sestogrado.it\/wp-content\/uploads\/2015\/03\/sestogrado-favicon.png","width":260,"height":260,"caption":"Sestogrado"},"image":{"@id":"https:\/\/www.sestogrado.it\/en\/#\/schema\/logo\/image\/"},"sameAs":["https:\/\/www.facebook.com\/pages\/Sestogrado\/1542635979353017?ref=bookmarks","https:\/\/www.youtube.com\/channel\/UC847kAfTkaJsWpc1jtQwr3Q"],"hasMerchantReturnPolicy":{"@type":"MerchantReturnPolicy","merchantReturnLink":"https:\/\/www.sestogrado.it\/en\/termini-e-condizioni\/"}}]},"product_brand":"Black Diamond","og_availability":"instock","product_availability":"instock","product_condition":"new"},"_links":{"self":[{"href":"https:\/\/www.sestogrado.it\/en\/wp-json\/wp\/v2\/product\/27275","targetHints":{"allow":["GET"]}}],"collection":[{"href":"https:\/\/www.sestogrado.it\/en\/wp-json\/wp\/v2\/product"}],"about":[{"href":"https:\/\/www.sestogrado.it\/en\/wp-json\/wp\/v2\/types\/product"}],"replies":[{"embeddable":true,"href":"https:\/\/www.sestogrado.it\/en\/wp-json\/wp\/v2\/comments?post=27275"}],"wp:featuredmedia":[{"embeddable":true,"href":"https:\/\/www.sestogrado.it\/en\/wp-json\/wp\/v2\/media\/27281"}],"wp:attachment":[{"href":"https:\/\/www.sestogrado.it\/en\/wp-json\/wp\/v2\/media?parent=27275"}],"wp:term":[{"taxonomy":"product_brand","embeddable":true,"href":"https:\/\/www.sestogrado.it\/en\/wp-json\/wp\/v2\/product_brand?post=27275"},{"taxonomy":"product_cat","embeddable":true,"href":"https:\/\/www.sestogrado.it\/en\/wp-json\/wp\/v2\/product_cat?post=27275"},{"taxonomy":"product_tag","embeddable":true,"href":"https:\/\/www.sestogrado.it\/en\/wp-json\/wp\/v2\/product_tag?post=27275"}],"curies":[{"name":"wp","href":"https:\/\/api.w.org\/{rel}","templated":true}]}}