{"id":26531,"date":"2020-01-15T14:41:14","date_gmt":"2020-01-15T13:41:14","guid":{"rendered":"https:\/\/www.sestogrado.it\/?post_type=product&#038;p=26531"},"modified":"2026-02-27T14:25:38","modified_gmt":"2026-02-27T13:25:38","slug":"ferrino-cervino-ghette-neve-ghiaccio-alpinismo","status":"publish","type":"product","link":"https:\/\/www.sestogrado.it\/en\/prodotto\/ferrino-cervino-ghette-neve-ghiaccio-alpinismo\/","title":{"rendered":"Ferrino Cervino gaiters"},"content":{"rendered":"<p><strong>Cervino is a technical mountaineering, winter trekking, and snowshoeing gaiter in waterproof \u201cSupertex\u201d fabric with one-touch adjustment\/closure<\/strong><br \/>\nThe main characteristics of this item are:<\/p>\n<ul>\n<li>Slim<strong>\u00a0design<\/strong><\/li>\n<li>\u201c<strong>Supertex\u201d fabric<\/strong>: tear- and abrasion-proof, as well as waterproof to snow and rain<\/li>\n<li><strong>Replaceable foot strap in <\/strong><strong>Reinforced laminated Fabric,<\/strong> resistant to tearing and abrasions<\/li>\n<li><strong>Side opening\u00a0<\/strong>with Velcro and press studs<\/li>\n<li><strong>Top adjustment with elastic\u00a0<\/strong>and rapid &#8220;One touch\u201d closure<\/li>\n<\/ul>\n<p>&nbsp;<\/p>\n<p><strong>Supertex fabric<\/strong>: extremely hardwearing polyester fibre and PVC made with a coating process where liquid PVC penetrates deep down through the polyester fibre to the smallest zones, creating a strong adhesive bond with the whole surface of the fabric. The results are a high robustness and non deformability.<\/p>","protected":false},"excerpt":{"rendered":"<p>Cervino is a technical mountaineering, winter trekking, and snowshoeing gaiter in waterproof \u201cSupertex\u201d fabric with one-touch adjustment\/closure The main characteristics [&hellip;]<\/p>\n","protected":false},"featured_media":27945,"comment_status":"open","ping_status":"closed","template":"","meta":{"_acf_changed":false},"product_brand":[614],"product_cat":[711],"product_tag":[],"class_list":{"0":"post-26531","1":"product","2":"type-product","3":"status-publish","4":"has-post-thumbnail","6":"product_brand-ferrino","7":"product_cat-ciaspole-e-ghette","9":"first","10":"instock","11":"sale","12":"taxable","13":"shipping-taxable","14":"purchasable","15":"product-type-variable"},"acf":[],"yoast_head":"<!-- This site is optimized with the Yoast SEO plugin v26.4 - https:\/\/yoast.com\/wordpress\/plugins\/seo\/ -->\n<title>Ferrino Cervino gaiters - Sestogrado<\/title>\n<meta name=\"description\" content=\"Le Ferrino Cervino sono delle ghette, fornite in coppia, dedicate ad alpinismo, escursionismo invernale e ciaspole. Sono delle ghette tecniche completamente impermeabili, realizzate in tessuto \u201cSupertex\u201d con regolazione e chiusura rapida. Tessuto Supertex: fibra di poliestere e PVC estremamente robusto, prodotto tramite un processo di rivestimento in cui il PVC liquido penetra intensamente attraverso la fibra di poliestere fin nelle zone pi\u00f9 piccole creando cos\u00ec un forte legame adesivo per tutta la superficie del tessuto. Le conseguenze sono elevata robustezza e indeformabilit\u00e0.Le Ferrino Cervino sono ghette a taglia unica, fornite in coppia, dalla pratica regolazione. Totalmente impermeabili per neve, ghiaccio, alpinismo.\" \/>\n<meta name=\"robots\" content=\"index, follow, max-snippet:-1, max-image-preview:large, max-video-preview:-1\" \/>\n<link rel=\"canonical\" href=\"https:\/\/www.sestogrado.it\/en\/prodotto\/ferrino-cervino-ghette-neve-ghiaccio-alpinismo\/\" \/>\n<meta property=\"og:locale\" content=\"en_US\" \/>\n<meta property=\"og:type\" content=\"article\" \/>\n<meta property=\"og:title\" content=\"Ferrino Cervino gaiters - Sestogrado\" \/>\n<meta property=\"og:description\" content=\"Le Ferrino Cervino sono delle ghette, fornite in coppia, dedicate ad alpinismo, escursionismo invernale e ciaspole. Sono delle ghette tecniche completamente impermeabili, realizzate in tessuto \u201cSupertex\u201d con regolazione e chiusura rapida. Tessuto Supertex: fibra di poliestere e PVC estremamente robusto, prodotto tramite un processo di rivestimento in cui il PVC liquido penetra intensamente attraverso la fibra di poliestere fin nelle zone pi\u00f9 piccole creando cos\u00ec un forte legame adesivo per tutta la superficie del tessuto. Le conseguenze sono elevata robustezza e indeformabilit\u00e0.Le Ferrino Cervino sono ghette a taglia unica, fornite in coppia, dalla pratica regolazione. Totalmente impermeabili per neve, ghiaccio, alpinismo.\" \/>\n<meta property=\"og:url\" content=\"https:\/\/www.sestogrado.it\/en\/prodotto\/ferrino-cervino-ghette-neve-ghiaccio-alpinismo\/\" \/>\n<meta property=\"og:site_name\" content=\"Sestogrado\" \/>\n<meta property=\"article:publisher\" content=\"https:\/\/www.facebook.com\/pages\/Sestogrado\/1542635979353017?ref=bookmarks\" \/>\n<meta property=\"article:modified_time\" content=\"2026-02-27T13:25:38+00:00\" \/>\n<meta property=\"og:image\" content=\"https:\/\/www.sestogrado.it\/wp-content\/uploads\/2020\/01\/01-7.jpg\" \/>\n\t<meta property=\"og:image:width\" content=\"1333\" \/>\n\t<meta property=\"og:image:height\" content=\"1333\" \/>\n\t<meta property=\"og:image:type\" content=\"image\/jpeg\" \/>\n<meta name=\"twitter:label1\" content=\"Availability\" \/>\n\t<meta name=\"twitter:data1\" content=\"In stock\" \/>\n<script type=\"application\/ld+json\" class=\"yoast-schema-graph\">{\"@context\":\"https:\/\/schema.org\",\"@graph\":[{\"@type\":\"WebPage\",\"@id\":\"https:\/\/www.sestogrado.it\/en\/prodotto\/ferrino-cervino-ghette-neve-ghiaccio-alpinismo\/\",\"url\":\"https:\/\/www.sestogrado.it\/en\/prodotto\/ferrino-cervino-ghette-neve-ghiaccio-alpinismo\/\",\"name\":\"Ferrino Cervino gaiters - Sestogrado\",\"isPartOf\":{\"@id\":\"https:\/\/www.sestogrado.it\/en\/#website\"},\"primaryImageOfPage\":{\"@id\":\"https:\/\/www.sestogrado.it\/en\/prodotto\/ferrino-cervino-ghette-neve-ghiaccio-alpinismo\/#primaryimage\"},\"image\":{\"@id\":\"https:\/\/www.sestogrado.it\/prodotto\/ferrino-cervino-ghette-neve-ghiaccio-alpinismo\/#primaryimage\"},\"thumbnailUrl\":\"https:\/\/www.sestogrado.it\/wp-content\/uploads\/2020\/01\/01-7.jpg\",\"datePublished\":\"2020-01-15T13:41:14+00:00\",\"dateModified\":\"2026-02-27T13:25:38+00:00\",\"description\":\"Le Ferrino Cervino sono delle ghette, fornite in coppia, dedicate ad alpinismo, escursionismo invernale e ciaspole. Sono delle ghette tecniche completamente impermeabili, realizzate in tessuto \u201cSupertex\u201d con regolazione e chiusura rapida. Tessuto Supertex: fibra di poliestere e PVC estremamente robusto, prodotto tramite un processo di rivestimento in cui il PVC liquido penetra intensamente attraverso la fibra di poliestere fin nelle zone pi\u00f9 piccole creando cos\u00ec un forte legame adesivo per tutta la superficie del tessuto. Le conseguenze sono elevata robustezza e indeformabilit\u00e0.Le Ferrino Cervino sono ghette a taglia unica, fornite in coppia, dalla pratica regolazione. Totalmente impermeabili per neve, ghiaccio, alpinismo.\",\"breadcrumb\":{\"@id\":\"https:\/\/www.sestogrado.it\/en\/prodotto\/ferrino-cervino-ghette-neve-ghiaccio-alpinismo\/#breadcrumb\"},\"inLanguage\":\"en-US\",\"potentialAction\":[{\"@type\":\"ReadAction\",\"target\":[[\"https:\/\/www.sestogrado.it\/en\/prodotto\/ferrino-cervino-ghette-neve-ghiaccio-alpinismo\/\"]]}]},{\"@type\":\"ImageObject\",\"inLanguage\":\"en-US\",\"@id\":\"https:\/\/www.sestogrado.it\/en\/prodotto\/ferrino-cervino-ghette-neve-ghiaccio-alpinismo\/#primaryimage\",\"url\":\"https:\/\/www.sestogrado.it\/wp-content\/uploads\/2020\/01\/01-7.jpg\",\"contentUrl\":\"https:\/\/www.sestogrado.it\/wp-content\/uploads\/2020\/01\/01-7.jpg\",\"width\":1333,\"height\":1333,\"caption\":\"cervino nero\"},{\"@type\":\"BreadcrumbList\",\"@id\":\"https:\/\/www.sestogrado.it\/en\/prodotto\/ferrino-cervino-ghette-neve-ghiaccio-alpinismo\/#breadcrumb\",\"itemListElement\":[{\"@type\":\"ListItem\",\"position\":1,\"name\":\"Home\",\"item\":\"https:\/\/www.sestogrado.it\/en\/\"},{\"@type\":\"ListItem\",\"position\":2,\"name\":\"Shop\",\"item\":\"https:\/\/www.sestogrado.it\/en\/shop\/\"},{\"@type\":\"ListItem\",\"position\":3,\"name\":\"Ferrino Cervino Ghette neve ghiaccio alpinismo\"}]},{\"@type\":\"WebSite\",\"@id\":\"https:\/\/www.sestogrado.it\/en\/#website\",\"url\":\"https:\/\/www.sestogrado.it\/en\/\",\"name\":\"Sestogrado\",\"description\":\"yes we climb\",\"publisher\":{\"@id\":\"https:\/\/www.sestogrado.it\/en\/#organization\"},\"potentialAction\":[{\"@type\":\"SearchAction\",\"target\":{\"@type\":\"EntryPoint\",\"urlTemplate\":\"https:\/\/www.sestogrado.it\/en\/?s={search_term_string}\"},\"query-input\":{\"@type\":\"PropertyValueSpecification\",\"valueRequired\":true,\"valueName\":\"search_term_string\"}}],\"inLanguage\":\"en-US\"},{\"@type\":\"Organization\",\"@id\":\"https:\/\/www.sestogrado.it\/en\/#organization\",\"name\":\"Sestogrado\",\"url\":\"https:\/\/www.sestogrado.it\/en\/\",\"logo\":{\"@type\":\"ImageObject\",\"inLanguage\":\"en-US\",\"@id\":\"https:\/\/www.sestogrado.it\/en\/#\/schema\/logo\/image\/\",\"url\":\"https:\/\/www.sestogrado.it\/wp-content\/uploads\/2015\/03\/sestogrado-favicon.png\",\"contentUrl\":\"https:\/\/www.sestogrado.it\/wp-content\/uploads\/2015\/03\/sestogrado-favicon.png\",\"width\":260,\"height\":260,\"caption\":\"Sestogrado\"},\"image\":{\"@id\":\"https:\/\/www.sestogrado.it\/en\/#\/schema\/logo\/image\/\"},\"sameAs\":[\"https:\/\/www.facebook.com\/pages\/Sestogrado\/1542635979353017?ref=bookmarks\",\"https:\/\/www.youtube.com\/channel\/UC847kAfTkaJsWpc1jtQwr3Q\"],\"hasMerchantReturnPolicy\":{\"@type\":\"MerchantReturnPolicy\",\"merchantReturnLink\":\"https:\/\/www.sestogrado.it\/en\/termini-e-condizioni\/\"}}]}<\/script>\n<meta property=\"product:brand\" content=\"Ferrino\" \/>\n<meta property=\"og:availability\" content=\"instock\" \/>\n<meta property=\"product:availability\" content=\"instock\" \/>\n<meta property=\"product:condition\" content=\"new\" \/>\n<!-- \/ Yoast SEO plugin. -->","yoast_head_json":{"title":"Ferrino Cervino gaiters - Sestogrado","description":"Le Ferrino Cervino sono delle ghette, fornite in coppia, dedicate ad alpinismo, escursionismo invernale e ciaspole. Sono delle ghette tecniche completamente impermeabili, realizzate in tessuto \u201cSupertex\u201d con regolazione e chiusura rapida. Tessuto Supertex: fibra di poliestere e PVC estremamente robusto, prodotto tramite un processo di rivestimento in cui il PVC liquido penetra intensamente attraverso la fibra di poliestere fin nelle zone pi\u00f9 piccole creando cos\u00ec un forte legame adesivo per tutta la superficie del tessuto. Le conseguenze sono elevata robustezza e indeformabilit\u00e0.Le Ferrino Cervino sono ghette a taglia unica, fornite in coppia, dalla pratica regolazione. Totalmente impermeabili per neve, ghiaccio, alpinismo.","robots":{"index":"index","follow":"follow","max-snippet":"max-snippet:-1","max-image-preview":"max-image-preview:large","max-video-preview":"max-video-preview:-1"},"canonical":"https:\/\/www.sestogrado.it\/en\/prodotto\/ferrino-cervino-ghette-neve-ghiaccio-alpinismo\/","og_locale":"en_US","og_type":"article","og_title":"Ferrino Cervino gaiters - Sestogrado","og_description":"Le Ferrino Cervino sono delle ghette, fornite in coppia, dedicate ad alpinismo, escursionismo invernale e ciaspole. Sono delle ghette tecniche completamente impermeabili, realizzate in tessuto \u201cSupertex\u201d con regolazione e chiusura rapida. Tessuto Supertex: fibra di poliestere e PVC estremamente robusto, prodotto tramite un processo di rivestimento in cui il PVC liquido penetra intensamente attraverso la fibra di poliestere fin nelle zone pi\u00f9 piccole creando cos\u00ec un forte legame adesivo per tutta la superficie del tessuto. Le conseguenze sono elevata robustezza e indeformabilit\u00e0.Le Ferrino Cervino sono ghette a taglia unica, fornite in coppia, dalla pratica regolazione. Totalmente impermeabili per neve, ghiaccio, alpinismo.","og_url":"https:\/\/www.sestogrado.it\/en\/prodotto\/ferrino-cervino-ghette-neve-ghiaccio-alpinismo\/","og_site_name":"Sestogrado","article_publisher":"https:\/\/www.facebook.com\/pages\/Sestogrado\/1542635979353017?ref=bookmarks","article_modified_time":"2026-02-27T13:25:38+00:00","og_image":[{"width":1333,"height":1333,"url":"https:\/\/www.sestogrado.it\/wp-content\/uploads\/2020\/01\/01-7.jpg","type":"image\/jpeg"}],"twitter_misc":{"Availability":"In stock"},"schema":{"@context":"https:\/\/schema.org","@graph":[{"@type":"WebPage","@id":"https:\/\/www.sestogrado.it\/en\/prodotto\/ferrino-cervino-ghette-neve-ghiaccio-alpinismo\/","url":"https:\/\/www.sestogrado.it\/en\/prodotto\/ferrino-cervino-ghette-neve-ghiaccio-alpinismo\/","name":"Ferrino Cervino gaiters - Sestogrado","isPartOf":{"@id":"https:\/\/www.sestogrado.it\/en\/#website"},"primaryImageOfPage":{"@id":"https:\/\/www.sestogrado.it\/en\/prodotto\/ferrino-cervino-ghette-neve-ghiaccio-alpinismo\/#primaryimage"},"image":{"@id":"https:\/\/www.sestogrado.it\/prodotto\/ferrino-cervino-ghette-neve-ghiaccio-alpinismo\/#primaryimage"},"thumbnailUrl":"https:\/\/www.sestogrado.it\/wp-content\/uploads\/2020\/01\/01-7.jpg","datePublished":"2020-01-15T13:41:14+00:00","dateModified":"2026-02-27T13:25:38+00:00","description":"Le Ferrino Cervino sono delle ghette, fornite in coppia, dedicate ad alpinismo, escursionismo invernale e ciaspole. Sono delle ghette tecniche completamente impermeabili, realizzate in tessuto \u201cSupertex\u201d con regolazione e chiusura rapida. Tessuto Supertex: fibra di poliestere e PVC estremamente robusto, prodotto tramite un processo di rivestimento in cui il PVC liquido penetra intensamente attraverso la fibra di poliestere fin nelle zone pi\u00f9 piccole creando cos\u00ec un forte legame adesivo per tutta la superficie del tessuto. Le conseguenze sono elevata robustezza e indeformabilit\u00e0.Le Ferrino Cervino sono ghette a taglia unica, fornite in coppia, dalla pratica regolazione. Totalmente impermeabili per neve, ghiaccio, alpinismo.","breadcrumb":{"@id":"https:\/\/www.sestogrado.it\/en\/prodotto\/ferrino-cervino-ghette-neve-ghiaccio-alpinismo\/#breadcrumb"},"inLanguage":"en-US","potentialAction":[{"@type":"ReadAction","target":[["https:\/\/www.sestogrado.it\/en\/prodotto\/ferrino-cervino-ghette-neve-ghiaccio-alpinismo\/"]]}]},{"@type":"ImageObject","inLanguage":"en-US","@id":"https:\/\/www.sestogrado.it\/en\/prodotto\/ferrino-cervino-ghette-neve-ghiaccio-alpinismo\/#primaryimage","url":"https:\/\/www.sestogrado.it\/wp-content\/uploads\/2020\/01\/01-7.jpg","contentUrl":"https:\/\/www.sestogrado.it\/wp-content\/uploads\/2020\/01\/01-7.jpg","width":1333,"height":1333,"caption":"cervino nero"},{"@type":"BreadcrumbList","@id":"https:\/\/www.sestogrado.it\/en\/prodotto\/ferrino-cervino-ghette-neve-ghiaccio-alpinismo\/#breadcrumb","itemListElement":[{"@type":"ListItem","position":1,"name":"Home","item":"https:\/\/www.sestogrado.it\/en\/"},{"@type":"ListItem","position":2,"name":"Shop","item":"https:\/\/www.sestogrado.it\/en\/shop\/"},{"@type":"ListItem","position":3,"name":"Ferrino Cervino Ghette neve ghiaccio alpinismo"}]},{"@type":"WebSite","@id":"https:\/\/www.sestogrado.it\/en\/#website","url":"https:\/\/www.sestogrado.it\/en\/","name":"Sestogrado","description":"yes we climb","publisher":{"@id":"https:\/\/www.sestogrado.it\/en\/#organization"},"potentialAction":[{"@type":"SearchAction","target":{"@type":"EntryPoint","urlTemplate":"https:\/\/www.sestogrado.it\/en\/?s={search_term_string}"},"query-input":{"@type":"PropertyValueSpecification","valueRequired":true,"valueName":"search_term_string"}}],"inLanguage":"en-US"},{"@type":"Organization","@id":"https:\/\/www.sestogrado.it\/en\/#organization","name":"Sestogrado","url":"https:\/\/www.sestogrado.it\/en\/","logo":{"@type":"ImageObject","inLanguage":"en-US","@id":"https:\/\/www.sestogrado.it\/en\/#\/schema\/logo\/image\/","url":"https:\/\/www.sestogrado.it\/wp-content\/uploads\/2015\/03\/sestogrado-favicon.png","contentUrl":"https:\/\/www.sestogrado.it\/wp-content\/uploads\/2015\/03\/sestogrado-favicon.png","width":260,"height":260,"caption":"Sestogrado"},"image":{"@id":"https:\/\/www.sestogrado.it\/en\/#\/schema\/logo\/image\/"},"sameAs":["https:\/\/www.facebook.com\/pages\/Sestogrado\/1542635979353017?ref=bookmarks","https:\/\/www.youtube.com\/channel\/UC847kAfTkaJsWpc1jtQwr3Q"],"hasMerchantReturnPolicy":{"@type":"MerchantReturnPolicy","merchantReturnLink":"https:\/\/www.sestogrado.it\/en\/termini-e-condizioni\/"}}]},"product_brand":"Ferrino","og_availability":"instock","product_availability":"instock","product_condition":"new"},"_links":{"self":[{"href":"https:\/\/www.sestogrado.it\/en\/wp-json\/wp\/v2\/product\/26531","targetHints":{"allow":["GET"]}}],"collection":[{"href":"https:\/\/www.sestogrado.it\/en\/wp-json\/wp\/v2\/product"}],"about":[{"href":"https:\/\/www.sestogrado.it\/en\/wp-json\/wp\/v2\/types\/product"}],"replies":[{"embeddable":true,"href":"https:\/\/www.sestogrado.it\/en\/wp-json\/wp\/v2\/comments?post=26531"}],"wp:featuredmedia":[{"embeddable":true,"href":"https:\/\/www.sestogrado.it\/en\/wp-json\/wp\/v2\/media\/27945"}],"wp:attachment":[{"href":"https:\/\/www.sestogrado.it\/en\/wp-json\/wp\/v2\/media?parent=26531"}],"wp:term":[{"taxonomy":"product_brand","embeddable":true,"href":"https:\/\/www.sestogrado.it\/en\/wp-json\/wp\/v2\/product_brand?post=26531"},{"taxonomy":"product_cat","embeddable":true,"href":"https:\/\/www.sestogrado.it\/en\/wp-json\/wp\/v2\/product_cat?post=26531"},{"taxonomy":"product_tag","embeddable":true,"href":"https:\/\/www.sestogrado.it\/en\/wp-json\/wp\/v2\/product_tag?post=26531"}],"curies":[{"name":"wp","href":"https:\/\/api.w.org\/{rel}","templated":true}]}}