{"id":26449,"date":"2025-05-16T08:05:51","date_gmt":"2025-05-16T06:05:51","guid":{"rendered":"https:\/\/www.sestogrado.it\/?post_type=product&#038;p=26449"},"modified":"2026-05-10T13:47:01","modified_gmt":"2026-05-10T11:47:01","slug":"ferrino-lightec-sm-1100-saccoletto-sintetico","status":"publish","type":"product","link":"https:\/\/www.sestogrado.it\/en\/prodotto\/ferrino-lightec-sm-1100-saccoletto-sintetico\/","title":{"rendered":"Ferrino Lightec SM 1100 sleepingbag"},"content":{"rendered":"<p>Lightec SM 1100 (shingle) is the top-performance sleeping bag from the Lightex line. It is ideal for long backpacking adventures or heavy-duty trekking or mountaineering, since it guarantees excellent heat performance with extremely reduced weight and size.\u00a0Why buy this sleeping bag?<\/p>\n<ul>\n<li>it\u2019s ultra light\u00a0(just 1100 grams) and\u00a0compact in size\u00a0(18&#215;30 cm)<\/li>\n<li>excellent warmth\u00a0(minimum temperature -20\u00b0C)<\/li>\n<li>the \u201cshingle\u201d construction of the filling\u00a0guarantees greater heat insulation while taking up very little space<\/li>\n<\/ul>\n<p>&nbsp;<\/p>\n<ul>\n<li>Shell:\u00a0100% 260T Ripstop PolyesterLiner:\u00a0100% Polyester\u00a0Filling:\u00a0120- 60 g\/m2 H.T.F. Compact<\/li>\n<li>Shape:\u00a0mummy bag<\/li>\n<li>Thermal comfort\u00a0-3\u00b0C (man)<\/li>\n<li>Filling with \u201cshingle-tile&#8221; construction, for greater heat insulation while taking up very little space<\/li>\n<li>Excellent warmth thanks to the synthetic \u201cHTF Compact\u201d filling\u00a0(minimum temperature -20\u00b0C)<\/li>\n<li>Easier opening with the \u201cOne Touch\u201d system\u00a0to open and close the hood from inside the bag, using just one hand<\/li>\n<li>Cold protection hood<\/li>\n<li>2-way zipper, to open the bottom of the sleeping bag, regulating internal temperature<\/li>\n<li>Zip baffle<\/li>\n<li>Stuff sack included<\/li>\n<\/ul>\n<p><\/p>","protected":false},"excerpt":{"rendered":"<p>Lightec SM 1100 (shingle) is the top-performance sleeping bag from the Lightex line. It is ideal for long backpacking adventures [&hellip;]<\/p>\n","protected":false},"featured_media":191634,"comment_status":"open","ping_status":"closed","template":"","meta":{"_acf_changed":false},"product_brand":[614],"product_cat":[577],"product_tag":[],"class_list":{"0":"post-26449","1":"product","2":"type-product","3":"status-publish","4":"has-post-thumbnail","6":"product_brand-ferrino","7":"product_cat-sacchi-a-pelo","9":"first","10":"instock","11":"sale","12":"taxable","13":"shipping-taxable","14":"purchasable","15":"product-type-simple"},"acf":[],"yoast_head":"<!-- This site is optimized with the Yoast SEO plugin v26.4 - https:\/\/yoast.com\/wordpress\/plugins\/seo\/ -->\n<title>Ferrino Lightec SM 1100 sleepingbag - Sestogrado<\/title>\n<meta name=\"description\" content=\"Il Ferrino Lightec SM 1100 \u00e8 un saccoletto al top di gamma nella categoria sintetici, sacchi a pelo dalla elevata termicit\u00e0 con dimensioni estremamente ridotte. Il Ferrino Lightec SM 1100 \u00e8 ideale\u00a0ideale per lunghi viaggi avventura &quot;zaino in spalla&quot;, trekking impegnativi o alpinismo, poich\u00e8 garantisce ottime prestazioni termiche a fronte di peso e dimensioni ridotte.\" \/>\n<meta name=\"robots\" content=\"index, follow, max-snippet:-1, max-image-preview:large, max-video-preview:-1\" \/>\n<link rel=\"canonical\" href=\"https:\/\/www.sestogrado.it\/en\/prodotto\/ferrino-lightec-sm-1100-saccoletto-sintetico\/\" \/>\n<meta property=\"og:locale\" content=\"en_US\" \/>\n<meta property=\"og:type\" content=\"article\" \/>\n<meta property=\"og:title\" content=\"Ferrino Lightec SM 1100 sleepingbag - Sestogrado\" \/>\n<meta property=\"og:description\" content=\"Il Ferrino Lightec SM 1100 \u00e8 un saccoletto al top di gamma nella categoria sintetici, sacchi a pelo dalla elevata termicit\u00e0 con dimensioni estremamente ridotte. Il Ferrino Lightec SM 1100 \u00e8 ideale\u00a0ideale per lunghi viaggi avventura &quot;zaino in spalla&quot;, trekking impegnativi o alpinismo, poich\u00e8 garantisce ottime prestazioni termiche a fronte di peso e dimensioni ridotte.\" \/>\n<meta property=\"og:url\" content=\"https:\/\/www.sestogrado.it\/en\/prodotto\/ferrino-lightec-sm-1100-saccoletto-sintetico\/\" \/>\n<meta property=\"og:site_name\" content=\"Sestogrado\" \/>\n<meta property=\"article:publisher\" content=\"https:\/\/www.facebook.com\/pages\/Sestogrado\/1542635979353017?ref=bookmarks\" \/>\n<meta property=\"article:modified_time\" content=\"2026-05-10T11:47:01+00:00\" \/>\n<meta property=\"og:image\" content=\"https:\/\/www.sestogrado.it\/wp-content\/uploads\/2023\/07\/01-3.jpg\" \/>\n\t<meta property=\"og:image:width\" content=\"2000\" \/>\n\t<meta property=\"og:image:height\" content=\"2000\" \/>\n\t<meta property=\"og:image:type\" content=\"image\/jpeg\" \/>\n<meta name=\"twitter:label1\" content=\"Price\" \/>\n\t<meta name=\"twitter:data1\" content=\"&euro;&nbsp;129,90\" \/>\n\t<meta name=\"twitter:label2\" content=\"Availability\" \/>\n\t<meta name=\"twitter:data2\" content=\"In stock\" \/>\n<script type=\"application\/ld+json\" class=\"yoast-schema-graph\">{\"@context\":\"https:\/\/schema.org\",\"@graph\":[{\"@type\":\"WebPage\",\"@id\":\"https:\/\/www.sestogrado.it\/en\/prodotto\/ferrino-lightec-sm-1100-saccoletto-sintetico\/\",\"url\":\"https:\/\/www.sestogrado.it\/en\/prodotto\/ferrino-lightec-sm-1100-saccoletto-sintetico\/\",\"name\":\"Ferrino Lightec SM 1100 sleepingbag - Sestogrado\",\"isPartOf\":{\"@id\":\"https:\/\/www.sestogrado.it\/en\/#website\"},\"primaryImageOfPage\":{\"@id\":\"https:\/\/www.sestogrado.it\/en\/prodotto\/ferrino-lightec-sm-1100-saccoletto-sintetico\/#primaryimage\"},\"image\":{\"@id\":\"https:\/\/www.sestogrado.it\/prodotto\/ferrino-lightec-sm-1100-saccoletto-sintetico\/#primaryimage\"},\"thumbnailUrl\":\"https:\/\/www.sestogrado.it\/wp-content\/uploads\/2023\/07\/01-3.jpg\",\"datePublished\":\"2025-05-16T06:05:51+00:00\",\"dateModified\":\"2026-05-10T11:47:01+00:00\",\"description\":\"Il Ferrino Lightec SM 1100 \u00e8 un saccoletto al top di gamma nella categoria sintetici, sacchi a pelo dalla elevata termicit\u00e0 con dimensioni estremamente ridotte. Il Ferrino Lightec SM 1100 \u00e8 ideale\u00a0ideale per lunghi viaggi avventura \\\"zaino in spalla\\\", trekking impegnativi o alpinismo, poich\u00e8 garantisce ottime prestazioni termiche a fronte di peso e dimensioni ridotte.\",\"breadcrumb\":{\"@id\":\"https:\/\/www.sestogrado.it\/en\/prodotto\/ferrino-lightec-sm-1100-saccoletto-sintetico\/#breadcrumb\"},\"inLanguage\":\"en-US\",\"potentialAction\":[{\"@type\":\"ReadAction\",\"target\":[[\"https:\/\/www.sestogrado.it\/en\/prodotto\/ferrino-lightec-sm-1100-saccoletto-sintetico\/\"]]}]},{\"@type\":\"ImageObject\",\"inLanguage\":\"en-US\",\"@id\":\"https:\/\/www.sestogrado.it\/en\/prodotto\/ferrino-lightec-sm-1100-saccoletto-sintetico\/#primaryimage\",\"url\":\"https:\/\/www.sestogrado.it\/wp-content\/uploads\/2023\/07\/01-3.jpg\",\"contentUrl\":\"https:\/\/www.sestogrado.it\/wp-content\/uploads\/2023\/07\/01-3.jpg\",\"width\":2000,\"height\":2000,\"caption\":\"sm 1100\"},{\"@type\":\"BreadcrumbList\",\"@id\":\"https:\/\/www.sestogrado.it\/en\/prodotto\/ferrino-lightec-sm-1100-saccoletto-sintetico\/#breadcrumb\",\"itemListElement\":[{\"@type\":\"ListItem\",\"position\":1,\"name\":\"Home\",\"item\":\"https:\/\/www.sestogrado.it\/en\/\"},{\"@type\":\"ListItem\",\"position\":2,\"name\":\"Shop\",\"item\":\"https:\/\/www.sestogrado.it\/en\/shop\/\"},{\"@type\":\"ListItem\",\"position\":3,\"name\":\"Ferrino Lightec SM 1100 saccoletto sintetico\"}]},{\"@type\":\"WebSite\",\"@id\":\"https:\/\/www.sestogrado.it\/en\/#website\",\"url\":\"https:\/\/www.sestogrado.it\/en\/\",\"name\":\"Sestogrado\",\"description\":\"yes we climb\",\"publisher\":{\"@id\":\"https:\/\/www.sestogrado.it\/en\/#organization\"},\"potentialAction\":[{\"@type\":\"SearchAction\",\"target\":{\"@type\":\"EntryPoint\",\"urlTemplate\":\"https:\/\/www.sestogrado.it\/en\/?s={search_term_string}\"},\"query-input\":{\"@type\":\"PropertyValueSpecification\",\"valueRequired\":true,\"valueName\":\"search_term_string\"}}],\"inLanguage\":\"en-US\"},{\"@type\":\"Organization\",\"@id\":\"https:\/\/www.sestogrado.it\/en\/#organization\",\"name\":\"Sestogrado\",\"url\":\"https:\/\/www.sestogrado.it\/en\/\",\"logo\":{\"@type\":\"ImageObject\",\"inLanguage\":\"en-US\",\"@id\":\"https:\/\/www.sestogrado.it\/en\/#\/schema\/logo\/image\/\",\"url\":\"https:\/\/www.sestogrado.it\/wp-content\/uploads\/2015\/03\/sestogrado-favicon.png\",\"contentUrl\":\"https:\/\/www.sestogrado.it\/wp-content\/uploads\/2015\/03\/sestogrado-favicon.png\",\"width\":260,\"height\":260,\"caption\":\"Sestogrado\"},\"image\":{\"@id\":\"https:\/\/www.sestogrado.it\/en\/#\/schema\/logo\/image\/\"},\"sameAs\":[\"https:\/\/www.facebook.com\/pages\/Sestogrado\/1542635979353017?ref=bookmarks\",\"https:\/\/www.youtube.com\/channel\/UC847kAfTkaJsWpc1jtQwr3Q\"],\"hasMerchantReturnPolicy\":{\"@type\":\"MerchantReturnPolicy\",\"merchantReturnLink\":\"https:\/\/www.sestogrado.it\/en\/termini-e-condizioni\/\"}}]}<\/script>\n<meta property=\"product:brand\" content=\"Ferrino\" \/>\n<meta property=\"product:price:amount\" content=\"129.90\" \/>\n<meta property=\"product:price:currency\" content=\"EUR\" \/>\n<meta property=\"og:availability\" content=\"instock\" \/>\n<meta property=\"product:availability\" content=\"instock\" \/>\n<meta property=\"product:condition\" content=\"new\" \/>\n<!-- \/ Yoast SEO plugin. -->","yoast_head_json":{"title":"Ferrino Lightec SM 1100 sleepingbag - Sestogrado","description":"Il Ferrino Lightec SM 1100 \u00e8 un saccoletto al top di gamma nella categoria sintetici, sacchi a pelo dalla elevata termicit\u00e0 con dimensioni estremamente ridotte. Il Ferrino Lightec SM 1100 \u00e8 ideale\u00a0ideale per lunghi viaggi avventura \"zaino in spalla\", trekking impegnativi o alpinismo, poich\u00e8 garantisce ottime prestazioni termiche a fronte di peso e dimensioni ridotte.","robots":{"index":"index","follow":"follow","max-snippet":"max-snippet:-1","max-image-preview":"max-image-preview:large","max-video-preview":"max-video-preview:-1"},"canonical":"https:\/\/www.sestogrado.it\/en\/prodotto\/ferrino-lightec-sm-1100-saccoletto-sintetico\/","og_locale":"en_US","og_type":"article","og_title":"Ferrino Lightec SM 1100 sleepingbag - Sestogrado","og_description":"Il Ferrino Lightec SM 1100 \u00e8 un saccoletto al top di gamma nella categoria sintetici, sacchi a pelo dalla elevata termicit\u00e0 con dimensioni estremamente ridotte. Il Ferrino Lightec SM 1100 \u00e8 ideale\u00a0ideale per lunghi viaggi avventura \"zaino in spalla\", trekking impegnativi o alpinismo, poich\u00e8 garantisce ottime prestazioni termiche a fronte di peso e dimensioni ridotte.","og_url":"https:\/\/www.sestogrado.it\/en\/prodotto\/ferrino-lightec-sm-1100-saccoletto-sintetico\/","og_site_name":"Sestogrado","article_publisher":"https:\/\/www.facebook.com\/pages\/Sestogrado\/1542635979353017?ref=bookmarks","article_modified_time":"2026-05-10T11:47:01+00:00","og_image":[{"width":2000,"height":2000,"url":"https:\/\/www.sestogrado.it\/wp-content\/uploads\/2023\/07\/01-3.jpg","type":"image\/jpeg"}],"twitter_misc":{"Price":"&euro;&nbsp;129,90","Availability":"In stock"},"schema":{"@context":"https:\/\/schema.org","@graph":[{"@type":"WebPage","@id":"https:\/\/www.sestogrado.it\/en\/prodotto\/ferrino-lightec-sm-1100-saccoletto-sintetico\/","url":"https:\/\/www.sestogrado.it\/en\/prodotto\/ferrino-lightec-sm-1100-saccoletto-sintetico\/","name":"Ferrino Lightec SM 1100 sleepingbag - Sestogrado","isPartOf":{"@id":"https:\/\/www.sestogrado.it\/en\/#website"},"primaryImageOfPage":{"@id":"https:\/\/www.sestogrado.it\/en\/prodotto\/ferrino-lightec-sm-1100-saccoletto-sintetico\/#primaryimage"},"image":{"@id":"https:\/\/www.sestogrado.it\/prodotto\/ferrino-lightec-sm-1100-saccoletto-sintetico\/#primaryimage"},"thumbnailUrl":"https:\/\/www.sestogrado.it\/wp-content\/uploads\/2023\/07\/01-3.jpg","datePublished":"2025-05-16T06:05:51+00:00","dateModified":"2026-05-10T11:47:01+00:00","description":"Il Ferrino Lightec SM 1100 \u00e8 un saccoletto al top di gamma nella categoria sintetici, sacchi a pelo dalla elevata termicit\u00e0 con dimensioni estremamente ridotte. Il Ferrino Lightec SM 1100 \u00e8 ideale\u00a0ideale per lunghi viaggi avventura \"zaino in spalla\", trekking impegnativi o alpinismo, poich\u00e8 garantisce ottime prestazioni termiche a fronte di peso e dimensioni ridotte.","breadcrumb":{"@id":"https:\/\/www.sestogrado.it\/en\/prodotto\/ferrino-lightec-sm-1100-saccoletto-sintetico\/#breadcrumb"},"inLanguage":"en-US","potentialAction":[{"@type":"ReadAction","target":[["https:\/\/www.sestogrado.it\/en\/prodotto\/ferrino-lightec-sm-1100-saccoletto-sintetico\/"]]}]},{"@type":"ImageObject","inLanguage":"en-US","@id":"https:\/\/www.sestogrado.it\/en\/prodotto\/ferrino-lightec-sm-1100-saccoletto-sintetico\/#primaryimage","url":"https:\/\/www.sestogrado.it\/wp-content\/uploads\/2023\/07\/01-3.jpg","contentUrl":"https:\/\/www.sestogrado.it\/wp-content\/uploads\/2023\/07\/01-3.jpg","width":2000,"height":2000,"caption":"sm 1100"},{"@type":"BreadcrumbList","@id":"https:\/\/www.sestogrado.it\/en\/prodotto\/ferrino-lightec-sm-1100-saccoletto-sintetico\/#breadcrumb","itemListElement":[{"@type":"ListItem","position":1,"name":"Home","item":"https:\/\/www.sestogrado.it\/en\/"},{"@type":"ListItem","position":2,"name":"Shop","item":"https:\/\/www.sestogrado.it\/en\/shop\/"},{"@type":"ListItem","position":3,"name":"Ferrino Lightec SM 1100 saccoletto sintetico"}]},{"@type":"WebSite","@id":"https:\/\/www.sestogrado.it\/en\/#website","url":"https:\/\/www.sestogrado.it\/en\/","name":"Sestogrado","description":"yes we climb","publisher":{"@id":"https:\/\/www.sestogrado.it\/en\/#organization"},"potentialAction":[{"@type":"SearchAction","target":{"@type":"EntryPoint","urlTemplate":"https:\/\/www.sestogrado.it\/en\/?s={search_term_string}"},"query-input":{"@type":"PropertyValueSpecification","valueRequired":true,"valueName":"search_term_string"}}],"inLanguage":"en-US"},{"@type":"Organization","@id":"https:\/\/www.sestogrado.it\/en\/#organization","name":"Sestogrado","url":"https:\/\/www.sestogrado.it\/en\/","logo":{"@type":"ImageObject","inLanguage":"en-US","@id":"https:\/\/www.sestogrado.it\/en\/#\/schema\/logo\/image\/","url":"https:\/\/www.sestogrado.it\/wp-content\/uploads\/2015\/03\/sestogrado-favicon.png","contentUrl":"https:\/\/www.sestogrado.it\/wp-content\/uploads\/2015\/03\/sestogrado-favicon.png","width":260,"height":260,"caption":"Sestogrado"},"image":{"@id":"https:\/\/www.sestogrado.it\/en\/#\/schema\/logo\/image\/"},"sameAs":["https:\/\/www.facebook.com\/pages\/Sestogrado\/1542635979353017?ref=bookmarks","https:\/\/www.youtube.com\/channel\/UC847kAfTkaJsWpc1jtQwr3Q"],"hasMerchantReturnPolicy":{"@type":"MerchantReturnPolicy","merchantReturnLink":"https:\/\/www.sestogrado.it\/en\/termini-e-condizioni\/"}}]},"product_brand":"Ferrino","product_price_amount":"129.90","product_price_currency":"EUR","og_availability":"instock","product_availability":"instock","product_condition":"new"},"_links":{"self":[{"href":"https:\/\/www.sestogrado.it\/en\/wp-json\/wp\/v2\/product\/26449","targetHints":{"allow":["GET"]}}],"collection":[{"href":"https:\/\/www.sestogrado.it\/en\/wp-json\/wp\/v2\/product"}],"about":[{"href":"https:\/\/www.sestogrado.it\/en\/wp-json\/wp\/v2\/types\/product"}],"replies":[{"embeddable":true,"href":"https:\/\/www.sestogrado.it\/en\/wp-json\/wp\/v2\/comments?post=26449"}],"wp:featuredmedia":[{"embeddable":true,"href":"https:\/\/www.sestogrado.it\/en\/wp-json\/wp\/v2\/media\/191634"}],"wp:attachment":[{"href":"https:\/\/www.sestogrado.it\/en\/wp-json\/wp\/v2\/media?parent=26449"}],"wp:term":[{"taxonomy":"product_brand","embeddable":true,"href":"https:\/\/www.sestogrado.it\/en\/wp-json\/wp\/v2\/product_brand?post=26449"},{"taxonomy":"product_cat","embeddable":true,"href":"https:\/\/www.sestogrado.it\/en\/wp-json\/wp\/v2\/product_cat?post=26449"},{"taxonomy":"product_tag","embeddable":true,"href":"https:\/\/www.sestogrado.it\/en\/wp-json\/wp\/v2\/product_tag?post=26449"}],"curies":[{"name":"wp","href":"https:\/\/api.w.org\/{rel}","templated":true}]}}