{"id":2636,"date":"2015-09-23T09:21:24","date_gmt":"2015-09-23T07:21:24","guid":{"rendered":"http:\/\/www.sestogrado.it\/?post_type=product&#038;p=2636"},"modified":"2024-12-16T21:58:13","modified_gmt":"2024-12-16T20:58:13","slug":"valsesia-rock-falesie-e-vie-moderne","status":"publish","type":"product","link":"https:\/\/www.sestogrado.it\/en\/prodotto\/valsesia-rock-falesie-e-vie-moderne\/","title":{"rendered":"Valsesia Rock &#8211; Falesie e vie moderne"},"content":{"rendered":"<p>Terza edizione della guida sull\u2019arrampicata in Valsesia ma questa volta con un volume interamente dedicato alle sue pareti. Nel corso di questi ultimi anni sono nate nuove e interessanti falesie mentre, con grosso lavoro da parte dei \u201csoliti noti\u201d, ne sono state riportate alla luce alcune vecchie, abbandonate per lungo tempo e cadute ingiustamente nell\u2019oblio. Alcuni esempi sono la storica del \u201cFun\u2019d\u2019Scotte\u201d ad Alagna, comoda per l\u2019estate e con molte belle vie di media difficolt\u00e0 e la falesia della \u201cBadia\u201d a Quarona, i cui tiri pi\u00f9 difficili attendono una conferma del grado da parte dei climber pi\u00f9 talentassi. Non mancano novit\u00e0 nel campo delle vie multipitch come sulla Parete Calva, una delle pareti pi\u00f9 selvagge e selettive della Valsesia.<br \/>\nCon questo lavoro gli Autori auspicano una maggiore frequentazione di queste interessanti zone per non rischiare di perdere un pezzo di storia dell\u2019arrampicata valsesiana.<\/p>\n<p><strong>Davide Borelli<\/strong>, classe 1973, grande appassionato di arrampicata sportiva dal 1989, \u00e8 Istruttore Federale F.A.S.I. e Giudice di Gara di secondo livello. Nel corso della sua carriera \u00e8 stato anche Istruttore Militare di Alpinismo e per oltre un decennio ha collaborato alla gestione del centro sportivo <em>Arrampicando<\/em> di Novara.<br \/>\nDa 25 anni si dedica, con la stessa passione immutata degli inizi, all\u2019arrampicata in tutte le sue forme: dai sassi alla falesia, dalle vie sportive alle gare amatoriali, indoor e outdoor. Particolare attenzione viene rivolta alle aree bouldering della Valsesia, luogo di origine, e al sito web della zona, <a href=\"http:\/\/www.arrampicareinvalsesia.it\/\" target=\"_blank\" rel=\"noopener noreferrer\">arrampicareinvalsesia.it<\/a><\/p>\n<p><strong>Nicola Degasparis<\/strong>, classe 1982, il \u201cNico\u201d, nato e cresciuto nei settori giovanili di <em>Arrampicando<\/em>, \u00e8 Guida Alpina dal 2005; climber, alpinista, sciatore, freerider, chiodatore, appassionato di parapendio e chi pi\u00f9 ne ha pi\u00f9 ne metta. Tutte le attivit\u00e0 le svolge in modo eccellente, ottenendo sempre buoni risultati. Molte vie di alto livello presenti in Valsesia sono state create per mano sua. In questa edizione della guida riveste i panni dell\u2019autore, dopo che nelle precedenti edizioni \u00e8 stato fra i principali \u201cfornitori\u201d di informazioni dettagliate su tutte le falesie della Valsesia.<\/p>\n<p>&nbsp;<\/p>\n<p>Sfoglia il pdf:<\/p>\n<div class=\"embed-responsive embed-responsive-16by9\"><iframe title=\"Valsesia Rock\" src=\"https:\/\/e.issuu.com\/embed.html?u=edizioni_versante_sud&#038;d=valsesia_issuu&#038;pageNumber=1\" style=\"border:none; width: 500px; height: 383px;\" allow=\"clipboard-write,allow-top-navigation,allow-top-navigation-by-user-activation,allow-downloads,allow-scripts,allow-same-origin,allow-popups,allow-modals,allow-popups-to-escape-sandbox,allow-forms\"  allowfullscreen=\"true\"><\/iframe><\/div>","protected":false},"excerpt":{"rendered":"<p>Terza edizione della guida sull\u2019arrampicata in Valsesia ma questa volta con un volume interamente dedicato alle sue pareti. Nel corso [&hellip;]<\/p>\n","protected":false},"featured_media":2637,"comment_status":"open","ping_status":"closed","template":"","meta":{"_acf_changed":false},"product_brand":[99],"product_cat":[98],"product_tag":[],"class_list":{"0":"post-2636","1":"product","2":"type-product","3":"status-publish","4":"has-post-thumbnail","6":"product_brand-versante-sud","7":"product_cat-libri","9":"first","10":"instock","11":"taxable","12":"shipping-taxable","13":"purchasable","14":"product-type-simple"},"acf":[],"yoast_head":"<!-- This site is optimized with the Yoast SEO plugin v26.4 - https:\/\/yoast.com\/wordpress\/plugins\/seo\/ -->\n<title>Valsesia Rock - Falesie e vie moderne - Sestogrado<\/title>\n<meta name=\"description\" content=\"Valsesia rock. Guida arrampicata Alagna, Val Grande, Val Sermenza, Varallo e Bassa Valsesia. Guida arrampicata Valsesia Rock edizioni Versante Sud.\" \/>\n<meta name=\"robots\" content=\"index, follow, max-snippet:-1, max-image-preview:large, max-video-preview:-1\" \/>\n<link rel=\"canonical\" href=\"https:\/\/www.sestogrado.it\/en\/prodotto\/valsesia-rock-falesie-e-vie-moderne\/\" \/>\n<meta property=\"og:locale\" content=\"en_US\" \/>\n<meta property=\"og:type\" content=\"article\" \/>\n<meta property=\"og:title\" content=\"Valsesia Rock - Falesie e vie moderne - Sestogrado\" \/>\n<meta property=\"og:description\" content=\"Valsesia rock. Guida arrampicata Alagna, Val Grande, Val Sermenza, Varallo e Bassa Valsesia. Guida arrampicata Valsesia Rock edizioni Versante Sud.\" \/>\n<meta property=\"og:url\" content=\"https:\/\/www.sestogrado.it\/en\/prodotto\/valsesia-rock-falesie-e-vie-moderne\/\" \/>\n<meta property=\"og:site_name\" content=\"Sestogrado\" \/>\n<meta property=\"article:publisher\" content=\"https:\/\/www.facebook.com\/pages\/Sestogrado\/1542635979353017?ref=bookmarks\" \/>\n<meta property=\"article:modified_time\" content=\"2024-12-16T20:58:13+00:00\" \/>\n<meta property=\"og:image\" content=\"https:\/\/www.sestogrado.it\/wp-content\/uploads\/2015\/09\/VALSESIAROCK.jpg\" \/>\n\t<meta property=\"og:image:width\" content=\"800\" \/>\n\t<meta property=\"og:image:height\" content=\"1103\" \/>\n\t<meta property=\"og:image:type\" content=\"image\/jpeg\" \/>\n<meta name=\"twitter:label1\" content=\"Price\" \/>\n\t<meta name=\"twitter:data1\" content=\"&euro;&nbsp;27,00\" \/>\n\t<meta name=\"twitter:label2\" content=\"Availability\" \/>\n\t<meta name=\"twitter:data2\" content=\"In stock\" \/>\n<script type=\"application\/ld+json\" class=\"yoast-schema-graph\">{\"@context\":\"https:\/\/schema.org\",\"@graph\":[{\"@type\":\"WebPage\",\"@id\":\"https:\/\/www.sestogrado.it\/en\/prodotto\/valsesia-rock-falesie-e-vie-moderne\/\",\"url\":\"https:\/\/www.sestogrado.it\/en\/prodotto\/valsesia-rock-falesie-e-vie-moderne\/\",\"name\":\"Valsesia Rock - Falesie e vie moderne - Sestogrado\",\"isPartOf\":{\"@id\":\"https:\/\/www.sestogrado.it\/en\/#website\"},\"primaryImageOfPage\":{\"@id\":\"https:\/\/www.sestogrado.it\/en\/prodotto\/valsesia-rock-falesie-e-vie-moderne\/#primaryimage\"},\"image\":{\"@id\":\"https:\/\/www.sestogrado.it\/prodotto\/valsesia-rock-falesie-e-vie-moderne\/#primaryimage\"},\"thumbnailUrl\":\"https:\/\/www.sestogrado.it\/wp-content\/uploads\/2015\/09\/VALSESIAROCK.jpg\",\"datePublished\":\"2015-09-23T07:21:24+00:00\",\"dateModified\":\"2024-12-16T20:58:13+00:00\",\"description\":\"Valsesia rock. Guida arrampicata Alagna, Val Grande, Val Sermenza, Varallo e Bassa Valsesia. Guida arrampicata Valsesia Rock edizioni Versante Sud.\",\"breadcrumb\":{\"@id\":\"https:\/\/www.sestogrado.it\/en\/prodotto\/valsesia-rock-falesie-e-vie-moderne\/#breadcrumb\"},\"inLanguage\":\"en-US\",\"potentialAction\":[{\"@type\":\"ReadAction\",\"target\":[[\"https:\/\/www.sestogrado.it\/en\/prodotto\/valsesia-rock-falesie-e-vie-moderne\/\"]]}]},{\"@type\":\"ImageObject\",\"inLanguage\":\"en-US\",\"@id\":\"https:\/\/www.sestogrado.it\/en\/prodotto\/valsesia-rock-falesie-e-vie-moderne\/#primaryimage\",\"url\":\"https:\/\/www.sestogrado.it\/wp-content\/uploads\/2015\/09\/VALSESIAROCK.jpg\",\"contentUrl\":\"https:\/\/www.sestogrado.it\/wp-content\/uploads\/2015\/09\/VALSESIAROCK.jpg\",\"width\":800,\"height\":1103,\"caption\":\"VALSESIAROCK\"},{\"@type\":\"BreadcrumbList\",\"@id\":\"https:\/\/www.sestogrado.it\/en\/prodotto\/valsesia-rock-falesie-e-vie-moderne\/#breadcrumb\",\"itemListElement\":[{\"@type\":\"ListItem\",\"position\":1,\"name\":\"Home\",\"item\":\"https:\/\/www.sestogrado.it\/en\/\"},{\"@type\":\"ListItem\",\"position\":2,\"name\":\"Shop\",\"item\":\"https:\/\/www.sestogrado.it\/en\/shop\/\"},{\"@type\":\"ListItem\",\"position\":3,\"name\":\"Valsesia Rock &#8211; Falesie e vie moderne\"}]},{\"@type\":\"WebSite\",\"@id\":\"https:\/\/www.sestogrado.it\/en\/#website\",\"url\":\"https:\/\/www.sestogrado.it\/en\/\",\"name\":\"Sestogrado\",\"description\":\"yes we climb\",\"publisher\":{\"@id\":\"https:\/\/www.sestogrado.it\/en\/#organization\"},\"potentialAction\":[{\"@type\":\"SearchAction\",\"target\":{\"@type\":\"EntryPoint\",\"urlTemplate\":\"https:\/\/www.sestogrado.it\/en\/?s={search_term_string}\"},\"query-input\":{\"@type\":\"PropertyValueSpecification\",\"valueRequired\":true,\"valueName\":\"search_term_string\"}}],\"inLanguage\":\"en-US\"},{\"@type\":\"Organization\",\"@id\":\"https:\/\/www.sestogrado.it\/en\/#organization\",\"name\":\"Sestogrado\",\"url\":\"https:\/\/www.sestogrado.it\/en\/\",\"logo\":{\"@type\":\"ImageObject\",\"inLanguage\":\"en-US\",\"@id\":\"https:\/\/www.sestogrado.it\/en\/#\/schema\/logo\/image\/\",\"url\":\"https:\/\/www.sestogrado.it\/wp-content\/uploads\/2015\/03\/sestogrado-favicon.png\",\"contentUrl\":\"https:\/\/www.sestogrado.it\/wp-content\/uploads\/2015\/03\/sestogrado-favicon.png\",\"width\":260,\"height\":260,\"caption\":\"Sestogrado\"},\"image\":{\"@id\":\"https:\/\/www.sestogrado.it\/en\/#\/schema\/logo\/image\/\"},\"sameAs\":[\"https:\/\/www.facebook.com\/pages\/Sestogrado\/1542635979353017?ref=bookmarks\",\"https:\/\/www.youtube.com\/channel\/UC847kAfTkaJsWpc1jtQwr3Q\"],\"hasMerchantReturnPolicy\":{\"@type\":\"MerchantReturnPolicy\",\"merchantReturnLink\":\"https:\/\/www.sestogrado.it\/en\/termini-e-condizioni\/\"}}]}<\/script>\n<meta property=\"product:brand\" content=\"Versante Sud\" \/>\n<meta property=\"product:price:amount\" content=\"27.00\" \/>\n<meta property=\"product:price:currency\" content=\"EUR\" \/>\n<meta property=\"og:availability\" content=\"instock\" \/>\n<meta property=\"product:availability\" content=\"instock\" \/>\n<meta property=\"product:condition\" content=\"new\" \/>\n<!-- \/ Yoast SEO plugin. -->","yoast_head_json":{"title":"Valsesia Rock - Falesie e vie moderne - Sestogrado","description":"Valsesia rock. Guida arrampicata Alagna, Val Grande, Val Sermenza, Varallo e Bassa Valsesia. Guida arrampicata Valsesia Rock edizioni Versante Sud.","robots":{"index":"index","follow":"follow","max-snippet":"max-snippet:-1","max-image-preview":"max-image-preview:large","max-video-preview":"max-video-preview:-1"},"canonical":"https:\/\/www.sestogrado.it\/en\/prodotto\/valsesia-rock-falesie-e-vie-moderne\/","og_locale":"en_US","og_type":"article","og_title":"Valsesia Rock - Falesie e vie moderne - Sestogrado","og_description":"Valsesia rock. Guida arrampicata Alagna, Val Grande, Val Sermenza, Varallo e Bassa Valsesia. Guida arrampicata Valsesia Rock edizioni Versante Sud.","og_url":"https:\/\/www.sestogrado.it\/en\/prodotto\/valsesia-rock-falesie-e-vie-moderne\/","og_site_name":"Sestogrado","article_publisher":"https:\/\/www.facebook.com\/pages\/Sestogrado\/1542635979353017?ref=bookmarks","article_modified_time":"2024-12-16T20:58:13+00:00","og_image":[{"width":800,"height":1103,"url":"https:\/\/www.sestogrado.it\/wp-content\/uploads\/2015\/09\/VALSESIAROCK.jpg","type":"image\/jpeg"}],"twitter_misc":{"Price":"&euro;&nbsp;27,00","Availability":"In stock"},"schema":{"@context":"https:\/\/schema.org","@graph":[{"@type":"WebPage","@id":"https:\/\/www.sestogrado.it\/en\/prodotto\/valsesia-rock-falesie-e-vie-moderne\/","url":"https:\/\/www.sestogrado.it\/en\/prodotto\/valsesia-rock-falesie-e-vie-moderne\/","name":"Valsesia Rock - Falesie e vie moderne - Sestogrado","isPartOf":{"@id":"https:\/\/www.sestogrado.it\/en\/#website"},"primaryImageOfPage":{"@id":"https:\/\/www.sestogrado.it\/en\/prodotto\/valsesia-rock-falesie-e-vie-moderne\/#primaryimage"},"image":{"@id":"https:\/\/www.sestogrado.it\/prodotto\/valsesia-rock-falesie-e-vie-moderne\/#primaryimage"},"thumbnailUrl":"https:\/\/www.sestogrado.it\/wp-content\/uploads\/2015\/09\/VALSESIAROCK.jpg","datePublished":"2015-09-23T07:21:24+00:00","dateModified":"2024-12-16T20:58:13+00:00","description":"Valsesia rock. Guida arrampicata Alagna, Val Grande, Val Sermenza, Varallo e Bassa Valsesia. Guida arrampicata Valsesia Rock edizioni Versante Sud.","breadcrumb":{"@id":"https:\/\/www.sestogrado.it\/en\/prodotto\/valsesia-rock-falesie-e-vie-moderne\/#breadcrumb"},"inLanguage":"en-US","potentialAction":[{"@type":"ReadAction","target":[["https:\/\/www.sestogrado.it\/en\/prodotto\/valsesia-rock-falesie-e-vie-moderne\/"]]}]},{"@type":"ImageObject","inLanguage":"en-US","@id":"https:\/\/www.sestogrado.it\/en\/prodotto\/valsesia-rock-falesie-e-vie-moderne\/#primaryimage","url":"https:\/\/www.sestogrado.it\/wp-content\/uploads\/2015\/09\/VALSESIAROCK.jpg","contentUrl":"https:\/\/www.sestogrado.it\/wp-content\/uploads\/2015\/09\/VALSESIAROCK.jpg","width":800,"height":1103,"caption":"VALSESIAROCK"},{"@type":"BreadcrumbList","@id":"https:\/\/www.sestogrado.it\/en\/prodotto\/valsesia-rock-falesie-e-vie-moderne\/#breadcrumb","itemListElement":[{"@type":"ListItem","position":1,"name":"Home","item":"https:\/\/www.sestogrado.it\/en\/"},{"@type":"ListItem","position":2,"name":"Shop","item":"https:\/\/www.sestogrado.it\/en\/shop\/"},{"@type":"ListItem","position":3,"name":"Valsesia Rock &#8211; Falesie e vie moderne"}]},{"@type":"WebSite","@id":"https:\/\/www.sestogrado.it\/en\/#website","url":"https:\/\/www.sestogrado.it\/en\/","name":"Sestogrado","description":"yes we climb","publisher":{"@id":"https:\/\/www.sestogrado.it\/en\/#organization"},"potentialAction":[{"@type":"SearchAction","target":{"@type":"EntryPoint","urlTemplate":"https:\/\/www.sestogrado.it\/en\/?s={search_term_string}"},"query-input":{"@type":"PropertyValueSpecification","valueRequired":true,"valueName":"search_term_string"}}],"inLanguage":"en-US"},{"@type":"Organization","@id":"https:\/\/www.sestogrado.it\/en\/#organization","name":"Sestogrado","url":"https:\/\/www.sestogrado.it\/en\/","logo":{"@type":"ImageObject","inLanguage":"en-US","@id":"https:\/\/www.sestogrado.it\/en\/#\/schema\/logo\/image\/","url":"https:\/\/www.sestogrado.it\/wp-content\/uploads\/2015\/03\/sestogrado-favicon.png","contentUrl":"https:\/\/www.sestogrado.it\/wp-content\/uploads\/2015\/03\/sestogrado-favicon.png","width":260,"height":260,"caption":"Sestogrado"},"image":{"@id":"https:\/\/www.sestogrado.it\/en\/#\/schema\/logo\/image\/"},"sameAs":["https:\/\/www.facebook.com\/pages\/Sestogrado\/1542635979353017?ref=bookmarks","https:\/\/www.youtube.com\/channel\/UC847kAfTkaJsWpc1jtQwr3Q"],"hasMerchantReturnPolicy":{"@type":"MerchantReturnPolicy","merchantReturnLink":"https:\/\/www.sestogrado.it\/en\/termini-e-condizioni\/"}}]},"product_brand":"Versante Sud","product_price_amount":"27.00","product_price_currency":"EUR","og_availability":"instock","product_availability":"instock","product_condition":"new"},"_links":{"self":[{"href":"https:\/\/www.sestogrado.it\/en\/wp-json\/wp\/v2\/product\/2636","targetHints":{"allow":["GET"]}}],"collection":[{"href":"https:\/\/www.sestogrado.it\/en\/wp-json\/wp\/v2\/product"}],"about":[{"href":"https:\/\/www.sestogrado.it\/en\/wp-json\/wp\/v2\/types\/product"}],"replies":[{"embeddable":true,"href":"https:\/\/www.sestogrado.it\/en\/wp-json\/wp\/v2\/comments?post=2636"}],"wp:featuredmedia":[{"embeddable":true,"href":"https:\/\/www.sestogrado.it\/en\/wp-json\/wp\/v2\/media\/2637"}],"wp:attachment":[{"href":"https:\/\/www.sestogrado.it\/en\/wp-json\/wp\/v2\/media?parent=2636"}],"wp:term":[{"taxonomy":"product_brand","embeddable":true,"href":"https:\/\/www.sestogrado.it\/en\/wp-json\/wp\/v2\/product_brand?post=2636"},{"taxonomy":"product_cat","embeddable":true,"href":"https:\/\/www.sestogrado.it\/en\/wp-json\/wp\/v2\/product_cat?post=2636"},{"taxonomy":"product_tag","embeddable":true,"href":"https:\/\/www.sestogrado.it\/en\/wp-json\/wp\/v2\/product_tag?post=2636"}],"curies":[{"name":"wp","href":"https:\/\/api.w.org\/{rel}","templated":true}]}}