{"id":2632,"date":"2025-07-01T09:07:37","date_gmt":"2025-07-01T07:07:37","guid":{"rendered":"http:\/\/www.sestogrado.it\/?post_type=product&#038;p=2632"},"modified":"2025-10-03T10:38:16","modified_gmt":"2025-10-03T08:38:16","slug":"valle-dellorco","status":"publish","type":"product","link":"https:\/\/www.sestogrado.it\/en\/prodotto\/valle-dellorco\/","title":{"rendered":"Valle dell&#8217;Orco"},"content":{"rendered":"<p>Questa guida parla delle pareti della Valle dell\u2019Orco, dalle falesie di bassa valle sino alle mitiche pareti del Sergent e del Caporal, fermandosi infine ai risalti poco sotto al Colle del Nivolet. Le molte vie aperte in questi ultimi anni e la sempre maggiore frequentazione della valle, soprattutto da parte degli stranieri, hanno convinto l\u2019autore a scrivere un libro che non \u00e8 una semplice guida dove leggere i gradi e i nomi delle vie, ma anche una fonte di ispirazione per le nuove generazioni. Essa suggerisce una direzione da seguire, un possibile cammino per l\u2019arrampicata senza dimenticare mai quello che ci ha preceduto.<br \/>\nMaurizio Oviglia, con la sua consueta precisione e chiarezza, ha censito tutti i vecchi e i nuovi itinerari della valle, ripetendoli nella loro quasi totalit\u00e0 e rivedendone nel contempo le valutazioni.<br \/>\nL\u2019autore ha voluto coinvolgere anche alcuni amici, protagonisti in varia maniera dell\u2019arrampicata passata e presente in valle dell\u2019Orco, offrendo loro spazio per alcuni gustosi racconti, spesso ironici, che testimoniano la passione e l\u2019amore per questo incomparabile angolo delle Alpi.<\/p>\n<h3>Info sull\u2019Autore<\/h3>\n<p><strong>Maurizio Oviglia<\/strong>, nato nel 1963, torinese ma sardo di adozione, \u00e8 uno degli alpinisti e scrittori di guide di arrampicata pi\u00f9 conosciuti e apprezzati in Europa. Vanta pi\u00f9 di trent\u2019anni di attivit\u00e0 come alpinista, esploratore e apritore sulle rocce di tutto il mondo. Ha scritto numerose guide e saggi, dirige e collabora a diversi siti web. Per Versante Sud ha pubblicato con successo\u00a0Rock Paradise,\u00a0Passaggio a Nord-ovest\u00a0e\u00a0Arrampicate sportive in Corsica. \u0439 inoltre caporedattore dell\u2019annuario europeo di alpinismo\u00a0UP climbing.<\/p>","protected":false},"excerpt":{"rendered":"<p>Questa guida parla delle pareti della Valle dell\u2019Orco, dalle falesie di bassa valle sino alle mitiche pareti del Sergent e [&hellip;]<\/p>\n","protected":false},"featured_media":195230,"comment_status":"open","ping_status":"closed","template":"","meta":{"_acf_changed":false},"product_brand":[99],"product_cat":[98],"product_tag":[],"class_list":{"0":"post-2632","1":"product","2":"type-product","3":"status-publish","4":"has-post-thumbnail","6":"product_brand-versante-sud","7":"product_cat-libri","9":"first","10":"instock","11":"taxable","12":"shipping-taxable","13":"purchasable","14":"product-type-simple"},"acf":[],"yoast_head":"<!-- This site is optimized with the Yoast SEO plugin v26.4 - https:\/\/yoast.com\/wordpress\/plugins\/seo\/ -->\n<title>Valle dell&#039;Orco - Sestogrado<\/title>\n<meta name=\"description\" content=\"Valle dell&#039;orco. La guida descrive dalle\u00a0falesie di bassa valle\u00a0alle famose\u00a0pareti del Caporal e del Sergent, includendo dopo tanti anni di distanza dall\u2019ultima pubblicazione, la\u00a0Valle\u00a0Soana, con il\u00a0Vallone di Forze\u00a0e la\u00a0valle laterale di Piantonetto, fino al limite del lago di Teleccio.Oltre alle\u00a0numerose\u00a0multipitch, tante\u00a0falesie anche in stile trad, itinerari che fino a 10 anni fa costituivano un curiosit\u00e0 per pochi, ma che adesso attirano numerosi arrampicatori da tutta Europa.\" \/>\n<meta name=\"robots\" content=\"index, follow, max-snippet:-1, max-image-preview:large, max-video-preview:-1\" \/>\n<link rel=\"canonical\" href=\"https:\/\/www.sestogrado.it\/en\/prodotto\/valle-dellorco\/\" \/>\n<meta property=\"og:locale\" content=\"en_US\" \/>\n<meta property=\"og:type\" content=\"article\" \/>\n<meta property=\"og:title\" content=\"Valle dell&#039;Orco - Sestogrado\" \/>\n<meta property=\"og:description\" content=\"Valle dell&#039;orco. La guida descrive dalle\u00a0falesie di bassa valle\u00a0alle famose\u00a0pareti del Caporal e del Sergent, includendo dopo tanti anni di distanza dall\u2019ultima pubblicazione, la\u00a0Valle\u00a0Soana, con il\u00a0Vallone di Forze\u00a0e la\u00a0valle laterale di Piantonetto, fino al limite del lago di Teleccio.Oltre alle\u00a0numerose\u00a0multipitch, tante\u00a0falesie anche in stile trad, itinerari che fino a 10 anni fa costituivano un curiosit\u00e0 per pochi, ma che adesso attirano numerosi arrampicatori da tutta Europa.\" \/>\n<meta property=\"og:url\" content=\"https:\/\/www.sestogrado.it\/en\/prodotto\/valle-dellorco\/\" \/>\n<meta property=\"og:site_name\" content=\"Sestogrado\" \/>\n<meta property=\"article:publisher\" content=\"https:\/\/www.facebook.com\/pages\/Sestogrado\/1542635979353017?ref=bookmarks\" \/>\n<meta property=\"article:modified_time\" content=\"2025-10-03T08:38:16+00:00\" \/>\n<meta property=\"og:image\" content=\"https:\/\/www.sestogrado.it\/wp-content\/uploads\/2015\/09\/orco-2.jpg\" \/>\n\t<meta property=\"og:image:width\" content=\"900\" \/>\n\t<meta property=\"og:image:height\" content=\"900\" \/>\n\t<meta property=\"og:image:type\" content=\"image\/jpeg\" \/>\n<meta name=\"twitter:label1\" content=\"Price\" \/>\n\t<meta name=\"twitter:data1\" content=\"&euro;&nbsp;38,00\" \/>\n\t<meta name=\"twitter:label2\" content=\"Availability\" \/>\n\t<meta name=\"twitter:data2\" content=\"In stock\" \/>\n<script type=\"application\/ld+json\" class=\"yoast-schema-graph\">{\"@context\":\"https:\/\/schema.org\",\"@graph\":[{\"@type\":\"WebPage\",\"@id\":\"https:\/\/www.sestogrado.it\/en\/prodotto\/valle-dellorco\/\",\"url\":\"https:\/\/www.sestogrado.it\/en\/prodotto\/valle-dellorco\/\",\"name\":\"Valle dell'Orco - Sestogrado\",\"isPartOf\":{\"@id\":\"https:\/\/www.sestogrado.it\/en\/#website\"},\"primaryImageOfPage\":{\"@id\":\"https:\/\/www.sestogrado.it\/en\/prodotto\/valle-dellorco\/#primaryimage\"},\"image\":{\"@id\":\"https:\/\/www.sestogrado.it\/prodotto\/valle-dellorco\/#primaryimage\"},\"thumbnailUrl\":\"https:\/\/www.sestogrado.it\/wp-content\/uploads\/2015\/09\/orco-2.jpg\",\"datePublished\":\"2025-07-01T07:07:37+00:00\",\"dateModified\":\"2025-10-03T08:38:16+00:00\",\"description\":\"Valle dell'orco. La guida descrive dalle\u00a0falesie di bassa valle\u00a0alle famose\u00a0pareti del Caporal e del Sergent, includendo dopo tanti anni di distanza dall\u2019ultima pubblicazione, la\u00a0Valle\u00a0Soana, con il\u00a0Vallone di Forze\u00a0e la\u00a0valle laterale di Piantonetto, fino al limite del lago di Teleccio.Oltre alle\u00a0numerose\u00a0multipitch, tante\u00a0falesie anche in stile trad, itinerari che fino a 10 anni fa costituivano un curiosit\u00e0 per pochi, ma che adesso attirano numerosi arrampicatori da tutta Europa.\",\"breadcrumb\":{\"@id\":\"https:\/\/www.sestogrado.it\/en\/prodotto\/valle-dellorco\/#breadcrumb\"},\"inLanguage\":\"en-US\",\"potentialAction\":[{\"@type\":\"ReadAction\",\"target\":[[\"https:\/\/www.sestogrado.it\/en\/prodotto\/valle-dellorco\/\"]]}]},{\"@type\":\"ImageObject\",\"inLanguage\":\"en-US\",\"@id\":\"https:\/\/www.sestogrado.it\/en\/prodotto\/valle-dellorco\/#primaryimage\",\"url\":\"https:\/\/www.sestogrado.it\/wp-content\/uploads\/2015\/09\/orco-2.jpg\",\"contentUrl\":\"https:\/\/www.sestogrado.it\/wp-content\/uploads\/2015\/09\/orco-2.jpg\",\"width\":900,\"height\":900,\"caption\":\"valle dell'orco\"},{\"@type\":\"BreadcrumbList\",\"@id\":\"https:\/\/www.sestogrado.it\/en\/prodotto\/valle-dellorco\/#breadcrumb\",\"itemListElement\":[{\"@type\":\"ListItem\",\"position\":1,\"name\":\"Home\",\"item\":\"https:\/\/www.sestogrado.it\/en\/\"},{\"@type\":\"ListItem\",\"position\":2,\"name\":\"Shop\",\"item\":\"https:\/\/www.sestogrado.it\/en\/shop\/\"},{\"@type\":\"ListItem\",\"position\":3,\"name\":\"Valle dell&#8217;Orco e Val Soana\"}]},{\"@type\":\"WebSite\",\"@id\":\"https:\/\/www.sestogrado.it\/en\/#website\",\"url\":\"https:\/\/www.sestogrado.it\/en\/\",\"name\":\"Sestogrado\",\"description\":\"yes we climb\",\"publisher\":{\"@id\":\"https:\/\/www.sestogrado.it\/en\/#organization\"},\"potentialAction\":[{\"@type\":\"SearchAction\",\"target\":{\"@type\":\"EntryPoint\",\"urlTemplate\":\"https:\/\/www.sestogrado.it\/en\/?s={search_term_string}\"},\"query-input\":{\"@type\":\"PropertyValueSpecification\",\"valueRequired\":true,\"valueName\":\"search_term_string\"}}],\"inLanguage\":\"en-US\"},{\"@type\":\"Organization\",\"@id\":\"https:\/\/www.sestogrado.it\/en\/#organization\",\"name\":\"Sestogrado\",\"url\":\"https:\/\/www.sestogrado.it\/en\/\",\"logo\":{\"@type\":\"ImageObject\",\"inLanguage\":\"en-US\",\"@id\":\"https:\/\/www.sestogrado.it\/en\/#\/schema\/logo\/image\/\",\"url\":\"https:\/\/www.sestogrado.it\/wp-content\/uploads\/2015\/03\/sestogrado-favicon.png\",\"contentUrl\":\"https:\/\/www.sestogrado.it\/wp-content\/uploads\/2015\/03\/sestogrado-favicon.png\",\"width\":260,\"height\":260,\"caption\":\"Sestogrado\"},\"image\":{\"@id\":\"https:\/\/www.sestogrado.it\/en\/#\/schema\/logo\/image\/\"},\"sameAs\":[\"https:\/\/www.facebook.com\/pages\/Sestogrado\/1542635979353017?ref=bookmarks\",\"https:\/\/www.youtube.com\/channel\/UC847kAfTkaJsWpc1jtQwr3Q\"],\"hasMerchantReturnPolicy\":{\"@type\":\"MerchantReturnPolicy\",\"merchantReturnLink\":\"https:\/\/www.sestogrado.it\/en\/termini-e-condizioni\/\"}}]}<\/script>\n<meta property=\"product:brand\" content=\"Versante Sud\" \/>\n<meta property=\"product:price:amount\" content=\"38.00\" \/>\n<meta property=\"product:price:currency\" content=\"EUR\" \/>\n<meta property=\"og:availability\" content=\"instock\" \/>\n<meta property=\"product:availability\" content=\"instock\" \/>\n<meta property=\"product:condition\" content=\"new\" \/>\n<!-- \/ Yoast SEO plugin. -->","yoast_head_json":{"title":"Valle dell'Orco - Sestogrado","description":"Valle dell'orco. La guida descrive dalle\u00a0falesie di bassa valle\u00a0alle famose\u00a0pareti del Caporal e del Sergent, includendo dopo tanti anni di distanza dall\u2019ultima pubblicazione, la\u00a0Valle\u00a0Soana, con il\u00a0Vallone di Forze\u00a0e la\u00a0valle laterale di Piantonetto, fino al limite del lago di Teleccio.Oltre alle\u00a0numerose\u00a0multipitch, tante\u00a0falesie anche in stile trad, itinerari che fino a 10 anni fa costituivano un curiosit\u00e0 per pochi, ma che adesso attirano numerosi arrampicatori da tutta Europa.","robots":{"index":"index","follow":"follow","max-snippet":"max-snippet:-1","max-image-preview":"max-image-preview:large","max-video-preview":"max-video-preview:-1"},"canonical":"https:\/\/www.sestogrado.it\/en\/prodotto\/valle-dellorco\/","og_locale":"en_US","og_type":"article","og_title":"Valle dell'Orco - Sestogrado","og_description":"Valle dell'orco. La guida descrive dalle\u00a0falesie di bassa valle\u00a0alle famose\u00a0pareti del Caporal e del Sergent, includendo dopo tanti anni di distanza dall\u2019ultima pubblicazione, la\u00a0Valle\u00a0Soana, con il\u00a0Vallone di Forze\u00a0e la\u00a0valle laterale di Piantonetto, fino al limite del lago di Teleccio.Oltre alle\u00a0numerose\u00a0multipitch, tante\u00a0falesie anche in stile trad, itinerari che fino a 10 anni fa costituivano un curiosit\u00e0 per pochi, ma che adesso attirano numerosi arrampicatori da tutta Europa.","og_url":"https:\/\/www.sestogrado.it\/en\/prodotto\/valle-dellorco\/","og_site_name":"Sestogrado","article_publisher":"https:\/\/www.facebook.com\/pages\/Sestogrado\/1542635979353017?ref=bookmarks","article_modified_time":"2025-10-03T08:38:16+00:00","og_image":[{"width":900,"height":900,"url":"https:\/\/www.sestogrado.it\/wp-content\/uploads\/2015\/09\/orco-2.jpg","type":"image\/jpeg"}],"twitter_misc":{"Price":"&euro;&nbsp;38,00","Availability":"In stock"},"schema":{"@context":"https:\/\/schema.org","@graph":[{"@type":"WebPage","@id":"https:\/\/www.sestogrado.it\/en\/prodotto\/valle-dellorco\/","url":"https:\/\/www.sestogrado.it\/en\/prodotto\/valle-dellorco\/","name":"Valle dell'Orco - Sestogrado","isPartOf":{"@id":"https:\/\/www.sestogrado.it\/en\/#website"},"primaryImageOfPage":{"@id":"https:\/\/www.sestogrado.it\/en\/prodotto\/valle-dellorco\/#primaryimage"},"image":{"@id":"https:\/\/www.sestogrado.it\/prodotto\/valle-dellorco\/#primaryimage"},"thumbnailUrl":"https:\/\/www.sestogrado.it\/wp-content\/uploads\/2015\/09\/orco-2.jpg","datePublished":"2025-07-01T07:07:37+00:00","dateModified":"2025-10-03T08:38:16+00:00","description":"Valle dell'orco. La guida descrive dalle\u00a0falesie di bassa valle\u00a0alle famose\u00a0pareti del Caporal e del Sergent, includendo dopo tanti anni di distanza dall\u2019ultima pubblicazione, la\u00a0Valle\u00a0Soana, con il\u00a0Vallone di Forze\u00a0e la\u00a0valle laterale di Piantonetto, fino al limite del lago di Teleccio.Oltre alle\u00a0numerose\u00a0multipitch, tante\u00a0falesie anche in stile trad, itinerari che fino a 10 anni fa costituivano un curiosit\u00e0 per pochi, ma che adesso attirano numerosi arrampicatori da tutta Europa.","breadcrumb":{"@id":"https:\/\/www.sestogrado.it\/en\/prodotto\/valle-dellorco\/#breadcrumb"},"inLanguage":"en-US","potentialAction":[{"@type":"ReadAction","target":[["https:\/\/www.sestogrado.it\/en\/prodotto\/valle-dellorco\/"]]}]},{"@type":"ImageObject","inLanguage":"en-US","@id":"https:\/\/www.sestogrado.it\/en\/prodotto\/valle-dellorco\/#primaryimage","url":"https:\/\/www.sestogrado.it\/wp-content\/uploads\/2015\/09\/orco-2.jpg","contentUrl":"https:\/\/www.sestogrado.it\/wp-content\/uploads\/2015\/09\/orco-2.jpg","width":900,"height":900,"caption":"valle dell'orco"},{"@type":"BreadcrumbList","@id":"https:\/\/www.sestogrado.it\/en\/prodotto\/valle-dellorco\/#breadcrumb","itemListElement":[{"@type":"ListItem","position":1,"name":"Home","item":"https:\/\/www.sestogrado.it\/en\/"},{"@type":"ListItem","position":2,"name":"Shop","item":"https:\/\/www.sestogrado.it\/en\/shop\/"},{"@type":"ListItem","position":3,"name":"Valle dell&#8217;Orco e Val Soana"}]},{"@type":"WebSite","@id":"https:\/\/www.sestogrado.it\/en\/#website","url":"https:\/\/www.sestogrado.it\/en\/","name":"Sestogrado","description":"yes we climb","publisher":{"@id":"https:\/\/www.sestogrado.it\/en\/#organization"},"potentialAction":[{"@type":"SearchAction","target":{"@type":"EntryPoint","urlTemplate":"https:\/\/www.sestogrado.it\/en\/?s={search_term_string}"},"query-input":{"@type":"PropertyValueSpecification","valueRequired":true,"valueName":"search_term_string"}}],"inLanguage":"en-US"},{"@type":"Organization","@id":"https:\/\/www.sestogrado.it\/en\/#organization","name":"Sestogrado","url":"https:\/\/www.sestogrado.it\/en\/","logo":{"@type":"ImageObject","inLanguage":"en-US","@id":"https:\/\/www.sestogrado.it\/en\/#\/schema\/logo\/image\/","url":"https:\/\/www.sestogrado.it\/wp-content\/uploads\/2015\/03\/sestogrado-favicon.png","contentUrl":"https:\/\/www.sestogrado.it\/wp-content\/uploads\/2015\/03\/sestogrado-favicon.png","width":260,"height":260,"caption":"Sestogrado"},"image":{"@id":"https:\/\/www.sestogrado.it\/en\/#\/schema\/logo\/image\/"},"sameAs":["https:\/\/www.facebook.com\/pages\/Sestogrado\/1542635979353017?ref=bookmarks","https:\/\/www.youtube.com\/channel\/UC847kAfTkaJsWpc1jtQwr3Q"],"hasMerchantReturnPolicy":{"@type":"MerchantReturnPolicy","merchantReturnLink":"https:\/\/www.sestogrado.it\/en\/termini-e-condizioni\/"}}]},"product_brand":"Versante Sud","product_price_amount":"38.00","product_price_currency":"EUR","og_availability":"instock","product_availability":"instock","product_condition":"new"},"_links":{"self":[{"href":"https:\/\/www.sestogrado.it\/en\/wp-json\/wp\/v2\/product\/2632","targetHints":{"allow":["GET"]}}],"collection":[{"href":"https:\/\/www.sestogrado.it\/en\/wp-json\/wp\/v2\/product"}],"about":[{"href":"https:\/\/www.sestogrado.it\/en\/wp-json\/wp\/v2\/types\/product"}],"replies":[{"embeddable":true,"href":"https:\/\/www.sestogrado.it\/en\/wp-json\/wp\/v2\/comments?post=2632"}],"wp:featuredmedia":[{"embeddable":true,"href":"https:\/\/www.sestogrado.it\/en\/wp-json\/wp\/v2\/media\/195230"}],"wp:attachment":[{"href":"https:\/\/www.sestogrado.it\/en\/wp-json\/wp\/v2\/media?parent=2632"}],"wp:term":[{"taxonomy":"product_brand","embeddable":true,"href":"https:\/\/www.sestogrado.it\/en\/wp-json\/wp\/v2\/product_brand?post=2632"},{"taxonomy":"product_cat","embeddable":true,"href":"https:\/\/www.sestogrado.it\/en\/wp-json\/wp\/v2\/product_cat?post=2632"},{"taxonomy":"product_tag","embeddable":true,"href":"https:\/\/www.sestogrado.it\/en\/wp-json\/wp\/v2\/product_tag?post=2632"}],"curies":[{"name":"wp","href":"https:\/\/api.w.org\/{rel}","templated":true}]}}