{"id":26294,"date":"2020-01-16T11:28:15","date_gmt":"2020-01-16T10:28:15","guid":{"rendered":"https:\/\/www.sestogrado.it\/?post_type=product&#038;p=26294"},"modified":"2025-08-08T11:22:20","modified_gmt":"2025-08-08T09:22:20","slug":"1001-consigli-per-larrampicata","status":"publish","type":"product","link":"https:\/\/www.sestogrado.it\/en\/prodotto\/1001-consigli-per-larrampicata\/","title":{"rendered":"1001 consigli per l&#8217;arrampicata"},"content":{"rendered":"<p class=\"qtranxs-available-languages-message qtranxs-available-languages-message-en\">Sorry, this entry is only available in <a href=\"https:\/\/www.sestogrado.it\/it\/wp-json\/wp\/v2\/product\/26294\" class=\"qtranxs-available-language-link qtranxs-available-language-link-it\" title=\"Italiano\">Italiano<\/a>.<\/p>","protected":false},"excerpt":{"rendered":"<p>Sorry, this entry is only available in Italiano.<\/p>\n","protected":false},"featured_media":26295,"comment_status":"open","ping_status":"closed","template":"","meta":{"_acf_changed":false},"product_brand":[99],"product_cat":[98],"product_tag":[],"class_list":{"0":"post-26294","1":"product","2":"type-product","3":"status-publish","4":"has-post-thumbnail","6":"product_brand-versante-sud","7":"product_cat-libri","9":"first","10":"instock","11":"taxable","12":"shipping-taxable","13":"purchasable","14":"product-type-simple"},"acf":[],"yoast_head":"<!-- This site is optimized with the Yoast SEO plugin v26.4 - https:\/\/yoast.com\/wordpress\/plugins\/seo\/ -->\n<title>1001 consigli per l&#039;arrampicata - Sestogrado<\/title>\n<meta name=\"description\" content=\"Immaginate che un alieno atterri sul nostro pianeta e infili una sonda nel cervello di un climber \u2013 uno che scala da pi\u00f9 di trent\u2019anni \u2013 per trasformarne il contenuto in un librone di dritte e consigli per l\u2019arrampicata. Ecco, quel libro \u00e8 proprio\u00a01001 Consigli per l\u2019arrampicata\u00a0di\u00a0Andy\u00a0Kirkpatrick.Non si tratta del classico manuale di istruzioni,\u00a0\u00e8 molto pi\u00f9 utile. \u00c8 una ricca raccolta di\u00a0tutti quei piccoli accorgimenti che fanno la differenza: in\u00a0falesia, in\u00a0montagna\u00a0o durante la\u00a0pianificazione\u00a0della vostra prossima\u00a0spedizione. \u00c8 un libro per tutti quelli gi\u00e0\u00a0abituati alle grandi pareti, ma anche per chi frequenta solo saltuariamente la montagna. Questi consigli sono fondati su\u00a0trent\u2019anni di ossessione per l\u2019arrampicata, oltre che su diciannove salite di\u00a0El Cap,\u00a0numerose pareti nord sulle Alpi, esplorazioni delle calotte polari e molte altre spedizioni e scalate impressionanti.Andy Kirkpatrick ha la reputazione di essere uno che va alla ricerca di\u00a0vie in cui il pericolo \u00e8 reale\u00a0e quel che torna indietro al climber \u00e8 piuttosto impalpabile. Si \u00e8 spinto su alcune delle pareti e dei versanti pi\u00f9 duri delle Alpi e non solo.\" \/>\n<meta name=\"robots\" content=\"index, follow, max-snippet:-1, max-image-preview:large, max-video-preview:-1\" \/>\n<link rel=\"canonical\" href=\"https:\/\/www.sestogrado.it\/en\/prodotto\/1001-consigli-per-larrampicata\/\" \/>\n<meta property=\"og:locale\" content=\"en_US\" \/>\n<meta property=\"og:type\" content=\"article\" \/>\n<meta property=\"og:title\" content=\"1001 consigli per l&#039;arrampicata - Sestogrado\" \/>\n<meta property=\"og:description\" content=\"Immaginate che un alieno atterri sul nostro pianeta e infili una sonda nel cervello di un climber \u2013 uno che scala da pi\u00f9 di trent\u2019anni \u2013 per trasformarne il contenuto in un librone di dritte e consigli per l\u2019arrampicata. Ecco, quel libro \u00e8 proprio\u00a01001 Consigli per l\u2019arrampicata\u00a0di\u00a0Andy\u00a0Kirkpatrick.Non si tratta del classico manuale di istruzioni,\u00a0\u00e8 molto pi\u00f9 utile. \u00c8 una ricca raccolta di\u00a0tutti quei piccoli accorgimenti che fanno la differenza: in\u00a0falesia, in\u00a0montagna\u00a0o durante la\u00a0pianificazione\u00a0della vostra prossima\u00a0spedizione. \u00c8 un libro per tutti quelli gi\u00e0\u00a0abituati alle grandi pareti, ma anche per chi frequenta solo saltuariamente la montagna. Questi consigli sono fondati su\u00a0trent\u2019anni di ossessione per l\u2019arrampicata, oltre che su diciannove salite di\u00a0El Cap,\u00a0numerose pareti nord sulle Alpi, esplorazioni delle calotte polari e molte altre spedizioni e scalate impressionanti.Andy Kirkpatrick ha la reputazione di essere uno che va alla ricerca di\u00a0vie in cui il pericolo \u00e8 reale\u00a0e quel che torna indietro al climber \u00e8 piuttosto impalpabile. Si \u00e8 spinto su alcune delle pareti e dei versanti pi\u00f9 duri delle Alpi e non solo.\" \/>\n<meta property=\"og:url\" content=\"https:\/\/www.sestogrado.it\/en\/prodotto\/1001-consigli-per-larrampicata\/\" \/>\n<meta property=\"og:site_name\" content=\"Sestogrado\" \/>\n<meta property=\"article:publisher\" content=\"https:\/\/www.facebook.com\/pages\/Sestogrado\/1542635979353017?ref=bookmarks\" \/>\n<meta property=\"article:modified_time\" content=\"2025-08-08T09:22:20+00:00\" \/>\n<meta property=\"og:image\" content=\"https:\/\/www.sestogrado.it\/wp-content\/uploads\/2020\/01\/1001.jpg\" \/>\n\t<meta property=\"og:image:width\" content=\"854\" \/>\n\t<meta property=\"og:image:height\" content=\"854\" \/>\n\t<meta property=\"og:image:type\" content=\"image\/jpeg\" \/>\n<meta name=\"twitter:label1\" content=\"Price\" \/>\n\t<meta name=\"twitter:data1\" content=\"&euro;&nbsp;34,00\" \/>\n\t<meta name=\"twitter:label2\" content=\"Availability\" \/>\n\t<meta name=\"twitter:data2\" content=\"In stock\" \/>\n<script type=\"application\/ld+json\" class=\"yoast-schema-graph\">{\"@context\":\"https:\/\/schema.org\",\"@graph\":[{\"@type\":\"WebPage\",\"@id\":\"https:\/\/www.sestogrado.it\/en\/prodotto\/1001-consigli-per-larrampicata\/\",\"url\":\"https:\/\/www.sestogrado.it\/en\/prodotto\/1001-consigli-per-larrampicata\/\",\"name\":\"1001 consigli per l'arrampicata - Sestogrado\",\"isPartOf\":{\"@id\":\"https:\/\/www.sestogrado.it\/en\/#website\"},\"primaryImageOfPage\":{\"@id\":\"https:\/\/www.sestogrado.it\/en\/prodotto\/1001-consigli-per-larrampicata\/#primaryimage\"},\"image\":{\"@id\":\"https:\/\/www.sestogrado.it\/prodotto\/1001-consigli-per-larrampicata\/#primaryimage\"},\"thumbnailUrl\":\"https:\/\/www.sestogrado.it\/wp-content\/uploads\/2020\/01\/1001.jpg\",\"datePublished\":\"2020-01-16T10:28:15+00:00\",\"dateModified\":\"2025-08-08T09:22:20+00:00\",\"description\":\"Immaginate che un alieno atterri sul nostro pianeta e infili una sonda nel cervello di un climber \u2013 uno che scala da pi\u00f9 di trent\u2019anni \u2013 per trasformarne il contenuto in un librone di dritte e consigli per l\u2019arrampicata. Ecco, quel libro \u00e8 proprio\u00a01001 Consigli per l\u2019arrampicata\u00a0di\u00a0Andy\u00a0Kirkpatrick.Non si tratta del classico manuale di istruzioni,\u00a0\u00e8 molto pi\u00f9 utile. \u00c8 una ricca raccolta di\u00a0tutti quei piccoli accorgimenti che fanno la differenza: in\u00a0falesia, in\u00a0montagna\u00a0o durante la\u00a0pianificazione\u00a0della vostra prossima\u00a0spedizione. \u00c8 un libro per tutti quelli gi\u00e0\u00a0abituati alle grandi pareti, ma anche per chi frequenta solo saltuariamente la montagna. Questi consigli sono fondati su\u00a0trent\u2019anni di ossessione per l\u2019arrampicata, oltre che su diciannove salite di\u00a0El Cap,\u00a0numerose pareti nord sulle Alpi, esplorazioni delle calotte polari e molte altre spedizioni e scalate impressionanti.Andy Kirkpatrick ha la reputazione di essere uno che va alla ricerca di\u00a0vie in cui il pericolo \u00e8 reale\u00a0e quel che torna indietro al climber \u00e8 piuttosto impalpabile. Si \u00e8 spinto su alcune delle pareti e dei versanti pi\u00f9 duri delle Alpi e non solo.\",\"breadcrumb\":{\"@id\":\"https:\/\/www.sestogrado.it\/en\/prodotto\/1001-consigli-per-larrampicata\/#breadcrumb\"},\"inLanguage\":\"en-US\",\"potentialAction\":[{\"@type\":\"ReadAction\",\"target\":[[\"https:\/\/www.sestogrado.it\/en\/prodotto\/1001-consigli-per-larrampicata\/\"]]}]},{\"@type\":\"ImageObject\",\"inLanguage\":\"en-US\",\"@id\":\"https:\/\/www.sestogrado.it\/en\/prodotto\/1001-consigli-per-larrampicata\/#primaryimage\",\"url\":\"https:\/\/www.sestogrado.it\/wp-content\/uploads\/2020\/01\/1001.jpg\",\"contentUrl\":\"https:\/\/www.sestogrado.it\/wp-content\/uploads\/2020\/01\/1001.jpg\",\"width\":854,\"height\":854,\"caption\":\"1001 consigli arrampicata\"},{\"@type\":\"BreadcrumbList\",\"@id\":\"https:\/\/www.sestogrado.it\/en\/prodotto\/1001-consigli-per-larrampicata\/#breadcrumb\",\"itemListElement\":[{\"@type\":\"ListItem\",\"position\":1,\"name\":\"Home\",\"item\":\"https:\/\/www.sestogrado.it\/en\/\"},{\"@type\":\"ListItem\",\"position\":2,\"name\":\"Shop\",\"item\":\"https:\/\/www.sestogrado.it\/en\/shop\/\"},{\"@type\":\"ListItem\",\"position\":3,\"name\":\"1001 consigli per l&#8217;arrampicata\"}]},{\"@type\":\"WebSite\",\"@id\":\"https:\/\/www.sestogrado.it\/en\/#website\",\"url\":\"https:\/\/www.sestogrado.it\/en\/\",\"name\":\"Sestogrado\",\"description\":\"yes we climb\",\"publisher\":{\"@id\":\"https:\/\/www.sestogrado.it\/en\/#organization\"},\"potentialAction\":[{\"@type\":\"SearchAction\",\"target\":{\"@type\":\"EntryPoint\",\"urlTemplate\":\"https:\/\/www.sestogrado.it\/en\/?s={search_term_string}\"},\"query-input\":{\"@type\":\"PropertyValueSpecification\",\"valueRequired\":true,\"valueName\":\"search_term_string\"}}],\"inLanguage\":\"en-US\"},{\"@type\":\"Organization\",\"@id\":\"https:\/\/www.sestogrado.it\/en\/#organization\",\"name\":\"Sestogrado\",\"url\":\"https:\/\/www.sestogrado.it\/en\/\",\"logo\":{\"@type\":\"ImageObject\",\"inLanguage\":\"en-US\",\"@id\":\"https:\/\/www.sestogrado.it\/en\/#\/schema\/logo\/image\/\",\"url\":\"https:\/\/www.sestogrado.it\/wp-content\/uploads\/2015\/03\/sestogrado-favicon.png\",\"contentUrl\":\"https:\/\/www.sestogrado.it\/wp-content\/uploads\/2015\/03\/sestogrado-favicon.png\",\"width\":260,\"height\":260,\"caption\":\"Sestogrado\"},\"image\":{\"@id\":\"https:\/\/www.sestogrado.it\/en\/#\/schema\/logo\/image\/\"},\"sameAs\":[\"https:\/\/www.facebook.com\/pages\/Sestogrado\/1542635979353017?ref=bookmarks\",\"https:\/\/www.youtube.com\/channel\/UC847kAfTkaJsWpc1jtQwr3Q\"],\"hasMerchantReturnPolicy\":{\"@type\":\"MerchantReturnPolicy\",\"merchantReturnLink\":\"https:\/\/www.sestogrado.it\/en\/termini-e-condizioni\/\"}}]}<\/script>\n<meta property=\"product:brand\" content=\"Versante Sud\" \/>\n<meta property=\"product:price:amount\" content=\"34.00\" \/>\n<meta property=\"product:price:currency\" content=\"EUR\" \/>\n<meta property=\"og:availability\" content=\"instock\" \/>\n<meta property=\"product:availability\" content=\"instock\" \/>\n<meta property=\"product:condition\" content=\"new\" \/>\n<!-- \/ Yoast SEO plugin. -->","yoast_head_json":{"title":"1001 consigli per l'arrampicata - Sestogrado","description":"Immaginate che un alieno atterri sul nostro pianeta e infili una sonda nel cervello di un climber \u2013 uno che scala da pi\u00f9 di trent\u2019anni \u2013 per trasformarne il contenuto in un librone di dritte e consigli per l\u2019arrampicata. Ecco, quel libro \u00e8 proprio\u00a01001 Consigli per l\u2019arrampicata\u00a0di\u00a0Andy\u00a0Kirkpatrick.Non si tratta del classico manuale di istruzioni,\u00a0\u00e8 molto pi\u00f9 utile. \u00c8 una ricca raccolta di\u00a0tutti quei piccoli accorgimenti che fanno la differenza: in\u00a0falesia, in\u00a0montagna\u00a0o durante la\u00a0pianificazione\u00a0della vostra prossima\u00a0spedizione. \u00c8 un libro per tutti quelli gi\u00e0\u00a0abituati alle grandi pareti, ma anche per chi frequenta solo saltuariamente la montagna. Questi consigli sono fondati su\u00a0trent\u2019anni di ossessione per l\u2019arrampicata, oltre che su diciannove salite di\u00a0El Cap,\u00a0numerose pareti nord sulle Alpi, esplorazioni delle calotte polari e molte altre spedizioni e scalate impressionanti.Andy Kirkpatrick ha la reputazione di essere uno che va alla ricerca di\u00a0vie in cui il pericolo \u00e8 reale\u00a0e quel che torna indietro al climber \u00e8 piuttosto impalpabile. Si \u00e8 spinto su alcune delle pareti e dei versanti pi\u00f9 duri delle Alpi e non solo.","robots":{"index":"index","follow":"follow","max-snippet":"max-snippet:-1","max-image-preview":"max-image-preview:large","max-video-preview":"max-video-preview:-1"},"canonical":"https:\/\/www.sestogrado.it\/en\/prodotto\/1001-consigli-per-larrampicata\/","og_locale":"en_US","og_type":"article","og_title":"1001 consigli per l'arrampicata - Sestogrado","og_description":"Immaginate che un alieno atterri sul nostro pianeta e infili una sonda nel cervello di un climber \u2013 uno che scala da pi\u00f9 di trent\u2019anni \u2013 per trasformarne il contenuto in un librone di dritte e consigli per l\u2019arrampicata. Ecco, quel libro \u00e8 proprio\u00a01001 Consigli per l\u2019arrampicata\u00a0di\u00a0Andy\u00a0Kirkpatrick.Non si tratta del classico manuale di istruzioni,\u00a0\u00e8 molto pi\u00f9 utile. \u00c8 una ricca raccolta di\u00a0tutti quei piccoli accorgimenti che fanno la differenza: in\u00a0falesia, in\u00a0montagna\u00a0o durante la\u00a0pianificazione\u00a0della vostra prossima\u00a0spedizione. \u00c8 un libro per tutti quelli gi\u00e0\u00a0abituati alle grandi pareti, ma anche per chi frequenta solo saltuariamente la montagna. Questi consigli sono fondati su\u00a0trent\u2019anni di ossessione per l\u2019arrampicata, oltre che su diciannove salite di\u00a0El Cap,\u00a0numerose pareti nord sulle Alpi, esplorazioni delle calotte polari e molte altre spedizioni e scalate impressionanti.Andy Kirkpatrick ha la reputazione di essere uno che va alla ricerca di\u00a0vie in cui il pericolo \u00e8 reale\u00a0e quel che torna indietro al climber \u00e8 piuttosto impalpabile. Si \u00e8 spinto su alcune delle pareti e dei versanti pi\u00f9 duri delle Alpi e non solo.","og_url":"https:\/\/www.sestogrado.it\/en\/prodotto\/1001-consigli-per-larrampicata\/","og_site_name":"Sestogrado","article_publisher":"https:\/\/www.facebook.com\/pages\/Sestogrado\/1542635979353017?ref=bookmarks","article_modified_time":"2025-08-08T09:22:20+00:00","og_image":[{"width":854,"height":854,"url":"https:\/\/www.sestogrado.it\/wp-content\/uploads\/2020\/01\/1001.jpg","type":"image\/jpeg"}],"twitter_misc":{"Price":"&euro;&nbsp;34,00","Availability":"In stock"},"schema":{"@context":"https:\/\/schema.org","@graph":[{"@type":"WebPage","@id":"https:\/\/www.sestogrado.it\/en\/prodotto\/1001-consigli-per-larrampicata\/","url":"https:\/\/www.sestogrado.it\/en\/prodotto\/1001-consigli-per-larrampicata\/","name":"1001 consigli per l'arrampicata - Sestogrado","isPartOf":{"@id":"https:\/\/www.sestogrado.it\/en\/#website"},"primaryImageOfPage":{"@id":"https:\/\/www.sestogrado.it\/en\/prodotto\/1001-consigli-per-larrampicata\/#primaryimage"},"image":{"@id":"https:\/\/www.sestogrado.it\/prodotto\/1001-consigli-per-larrampicata\/#primaryimage"},"thumbnailUrl":"https:\/\/www.sestogrado.it\/wp-content\/uploads\/2020\/01\/1001.jpg","datePublished":"2020-01-16T10:28:15+00:00","dateModified":"2025-08-08T09:22:20+00:00","description":"Immaginate che un alieno atterri sul nostro pianeta e infili una sonda nel cervello di un climber \u2013 uno che scala da pi\u00f9 di trent\u2019anni \u2013 per trasformarne il contenuto in un librone di dritte e consigli per l\u2019arrampicata. Ecco, quel libro \u00e8 proprio\u00a01001 Consigli per l\u2019arrampicata\u00a0di\u00a0Andy\u00a0Kirkpatrick.Non si tratta del classico manuale di istruzioni,\u00a0\u00e8 molto pi\u00f9 utile. \u00c8 una ricca raccolta di\u00a0tutti quei piccoli accorgimenti che fanno la differenza: in\u00a0falesia, in\u00a0montagna\u00a0o durante la\u00a0pianificazione\u00a0della vostra prossima\u00a0spedizione. \u00c8 un libro per tutti quelli gi\u00e0\u00a0abituati alle grandi pareti, ma anche per chi frequenta solo saltuariamente la montagna. Questi consigli sono fondati su\u00a0trent\u2019anni di ossessione per l\u2019arrampicata, oltre che su diciannove salite di\u00a0El Cap,\u00a0numerose pareti nord sulle Alpi, esplorazioni delle calotte polari e molte altre spedizioni e scalate impressionanti.Andy Kirkpatrick ha la reputazione di essere uno che va alla ricerca di\u00a0vie in cui il pericolo \u00e8 reale\u00a0e quel che torna indietro al climber \u00e8 piuttosto impalpabile. Si \u00e8 spinto su alcune delle pareti e dei versanti pi\u00f9 duri delle Alpi e non solo.","breadcrumb":{"@id":"https:\/\/www.sestogrado.it\/en\/prodotto\/1001-consigli-per-larrampicata\/#breadcrumb"},"inLanguage":"en-US","potentialAction":[{"@type":"ReadAction","target":[["https:\/\/www.sestogrado.it\/en\/prodotto\/1001-consigli-per-larrampicata\/"]]}]},{"@type":"ImageObject","inLanguage":"en-US","@id":"https:\/\/www.sestogrado.it\/en\/prodotto\/1001-consigli-per-larrampicata\/#primaryimage","url":"https:\/\/www.sestogrado.it\/wp-content\/uploads\/2020\/01\/1001.jpg","contentUrl":"https:\/\/www.sestogrado.it\/wp-content\/uploads\/2020\/01\/1001.jpg","width":854,"height":854,"caption":"1001 consigli arrampicata"},{"@type":"BreadcrumbList","@id":"https:\/\/www.sestogrado.it\/en\/prodotto\/1001-consigli-per-larrampicata\/#breadcrumb","itemListElement":[{"@type":"ListItem","position":1,"name":"Home","item":"https:\/\/www.sestogrado.it\/en\/"},{"@type":"ListItem","position":2,"name":"Shop","item":"https:\/\/www.sestogrado.it\/en\/shop\/"},{"@type":"ListItem","position":3,"name":"1001 consigli per l&#8217;arrampicata"}]},{"@type":"WebSite","@id":"https:\/\/www.sestogrado.it\/en\/#website","url":"https:\/\/www.sestogrado.it\/en\/","name":"Sestogrado","description":"yes we climb","publisher":{"@id":"https:\/\/www.sestogrado.it\/en\/#organization"},"potentialAction":[{"@type":"SearchAction","target":{"@type":"EntryPoint","urlTemplate":"https:\/\/www.sestogrado.it\/en\/?s={search_term_string}"},"query-input":{"@type":"PropertyValueSpecification","valueRequired":true,"valueName":"search_term_string"}}],"inLanguage":"en-US"},{"@type":"Organization","@id":"https:\/\/www.sestogrado.it\/en\/#organization","name":"Sestogrado","url":"https:\/\/www.sestogrado.it\/en\/","logo":{"@type":"ImageObject","inLanguage":"en-US","@id":"https:\/\/www.sestogrado.it\/en\/#\/schema\/logo\/image\/","url":"https:\/\/www.sestogrado.it\/wp-content\/uploads\/2015\/03\/sestogrado-favicon.png","contentUrl":"https:\/\/www.sestogrado.it\/wp-content\/uploads\/2015\/03\/sestogrado-favicon.png","width":260,"height":260,"caption":"Sestogrado"},"image":{"@id":"https:\/\/www.sestogrado.it\/en\/#\/schema\/logo\/image\/"},"sameAs":["https:\/\/www.facebook.com\/pages\/Sestogrado\/1542635979353017?ref=bookmarks","https:\/\/www.youtube.com\/channel\/UC847kAfTkaJsWpc1jtQwr3Q"],"hasMerchantReturnPolicy":{"@type":"MerchantReturnPolicy","merchantReturnLink":"https:\/\/www.sestogrado.it\/en\/termini-e-condizioni\/"}}]},"product_brand":"Versante Sud","product_price_amount":"34.00","product_price_currency":"EUR","og_availability":"instock","product_availability":"instock","product_condition":"new"},"_links":{"self":[{"href":"https:\/\/www.sestogrado.it\/en\/wp-json\/wp\/v2\/product\/26294","targetHints":{"allow":["GET"]}}],"collection":[{"href":"https:\/\/www.sestogrado.it\/en\/wp-json\/wp\/v2\/product"}],"about":[{"href":"https:\/\/www.sestogrado.it\/en\/wp-json\/wp\/v2\/types\/product"}],"replies":[{"embeddable":true,"href":"https:\/\/www.sestogrado.it\/en\/wp-json\/wp\/v2\/comments?post=26294"}],"wp:featuredmedia":[{"embeddable":true,"href":"https:\/\/www.sestogrado.it\/en\/wp-json\/wp\/v2\/media\/26295"}],"wp:attachment":[{"href":"https:\/\/www.sestogrado.it\/en\/wp-json\/wp\/v2\/media?parent=26294"}],"wp:term":[{"taxonomy":"product_brand","embeddable":true,"href":"https:\/\/www.sestogrado.it\/en\/wp-json\/wp\/v2\/product_brand?post=26294"},{"taxonomy":"product_cat","embeddable":true,"href":"https:\/\/www.sestogrado.it\/en\/wp-json\/wp\/v2\/product_cat?post=26294"},{"taxonomy":"product_tag","embeddable":true,"href":"https:\/\/www.sestogrado.it\/en\/wp-json\/wp\/v2\/product_tag?post=26294"}],"curies":[{"name":"wp","href":"https:\/\/api.w.org\/{rel}","templated":true}]}}