{"id":25070,"date":"2026-03-18T09:00:49","date_gmt":"2026-03-18T08:00:49","guid":{"rendered":"https:\/\/www.sestogrado.it\/?post_type=product&#038;p=25070"},"modified":"2026-04-25T06:14:18","modified_gmt":"2026-04-25T04:14:18","slug":"petzl-swift-rl-1200-reactive-lighting-lampada-frontale","status":"publish","type":"product","link":"https:\/\/www.sestogrado.it\/en\/prodotto\/petzl-swift-rl-1200-reactive-lighting-lampada-frontale\/","title":{"rendered":"Petzl Swift RL Compact multi-beam headlamp"},"content":{"rendered":"<p>With 900 lumen brightness at only 100 g, SWIFT RL is the most powerful of the Petzl compact headlamps. With REACTIVE LIGHTING technology, a sensor analyzes the ambient light and automatically adjusts the brightness to user requirements. The headband is reflective for night visibility. It has a two-part construction for excellent stability in dynamic and committing activities such as mountaineering, trail running or skiing. SWIFT RL is intuitive, with a single button for easy control over all lamp functions. Rechargeable, it has a five-level gauge for precise monitoring of the battery charge level.<\/p>\n<ul>\n<li>Ultra-bright and lightweight: 900 lumens at only 100 g.<\/li>\n<li>Optimized comfort and burn time:<br \/>\n&#8211; longer burn time, greater visual comfort and less manual operation with REACTIVE LIGHTING mode: the light sensor automatically adjusts brightness and beam pattern, optimizing battery usage<br \/>\n&#8211; visual comfort, from the two beam patterns (flood or mixed) giving high-performance lighting for outdoor activities: proximity vision, movement and distance vision<br \/>\n&#8211; comfortable wear, from the ergonomic adjustable headband with two-part construction (Petzl patent), for optimal stability during dynamic activities<br \/>\n&#8211; reflective headband for night visibility<br \/>\n&#8211; Lithium-Ion 2350 mAh battery, rechargeable via the type B micro USB port, with battery charge indicator<\/li>\n<li>Intuitive and convenient to use:<br \/>\n&#8211; ease of use, with a single button providing control over all functions: ON\/OFF, lighting modes, brightness and locking<br \/>\n&#8211; choice of two lighting modes, selected with a long press: REACTIVE LIGHTING or STANDARD LIGHTING<br \/>\n&#8211; LOCK function to avoid accidentally turning it on during transit or storage, or to lock lighting settings during your activity<br \/>\n&#8211; five-level gauge for precise monitoring of the battery charge level<br \/>\n&#8211; headlamp can be tilted upward for seeing ahead when it is worn around the neck.<br \/>\n&#8211; detachable, washable headband<\/li>\n<\/ul>\n<p><\/p>","protected":false},"excerpt":{"rendered":"<p>With 900 lumen brightness at only 100 g, SWIFT RL is the most powerful of the Petzl compact headlamps. With [&hellip;]<\/p>\n","protected":false},"featured_media":213485,"comment_status":"open","ping_status":"closed","template":"","meta":{"_acf_changed":false},"product_brand":[50],"product_cat":[380],"product_tag":[417,461],"class_list":{"0":"post-25070","1":"product","2":"type-product","3":"status-publish","4":"has-post-thumbnail","6":"product_brand-petzl","7":"product_cat-illuminazione","8":"product_tag-frontale","9":"product_tag-lampada-frontale","11":"first","12":"instock","13":"sale","14":"taxable","15":"shipping-taxable","16":"purchasable","17":"product-type-variable"},"acf":[],"yoast_head":"<!-- This site is optimized with the Yoast SEO plugin v26.4 - https:\/\/yoast.com\/wordpress\/plugins\/seo\/ -->\n<title>Petzl Swift RL Compact multi-beam headlamp - Sestogrado<\/title>\n<meta name=\"description\" content=\"Con 1200 lumen per 92 g, SWIFT RL \u00e8 la lampada frontale per tutte le vostre escursioni sportive notturne pi\u00f9 impegnative! Dotata della tecnologia REACTIVE LIGHTING, un sensore valuta la luminosit\u00e0 ambientale e adatta automaticamente la potenza d\u2019illuminazione alle vostre esigenze. Ultrasottile, modulare e facile da regolare, la sua fascia elastica sa farsi dimenticare, pur assicurando una stabilit\u00e0 ottimale nelle escursioni dinamiche e impegnative di alpinismo o sci. Si pu\u00f2 contare anche sull\u2019illuminazione rossa, fissa o lampeggiante, in caso di necessit\u00e0. Ricaricabile, sar\u00e0 sempre pronta per accompagnarvi nelle vostre escursioni sotto le stelle.\" \/>\n<meta name=\"robots\" content=\"index, follow, max-snippet:-1, max-image-preview:large, max-video-preview:-1\" \/>\n<link rel=\"canonical\" href=\"https:\/\/www.sestogrado.it\/en\/prodotto\/petzl-swift-rl-1200-reactive-lighting-lampada-frontale\/\" \/>\n<meta property=\"og:locale\" content=\"en_US\" \/>\n<meta property=\"og:type\" content=\"article\" \/>\n<meta property=\"og:title\" content=\"Petzl Swift RL Compact multi-beam headlamp - Sestogrado\" \/>\n<meta property=\"og:description\" content=\"Con 1200 lumen per 92 g, SWIFT RL \u00e8 la lampada frontale per tutte le vostre escursioni sportive notturne pi\u00f9 impegnative! Dotata della tecnologia REACTIVE LIGHTING, un sensore valuta la luminosit\u00e0 ambientale e adatta automaticamente la potenza d\u2019illuminazione alle vostre esigenze. Ultrasottile, modulare e facile da regolare, la sua fascia elastica sa farsi dimenticare, pur assicurando una stabilit\u00e0 ottimale nelle escursioni dinamiche e impegnative di alpinismo o sci. Si pu\u00f2 contare anche sull\u2019illuminazione rossa, fissa o lampeggiante, in caso di necessit\u00e0. Ricaricabile, sar\u00e0 sempre pronta per accompagnarvi nelle vostre escursioni sotto le stelle.\" \/>\n<meta property=\"og:url\" content=\"https:\/\/www.sestogrado.it\/en\/prodotto\/petzl-swift-rl-1200-reactive-lighting-lampada-frontale\/\" \/>\n<meta property=\"og:site_name\" content=\"Sestogrado\" \/>\n<meta property=\"article:publisher\" content=\"https:\/\/www.facebook.com\/pages\/Sestogrado\/1542635979353017?ref=bookmarks\" \/>\n<meta property=\"article:modified_time\" content=\"2026-04-25T04:14:18+00:00\" \/>\n<meta property=\"og:image\" content=\"https:\/\/www.sestogrado.it\/wp-content\/uploads\/2025\/09\/01-1.jpg\" \/>\n\t<meta property=\"og:image:width\" content=\"1200\" \/>\n\t<meta property=\"og:image:height\" content=\"1200\" \/>\n\t<meta property=\"og:image:type\" content=\"image\/jpeg\" \/>\n<meta name=\"twitter:label1\" content=\"Availability\" \/>\n\t<meta name=\"twitter:data1\" content=\"In stock\" \/>\n<script type=\"application\/ld+json\" class=\"yoast-schema-graph\">{\"@context\":\"https:\/\/schema.org\",\"@graph\":[{\"@type\":\"WebPage\",\"@id\":\"https:\/\/www.sestogrado.it\/en\/prodotto\/petzl-swift-rl-1200-reactive-lighting-lampada-frontale\/\",\"url\":\"https:\/\/www.sestogrado.it\/en\/prodotto\/petzl-swift-rl-1200-reactive-lighting-lampada-frontale\/\",\"name\":\"Petzl Swift RL Compact multi-beam headlamp - Sestogrado\",\"isPartOf\":{\"@id\":\"https:\/\/www.sestogrado.it\/en\/#website\"},\"primaryImageOfPage\":{\"@id\":\"https:\/\/www.sestogrado.it\/en\/prodotto\/petzl-swift-rl-1200-reactive-lighting-lampada-frontale\/#primaryimage\"},\"image\":{\"@id\":\"https:\/\/www.sestogrado.it\/prodotto\/petzl-swift-rl-1200-reactive-lighting-lampada-frontale\/#primaryimage\"},\"thumbnailUrl\":\"https:\/\/www.sestogrado.it\/wp-content\/uploads\/2025\/09\/01-1.jpg\",\"datePublished\":\"2026-03-18T08:00:49+00:00\",\"dateModified\":\"2026-04-25T04:14:18+00:00\",\"description\":\"Con 1200 lumen per 92 g, SWIFT RL \u00e8 la lampada frontale per tutte le vostre escursioni sportive notturne pi\u00f9 impegnative! Dotata della tecnologia REACTIVE LIGHTING, un sensore valuta la luminosit\u00e0 ambientale e adatta automaticamente la potenza d\u2019illuminazione alle vostre esigenze. Ultrasottile, modulare e facile da regolare, la sua fascia elastica sa farsi dimenticare, pur assicurando una stabilit\u00e0 ottimale nelle escursioni dinamiche e impegnative di alpinismo o sci. Si pu\u00f2 contare anche sull\u2019illuminazione rossa, fissa o lampeggiante, in caso di necessit\u00e0. Ricaricabile, sar\u00e0 sempre pronta per accompagnarvi nelle vostre escursioni sotto le stelle.\",\"breadcrumb\":{\"@id\":\"https:\/\/www.sestogrado.it\/en\/prodotto\/petzl-swift-rl-1200-reactive-lighting-lampada-frontale\/#breadcrumb\"},\"inLanguage\":\"en-US\",\"potentialAction\":[{\"@type\":\"ReadAction\",\"target\":[[\"https:\/\/www.sestogrado.it\/en\/prodotto\/petzl-swift-rl-1200-reactive-lighting-lampada-frontale\/\"]]}]},{\"@type\":\"ImageObject\",\"inLanguage\":\"en-US\",\"@id\":\"https:\/\/www.sestogrado.it\/en\/prodotto\/petzl-swift-rl-1200-reactive-lighting-lampada-frontale\/#primaryimage\",\"url\":\"https:\/\/www.sestogrado.it\/wp-content\/uploads\/2025\/09\/01-1.jpg\",\"contentUrl\":\"https:\/\/www.sestogrado.it\/wp-content\/uploads\/2025\/09\/01-1.jpg\",\"width\":1200,\"height\":1200,\"caption\":\"swift arancio nero\"},{\"@type\":\"BreadcrumbList\",\"@id\":\"https:\/\/www.sestogrado.it\/en\/prodotto\/petzl-swift-rl-1200-reactive-lighting-lampada-frontale\/#breadcrumb\",\"itemListElement\":[{\"@type\":\"ListItem\",\"position\":1,\"name\":\"Home\",\"item\":\"https:\/\/www.sestogrado.it\/en\/\"},{\"@type\":\"ListItem\",\"position\":2,\"name\":\"Shop\",\"item\":\"https:\/\/www.sestogrado.it\/en\/shop\/\"},{\"@type\":\"ListItem\",\"position\":3,\"name\":\"Petzl Swift RL 1200 Reactive Lighting lampada frontale\"}]},{\"@type\":\"WebSite\",\"@id\":\"https:\/\/www.sestogrado.it\/en\/#website\",\"url\":\"https:\/\/www.sestogrado.it\/en\/\",\"name\":\"Sestogrado\",\"description\":\"yes we climb\",\"publisher\":{\"@id\":\"https:\/\/www.sestogrado.it\/en\/#organization\"},\"potentialAction\":[{\"@type\":\"SearchAction\",\"target\":{\"@type\":\"EntryPoint\",\"urlTemplate\":\"https:\/\/www.sestogrado.it\/en\/?s={search_term_string}\"},\"query-input\":{\"@type\":\"PropertyValueSpecification\",\"valueRequired\":true,\"valueName\":\"search_term_string\"}}],\"inLanguage\":\"en-US\"},{\"@type\":\"Organization\",\"@id\":\"https:\/\/www.sestogrado.it\/en\/#organization\",\"name\":\"Sestogrado\",\"url\":\"https:\/\/www.sestogrado.it\/en\/\",\"logo\":{\"@type\":\"ImageObject\",\"inLanguage\":\"en-US\",\"@id\":\"https:\/\/www.sestogrado.it\/en\/#\/schema\/logo\/image\/\",\"url\":\"https:\/\/www.sestogrado.it\/wp-content\/uploads\/2015\/03\/sestogrado-favicon.png\",\"contentUrl\":\"https:\/\/www.sestogrado.it\/wp-content\/uploads\/2015\/03\/sestogrado-favicon.png\",\"width\":260,\"height\":260,\"caption\":\"Sestogrado\"},\"image\":{\"@id\":\"https:\/\/www.sestogrado.it\/en\/#\/schema\/logo\/image\/\"},\"sameAs\":[\"https:\/\/www.facebook.com\/pages\/Sestogrado\/1542635979353017?ref=bookmarks\",\"https:\/\/www.youtube.com\/channel\/UC847kAfTkaJsWpc1jtQwr3Q\"],\"hasMerchantReturnPolicy\":{\"@type\":\"MerchantReturnPolicy\",\"merchantReturnLink\":\"https:\/\/www.sestogrado.it\/en\/termini-e-condizioni\/\"}}]}<\/script>\n<meta property=\"product:brand\" content=\"Petzl\" \/>\n<meta property=\"og:availability\" content=\"instock\" \/>\n<meta property=\"product:availability\" content=\"instock\" \/>\n<meta property=\"product:condition\" content=\"new\" \/>\n<!-- \/ Yoast SEO plugin. -->","yoast_head_json":{"title":"Petzl Swift RL Compact multi-beam headlamp - Sestogrado","description":"Con 1200 lumen per 92 g, SWIFT RL \u00e8 la lampada frontale per tutte le vostre escursioni sportive notturne pi\u00f9 impegnative! Dotata della tecnologia REACTIVE LIGHTING, un sensore valuta la luminosit\u00e0 ambientale e adatta automaticamente la potenza d\u2019illuminazione alle vostre esigenze. Ultrasottile, modulare e facile da regolare, la sua fascia elastica sa farsi dimenticare, pur assicurando una stabilit\u00e0 ottimale nelle escursioni dinamiche e impegnative di alpinismo o sci. Si pu\u00f2 contare anche sull\u2019illuminazione rossa, fissa o lampeggiante, in caso di necessit\u00e0. Ricaricabile, sar\u00e0 sempre pronta per accompagnarvi nelle vostre escursioni sotto le stelle.","robots":{"index":"index","follow":"follow","max-snippet":"max-snippet:-1","max-image-preview":"max-image-preview:large","max-video-preview":"max-video-preview:-1"},"canonical":"https:\/\/www.sestogrado.it\/en\/prodotto\/petzl-swift-rl-1200-reactive-lighting-lampada-frontale\/","og_locale":"en_US","og_type":"article","og_title":"Petzl Swift RL Compact multi-beam headlamp - Sestogrado","og_description":"Con 1200 lumen per 92 g, SWIFT RL \u00e8 la lampada frontale per tutte le vostre escursioni sportive notturne pi\u00f9 impegnative! Dotata della tecnologia REACTIVE LIGHTING, un sensore valuta la luminosit\u00e0 ambientale e adatta automaticamente la potenza d\u2019illuminazione alle vostre esigenze. Ultrasottile, modulare e facile da regolare, la sua fascia elastica sa farsi dimenticare, pur assicurando una stabilit\u00e0 ottimale nelle escursioni dinamiche e impegnative di alpinismo o sci. Si pu\u00f2 contare anche sull\u2019illuminazione rossa, fissa o lampeggiante, in caso di necessit\u00e0. Ricaricabile, sar\u00e0 sempre pronta per accompagnarvi nelle vostre escursioni sotto le stelle.","og_url":"https:\/\/www.sestogrado.it\/en\/prodotto\/petzl-swift-rl-1200-reactive-lighting-lampada-frontale\/","og_site_name":"Sestogrado","article_publisher":"https:\/\/www.facebook.com\/pages\/Sestogrado\/1542635979353017?ref=bookmarks","article_modified_time":"2026-04-25T04:14:18+00:00","og_image":[{"width":1200,"height":1200,"url":"https:\/\/www.sestogrado.it\/wp-content\/uploads\/2025\/09\/01-1.jpg","type":"image\/jpeg"}],"twitter_misc":{"Availability":"In stock"},"schema":{"@context":"https:\/\/schema.org","@graph":[{"@type":"WebPage","@id":"https:\/\/www.sestogrado.it\/en\/prodotto\/petzl-swift-rl-1200-reactive-lighting-lampada-frontale\/","url":"https:\/\/www.sestogrado.it\/en\/prodotto\/petzl-swift-rl-1200-reactive-lighting-lampada-frontale\/","name":"Petzl Swift RL Compact multi-beam headlamp - Sestogrado","isPartOf":{"@id":"https:\/\/www.sestogrado.it\/en\/#website"},"primaryImageOfPage":{"@id":"https:\/\/www.sestogrado.it\/en\/prodotto\/petzl-swift-rl-1200-reactive-lighting-lampada-frontale\/#primaryimage"},"image":{"@id":"https:\/\/www.sestogrado.it\/prodotto\/petzl-swift-rl-1200-reactive-lighting-lampada-frontale\/#primaryimage"},"thumbnailUrl":"https:\/\/www.sestogrado.it\/wp-content\/uploads\/2025\/09\/01-1.jpg","datePublished":"2026-03-18T08:00:49+00:00","dateModified":"2026-04-25T04:14:18+00:00","description":"Con 1200 lumen per 92 g, SWIFT RL \u00e8 la lampada frontale per tutte le vostre escursioni sportive notturne pi\u00f9 impegnative! Dotata della tecnologia REACTIVE LIGHTING, un sensore valuta la luminosit\u00e0 ambientale e adatta automaticamente la potenza d\u2019illuminazione alle vostre esigenze. Ultrasottile, modulare e facile da regolare, la sua fascia elastica sa farsi dimenticare, pur assicurando una stabilit\u00e0 ottimale nelle escursioni dinamiche e impegnative di alpinismo o sci. Si pu\u00f2 contare anche sull\u2019illuminazione rossa, fissa o lampeggiante, in caso di necessit\u00e0. Ricaricabile, sar\u00e0 sempre pronta per accompagnarvi nelle vostre escursioni sotto le stelle.","breadcrumb":{"@id":"https:\/\/www.sestogrado.it\/en\/prodotto\/petzl-swift-rl-1200-reactive-lighting-lampada-frontale\/#breadcrumb"},"inLanguage":"en-US","potentialAction":[{"@type":"ReadAction","target":[["https:\/\/www.sestogrado.it\/en\/prodotto\/petzl-swift-rl-1200-reactive-lighting-lampada-frontale\/"]]}]},{"@type":"ImageObject","inLanguage":"en-US","@id":"https:\/\/www.sestogrado.it\/en\/prodotto\/petzl-swift-rl-1200-reactive-lighting-lampada-frontale\/#primaryimage","url":"https:\/\/www.sestogrado.it\/wp-content\/uploads\/2025\/09\/01-1.jpg","contentUrl":"https:\/\/www.sestogrado.it\/wp-content\/uploads\/2025\/09\/01-1.jpg","width":1200,"height":1200,"caption":"swift arancio nero"},{"@type":"BreadcrumbList","@id":"https:\/\/www.sestogrado.it\/en\/prodotto\/petzl-swift-rl-1200-reactive-lighting-lampada-frontale\/#breadcrumb","itemListElement":[{"@type":"ListItem","position":1,"name":"Home","item":"https:\/\/www.sestogrado.it\/en\/"},{"@type":"ListItem","position":2,"name":"Shop","item":"https:\/\/www.sestogrado.it\/en\/shop\/"},{"@type":"ListItem","position":3,"name":"Petzl Swift RL 1200 Reactive Lighting lampada frontale"}]},{"@type":"WebSite","@id":"https:\/\/www.sestogrado.it\/en\/#website","url":"https:\/\/www.sestogrado.it\/en\/","name":"Sestogrado","description":"yes we climb","publisher":{"@id":"https:\/\/www.sestogrado.it\/en\/#organization"},"potentialAction":[{"@type":"SearchAction","target":{"@type":"EntryPoint","urlTemplate":"https:\/\/www.sestogrado.it\/en\/?s={search_term_string}"},"query-input":{"@type":"PropertyValueSpecification","valueRequired":true,"valueName":"search_term_string"}}],"inLanguage":"en-US"},{"@type":"Organization","@id":"https:\/\/www.sestogrado.it\/en\/#organization","name":"Sestogrado","url":"https:\/\/www.sestogrado.it\/en\/","logo":{"@type":"ImageObject","inLanguage":"en-US","@id":"https:\/\/www.sestogrado.it\/en\/#\/schema\/logo\/image\/","url":"https:\/\/www.sestogrado.it\/wp-content\/uploads\/2015\/03\/sestogrado-favicon.png","contentUrl":"https:\/\/www.sestogrado.it\/wp-content\/uploads\/2015\/03\/sestogrado-favicon.png","width":260,"height":260,"caption":"Sestogrado"},"image":{"@id":"https:\/\/www.sestogrado.it\/en\/#\/schema\/logo\/image\/"},"sameAs":["https:\/\/www.facebook.com\/pages\/Sestogrado\/1542635979353017?ref=bookmarks","https:\/\/www.youtube.com\/channel\/UC847kAfTkaJsWpc1jtQwr3Q"],"hasMerchantReturnPolicy":{"@type":"MerchantReturnPolicy","merchantReturnLink":"https:\/\/www.sestogrado.it\/en\/termini-e-condizioni\/"}}]},"product_brand":"Petzl","og_availability":"instock","product_availability":"instock","product_condition":"new"},"_links":{"self":[{"href":"https:\/\/www.sestogrado.it\/en\/wp-json\/wp\/v2\/product\/25070","targetHints":{"allow":["GET"]}}],"collection":[{"href":"https:\/\/www.sestogrado.it\/en\/wp-json\/wp\/v2\/product"}],"about":[{"href":"https:\/\/www.sestogrado.it\/en\/wp-json\/wp\/v2\/types\/product"}],"replies":[{"embeddable":true,"href":"https:\/\/www.sestogrado.it\/en\/wp-json\/wp\/v2\/comments?post=25070"}],"wp:featuredmedia":[{"embeddable":true,"href":"https:\/\/www.sestogrado.it\/en\/wp-json\/wp\/v2\/media\/213485"}],"wp:attachment":[{"href":"https:\/\/www.sestogrado.it\/en\/wp-json\/wp\/v2\/media?parent=25070"}],"wp:term":[{"taxonomy":"product_brand","embeddable":true,"href":"https:\/\/www.sestogrado.it\/en\/wp-json\/wp\/v2\/product_brand?post=25070"},{"taxonomy":"product_cat","embeddable":true,"href":"https:\/\/www.sestogrado.it\/en\/wp-json\/wp\/v2\/product_cat?post=25070"},{"taxonomy":"product_tag","embeddable":true,"href":"https:\/\/www.sestogrado.it\/en\/wp-json\/wp\/v2\/product_tag?post=25070"}],"curies":[{"name":"wp","href":"https:\/\/api.w.org\/{rel}","templated":true}]}}