{"id":24019,"date":"2025-11-15T08:00:48","date_gmt":"2025-11-15T07:00:48","guid":{"rendered":"https:\/\/www.sestogrado.it\/?post_type=product&#038;p=24019"},"modified":"2025-11-18T08:42:49","modified_gmt":"2025-11-18T07:42:49","slug":"black-diamond-hydra-piccozza-da-ghiaccio","status":"publish","type":"product","link":"https:\/\/www.sestogrado.it\/en\/prodotto\/black-diamond-hydra-piccozza-da-ghiaccio\/","title":{"rendered":"Black Diamond Hydra Ice Tool"},"content":{"rendered":"<p>A revolution in versatility, the Hydra Ice Tool is a true modular system that can be configured to match any mission, from pure ice to technical alpine, to mixed comp climbing.<\/p>\n<ul class=\"metafield-single_line_text_field-array\">\n<li class=\"metafield-single_line_text_field\">A modular ice tool that can be customized for specific objectives<\/li>\n<li class=\"metafield-single_line_text_field\">Shaft geometry is optimized for climbing on steep ice and rock<\/li>\n<li class=\"metafield-single_line_text_field\">All I.C.E. picks have undergone a unique, proprietary heat treatment to maximize durability<\/li>\n<li class=\"metafield-single_line_text_field\">Designed to easily rack on ice clippers<\/li>\n<li class=\"metafield-single_line_text_field\">Optimized grip geometry for maximum stability in first and second positions in steep terrain<\/li>\n<li class=\"metafield-single_line_text_field\">Ultra-stiff, hydroformed shaft with over-molded adjustable grip<\/li>\n<li class=\"metafield-single_line_text_field\">Includes I.C.E pick and a full suite of head accessories to match your mission<\/li>\n<li class=\"metafield-single_line_text_field\">Modular head weights allow you to dial in tool penetration without altering center of mass<\/li>\n<li class=\"metafield-single_line_text_field\">Compatible with I.C.E. system picks (Alpine, Mixed, Ice, or Dry)<\/li>\n<li class=\"metafield-single_line_text_field\">Sold individually<\/li>\n<\/ul>\n<p>&nbsp;<\/p>\n<p>&nbsp;<\/p>","protected":false},"excerpt":{"rendered":"<p>A revolution in versatility, the Hydra Ice Tool is a true modular system that can be configured to match any [&hellip;]<\/p>\n","protected":false},"featured_media":203447,"comment_status":"open","ping_status":"closed","template":"","meta":{"_acf_changed":false},"product_brand":[121],"product_cat":[152],"product_tag":[414],"class_list":{"0":"post-24019","1":"product","2":"type-product","3":"status-publish","4":"has-post-thumbnail","6":"product_brand-black-diamond","7":"product_cat-piccozze","8":"product_tag-piccozza-da-ghiaccio","10":"first","11":"instock","12":"sale","13":"taxable","14":"shipping-taxable","15":"purchasable","16":"product-type-simple"},"acf":[],"yoast_head":"<!-- This site is optimized with the Yoast SEO plugin v26.4 - https:\/\/yoast.com\/wordpress\/plugins\/seo\/ -->\n<title>Black Diamond Hydra Ice Tool - Sestogrado<\/title>\n<meta name=\"description\" content=\"La Black Diamond Hydra \u00e8 una rivoluzione in termini di versatilit\u00e0, \u00e8 un vero e proprio sistema modulare che pu\u00f2 essere configurato per adattarsi a qualsiasi missione, dal ghiaccio puro all&#039;alpinismo tecnico, all&#039;arrampicata mista.Dalle acque ghiacciate delle Alpi, alle nuove linee nella Catena dell&#039;Alaska o all&#039;arrampicata tecnica mista, la Hydra accetta una gamma completa di accessori I.C.E., tra cui piccozze, martelli, paletta, pesi per la testa, punte e distanziali per l&#039;impugnatura, consentendo di personalizzare lo strumento per adattarsi a qualsiasi missione. Il manico in idrofoam dello strumento \u00e8 progettato ergonomicamente per l&#039;arrampicata tecnica ripida, dal ghiaccio a strapiombo delle cascate all&#039;aggancio su terreni misti. Inoltre, l&#039;impugnatura pu\u00f2 essere regolata con precisione per adattarsi alla mano e offre opzioni per una punta o un pomolo pi\u00f9 bassi. Include un set di pesi per la testa leggeri e pesanti, chiavi da 4 mm e 5 mm e distanziali per l&#039;impugnatura.\" \/>\n<meta name=\"robots\" content=\"index, follow, max-snippet:-1, max-image-preview:large, max-video-preview:-1\" \/>\n<link rel=\"canonical\" href=\"https:\/\/www.sestogrado.it\/en\/prodotto\/black-diamond-hydra-piccozza-da-ghiaccio\/\" \/>\n<meta property=\"og:locale\" content=\"en_US\" \/>\n<meta property=\"og:type\" content=\"article\" \/>\n<meta property=\"og:title\" content=\"Black Diamond Hydra Ice Tool - Sestogrado\" \/>\n<meta property=\"og:description\" content=\"La Black Diamond Hydra \u00e8 una rivoluzione in termini di versatilit\u00e0, \u00e8 un vero e proprio sistema modulare che pu\u00f2 essere configurato per adattarsi a qualsiasi missione, dal ghiaccio puro all&#039;alpinismo tecnico, all&#039;arrampicata mista.Dalle acque ghiacciate delle Alpi, alle nuove linee nella Catena dell&#039;Alaska o all&#039;arrampicata tecnica mista, la Hydra accetta una gamma completa di accessori I.C.E., tra cui piccozze, martelli, paletta, pesi per la testa, punte e distanziali per l&#039;impugnatura, consentendo di personalizzare lo strumento per adattarsi a qualsiasi missione. Il manico in idrofoam dello strumento \u00e8 progettato ergonomicamente per l&#039;arrampicata tecnica ripida, dal ghiaccio a strapiombo delle cascate all&#039;aggancio su terreni misti. Inoltre, l&#039;impugnatura pu\u00f2 essere regolata con precisione per adattarsi alla mano e offre opzioni per una punta o un pomolo pi\u00f9 bassi. Include un set di pesi per la testa leggeri e pesanti, chiavi da 4 mm e 5 mm e distanziali per l&#039;impugnatura.\" \/>\n<meta property=\"og:url\" content=\"https:\/\/www.sestogrado.it\/en\/prodotto\/black-diamond-hydra-piccozza-da-ghiaccio\/\" \/>\n<meta property=\"og:site_name\" content=\"Sestogrado\" \/>\n<meta property=\"article:publisher\" content=\"https:\/\/www.facebook.com\/pages\/Sestogrado\/1542635979353017?ref=bookmarks\" \/>\n<meta property=\"article:modified_time\" content=\"2025-11-18T07:42:49+00:00\" \/>\n<meta property=\"og:image\" content=\"https:\/\/www.sestogrado.it\/wp-content\/uploads\/2025\/11\/hydra.jpg\" \/>\n\t<meta property=\"og:image:width\" content=\"2560\" \/>\n\t<meta property=\"og:image:height\" content=\"2560\" \/>\n\t<meta property=\"og:image:type\" content=\"image\/jpeg\" \/>\n<meta name=\"twitter:label1\" content=\"Price\" \/>\n\t<meta name=\"twitter:data1\" content=\"&euro;&nbsp;279,00\" \/>\n\t<meta name=\"twitter:label2\" content=\"Availability\" \/>\n\t<meta name=\"twitter:data2\" content=\"In stock\" \/>\n<script type=\"application\/ld+json\" class=\"yoast-schema-graph\">{\"@context\":\"https:\/\/schema.org\",\"@graph\":[{\"@type\":\"WebPage\",\"@id\":\"https:\/\/www.sestogrado.it\/en\/prodotto\/black-diamond-hydra-piccozza-da-ghiaccio\/\",\"url\":\"https:\/\/www.sestogrado.it\/en\/prodotto\/black-diamond-hydra-piccozza-da-ghiaccio\/\",\"name\":\"Black Diamond Hydra Ice Tool - Sestogrado\",\"isPartOf\":{\"@id\":\"https:\/\/www.sestogrado.it\/en\/#website\"},\"primaryImageOfPage\":{\"@id\":\"https:\/\/www.sestogrado.it\/en\/prodotto\/black-diamond-hydra-piccozza-da-ghiaccio\/#primaryimage\"},\"image\":{\"@id\":\"https:\/\/www.sestogrado.it\/prodotto\/black-diamond-hydra-piccozza-da-ghiaccio\/#primaryimage\"},\"thumbnailUrl\":\"https:\/\/www.sestogrado.it\/wp-content\/uploads\/2025\/11\/hydra.jpg\",\"datePublished\":\"2025-11-15T07:00:48+00:00\",\"dateModified\":\"2025-11-18T07:42:49+00:00\",\"description\":\"La Black Diamond Hydra \u00e8 una rivoluzione in termini di versatilit\u00e0, \u00e8 un vero e proprio sistema modulare che pu\u00f2 essere configurato per adattarsi a qualsiasi missione, dal ghiaccio puro all'alpinismo tecnico, all'arrampicata mista.Dalle acque ghiacciate delle Alpi, alle nuove linee nella Catena dell'Alaska o all'arrampicata tecnica mista, la Hydra accetta una gamma completa di accessori I.C.E., tra cui piccozze, martelli, paletta, pesi per la testa, punte e distanziali per l'impugnatura, consentendo di personalizzare lo strumento per adattarsi a qualsiasi missione. Il manico in idrofoam dello strumento \u00e8 progettato ergonomicamente per l'arrampicata tecnica ripida, dal ghiaccio a strapiombo delle cascate all'aggancio su terreni misti. Inoltre, l'impugnatura pu\u00f2 essere regolata con precisione per adattarsi alla mano e offre opzioni per una punta o un pomolo pi\u00f9 bassi. Include un set di pesi per la testa leggeri e pesanti, chiavi da 4 mm e 5 mm e distanziali per l'impugnatura.\",\"breadcrumb\":{\"@id\":\"https:\/\/www.sestogrado.it\/en\/prodotto\/black-diamond-hydra-piccozza-da-ghiaccio\/#breadcrumb\"},\"inLanguage\":\"en-US\",\"potentialAction\":[{\"@type\":\"ReadAction\",\"target\":[[\"https:\/\/www.sestogrado.it\/en\/prodotto\/black-diamond-hydra-piccozza-da-ghiaccio\/\"]]}]},{\"@type\":\"ImageObject\",\"inLanguage\":\"en-US\",\"@id\":\"https:\/\/www.sestogrado.it\/en\/prodotto\/black-diamond-hydra-piccozza-da-ghiaccio\/#primaryimage\",\"url\":\"https:\/\/www.sestogrado.it\/wp-content\/uploads\/2025\/11\/hydra.jpg\",\"contentUrl\":\"https:\/\/www.sestogrado.it\/wp-content\/uploads\/2025\/11\/hydra.jpg\",\"width\":2560,\"height\":2560,\"caption\":\"hydra\"},{\"@type\":\"BreadcrumbList\",\"@id\":\"https:\/\/www.sestogrado.it\/en\/prodotto\/black-diamond-hydra-piccozza-da-ghiaccio\/#breadcrumb\",\"itemListElement\":[{\"@type\":\"ListItem\",\"position\":1,\"name\":\"Home\",\"item\":\"https:\/\/www.sestogrado.it\/en\/\"},{\"@type\":\"ListItem\",\"position\":2,\"name\":\"Shop\",\"item\":\"https:\/\/www.sestogrado.it\/en\/shop\/\"},{\"@type\":\"ListItem\",\"position\":3,\"name\":\"Black Diamond Hydra Ice Tool piccozza da ghiaccio\"}]},{\"@type\":\"WebSite\",\"@id\":\"https:\/\/www.sestogrado.it\/en\/#website\",\"url\":\"https:\/\/www.sestogrado.it\/en\/\",\"name\":\"Sestogrado\",\"description\":\"yes we climb\",\"publisher\":{\"@id\":\"https:\/\/www.sestogrado.it\/en\/#organization\"},\"potentialAction\":[{\"@type\":\"SearchAction\",\"target\":{\"@type\":\"EntryPoint\",\"urlTemplate\":\"https:\/\/www.sestogrado.it\/en\/?s={search_term_string}\"},\"query-input\":{\"@type\":\"PropertyValueSpecification\",\"valueRequired\":true,\"valueName\":\"search_term_string\"}}],\"inLanguage\":\"en-US\"},{\"@type\":\"Organization\",\"@id\":\"https:\/\/www.sestogrado.it\/en\/#organization\",\"name\":\"Sestogrado\",\"url\":\"https:\/\/www.sestogrado.it\/en\/\",\"logo\":{\"@type\":\"ImageObject\",\"inLanguage\":\"en-US\",\"@id\":\"https:\/\/www.sestogrado.it\/en\/#\/schema\/logo\/image\/\",\"url\":\"https:\/\/www.sestogrado.it\/wp-content\/uploads\/2015\/03\/sestogrado-favicon.png\",\"contentUrl\":\"https:\/\/www.sestogrado.it\/wp-content\/uploads\/2015\/03\/sestogrado-favicon.png\",\"width\":260,\"height\":260,\"caption\":\"Sestogrado\"},\"image\":{\"@id\":\"https:\/\/www.sestogrado.it\/en\/#\/schema\/logo\/image\/\"},\"sameAs\":[\"https:\/\/www.facebook.com\/pages\/Sestogrado\/1542635979353017?ref=bookmarks\",\"https:\/\/www.youtube.com\/channel\/UC847kAfTkaJsWpc1jtQwr3Q\"],\"hasMerchantReturnPolicy\":{\"@type\":\"MerchantReturnPolicy\",\"merchantReturnLink\":\"https:\/\/www.sestogrado.it\/en\/termini-e-condizioni\/\"}}]}<\/script>\n<meta property=\"product:brand\" content=\"Black Diamond\" \/>\n<meta property=\"product:price:amount\" content=\"279.00\" \/>\n<meta property=\"product:price:currency\" content=\"EUR\" \/>\n<meta property=\"og:availability\" content=\"instock\" \/>\n<meta property=\"product:availability\" content=\"instock\" \/>\n<meta property=\"product:condition\" content=\"new\" \/>\n<!-- \/ Yoast SEO plugin. -->","yoast_head_json":{"title":"Black Diamond Hydra Ice Tool - Sestogrado","description":"La Black Diamond Hydra \u00e8 una rivoluzione in termini di versatilit\u00e0, \u00e8 un vero e proprio sistema modulare che pu\u00f2 essere configurato per adattarsi a qualsiasi missione, dal ghiaccio puro all'alpinismo tecnico, all'arrampicata mista.Dalle acque ghiacciate delle Alpi, alle nuove linee nella Catena dell'Alaska o all'arrampicata tecnica mista, la Hydra accetta una gamma completa di accessori I.C.E., tra cui piccozze, martelli, paletta, pesi per la testa, punte e distanziali per l'impugnatura, consentendo di personalizzare lo strumento per adattarsi a qualsiasi missione. Il manico in idrofoam dello strumento \u00e8 progettato ergonomicamente per l'arrampicata tecnica ripida, dal ghiaccio a strapiombo delle cascate all'aggancio su terreni misti. Inoltre, l'impugnatura pu\u00f2 essere regolata con precisione per adattarsi alla mano e offre opzioni per una punta o un pomolo pi\u00f9 bassi. Include un set di pesi per la testa leggeri e pesanti, chiavi da 4 mm e 5 mm e distanziali per l'impugnatura.","robots":{"index":"index","follow":"follow","max-snippet":"max-snippet:-1","max-image-preview":"max-image-preview:large","max-video-preview":"max-video-preview:-1"},"canonical":"https:\/\/www.sestogrado.it\/en\/prodotto\/black-diamond-hydra-piccozza-da-ghiaccio\/","og_locale":"en_US","og_type":"article","og_title":"Black Diamond Hydra Ice Tool - Sestogrado","og_description":"La Black Diamond Hydra \u00e8 una rivoluzione in termini di versatilit\u00e0, \u00e8 un vero e proprio sistema modulare che pu\u00f2 essere configurato per adattarsi a qualsiasi missione, dal ghiaccio puro all'alpinismo tecnico, all'arrampicata mista.Dalle acque ghiacciate delle Alpi, alle nuove linee nella Catena dell'Alaska o all'arrampicata tecnica mista, la Hydra accetta una gamma completa di accessori I.C.E., tra cui piccozze, martelli, paletta, pesi per la testa, punte e distanziali per l'impugnatura, consentendo di personalizzare lo strumento per adattarsi a qualsiasi missione. Il manico in idrofoam dello strumento \u00e8 progettato ergonomicamente per l'arrampicata tecnica ripida, dal ghiaccio a strapiombo delle cascate all'aggancio su terreni misti. Inoltre, l'impugnatura pu\u00f2 essere regolata con precisione per adattarsi alla mano e offre opzioni per una punta o un pomolo pi\u00f9 bassi. Include un set di pesi per la testa leggeri e pesanti, chiavi da 4 mm e 5 mm e distanziali per l'impugnatura.","og_url":"https:\/\/www.sestogrado.it\/en\/prodotto\/black-diamond-hydra-piccozza-da-ghiaccio\/","og_site_name":"Sestogrado","article_publisher":"https:\/\/www.facebook.com\/pages\/Sestogrado\/1542635979353017?ref=bookmarks","article_modified_time":"2025-11-18T07:42:49+00:00","og_image":[{"width":2560,"height":2560,"url":"https:\/\/www.sestogrado.it\/wp-content\/uploads\/2025\/11\/hydra.jpg","type":"image\/jpeg"}],"twitter_misc":{"Price":"&euro;&nbsp;279,00","Availability":"In stock"},"schema":{"@context":"https:\/\/schema.org","@graph":[{"@type":"WebPage","@id":"https:\/\/www.sestogrado.it\/en\/prodotto\/black-diamond-hydra-piccozza-da-ghiaccio\/","url":"https:\/\/www.sestogrado.it\/en\/prodotto\/black-diamond-hydra-piccozza-da-ghiaccio\/","name":"Black Diamond Hydra Ice Tool - Sestogrado","isPartOf":{"@id":"https:\/\/www.sestogrado.it\/en\/#website"},"primaryImageOfPage":{"@id":"https:\/\/www.sestogrado.it\/en\/prodotto\/black-diamond-hydra-piccozza-da-ghiaccio\/#primaryimage"},"image":{"@id":"https:\/\/www.sestogrado.it\/prodotto\/black-diamond-hydra-piccozza-da-ghiaccio\/#primaryimage"},"thumbnailUrl":"https:\/\/www.sestogrado.it\/wp-content\/uploads\/2025\/11\/hydra.jpg","datePublished":"2025-11-15T07:00:48+00:00","dateModified":"2025-11-18T07:42:49+00:00","description":"La Black Diamond Hydra \u00e8 una rivoluzione in termini di versatilit\u00e0, \u00e8 un vero e proprio sistema modulare che pu\u00f2 essere configurato per adattarsi a qualsiasi missione, dal ghiaccio puro all'alpinismo tecnico, all'arrampicata mista.Dalle acque ghiacciate delle Alpi, alle nuove linee nella Catena dell'Alaska o all'arrampicata tecnica mista, la Hydra accetta una gamma completa di accessori I.C.E., tra cui piccozze, martelli, paletta, pesi per la testa, punte e distanziali per l'impugnatura, consentendo di personalizzare lo strumento per adattarsi a qualsiasi missione. Il manico in idrofoam dello strumento \u00e8 progettato ergonomicamente per l'arrampicata tecnica ripida, dal ghiaccio a strapiombo delle cascate all'aggancio su terreni misti. Inoltre, l'impugnatura pu\u00f2 essere regolata con precisione per adattarsi alla mano e offre opzioni per una punta o un pomolo pi\u00f9 bassi. Include un set di pesi per la testa leggeri e pesanti, chiavi da 4 mm e 5 mm e distanziali per l'impugnatura.","breadcrumb":{"@id":"https:\/\/www.sestogrado.it\/en\/prodotto\/black-diamond-hydra-piccozza-da-ghiaccio\/#breadcrumb"},"inLanguage":"en-US","potentialAction":[{"@type":"ReadAction","target":[["https:\/\/www.sestogrado.it\/en\/prodotto\/black-diamond-hydra-piccozza-da-ghiaccio\/"]]}]},{"@type":"ImageObject","inLanguage":"en-US","@id":"https:\/\/www.sestogrado.it\/en\/prodotto\/black-diamond-hydra-piccozza-da-ghiaccio\/#primaryimage","url":"https:\/\/www.sestogrado.it\/wp-content\/uploads\/2025\/11\/hydra.jpg","contentUrl":"https:\/\/www.sestogrado.it\/wp-content\/uploads\/2025\/11\/hydra.jpg","width":2560,"height":2560,"caption":"hydra"},{"@type":"BreadcrumbList","@id":"https:\/\/www.sestogrado.it\/en\/prodotto\/black-diamond-hydra-piccozza-da-ghiaccio\/#breadcrumb","itemListElement":[{"@type":"ListItem","position":1,"name":"Home","item":"https:\/\/www.sestogrado.it\/en\/"},{"@type":"ListItem","position":2,"name":"Shop","item":"https:\/\/www.sestogrado.it\/en\/shop\/"},{"@type":"ListItem","position":3,"name":"Black Diamond Hydra Ice Tool piccozza da ghiaccio"}]},{"@type":"WebSite","@id":"https:\/\/www.sestogrado.it\/en\/#website","url":"https:\/\/www.sestogrado.it\/en\/","name":"Sestogrado","description":"yes we climb","publisher":{"@id":"https:\/\/www.sestogrado.it\/en\/#organization"},"potentialAction":[{"@type":"SearchAction","target":{"@type":"EntryPoint","urlTemplate":"https:\/\/www.sestogrado.it\/en\/?s={search_term_string}"},"query-input":{"@type":"PropertyValueSpecification","valueRequired":true,"valueName":"search_term_string"}}],"inLanguage":"en-US"},{"@type":"Organization","@id":"https:\/\/www.sestogrado.it\/en\/#organization","name":"Sestogrado","url":"https:\/\/www.sestogrado.it\/en\/","logo":{"@type":"ImageObject","inLanguage":"en-US","@id":"https:\/\/www.sestogrado.it\/en\/#\/schema\/logo\/image\/","url":"https:\/\/www.sestogrado.it\/wp-content\/uploads\/2015\/03\/sestogrado-favicon.png","contentUrl":"https:\/\/www.sestogrado.it\/wp-content\/uploads\/2015\/03\/sestogrado-favicon.png","width":260,"height":260,"caption":"Sestogrado"},"image":{"@id":"https:\/\/www.sestogrado.it\/en\/#\/schema\/logo\/image\/"},"sameAs":["https:\/\/www.facebook.com\/pages\/Sestogrado\/1542635979353017?ref=bookmarks","https:\/\/www.youtube.com\/channel\/UC847kAfTkaJsWpc1jtQwr3Q"],"hasMerchantReturnPolicy":{"@type":"MerchantReturnPolicy","merchantReturnLink":"https:\/\/www.sestogrado.it\/en\/termini-e-condizioni\/"}}]},"product_brand":"Black Diamond","product_price_amount":"279.00","product_price_currency":"EUR","og_availability":"instock","product_availability":"instock","product_condition":"new"},"_links":{"self":[{"href":"https:\/\/www.sestogrado.it\/en\/wp-json\/wp\/v2\/product\/24019","targetHints":{"allow":["GET"]}}],"collection":[{"href":"https:\/\/www.sestogrado.it\/en\/wp-json\/wp\/v2\/product"}],"about":[{"href":"https:\/\/www.sestogrado.it\/en\/wp-json\/wp\/v2\/types\/product"}],"replies":[{"embeddable":true,"href":"https:\/\/www.sestogrado.it\/en\/wp-json\/wp\/v2\/comments?post=24019"}],"wp:featuredmedia":[{"embeddable":true,"href":"https:\/\/www.sestogrado.it\/en\/wp-json\/wp\/v2\/media\/203447"}],"wp:attachment":[{"href":"https:\/\/www.sestogrado.it\/en\/wp-json\/wp\/v2\/media?parent=24019"}],"wp:term":[{"taxonomy":"product_brand","embeddable":true,"href":"https:\/\/www.sestogrado.it\/en\/wp-json\/wp\/v2\/product_brand?post=24019"},{"taxonomy":"product_cat","embeddable":true,"href":"https:\/\/www.sestogrado.it\/en\/wp-json\/wp\/v2\/product_cat?post=24019"},{"taxonomy":"product_tag","embeddable":true,"href":"https:\/\/www.sestogrado.it\/en\/wp-json\/wp\/v2\/product_tag?post=24019"}],"curies":[{"name":"wp","href":"https:\/\/api.w.org\/{rel}","templated":true}]}}