{"id":23891,"date":"2019-11-07T11:52:09","date_gmt":"2019-11-07T10:52:09","guid":{"rendered":"https:\/\/www.sestogrado.it\/?post_type=product&#038;p=23891"},"modified":"2026-02-20T08:37:48","modified_gmt":"2026-02-20T07:37:48","slug":"beal-gully-7-3-unicore-golden-dry-mezza-corda-arrampicata","status":"publish","type":"product","link":"https:\/\/www.sestogrado.it\/en\/prodotto\/beal-gully-7-3-unicore-golden-dry-mezza-corda-arrampicata\/","title":{"rendered":"Beal Gully 7.3 Unicore Golden Dry climbing rope for ice climbing"},"content":{"rendered":"<p>Weighing only 36 g per metre, the GULLY 7.3 is the lightest double rope on the market. It is also certified as twin rope.<br \/>\nIts extremely light weight and very low impact force make the GULLY 7.3 the ideal rope for ice climbing, mountaineering and the most demanding terrain. Like all other thin double ropes in BEALs range, the GULLY 7.3 benefits from the reliability and additional safety that UNICORE technology provides.<\/p>\n<ul>\n<li>Lightweight.<\/li>\n<li>Free-running.<\/li>\n<li>Golden Dry series.<\/li>\n<li>UNICORE technology benefits.<\/li>\n<\/ul>\n<p><\/p>","protected":false},"excerpt":{"rendered":"<p>Weighing only 36 g per metre, the GULLY 7.3 is the lightest double rope on the market. It is also [&hellip;]<\/p>\n","protected":false},"featured_media":38970,"comment_status":"open","ping_status":"closed","template":"","meta":{"_acf_changed":false},"product_brand":[84],"product_cat":[1357],"product_tag":[628,449],"class_list":{"0":"post-23891","1":"product","2":"type-product","3":"status-publish","4":"has-post-thumbnail","6":"product_brand-beal","7":"product_cat-mezze-corde","8":"product_tag-corde-cascata-di-ghiaccio","9":"product_tag-mezze-corde","11":"first","12":"instock","13":"sale","14":"taxable","15":"shipping-taxable","16":"purchasable","17":"product-type-variable"},"acf":[],"yoast_head":"<!-- This site is optimized with the Yoast SEO plugin v26.4 - https:\/\/yoast.com\/wordpress\/plugins\/seo\/ -->\n<title>Beal Gully 7.3 Unicore Golden Dry climbing rope for ice climbing - Sestogrado<\/title>\n<meta name=\"description\" content=\"La Beal Gully 7.3 Unicore Goden Dry \u00e8 il massimo della tecnologia Beal applicata ad una mezza corda. Le Beal Gully 7.3 sono dedicate all&#039;alpinismo tecnico ed al ghiaccio in virt\u00f9 della totale impermeabilit\u00e0.Con un peso di soli 36g al metro, la Gully \u00e8 la pi\u00f9 leggera mezza corda sul mercato, ed ha una forza d&#039;arresto estremamente bassa, di soli 5.2kN.Omologata sia come mezza corda, sia come corda gemella, la Beal Gully \u00e8 la corda ideale per cascate di ghiaccio, alpinismo tecnico sui terreni pi\u00f9 severi. La costruzione Unicore fornisce garanzia extra di solidit\u00e0 e sicurezza.\" \/>\n<meta name=\"robots\" content=\"index, follow, max-snippet:-1, max-image-preview:large, max-video-preview:-1\" \/>\n<link rel=\"canonical\" href=\"https:\/\/www.sestogrado.it\/en\/prodotto\/beal-gully-7-3-unicore-golden-dry-mezza-corda-arrampicata\/\" \/>\n<meta property=\"og:locale\" content=\"en_US\" \/>\n<meta property=\"og:type\" content=\"article\" \/>\n<meta property=\"og:title\" content=\"Beal Gully 7.3 Unicore Golden Dry climbing rope for ice climbing - Sestogrado\" \/>\n<meta property=\"og:description\" content=\"La Beal Gully 7.3 Unicore Goden Dry \u00e8 il massimo della tecnologia Beal applicata ad una mezza corda. Le Beal Gully 7.3 sono dedicate all&#039;alpinismo tecnico ed al ghiaccio in virt\u00f9 della totale impermeabilit\u00e0.Con un peso di soli 36g al metro, la Gully \u00e8 la pi\u00f9 leggera mezza corda sul mercato, ed ha una forza d&#039;arresto estremamente bassa, di soli 5.2kN.Omologata sia come mezza corda, sia come corda gemella, la Beal Gully \u00e8 la corda ideale per cascate di ghiaccio, alpinismo tecnico sui terreni pi\u00f9 severi. La costruzione Unicore fornisce garanzia extra di solidit\u00e0 e sicurezza.\" \/>\n<meta property=\"og:url\" content=\"https:\/\/www.sestogrado.it\/en\/prodotto\/beal-gully-7-3-unicore-golden-dry-mezza-corda-arrampicata\/\" \/>\n<meta property=\"og:site_name\" content=\"Sestogrado\" \/>\n<meta property=\"article:publisher\" content=\"https:\/\/www.facebook.com\/pages\/Sestogrado\/1542635979353017?ref=bookmarks\" \/>\n<meta property=\"article:modified_time\" content=\"2026-02-20T07:37:48+00:00\" \/>\n<meta property=\"og:image\" content=\"https:\/\/www.sestogrado.it\/wp-content\/uploads\/2019\/11\/beal-gully.jpg\" \/>\n\t<meta property=\"og:image:width\" content=\"1200\" \/>\n\t<meta property=\"og:image:height\" content=\"1200\" \/>\n\t<meta property=\"og:image:type\" content=\"image\/jpeg\" \/>\n<meta name=\"twitter:label1\" content=\"Availability\" \/>\n\t<meta name=\"twitter:data1\" content=\"In stock\" \/>\n<script type=\"application\/ld+json\" class=\"yoast-schema-graph\">{\"@context\":\"https:\/\/schema.org\",\"@graph\":[{\"@type\":\"WebPage\",\"@id\":\"https:\/\/www.sestogrado.it\/en\/prodotto\/beal-gully-7-3-unicore-golden-dry-mezza-corda-arrampicata\/\",\"url\":\"https:\/\/www.sestogrado.it\/en\/prodotto\/beal-gully-7-3-unicore-golden-dry-mezza-corda-arrampicata\/\",\"name\":\"Beal Gully 7.3 Unicore Golden Dry climbing rope for ice climbing - Sestogrado\",\"isPartOf\":{\"@id\":\"https:\/\/www.sestogrado.it\/en\/#website\"},\"primaryImageOfPage\":{\"@id\":\"https:\/\/www.sestogrado.it\/en\/prodotto\/beal-gully-7-3-unicore-golden-dry-mezza-corda-arrampicata\/#primaryimage\"},\"image\":{\"@id\":\"https:\/\/www.sestogrado.it\/prodotto\/beal-gully-7-3-unicore-golden-dry-mezza-corda-arrampicata\/#primaryimage\"},\"thumbnailUrl\":\"https:\/\/www.sestogrado.it\/wp-content\/uploads\/2019\/11\/beal-gully.jpg\",\"datePublished\":\"2019-11-07T10:52:09+00:00\",\"dateModified\":\"2026-02-20T07:37:48+00:00\",\"description\":\"La Beal Gully 7.3 Unicore Goden Dry \u00e8 il massimo della tecnologia Beal applicata ad una mezza corda. Le Beal Gully 7.3 sono dedicate all'alpinismo tecnico ed al ghiaccio in virt\u00f9 della totale impermeabilit\u00e0.Con un peso di soli 36g al metro, la Gully \u00e8 la pi\u00f9 leggera mezza corda sul mercato, ed ha una forza d'arresto estremamente bassa, di soli 5.2kN.Omologata sia come mezza corda, sia come corda gemella, la Beal Gully \u00e8 la corda ideale per cascate di ghiaccio, alpinismo tecnico sui terreni pi\u00f9 severi. La costruzione Unicore fornisce garanzia extra di solidit\u00e0 e sicurezza.\",\"breadcrumb\":{\"@id\":\"https:\/\/www.sestogrado.it\/en\/prodotto\/beal-gully-7-3-unicore-golden-dry-mezza-corda-arrampicata\/#breadcrumb\"},\"inLanguage\":\"en-US\",\"potentialAction\":[{\"@type\":\"ReadAction\",\"target\":[[\"https:\/\/www.sestogrado.it\/en\/prodotto\/beal-gully-7-3-unicore-golden-dry-mezza-corda-arrampicata\/\"]]}]},{\"@type\":\"ImageObject\",\"inLanguage\":\"en-US\",\"@id\":\"https:\/\/www.sestogrado.it\/en\/prodotto\/beal-gully-7-3-unicore-golden-dry-mezza-corda-arrampicata\/#primaryimage\",\"url\":\"https:\/\/www.sestogrado.it\/wp-content\/uploads\/2019\/11\/beal-gully.jpg\",\"contentUrl\":\"https:\/\/www.sestogrado.it\/wp-content\/uploads\/2019\/11\/beal-gully.jpg\",\"width\":1200,\"height\":1200,\"caption\":\"beal gully 7.3\"},{\"@type\":\"BreadcrumbList\",\"@id\":\"https:\/\/www.sestogrado.it\/en\/prodotto\/beal-gully-7-3-unicore-golden-dry-mezza-corda-arrampicata\/#breadcrumb\",\"itemListElement\":[{\"@type\":\"ListItem\",\"position\":1,\"name\":\"Home\",\"item\":\"https:\/\/www.sestogrado.it\/en\/\"},{\"@type\":\"ListItem\",\"position\":2,\"name\":\"Shop\",\"item\":\"https:\/\/www.sestogrado.it\/en\/shop\/\"},{\"@type\":\"ListItem\",\"position\":3,\"name\":\"Beal Gully 7.3 Unicore Golden Dry mezza corda arrampicata\"}]},{\"@type\":\"WebSite\",\"@id\":\"https:\/\/www.sestogrado.it\/en\/#website\",\"url\":\"https:\/\/www.sestogrado.it\/en\/\",\"name\":\"Sestogrado\",\"description\":\"yes we climb\",\"publisher\":{\"@id\":\"https:\/\/www.sestogrado.it\/en\/#organization\"},\"potentialAction\":[{\"@type\":\"SearchAction\",\"target\":{\"@type\":\"EntryPoint\",\"urlTemplate\":\"https:\/\/www.sestogrado.it\/en\/?s={search_term_string}\"},\"query-input\":{\"@type\":\"PropertyValueSpecification\",\"valueRequired\":true,\"valueName\":\"search_term_string\"}}],\"inLanguage\":\"en-US\"},{\"@type\":\"Organization\",\"@id\":\"https:\/\/www.sestogrado.it\/en\/#organization\",\"name\":\"Sestogrado\",\"url\":\"https:\/\/www.sestogrado.it\/en\/\",\"logo\":{\"@type\":\"ImageObject\",\"inLanguage\":\"en-US\",\"@id\":\"https:\/\/www.sestogrado.it\/en\/#\/schema\/logo\/image\/\",\"url\":\"https:\/\/www.sestogrado.it\/wp-content\/uploads\/2015\/03\/sestogrado-favicon.png\",\"contentUrl\":\"https:\/\/www.sestogrado.it\/wp-content\/uploads\/2015\/03\/sestogrado-favicon.png\",\"width\":260,\"height\":260,\"caption\":\"Sestogrado\"},\"image\":{\"@id\":\"https:\/\/www.sestogrado.it\/en\/#\/schema\/logo\/image\/\"},\"sameAs\":[\"https:\/\/www.facebook.com\/pages\/Sestogrado\/1542635979353017?ref=bookmarks\",\"https:\/\/www.youtube.com\/channel\/UC847kAfTkaJsWpc1jtQwr3Q\"],\"hasMerchantReturnPolicy\":{\"@type\":\"MerchantReturnPolicy\",\"merchantReturnLink\":\"https:\/\/www.sestogrado.it\/en\/termini-e-condizioni\/\"}}]}<\/script>\n<meta property=\"product:brand\" content=\"Beal\" \/>\n<meta property=\"og:availability\" content=\"instock\" \/>\n<meta property=\"product:availability\" content=\"instock\" \/>\n<meta property=\"product:condition\" content=\"new\" \/>\n<!-- \/ Yoast SEO plugin. -->","yoast_head_json":{"title":"Beal Gully 7.3 Unicore Golden Dry climbing rope for ice climbing - Sestogrado","description":"La Beal Gully 7.3 Unicore Goden Dry \u00e8 il massimo della tecnologia Beal applicata ad una mezza corda. Le Beal Gully 7.3 sono dedicate all'alpinismo tecnico ed al ghiaccio in virt\u00f9 della totale impermeabilit\u00e0.Con un peso di soli 36g al metro, la Gully \u00e8 la pi\u00f9 leggera mezza corda sul mercato, ed ha una forza d'arresto estremamente bassa, di soli 5.2kN.Omologata sia come mezza corda, sia come corda gemella, la Beal Gully \u00e8 la corda ideale per cascate di ghiaccio, alpinismo tecnico sui terreni pi\u00f9 severi. La costruzione Unicore fornisce garanzia extra di solidit\u00e0 e sicurezza.","robots":{"index":"index","follow":"follow","max-snippet":"max-snippet:-1","max-image-preview":"max-image-preview:large","max-video-preview":"max-video-preview:-1"},"canonical":"https:\/\/www.sestogrado.it\/en\/prodotto\/beal-gully-7-3-unicore-golden-dry-mezza-corda-arrampicata\/","og_locale":"en_US","og_type":"article","og_title":"Beal Gully 7.3 Unicore Golden Dry climbing rope for ice climbing - Sestogrado","og_description":"La Beal Gully 7.3 Unicore Goden Dry \u00e8 il massimo della tecnologia Beal applicata ad una mezza corda. Le Beal Gully 7.3 sono dedicate all'alpinismo tecnico ed al ghiaccio in virt\u00f9 della totale impermeabilit\u00e0.Con un peso di soli 36g al metro, la Gully \u00e8 la pi\u00f9 leggera mezza corda sul mercato, ed ha una forza d'arresto estremamente bassa, di soli 5.2kN.Omologata sia come mezza corda, sia come corda gemella, la Beal Gully \u00e8 la corda ideale per cascate di ghiaccio, alpinismo tecnico sui terreni pi\u00f9 severi. La costruzione Unicore fornisce garanzia extra di solidit\u00e0 e sicurezza.","og_url":"https:\/\/www.sestogrado.it\/en\/prodotto\/beal-gully-7-3-unicore-golden-dry-mezza-corda-arrampicata\/","og_site_name":"Sestogrado","article_publisher":"https:\/\/www.facebook.com\/pages\/Sestogrado\/1542635979353017?ref=bookmarks","article_modified_time":"2026-02-20T07:37:48+00:00","og_image":[{"width":1200,"height":1200,"url":"https:\/\/www.sestogrado.it\/wp-content\/uploads\/2019\/11\/beal-gully.jpg","type":"image\/jpeg"}],"twitter_misc":{"Availability":"In stock"},"schema":{"@context":"https:\/\/schema.org","@graph":[{"@type":"WebPage","@id":"https:\/\/www.sestogrado.it\/en\/prodotto\/beal-gully-7-3-unicore-golden-dry-mezza-corda-arrampicata\/","url":"https:\/\/www.sestogrado.it\/en\/prodotto\/beal-gully-7-3-unicore-golden-dry-mezza-corda-arrampicata\/","name":"Beal Gully 7.3 Unicore Golden Dry climbing rope for ice climbing - Sestogrado","isPartOf":{"@id":"https:\/\/www.sestogrado.it\/en\/#website"},"primaryImageOfPage":{"@id":"https:\/\/www.sestogrado.it\/en\/prodotto\/beal-gully-7-3-unicore-golden-dry-mezza-corda-arrampicata\/#primaryimage"},"image":{"@id":"https:\/\/www.sestogrado.it\/prodotto\/beal-gully-7-3-unicore-golden-dry-mezza-corda-arrampicata\/#primaryimage"},"thumbnailUrl":"https:\/\/www.sestogrado.it\/wp-content\/uploads\/2019\/11\/beal-gully.jpg","datePublished":"2019-11-07T10:52:09+00:00","dateModified":"2026-02-20T07:37:48+00:00","description":"La Beal Gully 7.3 Unicore Goden Dry \u00e8 il massimo della tecnologia Beal applicata ad una mezza corda. Le Beal Gully 7.3 sono dedicate all'alpinismo tecnico ed al ghiaccio in virt\u00f9 della totale impermeabilit\u00e0.Con un peso di soli 36g al metro, la Gully \u00e8 la pi\u00f9 leggera mezza corda sul mercato, ed ha una forza d'arresto estremamente bassa, di soli 5.2kN.Omologata sia come mezza corda, sia come corda gemella, la Beal Gully \u00e8 la corda ideale per cascate di ghiaccio, alpinismo tecnico sui terreni pi\u00f9 severi. La costruzione Unicore fornisce garanzia extra di solidit\u00e0 e sicurezza.","breadcrumb":{"@id":"https:\/\/www.sestogrado.it\/en\/prodotto\/beal-gully-7-3-unicore-golden-dry-mezza-corda-arrampicata\/#breadcrumb"},"inLanguage":"en-US","potentialAction":[{"@type":"ReadAction","target":[["https:\/\/www.sestogrado.it\/en\/prodotto\/beal-gully-7-3-unicore-golden-dry-mezza-corda-arrampicata\/"]]}]},{"@type":"ImageObject","inLanguage":"en-US","@id":"https:\/\/www.sestogrado.it\/en\/prodotto\/beal-gully-7-3-unicore-golden-dry-mezza-corda-arrampicata\/#primaryimage","url":"https:\/\/www.sestogrado.it\/wp-content\/uploads\/2019\/11\/beal-gully.jpg","contentUrl":"https:\/\/www.sestogrado.it\/wp-content\/uploads\/2019\/11\/beal-gully.jpg","width":1200,"height":1200,"caption":"beal gully 7.3"},{"@type":"BreadcrumbList","@id":"https:\/\/www.sestogrado.it\/en\/prodotto\/beal-gully-7-3-unicore-golden-dry-mezza-corda-arrampicata\/#breadcrumb","itemListElement":[{"@type":"ListItem","position":1,"name":"Home","item":"https:\/\/www.sestogrado.it\/en\/"},{"@type":"ListItem","position":2,"name":"Shop","item":"https:\/\/www.sestogrado.it\/en\/shop\/"},{"@type":"ListItem","position":3,"name":"Beal Gully 7.3 Unicore Golden Dry mezza corda arrampicata"}]},{"@type":"WebSite","@id":"https:\/\/www.sestogrado.it\/en\/#website","url":"https:\/\/www.sestogrado.it\/en\/","name":"Sestogrado","description":"yes we climb","publisher":{"@id":"https:\/\/www.sestogrado.it\/en\/#organization"},"potentialAction":[{"@type":"SearchAction","target":{"@type":"EntryPoint","urlTemplate":"https:\/\/www.sestogrado.it\/en\/?s={search_term_string}"},"query-input":{"@type":"PropertyValueSpecification","valueRequired":true,"valueName":"search_term_string"}}],"inLanguage":"en-US"},{"@type":"Organization","@id":"https:\/\/www.sestogrado.it\/en\/#organization","name":"Sestogrado","url":"https:\/\/www.sestogrado.it\/en\/","logo":{"@type":"ImageObject","inLanguage":"en-US","@id":"https:\/\/www.sestogrado.it\/en\/#\/schema\/logo\/image\/","url":"https:\/\/www.sestogrado.it\/wp-content\/uploads\/2015\/03\/sestogrado-favicon.png","contentUrl":"https:\/\/www.sestogrado.it\/wp-content\/uploads\/2015\/03\/sestogrado-favicon.png","width":260,"height":260,"caption":"Sestogrado"},"image":{"@id":"https:\/\/www.sestogrado.it\/en\/#\/schema\/logo\/image\/"},"sameAs":["https:\/\/www.facebook.com\/pages\/Sestogrado\/1542635979353017?ref=bookmarks","https:\/\/www.youtube.com\/channel\/UC847kAfTkaJsWpc1jtQwr3Q"],"hasMerchantReturnPolicy":{"@type":"MerchantReturnPolicy","merchantReturnLink":"https:\/\/www.sestogrado.it\/en\/termini-e-condizioni\/"}}]},"product_brand":"Beal","og_availability":"instock","product_availability":"instock","product_condition":"new"},"_links":{"self":[{"href":"https:\/\/www.sestogrado.it\/en\/wp-json\/wp\/v2\/product\/23891","targetHints":{"allow":["GET"]}}],"collection":[{"href":"https:\/\/www.sestogrado.it\/en\/wp-json\/wp\/v2\/product"}],"about":[{"href":"https:\/\/www.sestogrado.it\/en\/wp-json\/wp\/v2\/types\/product"}],"replies":[{"embeddable":true,"href":"https:\/\/www.sestogrado.it\/en\/wp-json\/wp\/v2\/comments?post=23891"}],"wp:featuredmedia":[{"embeddable":true,"href":"https:\/\/www.sestogrado.it\/en\/wp-json\/wp\/v2\/media\/38970"}],"wp:attachment":[{"href":"https:\/\/www.sestogrado.it\/en\/wp-json\/wp\/v2\/media?parent=23891"}],"wp:term":[{"taxonomy":"product_brand","embeddable":true,"href":"https:\/\/www.sestogrado.it\/en\/wp-json\/wp\/v2\/product_brand?post=23891"},{"taxonomy":"product_cat","embeddable":true,"href":"https:\/\/www.sestogrado.it\/en\/wp-json\/wp\/v2\/product_cat?post=23891"},{"taxonomy":"product_tag","embeddable":true,"href":"https:\/\/www.sestogrado.it\/en\/wp-json\/wp\/v2\/product_tag?post=23891"}],"curies":[{"name":"wp","href":"https:\/\/api.w.org\/{rel}","templated":true}]}}