{"id":23599,"date":"2019-10-30T14:37:53","date_gmt":"2019-10-30T13:37:53","guid":{"rendered":"https:\/\/www.sestogrado.it\/?post_type=product&#038;p=23599"},"modified":"2025-08-09T16:06:31","modified_gmt":"2025-08-09T14:06:31","slug":"camp-geko-ice-guanti-da-alpinismo-ghiaccio","status":"publish","type":"product","link":"https:\/\/www.sestogrado.it\/en\/prodotto\/camp-geko-ice-guanti-da-alpinismo-ghiaccio\/","title":{"rendered":"Camp Geko Ice Ice gloves"},"content":{"rendered":"<p>The Geko Ice uses the most advanced technologies and materials to create an extremely precise cold-weather glove that has been specifically designed for technical ice climbing and alpinism. The palm is built with No-Slip construction technology that bonds the layers of the lining, insulation, and leather palm for a precise grip on ice tools. The DRYZONE\u00ae waterproof\/breathable membrane protects from moisture and wind. PrimaLoft\u00ae Gold insulation on the back and PrimaLoft\u00ae Grip Control on the palm combine with the Sherpa faux fur inner lining for exceptional warmth and comfort even when wet. The fingers are shaped and gusseted at the knuckles for exceptional dexterity and the elasticized outer material delivers a snug fit without inhibiting warmth or freedom of movement.<\/p>\n<ul>\n<li>No-Slip construction technology bonds the layers in the palm for a precise grip<\/li>\n<li>DRYZONE\u00ae waterproof\/breathable membrane protects from moisture and wind<\/li>\n<li>PrimaLoft\u00ae Gold100 g\/m2 insulation on the back and PrimaLoft\u00ae Grip Control 100 g\/m2 on the palm<\/li>\n<li>Water repellant premium goatskin leather on the palms (no substances containing chrome have been used in the tanning of the leather)<\/li>\n<li>Elasticized outer material delivers a precise fit for the whole hand<\/li>\n<li>Sherpa faux fur lining increases warmth and minimizes movement inside the glove<\/li>\n<li>Shaped fingers are gusseted at the knuckles for exceptional dexterity, comfort and grip<\/li>\n<li>Conductor pads on the thumb and index finger work with touch phones or tablets<\/li>\n<li>Elastic wrist leashes and clippable hanging loops<\/li>\n<\/ul>\n<p><\/p>","protected":false},"excerpt":{"rendered":"<p>The Geko Ice uses the most advanced technologies and materials to create an extremely precise cold-weather glove that has been [&hellip;]<\/p>\n","protected":false},"featured_media":23607,"comment_status":"open","ping_status":"closed","template":"","meta":{"_acf_changed":false},"product_brand":[31],"product_cat":[1428],"product_tag":[],"class_list":{"0":"post-23599","1":"product","2":"type-product","3":"status-publish","4":"has-post-thumbnail","6":"product_brand-camp","7":"product_cat-guanti-da-alpinismo","9":"first","10":"instock","11":"sale","12":"taxable","13":"shipping-taxable","14":"purchasable","15":"product-type-variable"},"acf":[],"yoast_head":"<!-- This site is optimized with the Yoast SEO plugin v26.4 - https:\/\/yoast.com\/wordpress\/plugins\/seo\/ -->\n<title>Camp Geko Ice Ice gloves - Sestogrado<\/title>\n<meta name=\"description\" content=\"Il Camp GeKO Ice \u00e8 un guanto studiato per l&#039;alpinismo e l&#039;arrampicata su ghiaccio che stabilisce nuovi standard di sensibilit\u00e0 e precisione nel settore dei guanti per le attivit\u00e0 tecniche. Grazie alla tecnologia \u201cNo slip\u201d applicata sul palmo tutti gli strati sono accoppiati tra loro per evitarne lo scorrimento e garantire un&#039;eccellente presa con attrezzi. Le prestazioni sono incrementate dal guscio in tessuto elasticizzato e dalla costruzione delle dita preformate e uncinate a vantaggio della sensibilit\u00e0. La membrana DRYZONE\u00ae, l&#039;imbottitura in PrimaLoft\u00ae One 100 g\/m2 sul dorso e sul palmo e la fodera in pelliccia ecologica Sherpa assicurano invece il comfort della mano anche in condizioni di freddo intenso e notevole umidit\u00e0.\" \/>\n<meta name=\"robots\" content=\"index, follow, max-snippet:-1, max-image-preview:large, max-video-preview:-1\" \/>\n<link rel=\"canonical\" href=\"https:\/\/www.sestogrado.it\/en\/prodotto\/camp-geko-ice-guanti-da-alpinismo-ghiaccio\/\" \/>\n<meta property=\"og:locale\" content=\"en_US\" \/>\n<meta property=\"og:type\" content=\"article\" \/>\n<meta property=\"og:title\" content=\"Camp Geko Ice Ice gloves - Sestogrado\" \/>\n<meta property=\"og:description\" content=\"Il Camp GeKO Ice \u00e8 un guanto studiato per l&#039;alpinismo e l&#039;arrampicata su ghiaccio che stabilisce nuovi standard di sensibilit\u00e0 e precisione nel settore dei guanti per le attivit\u00e0 tecniche. Grazie alla tecnologia \u201cNo slip\u201d applicata sul palmo tutti gli strati sono accoppiati tra loro per evitarne lo scorrimento e garantire un&#039;eccellente presa con attrezzi. Le prestazioni sono incrementate dal guscio in tessuto elasticizzato e dalla costruzione delle dita preformate e uncinate a vantaggio della sensibilit\u00e0. La membrana DRYZONE\u00ae, l&#039;imbottitura in PrimaLoft\u00ae One 100 g\/m2 sul dorso e sul palmo e la fodera in pelliccia ecologica Sherpa assicurano invece il comfort della mano anche in condizioni di freddo intenso e notevole umidit\u00e0.\" \/>\n<meta property=\"og:url\" content=\"https:\/\/www.sestogrado.it\/en\/prodotto\/camp-geko-ice-guanti-da-alpinismo-ghiaccio\/\" \/>\n<meta property=\"og:site_name\" content=\"Sestogrado\" \/>\n<meta property=\"article:publisher\" content=\"https:\/\/www.facebook.com\/pages\/Sestogrado\/1542635979353017?ref=bookmarks\" \/>\n<meta property=\"article:modified_time\" content=\"2025-08-09T14:06:31+00:00\" \/>\n<meta property=\"og:image\" content=\"https:\/\/www.sestogrado.it\/wp-content\/uploads\/2019\/10\/01-19.jpg\" \/>\n\t<meta property=\"og:image:width\" content=\"1200\" \/>\n\t<meta property=\"og:image:height\" content=\"1200\" \/>\n\t<meta property=\"og:image:type\" content=\"image\/jpeg\" \/>\n<meta name=\"twitter:label1\" content=\"Availability\" \/>\n\t<meta name=\"twitter:data1\" content=\"In stock\" \/>\n<script type=\"application\/ld+json\" class=\"yoast-schema-graph\">{\"@context\":\"https:\/\/schema.org\",\"@graph\":[{\"@type\":\"WebPage\",\"@id\":\"https:\/\/www.sestogrado.it\/en\/prodotto\/camp-geko-ice-guanti-da-alpinismo-ghiaccio\/\",\"url\":\"https:\/\/www.sestogrado.it\/en\/prodotto\/camp-geko-ice-guanti-da-alpinismo-ghiaccio\/\",\"name\":\"Camp Geko Ice Ice gloves - Sestogrado\",\"isPartOf\":{\"@id\":\"https:\/\/www.sestogrado.it\/en\/#website\"},\"primaryImageOfPage\":{\"@id\":\"https:\/\/www.sestogrado.it\/en\/prodotto\/camp-geko-ice-guanti-da-alpinismo-ghiaccio\/#primaryimage\"},\"image\":{\"@id\":\"https:\/\/www.sestogrado.it\/prodotto\/camp-geko-ice-guanti-da-alpinismo-ghiaccio\/#primaryimage\"},\"thumbnailUrl\":\"https:\/\/www.sestogrado.it\/wp-content\/uploads\/2019\/10\/01-19.jpg\",\"datePublished\":\"2019-10-30T13:37:53+00:00\",\"dateModified\":\"2025-08-09T14:06:31+00:00\",\"description\":\"Il Camp GeKO Ice \u00e8 un guanto studiato per l'alpinismo e l'arrampicata su ghiaccio che stabilisce nuovi standard di sensibilit\u00e0 e precisione nel settore dei guanti per le attivit\u00e0 tecniche. Grazie alla tecnologia \u201cNo slip\u201d applicata sul palmo tutti gli strati sono accoppiati tra loro per evitarne lo scorrimento e garantire un'eccellente presa con attrezzi. Le prestazioni sono incrementate dal guscio in tessuto elasticizzato e dalla costruzione delle dita preformate e uncinate a vantaggio della sensibilit\u00e0. La membrana DRYZONE\u00ae, l'imbottitura in PrimaLoft\u00ae One 100 g\/m2 sul dorso e sul palmo e la fodera in pelliccia ecologica Sherpa assicurano invece il comfort della mano anche in condizioni di freddo intenso e notevole umidit\u00e0.\",\"breadcrumb\":{\"@id\":\"https:\/\/www.sestogrado.it\/en\/prodotto\/camp-geko-ice-guanti-da-alpinismo-ghiaccio\/#breadcrumb\"},\"inLanguage\":\"en-US\",\"potentialAction\":[{\"@type\":\"ReadAction\",\"target\":[[\"https:\/\/www.sestogrado.it\/en\/prodotto\/camp-geko-ice-guanti-da-alpinismo-ghiaccio\/\"]]}]},{\"@type\":\"ImageObject\",\"inLanguage\":\"en-US\",\"@id\":\"https:\/\/www.sestogrado.it\/en\/prodotto\/camp-geko-ice-guanti-da-alpinismo-ghiaccio\/#primaryimage\",\"url\":\"https:\/\/www.sestogrado.it\/wp-content\/uploads\/2019\/10\/01-19.jpg\",\"contentUrl\":\"https:\/\/www.sestogrado.it\/wp-content\/uploads\/2019\/10\/01-19.jpg\",\"width\":1200,\"height\":1200,\"caption\":\"camp geko ice\"},{\"@type\":\"BreadcrumbList\",\"@id\":\"https:\/\/www.sestogrado.it\/en\/prodotto\/camp-geko-ice-guanti-da-alpinismo-ghiaccio\/#breadcrumb\",\"itemListElement\":[{\"@type\":\"ListItem\",\"position\":1,\"name\":\"Home\",\"item\":\"https:\/\/www.sestogrado.it\/en\/\"},{\"@type\":\"ListItem\",\"position\":2,\"name\":\"Shop\",\"item\":\"https:\/\/www.sestogrado.it\/en\/shop\/\"},{\"@type\":\"ListItem\",\"position\":3,\"name\":\"Camp Geko Ice guanti da alpinismo ghiaccio\"}]},{\"@type\":\"WebSite\",\"@id\":\"https:\/\/www.sestogrado.it\/en\/#website\",\"url\":\"https:\/\/www.sestogrado.it\/en\/\",\"name\":\"Sestogrado\",\"description\":\"yes we climb\",\"publisher\":{\"@id\":\"https:\/\/www.sestogrado.it\/en\/#organization\"},\"potentialAction\":[{\"@type\":\"SearchAction\",\"target\":{\"@type\":\"EntryPoint\",\"urlTemplate\":\"https:\/\/www.sestogrado.it\/en\/?s={search_term_string}\"},\"query-input\":{\"@type\":\"PropertyValueSpecification\",\"valueRequired\":true,\"valueName\":\"search_term_string\"}}],\"inLanguage\":\"en-US\"},{\"@type\":\"Organization\",\"@id\":\"https:\/\/www.sestogrado.it\/en\/#organization\",\"name\":\"Sestogrado\",\"url\":\"https:\/\/www.sestogrado.it\/en\/\",\"logo\":{\"@type\":\"ImageObject\",\"inLanguage\":\"en-US\",\"@id\":\"https:\/\/www.sestogrado.it\/en\/#\/schema\/logo\/image\/\",\"url\":\"https:\/\/www.sestogrado.it\/wp-content\/uploads\/2015\/03\/sestogrado-favicon.png\",\"contentUrl\":\"https:\/\/www.sestogrado.it\/wp-content\/uploads\/2015\/03\/sestogrado-favicon.png\",\"width\":260,\"height\":260,\"caption\":\"Sestogrado\"},\"image\":{\"@id\":\"https:\/\/www.sestogrado.it\/en\/#\/schema\/logo\/image\/\"},\"sameAs\":[\"https:\/\/www.facebook.com\/pages\/Sestogrado\/1542635979353017?ref=bookmarks\",\"https:\/\/www.youtube.com\/channel\/UC847kAfTkaJsWpc1jtQwr3Q\"],\"hasMerchantReturnPolicy\":{\"@type\":\"MerchantReturnPolicy\",\"merchantReturnLink\":\"https:\/\/www.sestogrado.it\/en\/termini-e-condizioni\/\"}}]}<\/script>\n<meta property=\"product:brand\" content=\"Camp\" \/>\n<meta property=\"og:availability\" content=\"instock\" \/>\n<meta property=\"product:availability\" content=\"instock\" \/>\n<meta property=\"product:condition\" content=\"new\" \/>\n<!-- \/ Yoast SEO plugin. -->","yoast_head_json":{"title":"Camp Geko Ice Ice gloves - Sestogrado","description":"Il Camp GeKO Ice \u00e8 un guanto studiato per l'alpinismo e l'arrampicata su ghiaccio che stabilisce nuovi standard di sensibilit\u00e0 e precisione nel settore dei guanti per le attivit\u00e0 tecniche. Grazie alla tecnologia \u201cNo slip\u201d applicata sul palmo tutti gli strati sono accoppiati tra loro per evitarne lo scorrimento e garantire un'eccellente presa con attrezzi. Le prestazioni sono incrementate dal guscio in tessuto elasticizzato e dalla costruzione delle dita preformate e uncinate a vantaggio della sensibilit\u00e0. La membrana DRYZONE\u00ae, l'imbottitura in PrimaLoft\u00ae One 100 g\/m2 sul dorso e sul palmo e la fodera in pelliccia ecologica Sherpa assicurano invece il comfort della mano anche in condizioni di freddo intenso e notevole umidit\u00e0.","robots":{"index":"index","follow":"follow","max-snippet":"max-snippet:-1","max-image-preview":"max-image-preview:large","max-video-preview":"max-video-preview:-1"},"canonical":"https:\/\/www.sestogrado.it\/en\/prodotto\/camp-geko-ice-guanti-da-alpinismo-ghiaccio\/","og_locale":"en_US","og_type":"article","og_title":"Camp Geko Ice Ice gloves - Sestogrado","og_description":"Il Camp GeKO Ice \u00e8 un guanto studiato per l'alpinismo e l'arrampicata su ghiaccio che stabilisce nuovi standard di sensibilit\u00e0 e precisione nel settore dei guanti per le attivit\u00e0 tecniche. Grazie alla tecnologia \u201cNo slip\u201d applicata sul palmo tutti gli strati sono accoppiati tra loro per evitarne lo scorrimento e garantire un'eccellente presa con attrezzi. Le prestazioni sono incrementate dal guscio in tessuto elasticizzato e dalla costruzione delle dita preformate e uncinate a vantaggio della sensibilit\u00e0. La membrana DRYZONE\u00ae, l'imbottitura in PrimaLoft\u00ae One 100 g\/m2 sul dorso e sul palmo e la fodera in pelliccia ecologica Sherpa assicurano invece il comfort della mano anche in condizioni di freddo intenso e notevole umidit\u00e0.","og_url":"https:\/\/www.sestogrado.it\/en\/prodotto\/camp-geko-ice-guanti-da-alpinismo-ghiaccio\/","og_site_name":"Sestogrado","article_publisher":"https:\/\/www.facebook.com\/pages\/Sestogrado\/1542635979353017?ref=bookmarks","article_modified_time":"2025-08-09T14:06:31+00:00","og_image":[{"width":1200,"height":1200,"url":"https:\/\/www.sestogrado.it\/wp-content\/uploads\/2019\/10\/01-19.jpg","type":"image\/jpeg"}],"twitter_misc":{"Availability":"In stock"},"schema":{"@context":"https:\/\/schema.org","@graph":[{"@type":"WebPage","@id":"https:\/\/www.sestogrado.it\/en\/prodotto\/camp-geko-ice-guanti-da-alpinismo-ghiaccio\/","url":"https:\/\/www.sestogrado.it\/en\/prodotto\/camp-geko-ice-guanti-da-alpinismo-ghiaccio\/","name":"Camp Geko Ice Ice gloves - Sestogrado","isPartOf":{"@id":"https:\/\/www.sestogrado.it\/en\/#website"},"primaryImageOfPage":{"@id":"https:\/\/www.sestogrado.it\/en\/prodotto\/camp-geko-ice-guanti-da-alpinismo-ghiaccio\/#primaryimage"},"image":{"@id":"https:\/\/www.sestogrado.it\/prodotto\/camp-geko-ice-guanti-da-alpinismo-ghiaccio\/#primaryimage"},"thumbnailUrl":"https:\/\/www.sestogrado.it\/wp-content\/uploads\/2019\/10\/01-19.jpg","datePublished":"2019-10-30T13:37:53+00:00","dateModified":"2025-08-09T14:06:31+00:00","description":"Il Camp GeKO Ice \u00e8 un guanto studiato per l'alpinismo e l'arrampicata su ghiaccio che stabilisce nuovi standard di sensibilit\u00e0 e precisione nel settore dei guanti per le attivit\u00e0 tecniche. Grazie alla tecnologia \u201cNo slip\u201d applicata sul palmo tutti gli strati sono accoppiati tra loro per evitarne lo scorrimento e garantire un'eccellente presa con attrezzi. Le prestazioni sono incrementate dal guscio in tessuto elasticizzato e dalla costruzione delle dita preformate e uncinate a vantaggio della sensibilit\u00e0. La membrana DRYZONE\u00ae, l'imbottitura in PrimaLoft\u00ae One 100 g\/m2 sul dorso e sul palmo e la fodera in pelliccia ecologica Sherpa assicurano invece il comfort della mano anche in condizioni di freddo intenso e notevole umidit\u00e0.","breadcrumb":{"@id":"https:\/\/www.sestogrado.it\/en\/prodotto\/camp-geko-ice-guanti-da-alpinismo-ghiaccio\/#breadcrumb"},"inLanguage":"en-US","potentialAction":[{"@type":"ReadAction","target":[["https:\/\/www.sestogrado.it\/en\/prodotto\/camp-geko-ice-guanti-da-alpinismo-ghiaccio\/"]]}]},{"@type":"ImageObject","inLanguage":"en-US","@id":"https:\/\/www.sestogrado.it\/en\/prodotto\/camp-geko-ice-guanti-da-alpinismo-ghiaccio\/#primaryimage","url":"https:\/\/www.sestogrado.it\/wp-content\/uploads\/2019\/10\/01-19.jpg","contentUrl":"https:\/\/www.sestogrado.it\/wp-content\/uploads\/2019\/10\/01-19.jpg","width":1200,"height":1200,"caption":"camp geko ice"},{"@type":"BreadcrumbList","@id":"https:\/\/www.sestogrado.it\/en\/prodotto\/camp-geko-ice-guanti-da-alpinismo-ghiaccio\/#breadcrumb","itemListElement":[{"@type":"ListItem","position":1,"name":"Home","item":"https:\/\/www.sestogrado.it\/en\/"},{"@type":"ListItem","position":2,"name":"Shop","item":"https:\/\/www.sestogrado.it\/en\/shop\/"},{"@type":"ListItem","position":3,"name":"Camp Geko Ice guanti da alpinismo ghiaccio"}]},{"@type":"WebSite","@id":"https:\/\/www.sestogrado.it\/en\/#website","url":"https:\/\/www.sestogrado.it\/en\/","name":"Sestogrado","description":"yes we climb","publisher":{"@id":"https:\/\/www.sestogrado.it\/en\/#organization"},"potentialAction":[{"@type":"SearchAction","target":{"@type":"EntryPoint","urlTemplate":"https:\/\/www.sestogrado.it\/en\/?s={search_term_string}"},"query-input":{"@type":"PropertyValueSpecification","valueRequired":true,"valueName":"search_term_string"}}],"inLanguage":"en-US"},{"@type":"Organization","@id":"https:\/\/www.sestogrado.it\/en\/#organization","name":"Sestogrado","url":"https:\/\/www.sestogrado.it\/en\/","logo":{"@type":"ImageObject","inLanguage":"en-US","@id":"https:\/\/www.sestogrado.it\/en\/#\/schema\/logo\/image\/","url":"https:\/\/www.sestogrado.it\/wp-content\/uploads\/2015\/03\/sestogrado-favicon.png","contentUrl":"https:\/\/www.sestogrado.it\/wp-content\/uploads\/2015\/03\/sestogrado-favicon.png","width":260,"height":260,"caption":"Sestogrado"},"image":{"@id":"https:\/\/www.sestogrado.it\/en\/#\/schema\/logo\/image\/"},"sameAs":["https:\/\/www.facebook.com\/pages\/Sestogrado\/1542635979353017?ref=bookmarks","https:\/\/www.youtube.com\/channel\/UC847kAfTkaJsWpc1jtQwr3Q"],"hasMerchantReturnPolicy":{"@type":"MerchantReturnPolicy","merchantReturnLink":"https:\/\/www.sestogrado.it\/en\/termini-e-condizioni\/"}}]},"product_brand":"Camp","og_availability":"instock","product_availability":"instock","product_condition":"new"},"_links":{"self":[{"href":"https:\/\/www.sestogrado.it\/en\/wp-json\/wp\/v2\/product\/23599","targetHints":{"allow":["GET"]}}],"collection":[{"href":"https:\/\/www.sestogrado.it\/en\/wp-json\/wp\/v2\/product"}],"about":[{"href":"https:\/\/www.sestogrado.it\/en\/wp-json\/wp\/v2\/types\/product"}],"replies":[{"embeddable":true,"href":"https:\/\/www.sestogrado.it\/en\/wp-json\/wp\/v2\/comments?post=23599"}],"wp:featuredmedia":[{"embeddable":true,"href":"https:\/\/www.sestogrado.it\/en\/wp-json\/wp\/v2\/media\/23607"}],"wp:attachment":[{"href":"https:\/\/www.sestogrado.it\/en\/wp-json\/wp\/v2\/media?parent=23599"}],"wp:term":[{"taxonomy":"product_brand","embeddable":true,"href":"https:\/\/www.sestogrado.it\/en\/wp-json\/wp\/v2\/product_brand?post=23599"},{"taxonomy":"product_cat","embeddable":true,"href":"https:\/\/www.sestogrado.it\/en\/wp-json\/wp\/v2\/product_cat?post=23599"},{"taxonomy":"product_tag","embeddable":true,"href":"https:\/\/www.sestogrado.it\/en\/wp-json\/wp\/v2\/product_tag?post=23599"}],"curies":[{"name":"wp","href":"https:\/\/api.w.org\/{rel}","templated":true}]}}