{"id":23520,"date":"2020-11-12T14:02:35","date_gmt":"2020-11-12T13:02:35","guid":{"rendered":"https:\/\/www.sestogrado.it\/?post_type=product&#038;p=23520"},"modified":"2026-03-30T12:01:22","modified_gmt":"2026-03-30T10:01:22","slug":"black-diamond-punisher-guanti-da-alpinismo-ghiaccio","status":"publish","type":"product","link":"https:\/\/www.sestogrado.it\/en\/prodotto\/black-diamond-punisher-guanti-da-alpinismo-ghiaccio\/","title":{"rendered":"Black Diamond Punisher guanti da alpinismo ghiaccio"},"content":{"rendered":"<p>I Black Diamond Punisher sono i guanti da alpinismo, scialpinismo, ghiaccio, riferimento mondiale per le cascate. Con un bilanciamento ideale tra isolamento termico e prensilit\u00e0, i Punisher sono il guanto perfetto per arrampicare in condizioni di tempo duro. I Black Diamond Punisher sono realizzati in materiale altamente resistente alle abrasioni, particolarmente ergonomico e ti consentono di superare stagione dopo stagione, le difficolt\u00e0 dell&#8217;inverno. I Punisher sono caldi per fare sicura e maneggevoli e funzionali per realizzare nodi con temperature basse. La membrana BD.dry\u2122 ripara ed isola le mani dal freddo, mentre uno strato di imbottitura in EVA le protegge dagli impatti.<\/p>\n<ul>\n<li>fodera con inserto BD.dry\u2122 impermeabile al 100%<\/li>\n<li>resistente alle abrasioni, scudo di nylon intrecciato a quattro rami<\/li>\n<li>fodera in Primaloft Gols da 100g sul dorso<\/li>\n<li>palmo realizzato in pelle di capra, dita chiuse<\/li>\n<li>scudo in Pertex rip-sto<\/li>\n<li>la vestibilit\u00e0 precurvata e la mobilit\u00e0 delle dita sono ottimizzate per l&#8217;impugnatura della piccozza<\/li>\n<li>range ottimale -9\u00b0 \/ +4\u00b0<\/li>\n<\/ul>\n<p class=\"tw-data-text tw-text-large tw-ta\" dir=\"ltr\" data-placeholder=\"Traduzione\"><span lang=\"it\"><br \/>\n<img decoding=\"async\" class=\"size-full wp-image-23521 img-fluid alignnone\" src=\"https:\/\/www.sestogrado.it\/wp-content\/uploads\/2019\/10\/BD_Dry_banner_v2.jpg\" alt=\"BD_Dry\" width=\"450\" height=\"196\" srcset=\"https:\/\/www.sestogrado.it\/wp-content\/uploads\/2019\/10\/BD_Dry_banner_v2.jpg 450w, https:\/\/www.sestogrado.it\/wp-content\/uploads\/2019\/10\/BD_Dry_banner_v2-300x131.jpg 300w, https:\/\/www.sestogrado.it\/wp-content\/uploads\/2019\/10\/BD_Dry_banner_v2-64x28.jpg 64w, https:\/\/www.sestogrado.it\/wp-content\/uploads\/2019\/10\/BD_Dry_banner_v2-160x70.jpg 160w\" sizes=\"(max-width: 450px) 100vw, 450px\" \/><br \/>\nRealizzato per alpinisti, BD.dry\u2122 \u00e8 la soluzione impermeabile, traspirante, anti vento progettata per difenderti da qualsiasi condizione climatica. Ultraleggera e comprimibile, la tecnologia BD.dry\u2122 consiste in un unico strato di fibre progettato per adattarsi perfettamente ai tuoi movimenti. L&#8217;impermeabilit\u00e0 a colonna d&#8217;acqua di 10.000mm offre un livello di protezione su cui puoi sempre contare in ogni condizione alpinistica.<\/span><\/p>\n<p>&nbsp;<\/p>\n<p>I Black Diamond Punisher sono il top per l&#8217;arrampicata su ghiaccio, in ogni condizione.<\/p>\n<p>&nbsp;<\/p>\n<p>Per scegliere la taglia misurarsi la circonferenza del palmo, in corrispondenza delle nocche:<\/p>\n<p><img decoding=\"async\" class=\"size-full wp-image-23609 img-fluid alignnone\" src=\"https:\/\/www.sestogrado.it\/wp-content\/uploads\/2019\/10\/mano.png\" alt=\"mano\" width=\"300\" height=\"300\" srcset=\"https:\/\/www.sestogrado.it\/wp-content\/uploads\/2019\/10\/mano.png 300w, https:\/\/www.sestogrado.it\/wp-content\/uploads\/2019\/10\/mano-100x100.png 100w, https:\/\/www.sestogrado.it\/wp-content\/uploads\/2019\/10\/mano-220x220.png 220w, https:\/\/www.sestogrado.it\/wp-content\/uploads\/2019\/10\/mano-150x150.png 150w, https:\/\/www.sestogrado.it\/wp-content\/uploads\/2019\/10\/mano-45x45.png 45w, https:\/\/www.sestogrado.it\/wp-content\/uploads\/2019\/10\/mano-64x64.png 64w, https:\/\/www.sestogrado.it\/wp-content\/uploads\/2019\/10\/mano-80x80.png 80w\" sizes=\"(max-width: 300px) 100vw, 300px\" \/><\/p>\n<p>&nbsp;<\/p>\n<p>XS 18.4-19.7cm<\/p>\n<p>S 19.7-21cm<\/p>\n<p>M 21.5-23cm<\/p>\n<p>L 23-24cm<\/p>\n<p>XL 24-25.4cm<\/p>\n<p>XXL 25.4-26.6cm<\/p>\n<p id=\"tw-target-text\" class=\"tw-data-text tw-text-large tw-ta\" dir=\"ltr\" data-placeholder=\"Traduzione\">Black Diamond dal 1957 rappresenta un punto di riferimento mondiale per l\u2019attrezzatura da arrampicata. Ci\u00f2 che all\u2019inizio era una attivit\u00e0 artigianale con incudine e martello oggi si \u00e8 trasformata in una societ\u00e0 globale con uffici in tre continenti. Il segreto di Black Diamond \u00e8 sempre lo stesso: essere una societ\u00e0 formata da appassionati climber. In Black Diamond si continua a sognare su ci\u00f2 che potrebbe essere e si continua ad essere critici su ci\u00f2 che esiste. E\u2019 cos\u00ec che il processo creativo per la realizzazione della migliore attrezzatura da arrampicata non avr\u00e0 mai fine.<\/p>\n","protected":false},"excerpt":{"rendered":"<p>I Black Diamond Punisher sono i guanti da alpinismo, scialpinismo, ghiaccio, riferimento mondiale per le cascate. Con un bilanciamento ideale [&hellip;]<\/p>\n","protected":false},"featured_media":44134,"comment_status":"open","ping_status":"closed","template":"","meta":{"_acf_changed":false},"product_brand":[121],"product_cat":[1428],"product_tag":[617,616],"class_list":{"0":"post-23520","1":"product","2":"type-product","3":"status-publish","4":"has-post-thumbnail","6":"product_brand-black-diamond","7":"product_cat-guanti-da-alpinismo","8":"product_tag-guanti-da-alpinismo","9":"product_tag-guanti-da-ghiaccio","11":"first","12":"instock","13":"sale","14":"taxable","15":"shipping-taxable","16":"purchasable","17":"product-type-variable"},"acf":[],"yoast_head":"<!-- This site is optimized with the Yoast SEO plugin v26.4 - https:\/\/yoast.com\/wordpress\/plugins\/seo\/ -->\n<title>Black Diamond Punisher guanti da alpinismo ghiaccio - Sestogrado<\/title>\n<meta name=\"description\" content=\"I Black Diamond Punisher sono i guanti da alpinismo, scialpinismo, ghiaccio, riferimento mondiale per le cascate. Con un bilanciamento ideale tra isolamento termico e prensilit\u00e0, i Punisher sono il guanto perfetto per arrampicare in condizioni di tempo duro. I Black Diamond Punisher sono realizzati in materiale altamente resistente alle abrasioni, particolarmente ergonomico e ti consentono di superare stagione dopo stagione, le difficolt\u00e0 dell&#039;inverno. I Punisher sono guanti caldi per fare sicura e maneggevoli e funzionali per realizzare nodi con temperature basse. La membrana BD.dry\u2122 ripara ed isola le mani dal freddo, mentre uno strato di imbottitura in EVA le protegge dagli impatti. La fodera con inserto BD.dry\u2122 impermeabile al 100%resistente alle abrasioni, scudo di nylon intrecciato a quattro rami. Fodera in pile da 100gpalmo realizzato in pelle di capra, dita chiuse. Imbottitura in EVA stampata a compressione sulle nocche per protezione dagli impatti. La vestibilit\u00e0 precurvata e la mobilit\u00e0 delle dita sono ottimizzate per l&#039;impugnatura della piccozza.\" \/>\n<meta name=\"robots\" content=\"index, follow, max-snippet:-1, max-image-preview:large, max-video-preview:-1\" \/>\n<link rel=\"canonical\" href=\"https:\/\/www.sestogrado.it\/en\/prodotto\/black-diamond-punisher-guanti-da-alpinismo-ghiaccio\/\" \/>\n<meta property=\"og:locale\" content=\"en_US\" \/>\n<meta property=\"og:type\" content=\"article\" \/>\n<meta property=\"og:title\" content=\"Black Diamond Punisher guanti da alpinismo ghiaccio - Sestogrado\" \/>\n<meta property=\"og:description\" content=\"I Black Diamond Punisher sono i guanti da alpinismo, scialpinismo, ghiaccio, riferimento mondiale per le cascate. Con un bilanciamento ideale tra isolamento termico e prensilit\u00e0, i Punisher sono il guanto perfetto per arrampicare in condizioni di tempo duro. I Black Diamond Punisher sono realizzati in materiale altamente resistente alle abrasioni, particolarmente ergonomico e ti consentono di superare stagione dopo stagione, le difficolt\u00e0 dell&#039;inverno. I Punisher sono guanti caldi per fare sicura e maneggevoli e funzionali per realizzare nodi con temperature basse. La membrana BD.dry\u2122 ripara ed isola le mani dal freddo, mentre uno strato di imbottitura in EVA le protegge dagli impatti. La fodera con inserto BD.dry\u2122 impermeabile al 100%resistente alle abrasioni, scudo di nylon intrecciato a quattro rami. Fodera in pile da 100gpalmo realizzato in pelle di capra, dita chiuse. Imbottitura in EVA stampata a compressione sulle nocche per protezione dagli impatti. La vestibilit\u00e0 precurvata e la mobilit\u00e0 delle dita sono ottimizzate per l&#039;impugnatura della piccozza.\" \/>\n<meta property=\"og:url\" content=\"https:\/\/www.sestogrado.it\/en\/prodotto\/black-diamond-punisher-guanti-da-alpinismo-ghiaccio\/\" \/>\n<meta property=\"og:site_name\" content=\"Sestogrado\" \/>\n<meta property=\"article:publisher\" content=\"https:\/\/www.facebook.com\/pages\/Sestogrado\/1542635979353017?ref=bookmarks\" \/>\n<meta property=\"article:modified_time\" content=\"2026-03-30T10:01:22+00:00\" \/>\n<meta property=\"og:image\" content=\"https:\/\/www.sestogrado.it\/wp-content\/uploads\/2019\/10\/Punisher.jpg\" \/>\n\t<meta property=\"og:image:width\" content=\"1152\" \/>\n\t<meta property=\"og:image:height\" content=\"1152\" \/>\n\t<meta property=\"og:image:type\" content=\"image\/jpeg\" \/>\n<meta name=\"twitter:label1\" content=\"Availability\" \/>\n\t<meta name=\"twitter:data1\" content=\"In stock\" \/>\n<script type=\"application\/ld+json\" class=\"yoast-schema-graph\">{\"@context\":\"https:\/\/schema.org\",\"@graph\":[{\"@type\":\"WebPage\",\"@id\":\"https:\/\/www.sestogrado.it\/en\/prodotto\/black-diamond-punisher-guanti-da-alpinismo-ghiaccio\/\",\"url\":\"https:\/\/www.sestogrado.it\/en\/prodotto\/black-diamond-punisher-guanti-da-alpinismo-ghiaccio\/\",\"name\":\"Black Diamond Punisher guanti da alpinismo ghiaccio - Sestogrado\",\"isPartOf\":{\"@id\":\"https:\/\/www.sestogrado.it\/en\/#website\"},\"primaryImageOfPage\":{\"@id\":\"https:\/\/www.sestogrado.it\/en\/prodotto\/black-diamond-punisher-guanti-da-alpinismo-ghiaccio\/#primaryimage\"},\"image\":{\"@id\":\"https:\/\/www.sestogrado.it\/prodotto\/black-diamond-punisher-guanti-da-alpinismo-ghiaccio\/#primaryimage\"},\"thumbnailUrl\":\"https:\/\/www.sestogrado.it\/wp-content\/uploads\/2019\/10\/Punisher.jpg\",\"datePublished\":\"2020-11-12T13:02:35+00:00\",\"dateModified\":\"2026-03-30T10:01:22+00:00\",\"description\":\"I Black Diamond Punisher sono i guanti da alpinismo, scialpinismo, ghiaccio, riferimento mondiale per le cascate. Con un bilanciamento ideale tra isolamento termico e prensilit\u00e0, i Punisher sono il guanto perfetto per arrampicare in condizioni di tempo duro. I Black Diamond Punisher sono realizzati in materiale altamente resistente alle abrasioni, particolarmente ergonomico e ti consentono di superare stagione dopo stagione, le difficolt\u00e0 dell'inverno. I Punisher sono guanti caldi per fare sicura e maneggevoli e funzionali per realizzare nodi con temperature basse. La membrana BD.dry\u2122 ripara ed isola le mani dal freddo, mentre uno strato di imbottitura in EVA le protegge dagli impatti. La fodera con inserto BD.dry\u2122 impermeabile al 100%resistente alle abrasioni, scudo di nylon intrecciato a quattro rami. Fodera in pile da 100gpalmo realizzato in pelle di capra, dita chiuse. Imbottitura in EVA stampata a compressione sulle nocche per protezione dagli impatti. La vestibilit\u00e0 precurvata e la mobilit\u00e0 delle dita sono ottimizzate per l'impugnatura della piccozza.\",\"breadcrumb\":{\"@id\":\"https:\/\/www.sestogrado.it\/en\/prodotto\/black-diamond-punisher-guanti-da-alpinismo-ghiaccio\/#breadcrumb\"},\"inLanguage\":\"en-US\",\"potentialAction\":[{\"@type\":\"ReadAction\",\"target\":[[\"https:\/\/www.sestogrado.it\/en\/prodotto\/black-diamond-punisher-guanti-da-alpinismo-ghiaccio\/\"]]}]},{\"@type\":\"ImageObject\",\"inLanguage\":\"en-US\",\"@id\":\"https:\/\/www.sestogrado.it\/en\/prodotto\/black-diamond-punisher-guanti-da-alpinismo-ghiaccio\/#primaryimage\",\"url\":\"https:\/\/www.sestogrado.it\/wp-content\/uploads\/2019\/10\/Punisher.jpg\",\"contentUrl\":\"https:\/\/www.sestogrado.it\/wp-content\/uploads\/2019\/10\/Punisher.jpg\",\"width\":1152,\"height\":1152,\"caption\":\"Punisher\"},{\"@type\":\"BreadcrumbList\",\"@id\":\"https:\/\/www.sestogrado.it\/en\/prodotto\/black-diamond-punisher-guanti-da-alpinismo-ghiaccio\/#breadcrumb\",\"itemListElement\":[{\"@type\":\"ListItem\",\"position\":1,\"name\":\"Home\",\"item\":\"https:\/\/www.sestogrado.it\/en\/\"},{\"@type\":\"ListItem\",\"position\":2,\"name\":\"Shop\",\"item\":\"https:\/\/www.sestogrado.it\/en\/shop\/\"},{\"@type\":\"ListItem\",\"position\":3,\"name\":\"Black Diamond Punisher guanti da alpinismo ghiaccio\"}]},{\"@type\":\"WebSite\",\"@id\":\"https:\/\/www.sestogrado.it\/en\/#website\",\"url\":\"https:\/\/www.sestogrado.it\/en\/\",\"name\":\"Sestogrado\",\"description\":\"yes we climb\",\"publisher\":{\"@id\":\"https:\/\/www.sestogrado.it\/en\/#organization\"},\"potentialAction\":[{\"@type\":\"SearchAction\",\"target\":{\"@type\":\"EntryPoint\",\"urlTemplate\":\"https:\/\/www.sestogrado.it\/en\/?s={search_term_string}\"},\"query-input\":{\"@type\":\"PropertyValueSpecification\",\"valueRequired\":true,\"valueName\":\"search_term_string\"}}],\"inLanguage\":\"en-US\"},{\"@type\":\"Organization\",\"@id\":\"https:\/\/www.sestogrado.it\/en\/#organization\",\"name\":\"Sestogrado\",\"url\":\"https:\/\/www.sestogrado.it\/en\/\",\"logo\":{\"@type\":\"ImageObject\",\"inLanguage\":\"en-US\",\"@id\":\"https:\/\/www.sestogrado.it\/en\/#\/schema\/logo\/image\/\",\"url\":\"https:\/\/www.sestogrado.it\/wp-content\/uploads\/2015\/03\/sestogrado-favicon.png\",\"contentUrl\":\"https:\/\/www.sestogrado.it\/wp-content\/uploads\/2015\/03\/sestogrado-favicon.png\",\"width\":260,\"height\":260,\"caption\":\"Sestogrado\"},\"image\":{\"@id\":\"https:\/\/www.sestogrado.it\/en\/#\/schema\/logo\/image\/\"},\"sameAs\":[\"https:\/\/www.facebook.com\/pages\/Sestogrado\/1542635979353017?ref=bookmarks\",\"https:\/\/www.youtube.com\/channel\/UC847kAfTkaJsWpc1jtQwr3Q\"],\"hasMerchantReturnPolicy\":{\"@type\":\"MerchantReturnPolicy\",\"merchantReturnLink\":\"https:\/\/www.sestogrado.it\/en\/termini-e-condizioni\/\"}}]}<\/script>\n<meta property=\"product:brand\" content=\"Black Diamond\" \/>\n<meta property=\"og:availability\" content=\"instock\" \/>\n<meta property=\"product:availability\" content=\"instock\" \/>\n<meta property=\"product:condition\" content=\"new\" \/>\n<!-- \/ Yoast SEO plugin. -->","yoast_head_json":{"title":"Black Diamond Punisher guanti da alpinismo ghiaccio - Sestogrado","description":"I Black Diamond Punisher sono i guanti da alpinismo, scialpinismo, ghiaccio, riferimento mondiale per le cascate. Con un bilanciamento ideale tra isolamento termico e prensilit\u00e0, i Punisher sono il guanto perfetto per arrampicare in condizioni di tempo duro. I Black Diamond Punisher sono realizzati in materiale altamente resistente alle abrasioni, particolarmente ergonomico e ti consentono di superare stagione dopo stagione, le difficolt\u00e0 dell'inverno. I Punisher sono guanti caldi per fare sicura e maneggevoli e funzionali per realizzare nodi con temperature basse. La membrana BD.dry\u2122 ripara ed isola le mani dal freddo, mentre uno strato di imbottitura in EVA le protegge dagli impatti. La fodera con inserto BD.dry\u2122 impermeabile al 100%resistente alle abrasioni, scudo di nylon intrecciato a quattro rami. Fodera in pile da 100gpalmo realizzato in pelle di capra, dita chiuse. Imbottitura in EVA stampata a compressione sulle nocche per protezione dagli impatti. La vestibilit\u00e0 precurvata e la mobilit\u00e0 delle dita sono ottimizzate per l'impugnatura della piccozza.","robots":{"index":"index","follow":"follow","max-snippet":"max-snippet:-1","max-image-preview":"max-image-preview:large","max-video-preview":"max-video-preview:-1"},"canonical":"https:\/\/www.sestogrado.it\/en\/prodotto\/black-diamond-punisher-guanti-da-alpinismo-ghiaccio\/","og_locale":"en_US","og_type":"article","og_title":"Black Diamond Punisher guanti da alpinismo ghiaccio - Sestogrado","og_description":"I Black Diamond Punisher sono i guanti da alpinismo, scialpinismo, ghiaccio, riferimento mondiale per le cascate. Con un bilanciamento ideale tra isolamento termico e prensilit\u00e0, i Punisher sono il guanto perfetto per arrampicare in condizioni di tempo duro. I Black Diamond Punisher sono realizzati in materiale altamente resistente alle abrasioni, particolarmente ergonomico e ti consentono di superare stagione dopo stagione, le difficolt\u00e0 dell'inverno. I Punisher sono guanti caldi per fare sicura e maneggevoli e funzionali per realizzare nodi con temperature basse. La membrana BD.dry\u2122 ripara ed isola le mani dal freddo, mentre uno strato di imbottitura in EVA le protegge dagli impatti. La fodera con inserto BD.dry\u2122 impermeabile al 100%resistente alle abrasioni, scudo di nylon intrecciato a quattro rami. Fodera in pile da 100gpalmo realizzato in pelle di capra, dita chiuse. Imbottitura in EVA stampata a compressione sulle nocche per protezione dagli impatti. La vestibilit\u00e0 precurvata e la mobilit\u00e0 delle dita sono ottimizzate per l'impugnatura della piccozza.","og_url":"https:\/\/www.sestogrado.it\/en\/prodotto\/black-diamond-punisher-guanti-da-alpinismo-ghiaccio\/","og_site_name":"Sestogrado","article_publisher":"https:\/\/www.facebook.com\/pages\/Sestogrado\/1542635979353017?ref=bookmarks","article_modified_time":"2026-03-30T10:01:22+00:00","og_image":[{"width":1152,"height":1152,"url":"https:\/\/www.sestogrado.it\/wp-content\/uploads\/2019\/10\/Punisher.jpg","type":"image\/jpeg"}],"twitter_misc":{"Availability":"In stock"},"schema":{"@context":"https:\/\/schema.org","@graph":[{"@type":"WebPage","@id":"https:\/\/www.sestogrado.it\/en\/prodotto\/black-diamond-punisher-guanti-da-alpinismo-ghiaccio\/","url":"https:\/\/www.sestogrado.it\/en\/prodotto\/black-diamond-punisher-guanti-da-alpinismo-ghiaccio\/","name":"Black Diamond Punisher guanti da alpinismo ghiaccio - Sestogrado","isPartOf":{"@id":"https:\/\/www.sestogrado.it\/en\/#website"},"primaryImageOfPage":{"@id":"https:\/\/www.sestogrado.it\/en\/prodotto\/black-diamond-punisher-guanti-da-alpinismo-ghiaccio\/#primaryimage"},"image":{"@id":"https:\/\/www.sestogrado.it\/prodotto\/black-diamond-punisher-guanti-da-alpinismo-ghiaccio\/#primaryimage"},"thumbnailUrl":"https:\/\/www.sestogrado.it\/wp-content\/uploads\/2019\/10\/Punisher.jpg","datePublished":"2020-11-12T13:02:35+00:00","dateModified":"2026-03-30T10:01:22+00:00","description":"I Black Diamond Punisher sono i guanti da alpinismo, scialpinismo, ghiaccio, riferimento mondiale per le cascate. Con un bilanciamento ideale tra isolamento termico e prensilit\u00e0, i Punisher sono il guanto perfetto per arrampicare in condizioni di tempo duro. I Black Diamond Punisher sono realizzati in materiale altamente resistente alle abrasioni, particolarmente ergonomico e ti consentono di superare stagione dopo stagione, le difficolt\u00e0 dell'inverno. I Punisher sono guanti caldi per fare sicura e maneggevoli e funzionali per realizzare nodi con temperature basse. La membrana BD.dry\u2122 ripara ed isola le mani dal freddo, mentre uno strato di imbottitura in EVA le protegge dagli impatti. La fodera con inserto BD.dry\u2122 impermeabile al 100%resistente alle abrasioni, scudo di nylon intrecciato a quattro rami. Fodera in pile da 100gpalmo realizzato in pelle di capra, dita chiuse. Imbottitura in EVA stampata a compressione sulle nocche per protezione dagli impatti. La vestibilit\u00e0 precurvata e la mobilit\u00e0 delle dita sono ottimizzate per l'impugnatura della piccozza.","breadcrumb":{"@id":"https:\/\/www.sestogrado.it\/en\/prodotto\/black-diamond-punisher-guanti-da-alpinismo-ghiaccio\/#breadcrumb"},"inLanguage":"en-US","potentialAction":[{"@type":"ReadAction","target":[["https:\/\/www.sestogrado.it\/en\/prodotto\/black-diamond-punisher-guanti-da-alpinismo-ghiaccio\/"]]}]},{"@type":"ImageObject","inLanguage":"en-US","@id":"https:\/\/www.sestogrado.it\/en\/prodotto\/black-diamond-punisher-guanti-da-alpinismo-ghiaccio\/#primaryimage","url":"https:\/\/www.sestogrado.it\/wp-content\/uploads\/2019\/10\/Punisher.jpg","contentUrl":"https:\/\/www.sestogrado.it\/wp-content\/uploads\/2019\/10\/Punisher.jpg","width":1152,"height":1152,"caption":"Punisher"},{"@type":"BreadcrumbList","@id":"https:\/\/www.sestogrado.it\/en\/prodotto\/black-diamond-punisher-guanti-da-alpinismo-ghiaccio\/#breadcrumb","itemListElement":[{"@type":"ListItem","position":1,"name":"Home","item":"https:\/\/www.sestogrado.it\/en\/"},{"@type":"ListItem","position":2,"name":"Shop","item":"https:\/\/www.sestogrado.it\/en\/shop\/"},{"@type":"ListItem","position":3,"name":"Black Diamond Punisher guanti da alpinismo ghiaccio"}]},{"@type":"WebSite","@id":"https:\/\/www.sestogrado.it\/en\/#website","url":"https:\/\/www.sestogrado.it\/en\/","name":"Sestogrado","description":"yes we climb","publisher":{"@id":"https:\/\/www.sestogrado.it\/en\/#organization"},"potentialAction":[{"@type":"SearchAction","target":{"@type":"EntryPoint","urlTemplate":"https:\/\/www.sestogrado.it\/en\/?s={search_term_string}"},"query-input":{"@type":"PropertyValueSpecification","valueRequired":true,"valueName":"search_term_string"}}],"inLanguage":"en-US"},{"@type":"Organization","@id":"https:\/\/www.sestogrado.it\/en\/#organization","name":"Sestogrado","url":"https:\/\/www.sestogrado.it\/en\/","logo":{"@type":"ImageObject","inLanguage":"en-US","@id":"https:\/\/www.sestogrado.it\/en\/#\/schema\/logo\/image\/","url":"https:\/\/www.sestogrado.it\/wp-content\/uploads\/2015\/03\/sestogrado-favicon.png","contentUrl":"https:\/\/www.sestogrado.it\/wp-content\/uploads\/2015\/03\/sestogrado-favicon.png","width":260,"height":260,"caption":"Sestogrado"},"image":{"@id":"https:\/\/www.sestogrado.it\/en\/#\/schema\/logo\/image\/"},"sameAs":["https:\/\/www.facebook.com\/pages\/Sestogrado\/1542635979353017?ref=bookmarks","https:\/\/www.youtube.com\/channel\/UC847kAfTkaJsWpc1jtQwr3Q"],"hasMerchantReturnPolicy":{"@type":"MerchantReturnPolicy","merchantReturnLink":"https:\/\/www.sestogrado.it\/en\/termini-e-condizioni\/"}}]},"product_brand":"Black Diamond","og_availability":"instock","product_availability":"instock","product_condition":"new"},"_links":{"self":[{"href":"https:\/\/www.sestogrado.it\/en\/wp-json\/wp\/v2\/product\/23520","targetHints":{"allow":["GET"]}}],"collection":[{"href":"https:\/\/www.sestogrado.it\/en\/wp-json\/wp\/v2\/product"}],"about":[{"href":"https:\/\/www.sestogrado.it\/en\/wp-json\/wp\/v2\/types\/product"}],"replies":[{"embeddable":true,"href":"https:\/\/www.sestogrado.it\/en\/wp-json\/wp\/v2\/comments?post=23520"}],"wp:featuredmedia":[{"embeddable":true,"href":"https:\/\/www.sestogrado.it\/en\/wp-json\/wp\/v2\/media\/44134"}],"wp:attachment":[{"href":"https:\/\/www.sestogrado.it\/en\/wp-json\/wp\/v2\/media?parent=23520"}],"wp:term":[{"taxonomy":"product_brand","embeddable":true,"href":"https:\/\/www.sestogrado.it\/en\/wp-json\/wp\/v2\/product_brand?post=23520"},{"taxonomy":"product_cat","embeddable":true,"href":"https:\/\/www.sestogrado.it\/en\/wp-json\/wp\/v2\/product_cat?post=23520"},{"taxonomy":"product_tag","embeddable":true,"href":"https:\/\/www.sestogrado.it\/en\/wp-json\/wp\/v2\/product_tag?post=23520"}],"curies":[{"name":"wp","href":"https:\/\/api.w.org\/{rel}","templated":true}]}}