{"id":23433,"date":"2019-10-10T10:44:31","date_gmt":"2019-10-10T08:44:31","guid":{"rendered":"https:\/\/www.sestogrado.it\/?post_type=product&#038;p=23433"},"modified":"2025-11-23T12:21:50","modified_gmt":"2025-11-23T11:21:50","slug":"ferrino-lightec-shingle-square-saccoletto-sintetico","status":"publish","type":"product","link":"https:\/\/www.sestogrado.it\/en\/prodotto\/ferrino-lightec-shingle-square-saccoletto-sintetico\/","title":{"rendered":"Ferrino Lightec Shingle Square saccoletto sintetico"},"content":{"rendered":"<p>Il Ferrino Shingle Lightec Square \u00e8 il saccoletto Ferrino con sagoma square pi\u00f9 performante, ideale per lunghi viaggi avventura &#8220;zaino in spalla&#8221;, trekking impegnativi, poich\u00e8 garantisce ottime prestazioni termiche a fronte di peso e dimensioni della custodia estremamente ridotte.<\/p>\n<ul>\n<li><strong>Tessuto esterno:<\/strong>\u00a0100% 300T Polyester Ripstop<\/li>\n<li><strong>Tessuto interno:<\/strong>\u00a0100% Polyester<\/li>\n<li><strong>Imbottitura:\u00a0<\/strong>Lightec Shingle SQ: 600 g H.T.F. Compact<\/li>\n<li><strong>Accessori:<\/strong>\u00a0Ottima termicit\u00e0 grazie alla imbottitura sintetica &#8220;HTF Compact&#8221; | Imbottitura con costruzione &#8220;shingle \u2011 a tegole&#8221;\u00a0per una maggiore coibenza termica a parit\u00e0 di ingombro\u00a0\u00a0| Apertura facilitata con sistema \u201cone touch\u201d\u00a0che consente di chiudere ed aprire il cappuccio dall&#8217;interno con una sola mano\u00a0| Cupolino parafreddo\u00a0cappuccio sagomato per una maggiore protezione del capo dal freddo\u00a0| Lampo a 2 vie\u00a0permette di aprire il fondo del saccoletto, regolando la temperatura interna\u00a0| Coprilampo\u00a0<strong>\u00a0<\/strong>barriera interna imbottita lungo la lampo per evitare l\u2019ingresso del freddo | Sacca di compressione inclusa\u00a0permette di ridurre il volume del saccoletto<\/li>\n<\/ul>\n<p>&nbsp;<\/p>\n<p>Il Ferrino Lightec Shingle Square \u00e8 un saccoletto compatto, facile da trasportare e stipare, dal piccolo ingombro e dalla ottima termicit\u00e0, ideale per trekking estivi, campeggio, outdoor.<\/p>\n<p>&nbsp;<\/p>\n<p>1870 Tutto inizia in un negozio di vernici, a Torino. Cesare Ferrino ha un\u2019intuizione rivoluzionaria: impermeabilizzare i tessuti. Il successo \u00e8 immediato, in tutta italia. Dal tessuto alla manifattura le prime tende in dotazione a esploratori e alpinisti, poi gli anni dell\u2019alpinismo leggendario, nel 1994 l&#8217;installazione sul Monte Rosa a 3585 del HighLab, un laboratorio permanente in alta quota nel\u00a0rifugio Quintino Sella, per le prove di nuovi materiali e prototipi. Ferrino \u00e8 un punto di riferimento per le grandi avventure outdoor, nel 1870 come oggi.<\/p>\n","protected":false},"excerpt":{"rendered":"<p>Il Ferrino Shingle Lightec Square \u00e8 il saccoletto Ferrino con sagoma square pi\u00f9 performante, ideale per lunghi viaggi avventura &#8220;zaino [&hellip;]<\/p>\n","protected":false},"featured_media":131115,"comment_status":"open","ping_status":"closed","template":"","meta":{"_acf_changed":false},"product_brand":[614],"product_cat":[577],"product_tag":[615],"class_list":{"0":"post-23433","1":"product","2":"type-product","3":"status-publish","4":"has-post-thumbnail","6":"product_brand-ferrino","7":"product_cat-sacchi-a-pelo","8":"product_tag-saccoletto","10":"first","11":"instock","12":"sale","13":"taxable","14":"shipping-taxable","15":"purchasable","16":"product-type-variable"},"acf":[],"yoast_head":"<!-- This site is optimized with the Yoast SEO plugin v26.4 - https:\/\/yoast.com\/wordpress\/plugins\/seo\/ -->\n<title>Ferrino Lightec Shingle Square saccoletto sintetico - Sestogrado<\/title>\n<meta name=\"description\" content=\"Il Ferrino Shingle Lightec Square \u00e8 il saccoletto Ferrino con sagoma square pi\u00f9 performante, ideale per lunghi viaggi avventura &quot;zaino in spalla&quot;, trekking impegnativi, poich\u00e8 garantisce ottime prestazioni termiche a fronte di peso e dimensioni della custodia estremamente ridotte.Tessuto esterno:\u00a0100% 300T Polyester RipstopTessuto interno:\u00a0100% PolyesterImbottitura:\u00a0Lightec Shingle SQ: 600 g H.T.F. Compact\u00a0Accessori:\u00a0Ottima termicit\u00e0 grazie alla imbottitura sintetica &quot;HTF Compact&quot; | Imbottitura con costruzione &quot;shingle \u2011 a tegole&quot;\u00a0per una maggiore coibenza termica a parit\u00e0 di ingombro\u00a0\u00a0| Apertura facilitata con sistema \u201cone touch\u201d\u00a0che consente di chiudere ed aprire il cappuccio dall&#039;interno con una sola mano\u00a0| Cupolino parafreddo\u00a0cappuccio sagomato per una maggiore protezione del capo dal freddo\u00a0| Lampo a 2 vie\u00a0permette di aprire il fondo del saccoletto, regolando la temperatura interna\u00a0| Coprilampo\u00a0\u00a0barriera interna imbottita lungo la lampo per evitare l\u2019ingresso del freddo | Sacca di compressione inclusa\u00a0permette di ridurre il volume del saccoletto\" \/>\n<meta name=\"robots\" content=\"index, follow, max-snippet:-1, max-image-preview:large, max-video-preview:-1\" \/>\n<link rel=\"canonical\" href=\"https:\/\/www.sestogrado.it\/en\/prodotto\/ferrino-lightec-shingle-square-saccoletto-sintetico\/\" \/>\n<meta property=\"og:locale\" content=\"en_US\" \/>\n<meta property=\"og:type\" content=\"article\" \/>\n<meta property=\"og:title\" content=\"Ferrino Lightec Shingle Square saccoletto sintetico - Sestogrado\" \/>\n<meta property=\"og:description\" content=\"Il Ferrino Shingle Lightec Square \u00e8 il saccoletto Ferrino con sagoma square pi\u00f9 performante, ideale per lunghi viaggi avventura &quot;zaino in spalla&quot;, trekking impegnativi, poich\u00e8 garantisce ottime prestazioni termiche a fronte di peso e dimensioni della custodia estremamente ridotte.Tessuto esterno:\u00a0100% 300T Polyester RipstopTessuto interno:\u00a0100% PolyesterImbottitura:\u00a0Lightec Shingle SQ: 600 g H.T.F. Compact\u00a0Accessori:\u00a0Ottima termicit\u00e0 grazie alla imbottitura sintetica &quot;HTF Compact&quot; | Imbottitura con costruzione &quot;shingle \u2011 a tegole&quot;\u00a0per una maggiore coibenza termica a parit\u00e0 di ingombro\u00a0\u00a0| Apertura facilitata con sistema \u201cone touch\u201d\u00a0che consente di chiudere ed aprire il cappuccio dall&#039;interno con una sola mano\u00a0| Cupolino parafreddo\u00a0cappuccio sagomato per una maggiore protezione del capo dal freddo\u00a0| Lampo a 2 vie\u00a0permette di aprire il fondo del saccoletto, regolando la temperatura interna\u00a0| Coprilampo\u00a0\u00a0barriera interna imbottita lungo la lampo per evitare l\u2019ingresso del freddo | Sacca di compressione inclusa\u00a0permette di ridurre il volume del saccoletto\" \/>\n<meta property=\"og:url\" content=\"https:\/\/www.sestogrado.it\/en\/prodotto\/ferrino-lightec-shingle-square-saccoletto-sintetico\/\" \/>\n<meta property=\"og:site_name\" content=\"Sestogrado\" \/>\n<meta property=\"article:publisher\" content=\"https:\/\/www.facebook.com\/pages\/Sestogrado\/1542635979353017?ref=bookmarks\" \/>\n<meta property=\"article:modified_time\" content=\"2025-11-23T11:21:50+00:00\" \/>\n<meta property=\"og:image\" content=\"https:\/\/www.sestogrado.it\/wp-content\/uploads\/2019\/10\/01-35.jpg\" \/>\n\t<meta property=\"og:image:width\" content=\"2000\" \/>\n\t<meta property=\"og:image:height\" content=\"2000\" \/>\n\t<meta property=\"og:image:type\" content=\"image\/jpeg\" \/>\n<meta name=\"twitter:label1\" content=\"Availability\" \/>\n\t<meta name=\"twitter:data1\" content=\"In stock\" \/>\n<script type=\"application\/ld+json\" class=\"yoast-schema-graph\">{\"@context\":\"https:\/\/schema.org\",\"@graph\":[{\"@type\":\"WebPage\",\"@id\":\"https:\/\/www.sestogrado.it\/en\/prodotto\/ferrino-lightec-shingle-square-saccoletto-sintetico\/\",\"url\":\"https:\/\/www.sestogrado.it\/en\/prodotto\/ferrino-lightec-shingle-square-saccoletto-sintetico\/\",\"name\":\"Ferrino Lightec Shingle Square saccoletto sintetico - Sestogrado\",\"isPartOf\":{\"@id\":\"https:\/\/www.sestogrado.it\/en\/#website\"},\"primaryImageOfPage\":{\"@id\":\"https:\/\/www.sestogrado.it\/en\/prodotto\/ferrino-lightec-shingle-square-saccoletto-sintetico\/#primaryimage\"},\"image\":{\"@id\":\"https:\/\/www.sestogrado.it\/prodotto\/ferrino-lightec-shingle-square-saccoletto-sintetico\/#primaryimage\"},\"thumbnailUrl\":\"https:\/\/www.sestogrado.it\/wp-content\/uploads\/2019\/10\/01-35.jpg\",\"datePublished\":\"2019-10-10T08:44:31+00:00\",\"dateModified\":\"2025-11-23T11:21:50+00:00\",\"description\":\"Il Ferrino Shingle Lightec Square \u00e8 il saccoletto Ferrino con sagoma square pi\u00f9 performante, ideale per lunghi viaggi avventura \\\"zaino in spalla\\\", trekking impegnativi, poich\u00e8 garantisce ottime prestazioni termiche a fronte di peso e dimensioni della custodia estremamente ridotte.Tessuto esterno:\u00a0100% 300T Polyester RipstopTessuto interno:\u00a0100% PolyesterImbottitura:\u00a0Lightec Shingle SQ: 600 g H.T.F. Compact\u00a0Accessori:\u00a0Ottima termicit\u00e0 grazie alla imbottitura sintetica \\\"HTF Compact\\\" | Imbottitura con costruzione \\\"shingle \u2011 a tegole\\\"\u00a0per una maggiore coibenza termica a parit\u00e0 di ingombro\u00a0\u00a0| Apertura facilitata con sistema \u201cone touch\u201d\u00a0che consente di chiudere ed aprire il cappuccio dall'interno con una sola mano\u00a0| Cupolino parafreddo\u00a0cappuccio sagomato per una maggiore protezione del capo dal freddo\u00a0| Lampo a 2 vie\u00a0permette di aprire il fondo del saccoletto, regolando la temperatura interna\u00a0| Coprilampo\u00a0\u00a0barriera interna imbottita lungo la lampo per evitare l\u2019ingresso del freddo | Sacca di compressione inclusa\u00a0permette di ridurre il volume del saccoletto\",\"breadcrumb\":{\"@id\":\"https:\/\/www.sestogrado.it\/en\/prodotto\/ferrino-lightec-shingle-square-saccoletto-sintetico\/#breadcrumb\"},\"inLanguage\":\"en-US\",\"potentialAction\":[{\"@type\":\"ReadAction\",\"target\":[[\"https:\/\/www.sestogrado.it\/en\/prodotto\/ferrino-lightec-shingle-square-saccoletto-sintetico\/\"]]}]},{\"@type\":\"ImageObject\",\"inLanguage\":\"en-US\",\"@id\":\"https:\/\/www.sestogrado.it\/en\/prodotto\/ferrino-lightec-shingle-square-saccoletto-sintetico\/#primaryimage\",\"url\":\"https:\/\/www.sestogrado.it\/wp-content\/uploads\/2019\/10\/01-35.jpg\",\"contentUrl\":\"https:\/\/www.sestogrado.it\/wp-content\/uploads\/2019\/10\/01-35.jpg\",\"width\":2000,\"height\":2000,\"caption\":\"ferrino lightec shingle\"},{\"@type\":\"BreadcrumbList\",\"@id\":\"https:\/\/www.sestogrado.it\/en\/prodotto\/ferrino-lightec-shingle-square-saccoletto-sintetico\/#breadcrumb\",\"itemListElement\":[{\"@type\":\"ListItem\",\"position\":1,\"name\":\"Home\",\"item\":\"https:\/\/www.sestogrado.it\/en\/\"},{\"@type\":\"ListItem\",\"position\":2,\"name\":\"Shop\",\"item\":\"https:\/\/www.sestogrado.it\/en\/shop\/\"},{\"@type\":\"ListItem\",\"position\":3,\"name\":\"Ferrino Lightec Shingle Square saccoletto sintetico\"}]},{\"@type\":\"WebSite\",\"@id\":\"https:\/\/www.sestogrado.it\/en\/#website\",\"url\":\"https:\/\/www.sestogrado.it\/en\/\",\"name\":\"Sestogrado\",\"description\":\"yes we climb\",\"publisher\":{\"@id\":\"https:\/\/www.sestogrado.it\/en\/#organization\"},\"potentialAction\":[{\"@type\":\"SearchAction\",\"target\":{\"@type\":\"EntryPoint\",\"urlTemplate\":\"https:\/\/www.sestogrado.it\/en\/?s={search_term_string}\"},\"query-input\":{\"@type\":\"PropertyValueSpecification\",\"valueRequired\":true,\"valueName\":\"search_term_string\"}}],\"inLanguage\":\"en-US\"},{\"@type\":\"Organization\",\"@id\":\"https:\/\/www.sestogrado.it\/en\/#organization\",\"name\":\"Sestogrado\",\"url\":\"https:\/\/www.sestogrado.it\/en\/\",\"logo\":{\"@type\":\"ImageObject\",\"inLanguage\":\"en-US\",\"@id\":\"https:\/\/www.sestogrado.it\/en\/#\/schema\/logo\/image\/\",\"url\":\"https:\/\/www.sestogrado.it\/wp-content\/uploads\/2015\/03\/sestogrado-favicon.png\",\"contentUrl\":\"https:\/\/www.sestogrado.it\/wp-content\/uploads\/2015\/03\/sestogrado-favicon.png\",\"width\":260,\"height\":260,\"caption\":\"Sestogrado\"},\"image\":{\"@id\":\"https:\/\/www.sestogrado.it\/en\/#\/schema\/logo\/image\/\"},\"sameAs\":[\"https:\/\/www.facebook.com\/pages\/Sestogrado\/1542635979353017?ref=bookmarks\",\"https:\/\/www.youtube.com\/channel\/UC847kAfTkaJsWpc1jtQwr3Q\"],\"hasMerchantReturnPolicy\":{\"@type\":\"MerchantReturnPolicy\",\"merchantReturnLink\":\"https:\/\/www.sestogrado.it\/en\/termini-e-condizioni\/\"}}]}<\/script>\n<meta property=\"product:brand\" content=\"Ferrino\" \/>\n<meta property=\"og:availability\" content=\"instock\" \/>\n<meta property=\"product:availability\" content=\"instock\" \/>\n<meta property=\"product:condition\" content=\"new\" \/>\n<!-- \/ Yoast SEO plugin. -->","yoast_head_json":{"title":"Ferrino Lightec Shingle Square saccoletto sintetico - Sestogrado","description":"Il Ferrino Shingle Lightec Square \u00e8 il saccoletto Ferrino con sagoma square pi\u00f9 performante, ideale per lunghi viaggi avventura \"zaino in spalla\", trekking impegnativi, poich\u00e8 garantisce ottime prestazioni termiche a fronte di peso e dimensioni della custodia estremamente ridotte.Tessuto esterno:\u00a0100% 300T Polyester RipstopTessuto interno:\u00a0100% PolyesterImbottitura:\u00a0Lightec Shingle SQ: 600 g H.T.F. Compact\u00a0Accessori:\u00a0Ottima termicit\u00e0 grazie alla imbottitura sintetica \"HTF Compact\" | Imbottitura con costruzione \"shingle \u2011 a tegole\"\u00a0per una maggiore coibenza termica a parit\u00e0 di ingombro\u00a0\u00a0| Apertura facilitata con sistema \u201cone touch\u201d\u00a0che consente di chiudere ed aprire il cappuccio dall'interno con una sola mano\u00a0| Cupolino parafreddo\u00a0cappuccio sagomato per una maggiore protezione del capo dal freddo\u00a0| Lampo a 2 vie\u00a0permette di aprire il fondo del saccoletto, regolando la temperatura interna\u00a0| Coprilampo\u00a0\u00a0barriera interna imbottita lungo la lampo per evitare l\u2019ingresso del freddo | Sacca di compressione inclusa\u00a0permette di ridurre il volume del saccoletto","robots":{"index":"index","follow":"follow","max-snippet":"max-snippet:-1","max-image-preview":"max-image-preview:large","max-video-preview":"max-video-preview:-1"},"canonical":"https:\/\/www.sestogrado.it\/en\/prodotto\/ferrino-lightec-shingle-square-saccoletto-sintetico\/","og_locale":"en_US","og_type":"article","og_title":"Ferrino Lightec Shingle Square saccoletto sintetico - Sestogrado","og_description":"Il Ferrino Shingle Lightec Square \u00e8 il saccoletto Ferrino con sagoma square pi\u00f9 performante, ideale per lunghi viaggi avventura \"zaino in spalla\", trekking impegnativi, poich\u00e8 garantisce ottime prestazioni termiche a fronte di peso e dimensioni della custodia estremamente ridotte.Tessuto esterno:\u00a0100% 300T Polyester RipstopTessuto interno:\u00a0100% PolyesterImbottitura:\u00a0Lightec Shingle SQ: 600 g H.T.F. Compact\u00a0Accessori:\u00a0Ottima termicit\u00e0 grazie alla imbottitura sintetica \"HTF Compact\" | Imbottitura con costruzione \"shingle \u2011 a tegole\"\u00a0per una maggiore coibenza termica a parit\u00e0 di ingombro\u00a0\u00a0| Apertura facilitata con sistema \u201cone touch\u201d\u00a0che consente di chiudere ed aprire il cappuccio dall'interno con una sola mano\u00a0| Cupolino parafreddo\u00a0cappuccio sagomato per una maggiore protezione del capo dal freddo\u00a0| Lampo a 2 vie\u00a0permette di aprire il fondo del saccoletto, regolando la temperatura interna\u00a0| Coprilampo\u00a0\u00a0barriera interna imbottita lungo la lampo per evitare l\u2019ingresso del freddo | Sacca di compressione inclusa\u00a0permette di ridurre il volume del saccoletto","og_url":"https:\/\/www.sestogrado.it\/en\/prodotto\/ferrino-lightec-shingle-square-saccoletto-sintetico\/","og_site_name":"Sestogrado","article_publisher":"https:\/\/www.facebook.com\/pages\/Sestogrado\/1542635979353017?ref=bookmarks","article_modified_time":"2025-11-23T11:21:50+00:00","og_image":[{"width":2000,"height":2000,"url":"https:\/\/www.sestogrado.it\/wp-content\/uploads\/2019\/10\/01-35.jpg","type":"image\/jpeg"}],"twitter_misc":{"Availability":"In stock"},"schema":{"@context":"https:\/\/schema.org","@graph":[{"@type":"WebPage","@id":"https:\/\/www.sestogrado.it\/en\/prodotto\/ferrino-lightec-shingle-square-saccoletto-sintetico\/","url":"https:\/\/www.sestogrado.it\/en\/prodotto\/ferrino-lightec-shingle-square-saccoletto-sintetico\/","name":"Ferrino Lightec Shingle Square saccoletto sintetico - Sestogrado","isPartOf":{"@id":"https:\/\/www.sestogrado.it\/en\/#website"},"primaryImageOfPage":{"@id":"https:\/\/www.sestogrado.it\/en\/prodotto\/ferrino-lightec-shingle-square-saccoletto-sintetico\/#primaryimage"},"image":{"@id":"https:\/\/www.sestogrado.it\/prodotto\/ferrino-lightec-shingle-square-saccoletto-sintetico\/#primaryimage"},"thumbnailUrl":"https:\/\/www.sestogrado.it\/wp-content\/uploads\/2019\/10\/01-35.jpg","datePublished":"2019-10-10T08:44:31+00:00","dateModified":"2025-11-23T11:21:50+00:00","description":"Il Ferrino Shingle Lightec Square \u00e8 il saccoletto Ferrino con sagoma square pi\u00f9 performante, ideale per lunghi viaggi avventura \"zaino in spalla\", trekking impegnativi, poich\u00e8 garantisce ottime prestazioni termiche a fronte di peso e dimensioni della custodia estremamente ridotte.Tessuto esterno:\u00a0100% 300T Polyester RipstopTessuto interno:\u00a0100% PolyesterImbottitura:\u00a0Lightec Shingle SQ: 600 g H.T.F. Compact\u00a0Accessori:\u00a0Ottima termicit\u00e0 grazie alla imbottitura sintetica \"HTF Compact\" | Imbottitura con costruzione \"shingle \u2011 a tegole\"\u00a0per una maggiore coibenza termica a parit\u00e0 di ingombro\u00a0\u00a0| Apertura facilitata con sistema \u201cone touch\u201d\u00a0che consente di chiudere ed aprire il cappuccio dall'interno con una sola mano\u00a0| Cupolino parafreddo\u00a0cappuccio sagomato per una maggiore protezione del capo dal freddo\u00a0| Lampo a 2 vie\u00a0permette di aprire il fondo del saccoletto, regolando la temperatura interna\u00a0| Coprilampo\u00a0\u00a0barriera interna imbottita lungo la lampo per evitare l\u2019ingresso del freddo | Sacca di compressione inclusa\u00a0permette di ridurre il volume del saccoletto","breadcrumb":{"@id":"https:\/\/www.sestogrado.it\/en\/prodotto\/ferrino-lightec-shingle-square-saccoletto-sintetico\/#breadcrumb"},"inLanguage":"en-US","potentialAction":[{"@type":"ReadAction","target":[["https:\/\/www.sestogrado.it\/en\/prodotto\/ferrino-lightec-shingle-square-saccoletto-sintetico\/"]]}]},{"@type":"ImageObject","inLanguage":"en-US","@id":"https:\/\/www.sestogrado.it\/en\/prodotto\/ferrino-lightec-shingle-square-saccoletto-sintetico\/#primaryimage","url":"https:\/\/www.sestogrado.it\/wp-content\/uploads\/2019\/10\/01-35.jpg","contentUrl":"https:\/\/www.sestogrado.it\/wp-content\/uploads\/2019\/10\/01-35.jpg","width":2000,"height":2000,"caption":"ferrino lightec shingle"},{"@type":"BreadcrumbList","@id":"https:\/\/www.sestogrado.it\/en\/prodotto\/ferrino-lightec-shingle-square-saccoletto-sintetico\/#breadcrumb","itemListElement":[{"@type":"ListItem","position":1,"name":"Home","item":"https:\/\/www.sestogrado.it\/en\/"},{"@type":"ListItem","position":2,"name":"Shop","item":"https:\/\/www.sestogrado.it\/en\/shop\/"},{"@type":"ListItem","position":3,"name":"Ferrino Lightec Shingle Square saccoletto sintetico"}]},{"@type":"WebSite","@id":"https:\/\/www.sestogrado.it\/en\/#website","url":"https:\/\/www.sestogrado.it\/en\/","name":"Sestogrado","description":"yes we climb","publisher":{"@id":"https:\/\/www.sestogrado.it\/en\/#organization"},"potentialAction":[{"@type":"SearchAction","target":{"@type":"EntryPoint","urlTemplate":"https:\/\/www.sestogrado.it\/en\/?s={search_term_string}"},"query-input":{"@type":"PropertyValueSpecification","valueRequired":true,"valueName":"search_term_string"}}],"inLanguage":"en-US"},{"@type":"Organization","@id":"https:\/\/www.sestogrado.it\/en\/#organization","name":"Sestogrado","url":"https:\/\/www.sestogrado.it\/en\/","logo":{"@type":"ImageObject","inLanguage":"en-US","@id":"https:\/\/www.sestogrado.it\/en\/#\/schema\/logo\/image\/","url":"https:\/\/www.sestogrado.it\/wp-content\/uploads\/2015\/03\/sestogrado-favicon.png","contentUrl":"https:\/\/www.sestogrado.it\/wp-content\/uploads\/2015\/03\/sestogrado-favicon.png","width":260,"height":260,"caption":"Sestogrado"},"image":{"@id":"https:\/\/www.sestogrado.it\/en\/#\/schema\/logo\/image\/"},"sameAs":["https:\/\/www.facebook.com\/pages\/Sestogrado\/1542635979353017?ref=bookmarks","https:\/\/www.youtube.com\/channel\/UC847kAfTkaJsWpc1jtQwr3Q"],"hasMerchantReturnPolicy":{"@type":"MerchantReturnPolicy","merchantReturnLink":"https:\/\/www.sestogrado.it\/en\/termini-e-condizioni\/"}}]},"product_brand":"Ferrino","og_availability":"instock","product_availability":"instock","product_condition":"new"},"_links":{"self":[{"href":"https:\/\/www.sestogrado.it\/en\/wp-json\/wp\/v2\/product\/23433","targetHints":{"allow":["GET"]}}],"collection":[{"href":"https:\/\/www.sestogrado.it\/en\/wp-json\/wp\/v2\/product"}],"about":[{"href":"https:\/\/www.sestogrado.it\/en\/wp-json\/wp\/v2\/types\/product"}],"replies":[{"embeddable":true,"href":"https:\/\/www.sestogrado.it\/en\/wp-json\/wp\/v2\/comments?post=23433"}],"wp:featuredmedia":[{"embeddable":true,"href":"https:\/\/www.sestogrado.it\/en\/wp-json\/wp\/v2\/media\/131115"}],"wp:attachment":[{"href":"https:\/\/www.sestogrado.it\/en\/wp-json\/wp\/v2\/media?parent=23433"}],"wp:term":[{"taxonomy":"product_brand","embeddable":true,"href":"https:\/\/www.sestogrado.it\/en\/wp-json\/wp\/v2\/product_brand?post=23433"},{"taxonomy":"product_cat","embeddable":true,"href":"https:\/\/www.sestogrado.it\/en\/wp-json\/wp\/v2\/product_cat?post=23433"},{"taxonomy":"product_tag","embeddable":true,"href":"https:\/\/www.sestogrado.it\/en\/wp-json\/wp\/v2\/product_tag?post=23433"}],"curies":[{"name":"wp","href":"https:\/\/api.w.org\/{rel}","templated":true}]}}