{"id":23262,"date":"2019-10-01T15:16:03","date_gmt":"2019-10-01T13:16:03","guid":{"rendered":"https:\/\/www.sestogrado.it\/?post_type=product&#038;p=23262"},"modified":"2025-11-12T22:17:08","modified_gmt":"2025-11-12T21:17:08","slug":"camp-cassin-alpinist-tech-ramponi","status":"publish","type":"product","link":"https:\/\/www.sestogrado.it\/en\/prodotto\/camp-cassin-alpinist-tech-ramponi\/","title":{"rendered":"Cassin Alpinist Tech crampon"},"content":{"rendered":"<p>The evolution of the Alpinist Pro, the Alpinist Tech features the aggressive functionality of a mono-point with a precisely positioned secondary point for extra support and stability. Designed for technical climbing at the highest level, the Alpinist Tech is also our lightest technical ice crampon making it a great choice for top level alpinism where the secondary point provides extra stability on hard snow and mixed terrain. The walking points also feature special auxiliary points that provide extra stability on funky ice petals and cauliflowers. Using much of the same technology and innovative design as the Blade Runner crampons, the Alpinist Tech ensures a precise fit on modern boots and extra rigidity in the connection between the heel and toe platforms. This is due to the unique heel slide that integrates the micro-adjustable linking bar with the heel piece for better torsional rigidity. Constructed entirely from chromoly steel for the best energy absorption anywhere the crampons might be stressed. The elimination of the connection joints leaves little room for play and reduces much of the flex that can make crampons seem less secure on technical terrain. The Alpinist Tech is delivered standard with automatic toe and heel bails, but can convert to semi-auto with the Semi-Auto Toe Bails (ref.2453) and Semi-Auto Heel Bails (ref.2450) sold separately. The micro-adjustable linking bar allows for fine-tuning of the length. The front bail can be set in three positions for optimally positioning the front points and the heel bail can be set in two positions for different size heel lasts. The heel bail also has three height settings for the most secure attachment to the boot. Dynamic anti-balling plates use a unique design and elastic material to prevent snow build-up underfoot.<\/p>\n<ul>\n<li>Aggressive mono-point functionality with a secondary front point for greater support and stability<\/li>\n<li>Our lightest technical ice crampons<\/li>\n<li>Asymmetric design follows the contours of modern boots to ensure a precise fit<\/li>\n<li>Micro-adjustable linking bar with integrated heel piece for better torsional rigidity<\/li>\n<li>3 front bail positions, 2 heel bail positions, 3 heel bail height settings<\/li>\n<li>Dynamic anti-balling plates included<\/li>\n<li>Adjustable fold-over carrying case with lashing straps included<\/li>\n<\/ul>\n<p><\/p>","protected":false},"excerpt":{"rendered":"<p>The evolution of the Alpinist Pro, the Alpinist Tech features the aggressive functionality of a mono-point with a precisely positioned [&hellip;]<\/p>\n","protected":false},"featured_media":23263,"comment_status":"open","ping_status":"closed","template":"","meta":{"_acf_changed":false},"product_brand":[31],"product_cat":[153],"product_tag":[442,443],"class_list":{"0":"post-23262","1":"product","2":"type-product","3":"status-publish","4":"has-post-thumbnail","6":"product_brand-camp","7":"product_cat-ramponi","8":"product_tag-ramponi","9":"product_tag-ramponi-da-ghiaccio","11":"first","12":"outofstock","13":"sale","14":"taxable","15":"shipping-taxable","16":"purchasable","17":"product-type-simple"},"acf":[],"yoast_head":"<!-- This site is optimized with the Yoast SEO plugin v26.4 - https:\/\/yoast.com\/wordpress\/plugins\/seo\/ -->\n<title>Cassin Alpinist Tech crampon - Sestogrado<\/title>\n<meta name=\"description\" content=\"I Cassin Alpinist Tech sono dei ramponi da ghiaccio estremamente tecnici, il rampone pi\u00f9 leggero della gamma Cassin, evoluzione monopunta del modello Alpinist Pro.L&#039;Alpinist Tech \u00e8 un rampone ideale per cascate di ghiaccio e misto, grazie a leggerezza, essenzialit\u00e0 e precisione. La punta frontale a T garantisce ottima penetrazione nel ghiaccio pi\u00f9 compatto e sostegno in quello meno solido, mentre la punta secondaria dalla forma classica offre supporto su neve dura e stabilit\u00e0 su ghiaccio lavorato, senza interferire nell&#039;arrampicata su roccia. Tre piccole punte verticali ausiliarie (una sul tacco e due sulla piattaforma anteriore) assicurano la massima stabilit\u00e0 anche su petali e cavolfiori di ghiaccio.\" \/>\n<meta name=\"robots\" content=\"index, follow, max-snippet:-1, max-image-preview:large, max-video-preview:-1\" \/>\n<link rel=\"canonical\" href=\"https:\/\/www.sestogrado.it\/en\/prodotto\/camp-cassin-alpinist-tech-ramponi\/\" \/>\n<meta property=\"og:locale\" content=\"en_US\" \/>\n<meta property=\"og:type\" content=\"article\" \/>\n<meta property=\"og:title\" content=\"Cassin Alpinist Tech crampon - Sestogrado\" \/>\n<meta property=\"og:description\" content=\"I Cassin Alpinist Tech sono dei ramponi da ghiaccio estremamente tecnici, il rampone pi\u00f9 leggero della gamma Cassin, evoluzione monopunta del modello Alpinist Pro.L&#039;Alpinist Tech \u00e8 un rampone ideale per cascate di ghiaccio e misto, grazie a leggerezza, essenzialit\u00e0 e precisione. La punta frontale a T garantisce ottima penetrazione nel ghiaccio pi\u00f9 compatto e sostegno in quello meno solido, mentre la punta secondaria dalla forma classica offre supporto su neve dura e stabilit\u00e0 su ghiaccio lavorato, senza interferire nell&#039;arrampicata su roccia. Tre piccole punte verticali ausiliarie (una sul tacco e due sulla piattaforma anteriore) assicurano la massima stabilit\u00e0 anche su petali e cavolfiori di ghiaccio.\" \/>\n<meta property=\"og:url\" content=\"https:\/\/www.sestogrado.it\/en\/prodotto\/camp-cassin-alpinist-tech-ramponi\/\" \/>\n<meta property=\"og:site_name\" content=\"Sestogrado\" \/>\n<meta property=\"article:publisher\" content=\"https:\/\/www.facebook.com\/pages\/Sestogrado\/1542635979353017?ref=bookmarks\" \/>\n<meta property=\"article:modified_time\" content=\"2025-11-12T21:17:08+00:00\" \/>\n<meta property=\"og:image\" content=\"https:\/\/www.sestogrado.it\/wp-content\/uploads\/2019\/10\/2680-ALPINIST-TECH-19.jpg\" \/>\n\t<meta property=\"og:image:width\" content=\"1024\" \/>\n\t<meta property=\"og:image:height\" content=\"1024\" \/>\n\t<meta property=\"og:image:type\" content=\"image\/jpeg\" \/>\n<meta name=\"twitter:label1\" content=\"Price\" \/>\n\t<meta name=\"twitter:data1\" content=\"&euro;&nbsp;169,00\" \/>\n\t<meta name=\"twitter:label2\" content=\"Availability\" \/>\n\t<meta name=\"twitter:data2\" content=\"Out of stock\" \/>\n<script type=\"application\/ld+json\" class=\"yoast-schema-graph\">{\"@context\":\"https:\/\/schema.org\",\"@graph\":[{\"@type\":\"WebPage\",\"@id\":\"https:\/\/www.sestogrado.it\/en\/prodotto\/camp-cassin-alpinist-tech-ramponi\/\",\"url\":\"https:\/\/www.sestogrado.it\/en\/prodotto\/camp-cassin-alpinist-tech-ramponi\/\",\"name\":\"Cassin Alpinist Tech crampon - Sestogrado\",\"isPartOf\":{\"@id\":\"https:\/\/www.sestogrado.it\/en\/#website\"},\"primaryImageOfPage\":{\"@id\":\"https:\/\/www.sestogrado.it\/en\/prodotto\/camp-cassin-alpinist-tech-ramponi\/#primaryimage\"},\"image\":{\"@id\":\"https:\/\/www.sestogrado.it\/prodotto\/camp-cassin-alpinist-tech-ramponi\/#primaryimage\"},\"thumbnailUrl\":\"https:\/\/www.sestogrado.it\/wp-content\/uploads\/2019\/10\/2680-ALPINIST-TECH-19.jpg\",\"datePublished\":\"2019-10-01T13:16:03+00:00\",\"dateModified\":\"2025-11-12T21:17:08+00:00\",\"description\":\"I Cassin Alpinist Tech sono dei ramponi da ghiaccio estremamente tecnici, il rampone pi\u00f9 leggero della gamma Cassin, evoluzione monopunta del modello Alpinist Pro.L'Alpinist Tech \u00e8 un rampone ideale per cascate di ghiaccio e misto, grazie a leggerezza, essenzialit\u00e0 e precisione. La punta frontale a T garantisce ottima penetrazione nel ghiaccio pi\u00f9 compatto e sostegno in quello meno solido, mentre la punta secondaria dalla forma classica offre supporto su neve dura e stabilit\u00e0 su ghiaccio lavorato, senza interferire nell'arrampicata su roccia. Tre piccole punte verticali ausiliarie (una sul tacco e due sulla piattaforma anteriore) assicurano la massima stabilit\u00e0 anche su petali e cavolfiori di ghiaccio.\",\"breadcrumb\":{\"@id\":\"https:\/\/www.sestogrado.it\/en\/prodotto\/camp-cassin-alpinist-tech-ramponi\/#breadcrumb\"},\"inLanguage\":\"en-US\",\"potentialAction\":[{\"@type\":\"ReadAction\",\"target\":[[\"https:\/\/www.sestogrado.it\/en\/prodotto\/camp-cassin-alpinist-tech-ramponi\/\"]]}]},{\"@type\":\"ImageObject\",\"inLanguage\":\"en-US\",\"@id\":\"https:\/\/www.sestogrado.it\/en\/prodotto\/camp-cassin-alpinist-tech-ramponi\/#primaryimage\",\"url\":\"https:\/\/www.sestogrado.it\/wp-content\/uploads\/2019\/10\/2680-ALPINIST-TECH-19.jpg\",\"contentUrl\":\"https:\/\/www.sestogrado.it\/wp-content\/uploads\/2019\/10\/2680-ALPINIST-TECH-19.jpg\",\"width\":1024,\"height\":1024,\"caption\":\"cassin alpinist tech\"},{\"@type\":\"BreadcrumbList\",\"@id\":\"https:\/\/www.sestogrado.it\/en\/prodotto\/camp-cassin-alpinist-tech-ramponi\/#breadcrumb\",\"itemListElement\":[{\"@type\":\"ListItem\",\"position\":1,\"name\":\"Home\",\"item\":\"https:\/\/www.sestogrado.it\/en\/\"},{\"@type\":\"ListItem\",\"position\":2,\"name\":\"Shop\",\"item\":\"https:\/\/www.sestogrado.it\/en\/shop\/\"},{\"@type\":\"ListItem\",\"position\":3,\"name\":\"Camp Cassin Alpinist Tech ramponi\"}]},{\"@type\":\"WebSite\",\"@id\":\"https:\/\/www.sestogrado.it\/en\/#website\",\"url\":\"https:\/\/www.sestogrado.it\/en\/\",\"name\":\"Sestogrado\",\"description\":\"yes we climb\",\"publisher\":{\"@id\":\"https:\/\/www.sestogrado.it\/en\/#organization\"},\"potentialAction\":[{\"@type\":\"SearchAction\",\"target\":{\"@type\":\"EntryPoint\",\"urlTemplate\":\"https:\/\/www.sestogrado.it\/en\/?s={search_term_string}\"},\"query-input\":{\"@type\":\"PropertyValueSpecification\",\"valueRequired\":true,\"valueName\":\"search_term_string\"}}],\"inLanguage\":\"en-US\"},{\"@type\":\"Organization\",\"@id\":\"https:\/\/www.sestogrado.it\/en\/#organization\",\"name\":\"Sestogrado\",\"url\":\"https:\/\/www.sestogrado.it\/en\/\",\"logo\":{\"@type\":\"ImageObject\",\"inLanguage\":\"en-US\",\"@id\":\"https:\/\/www.sestogrado.it\/en\/#\/schema\/logo\/image\/\",\"url\":\"https:\/\/www.sestogrado.it\/wp-content\/uploads\/2015\/03\/sestogrado-favicon.png\",\"contentUrl\":\"https:\/\/www.sestogrado.it\/wp-content\/uploads\/2015\/03\/sestogrado-favicon.png\",\"width\":260,\"height\":260,\"caption\":\"Sestogrado\"},\"image\":{\"@id\":\"https:\/\/www.sestogrado.it\/en\/#\/schema\/logo\/image\/\"},\"sameAs\":[\"https:\/\/www.facebook.com\/pages\/Sestogrado\/1542635979353017?ref=bookmarks\",\"https:\/\/www.youtube.com\/channel\/UC847kAfTkaJsWpc1jtQwr3Q\"],\"hasMerchantReturnPolicy\":{\"@type\":\"MerchantReturnPolicy\",\"merchantReturnLink\":\"https:\/\/www.sestogrado.it\/en\/termini-e-condizioni\/\"}}]}<\/script>\n<meta property=\"product:brand\" content=\"Camp\" \/>\n<meta property=\"product:price:amount\" content=\"169.00\" \/>\n<meta property=\"product:price:currency\" content=\"EUR\" \/>\n<meta property=\"og:availability\" content=\"out of stock\" \/>\n<meta property=\"product:availability\" content=\"out of stock\" \/>\n<meta property=\"product:condition\" content=\"new\" \/>\n<!-- \/ Yoast SEO plugin. -->","yoast_head_json":{"title":"Cassin Alpinist Tech crampon - Sestogrado","description":"I Cassin Alpinist Tech sono dei ramponi da ghiaccio estremamente tecnici, il rampone pi\u00f9 leggero della gamma Cassin, evoluzione monopunta del modello Alpinist Pro.L'Alpinist Tech \u00e8 un rampone ideale per cascate di ghiaccio e misto, grazie a leggerezza, essenzialit\u00e0 e precisione. La punta frontale a T garantisce ottima penetrazione nel ghiaccio pi\u00f9 compatto e sostegno in quello meno solido, mentre la punta secondaria dalla forma classica offre supporto su neve dura e stabilit\u00e0 su ghiaccio lavorato, senza interferire nell'arrampicata su roccia. Tre piccole punte verticali ausiliarie (una sul tacco e due sulla piattaforma anteriore) assicurano la massima stabilit\u00e0 anche su petali e cavolfiori di ghiaccio.","robots":{"index":"index","follow":"follow","max-snippet":"max-snippet:-1","max-image-preview":"max-image-preview:large","max-video-preview":"max-video-preview:-1"},"canonical":"https:\/\/www.sestogrado.it\/en\/prodotto\/camp-cassin-alpinist-tech-ramponi\/","og_locale":"en_US","og_type":"article","og_title":"Cassin Alpinist Tech crampon - Sestogrado","og_description":"I Cassin Alpinist Tech sono dei ramponi da ghiaccio estremamente tecnici, il rampone pi\u00f9 leggero della gamma Cassin, evoluzione monopunta del modello Alpinist Pro.L'Alpinist Tech \u00e8 un rampone ideale per cascate di ghiaccio e misto, grazie a leggerezza, essenzialit\u00e0 e precisione. La punta frontale a T garantisce ottima penetrazione nel ghiaccio pi\u00f9 compatto e sostegno in quello meno solido, mentre la punta secondaria dalla forma classica offre supporto su neve dura e stabilit\u00e0 su ghiaccio lavorato, senza interferire nell'arrampicata su roccia. Tre piccole punte verticali ausiliarie (una sul tacco e due sulla piattaforma anteriore) assicurano la massima stabilit\u00e0 anche su petali e cavolfiori di ghiaccio.","og_url":"https:\/\/www.sestogrado.it\/en\/prodotto\/camp-cassin-alpinist-tech-ramponi\/","og_site_name":"Sestogrado","article_publisher":"https:\/\/www.facebook.com\/pages\/Sestogrado\/1542635979353017?ref=bookmarks","article_modified_time":"2025-11-12T21:17:08+00:00","og_image":[{"width":1024,"height":1024,"url":"https:\/\/www.sestogrado.it\/wp-content\/uploads\/2019\/10\/2680-ALPINIST-TECH-19.jpg","type":"image\/jpeg"}],"twitter_misc":{"Price":"&euro;&nbsp;169,00","Availability":"Out of stock"},"schema":{"@context":"https:\/\/schema.org","@graph":[{"@type":"WebPage","@id":"https:\/\/www.sestogrado.it\/en\/prodotto\/camp-cassin-alpinist-tech-ramponi\/","url":"https:\/\/www.sestogrado.it\/en\/prodotto\/camp-cassin-alpinist-tech-ramponi\/","name":"Cassin Alpinist Tech crampon - Sestogrado","isPartOf":{"@id":"https:\/\/www.sestogrado.it\/en\/#website"},"primaryImageOfPage":{"@id":"https:\/\/www.sestogrado.it\/en\/prodotto\/camp-cassin-alpinist-tech-ramponi\/#primaryimage"},"image":{"@id":"https:\/\/www.sestogrado.it\/prodotto\/camp-cassin-alpinist-tech-ramponi\/#primaryimage"},"thumbnailUrl":"https:\/\/www.sestogrado.it\/wp-content\/uploads\/2019\/10\/2680-ALPINIST-TECH-19.jpg","datePublished":"2019-10-01T13:16:03+00:00","dateModified":"2025-11-12T21:17:08+00:00","description":"I Cassin Alpinist Tech sono dei ramponi da ghiaccio estremamente tecnici, il rampone pi\u00f9 leggero della gamma Cassin, evoluzione monopunta del modello Alpinist Pro.L'Alpinist Tech \u00e8 un rampone ideale per cascate di ghiaccio e misto, grazie a leggerezza, essenzialit\u00e0 e precisione. La punta frontale a T garantisce ottima penetrazione nel ghiaccio pi\u00f9 compatto e sostegno in quello meno solido, mentre la punta secondaria dalla forma classica offre supporto su neve dura e stabilit\u00e0 su ghiaccio lavorato, senza interferire nell'arrampicata su roccia. Tre piccole punte verticali ausiliarie (una sul tacco e due sulla piattaforma anteriore) assicurano la massima stabilit\u00e0 anche su petali e cavolfiori di ghiaccio.","breadcrumb":{"@id":"https:\/\/www.sestogrado.it\/en\/prodotto\/camp-cassin-alpinist-tech-ramponi\/#breadcrumb"},"inLanguage":"en-US","potentialAction":[{"@type":"ReadAction","target":[["https:\/\/www.sestogrado.it\/en\/prodotto\/camp-cassin-alpinist-tech-ramponi\/"]]}]},{"@type":"ImageObject","inLanguage":"en-US","@id":"https:\/\/www.sestogrado.it\/en\/prodotto\/camp-cassin-alpinist-tech-ramponi\/#primaryimage","url":"https:\/\/www.sestogrado.it\/wp-content\/uploads\/2019\/10\/2680-ALPINIST-TECH-19.jpg","contentUrl":"https:\/\/www.sestogrado.it\/wp-content\/uploads\/2019\/10\/2680-ALPINIST-TECH-19.jpg","width":1024,"height":1024,"caption":"cassin alpinist tech"},{"@type":"BreadcrumbList","@id":"https:\/\/www.sestogrado.it\/en\/prodotto\/camp-cassin-alpinist-tech-ramponi\/#breadcrumb","itemListElement":[{"@type":"ListItem","position":1,"name":"Home","item":"https:\/\/www.sestogrado.it\/en\/"},{"@type":"ListItem","position":2,"name":"Shop","item":"https:\/\/www.sestogrado.it\/en\/shop\/"},{"@type":"ListItem","position":3,"name":"Camp Cassin Alpinist Tech ramponi"}]},{"@type":"WebSite","@id":"https:\/\/www.sestogrado.it\/en\/#website","url":"https:\/\/www.sestogrado.it\/en\/","name":"Sestogrado","description":"yes we climb","publisher":{"@id":"https:\/\/www.sestogrado.it\/en\/#organization"},"potentialAction":[{"@type":"SearchAction","target":{"@type":"EntryPoint","urlTemplate":"https:\/\/www.sestogrado.it\/en\/?s={search_term_string}"},"query-input":{"@type":"PropertyValueSpecification","valueRequired":true,"valueName":"search_term_string"}}],"inLanguage":"en-US"},{"@type":"Organization","@id":"https:\/\/www.sestogrado.it\/en\/#organization","name":"Sestogrado","url":"https:\/\/www.sestogrado.it\/en\/","logo":{"@type":"ImageObject","inLanguage":"en-US","@id":"https:\/\/www.sestogrado.it\/en\/#\/schema\/logo\/image\/","url":"https:\/\/www.sestogrado.it\/wp-content\/uploads\/2015\/03\/sestogrado-favicon.png","contentUrl":"https:\/\/www.sestogrado.it\/wp-content\/uploads\/2015\/03\/sestogrado-favicon.png","width":260,"height":260,"caption":"Sestogrado"},"image":{"@id":"https:\/\/www.sestogrado.it\/en\/#\/schema\/logo\/image\/"},"sameAs":["https:\/\/www.facebook.com\/pages\/Sestogrado\/1542635979353017?ref=bookmarks","https:\/\/www.youtube.com\/channel\/UC847kAfTkaJsWpc1jtQwr3Q"],"hasMerchantReturnPolicy":{"@type":"MerchantReturnPolicy","merchantReturnLink":"https:\/\/www.sestogrado.it\/en\/termini-e-condizioni\/"}}]},"product_brand":"Camp","product_price_amount":"169.00","product_price_currency":"EUR","og_availability":"out of stock","product_availability":"out of stock","product_condition":"new"},"_links":{"self":[{"href":"https:\/\/www.sestogrado.it\/en\/wp-json\/wp\/v2\/product\/23262","targetHints":{"allow":["GET"]}}],"collection":[{"href":"https:\/\/www.sestogrado.it\/en\/wp-json\/wp\/v2\/product"}],"about":[{"href":"https:\/\/www.sestogrado.it\/en\/wp-json\/wp\/v2\/types\/product"}],"replies":[{"embeddable":true,"href":"https:\/\/www.sestogrado.it\/en\/wp-json\/wp\/v2\/comments?post=23262"}],"wp:featuredmedia":[{"embeddable":true,"href":"https:\/\/www.sestogrado.it\/en\/wp-json\/wp\/v2\/media\/23263"}],"wp:attachment":[{"href":"https:\/\/www.sestogrado.it\/en\/wp-json\/wp\/v2\/media?parent=23262"}],"wp:term":[{"taxonomy":"product_brand","embeddable":true,"href":"https:\/\/www.sestogrado.it\/en\/wp-json\/wp\/v2\/product_brand?post=23262"},{"taxonomy":"product_cat","embeddable":true,"href":"https:\/\/www.sestogrado.it\/en\/wp-json\/wp\/v2\/product_cat?post=23262"},{"taxonomy":"product_tag","embeddable":true,"href":"https:\/\/www.sestogrado.it\/en\/wp-json\/wp\/v2\/product_tag?post=23262"}],"curies":[{"name":"wp","href":"https:\/\/api.w.org\/{rel}","templated":true}]}}