{"id":21644,"date":"2022-06-11T15:20:25","date_gmt":"2022-06-11T13:20:25","guid":{"rendered":"https:\/\/www.sestogrado.it\/?post_type=product&#038;p=21644"},"modified":"2026-03-22T07:57:54","modified_gmt":"2026-03-22T06:57:54","slug":"black-diamond-10mm-dynex-runner-fettuccia-dyneema-arrampicata","status":"publish","type":"product","link":"https:\/\/www.sestogrado.it\/en\/prodotto\/black-diamond-10mm-dynex-runner-fettuccia-dyneema-arrampicata\/","title":{"rendered":"Black Diamond 10mm Dynex Runners"},"content":{"rendered":"<p>An essential part of any alpine climber&#8217;s rack, Black Diamond Dynex Runners are indispensable for building anchors, slinging natural features or extending placements to reduce rope drag. This highly abrasion-resistant, lightweight material won&#8217;t weigh you down and absorbs less water than nylon, making it perfect for big routes and snowy or icy terrain. Each size is also color-coded for quick and easy identification on your harness.<\/p>\n<ul>\n<li>Dynex is highly abrasion-resistant, strong and lightweight<\/li>\n<li>Color-coded for easy size identification<\/li>\n<li>30 cm \/ 12 inch runner is red<\/li>\n<li>60 cm \/ 24 inch runner is gold<\/li>\n<li>120 cm \/ 48 inch runner is blue<\/li>\n<\/ul>\n<p><\/p>","protected":false},"excerpt":{"rendered":"<p>An essential part of any alpine climber&#8217;s rack, Black Diamond Dynex Runners are indispensable for building anchors, slinging natural features [&hellip;]<\/p>\n","protected":false},"featured_media":21646,"comment_status":"open","ping_status":"closed","template":"","meta":{"_acf_changed":false},"product_brand":[121],"product_cat":[137],"product_tag":[600,599],"class_list":{"0":"post-21644","1":"product","2":"type-product","3":"status-publish","4":"has-post-thumbnail","6":"product_brand-black-diamond","7":"product_cat-fettucce-e-cordini","8":"product_tag-anello-fettuccia","9":"product_tag-fettuccia","11":"first","12":"instock","13":"sale","14":"taxable","15":"shipping-taxable","16":"purchasable","17":"product-type-variable"},"acf":[],"yoast_head":"<!-- This site is optimized with the Yoast SEO plugin v26.4 - https:\/\/yoast.com\/wordpress\/plugins\/seo\/ -->\n<title>Black Diamond 10mm Dynex Runners - Sestogrado<\/title>\n<meta name=\"description\" content=\"Il Black Diamond 10mm Dynex Runner \u00e8 un anello di fettuccia in dyneema estremamente leggero e resistente alle abrasioni. Disponibile in tre lunghezze, 30, 60 e 120cm, tutte dello spessore di 10mm, il Dynex Runner non solo non far\u00e0 pesare la tua attrezzatura, ma \u00e8 in grado di assorbire meno acqua del nylon. Il Black Diamond Dynex Runner \u00e8 un anello di fettuccia particolarmente indicato per vie lunghe o per terreno innevato, per la realizzazione di soste o per allungare le protezioni. Ogni lunghezza ha un colore determinato (30cm rossa, 60cm oro, 120cm blu), in modo da essere identificata rapidamente sul tuo imbrago.il Dynex \u00e8 altamente resistente alle abrasioni, forte e leggerocolori dedicati per facile e rapida identificazionePeso [30 cm] 11 g, [60 cm] 19 g,\u00a0[120 cm] 39 gIl Black Diamond 10mm Dynex Runner \u00e8 un prodotto tecnico e durevole.\" \/>\n<meta name=\"robots\" content=\"index, follow, max-snippet:-1, max-image-preview:large, max-video-preview:-1\" \/>\n<link rel=\"canonical\" href=\"https:\/\/www.sestogrado.it\/en\/prodotto\/black-diamond-10mm-dynex-runner-fettuccia-dyneema-arrampicata\/\" \/>\n<meta property=\"og:locale\" content=\"en_US\" \/>\n<meta property=\"og:type\" content=\"article\" \/>\n<meta property=\"og:title\" content=\"Black Diamond 10mm Dynex Runners - Sestogrado\" \/>\n<meta property=\"og:description\" content=\"Il Black Diamond 10mm Dynex Runner \u00e8 un anello di fettuccia in dyneema estremamente leggero e resistente alle abrasioni. Disponibile in tre lunghezze, 30, 60 e 120cm, tutte dello spessore di 10mm, il Dynex Runner non solo non far\u00e0 pesare la tua attrezzatura, ma \u00e8 in grado di assorbire meno acqua del nylon. Il Black Diamond Dynex Runner \u00e8 un anello di fettuccia particolarmente indicato per vie lunghe o per terreno innevato, per la realizzazione di soste o per allungare le protezioni. Ogni lunghezza ha un colore determinato (30cm rossa, 60cm oro, 120cm blu), in modo da essere identificata rapidamente sul tuo imbrago.il Dynex \u00e8 altamente resistente alle abrasioni, forte e leggerocolori dedicati per facile e rapida identificazionePeso [30 cm] 11 g, [60 cm] 19 g,\u00a0[120 cm] 39 gIl Black Diamond 10mm Dynex Runner \u00e8 un prodotto tecnico e durevole.\" \/>\n<meta property=\"og:url\" content=\"https:\/\/www.sestogrado.it\/en\/prodotto\/black-diamond-10mm-dynex-runner-fettuccia-dyneema-arrampicata\/\" \/>\n<meta property=\"og:site_name\" content=\"Sestogrado\" \/>\n<meta property=\"article:publisher\" content=\"https:\/\/www.facebook.com\/pages\/Sestogrado\/1542635979353017?ref=bookmarks\" \/>\n<meta property=\"article:modified_time\" content=\"2026-03-22T06:57:54+00:00\" \/>\n<meta property=\"og:image\" content=\"https:\/\/www.sestogrado.it\/wp-content\/uploads\/2019\/06\/30.jpg\" \/>\n\t<meta property=\"og:image:width\" content=\"1000\" \/>\n\t<meta property=\"og:image:height\" content=\"1000\" \/>\n\t<meta property=\"og:image:type\" content=\"image\/jpeg\" \/>\n<meta name=\"twitter:label1\" content=\"Availability\" \/>\n\t<meta name=\"twitter:data1\" content=\"In stock\" \/>\n<script type=\"application\/ld+json\" class=\"yoast-schema-graph\">{\"@context\":\"https:\/\/schema.org\",\"@graph\":[{\"@type\":\"WebPage\",\"@id\":\"https:\/\/www.sestogrado.it\/en\/prodotto\/black-diamond-10mm-dynex-runner-fettuccia-dyneema-arrampicata\/\",\"url\":\"https:\/\/www.sestogrado.it\/en\/prodotto\/black-diamond-10mm-dynex-runner-fettuccia-dyneema-arrampicata\/\",\"name\":\"Black Diamond 10mm Dynex Runners - Sestogrado\",\"isPartOf\":{\"@id\":\"https:\/\/www.sestogrado.it\/en\/#website\"},\"primaryImageOfPage\":{\"@id\":\"https:\/\/www.sestogrado.it\/en\/prodotto\/black-diamond-10mm-dynex-runner-fettuccia-dyneema-arrampicata\/#primaryimage\"},\"image\":{\"@id\":\"https:\/\/www.sestogrado.it\/prodotto\/black-diamond-10mm-dynex-runner-fettuccia-dyneema-arrampicata\/#primaryimage\"},\"thumbnailUrl\":\"https:\/\/www.sestogrado.it\/wp-content\/uploads\/2019\/06\/30.jpg\",\"datePublished\":\"2022-06-11T13:20:25+00:00\",\"dateModified\":\"2026-03-22T06:57:54+00:00\",\"description\":\"Il Black Diamond 10mm Dynex Runner \u00e8 un anello di fettuccia in dyneema estremamente leggero e resistente alle abrasioni. Disponibile in tre lunghezze, 30, 60 e 120cm, tutte dello spessore di 10mm, il Dynex Runner non solo non far\u00e0 pesare la tua attrezzatura, ma \u00e8 in grado di assorbire meno acqua del nylon. Il Black Diamond Dynex Runner \u00e8 un anello di fettuccia particolarmente indicato per vie lunghe o per terreno innevato, per la realizzazione di soste o per allungare le protezioni. Ogni lunghezza ha un colore determinato (30cm rossa, 60cm oro, 120cm blu), in modo da essere identificata rapidamente sul tuo imbrago.il Dynex \u00e8 altamente resistente alle abrasioni, forte e leggerocolori dedicati per facile e rapida identificazionePeso [30 cm] 11 g, [60 cm] 19 g,\u00a0[120 cm] 39 gIl Black Diamond 10mm Dynex Runner \u00e8 un prodotto tecnico e durevole.\",\"breadcrumb\":{\"@id\":\"https:\/\/www.sestogrado.it\/en\/prodotto\/black-diamond-10mm-dynex-runner-fettuccia-dyneema-arrampicata\/#breadcrumb\"},\"inLanguage\":\"en-US\",\"potentialAction\":[{\"@type\":\"ReadAction\",\"target\":[[\"https:\/\/www.sestogrado.it\/en\/prodotto\/black-diamond-10mm-dynex-runner-fettuccia-dyneema-arrampicata\/\"]]}]},{\"@type\":\"ImageObject\",\"inLanguage\":\"en-US\",\"@id\":\"https:\/\/www.sestogrado.it\/en\/prodotto\/black-diamond-10mm-dynex-runner-fettuccia-dyneema-arrampicata\/#primaryimage\",\"url\":\"https:\/\/www.sestogrado.it\/wp-content\/uploads\/2019\/06\/30.jpg\",\"contentUrl\":\"https:\/\/www.sestogrado.it\/wp-content\/uploads\/2019\/06\/30.jpg\",\"width\":1000,\"height\":1000,\"caption\":\"dynex 30cm\"},{\"@type\":\"BreadcrumbList\",\"@id\":\"https:\/\/www.sestogrado.it\/en\/prodotto\/black-diamond-10mm-dynex-runner-fettuccia-dyneema-arrampicata\/#breadcrumb\",\"itemListElement\":[{\"@type\":\"ListItem\",\"position\":1,\"name\":\"Home\",\"item\":\"https:\/\/www.sestogrado.it\/en\/\"},{\"@type\":\"ListItem\",\"position\":2,\"name\":\"Shop\",\"item\":\"https:\/\/www.sestogrado.it\/en\/shop\/\"},{\"@type\":\"ListItem\",\"position\":3,\"name\":\"Black Diamond 10mm Dynex Runner fettuccia in dyneema arrampicata\"}]},{\"@type\":\"WebSite\",\"@id\":\"https:\/\/www.sestogrado.it\/en\/#website\",\"url\":\"https:\/\/www.sestogrado.it\/en\/\",\"name\":\"Sestogrado\",\"description\":\"yes we climb\",\"publisher\":{\"@id\":\"https:\/\/www.sestogrado.it\/en\/#organization\"},\"potentialAction\":[{\"@type\":\"SearchAction\",\"target\":{\"@type\":\"EntryPoint\",\"urlTemplate\":\"https:\/\/www.sestogrado.it\/en\/?s={search_term_string}\"},\"query-input\":{\"@type\":\"PropertyValueSpecification\",\"valueRequired\":true,\"valueName\":\"search_term_string\"}}],\"inLanguage\":\"en-US\"},{\"@type\":\"Organization\",\"@id\":\"https:\/\/www.sestogrado.it\/en\/#organization\",\"name\":\"Sestogrado\",\"url\":\"https:\/\/www.sestogrado.it\/en\/\",\"logo\":{\"@type\":\"ImageObject\",\"inLanguage\":\"en-US\",\"@id\":\"https:\/\/www.sestogrado.it\/en\/#\/schema\/logo\/image\/\",\"url\":\"https:\/\/www.sestogrado.it\/wp-content\/uploads\/2015\/03\/sestogrado-favicon.png\",\"contentUrl\":\"https:\/\/www.sestogrado.it\/wp-content\/uploads\/2015\/03\/sestogrado-favicon.png\",\"width\":260,\"height\":260,\"caption\":\"Sestogrado\"},\"image\":{\"@id\":\"https:\/\/www.sestogrado.it\/en\/#\/schema\/logo\/image\/\"},\"sameAs\":[\"https:\/\/www.facebook.com\/pages\/Sestogrado\/1542635979353017?ref=bookmarks\",\"https:\/\/www.youtube.com\/channel\/UC847kAfTkaJsWpc1jtQwr3Q\"],\"hasMerchantReturnPolicy\":{\"@type\":\"MerchantReturnPolicy\",\"merchantReturnLink\":\"https:\/\/www.sestogrado.it\/en\/termini-e-condizioni\/\"}}]}<\/script>\n<meta property=\"product:brand\" content=\"Black Diamond\" \/>\n<meta property=\"og:availability\" content=\"instock\" \/>\n<meta property=\"product:availability\" content=\"instock\" \/>\n<meta property=\"product:condition\" content=\"new\" \/>\n<!-- \/ Yoast SEO plugin. -->","yoast_head_json":{"title":"Black Diamond 10mm Dynex Runners - Sestogrado","description":"Il Black Diamond 10mm Dynex Runner \u00e8 un anello di fettuccia in dyneema estremamente leggero e resistente alle abrasioni. Disponibile in tre lunghezze, 30, 60 e 120cm, tutte dello spessore di 10mm, il Dynex Runner non solo non far\u00e0 pesare la tua attrezzatura, ma \u00e8 in grado di assorbire meno acqua del nylon. Il Black Diamond Dynex Runner \u00e8 un anello di fettuccia particolarmente indicato per vie lunghe o per terreno innevato, per la realizzazione di soste o per allungare le protezioni. Ogni lunghezza ha un colore determinato (30cm rossa, 60cm oro, 120cm blu), in modo da essere identificata rapidamente sul tuo imbrago.il Dynex \u00e8 altamente resistente alle abrasioni, forte e leggerocolori dedicati per facile e rapida identificazionePeso [30 cm] 11 g, [60 cm] 19 g,\u00a0[120 cm] 39 gIl Black Diamond 10mm Dynex Runner \u00e8 un prodotto tecnico e durevole.","robots":{"index":"index","follow":"follow","max-snippet":"max-snippet:-1","max-image-preview":"max-image-preview:large","max-video-preview":"max-video-preview:-1"},"canonical":"https:\/\/www.sestogrado.it\/en\/prodotto\/black-diamond-10mm-dynex-runner-fettuccia-dyneema-arrampicata\/","og_locale":"en_US","og_type":"article","og_title":"Black Diamond 10mm Dynex Runners - Sestogrado","og_description":"Il Black Diamond 10mm Dynex Runner \u00e8 un anello di fettuccia in dyneema estremamente leggero e resistente alle abrasioni. Disponibile in tre lunghezze, 30, 60 e 120cm, tutte dello spessore di 10mm, il Dynex Runner non solo non far\u00e0 pesare la tua attrezzatura, ma \u00e8 in grado di assorbire meno acqua del nylon. Il Black Diamond Dynex Runner \u00e8 un anello di fettuccia particolarmente indicato per vie lunghe o per terreno innevato, per la realizzazione di soste o per allungare le protezioni. Ogni lunghezza ha un colore determinato (30cm rossa, 60cm oro, 120cm blu), in modo da essere identificata rapidamente sul tuo imbrago.il Dynex \u00e8 altamente resistente alle abrasioni, forte e leggerocolori dedicati per facile e rapida identificazionePeso [30 cm] 11 g, [60 cm] 19 g,\u00a0[120 cm] 39 gIl Black Diamond 10mm Dynex Runner \u00e8 un prodotto tecnico e durevole.","og_url":"https:\/\/www.sestogrado.it\/en\/prodotto\/black-diamond-10mm-dynex-runner-fettuccia-dyneema-arrampicata\/","og_site_name":"Sestogrado","article_publisher":"https:\/\/www.facebook.com\/pages\/Sestogrado\/1542635979353017?ref=bookmarks","article_modified_time":"2026-03-22T06:57:54+00:00","og_image":[{"width":1000,"height":1000,"url":"https:\/\/www.sestogrado.it\/wp-content\/uploads\/2019\/06\/30.jpg","type":"image\/jpeg"}],"twitter_misc":{"Availability":"In stock"},"schema":{"@context":"https:\/\/schema.org","@graph":[{"@type":"WebPage","@id":"https:\/\/www.sestogrado.it\/en\/prodotto\/black-diamond-10mm-dynex-runner-fettuccia-dyneema-arrampicata\/","url":"https:\/\/www.sestogrado.it\/en\/prodotto\/black-diamond-10mm-dynex-runner-fettuccia-dyneema-arrampicata\/","name":"Black Diamond 10mm Dynex Runners - Sestogrado","isPartOf":{"@id":"https:\/\/www.sestogrado.it\/en\/#website"},"primaryImageOfPage":{"@id":"https:\/\/www.sestogrado.it\/en\/prodotto\/black-diamond-10mm-dynex-runner-fettuccia-dyneema-arrampicata\/#primaryimage"},"image":{"@id":"https:\/\/www.sestogrado.it\/prodotto\/black-diamond-10mm-dynex-runner-fettuccia-dyneema-arrampicata\/#primaryimage"},"thumbnailUrl":"https:\/\/www.sestogrado.it\/wp-content\/uploads\/2019\/06\/30.jpg","datePublished":"2022-06-11T13:20:25+00:00","dateModified":"2026-03-22T06:57:54+00:00","description":"Il Black Diamond 10mm Dynex Runner \u00e8 un anello di fettuccia in dyneema estremamente leggero e resistente alle abrasioni. Disponibile in tre lunghezze, 30, 60 e 120cm, tutte dello spessore di 10mm, il Dynex Runner non solo non far\u00e0 pesare la tua attrezzatura, ma \u00e8 in grado di assorbire meno acqua del nylon. Il Black Diamond Dynex Runner \u00e8 un anello di fettuccia particolarmente indicato per vie lunghe o per terreno innevato, per la realizzazione di soste o per allungare le protezioni. Ogni lunghezza ha un colore determinato (30cm rossa, 60cm oro, 120cm blu), in modo da essere identificata rapidamente sul tuo imbrago.il Dynex \u00e8 altamente resistente alle abrasioni, forte e leggerocolori dedicati per facile e rapida identificazionePeso [30 cm] 11 g, [60 cm] 19 g,\u00a0[120 cm] 39 gIl Black Diamond 10mm Dynex Runner \u00e8 un prodotto tecnico e durevole.","breadcrumb":{"@id":"https:\/\/www.sestogrado.it\/en\/prodotto\/black-diamond-10mm-dynex-runner-fettuccia-dyneema-arrampicata\/#breadcrumb"},"inLanguage":"en-US","potentialAction":[{"@type":"ReadAction","target":[["https:\/\/www.sestogrado.it\/en\/prodotto\/black-diamond-10mm-dynex-runner-fettuccia-dyneema-arrampicata\/"]]}]},{"@type":"ImageObject","inLanguage":"en-US","@id":"https:\/\/www.sestogrado.it\/en\/prodotto\/black-diamond-10mm-dynex-runner-fettuccia-dyneema-arrampicata\/#primaryimage","url":"https:\/\/www.sestogrado.it\/wp-content\/uploads\/2019\/06\/30.jpg","contentUrl":"https:\/\/www.sestogrado.it\/wp-content\/uploads\/2019\/06\/30.jpg","width":1000,"height":1000,"caption":"dynex 30cm"},{"@type":"BreadcrumbList","@id":"https:\/\/www.sestogrado.it\/en\/prodotto\/black-diamond-10mm-dynex-runner-fettuccia-dyneema-arrampicata\/#breadcrumb","itemListElement":[{"@type":"ListItem","position":1,"name":"Home","item":"https:\/\/www.sestogrado.it\/en\/"},{"@type":"ListItem","position":2,"name":"Shop","item":"https:\/\/www.sestogrado.it\/en\/shop\/"},{"@type":"ListItem","position":3,"name":"Black Diamond 10mm Dynex Runner fettuccia in dyneema arrampicata"}]},{"@type":"WebSite","@id":"https:\/\/www.sestogrado.it\/en\/#website","url":"https:\/\/www.sestogrado.it\/en\/","name":"Sestogrado","description":"yes we climb","publisher":{"@id":"https:\/\/www.sestogrado.it\/en\/#organization"},"potentialAction":[{"@type":"SearchAction","target":{"@type":"EntryPoint","urlTemplate":"https:\/\/www.sestogrado.it\/en\/?s={search_term_string}"},"query-input":{"@type":"PropertyValueSpecification","valueRequired":true,"valueName":"search_term_string"}}],"inLanguage":"en-US"},{"@type":"Organization","@id":"https:\/\/www.sestogrado.it\/en\/#organization","name":"Sestogrado","url":"https:\/\/www.sestogrado.it\/en\/","logo":{"@type":"ImageObject","inLanguage":"en-US","@id":"https:\/\/www.sestogrado.it\/en\/#\/schema\/logo\/image\/","url":"https:\/\/www.sestogrado.it\/wp-content\/uploads\/2015\/03\/sestogrado-favicon.png","contentUrl":"https:\/\/www.sestogrado.it\/wp-content\/uploads\/2015\/03\/sestogrado-favicon.png","width":260,"height":260,"caption":"Sestogrado"},"image":{"@id":"https:\/\/www.sestogrado.it\/en\/#\/schema\/logo\/image\/"},"sameAs":["https:\/\/www.facebook.com\/pages\/Sestogrado\/1542635979353017?ref=bookmarks","https:\/\/www.youtube.com\/channel\/UC847kAfTkaJsWpc1jtQwr3Q"],"hasMerchantReturnPolicy":{"@type":"MerchantReturnPolicy","merchantReturnLink":"https:\/\/www.sestogrado.it\/en\/termini-e-condizioni\/"}}]},"product_brand":"Black Diamond","og_availability":"instock","product_availability":"instock","product_condition":"new"},"_links":{"self":[{"href":"https:\/\/www.sestogrado.it\/en\/wp-json\/wp\/v2\/product\/21644","targetHints":{"allow":["GET"]}}],"collection":[{"href":"https:\/\/www.sestogrado.it\/en\/wp-json\/wp\/v2\/product"}],"about":[{"href":"https:\/\/www.sestogrado.it\/en\/wp-json\/wp\/v2\/types\/product"}],"replies":[{"embeddable":true,"href":"https:\/\/www.sestogrado.it\/en\/wp-json\/wp\/v2\/comments?post=21644"}],"wp:featuredmedia":[{"embeddable":true,"href":"https:\/\/www.sestogrado.it\/en\/wp-json\/wp\/v2\/media\/21646"}],"wp:attachment":[{"href":"https:\/\/www.sestogrado.it\/en\/wp-json\/wp\/v2\/media?parent=21644"}],"wp:term":[{"taxonomy":"product_brand","embeddable":true,"href":"https:\/\/www.sestogrado.it\/en\/wp-json\/wp\/v2\/product_brand?post=21644"},{"taxonomy":"product_cat","embeddable":true,"href":"https:\/\/www.sestogrado.it\/en\/wp-json\/wp\/v2\/product_cat?post=21644"},{"taxonomy":"product_tag","embeddable":true,"href":"https:\/\/www.sestogrado.it\/en\/wp-json\/wp\/v2\/product_tag?post=21644"}],"curies":[{"name":"wp","href":"https:\/\/api.w.org\/{rel}","templated":true}]}}