{"id":212797,"date":"2026-03-09T10:17:44","date_gmt":"2026-03-09T09:17:44","guid":{"rendered":"https:\/\/www.sestogrado.it\/?post_type=product&#038;p=212797"},"modified":"2026-03-09T10:17:44","modified_gmt":"2026-03-09T09:17:44","slug":"millet-parmelan-35-zaino-alpinismo","status":"publish","type":"product","link":"https:\/\/www.sestogrado.it\/en\/prodotto\/millet-parmelan-35-zaino-alpinismo\/","title":{"rendered":"Millet Parmelan 35 zaino alpinismo"},"content":{"rendered":"<p class=\"qtranxs-available-languages-message qtranxs-available-languages-message-en\">Sorry, this entry is only available in <a href=\"https:\/\/www.sestogrado.it\/it\/wp-json\/wp\/v2\/product\/212797\" class=\"qtranxs-available-language-link qtranxs-available-language-link-it\" title=\"Italiano\">Italiano<\/a>.<\/p>","protected":false},"excerpt":{"rendered":"<p>Sorry, this entry is only available in Italiano.<\/p>\n","protected":false},"featured_media":212798,"comment_status":"open","ping_status":"closed","template":"","meta":{"_acf_changed":false},"product_brand":[312],"product_cat":[389,1432],"product_tag":[],"class_list":{"0":"post-212797","1":"product","2":"type-product","3":"status-publish","4":"has-post-thumbnail","6":"product_brand-millet","7":"product_cat-zaini-alpinismo","8":"product_cat-escursionismo","10":"first","11":"instock","12":"sale","13":"taxable","14":"shipping-taxable","15":"purchasable","16":"product-type-variable"},"acf":[],"yoast_head":"<!-- This site is optimized with the Yoast SEO plugin v26.4 - https:\/\/yoast.com\/wordpress\/plugins\/seo\/ -->\n<title>Millet Parmelan 35 zaino alpinismo - Sestogrado<\/title>\n<meta name=\"description\" content=\"Il Millet Parmelan 35 \u00e8 uno zaino da trekking da 35 litri progettato per escursioni giornaliere e trekking con pernottamento leggero. Realizzato in nylon ripstop rinforzato con fibre di polietilene ultra resistenti, offre un perfetto equilibrio tra leggerezza, durabilit\u00e0 e prestazioni outdoor.La struttura ergonomica con pannelli in mesh 3D traspirante favorisce una ventilazione efficace della schiena durante l\u2019attivit\u00e0. Le cinghie ergonomiche regolabili garantiscono stabilit\u00e0 e comfort anche sui percorsi pi\u00f9 lunghi.\" \/>\n<meta name=\"robots\" content=\"index, follow, max-snippet:-1, max-image-preview:large, max-video-preview:-1\" \/>\n<link rel=\"canonical\" href=\"https:\/\/www.sestogrado.it\/en\/prodotto\/millet-parmelan-35-zaino-alpinismo\/\" \/>\n<meta property=\"og:locale\" content=\"en_US\" \/>\n<meta property=\"og:type\" content=\"article\" \/>\n<meta property=\"og:title\" content=\"Millet Parmelan 35 zaino alpinismo - Sestogrado\" \/>\n<meta property=\"og:description\" content=\"Il Millet Parmelan 35 \u00e8 uno zaino da trekking da 35 litri progettato per escursioni giornaliere e trekking con pernottamento leggero. Realizzato in nylon ripstop rinforzato con fibre di polietilene ultra resistenti, offre un perfetto equilibrio tra leggerezza, durabilit\u00e0 e prestazioni outdoor.La struttura ergonomica con pannelli in mesh 3D traspirante favorisce una ventilazione efficace della schiena durante l\u2019attivit\u00e0. Le cinghie ergonomiche regolabili garantiscono stabilit\u00e0 e comfort anche sui percorsi pi\u00f9 lunghi.\" \/>\n<meta property=\"og:url\" content=\"https:\/\/www.sestogrado.it\/en\/prodotto\/millet-parmelan-35-zaino-alpinismo\/\" \/>\n<meta property=\"og:site_name\" content=\"Sestogrado\" \/>\n<meta property=\"article:publisher\" content=\"https:\/\/www.facebook.com\/pages\/Sestogrado\/1542635979353017?ref=bookmarks\" \/>\n<meta property=\"og:image\" content=\"https:\/\/www.sestogrado.it\/wp-content\/uploads\/2026\/03\/01-2.jpg\" \/>\n\t<meta property=\"og:image:width\" content=\"1000\" \/>\n\t<meta property=\"og:image:height\" content=\"1000\" \/>\n\t<meta property=\"og:image:type\" content=\"image\/jpeg\" \/>\n<meta name=\"twitter:label1\" content=\"Availability\" \/>\n\t<meta name=\"twitter:data1\" content=\"In stock\" \/>\n<script type=\"application\/ld+json\" class=\"yoast-schema-graph\">{\"@context\":\"https:\/\/schema.org\",\"@graph\":[{\"@type\":\"WebPage\",\"@id\":\"https:\/\/www.sestogrado.it\/en\/prodotto\/millet-parmelan-35-zaino-alpinismo\/\",\"url\":\"https:\/\/www.sestogrado.it\/en\/prodotto\/millet-parmelan-35-zaino-alpinismo\/\",\"name\":\"Millet Parmelan 35 zaino alpinismo - Sestogrado\",\"isPartOf\":{\"@id\":\"https:\/\/www.sestogrado.it\/en\/#website\"},\"primaryImageOfPage\":{\"@id\":\"https:\/\/www.sestogrado.it\/en\/prodotto\/millet-parmelan-35-zaino-alpinismo\/#primaryimage\"},\"image\":{\"@id\":\"https:\/\/www.sestogrado.it\/prodotto\/millet-parmelan-35-zaino-alpinismo\/#primaryimage\"},\"thumbnailUrl\":\"https:\/\/www.sestogrado.it\/wp-content\/uploads\/2026\/03\/01-2.jpg\",\"datePublished\":\"2026-03-09T09:17:44+00:00\",\"description\":\"Il Millet Parmelan 35 \u00e8 uno zaino da trekking da 35 litri progettato per escursioni giornaliere e trekking con pernottamento leggero. Realizzato in nylon ripstop rinforzato con fibre di polietilene ultra resistenti, offre un perfetto equilibrio tra leggerezza, durabilit\u00e0 e prestazioni outdoor.La struttura ergonomica con pannelli in mesh 3D traspirante favorisce una ventilazione efficace della schiena durante l\u2019attivit\u00e0. Le cinghie ergonomiche regolabili garantiscono stabilit\u00e0 e comfort anche sui percorsi pi\u00f9 lunghi.\",\"breadcrumb\":{\"@id\":\"https:\/\/www.sestogrado.it\/en\/prodotto\/millet-parmelan-35-zaino-alpinismo\/#breadcrumb\"},\"inLanguage\":\"en-US\",\"potentialAction\":[{\"@type\":\"ReadAction\",\"target\":[[\"https:\/\/www.sestogrado.it\/en\/prodotto\/millet-parmelan-35-zaino-alpinismo\/\"]]}]},{\"@type\":\"ImageObject\",\"inLanguage\":\"en-US\",\"@id\":\"https:\/\/www.sestogrado.it\/en\/prodotto\/millet-parmelan-35-zaino-alpinismo\/#primaryimage\",\"url\":\"https:\/\/www.sestogrado.it\/wp-content\/uploads\/2026\/03\/01-2.jpg\",\"contentUrl\":\"https:\/\/www.sestogrado.it\/wp-content\/uploads\/2026\/03\/01-2.jpg\",\"width\":1000,\"height\":1000,\"caption\":\"parmelan 35 grigio nero\"},{\"@type\":\"BreadcrumbList\",\"@id\":\"https:\/\/www.sestogrado.it\/en\/prodotto\/millet-parmelan-35-zaino-alpinismo\/#breadcrumb\",\"itemListElement\":[{\"@type\":\"ListItem\",\"position\":1,\"name\":\"Home\",\"item\":\"https:\/\/www.sestogrado.it\/en\/\"},{\"@type\":\"ListItem\",\"position\":2,\"name\":\"Shop\",\"item\":\"https:\/\/www.sestogrado.it\/en\/shop\/\"},{\"@type\":\"ListItem\",\"position\":3,\"name\":\"Millet Parmelan 35 zaino alpinismo\"}]},{\"@type\":\"WebSite\",\"@id\":\"https:\/\/www.sestogrado.it\/en\/#website\",\"url\":\"https:\/\/www.sestogrado.it\/en\/\",\"name\":\"Sestogrado\",\"description\":\"yes we climb\",\"publisher\":{\"@id\":\"https:\/\/www.sestogrado.it\/en\/#organization\"},\"potentialAction\":[{\"@type\":\"SearchAction\",\"target\":{\"@type\":\"EntryPoint\",\"urlTemplate\":\"https:\/\/www.sestogrado.it\/en\/?s={search_term_string}\"},\"query-input\":{\"@type\":\"PropertyValueSpecification\",\"valueRequired\":true,\"valueName\":\"search_term_string\"}}],\"inLanguage\":\"en-US\"},{\"@type\":\"Organization\",\"@id\":\"https:\/\/www.sestogrado.it\/en\/#organization\",\"name\":\"Sestogrado\",\"url\":\"https:\/\/www.sestogrado.it\/en\/\",\"logo\":{\"@type\":\"ImageObject\",\"inLanguage\":\"en-US\",\"@id\":\"https:\/\/www.sestogrado.it\/en\/#\/schema\/logo\/image\/\",\"url\":\"https:\/\/www.sestogrado.it\/wp-content\/uploads\/2015\/03\/sestogrado-favicon.png\",\"contentUrl\":\"https:\/\/www.sestogrado.it\/wp-content\/uploads\/2015\/03\/sestogrado-favicon.png\",\"width\":260,\"height\":260,\"caption\":\"Sestogrado\"},\"image\":{\"@id\":\"https:\/\/www.sestogrado.it\/en\/#\/schema\/logo\/image\/\"},\"sameAs\":[\"https:\/\/www.facebook.com\/pages\/Sestogrado\/1542635979353017?ref=bookmarks\",\"https:\/\/www.youtube.com\/channel\/UC847kAfTkaJsWpc1jtQwr3Q\"],\"hasMerchantReturnPolicy\":{\"@type\":\"MerchantReturnPolicy\",\"merchantReturnLink\":\"https:\/\/www.sestogrado.it\/en\/termini-e-condizioni\/\"}}]}<\/script>\n<meta property=\"product:brand\" content=\"Millet\" \/>\n<meta property=\"og:availability\" content=\"instock\" \/>\n<meta property=\"product:availability\" content=\"instock\" \/>\n<meta property=\"product:condition\" content=\"new\" \/>\n<!-- \/ Yoast SEO plugin. -->","yoast_head_json":{"title":"Millet Parmelan 35 zaino alpinismo - Sestogrado","description":"Il Millet Parmelan 35 \u00e8 uno zaino da trekking da 35 litri progettato per escursioni giornaliere e trekking con pernottamento leggero. Realizzato in nylon ripstop rinforzato con fibre di polietilene ultra resistenti, offre un perfetto equilibrio tra leggerezza, durabilit\u00e0 e prestazioni outdoor.La struttura ergonomica con pannelli in mesh 3D traspirante favorisce una ventilazione efficace della schiena durante l\u2019attivit\u00e0. Le cinghie ergonomiche regolabili garantiscono stabilit\u00e0 e comfort anche sui percorsi pi\u00f9 lunghi.","robots":{"index":"index","follow":"follow","max-snippet":"max-snippet:-1","max-image-preview":"max-image-preview:large","max-video-preview":"max-video-preview:-1"},"canonical":"https:\/\/www.sestogrado.it\/en\/prodotto\/millet-parmelan-35-zaino-alpinismo\/","og_locale":"en_US","og_type":"article","og_title":"Millet Parmelan 35 zaino alpinismo - Sestogrado","og_description":"Il Millet Parmelan 35 \u00e8 uno zaino da trekking da 35 litri progettato per escursioni giornaliere e trekking con pernottamento leggero. Realizzato in nylon ripstop rinforzato con fibre di polietilene ultra resistenti, offre un perfetto equilibrio tra leggerezza, durabilit\u00e0 e prestazioni outdoor.La struttura ergonomica con pannelli in mesh 3D traspirante favorisce una ventilazione efficace della schiena durante l\u2019attivit\u00e0. Le cinghie ergonomiche regolabili garantiscono stabilit\u00e0 e comfort anche sui percorsi pi\u00f9 lunghi.","og_url":"https:\/\/www.sestogrado.it\/en\/prodotto\/millet-parmelan-35-zaino-alpinismo\/","og_site_name":"Sestogrado","article_publisher":"https:\/\/www.facebook.com\/pages\/Sestogrado\/1542635979353017?ref=bookmarks","og_image":[{"width":1000,"height":1000,"url":"https:\/\/www.sestogrado.it\/wp-content\/uploads\/2026\/03\/01-2.jpg","type":"image\/jpeg"}],"twitter_misc":{"Availability":"In stock"},"schema":{"@context":"https:\/\/schema.org","@graph":[{"@type":"WebPage","@id":"https:\/\/www.sestogrado.it\/en\/prodotto\/millet-parmelan-35-zaino-alpinismo\/","url":"https:\/\/www.sestogrado.it\/en\/prodotto\/millet-parmelan-35-zaino-alpinismo\/","name":"Millet Parmelan 35 zaino alpinismo - Sestogrado","isPartOf":{"@id":"https:\/\/www.sestogrado.it\/en\/#website"},"primaryImageOfPage":{"@id":"https:\/\/www.sestogrado.it\/en\/prodotto\/millet-parmelan-35-zaino-alpinismo\/#primaryimage"},"image":{"@id":"https:\/\/www.sestogrado.it\/prodotto\/millet-parmelan-35-zaino-alpinismo\/#primaryimage"},"thumbnailUrl":"https:\/\/www.sestogrado.it\/wp-content\/uploads\/2026\/03\/01-2.jpg","datePublished":"2026-03-09T09:17:44+00:00","description":"Il Millet Parmelan 35 \u00e8 uno zaino da trekking da 35 litri progettato per escursioni giornaliere e trekking con pernottamento leggero. Realizzato in nylon ripstop rinforzato con fibre di polietilene ultra resistenti, offre un perfetto equilibrio tra leggerezza, durabilit\u00e0 e prestazioni outdoor.La struttura ergonomica con pannelli in mesh 3D traspirante favorisce una ventilazione efficace della schiena durante l\u2019attivit\u00e0. Le cinghie ergonomiche regolabili garantiscono stabilit\u00e0 e comfort anche sui percorsi pi\u00f9 lunghi.","breadcrumb":{"@id":"https:\/\/www.sestogrado.it\/en\/prodotto\/millet-parmelan-35-zaino-alpinismo\/#breadcrumb"},"inLanguage":"en-US","potentialAction":[{"@type":"ReadAction","target":[["https:\/\/www.sestogrado.it\/en\/prodotto\/millet-parmelan-35-zaino-alpinismo\/"]]}]},{"@type":"ImageObject","inLanguage":"en-US","@id":"https:\/\/www.sestogrado.it\/en\/prodotto\/millet-parmelan-35-zaino-alpinismo\/#primaryimage","url":"https:\/\/www.sestogrado.it\/wp-content\/uploads\/2026\/03\/01-2.jpg","contentUrl":"https:\/\/www.sestogrado.it\/wp-content\/uploads\/2026\/03\/01-2.jpg","width":1000,"height":1000,"caption":"parmelan 35 grigio nero"},{"@type":"BreadcrumbList","@id":"https:\/\/www.sestogrado.it\/en\/prodotto\/millet-parmelan-35-zaino-alpinismo\/#breadcrumb","itemListElement":[{"@type":"ListItem","position":1,"name":"Home","item":"https:\/\/www.sestogrado.it\/en\/"},{"@type":"ListItem","position":2,"name":"Shop","item":"https:\/\/www.sestogrado.it\/en\/shop\/"},{"@type":"ListItem","position":3,"name":"Millet Parmelan 35 zaino alpinismo"}]},{"@type":"WebSite","@id":"https:\/\/www.sestogrado.it\/en\/#website","url":"https:\/\/www.sestogrado.it\/en\/","name":"Sestogrado","description":"yes we climb","publisher":{"@id":"https:\/\/www.sestogrado.it\/en\/#organization"},"potentialAction":[{"@type":"SearchAction","target":{"@type":"EntryPoint","urlTemplate":"https:\/\/www.sestogrado.it\/en\/?s={search_term_string}"},"query-input":{"@type":"PropertyValueSpecification","valueRequired":true,"valueName":"search_term_string"}}],"inLanguage":"en-US"},{"@type":"Organization","@id":"https:\/\/www.sestogrado.it\/en\/#organization","name":"Sestogrado","url":"https:\/\/www.sestogrado.it\/en\/","logo":{"@type":"ImageObject","inLanguage":"en-US","@id":"https:\/\/www.sestogrado.it\/en\/#\/schema\/logo\/image\/","url":"https:\/\/www.sestogrado.it\/wp-content\/uploads\/2015\/03\/sestogrado-favicon.png","contentUrl":"https:\/\/www.sestogrado.it\/wp-content\/uploads\/2015\/03\/sestogrado-favicon.png","width":260,"height":260,"caption":"Sestogrado"},"image":{"@id":"https:\/\/www.sestogrado.it\/en\/#\/schema\/logo\/image\/"},"sameAs":["https:\/\/www.facebook.com\/pages\/Sestogrado\/1542635979353017?ref=bookmarks","https:\/\/www.youtube.com\/channel\/UC847kAfTkaJsWpc1jtQwr3Q"],"hasMerchantReturnPolicy":{"@type":"MerchantReturnPolicy","merchantReturnLink":"https:\/\/www.sestogrado.it\/en\/termini-e-condizioni\/"}}]},"product_brand":"Millet","og_availability":"instock","product_availability":"instock","product_condition":"new"},"_links":{"self":[{"href":"https:\/\/www.sestogrado.it\/en\/wp-json\/wp\/v2\/product\/212797","targetHints":{"allow":["GET"]}}],"collection":[{"href":"https:\/\/www.sestogrado.it\/en\/wp-json\/wp\/v2\/product"}],"about":[{"href":"https:\/\/www.sestogrado.it\/en\/wp-json\/wp\/v2\/types\/product"}],"replies":[{"embeddable":true,"href":"https:\/\/www.sestogrado.it\/en\/wp-json\/wp\/v2\/comments?post=212797"}],"wp:featuredmedia":[{"embeddable":true,"href":"https:\/\/www.sestogrado.it\/en\/wp-json\/wp\/v2\/media\/212798"}],"wp:attachment":[{"href":"https:\/\/www.sestogrado.it\/en\/wp-json\/wp\/v2\/media?parent=212797"}],"wp:term":[{"taxonomy":"product_brand","embeddable":true,"href":"https:\/\/www.sestogrado.it\/en\/wp-json\/wp\/v2\/product_brand?post=212797"},{"taxonomy":"product_cat","embeddable":true,"href":"https:\/\/www.sestogrado.it\/en\/wp-json\/wp\/v2\/product_cat?post=212797"},{"taxonomy":"product_tag","embeddable":true,"href":"https:\/\/www.sestogrado.it\/en\/wp-json\/wp\/v2\/product_tag?post=212797"}],"curies":[{"name":"wp","href":"https:\/\/api.w.org\/{rel}","templated":true}]}}