{"id":21113,"date":"2019-05-21T14:00:59","date_gmt":"2019-05-21T12:00:59","guid":{"rendered":"https:\/\/www.sestogrado.it\/?post_type=product&#038;p=21113"},"modified":"2026-03-22T14:01:00","modified_gmt":"2026-03-22T13:01:00","slug":"ct-climbing-technology-tricky-rinvio-lungo-con-fettuccia-semirigida-per-ancoraggi-lontani","status":"publish","type":"product","link":"https:\/\/www.sestogrado.it\/en\/prodotto\/ct-climbing-technology-tricky-rinvio-lungo-con-fettuccia-semirigida-per-ancoraggi-lontani\/","title":{"rendered":"CT Climbing Technology Tricky long quickdraw for far piece of protection"},"content":{"rendered":"<p>System consisting of NIMBLE TRICKY carabiner, semi-rigid 35 cm long polyamide sling and\u00a0<strong><a href=\"https:\/\/www.climbingtechnology.com\/en\/outdoor-en\/quickdraws\/supports-en\/fixit\">FIXIT<\/a><\/strong>\u00a0rubber.<\/p>\n<p>TRICKY is a useful device that allows the carabiner to be easily clipped into a far piece of protection, otherwise out of reach.<br \/>\nThanks to a long sling and to the TRICKY LEVER system, fully integrated in the body of the carabiner, the device makes it possible to clip into far placements. The lever of the carabiner is kept open and is automatically released when the system is pulled downward.<br \/>\nThe loop featuring at the bottom of the sling allows for easy grabbing of the system while A0-ing.<\/p>\n<p>Thanks to its flexible sling, TRICKY can be comfortably carried on the harness: the length of the system can be halved and its hanging bulk reduced.<\/p>\n<p><strong>Caution!<\/strong>\u00a0TRICKY system is not a quickdraw for progression. Instead, it is a useful device for aid climbing: to progress beyond the anchor it must be replaced with a quickdraw for progression..<\/p>","protected":false},"excerpt":{"rendered":"<p>System consisting of NIMBLE TRICKY carabiner, semi-rigid 35 cm long polyamide sling and\u00a0FIXIT\u00a0rubber. TRICKY is a useful device that allows [&hellip;]<\/p>\n","protected":false},"featured_media":21114,"comment_status":"open","ping_status":"closed","template":"","meta":{"_acf_changed":false},"product_brand":[55],"product_cat":[141,133],"product_tag":[486],"class_list":{"0":"post-21113","1":"product","2":"type-product","3":"status-publish","4":"has-post-thumbnail","6":"product_brand-ct-climbing-technology","7":"product_cat-accessori-accessori","8":"product_cat-rinvii","9":"product_tag-rinvio-arrampicata","11":"first","12":"instock","13":"sale","14":"taxable","15":"shipping-taxable","16":"purchasable","17":"product-type-simple"},"acf":[],"yoast_head":"<!-- This site is optimized with the Yoast SEO plugin v26.4 - https:\/\/yoast.com\/wordpress\/plugins\/seo\/ -->\n<title>CT Climbing Technology Tricky long quickdraw for far piece of protection - Sestogrado<\/title>\n<meta name=\"description\" content=\"Il CT Climbing Technology Tricky \u00e8 un rinvio lungo 35cm, dotato di fettuccia semirigida, in grado di farti rinviare in sicurezza anche sulle protezioni pi\u00f9 lontane. Ti sar\u00e0 capitato nel di non riuscire a proteggere il punto pi\u00f9 delicato della via. Ul Tricky ti consente di moschettonare un ancoraggio lontano.\" \/>\n<meta name=\"robots\" content=\"index, follow, max-snippet:-1, max-image-preview:large, max-video-preview:-1\" \/>\n<link rel=\"canonical\" href=\"https:\/\/www.sestogrado.it\/en\/prodotto\/ct-climbing-technology-tricky-rinvio-lungo-con-fettuccia-semirigida-per-ancoraggi-lontani\/\" \/>\n<meta property=\"og:locale\" content=\"en_US\" \/>\n<meta property=\"og:type\" content=\"article\" \/>\n<meta property=\"og:title\" content=\"CT Climbing Technology Tricky long quickdraw for far piece of protection - Sestogrado\" \/>\n<meta property=\"og:description\" content=\"Il CT Climbing Technology Tricky \u00e8 un rinvio lungo 35cm, dotato di fettuccia semirigida, in grado di farti rinviare in sicurezza anche sulle protezioni pi\u00f9 lontane. Ti sar\u00e0 capitato nel di non riuscire a proteggere il punto pi\u00f9 delicato della via. Ul Tricky ti consente di moschettonare un ancoraggio lontano.\" \/>\n<meta property=\"og:url\" content=\"https:\/\/www.sestogrado.it\/en\/prodotto\/ct-climbing-technology-tricky-rinvio-lungo-con-fettuccia-semirigida-per-ancoraggi-lontani\/\" \/>\n<meta property=\"og:site_name\" content=\"Sestogrado\" \/>\n<meta property=\"article:publisher\" content=\"https:\/\/www.facebook.com\/pages\/Sestogrado\/1542635979353017?ref=bookmarks\" \/>\n<meta property=\"article:modified_time\" content=\"2026-03-22T13:01:00+00:00\" \/>\n<meta property=\"og:image\" content=\"https:\/\/www.sestogrado.it\/wp-content\/uploads\/2019\/05\/01-3.jpg\" \/>\n\t<meta property=\"og:image:width\" content=\"1000\" \/>\n\t<meta property=\"og:image:height\" content=\"1000\" \/>\n\t<meta property=\"og:image:type\" content=\"image\/jpeg\" \/>\n<meta name=\"twitter:label1\" content=\"Price\" \/>\n\t<meta name=\"twitter:data1\" content=\"&euro;&nbsp;32,90\" \/>\n\t<meta name=\"twitter:label2\" content=\"Availability\" \/>\n\t<meta name=\"twitter:data2\" content=\"In stock\" \/>\n<script type=\"application\/ld+json\" class=\"yoast-schema-graph\">{\"@context\":\"https:\/\/schema.org\",\"@graph\":[{\"@type\":\"WebPage\",\"@id\":\"https:\/\/www.sestogrado.it\/en\/prodotto\/ct-climbing-technology-tricky-rinvio-lungo-con-fettuccia-semirigida-per-ancoraggi-lontani\/\",\"url\":\"https:\/\/www.sestogrado.it\/en\/prodotto\/ct-climbing-technology-tricky-rinvio-lungo-con-fettuccia-semirigida-per-ancoraggi-lontani\/\",\"name\":\"CT Climbing Technology Tricky long quickdraw for far piece of protection - Sestogrado\",\"isPartOf\":{\"@id\":\"https:\/\/www.sestogrado.it\/en\/#website\"},\"primaryImageOfPage\":{\"@id\":\"https:\/\/www.sestogrado.it\/en\/prodotto\/ct-climbing-technology-tricky-rinvio-lungo-con-fettuccia-semirigida-per-ancoraggi-lontani\/#primaryimage\"},\"image\":{\"@id\":\"https:\/\/www.sestogrado.it\/prodotto\/ct-climbing-technology-tricky-rinvio-lungo-con-fettuccia-semirigida-per-ancoraggi-lontani\/#primaryimage\"},\"thumbnailUrl\":\"https:\/\/www.sestogrado.it\/wp-content\/uploads\/2019\/05\/01-3.jpg\",\"datePublished\":\"2019-05-21T12:00:59+00:00\",\"dateModified\":\"2026-03-22T13:01:00+00:00\",\"description\":\"Il CT Climbing Technology Tricky \u00e8 un rinvio lungo 35cm, dotato di fettuccia semirigida, in grado di farti rinviare in sicurezza anche sulle protezioni pi\u00f9 lontane. Ti sar\u00e0 capitato nel di non riuscire a proteggere il punto pi\u00f9 delicato della via. Ul Tricky ti consente di moschettonare un ancoraggio lontano.\",\"breadcrumb\":{\"@id\":\"https:\/\/www.sestogrado.it\/en\/prodotto\/ct-climbing-technology-tricky-rinvio-lungo-con-fettuccia-semirigida-per-ancoraggi-lontani\/#breadcrumb\"},\"inLanguage\":\"en-US\",\"potentialAction\":[{\"@type\":\"ReadAction\",\"target\":[[\"https:\/\/www.sestogrado.it\/en\/prodotto\/ct-climbing-technology-tricky-rinvio-lungo-con-fettuccia-semirigida-per-ancoraggi-lontani\/\"]]}]},{\"@type\":\"ImageObject\",\"inLanguage\":\"en-US\",\"@id\":\"https:\/\/www.sestogrado.it\/en\/prodotto\/ct-climbing-technology-tricky-rinvio-lungo-con-fettuccia-semirigida-per-ancoraggi-lontani\/#primaryimage\",\"url\":\"https:\/\/www.sestogrado.it\/wp-content\/uploads\/2019\/05\/01-3.jpg\",\"contentUrl\":\"https:\/\/www.sestogrado.it\/wp-content\/uploads\/2019\/05\/01-3.jpg\",\"width\":1000,\"height\":1000,\"caption\":\"ct tricky\"},{\"@type\":\"BreadcrumbList\",\"@id\":\"https:\/\/www.sestogrado.it\/en\/prodotto\/ct-climbing-technology-tricky-rinvio-lungo-con-fettuccia-semirigida-per-ancoraggi-lontani\/#breadcrumb\",\"itemListElement\":[{\"@type\":\"ListItem\",\"position\":1,\"name\":\"Home\",\"item\":\"https:\/\/www.sestogrado.it\/en\/\"},{\"@type\":\"ListItem\",\"position\":2,\"name\":\"Shop\",\"item\":\"https:\/\/www.sestogrado.it\/en\/shop\/\"},{\"@type\":\"ListItem\",\"position\":3,\"name\":\"CT Climbing Technology Tricky rinvio lungo con fettuccia semirigida per ancoraggi lontani\"}]},{\"@type\":\"WebSite\",\"@id\":\"https:\/\/www.sestogrado.it\/en\/#website\",\"url\":\"https:\/\/www.sestogrado.it\/en\/\",\"name\":\"Sestogrado\",\"description\":\"yes we climb\",\"publisher\":{\"@id\":\"https:\/\/www.sestogrado.it\/en\/#organization\"},\"potentialAction\":[{\"@type\":\"SearchAction\",\"target\":{\"@type\":\"EntryPoint\",\"urlTemplate\":\"https:\/\/www.sestogrado.it\/en\/?s={search_term_string}\"},\"query-input\":{\"@type\":\"PropertyValueSpecification\",\"valueRequired\":true,\"valueName\":\"search_term_string\"}}],\"inLanguage\":\"en-US\"},{\"@type\":\"Organization\",\"@id\":\"https:\/\/www.sestogrado.it\/en\/#organization\",\"name\":\"Sestogrado\",\"url\":\"https:\/\/www.sestogrado.it\/en\/\",\"logo\":{\"@type\":\"ImageObject\",\"inLanguage\":\"en-US\",\"@id\":\"https:\/\/www.sestogrado.it\/en\/#\/schema\/logo\/image\/\",\"url\":\"https:\/\/www.sestogrado.it\/wp-content\/uploads\/2015\/03\/sestogrado-favicon.png\",\"contentUrl\":\"https:\/\/www.sestogrado.it\/wp-content\/uploads\/2015\/03\/sestogrado-favicon.png\",\"width\":260,\"height\":260,\"caption\":\"Sestogrado\"},\"image\":{\"@id\":\"https:\/\/www.sestogrado.it\/en\/#\/schema\/logo\/image\/\"},\"sameAs\":[\"https:\/\/www.facebook.com\/pages\/Sestogrado\/1542635979353017?ref=bookmarks\",\"https:\/\/www.youtube.com\/channel\/UC847kAfTkaJsWpc1jtQwr3Q\"],\"hasMerchantReturnPolicy\":{\"@type\":\"MerchantReturnPolicy\",\"merchantReturnLink\":\"https:\/\/www.sestogrado.it\/en\/termini-e-condizioni\/\"}}]}<\/script>\n<meta property=\"product:brand\" content=\"CT Climbing Technlogy\" \/>\n<meta property=\"product:price:amount\" content=\"32.90\" \/>\n<meta property=\"product:price:currency\" content=\"EUR\" \/>\n<meta property=\"og:availability\" content=\"instock\" \/>\n<meta property=\"product:availability\" content=\"instock\" \/>\n<meta property=\"product:condition\" content=\"new\" \/>\n<!-- \/ Yoast SEO plugin. -->","yoast_head_json":{"title":"CT Climbing Technology Tricky long quickdraw for far piece of protection - Sestogrado","description":"Il CT Climbing Technology Tricky \u00e8 un rinvio lungo 35cm, dotato di fettuccia semirigida, in grado di farti rinviare in sicurezza anche sulle protezioni pi\u00f9 lontane. Ti sar\u00e0 capitato nel di non riuscire a proteggere il punto pi\u00f9 delicato della via. Ul Tricky ti consente di moschettonare un ancoraggio lontano.","robots":{"index":"index","follow":"follow","max-snippet":"max-snippet:-1","max-image-preview":"max-image-preview:large","max-video-preview":"max-video-preview:-1"},"canonical":"https:\/\/www.sestogrado.it\/en\/prodotto\/ct-climbing-technology-tricky-rinvio-lungo-con-fettuccia-semirigida-per-ancoraggi-lontani\/","og_locale":"en_US","og_type":"article","og_title":"CT Climbing Technology Tricky long quickdraw for far piece of protection - Sestogrado","og_description":"Il CT Climbing Technology Tricky \u00e8 un rinvio lungo 35cm, dotato di fettuccia semirigida, in grado di farti rinviare in sicurezza anche sulle protezioni pi\u00f9 lontane. Ti sar\u00e0 capitato nel di non riuscire a proteggere il punto pi\u00f9 delicato della via. Ul Tricky ti consente di moschettonare un ancoraggio lontano.","og_url":"https:\/\/www.sestogrado.it\/en\/prodotto\/ct-climbing-technology-tricky-rinvio-lungo-con-fettuccia-semirigida-per-ancoraggi-lontani\/","og_site_name":"Sestogrado","article_publisher":"https:\/\/www.facebook.com\/pages\/Sestogrado\/1542635979353017?ref=bookmarks","article_modified_time":"2026-03-22T13:01:00+00:00","og_image":[{"width":1000,"height":1000,"url":"https:\/\/www.sestogrado.it\/wp-content\/uploads\/2019\/05\/01-3.jpg","type":"image\/jpeg"}],"twitter_misc":{"Price":"&euro;&nbsp;32,90","Availability":"In stock"},"schema":{"@context":"https:\/\/schema.org","@graph":[{"@type":"WebPage","@id":"https:\/\/www.sestogrado.it\/en\/prodotto\/ct-climbing-technology-tricky-rinvio-lungo-con-fettuccia-semirigida-per-ancoraggi-lontani\/","url":"https:\/\/www.sestogrado.it\/en\/prodotto\/ct-climbing-technology-tricky-rinvio-lungo-con-fettuccia-semirigida-per-ancoraggi-lontani\/","name":"CT Climbing Technology Tricky long quickdraw for far piece of protection - Sestogrado","isPartOf":{"@id":"https:\/\/www.sestogrado.it\/en\/#website"},"primaryImageOfPage":{"@id":"https:\/\/www.sestogrado.it\/en\/prodotto\/ct-climbing-technology-tricky-rinvio-lungo-con-fettuccia-semirigida-per-ancoraggi-lontani\/#primaryimage"},"image":{"@id":"https:\/\/www.sestogrado.it\/prodotto\/ct-climbing-technology-tricky-rinvio-lungo-con-fettuccia-semirigida-per-ancoraggi-lontani\/#primaryimage"},"thumbnailUrl":"https:\/\/www.sestogrado.it\/wp-content\/uploads\/2019\/05\/01-3.jpg","datePublished":"2019-05-21T12:00:59+00:00","dateModified":"2026-03-22T13:01:00+00:00","description":"Il CT Climbing Technology Tricky \u00e8 un rinvio lungo 35cm, dotato di fettuccia semirigida, in grado di farti rinviare in sicurezza anche sulle protezioni pi\u00f9 lontane. Ti sar\u00e0 capitato nel di non riuscire a proteggere il punto pi\u00f9 delicato della via. Ul Tricky ti consente di moschettonare un ancoraggio lontano.","breadcrumb":{"@id":"https:\/\/www.sestogrado.it\/en\/prodotto\/ct-climbing-technology-tricky-rinvio-lungo-con-fettuccia-semirigida-per-ancoraggi-lontani\/#breadcrumb"},"inLanguage":"en-US","potentialAction":[{"@type":"ReadAction","target":[["https:\/\/www.sestogrado.it\/en\/prodotto\/ct-climbing-technology-tricky-rinvio-lungo-con-fettuccia-semirigida-per-ancoraggi-lontani\/"]]}]},{"@type":"ImageObject","inLanguage":"en-US","@id":"https:\/\/www.sestogrado.it\/en\/prodotto\/ct-climbing-technology-tricky-rinvio-lungo-con-fettuccia-semirigida-per-ancoraggi-lontani\/#primaryimage","url":"https:\/\/www.sestogrado.it\/wp-content\/uploads\/2019\/05\/01-3.jpg","contentUrl":"https:\/\/www.sestogrado.it\/wp-content\/uploads\/2019\/05\/01-3.jpg","width":1000,"height":1000,"caption":"ct tricky"},{"@type":"BreadcrumbList","@id":"https:\/\/www.sestogrado.it\/en\/prodotto\/ct-climbing-technology-tricky-rinvio-lungo-con-fettuccia-semirigida-per-ancoraggi-lontani\/#breadcrumb","itemListElement":[{"@type":"ListItem","position":1,"name":"Home","item":"https:\/\/www.sestogrado.it\/en\/"},{"@type":"ListItem","position":2,"name":"Shop","item":"https:\/\/www.sestogrado.it\/en\/shop\/"},{"@type":"ListItem","position":3,"name":"CT Climbing Technology Tricky rinvio lungo con fettuccia semirigida per ancoraggi lontani"}]},{"@type":"WebSite","@id":"https:\/\/www.sestogrado.it\/en\/#website","url":"https:\/\/www.sestogrado.it\/en\/","name":"Sestogrado","description":"yes we climb","publisher":{"@id":"https:\/\/www.sestogrado.it\/en\/#organization"},"potentialAction":[{"@type":"SearchAction","target":{"@type":"EntryPoint","urlTemplate":"https:\/\/www.sestogrado.it\/en\/?s={search_term_string}"},"query-input":{"@type":"PropertyValueSpecification","valueRequired":true,"valueName":"search_term_string"}}],"inLanguage":"en-US"},{"@type":"Organization","@id":"https:\/\/www.sestogrado.it\/en\/#organization","name":"Sestogrado","url":"https:\/\/www.sestogrado.it\/en\/","logo":{"@type":"ImageObject","inLanguage":"en-US","@id":"https:\/\/www.sestogrado.it\/en\/#\/schema\/logo\/image\/","url":"https:\/\/www.sestogrado.it\/wp-content\/uploads\/2015\/03\/sestogrado-favicon.png","contentUrl":"https:\/\/www.sestogrado.it\/wp-content\/uploads\/2015\/03\/sestogrado-favicon.png","width":260,"height":260,"caption":"Sestogrado"},"image":{"@id":"https:\/\/www.sestogrado.it\/en\/#\/schema\/logo\/image\/"},"sameAs":["https:\/\/www.facebook.com\/pages\/Sestogrado\/1542635979353017?ref=bookmarks","https:\/\/www.youtube.com\/channel\/UC847kAfTkaJsWpc1jtQwr3Q"],"hasMerchantReturnPolicy":{"@type":"MerchantReturnPolicy","merchantReturnLink":"https:\/\/www.sestogrado.it\/en\/termini-e-condizioni\/"}}]},"product_brand":"CT Climbing Technlogy","product_price_amount":"32.90","product_price_currency":"EUR","og_availability":"instock","product_availability":"instock","product_condition":"new"},"_links":{"self":[{"href":"https:\/\/www.sestogrado.it\/en\/wp-json\/wp\/v2\/product\/21113","targetHints":{"allow":["GET"]}}],"collection":[{"href":"https:\/\/www.sestogrado.it\/en\/wp-json\/wp\/v2\/product"}],"about":[{"href":"https:\/\/www.sestogrado.it\/en\/wp-json\/wp\/v2\/types\/product"}],"replies":[{"embeddable":true,"href":"https:\/\/www.sestogrado.it\/en\/wp-json\/wp\/v2\/comments?post=21113"}],"wp:featuredmedia":[{"embeddable":true,"href":"https:\/\/www.sestogrado.it\/en\/wp-json\/wp\/v2\/media\/21114"}],"wp:attachment":[{"href":"https:\/\/www.sestogrado.it\/en\/wp-json\/wp\/v2\/media?parent=21113"}],"wp:term":[{"taxonomy":"product_brand","embeddable":true,"href":"https:\/\/www.sestogrado.it\/en\/wp-json\/wp\/v2\/product_brand?post=21113"},{"taxonomy":"product_cat","embeddable":true,"href":"https:\/\/www.sestogrado.it\/en\/wp-json\/wp\/v2\/product_cat?post=21113"},{"taxonomy":"product_tag","embeddable":true,"href":"https:\/\/www.sestogrado.it\/en\/wp-json\/wp\/v2\/product_tag?post=21113"}],"curies":[{"name":"wp","href":"https:\/\/api.w.org\/{rel}","templated":true}]}}