{"id":20998,"date":"2019-05-10T12:06:27","date_gmt":"2019-05-10T10:06:27","guid":{"rendered":"https:\/\/www.sestogrado.it\/?post_type=product&#038;p=20998"},"modified":"2025-07-10T11:28:55","modified_gmt":"2025-07-10T09:28:55","slug":"sudtirolo-guida-darrampicata-sportiva-vertical-life","status":"publish","type":"product","link":"https:\/\/www.sestogrado.it\/en\/prodotto\/sudtirolo-guida-darrampicata-sportiva-vertical-life\/","title":{"rendered":"South Tyrol: Sport Climbing Guidebook"},"content":{"rendered":"<p>South Tyrol can boast a very wide variety of rocks and landscapes. Whether on granite, marble, porphyr or dolomite, next to vineyards or against the backdrop of the Dolomites: the climbing reflects just as varied and interesting as the country itself. The sport climbing guide was created in collaboration with the South Tyrolean Alpine Club AVS and has been completely updated and revised. It contains information about 95 sports climbing crags, 7 of which were newly added in this edition.<\/p>","protected":false},"excerpt":{"rendered":"<p>South Tyrol can boast a very wide variety of rocks and landscapes. Whether on granite, marble, porphyr or dolomite, next [&hellip;]<\/p>\n","protected":false},"featured_media":21000,"comment_status":"open","ping_status":"closed","template":"","meta":{"_acf_changed":false},"product_brand":[511],"product_cat":[98],"product_tag":[510],"class_list":{"0":"post-20998","1":"product","2":"type-product","3":"status-publish","4":"has-post-thumbnail","6":"product_brand-vertical-life","7":"product_cat-libri","8":"product_tag-guida-arrampicata","10":"first","11":"instock","12":"taxable","13":"shipping-taxable","14":"purchasable","15":"product-type-simple"},"acf":[],"yoast_head":"<!-- This site is optimized with the Yoast SEO plugin v26.4 - https:\/\/yoast.com\/wordpress\/plugins\/seo\/ -->\n<title>South Tyrol: Sport Climbing Guidebook - Sestogrado<\/title>\n<meta name=\"description\" content=\"&quot;Sudtirolo: guida d&#039;arrampicata sportiva&quot; \u00e8 la guida definitiva per tutte le localit\u00e0 attrezzate per l&#039;arrampicata sportiva di questa splendida regione. L&#039;Alto Adige pu\u00f2 vantare una grande variet\u00e0 di rocce e paesaggi. Sia su granito, marmo, porfido o dolomite, accanto ai vigneti o sullo sfondo delle Dolomiti.\" \/>\n<meta name=\"robots\" content=\"index, follow, max-snippet:-1, max-image-preview:large, max-video-preview:-1\" \/>\n<link rel=\"canonical\" href=\"https:\/\/www.sestogrado.it\/en\/prodotto\/sudtirolo-guida-darrampicata-sportiva-vertical-life\/\" \/>\n<meta property=\"og:locale\" content=\"en_US\" \/>\n<meta property=\"og:type\" content=\"article\" \/>\n<meta property=\"og:title\" content=\"South Tyrol: Sport Climbing Guidebook - Sestogrado\" \/>\n<meta property=\"og:description\" content=\"&quot;Sudtirolo: guida d&#039;arrampicata sportiva&quot; \u00e8 la guida definitiva per tutte le localit\u00e0 attrezzate per l&#039;arrampicata sportiva di questa splendida regione. L&#039;Alto Adige pu\u00f2 vantare una grande variet\u00e0 di rocce e paesaggi. Sia su granito, marmo, porfido o dolomite, accanto ai vigneti o sullo sfondo delle Dolomiti.\" \/>\n<meta property=\"og:url\" content=\"https:\/\/www.sestogrado.it\/en\/prodotto\/sudtirolo-guida-darrampicata-sportiva-vertical-life\/\" \/>\n<meta property=\"og:site_name\" content=\"Sestogrado\" \/>\n<meta property=\"article:publisher\" content=\"https:\/\/www.facebook.com\/pages\/Sestogrado\/1542635979353017?ref=bookmarks\" \/>\n<meta property=\"article:modified_time\" content=\"2025-07-10T09:28:55+00:00\" \/>\n<meta property=\"og:image\" content=\"https:\/\/www.sestogrado.it\/wp-content\/uploads\/2019\/05\/01-2.jpg\" \/>\n\t<meta property=\"og:image:width\" content=\"900\" \/>\n\t<meta property=\"og:image:height\" content=\"900\" \/>\n\t<meta property=\"og:image:type\" content=\"image\/jpeg\" \/>\n<meta name=\"twitter:label1\" content=\"Price\" \/>\n\t<meta name=\"twitter:data1\" content=\"&euro;&nbsp;40,00\" \/>\n\t<meta name=\"twitter:label2\" content=\"Availability\" \/>\n\t<meta name=\"twitter:data2\" content=\"In stock\" \/>\n<script type=\"application\/ld+json\" class=\"yoast-schema-graph\">{\"@context\":\"https:\/\/schema.org\",\"@graph\":[{\"@type\":\"WebPage\",\"@id\":\"https:\/\/www.sestogrado.it\/en\/prodotto\/sudtirolo-guida-darrampicata-sportiva-vertical-life\/\",\"url\":\"https:\/\/www.sestogrado.it\/en\/prodotto\/sudtirolo-guida-darrampicata-sportiva-vertical-life\/\",\"name\":\"South Tyrol: Sport Climbing Guidebook - Sestogrado\",\"isPartOf\":{\"@id\":\"https:\/\/www.sestogrado.it\/en\/#website\"},\"primaryImageOfPage\":{\"@id\":\"https:\/\/www.sestogrado.it\/en\/prodotto\/sudtirolo-guida-darrampicata-sportiva-vertical-life\/#primaryimage\"},\"image\":{\"@id\":\"https:\/\/www.sestogrado.it\/prodotto\/sudtirolo-guida-darrampicata-sportiva-vertical-life\/#primaryimage\"},\"thumbnailUrl\":\"https:\/\/www.sestogrado.it\/wp-content\/uploads\/2019\/05\/01-2.jpg\",\"datePublished\":\"2019-05-10T10:06:27+00:00\",\"dateModified\":\"2025-07-10T09:28:55+00:00\",\"description\":\"\\\"Sudtirolo: guida d'arrampicata sportiva\\\" \u00e8 la guida definitiva per tutte le localit\u00e0 attrezzate per l'arrampicata sportiva di questa splendida regione. L'Alto Adige pu\u00f2 vantare una grande variet\u00e0 di rocce e paesaggi. Sia su granito, marmo, porfido o dolomite, accanto ai vigneti o sullo sfondo delle Dolomiti.\",\"breadcrumb\":{\"@id\":\"https:\/\/www.sestogrado.it\/en\/prodotto\/sudtirolo-guida-darrampicata-sportiva-vertical-life\/#breadcrumb\"},\"inLanguage\":\"en-US\",\"potentialAction\":[{\"@type\":\"ReadAction\",\"target\":[[\"https:\/\/www.sestogrado.it\/en\/prodotto\/sudtirolo-guida-darrampicata-sportiva-vertical-life\/\"]]}]},{\"@type\":\"ImageObject\",\"inLanguage\":\"en-US\",\"@id\":\"https:\/\/www.sestogrado.it\/en\/prodotto\/sudtirolo-guida-darrampicata-sportiva-vertical-life\/#primaryimage\",\"url\":\"https:\/\/www.sestogrado.it\/wp-content\/uploads\/2019\/05\/01-2.jpg\",\"contentUrl\":\"https:\/\/www.sestogrado.it\/wp-content\/uploads\/2019\/05\/01-2.jpg\",\"width\":900,\"height\":900,\"caption\":\"sudtirol arrampicata sportiva\"},{\"@type\":\"BreadcrumbList\",\"@id\":\"https:\/\/www.sestogrado.it\/en\/prodotto\/sudtirolo-guida-darrampicata-sportiva-vertical-life\/#breadcrumb\",\"itemListElement\":[{\"@type\":\"ListItem\",\"position\":1,\"name\":\"Home\",\"item\":\"https:\/\/www.sestogrado.it\/en\/\"},{\"@type\":\"ListItem\",\"position\":2,\"name\":\"Shop\",\"item\":\"https:\/\/www.sestogrado.it\/en\/shop\/\"},{\"@type\":\"ListItem\",\"position\":3,\"name\":\"Sudtirolo: Guida d&#8217;arrampicata sportiva vertical life\"}]},{\"@type\":\"WebSite\",\"@id\":\"https:\/\/www.sestogrado.it\/en\/#website\",\"url\":\"https:\/\/www.sestogrado.it\/en\/\",\"name\":\"Sestogrado\",\"description\":\"yes we climb\",\"publisher\":{\"@id\":\"https:\/\/www.sestogrado.it\/en\/#organization\"},\"potentialAction\":[{\"@type\":\"SearchAction\",\"target\":{\"@type\":\"EntryPoint\",\"urlTemplate\":\"https:\/\/www.sestogrado.it\/en\/?s={search_term_string}\"},\"query-input\":{\"@type\":\"PropertyValueSpecification\",\"valueRequired\":true,\"valueName\":\"search_term_string\"}}],\"inLanguage\":\"en-US\"},{\"@type\":\"Organization\",\"@id\":\"https:\/\/www.sestogrado.it\/en\/#organization\",\"name\":\"Sestogrado\",\"url\":\"https:\/\/www.sestogrado.it\/en\/\",\"logo\":{\"@type\":\"ImageObject\",\"inLanguage\":\"en-US\",\"@id\":\"https:\/\/www.sestogrado.it\/en\/#\/schema\/logo\/image\/\",\"url\":\"https:\/\/www.sestogrado.it\/wp-content\/uploads\/2015\/03\/sestogrado-favicon.png\",\"contentUrl\":\"https:\/\/www.sestogrado.it\/wp-content\/uploads\/2015\/03\/sestogrado-favicon.png\",\"width\":260,\"height\":260,\"caption\":\"Sestogrado\"},\"image\":{\"@id\":\"https:\/\/www.sestogrado.it\/en\/#\/schema\/logo\/image\/\"},\"sameAs\":[\"https:\/\/www.facebook.com\/pages\/Sestogrado\/1542635979353017?ref=bookmarks\",\"https:\/\/www.youtube.com\/channel\/UC847kAfTkaJsWpc1jtQwr3Q\"],\"hasMerchantReturnPolicy\":{\"@type\":\"MerchantReturnPolicy\",\"merchantReturnLink\":\"https:\/\/www.sestogrado.it\/en\/termini-e-condizioni\/\"}}]}<\/script>\n<meta property=\"product:brand\" content=\"Vertical-Life\" \/>\n<meta property=\"product:price:amount\" content=\"40.00\" \/>\n<meta property=\"product:price:currency\" content=\"EUR\" \/>\n<meta property=\"og:availability\" content=\"instock\" \/>\n<meta property=\"product:availability\" content=\"instock\" \/>\n<meta property=\"product:condition\" content=\"new\" \/>\n<!-- \/ Yoast SEO plugin. -->","yoast_head_json":{"title":"South Tyrol: Sport Climbing Guidebook - Sestogrado","description":"\"Sudtirolo: guida d'arrampicata sportiva\" \u00e8 la guida definitiva per tutte le localit\u00e0 attrezzate per l'arrampicata sportiva di questa splendida regione. L'Alto Adige pu\u00f2 vantare una grande variet\u00e0 di rocce e paesaggi. Sia su granito, marmo, porfido o dolomite, accanto ai vigneti o sullo sfondo delle Dolomiti.","robots":{"index":"index","follow":"follow","max-snippet":"max-snippet:-1","max-image-preview":"max-image-preview:large","max-video-preview":"max-video-preview:-1"},"canonical":"https:\/\/www.sestogrado.it\/en\/prodotto\/sudtirolo-guida-darrampicata-sportiva-vertical-life\/","og_locale":"en_US","og_type":"article","og_title":"South Tyrol: Sport Climbing Guidebook - Sestogrado","og_description":"\"Sudtirolo: guida d'arrampicata sportiva\" \u00e8 la guida definitiva per tutte le localit\u00e0 attrezzate per l'arrampicata sportiva di questa splendida regione. L'Alto Adige pu\u00f2 vantare una grande variet\u00e0 di rocce e paesaggi. Sia su granito, marmo, porfido o dolomite, accanto ai vigneti o sullo sfondo delle Dolomiti.","og_url":"https:\/\/www.sestogrado.it\/en\/prodotto\/sudtirolo-guida-darrampicata-sportiva-vertical-life\/","og_site_name":"Sestogrado","article_publisher":"https:\/\/www.facebook.com\/pages\/Sestogrado\/1542635979353017?ref=bookmarks","article_modified_time":"2025-07-10T09:28:55+00:00","og_image":[{"width":900,"height":900,"url":"https:\/\/www.sestogrado.it\/wp-content\/uploads\/2019\/05\/01-2.jpg","type":"image\/jpeg"}],"twitter_misc":{"Price":"&euro;&nbsp;40,00","Availability":"In stock"},"schema":{"@context":"https:\/\/schema.org","@graph":[{"@type":"WebPage","@id":"https:\/\/www.sestogrado.it\/en\/prodotto\/sudtirolo-guida-darrampicata-sportiva-vertical-life\/","url":"https:\/\/www.sestogrado.it\/en\/prodotto\/sudtirolo-guida-darrampicata-sportiva-vertical-life\/","name":"South Tyrol: Sport Climbing Guidebook - Sestogrado","isPartOf":{"@id":"https:\/\/www.sestogrado.it\/en\/#website"},"primaryImageOfPage":{"@id":"https:\/\/www.sestogrado.it\/en\/prodotto\/sudtirolo-guida-darrampicata-sportiva-vertical-life\/#primaryimage"},"image":{"@id":"https:\/\/www.sestogrado.it\/prodotto\/sudtirolo-guida-darrampicata-sportiva-vertical-life\/#primaryimage"},"thumbnailUrl":"https:\/\/www.sestogrado.it\/wp-content\/uploads\/2019\/05\/01-2.jpg","datePublished":"2019-05-10T10:06:27+00:00","dateModified":"2025-07-10T09:28:55+00:00","description":"\"Sudtirolo: guida d'arrampicata sportiva\" \u00e8 la guida definitiva per tutte le localit\u00e0 attrezzate per l'arrampicata sportiva di questa splendida regione. L'Alto Adige pu\u00f2 vantare una grande variet\u00e0 di rocce e paesaggi. Sia su granito, marmo, porfido o dolomite, accanto ai vigneti o sullo sfondo delle Dolomiti.","breadcrumb":{"@id":"https:\/\/www.sestogrado.it\/en\/prodotto\/sudtirolo-guida-darrampicata-sportiva-vertical-life\/#breadcrumb"},"inLanguage":"en-US","potentialAction":[{"@type":"ReadAction","target":[["https:\/\/www.sestogrado.it\/en\/prodotto\/sudtirolo-guida-darrampicata-sportiva-vertical-life\/"]]}]},{"@type":"ImageObject","inLanguage":"en-US","@id":"https:\/\/www.sestogrado.it\/en\/prodotto\/sudtirolo-guida-darrampicata-sportiva-vertical-life\/#primaryimage","url":"https:\/\/www.sestogrado.it\/wp-content\/uploads\/2019\/05\/01-2.jpg","contentUrl":"https:\/\/www.sestogrado.it\/wp-content\/uploads\/2019\/05\/01-2.jpg","width":900,"height":900,"caption":"sudtirol arrampicata sportiva"},{"@type":"BreadcrumbList","@id":"https:\/\/www.sestogrado.it\/en\/prodotto\/sudtirolo-guida-darrampicata-sportiva-vertical-life\/#breadcrumb","itemListElement":[{"@type":"ListItem","position":1,"name":"Home","item":"https:\/\/www.sestogrado.it\/en\/"},{"@type":"ListItem","position":2,"name":"Shop","item":"https:\/\/www.sestogrado.it\/en\/shop\/"},{"@type":"ListItem","position":3,"name":"Sudtirolo: Guida d&#8217;arrampicata sportiva vertical life"}]},{"@type":"WebSite","@id":"https:\/\/www.sestogrado.it\/en\/#website","url":"https:\/\/www.sestogrado.it\/en\/","name":"Sestogrado","description":"yes we climb","publisher":{"@id":"https:\/\/www.sestogrado.it\/en\/#organization"},"potentialAction":[{"@type":"SearchAction","target":{"@type":"EntryPoint","urlTemplate":"https:\/\/www.sestogrado.it\/en\/?s={search_term_string}"},"query-input":{"@type":"PropertyValueSpecification","valueRequired":true,"valueName":"search_term_string"}}],"inLanguage":"en-US"},{"@type":"Organization","@id":"https:\/\/www.sestogrado.it\/en\/#organization","name":"Sestogrado","url":"https:\/\/www.sestogrado.it\/en\/","logo":{"@type":"ImageObject","inLanguage":"en-US","@id":"https:\/\/www.sestogrado.it\/en\/#\/schema\/logo\/image\/","url":"https:\/\/www.sestogrado.it\/wp-content\/uploads\/2015\/03\/sestogrado-favicon.png","contentUrl":"https:\/\/www.sestogrado.it\/wp-content\/uploads\/2015\/03\/sestogrado-favicon.png","width":260,"height":260,"caption":"Sestogrado"},"image":{"@id":"https:\/\/www.sestogrado.it\/en\/#\/schema\/logo\/image\/"},"sameAs":["https:\/\/www.facebook.com\/pages\/Sestogrado\/1542635979353017?ref=bookmarks","https:\/\/www.youtube.com\/channel\/UC847kAfTkaJsWpc1jtQwr3Q"],"hasMerchantReturnPolicy":{"@type":"MerchantReturnPolicy","merchantReturnLink":"https:\/\/www.sestogrado.it\/en\/termini-e-condizioni\/"}}]},"product_brand":"Vertical-Life","product_price_amount":"40.00","product_price_currency":"EUR","og_availability":"instock","product_availability":"instock","product_condition":"new"},"_links":{"self":[{"href":"https:\/\/www.sestogrado.it\/en\/wp-json\/wp\/v2\/product\/20998","targetHints":{"allow":["GET"]}}],"collection":[{"href":"https:\/\/www.sestogrado.it\/en\/wp-json\/wp\/v2\/product"}],"about":[{"href":"https:\/\/www.sestogrado.it\/en\/wp-json\/wp\/v2\/types\/product"}],"replies":[{"embeddable":true,"href":"https:\/\/www.sestogrado.it\/en\/wp-json\/wp\/v2\/comments?post=20998"}],"wp:featuredmedia":[{"embeddable":true,"href":"https:\/\/www.sestogrado.it\/en\/wp-json\/wp\/v2\/media\/21000"}],"wp:attachment":[{"href":"https:\/\/www.sestogrado.it\/en\/wp-json\/wp\/v2\/media?parent=20998"}],"wp:term":[{"taxonomy":"product_brand","embeddable":true,"href":"https:\/\/www.sestogrado.it\/en\/wp-json\/wp\/v2\/product_brand?post=20998"},{"taxonomy":"product_cat","embeddable":true,"href":"https:\/\/www.sestogrado.it\/en\/wp-json\/wp\/v2\/product_cat?post=20998"},{"taxonomy":"product_tag","embeddable":true,"href":"https:\/\/www.sestogrado.it\/en\/wp-json\/wp\/v2\/product_tag?post=20998"}],"curies":[{"name":"wp","href":"https:\/\/api.w.org\/{rel}","templated":true}]}}