{"id":209928,"date":"2026-01-28T09:47:53","date_gmt":"2026-01-28T08:47:53","guid":{"rendered":"https:\/\/www.sestogrado.it\/?post_type=product&#038;p=209928"},"modified":"2026-01-28T12:32:10","modified_gmt":"2026-01-28T11:32:10","slug":"fixe-puput-wire-rinvio-rinvii-arrampicata","status":"publish","type":"product","link":"https:\/\/www.sestogrado.it\/en\/prodotto\/fixe-puput-wire-rinvio-rinvii-arrampicata\/","title":{"rendered":"Fixe Puput rinvio rinvii arrampicata"},"content":{"rendered":"<p>Il Fixe Puput \u00e8 un rinvio con robusta fettuccia in nylon da 16mm e con moschettoni comodi ed ampi, in grado di ospitare facilmente la corda. E&#8217; progettato per facilitare l&#8217;aggancio alla piastrina grazie al suo caratteristico naso. Le sue dimensioni generose offrono una manovrabilit\u00e0 estremamente comoda. La zona di attrito con la corda contribuisce a prolungare la vita della corda e del moschettone.<\/p>\n<p>Il robusto rinvio in poliammide rimane stabile sulla parete, evitando torsioni, cos\u00ec il moschettone sar\u00e0 sempre orientato nella direzione desiderata. Il moschettone inferiore resta fissato grazie alla cucitura obliqua che segue la sua forma. La cucitura di sicurezza unica nella parte centrale rende il rinvio inconfondibile.<\/p>\n<p>Il rinvio \u00e8 disponibile in quattro lunghezze: 12 cm, 18 cm, 24 cm e 35 cm.<\/p>\n<ul>\n<li>Il Puput \u00e8 progettato per un uso intensivo in tutte le attivit\u00e0 su parete. Il nome Puput si riferisce all&#8217;uccello Upupa epops, che ha un caratteristico becco che ha ispirato il design del nostro moschettone.<\/li>\n<li>Il suo naso conico appuntito facilita l&#8217;inserimento del moschettone in piastrine, chiodi o altri elementi di collegamento in modo preciso e fluido, senza impigliarsi in nessuna curva del moschettone. Allo stesso tempo, questa geometria permette di smontare la via con grande facilit\u00e0.<\/li>\n<li>La parte inferiore del naso \u00e8 arrotondata per facilitare la manovra di sgancio della piastrina e della corda.<\/li>\n<li>Le proporzioni del moschettone Puput offrono un&#8217;ottima manovrabilit\u00e0 in ogni tipo di situazione su parete. \u00c8 lungo 100 mm, largo 64 mm, con un&#8217;apertura di 24 mm nella versione dritta e 26 mm in quella curva. Realizzato in alluminio 7075.<\/li>\n<li>La struttura a triplo strato del rinvio gli conferisce una rigidit\u00e0 extra, prevenendo torsioni. I moschettoni restano sempre orientati nella loro posizione iniziale.<\/li>\n<li>Realizzato in poliammide, lo stesso materiale delle corde dinamiche da arrampicata. Un materiale molto resistente, che prolunga la vita utile del set.<\/li>\n<li>Tenuta del preparato: 22kN<\/li>\n<li>Larghezza fettuccia: 16mm<\/li>\n<\/ul>\n<p>&nbsp;<\/p>\n<p>&nbsp;<\/p>\n<p>Fixe \u00e8 stata fondata nel 1983 in un luogo circondato da montagne e zone di arrampicata di prim\u2019ordine come Montserrat, Terradets e Siurana. \u00c8 diventato rapidamente un marchio leader nella comunit\u00e0 dell\u2019arrampicata e i suoi prodotti sono attualmente conosciuti in tutto il mondo.<\/p>","protected":false},"excerpt":{"rendered":"<p>Il Fixe Puput \u00e8 un rinvio con robusta fettuccia in nylon da 16mm e con moschettoni comodi ed ampi, in [&hellip;]<\/p>\n","protected":false},"featured_media":209933,"comment_status":"open","ping_status":"closed","template":"","meta":{"_acf_changed":false},"product_brand":[778],"product_cat":[133],"product_tag":[],"class_list":{"0":"post-209928","1":"product","2":"type-product","3":"status-publish","4":"has-post-thumbnail","6":"product_brand-fixe","7":"product_cat-rinvii","9":"first","10":"instock","11":"sale","12":"taxable","13":"shipping-taxable","14":"purchasable","15":"product-type-variable"},"acf":[],"yoast_head":"<!-- This site is optimized with the Yoast SEO plugin v26.4 - https:\/\/yoast.com\/wordpress\/plugins\/seo\/ -->\n<title>Fixe Puput rinvio rinvii arrampicata - Sestogrado<\/title>\n<meta name=\"description\" content=\"Il rinvio Fixe Puput Wire \u00e8 il modello pi\u00f9 leggero di tutta la famiglia Puput. \u00c8 composto da due moschettoni Puput Wire \u2014 grigio nella parte superiore e verde in quella inferiore \u2014 che garantiscono massima fluidit\u00e0 nel rinvio e una sensibile riduzione del peso complessivo. La costruzione pulita evita la presenza di cavit\u00e0 dove potrebbero accumularsi sporco o ghiaccio, assicurando prestazioni affidabili anche in ambienti freddi o umidi.La fettuccia in poliammide offre la stessa stabilit\u00e0, rigidit\u00e0 e durata tipiche dell\u2019intera gamma Puput, risultando ideale per arrampicata sportiva veloce, lunghi avvicinamenti e vie dove ogni grammo conta. La geometria bilanciata della famiglia Puput garantisce un\u2019eccellente maneggevolezza sia su monotiri sportivi sia su lunghe vie.\" \/>\n<meta name=\"robots\" content=\"index, follow, max-snippet:-1, max-image-preview:large, max-video-preview:-1\" \/>\n<link rel=\"canonical\" href=\"https:\/\/www.sestogrado.it\/en\/prodotto\/fixe-puput-wire-rinvio-rinvii-arrampicata\/\" \/>\n<meta property=\"og:locale\" content=\"en_US\" \/>\n<meta property=\"og:type\" content=\"article\" \/>\n<meta property=\"og:title\" content=\"Fixe Puput rinvio rinvii arrampicata - Sestogrado\" \/>\n<meta property=\"og:description\" content=\"Il rinvio Fixe Puput Wire \u00e8 il modello pi\u00f9 leggero di tutta la famiglia Puput. \u00c8 composto da due moschettoni Puput Wire \u2014 grigio nella parte superiore e verde in quella inferiore \u2014 che garantiscono massima fluidit\u00e0 nel rinvio e una sensibile riduzione del peso complessivo. La costruzione pulita evita la presenza di cavit\u00e0 dove potrebbero accumularsi sporco o ghiaccio, assicurando prestazioni affidabili anche in ambienti freddi o umidi.La fettuccia in poliammide offre la stessa stabilit\u00e0, rigidit\u00e0 e durata tipiche dell\u2019intera gamma Puput, risultando ideale per arrampicata sportiva veloce, lunghi avvicinamenti e vie dove ogni grammo conta. La geometria bilanciata della famiglia Puput garantisce un\u2019eccellente maneggevolezza sia su monotiri sportivi sia su lunghe vie.\" \/>\n<meta property=\"og:url\" content=\"https:\/\/www.sestogrado.it\/en\/prodotto\/fixe-puput-wire-rinvio-rinvii-arrampicata\/\" \/>\n<meta property=\"og:site_name\" content=\"Sestogrado\" \/>\n<meta property=\"article:publisher\" content=\"https:\/\/www.facebook.com\/pages\/Sestogrado\/1542635979353017?ref=bookmarks\" \/>\n<meta property=\"article:modified_time\" content=\"2026-01-28T11:32:10+00:00\" \/>\n<meta property=\"og:image\" content=\"https:\/\/www.sestogrado.it\/wp-content\/uploads\/2026\/01\/01-5.jpg\" \/>\n\t<meta property=\"og:image:width\" content=\"1000\" \/>\n\t<meta property=\"og:image:height\" content=\"1000\" \/>\n\t<meta property=\"og:image:type\" content=\"image\/jpeg\" \/>\n<meta name=\"twitter:label1\" content=\"Availability\" \/>\n\t<meta name=\"twitter:data1\" content=\"In stock\" \/>\n<script type=\"application\/ld+json\" class=\"yoast-schema-graph\">{\"@context\":\"https:\/\/schema.org\",\"@graph\":[{\"@type\":\"WebPage\",\"@id\":\"https:\/\/www.sestogrado.it\/en\/prodotto\/fixe-puput-wire-rinvio-rinvii-arrampicata\/\",\"url\":\"https:\/\/www.sestogrado.it\/en\/prodotto\/fixe-puput-wire-rinvio-rinvii-arrampicata\/\",\"name\":\"Fixe Puput rinvio rinvii arrampicata - Sestogrado\",\"isPartOf\":{\"@id\":\"https:\/\/www.sestogrado.it\/en\/#website\"},\"primaryImageOfPage\":{\"@id\":\"https:\/\/www.sestogrado.it\/en\/prodotto\/fixe-puput-wire-rinvio-rinvii-arrampicata\/#primaryimage\"},\"image\":{\"@id\":\"https:\/\/www.sestogrado.it\/prodotto\/fixe-puput-wire-rinvio-rinvii-arrampicata\/#primaryimage\"},\"thumbnailUrl\":\"https:\/\/www.sestogrado.it\/wp-content\/uploads\/2026\/01\/01-5.jpg\",\"datePublished\":\"2026-01-28T08:47:53+00:00\",\"dateModified\":\"2026-01-28T11:32:10+00:00\",\"description\":\"Il rinvio Fixe Puput Wire \u00e8 il modello pi\u00f9 leggero di tutta la famiglia Puput. \u00c8 composto da due moschettoni Puput Wire \u2014 grigio nella parte superiore e verde in quella inferiore \u2014 che garantiscono massima fluidit\u00e0 nel rinvio e una sensibile riduzione del peso complessivo. La costruzione pulita evita la presenza di cavit\u00e0 dove potrebbero accumularsi sporco o ghiaccio, assicurando prestazioni affidabili anche in ambienti freddi o umidi.La fettuccia in poliammide offre la stessa stabilit\u00e0, rigidit\u00e0 e durata tipiche dell\u2019intera gamma Puput, risultando ideale per arrampicata sportiva veloce, lunghi avvicinamenti e vie dove ogni grammo conta. La geometria bilanciata della famiglia Puput garantisce un\u2019eccellente maneggevolezza sia su monotiri sportivi sia su lunghe vie.\",\"breadcrumb\":{\"@id\":\"https:\/\/www.sestogrado.it\/en\/prodotto\/fixe-puput-wire-rinvio-rinvii-arrampicata\/#breadcrumb\"},\"inLanguage\":\"en-US\",\"potentialAction\":[{\"@type\":\"ReadAction\",\"target\":[[\"https:\/\/www.sestogrado.it\/en\/prodotto\/fixe-puput-wire-rinvio-rinvii-arrampicata\/\"]]}]},{\"@type\":\"ImageObject\",\"inLanguage\":\"en-US\",\"@id\":\"https:\/\/www.sestogrado.it\/en\/prodotto\/fixe-puput-wire-rinvio-rinvii-arrampicata\/#primaryimage\",\"url\":\"https:\/\/www.sestogrado.it\/wp-content\/uploads\/2026\/01\/01-5.jpg\",\"contentUrl\":\"https:\/\/www.sestogrado.it\/wp-content\/uploads\/2026\/01\/01-5.jpg\",\"width\":1000,\"height\":1000,\"caption\":\"puput wire 12\"},{\"@type\":\"BreadcrumbList\",\"@id\":\"https:\/\/www.sestogrado.it\/en\/prodotto\/fixe-puput-wire-rinvio-rinvii-arrampicata\/#breadcrumb\",\"itemListElement\":[{\"@type\":\"ListItem\",\"position\":1,\"name\":\"Home\",\"item\":\"https:\/\/www.sestogrado.it\/en\/\"},{\"@type\":\"ListItem\",\"position\":2,\"name\":\"Shop\",\"item\":\"https:\/\/www.sestogrado.it\/en\/shop\/\"},{\"@type\":\"ListItem\",\"position\":3,\"name\":\"Fixe Puput Wire rinvio rinvii arrampicata\"}]},{\"@type\":\"WebSite\",\"@id\":\"https:\/\/www.sestogrado.it\/en\/#website\",\"url\":\"https:\/\/www.sestogrado.it\/en\/\",\"name\":\"Sestogrado\",\"description\":\"yes we climb\",\"publisher\":{\"@id\":\"https:\/\/www.sestogrado.it\/en\/#organization\"},\"potentialAction\":[{\"@type\":\"SearchAction\",\"target\":{\"@type\":\"EntryPoint\",\"urlTemplate\":\"https:\/\/www.sestogrado.it\/en\/?s={search_term_string}\"},\"query-input\":{\"@type\":\"PropertyValueSpecification\",\"valueRequired\":true,\"valueName\":\"search_term_string\"}}],\"inLanguage\":\"en-US\"},{\"@type\":\"Organization\",\"@id\":\"https:\/\/www.sestogrado.it\/en\/#organization\",\"name\":\"Sestogrado\",\"url\":\"https:\/\/www.sestogrado.it\/en\/\",\"logo\":{\"@type\":\"ImageObject\",\"inLanguage\":\"en-US\",\"@id\":\"https:\/\/www.sestogrado.it\/en\/#\/schema\/logo\/image\/\",\"url\":\"https:\/\/www.sestogrado.it\/wp-content\/uploads\/2015\/03\/sestogrado-favicon.png\",\"contentUrl\":\"https:\/\/www.sestogrado.it\/wp-content\/uploads\/2015\/03\/sestogrado-favicon.png\",\"width\":260,\"height\":260,\"caption\":\"Sestogrado\"},\"image\":{\"@id\":\"https:\/\/www.sestogrado.it\/en\/#\/schema\/logo\/image\/\"},\"sameAs\":[\"https:\/\/www.facebook.com\/pages\/Sestogrado\/1542635979353017?ref=bookmarks\",\"https:\/\/www.youtube.com\/channel\/UC847kAfTkaJsWpc1jtQwr3Q\"],\"hasMerchantReturnPolicy\":{\"@type\":\"MerchantReturnPolicy\",\"merchantReturnLink\":\"https:\/\/www.sestogrado.it\/en\/termini-e-condizioni\/\"}}]}<\/script>\n<meta property=\"product:brand\" content=\"Fixe\" \/>\n<meta property=\"og:availability\" content=\"instock\" \/>\n<meta property=\"product:availability\" content=\"instock\" \/>\n<meta property=\"product:condition\" content=\"new\" \/>\n<!-- \/ Yoast SEO plugin. -->","yoast_head_json":{"title":"Fixe Puput rinvio rinvii arrampicata - Sestogrado","description":"Il rinvio Fixe Puput Wire \u00e8 il modello pi\u00f9 leggero di tutta la famiglia Puput. \u00c8 composto da due moschettoni Puput Wire \u2014 grigio nella parte superiore e verde in quella inferiore \u2014 che garantiscono massima fluidit\u00e0 nel rinvio e una sensibile riduzione del peso complessivo. La costruzione pulita evita la presenza di cavit\u00e0 dove potrebbero accumularsi sporco o ghiaccio, assicurando prestazioni affidabili anche in ambienti freddi o umidi.La fettuccia in poliammide offre la stessa stabilit\u00e0, rigidit\u00e0 e durata tipiche dell\u2019intera gamma Puput, risultando ideale per arrampicata sportiva veloce, lunghi avvicinamenti e vie dove ogni grammo conta. La geometria bilanciata della famiglia Puput garantisce un\u2019eccellente maneggevolezza sia su monotiri sportivi sia su lunghe vie.","robots":{"index":"index","follow":"follow","max-snippet":"max-snippet:-1","max-image-preview":"max-image-preview:large","max-video-preview":"max-video-preview:-1"},"canonical":"https:\/\/www.sestogrado.it\/en\/prodotto\/fixe-puput-wire-rinvio-rinvii-arrampicata\/","og_locale":"en_US","og_type":"article","og_title":"Fixe Puput rinvio rinvii arrampicata - Sestogrado","og_description":"Il rinvio Fixe Puput Wire \u00e8 il modello pi\u00f9 leggero di tutta la famiglia Puput. \u00c8 composto da due moschettoni Puput Wire \u2014 grigio nella parte superiore e verde in quella inferiore \u2014 che garantiscono massima fluidit\u00e0 nel rinvio e una sensibile riduzione del peso complessivo. La costruzione pulita evita la presenza di cavit\u00e0 dove potrebbero accumularsi sporco o ghiaccio, assicurando prestazioni affidabili anche in ambienti freddi o umidi.La fettuccia in poliammide offre la stessa stabilit\u00e0, rigidit\u00e0 e durata tipiche dell\u2019intera gamma Puput, risultando ideale per arrampicata sportiva veloce, lunghi avvicinamenti e vie dove ogni grammo conta. La geometria bilanciata della famiglia Puput garantisce un\u2019eccellente maneggevolezza sia su monotiri sportivi sia su lunghe vie.","og_url":"https:\/\/www.sestogrado.it\/en\/prodotto\/fixe-puput-wire-rinvio-rinvii-arrampicata\/","og_site_name":"Sestogrado","article_publisher":"https:\/\/www.facebook.com\/pages\/Sestogrado\/1542635979353017?ref=bookmarks","article_modified_time":"2026-01-28T11:32:10+00:00","og_image":[{"width":1000,"height":1000,"url":"https:\/\/www.sestogrado.it\/wp-content\/uploads\/2026\/01\/01-5.jpg","type":"image\/jpeg"}],"twitter_misc":{"Availability":"In stock"},"schema":{"@context":"https:\/\/schema.org","@graph":[{"@type":"WebPage","@id":"https:\/\/www.sestogrado.it\/en\/prodotto\/fixe-puput-wire-rinvio-rinvii-arrampicata\/","url":"https:\/\/www.sestogrado.it\/en\/prodotto\/fixe-puput-wire-rinvio-rinvii-arrampicata\/","name":"Fixe Puput rinvio rinvii arrampicata - Sestogrado","isPartOf":{"@id":"https:\/\/www.sestogrado.it\/en\/#website"},"primaryImageOfPage":{"@id":"https:\/\/www.sestogrado.it\/en\/prodotto\/fixe-puput-wire-rinvio-rinvii-arrampicata\/#primaryimage"},"image":{"@id":"https:\/\/www.sestogrado.it\/prodotto\/fixe-puput-wire-rinvio-rinvii-arrampicata\/#primaryimage"},"thumbnailUrl":"https:\/\/www.sestogrado.it\/wp-content\/uploads\/2026\/01\/01-5.jpg","datePublished":"2026-01-28T08:47:53+00:00","dateModified":"2026-01-28T11:32:10+00:00","description":"Il rinvio Fixe Puput Wire \u00e8 il modello pi\u00f9 leggero di tutta la famiglia Puput. \u00c8 composto da due moschettoni Puput Wire \u2014 grigio nella parte superiore e verde in quella inferiore \u2014 che garantiscono massima fluidit\u00e0 nel rinvio e una sensibile riduzione del peso complessivo. La costruzione pulita evita la presenza di cavit\u00e0 dove potrebbero accumularsi sporco o ghiaccio, assicurando prestazioni affidabili anche in ambienti freddi o umidi.La fettuccia in poliammide offre la stessa stabilit\u00e0, rigidit\u00e0 e durata tipiche dell\u2019intera gamma Puput, risultando ideale per arrampicata sportiva veloce, lunghi avvicinamenti e vie dove ogni grammo conta. La geometria bilanciata della famiglia Puput garantisce un\u2019eccellente maneggevolezza sia su monotiri sportivi sia su lunghe vie.","breadcrumb":{"@id":"https:\/\/www.sestogrado.it\/en\/prodotto\/fixe-puput-wire-rinvio-rinvii-arrampicata\/#breadcrumb"},"inLanguage":"en-US","potentialAction":[{"@type":"ReadAction","target":[["https:\/\/www.sestogrado.it\/en\/prodotto\/fixe-puput-wire-rinvio-rinvii-arrampicata\/"]]}]},{"@type":"ImageObject","inLanguage":"en-US","@id":"https:\/\/www.sestogrado.it\/en\/prodotto\/fixe-puput-wire-rinvio-rinvii-arrampicata\/#primaryimage","url":"https:\/\/www.sestogrado.it\/wp-content\/uploads\/2026\/01\/01-5.jpg","contentUrl":"https:\/\/www.sestogrado.it\/wp-content\/uploads\/2026\/01\/01-5.jpg","width":1000,"height":1000,"caption":"puput wire 12"},{"@type":"BreadcrumbList","@id":"https:\/\/www.sestogrado.it\/en\/prodotto\/fixe-puput-wire-rinvio-rinvii-arrampicata\/#breadcrumb","itemListElement":[{"@type":"ListItem","position":1,"name":"Home","item":"https:\/\/www.sestogrado.it\/en\/"},{"@type":"ListItem","position":2,"name":"Shop","item":"https:\/\/www.sestogrado.it\/en\/shop\/"},{"@type":"ListItem","position":3,"name":"Fixe Puput Wire rinvio rinvii arrampicata"}]},{"@type":"WebSite","@id":"https:\/\/www.sestogrado.it\/en\/#website","url":"https:\/\/www.sestogrado.it\/en\/","name":"Sestogrado","description":"yes we climb","publisher":{"@id":"https:\/\/www.sestogrado.it\/en\/#organization"},"potentialAction":[{"@type":"SearchAction","target":{"@type":"EntryPoint","urlTemplate":"https:\/\/www.sestogrado.it\/en\/?s={search_term_string}"},"query-input":{"@type":"PropertyValueSpecification","valueRequired":true,"valueName":"search_term_string"}}],"inLanguage":"en-US"},{"@type":"Organization","@id":"https:\/\/www.sestogrado.it\/en\/#organization","name":"Sestogrado","url":"https:\/\/www.sestogrado.it\/en\/","logo":{"@type":"ImageObject","inLanguage":"en-US","@id":"https:\/\/www.sestogrado.it\/en\/#\/schema\/logo\/image\/","url":"https:\/\/www.sestogrado.it\/wp-content\/uploads\/2015\/03\/sestogrado-favicon.png","contentUrl":"https:\/\/www.sestogrado.it\/wp-content\/uploads\/2015\/03\/sestogrado-favicon.png","width":260,"height":260,"caption":"Sestogrado"},"image":{"@id":"https:\/\/www.sestogrado.it\/en\/#\/schema\/logo\/image\/"},"sameAs":["https:\/\/www.facebook.com\/pages\/Sestogrado\/1542635979353017?ref=bookmarks","https:\/\/www.youtube.com\/channel\/UC847kAfTkaJsWpc1jtQwr3Q"],"hasMerchantReturnPolicy":{"@type":"MerchantReturnPolicy","merchantReturnLink":"https:\/\/www.sestogrado.it\/en\/termini-e-condizioni\/"}}]},"product_brand":"Fixe","og_availability":"instock","product_availability":"instock","product_condition":"new"},"_links":{"self":[{"href":"https:\/\/www.sestogrado.it\/en\/wp-json\/wp\/v2\/product\/209928","targetHints":{"allow":["GET"]}}],"collection":[{"href":"https:\/\/www.sestogrado.it\/en\/wp-json\/wp\/v2\/product"}],"about":[{"href":"https:\/\/www.sestogrado.it\/en\/wp-json\/wp\/v2\/types\/product"}],"replies":[{"embeddable":true,"href":"https:\/\/www.sestogrado.it\/en\/wp-json\/wp\/v2\/comments?post=209928"}],"wp:featuredmedia":[{"embeddable":true,"href":"https:\/\/www.sestogrado.it\/en\/wp-json\/wp\/v2\/media\/209933"}],"wp:attachment":[{"href":"https:\/\/www.sestogrado.it\/en\/wp-json\/wp\/v2\/media?parent=209928"}],"wp:term":[{"taxonomy":"product_brand","embeddable":true,"href":"https:\/\/www.sestogrado.it\/en\/wp-json\/wp\/v2\/product_brand?post=209928"},{"taxonomy":"product_cat","embeddable":true,"href":"https:\/\/www.sestogrado.it\/en\/wp-json\/wp\/v2\/product_cat?post=209928"},{"taxonomy":"product_tag","embeddable":true,"href":"https:\/\/www.sestogrado.it\/en\/wp-json\/wp\/v2\/product_tag?post=209928"}],"curies":[{"name":"wp","href":"https:\/\/api.w.org\/{rel}","templated":true}]}}