{"id":20555,"date":"2022-12-02T08:00:30","date_gmt":"2022-12-02T07:00:30","guid":{"rendered":"https:\/\/www.sestogrado.it\/?post_type=product&#038;p=20555"},"modified":"2026-02-17T15:51:16","modified_gmt":"2026-02-17T14:51:16","slug":"black-diamond-zone-imbrago-arrampicata","status":"publish","type":"product","link":"https:\/\/www.sestogrado.it\/en\/prodotto\/black-diamond-zone-imbrago-arrampicata\/","title":{"rendered":"Black Diamond Zone imbrago arrampicata"},"content":{"rendered":"<p>Il Black Diamond Zone \u00e8 un imbrago progettato per l&#8217;arrampicata sportiva leggera, le vie di ghiaccio o le spedizioni alpinistiche. Ad alte prestazioni, leggera e traspirante, lo Zone ora presenta l&#8217;anello di servizio Infinity Belay Loop brevettato senza cuciture, che \u00e8 durevole e a basso profilo, in grado di evitare qualsiasi attrito. La tecnologia Fusion Comfort garantisce un ampio supporto quando sei sulla parete, mentre il tessuto esterno in materiale elasticizzato aggiunge traspirabilit\u00e0. Infine, la vestibilit\u00e0 sagomata massimizza il comfort per i voli che farai quando ti spingerai oltre i tuoi limiti.<\/p>\n<ul>\n<li>Anello di sicurezza Infinity Belay Loop brevettato, senza cuciture<\/li>\n<li>tecnologia Fusion Comfort per massima ergonomia e comfort<\/li>\n<li>fibbia ventrale a regolazione rapida<\/li>\n<li>cosciali fissi elastici<\/li>\n<li>4 portamateriali rigidi e 1 portamateriale aggiuntivo posteriore<\/li>\n<li>2 slot per i moschettoni portamateriali da ghiaccio<\/li>\n<li>peso: 307g<\/li>\n<\/ul>\n<p>&nbsp;<\/p>\n<p>Il pi\u00f9 leggero e tecnico imbrago di Black Diamond, lo Zone \u00e8 un imbrago destinato ai climber pi\u00f9 esigenti.<\/p>\n<p><iframe src=\"\/\/www.youtube.com\/embed\/H6kfgxU6qso?t=196s\" width=\"560\" height=\"314\" allowfullscreen=\"allowfullscreen\"><\/iframe><\/p>\n<p>&nbsp;<\/p>\n<p>Black Diamond dal 1957 rappresenta un punto di riferimento mondiale per l&#8217;attrezzatura da arrampicata. Ci\u00f2 che all&#8217;inizio era una attivit\u00e0 artigianale con incudine e martello oggi si \u00e8 trasformata in una societ\u00e0 globale con uffici in tre continenti. Il segreto di Black Diamond \u00e8 sempre lo stesso: essere una societ\u00e0 formata da appassionati climber. In Black Diamond si continua a sognare su ci\u00f2 che potrebbe essere e si continua ad essere critici su ci\u00f2 che esiste. E&#8217; cos\u00ec che il processo creativo per la realizzazione della migliore attrezzatura da arrampicata non avr\u00e0 mai fine.<\/p>\n","protected":false},"excerpt":{"rendered":"<p>Il Black Diamond Zone \u00e8 un imbrago progettato per l&#8217;arrampicata sportiva leggera, le vie di ghiaccio o le spedizioni alpinistiche. [&hellip;]<\/p>\n","protected":false},"featured_media":119133,"comment_status":"open","ping_status":"closed","template":"","meta":{"_acf_changed":false},"product_brand":[121],"product_cat":[182],"product_tag":[409],"class_list":{"0":"post-20555","1":"product","2":"type-product","3":"status-publish","4":"has-post-thumbnail","6":"product_brand-black-diamond","7":"product_cat-sportivi","8":"product_tag-imbrago","10":"first","11":"instock","12":"sale","13":"taxable","14":"shipping-taxable","15":"purchasable","16":"product-type-variable"},"acf":[],"yoast_head":"<!-- This site is optimized with the Yoast SEO plugin v26.4 - https:\/\/yoast.com\/wordpress\/plugins\/seo\/ -->\n<title>Black Diamond Zone imbrago arrampicata - Sestogrado<\/title>\n<meta name=\"description\" content=\"Il Black Diamond Zone \u00e8 un imbrago progettato per l&#039;arrampicata sportiva leggera, le vie di ghiaccio o le spedizioni alpinistiche. Ad alte prestazioni, leggera e traspirante, lo Zone ora presenta l&#039;anello di servizio Infinity Belay Loop brevettato senza cuciture, che \u00e8 durevole e a basso profilo, in grado di evitare qualsiasi attrito. La tecnologia Fusion Comfort garantisce un ampio supporto quando sei sulla parete, mentre il tessuto esterno in materiale elasticizzato aggiunge traspirabilit\u00e0. Infine, la vestibilit\u00e0 sagomata massimizza il comfort per i voli che farai quando ti spingerai oltre i tuoi limiti.\" \/>\n<meta name=\"robots\" content=\"index, follow, max-snippet:-1, max-image-preview:large, max-video-preview:-1\" \/>\n<link rel=\"canonical\" href=\"https:\/\/www.sestogrado.it\/en\/prodotto\/black-diamond-zone-imbrago-arrampicata\/\" \/>\n<meta property=\"og:locale\" content=\"en_US\" \/>\n<meta property=\"og:type\" content=\"article\" \/>\n<meta property=\"og:title\" content=\"Black Diamond Zone imbrago arrampicata - Sestogrado\" \/>\n<meta property=\"og:description\" content=\"Il Black Diamond Zone \u00e8 un imbrago progettato per l&#039;arrampicata sportiva leggera, le vie di ghiaccio o le spedizioni alpinistiche. Ad alte prestazioni, leggera e traspirante, lo Zone ora presenta l&#039;anello di servizio Infinity Belay Loop brevettato senza cuciture, che \u00e8 durevole e a basso profilo, in grado di evitare qualsiasi attrito. La tecnologia Fusion Comfort garantisce un ampio supporto quando sei sulla parete, mentre il tessuto esterno in materiale elasticizzato aggiunge traspirabilit\u00e0. Infine, la vestibilit\u00e0 sagomata massimizza il comfort per i voli che farai quando ti spingerai oltre i tuoi limiti.\" \/>\n<meta property=\"og:url\" content=\"https:\/\/www.sestogrado.it\/en\/prodotto\/black-diamond-zone-imbrago-arrampicata\/\" \/>\n<meta property=\"og:site_name\" content=\"Sestogrado\" \/>\n<meta property=\"article:publisher\" content=\"https:\/\/www.facebook.com\/pages\/Sestogrado\/1542635979353017?ref=bookmarks\" \/>\n<meta property=\"article:modified_time\" content=\"2026-02-17T14:51:16+00:00\" \/>\n<meta property=\"og:image\" content=\"https:\/\/www.sestogrado.it\/wp-content\/uploads\/2019\/04\/zone-01.jpg\" \/>\n\t<meta property=\"og:image:width\" content=\"1200\" \/>\n\t<meta property=\"og:image:height\" content=\"1200\" \/>\n\t<meta property=\"og:image:type\" content=\"image\/jpeg\" \/>\n<meta name=\"twitter:label1\" content=\"Availability\" \/>\n\t<meta name=\"twitter:data1\" content=\"In stock\" \/>\n<script type=\"application\/ld+json\" class=\"yoast-schema-graph\">{\"@context\":\"https:\/\/schema.org\",\"@graph\":[{\"@type\":\"WebPage\",\"@id\":\"https:\/\/www.sestogrado.it\/en\/prodotto\/black-diamond-zone-imbrago-arrampicata\/\",\"url\":\"https:\/\/www.sestogrado.it\/en\/prodotto\/black-diamond-zone-imbrago-arrampicata\/\",\"name\":\"Black Diamond Zone imbrago arrampicata - Sestogrado\",\"isPartOf\":{\"@id\":\"https:\/\/www.sestogrado.it\/en\/#website\"},\"primaryImageOfPage\":{\"@id\":\"https:\/\/www.sestogrado.it\/en\/prodotto\/black-diamond-zone-imbrago-arrampicata\/#primaryimage\"},\"image\":{\"@id\":\"https:\/\/www.sestogrado.it\/prodotto\/black-diamond-zone-imbrago-arrampicata\/#primaryimage\"},\"thumbnailUrl\":\"https:\/\/www.sestogrado.it\/wp-content\/uploads\/2019\/04\/zone-01.jpg\",\"datePublished\":\"2022-12-02T07:00:30+00:00\",\"dateModified\":\"2026-02-17T14:51:16+00:00\",\"description\":\"Il Black Diamond Zone \u00e8 un imbrago progettato per l'arrampicata sportiva leggera, le vie di ghiaccio o le spedizioni alpinistiche. Ad alte prestazioni, leggera e traspirante, lo Zone ora presenta l'anello di servizio Infinity Belay Loop brevettato senza cuciture, che \u00e8 durevole e a basso profilo, in grado di evitare qualsiasi attrito. La tecnologia Fusion Comfort garantisce un ampio supporto quando sei sulla parete, mentre il tessuto esterno in materiale elasticizzato aggiunge traspirabilit\u00e0. Infine, la vestibilit\u00e0 sagomata massimizza il comfort per i voli che farai quando ti spingerai oltre i tuoi limiti.\",\"breadcrumb\":{\"@id\":\"https:\/\/www.sestogrado.it\/en\/prodotto\/black-diamond-zone-imbrago-arrampicata\/#breadcrumb\"},\"inLanguage\":\"en-US\",\"potentialAction\":[{\"@type\":\"ReadAction\",\"target\":[[\"https:\/\/www.sestogrado.it\/en\/prodotto\/black-diamond-zone-imbrago-arrampicata\/\"]]}]},{\"@type\":\"ImageObject\",\"inLanguage\":\"en-US\",\"@id\":\"https:\/\/www.sestogrado.it\/en\/prodotto\/black-diamond-zone-imbrago-arrampicata\/#primaryimage\",\"url\":\"https:\/\/www.sestogrado.it\/wp-content\/uploads\/2019\/04\/zone-01.jpg\",\"contentUrl\":\"https:\/\/www.sestogrado.it\/wp-content\/uploads\/2019\/04\/zone-01.jpg\",\"width\":1200,\"height\":1200,\"caption\":\"BD zone\"},{\"@type\":\"BreadcrumbList\",\"@id\":\"https:\/\/www.sestogrado.it\/en\/prodotto\/black-diamond-zone-imbrago-arrampicata\/#breadcrumb\",\"itemListElement\":[{\"@type\":\"ListItem\",\"position\":1,\"name\":\"Home\",\"item\":\"https:\/\/www.sestogrado.it\/en\/\"},{\"@type\":\"ListItem\",\"position\":2,\"name\":\"Shop\",\"item\":\"https:\/\/www.sestogrado.it\/en\/shop\/\"},{\"@type\":\"ListItem\",\"position\":3,\"name\":\"Black Diamond Zone imbrago arrampicata\"}]},{\"@type\":\"WebSite\",\"@id\":\"https:\/\/www.sestogrado.it\/en\/#website\",\"url\":\"https:\/\/www.sestogrado.it\/en\/\",\"name\":\"Sestogrado\",\"description\":\"yes we climb\",\"publisher\":{\"@id\":\"https:\/\/www.sestogrado.it\/en\/#organization\"},\"potentialAction\":[{\"@type\":\"SearchAction\",\"target\":{\"@type\":\"EntryPoint\",\"urlTemplate\":\"https:\/\/www.sestogrado.it\/en\/?s={search_term_string}\"},\"query-input\":{\"@type\":\"PropertyValueSpecification\",\"valueRequired\":true,\"valueName\":\"search_term_string\"}}],\"inLanguage\":\"en-US\"},{\"@type\":\"Organization\",\"@id\":\"https:\/\/www.sestogrado.it\/en\/#organization\",\"name\":\"Sestogrado\",\"url\":\"https:\/\/www.sestogrado.it\/en\/\",\"logo\":{\"@type\":\"ImageObject\",\"inLanguage\":\"en-US\",\"@id\":\"https:\/\/www.sestogrado.it\/en\/#\/schema\/logo\/image\/\",\"url\":\"https:\/\/www.sestogrado.it\/wp-content\/uploads\/2015\/03\/sestogrado-favicon.png\",\"contentUrl\":\"https:\/\/www.sestogrado.it\/wp-content\/uploads\/2015\/03\/sestogrado-favicon.png\",\"width\":260,\"height\":260,\"caption\":\"Sestogrado\"},\"image\":{\"@id\":\"https:\/\/www.sestogrado.it\/en\/#\/schema\/logo\/image\/\"},\"sameAs\":[\"https:\/\/www.facebook.com\/pages\/Sestogrado\/1542635979353017?ref=bookmarks\",\"https:\/\/www.youtube.com\/channel\/UC847kAfTkaJsWpc1jtQwr3Q\"],\"hasMerchantReturnPolicy\":{\"@type\":\"MerchantReturnPolicy\",\"merchantReturnLink\":\"https:\/\/www.sestogrado.it\/en\/termini-e-condizioni\/\"}}]}<\/script>\n<meta property=\"product:brand\" content=\"Black Diamond\" \/>\n<meta property=\"og:availability\" content=\"instock\" \/>\n<meta property=\"product:availability\" content=\"instock\" \/>\n<meta property=\"product:condition\" content=\"new\" \/>\n<!-- \/ Yoast SEO plugin. -->","yoast_head_json":{"title":"Black Diamond Zone imbrago arrampicata - Sestogrado","description":"Il Black Diamond Zone \u00e8 un imbrago progettato per l'arrampicata sportiva leggera, le vie di ghiaccio o le spedizioni alpinistiche. Ad alte prestazioni, leggera e traspirante, lo Zone ora presenta l'anello di servizio Infinity Belay Loop brevettato senza cuciture, che \u00e8 durevole e a basso profilo, in grado di evitare qualsiasi attrito. La tecnologia Fusion Comfort garantisce un ampio supporto quando sei sulla parete, mentre il tessuto esterno in materiale elasticizzato aggiunge traspirabilit\u00e0. Infine, la vestibilit\u00e0 sagomata massimizza il comfort per i voli che farai quando ti spingerai oltre i tuoi limiti.","robots":{"index":"index","follow":"follow","max-snippet":"max-snippet:-1","max-image-preview":"max-image-preview:large","max-video-preview":"max-video-preview:-1"},"canonical":"https:\/\/www.sestogrado.it\/en\/prodotto\/black-diamond-zone-imbrago-arrampicata\/","og_locale":"en_US","og_type":"article","og_title":"Black Diamond Zone imbrago arrampicata - Sestogrado","og_description":"Il Black Diamond Zone \u00e8 un imbrago progettato per l'arrampicata sportiva leggera, le vie di ghiaccio o le spedizioni alpinistiche. Ad alte prestazioni, leggera e traspirante, lo Zone ora presenta l'anello di servizio Infinity Belay Loop brevettato senza cuciture, che \u00e8 durevole e a basso profilo, in grado di evitare qualsiasi attrito. La tecnologia Fusion Comfort garantisce un ampio supporto quando sei sulla parete, mentre il tessuto esterno in materiale elasticizzato aggiunge traspirabilit\u00e0. Infine, la vestibilit\u00e0 sagomata massimizza il comfort per i voli che farai quando ti spingerai oltre i tuoi limiti.","og_url":"https:\/\/www.sestogrado.it\/en\/prodotto\/black-diamond-zone-imbrago-arrampicata\/","og_site_name":"Sestogrado","article_publisher":"https:\/\/www.facebook.com\/pages\/Sestogrado\/1542635979353017?ref=bookmarks","article_modified_time":"2026-02-17T14:51:16+00:00","og_image":[{"width":1200,"height":1200,"url":"https:\/\/www.sestogrado.it\/wp-content\/uploads\/2019\/04\/zone-01.jpg","type":"image\/jpeg"}],"twitter_misc":{"Availability":"In stock"},"schema":{"@context":"https:\/\/schema.org","@graph":[{"@type":"WebPage","@id":"https:\/\/www.sestogrado.it\/en\/prodotto\/black-diamond-zone-imbrago-arrampicata\/","url":"https:\/\/www.sestogrado.it\/en\/prodotto\/black-diamond-zone-imbrago-arrampicata\/","name":"Black Diamond Zone imbrago arrampicata - Sestogrado","isPartOf":{"@id":"https:\/\/www.sestogrado.it\/en\/#website"},"primaryImageOfPage":{"@id":"https:\/\/www.sestogrado.it\/en\/prodotto\/black-diamond-zone-imbrago-arrampicata\/#primaryimage"},"image":{"@id":"https:\/\/www.sestogrado.it\/prodotto\/black-diamond-zone-imbrago-arrampicata\/#primaryimage"},"thumbnailUrl":"https:\/\/www.sestogrado.it\/wp-content\/uploads\/2019\/04\/zone-01.jpg","datePublished":"2022-12-02T07:00:30+00:00","dateModified":"2026-02-17T14:51:16+00:00","description":"Il Black Diamond Zone \u00e8 un imbrago progettato per l'arrampicata sportiva leggera, le vie di ghiaccio o le spedizioni alpinistiche. Ad alte prestazioni, leggera e traspirante, lo Zone ora presenta l'anello di servizio Infinity Belay Loop brevettato senza cuciture, che \u00e8 durevole e a basso profilo, in grado di evitare qualsiasi attrito. La tecnologia Fusion Comfort garantisce un ampio supporto quando sei sulla parete, mentre il tessuto esterno in materiale elasticizzato aggiunge traspirabilit\u00e0. Infine, la vestibilit\u00e0 sagomata massimizza il comfort per i voli che farai quando ti spingerai oltre i tuoi limiti.","breadcrumb":{"@id":"https:\/\/www.sestogrado.it\/en\/prodotto\/black-diamond-zone-imbrago-arrampicata\/#breadcrumb"},"inLanguage":"en-US","potentialAction":[{"@type":"ReadAction","target":[["https:\/\/www.sestogrado.it\/en\/prodotto\/black-diamond-zone-imbrago-arrampicata\/"]]}]},{"@type":"ImageObject","inLanguage":"en-US","@id":"https:\/\/www.sestogrado.it\/en\/prodotto\/black-diamond-zone-imbrago-arrampicata\/#primaryimage","url":"https:\/\/www.sestogrado.it\/wp-content\/uploads\/2019\/04\/zone-01.jpg","contentUrl":"https:\/\/www.sestogrado.it\/wp-content\/uploads\/2019\/04\/zone-01.jpg","width":1200,"height":1200,"caption":"BD zone"},{"@type":"BreadcrumbList","@id":"https:\/\/www.sestogrado.it\/en\/prodotto\/black-diamond-zone-imbrago-arrampicata\/#breadcrumb","itemListElement":[{"@type":"ListItem","position":1,"name":"Home","item":"https:\/\/www.sestogrado.it\/en\/"},{"@type":"ListItem","position":2,"name":"Shop","item":"https:\/\/www.sestogrado.it\/en\/shop\/"},{"@type":"ListItem","position":3,"name":"Black Diamond Zone imbrago arrampicata"}]},{"@type":"WebSite","@id":"https:\/\/www.sestogrado.it\/en\/#website","url":"https:\/\/www.sestogrado.it\/en\/","name":"Sestogrado","description":"yes we climb","publisher":{"@id":"https:\/\/www.sestogrado.it\/en\/#organization"},"potentialAction":[{"@type":"SearchAction","target":{"@type":"EntryPoint","urlTemplate":"https:\/\/www.sestogrado.it\/en\/?s={search_term_string}"},"query-input":{"@type":"PropertyValueSpecification","valueRequired":true,"valueName":"search_term_string"}}],"inLanguage":"en-US"},{"@type":"Organization","@id":"https:\/\/www.sestogrado.it\/en\/#organization","name":"Sestogrado","url":"https:\/\/www.sestogrado.it\/en\/","logo":{"@type":"ImageObject","inLanguage":"en-US","@id":"https:\/\/www.sestogrado.it\/en\/#\/schema\/logo\/image\/","url":"https:\/\/www.sestogrado.it\/wp-content\/uploads\/2015\/03\/sestogrado-favicon.png","contentUrl":"https:\/\/www.sestogrado.it\/wp-content\/uploads\/2015\/03\/sestogrado-favicon.png","width":260,"height":260,"caption":"Sestogrado"},"image":{"@id":"https:\/\/www.sestogrado.it\/en\/#\/schema\/logo\/image\/"},"sameAs":["https:\/\/www.facebook.com\/pages\/Sestogrado\/1542635979353017?ref=bookmarks","https:\/\/www.youtube.com\/channel\/UC847kAfTkaJsWpc1jtQwr3Q"],"hasMerchantReturnPolicy":{"@type":"MerchantReturnPolicy","merchantReturnLink":"https:\/\/www.sestogrado.it\/en\/termini-e-condizioni\/"}}]},"product_brand":"Black Diamond","og_availability":"instock","product_availability":"instock","product_condition":"new"},"_links":{"self":[{"href":"https:\/\/www.sestogrado.it\/en\/wp-json\/wp\/v2\/product\/20555","targetHints":{"allow":["GET"]}}],"collection":[{"href":"https:\/\/www.sestogrado.it\/en\/wp-json\/wp\/v2\/product"}],"about":[{"href":"https:\/\/www.sestogrado.it\/en\/wp-json\/wp\/v2\/types\/product"}],"replies":[{"embeddable":true,"href":"https:\/\/www.sestogrado.it\/en\/wp-json\/wp\/v2\/comments?post=20555"}],"wp:featuredmedia":[{"embeddable":true,"href":"https:\/\/www.sestogrado.it\/en\/wp-json\/wp\/v2\/media\/119133"}],"wp:attachment":[{"href":"https:\/\/www.sestogrado.it\/en\/wp-json\/wp\/v2\/media?parent=20555"}],"wp:term":[{"taxonomy":"product_brand","embeddable":true,"href":"https:\/\/www.sestogrado.it\/en\/wp-json\/wp\/v2\/product_brand?post=20555"},{"taxonomy":"product_cat","embeddable":true,"href":"https:\/\/www.sestogrado.it\/en\/wp-json\/wp\/v2\/product_cat?post=20555"},{"taxonomy":"product_tag","embeddable":true,"href":"https:\/\/www.sestogrado.it\/en\/wp-json\/wp\/v2\/product_tag?post=20555"}],"curies":[{"name":"wp","href":"https:\/\/api.w.org\/{rel}","templated":true}]}}