{"id":203470,"date":"2020-11-18T10:58:28","date_gmt":"2020-11-18T09:58:28","guid":{"rendered":"https:\/\/www.sestogrado.it\/?post_type=product&#038;p=203470"},"modified":"2025-12-17T11:07:40","modified_gmt":"2025-12-17T10:07:40","slug":"black-diamond-solution-guide-imbrago-arrampicata-trad","status":"publish","type":"product","link":"https:\/\/www.sestogrado.it\/en\/prodotto\/black-diamond-solution-guide-imbrago-arrampicata-trad\/","title":{"rendered":"Black Diamond Solution Guide imbrago arrampicata trad (Copia)"},"content":{"rendered":"<p>Il Black Diamond Solution Guide \u00e8 la versione da trad climbing del diffuso imbrago sportivo <a href=\"https:\/\/www.sestogrado.it\/it\/prodotto\/black-diamond-solution-imbrago-arrampicata\/\" target=\"_blank\" rel=\"noopener noreferrer\">Solution<\/a>. Il Solution Guide \u00e8 realizzato nell&#8217;ultra robusto tessuto\u00a0Super Fabric\u00ae, particolarmente resistente allo sfregamento.<\/p>\n<p>Il Solution Guide \u00e8 progettato per l&#8217;arrampicata trad o alpinistica, dove \u00e8 richiesto di passare attraverso fessure, camini, direttamente a contatto con la roccia. Possiede la comodit\u00e0 e la vestibilit\u00e0 classica del Solution, unita ad una costruzione iper resistente. La Tecnologia Fusion Comfort\u00a0\u2122 che prevede\u00a0l&#8217;inserimento di tre fettucce all&#8217;interno della struttura ventrale per una migliore ripartizione del carico e riduzione della pressione nei punti sensibili.<\/p>\n<ul>\n<li>costruzione super resistente con tessuto\u00a0Super Fabric\u00ae<\/li>\n<li>cintura ventrale e cosciali realizzati con\u00a0Fusion Comfort Technology\u2122<\/li>\n<li>cosciali elastici per massima aderenza e minimo ingombro<\/li>\n<li>4 portamateriali rigidi<\/li>\n<li>quinto portamateriale per attrezzatura extra<\/li>\n<\/ul>\n<p>Con 4 portamateriali rigidi\u00a0 in gomma pressofusi e un quinto portamateriale aggiuntivo posteriore, il Black Diamond Solution Guide \u00e8 un cavallo da battaglia per l&#8217;arrampicata trad.<\/p>\n<p>&nbsp;<\/p>","protected":false},"excerpt":{"rendered":"<p>Il Black Diamond Solution Guide \u00e8 la versione da trad climbing del diffuso imbrago sportivo Solution. Il Solution Guide \u00e8 [&hellip;]<\/p>\n","protected":false},"featured_media":20193,"comment_status":"open","ping_status":"closed","template":"","meta":{"_acf_changed":false},"product_brand":[121],"product_cat":[182,183],"product_tag":[],"class_list":{"0":"post-203470","1":"product","2":"type-product","3":"status-publish","4":"has-post-thumbnail","6":"product_brand-black-diamond","7":"product_cat-sportivi","8":"product_cat-alpinismo","10":"first","11":"instock","12":"sale","13":"taxable","14":"shipping-taxable","15":"purchasable","16":"product-type-variable"},"acf":[],"yoast_head":"<!-- This site is optimized with the Yoast SEO plugin v26.4 - https:\/\/yoast.com\/wordpress\/plugins\/seo\/ -->\n<title>Black Diamond Solution Guide imbrago arrampicata trad (Copia) - Sestogrado<\/title>\n<meta name=\"description\" content=\"Il Black Diamond Solution Guide \u00e8 la versione da trad climbing del diffuso imbrago sportivo Solution. Il Solution Guide \u00e8 realizzato nell&#039;ultra robusto tessuto\u00a0Super Fabric\u00ae, particolarmente resistente allo sfregamento. Il Solution Guide \u00e8 progettato per l&#039;arrampicata trad o alpinistica.\" \/>\n<meta name=\"robots\" content=\"index, follow, max-snippet:-1, max-image-preview:large, max-video-preview:-1\" \/>\n<link rel=\"canonical\" href=\"https:\/\/www.sestogrado.it\/en\/prodotto\/black-diamond-solution-guide-imbrago-arrampicata-trad\/\" \/>\n<meta property=\"og:locale\" content=\"en_US\" \/>\n<meta property=\"og:type\" content=\"article\" \/>\n<meta property=\"og:title\" content=\"Black Diamond Solution Guide imbrago arrampicata trad (Copia) - Sestogrado\" \/>\n<meta property=\"og:description\" content=\"Il Black Diamond Solution Guide \u00e8 la versione da trad climbing del diffuso imbrago sportivo Solution. Il Solution Guide \u00e8 realizzato nell&#039;ultra robusto tessuto\u00a0Super Fabric\u00ae, particolarmente resistente allo sfregamento. Il Solution Guide \u00e8 progettato per l&#039;arrampicata trad o alpinistica.\" \/>\n<meta property=\"og:url\" content=\"https:\/\/www.sestogrado.it\/en\/prodotto\/black-diamond-solution-guide-imbrago-arrampicata-trad\/\" \/>\n<meta property=\"og:site_name\" content=\"Sestogrado\" \/>\n<meta property=\"article:publisher\" content=\"https:\/\/www.facebook.com\/pages\/Sestogrado\/1542635979353017?ref=bookmarks\" \/>\n<meta property=\"article:modified_time\" content=\"2025-12-17T10:07:40+00:00\" \/>\n<meta property=\"og:image\" content=\"https:\/\/www.sestogrado.it\/wp-content\/uploads\/2019\/03\/sol.jpg\" \/>\n\t<meta property=\"og:image:width\" content=\"1000\" \/>\n\t<meta property=\"og:image:height\" content=\"1000\" \/>\n\t<meta property=\"og:image:type\" content=\"image\/jpeg\" \/>\n<meta name=\"twitter:label1\" content=\"Availability\" \/>\n\t<meta name=\"twitter:data1\" content=\"In stock\" \/>\n<script type=\"application\/ld+json\" class=\"yoast-schema-graph\">{\"@context\":\"https:\/\/schema.org\",\"@graph\":[{\"@type\":\"WebPage\",\"@id\":\"https:\/\/www.sestogrado.it\/en\/prodotto\/black-diamond-solution-guide-imbrago-arrampicata-trad\/\",\"url\":\"https:\/\/www.sestogrado.it\/en\/prodotto\/black-diamond-solution-guide-imbrago-arrampicata-trad\/\",\"name\":\"Black Diamond Solution Guide imbrago arrampicata trad (Copia) - Sestogrado\",\"isPartOf\":{\"@id\":\"https:\/\/www.sestogrado.it\/en\/#website\"},\"primaryImageOfPage\":{\"@id\":\"https:\/\/www.sestogrado.it\/en\/prodotto\/black-diamond-solution-guide-imbrago-arrampicata-trad\/#primaryimage\"},\"image\":{\"@id\":\"https:\/\/www.sestogrado.it\/prodotto\/black-diamond-solution-guide-imbrago-arrampicata-trad\/#primaryimage\"},\"thumbnailUrl\":\"https:\/\/www.sestogrado.it\/wp-content\/uploads\/2019\/03\/sol.jpg\",\"datePublished\":\"2020-11-18T09:58:28+00:00\",\"dateModified\":\"2025-12-17T10:07:40+00:00\",\"description\":\"Il Black Diamond Solution Guide \u00e8 la versione da trad climbing del diffuso imbrago sportivo Solution. Il Solution Guide \u00e8 realizzato nell'ultra robusto tessuto\u00a0Super Fabric\u00ae, particolarmente resistente allo sfregamento. Il Solution Guide \u00e8 progettato per l'arrampicata trad o alpinistica.\",\"breadcrumb\":{\"@id\":\"https:\/\/www.sestogrado.it\/en\/prodotto\/black-diamond-solution-guide-imbrago-arrampicata-trad\/#breadcrumb\"},\"inLanguage\":\"en-US\",\"potentialAction\":[{\"@type\":\"ReadAction\",\"target\":[[\"https:\/\/www.sestogrado.it\/en\/prodotto\/black-diamond-solution-guide-imbrago-arrampicata-trad\/\"]]}]},{\"@type\":\"ImageObject\",\"inLanguage\":\"en-US\",\"@id\":\"https:\/\/www.sestogrado.it\/en\/prodotto\/black-diamond-solution-guide-imbrago-arrampicata-trad\/#primaryimage\",\"url\":\"https:\/\/www.sestogrado.it\/wp-content\/uploads\/2019\/03\/sol.jpg\",\"contentUrl\":\"https:\/\/www.sestogrado.it\/wp-content\/uploads\/2019\/03\/sol.jpg\",\"width\":1000,\"height\":1000,\"caption\":\"black diamond solution guide\"},{\"@type\":\"BreadcrumbList\",\"@id\":\"https:\/\/www.sestogrado.it\/en\/prodotto\/black-diamond-solution-guide-imbrago-arrampicata-trad\/#breadcrumb\",\"itemListElement\":[{\"@type\":\"ListItem\",\"position\":1,\"name\":\"Home\",\"item\":\"https:\/\/www.sestogrado.it\/en\/\"},{\"@type\":\"ListItem\",\"position\":2,\"name\":\"Shop\",\"item\":\"https:\/\/www.sestogrado.it\/en\/shop\/\"},{\"@type\":\"ListItem\",\"position\":3,\"name\":\"Black Diamond Solution Guide versione arrampicata trad\"}]},{\"@type\":\"WebSite\",\"@id\":\"https:\/\/www.sestogrado.it\/en\/#website\",\"url\":\"https:\/\/www.sestogrado.it\/en\/\",\"name\":\"Sestogrado\",\"description\":\"yes we climb\",\"publisher\":{\"@id\":\"https:\/\/www.sestogrado.it\/en\/#organization\"},\"potentialAction\":[{\"@type\":\"SearchAction\",\"target\":{\"@type\":\"EntryPoint\",\"urlTemplate\":\"https:\/\/www.sestogrado.it\/en\/?s={search_term_string}\"},\"query-input\":{\"@type\":\"PropertyValueSpecification\",\"valueRequired\":true,\"valueName\":\"search_term_string\"}}],\"inLanguage\":\"en-US\"},{\"@type\":\"Organization\",\"@id\":\"https:\/\/www.sestogrado.it\/en\/#organization\",\"name\":\"Sestogrado\",\"url\":\"https:\/\/www.sestogrado.it\/en\/\",\"logo\":{\"@type\":\"ImageObject\",\"inLanguage\":\"en-US\",\"@id\":\"https:\/\/www.sestogrado.it\/en\/#\/schema\/logo\/image\/\",\"url\":\"https:\/\/www.sestogrado.it\/wp-content\/uploads\/2015\/03\/sestogrado-favicon.png\",\"contentUrl\":\"https:\/\/www.sestogrado.it\/wp-content\/uploads\/2015\/03\/sestogrado-favicon.png\",\"width\":260,\"height\":260,\"caption\":\"Sestogrado\"},\"image\":{\"@id\":\"https:\/\/www.sestogrado.it\/en\/#\/schema\/logo\/image\/\"},\"sameAs\":[\"https:\/\/www.facebook.com\/pages\/Sestogrado\/1542635979353017?ref=bookmarks\",\"https:\/\/www.youtube.com\/channel\/UC847kAfTkaJsWpc1jtQwr3Q\"],\"hasMerchantReturnPolicy\":{\"@type\":\"MerchantReturnPolicy\",\"merchantReturnLink\":\"https:\/\/www.sestogrado.it\/en\/termini-e-condizioni\/\"}}]}<\/script>\n<meta property=\"product:brand\" content=\"Black Diamond\" \/>\n<meta property=\"og:availability\" content=\"instock\" \/>\n<meta property=\"product:availability\" content=\"instock\" \/>\n<meta property=\"product:condition\" content=\"new\" \/>\n<!-- \/ Yoast SEO plugin. -->","yoast_head_json":{"title":"Black Diamond Solution Guide imbrago arrampicata trad (Copia) - Sestogrado","description":"Il Black Diamond Solution Guide \u00e8 la versione da trad climbing del diffuso imbrago sportivo Solution. Il Solution Guide \u00e8 realizzato nell'ultra robusto tessuto\u00a0Super Fabric\u00ae, particolarmente resistente allo sfregamento. Il Solution Guide \u00e8 progettato per l'arrampicata trad o alpinistica.","robots":{"index":"index","follow":"follow","max-snippet":"max-snippet:-1","max-image-preview":"max-image-preview:large","max-video-preview":"max-video-preview:-1"},"canonical":"https:\/\/www.sestogrado.it\/en\/prodotto\/black-diamond-solution-guide-imbrago-arrampicata-trad\/","og_locale":"en_US","og_type":"article","og_title":"Black Diamond Solution Guide imbrago arrampicata trad (Copia) - Sestogrado","og_description":"Il Black Diamond Solution Guide \u00e8 la versione da trad climbing del diffuso imbrago sportivo Solution. Il Solution Guide \u00e8 realizzato nell'ultra robusto tessuto\u00a0Super Fabric\u00ae, particolarmente resistente allo sfregamento. Il Solution Guide \u00e8 progettato per l'arrampicata trad o alpinistica.","og_url":"https:\/\/www.sestogrado.it\/en\/prodotto\/black-diamond-solution-guide-imbrago-arrampicata-trad\/","og_site_name":"Sestogrado","article_publisher":"https:\/\/www.facebook.com\/pages\/Sestogrado\/1542635979353017?ref=bookmarks","article_modified_time":"2025-12-17T10:07:40+00:00","og_image":[{"width":1000,"height":1000,"url":"https:\/\/www.sestogrado.it\/wp-content\/uploads\/2019\/03\/sol.jpg","type":"image\/jpeg"}],"twitter_misc":{"Availability":"In stock"},"schema":{"@context":"https:\/\/schema.org","@graph":[{"@type":"WebPage","@id":"https:\/\/www.sestogrado.it\/en\/prodotto\/black-diamond-solution-guide-imbrago-arrampicata-trad\/","url":"https:\/\/www.sestogrado.it\/en\/prodotto\/black-diamond-solution-guide-imbrago-arrampicata-trad\/","name":"Black Diamond Solution Guide imbrago arrampicata trad (Copia) - Sestogrado","isPartOf":{"@id":"https:\/\/www.sestogrado.it\/en\/#website"},"primaryImageOfPage":{"@id":"https:\/\/www.sestogrado.it\/en\/prodotto\/black-diamond-solution-guide-imbrago-arrampicata-trad\/#primaryimage"},"image":{"@id":"https:\/\/www.sestogrado.it\/prodotto\/black-diamond-solution-guide-imbrago-arrampicata-trad\/#primaryimage"},"thumbnailUrl":"https:\/\/www.sestogrado.it\/wp-content\/uploads\/2019\/03\/sol.jpg","datePublished":"2020-11-18T09:58:28+00:00","dateModified":"2025-12-17T10:07:40+00:00","description":"Il Black Diamond Solution Guide \u00e8 la versione da trad climbing del diffuso imbrago sportivo Solution. Il Solution Guide \u00e8 realizzato nell'ultra robusto tessuto\u00a0Super Fabric\u00ae, particolarmente resistente allo sfregamento. Il Solution Guide \u00e8 progettato per l'arrampicata trad o alpinistica.","breadcrumb":{"@id":"https:\/\/www.sestogrado.it\/en\/prodotto\/black-diamond-solution-guide-imbrago-arrampicata-trad\/#breadcrumb"},"inLanguage":"en-US","potentialAction":[{"@type":"ReadAction","target":[["https:\/\/www.sestogrado.it\/en\/prodotto\/black-diamond-solution-guide-imbrago-arrampicata-trad\/"]]}]},{"@type":"ImageObject","inLanguage":"en-US","@id":"https:\/\/www.sestogrado.it\/en\/prodotto\/black-diamond-solution-guide-imbrago-arrampicata-trad\/#primaryimage","url":"https:\/\/www.sestogrado.it\/wp-content\/uploads\/2019\/03\/sol.jpg","contentUrl":"https:\/\/www.sestogrado.it\/wp-content\/uploads\/2019\/03\/sol.jpg","width":1000,"height":1000,"caption":"black diamond solution guide"},{"@type":"BreadcrumbList","@id":"https:\/\/www.sestogrado.it\/en\/prodotto\/black-diamond-solution-guide-imbrago-arrampicata-trad\/#breadcrumb","itemListElement":[{"@type":"ListItem","position":1,"name":"Home","item":"https:\/\/www.sestogrado.it\/en\/"},{"@type":"ListItem","position":2,"name":"Shop","item":"https:\/\/www.sestogrado.it\/en\/shop\/"},{"@type":"ListItem","position":3,"name":"Black Diamond Solution Guide versione arrampicata trad"}]},{"@type":"WebSite","@id":"https:\/\/www.sestogrado.it\/en\/#website","url":"https:\/\/www.sestogrado.it\/en\/","name":"Sestogrado","description":"yes we climb","publisher":{"@id":"https:\/\/www.sestogrado.it\/en\/#organization"},"potentialAction":[{"@type":"SearchAction","target":{"@type":"EntryPoint","urlTemplate":"https:\/\/www.sestogrado.it\/en\/?s={search_term_string}"},"query-input":{"@type":"PropertyValueSpecification","valueRequired":true,"valueName":"search_term_string"}}],"inLanguage":"en-US"},{"@type":"Organization","@id":"https:\/\/www.sestogrado.it\/en\/#organization","name":"Sestogrado","url":"https:\/\/www.sestogrado.it\/en\/","logo":{"@type":"ImageObject","inLanguage":"en-US","@id":"https:\/\/www.sestogrado.it\/en\/#\/schema\/logo\/image\/","url":"https:\/\/www.sestogrado.it\/wp-content\/uploads\/2015\/03\/sestogrado-favicon.png","contentUrl":"https:\/\/www.sestogrado.it\/wp-content\/uploads\/2015\/03\/sestogrado-favicon.png","width":260,"height":260,"caption":"Sestogrado"},"image":{"@id":"https:\/\/www.sestogrado.it\/en\/#\/schema\/logo\/image\/"},"sameAs":["https:\/\/www.facebook.com\/pages\/Sestogrado\/1542635979353017?ref=bookmarks","https:\/\/www.youtube.com\/channel\/UC847kAfTkaJsWpc1jtQwr3Q"],"hasMerchantReturnPolicy":{"@type":"MerchantReturnPolicy","merchantReturnLink":"https:\/\/www.sestogrado.it\/en\/termini-e-condizioni\/"}}]},"product_brand":"Black Diamond","og_availability":"instock","product_availability":"instock","product_condition":"new"},"_links":{"self":[{"href":"https:\/\/www.sestogrado.it\/en\/wp-json\/wp\/v2\/product\/203470","targetHints":{"allow":["GET"]}}],"collection":[{"href":"https:\/\/www.sestogrado.it\/en\/wp-json\/wp\/v2\/product"}],"about":[{"href":"https:\/\/www.sestogrado.it\/en\/wp-json\/wp\/v2\/types\/product"}],"replies":[{"embeddable":true,"href":"https:\/\/www.sestogrado.it\/en\/wp-json\/wp\/v2\/comments?post=203470"}],"wp:featuredmedia":[{"embeddable":true,"href":"https:\/\/www.sestogrado.it\/en\/wp-json\/wp\/v2\/media\/20193"}],"wp:attachment":[{"href":"https:\/\/www.sestogrado.it\/en\/wp-json\/wp\/v2\/media?parent=203470"}],"wp:term":[{"taxonomy":"product_brand","embeddable":true,"href":"https:\/\/www.sestogrado.it\/en\/wp-json\/wp\/v2\/product_brand?post=203470"},{"taxonomy":"product_cat","embeddable":true,"href":"https:\/\/www.sestogrado.it\/en\/wp-json\/wp\/v2\/product_cat?post=203470"},{"taxonomy":"product_tag","embeddable":true,"href":"https:\/\/www.sestogrado.it\/en\/wp-json\/wp\/v2\/product_tag?post=203470"}],"curies":[{"name":"wp","href":"https:\/\/api.w.org\/{rel}","templated":true}]}}