{"id":202592,"date":"2025-11-07T10:51:23","date_gmt":"2025-11-07T09:51:23","guid":{"rendered":"https:\/\/www.sestogrado.it\/?post_type=product&#038;p=202592"},"modified":"2026-04-14T09:38:46","modified_gmt":"2026-04-14T07:38:46","slug":"black-diamond-alpine-3-finger-mitts-moffola-a-tre-dita","status":"publish","type":"product","link":"https:\/\/www.sestogrado.it\/en\/prodotto\/black-diamond-alpine-3-finger-mitts-moffola-a-tre-dita\/","title":{"rendered":"Black Diamond Alpine 3-Finger Mitts"},"content":{"rendered":"<p>The ultimate belay mitt, the Alpine 3-Finger Mitts, provide unmatched warmth and added dexterity on the chilliest days.<\/p>\n<p>With a split-finger design for added dexterity, three layers of leather for extra durability, and a plush sherpa fleece lining on the interior backhand, the Alpine 3-Finger Mitts provide unmatched warmth and comfort on the coldest days. Other features include PrimaLoft insulation, a BD.dry insert, and a quick-cinch gauntlet cuff.<\/p>\n<ul>\n<li class=\"metafield-single_line_text_field\">Built with BD.dry\u2122\u2013our engineered waterproof\/breathable\/windproof solution<\/li>\n<li class=\"metafield-single_line_text_field\">BD.dry waterproof\/breathable insert<\/li>\n<li class=\"metafield-single_line_text_field\">100% recycled polyester sherpa fleece lining at interior backhand<\/li>\n<li class=\"metafield-single_line_text_field\">Goatskin leather palm and reinforcement patches<\/li>\n<li class=\"metafield-single_line_text_field\">Dexterous 3-finger fit<\/li>\n<li class=\"metafield-single_line_text_field\">Quick-cinch cuff adjustment<\/li>\n<li class=\"metafield-single_line_text_field\">Carabiner loop<\/li>\n<li class=\"metafield-single_line_text_field\">Pairing clip<\/li>\n<\/ul>\n<p>&nbsp;<\/p>\n<p>&nbsp;<\/p>\n<p><img decoding=\"async\" class=\"size-full wp-image-23609 img-fluid alignnone\" src=\"https:\/\/www.sestogrado.it\/wp-content\/uploads\/2019\/10\/mano.png\" alt=\"mano\" width=\"300\" height=\"300\" srcset=\"https:\/\/www.sestogrado.it\/wp-content\/uploads\/2019\/10\/mano.png 300w, https:\/\/www.sestogrado.it\/wp-content\/uploads\/2019\/10\/mano-100x100.png 100w, https:\/\/www.sestogrado.it\/wp-content\/uploads\/2019\/10\/mano-220x220.png 220w, https:\/\/www.sestogrado.it\/wp-content\/uploads\/2019\/10\/mano-150x150.png 150w, https:\/\/www.sestogrado.it\/wp-content\/uploads\/2019\/10\/mano-45x45.png 45w, https:\/\/www.sestogrado.it\/wp-content\/uploads\/2019\/10\/mano-64x64.png 64w, https:\/\/www.sestogrado.it\/wp-content\/uploads\/2019\/10\/mano-80x80.png 80w\" sizes=\"(max-width: 300px) 100vw, 300px\" \/><\/p>\n<p>&nbsp;<\/p>\n<p>&nbsp;<\/p>\n<p>XS 17.4-19.7cm<\/p>\n<p>S 19.7-21cm<\/p>\n<p>M 21.5-23cm<\/p>\n<p>L 23-24cm<\/p>\n<p>XL 24-26cm<\/p>\n<p>&nbsp;<\/p>\n<p>Black Diamond dal 1957 rappresenta un punto di riferimento mondiale per l\u2019attrezzatura da arrampicata. Ci\u00f2 che all\u2019inizio era una attivit\u00e0 artigianale con incudine e martello oggi si \u00e8 trasformata in una societ\u00e0 globale con uffici in tre continenti. Il segreto di Black Diamond \u00e8 sempre lo stesso: essere una societ\u00e0 formata da appassionati climber. In Black Diamond si continua a sognare su ci\u00f2 che potrebbe essere e si continua ad essere critici su ci\u00f2 che esiste. E\u2019 cos\u00ec che il processo creativo per la realizzazione della migliore attrezzatura da arrampicata non avr\u00e0 mai fine.<\/p>","protected":false},"excerpt":{"rendered":"<p>The ultimate belay mitt, the Alpine 3-Finger Mitts, provide unmatched warmth and added dexterity on the chilliest days. With a [&hellip;]<\/p>\n","protected":false},"featured_media":202598,"comment_status":"open","ping_status":"closed","template":"","meta":{"_acf_changed":false},"product_brand":[121],"product_cat":[1429],"product_tag":[],"class_list":{"0":"post-202592","1":"product","2":"type-product","3":"status-publish","4":"has-post-thumbnail","6":"product_brand-black-diamond","7":"product_cat-hot","9":"first","10":"instock","11":"sale","12":"taxable","13":"shipping-taxable","14":"purchasable","15":"product-type-variable"},"acf":[],"yoast_head":"<!-- This site is optimized with the Yoast SEO plugin v26.4 - https:\/\/yoast.com\/wordpress\/plugins\/seo\/ -->\n<title>Black Diamond Alpine 3-Finger Mitts - Sestogrado<\/title>\n<meta name=\"description\" content=\"Con un design a tre dita separate per una maggiore destrezza, tre strati di pelle per una durata superiore e una morbida fodera in pile sherpa sul dorso della mano, i guanti Alpine 3-Finger Mitts offrono un calore e un comfort impareggiabili anche nelle giornate pi\u00f9 fredde. Altre caratteristiche includono l\u2019isolamento PrimaLoft, l\u2019inserto BD.dry e il polsino con chiusura rapida a coulisse.\" \/>\n<meta name=\"robots\" content=\"index, follow, max-snippet:-1, max-image-preview:large, max-video-preview:-1\" \/>\n<link rel=\"canonical\" href=\"https:\/\/www.sestogrado.it\/en\/prodotto\/black-diamond-alpine-3-finger-mitts-moffola-a-tre-dita\/\" \/>\n<meta property=\"og:locale\" content=\"en_US\" \/>\n<meta property=\"og:type\" content=\"article\" \/>\n<meta property=\"og:title\" content=\"Black Diamond Alpine 3-Finger Mitts - Sestogrado\" \/>\n<meta property=\"og:description\" content=\"Con un design a tre dita separate per una maggiore destrezza, tre strati di pelle per una durata superiore e una morbida fodera in pile sherpa sul dorso della mano, i guanti Alpine 3-Finger Mitts offrono un calore e un comfort impareggiabili anche nelle giornate pi\u00f9 fredde. Altre caratteristiche includono l\u2019isolamento PrimaLoft, l\u2019inserto BD.dry e il polsino con chiusura rapida a coulisse.\" \/>\n<meta property=\"og:url\" content=\"https:\/\/www.sestogrado.it\/en\/prodotto\/black-diamond-alpine-3-finger-mitts-moffola-a-tre-dita\/\" \/>\n<meta property=\"og:site_name\" content=\"Sestogrado\" \/>\n<meta property=\"article:publisher\" content=\"https:\/\/www.facebook.com\/pages\/Sestogrado\/1542635979353017?ref=bookmarks\" \/>\n<meta property=\"article:modified_time\" content=\"2026-04-14T07:38:46+00:00\" \/>\n<meta property=\"og:image\" content=\"https:\/\/www.sestogrado.it\/wp-content\/uploads\/2025\/11\/01-2.jpg\" \/>\n\t<meta property=\"og:image:width\" content=\"1200\" \/>\n\t<meta property=\"og:image:height\" content=\"1200\" \/>\n\t<meta property=\"og:image:type\" content=\"image\/jpeg\" \/>\n<meta name=\"twitter:label1\" content=\"Availability\" \/>\n\t<meta name=\"twitter:data1\" content=\"In stock\" \/>\n<script type=\"application\/ld+json\" class=\"yoast-schema-graph\">{\"@context\":\"https:\/\/schema.org\",\"@graph\":[{\"@type\":\"WebPage\",\"@id\":\"https:\/\/www.sestogrado.it\/en\/prodotto\/black-diamond-alpine-3-finger-mitts-moffola-a-tre-dita\/\",\"url\":\"https:\/\/www.sestogrado.it\/en\/prodotto\/black-diamond-alpine-3-finger-mitts-moffola-a-tre-dita\/\",\"name\":\"Black Diamond Alpine 3-Finger Mitts - Sestogrado\",\"isPartOf\":{\"@id\":\"https:\/\/www.sestogrado.it\/en\/#website\"},\"primaryImageOfPage\":{\"@id\":\"https:\/\/www.sestogrado.it\/en\/prodotto\/black-diamond-alpine-3-finger-mitts-moffola-a-tre-dita\/#primaryimage\"},\"image\":{\"@id\":\"https:\/\/www.sestogrado.it\/prodotto\/black-diamond-alpine-3-finger-mitts-moffola-a-tre-dita\/#primaryimage\"},\"thumbnailUrl\":\"https:\/\/www.sestogrado.it\/wp-content\/uploads\/2025\/11\/01-2.jpg\",\"datePublished\":\"2025-11-07T09:51:23+00:00\",\"dateModified\":\"2026-04-14T07:38:46+00:00\",\"description\":\"Con un design a tre dita separate per una maggiore destrezza, tre strati di pelle per una durata superiore e una morbida fodera in pile sherpa sul dorso della mano, i guanti Alpine 3-Finger Mitts offrono un calore e un comfort impareggiabili anche nelle giornate pi\u00f9 fredde. Altre caratteristiche includono l\u2019isolamento PrimaLoft, l\u2019inserto BD.dry e il polsino con chiusura rapida a coulisse.\",\"breadcrumb\":{\"@id\":\"https:\/\/www.sestogrado.it\/en\/prodotto\/black-diamond-alpine-3-finger-mitts-moffola-a-tre-dita\/#breadcrumb\"},\"inLanguage\":\"en-US\",\"potentialAction\":[{\"@type\":\"ReadAction\",\"target\":[[\"https:\/\/www.sestogrado.it\/en\/prodotto\/black-diamond-alpine-3-finger-mitts-moffola-a-tre-dita\/\"]]}]},{\"@type\":\"ImageObject\",\"inLanguage\":\"en-US\",\"@id\":\"https:\/\/www.sestogrado.it\/en\/prodotto\/black-diamond-alpine-3-finger-mitts-moffola-a-tre-dita\/#primaryimage\",\"url\":\"https:\/\/www.sestogrado.it\/wp-content\/uploads\/2025\/11\/01-2.jpg\",\"contentUrl\":\"https:\/\/www.sestogrado.it\/wp-content\/uploads\/2025\/11\/01-2.jpg\",\"width\":1200,\"height\":1200,\"caption\":\"alpine 3 fingers\"},{\"@type\":\"BreadcrumbList\",\"@id\":\"https:\/\/www.sestogrado.it\/en\/prodotto\/black-diamond-alpine-3-finger-mitts-moffola-a-tre-dita\/#breadcrumb\",\"itemListElement\":[{\"@type\":\"ListItem\",\"position\":1,\"name\":\"Home\",\"item\":\"https:\/\/www.sestogrado.it\/en\/\"},{\"@type\":\"ListItem\",\"position\":2,\"name\":\"Shop\",\"item\":\"https:\/\/www.sestogrado.it\/en\/shop\/\"},{\"@type\":\"ListItem\",\"position\":3,\"name\":\"Black Diamond Alpine 3 Finger Mitts moffola a tre dita\"}]},{\"@type\":\"WebSite\",\"@id\":\"https:\/\/www.sestogrado.it\/en\/#website\",\"url\":\"https:\/\/www.sestogrado.it\/en\/\",\"name\":\"Sestogrado\",\"description\":\"yes we climb\",\"publisher\":{\"@id\":\"https:\/\/www.sestogrado.it\/en\/#organization\"},\"potentialAction\":[{\"@type\":\"SearchAction\",\"target\":{\"@type\":\"EntryPoint\",\"urlTemplate\":\"https:\/\/www.sestogrado.it\/en\/?s={search_term_string}\"},\"query-input\":{\"@type\":\"PropertyValueSpecification\",\"valueRequired\":true,\"valueName\":\"search_term_string\"}}],\"inLanguage\":\"en-US\"},{\"@type\":\"Organization\",\"@id\":\"https:\/\/www.sestogrado.it\/en\/#organization\",\"name\":\"Sestogrado\",\"url\":\"https:\/\/www.sestogrado.it\/en\/\",\"logo\":{\"@type\":\"ImageObject\",\"inLanguage\":\"en-US\",\"@id\":\"https:\/\/www.sestogrado.it\/en\/#\/schema\/logo\/image\/\",\"url\":\"https:\/\/www.sestogrado.it\/wp-content\/uploads\/2015\/03\/sestogrado-favicon.png\",\"contentUrl\":\"https:\/\/www.sestogrado.it\/wp-content\/uploads\/2015\/03\/sestogrado-favicon.png\",\"width\":260,\"height\":260,\"caption\":\"Sestogrado\"},\"image\":{\"@id\":\"https:\/\/www.sestogrado.it\/en\/#\/schema\/logo\/image\/\"},\"sameAs\":[\"https:\/\/www.facebook.com\/pages\/Sestogrado\/1542635979353017?ref=bookmarks\",\"https:\/\/www.youtube.com\/channel\/UC847kAfTkaJsWpc1jtQwr3Q\"],\"hasMerchantReturnPolicy\":{\"@type\":\"MerchantReturnPolicy\",\"merchantReturnLink\":\"https:\/\/www.sestogrado.it\/en\/termini-e-condizioni\/\"}}]}<\/script>\n<meta property=\"product:brand\" content=\"Black Diamond\" \/>\n<meta property=\"og:availability\" content=\"instock\" \/>\n<meta property=\"product:availability\" content=\"instock\" \/>\n<meta property=\"product:condition\" content=\"new\" \/>\n<!-- \/ Yoast SEO plugin. -->","yoast_head_json":{"title":"Black Diamond Alpine 3-Finger Mitts - Sestogrado","description":"Con un design a tre dita separate per una maggiore destrezza, tre strati di pelle per una durata superiore e una morbida fodera in pile sherpa sul dorso della mano, i guanti Alpine 3-Finger Mitts offrono un calore e un comfort impareggiabili anche nelle giornate pi\u00f9 fredde. Altre caratteristiche includono l\u2019isolamento PrimaLoft, l\u2019inserto BD.dry e il polsino con chiusura rapida a coulisse.","robots":{"index":"index","follow":"follow","max-snippet":"max-snippet:-1","max-image-preview":"max-image-preview:large","max-video-preview":"max-video-preview:-1"},"canonical":"https:\/\/www.sestogrado.it\/en\/prodotto\/black-diamond-alpine-3-finger-mitts-moffola-a-tre-dita\/","og_locale":"en_US","og_type":"article","og_title":"Black Diamond Alpine 3-Finger Mitts - Sestogrado","og_description":"Con un design a tre dita separate per una maggiore destrezza, tre strati di pelle per una durata superiore e una morbida fodera in pile sherpa sul dorso della mano, i guanti Alpine 3-Finger Mitts offrono un calore e un comfort impareggiabili anche nelle giornate pi\u00f9 fredde. Altre caratteristiche includono l\u2019isolamento PrimaLoft, l\u2019inserto BD.dry e il polsino con chiusura rapida a coulisse.","og_url":"https:\/\/www.sestogrado.it\/en\/prodotto\/black-diamond-alpine-3-finger-mitts-moffola-a-tre-dita\/","og_site_name":"Sestogrado","article_publisher":"https:\/\/www.facebook.com\/pages\/Sestogrado\/1542635979353017?ref=bookmarks","article_modified_time":"2026-04-14T07:38:46+00:00","og_image":[{"width":1200,"height":1200,"url":"https:\/\/www.sestogrado.it\/wp-content\/uploads\/2025\/11\/01-2.jpg","type":"image\/jpeg"}],"twitter_misc":{"Availability":"In stock"},"schema":{"@context":"https:\/\/schema.org","@graph":[{"@type":"WebPage","@id":"https:\/\/www.sestogrado.it\/en\/prodotto\/black-diamond-alpine-3-finger-mitts-moffola-a-tre-dita\/","url":"https:\/\/www.sestogrado.it\/en\/prodotto\/black-diamond-alpine-3-finger-mitts-moffola-a-tre-dita\/","name":"Black Diamond Alpine 3-Finger Mitts - Sestogrado","isPartOf":{"@id":"https:\/\/www.sestogrado.it\/en\/#website"},"primaryImageOfPage":{"@id":"https:\/\/www.sestogrado.it\/en\/prodotto\/black-diamond-alpine-3-finger-mitts-moffola-a-tre-dita\/#primaryimage"},"image":{"@id":"https:\/\/www.sestogrado.it\/prodotto\/black-diamond-alpine-3-finger-mitts-moffola-a-tre-dita\/#primaryimage"},"thumbnailUrl":"https:\/\/www.sestogrado.it\/wp-content\/uploads\/2025\/11\/01-2.jpg","datePublished":"2025-11-07T09:51:23+00:00","dateModified":"2026-04-14T07:38:46+00:00","description":"Con un design a tre dita separate per una maggiore destrezza, tre strati di pelle per una durata superiore e una morbida fodera in pile sherpa sul dorso della mano, i guanti Alpine 3-Finger Mitts offrono un calore e un comfort impareggiabili anche nelle giornate pi\u00f9 fredde. Altre caratteristiche includono l\u2019isolamento PrimaLoft, l\u2019inserto BD.dry e il polsino con chiusura rapida a coulisse.","breadcrumb":{"@id":"https:\/\/www.sestogrado.it\/en\/prodotto\/black-diamond-alpine-3-finger-mitts-moffola-a-tre-dita\/#breadcrumb"},"inLanguage":"en-US","potentialAction":[{"@type":"ReadAction","target":[["https:\/\/www.sestogrado.it\/en\/prodotto\/black-diamond-alpine-3-finger-mitts-moffola-a-tre-dita\/"]]}]},{"@type":"ImageObject","inLanguage":"en-US","@id":"https:\/\/www.sestogrado.it\/en\/prodotto\/black-diamond-alpine-3-finger-mitts-moffola-a-tre-dita\/#primaryimage","url":"https:\/\/www.sestogrado.it\/wp-content\/uploads\/2025\/11\/01-2.jpg","contentUrl":"https:\/\/www.sestogrado.it\/wp-content\/uploads\/2025\/11\/01-2.jpg","width":1200,"height":1200,"caption":"alpine 3 fingers"},{"@type":"BreadcrumbList","@id":"https:\/\/www.sestogrado.it\/en\/prodotto\/black-diamond-alpine-3-finger-mitts-moffola-a-tre-dita\/#breadcrumb","itemListElement":[{"@type":"ListItem","position":1,"name":"Home","item":"https:\/\/www.sestogrado.it\/en\/"},{"@type":"ListItem","position":2,"name":"Shop","item":"https:\/\/www.sestogrado.it\/en\/shop\/"},{"@type":"ListItem","position":3,"name":"Black Diamond Alpine 3 Finger Mitts moffola a tre dita"}]},{"@type":"WebSite","@id":"https:\/\/www.sestogrado.it\/en\/#website","url":"https:\/\/www.sestogrado.it\/en\/","name":"Sestogrado","description":"yes we climb","publisher":{"@id":"https:\/\/www.sestogrado.it\/en\/#organization"},"potentialAction":[{"@type":"SearchAction","target":{"@type":"EntryPoint","urlTemplate":"https:\/\/www.sestogrado.it\/en\/?s={search_term_string}"},"query-input":{"@type":"PropertyValueSpecification","valueRequired":true,"valueName":"search_term_string"}}],"inLanguage":"en-US"},{"@type":"Organization","@id":"https:\/\/www.sestogrado.it\/en\/#organization","name":"Sestogrado","url":"https:\/\/www.sestogrado.it\/en\/","logo":{"@type":"ImageObject","inLanguage":"en-US","@id":"https:\/\/www.sestogrado.it\/en\/#\/schema\/logo\/image\/","url":"https:\/\/www.sestogrado.it\/wp-content\/uploads\/2015\/03\/sestogrado-favicon.png","contentUrl":"https:\/\/www.sestogrado.it\/wp-content\/uploads\/2015\/03\/sestogrado-favicon.png","width":260,"height":260,"caption":"Sestogrado"},"image":{"@id":"https:\/\/www.sestogrado.it\/en\/#\/schema\/logo\/image\/"},"sameAs":["https:\/\/www.facebook.com\/pages\/Sestogrado\/1542635979353017?ref=bookmarks","https:\/\/www.youtube.com\/channel\/UC847kAfTkaJsWpc1jtQwr3Q"],"hasMerchantReturnPolicy":{"@type":"MerchantReturnPolicy","merchantReturnLink":"https:\/\/www.sestogrado.it\/en\/termini-e-condizioni\/"}}]},"product_brand":"Black Diamond","og_availability":"instock","product_availability":"instock","product_condition":"new"},"_links":{"self":[{"href":"https:\/\/www.sestogrado.it\/en\/wp-json\/wp\/v2\/product\/202592","targetHints":{"allow":["GET"]}}],"collection":[{"href":"https:\/\/www.sestogrado.it\/en\/wp-json\/wp\/v2\/product"}],"about":[{"href":"https:\/\/www.sestogrado.it\/en\/wp-json\/wp\/v2\/types\/product"}],"replies":[{"embeddable":true,"href":"https:\/\/www.sestogrado.it\/en\/wp-json\/wp\/v2\/comments?post=202592"}],"wp:featuredmedia":[{"embeddable":true,"href":"https:\/\/www.sestogrado.it\/en\/wp-json\/wp\/v2\/media\/202598"}],"wp:attachment":[{"href":"https:\/\/www.sestogrado.it\/en\/wp-json\/wp\/v2\/media?parent=202592"}],"wp:term":[{"taxonomy":"product_brand","embeddable":true,"href":"https:\/\/www.sestogrado.it\/en\/wp-json\/wp\/v2\/product_brand?post=202592"},{"taxonomy":"product_cat","embeddable":true,"href":"https:\/\/www.sestogrado.it\/en\/wp-json\/wp\/v2\/product_cat?post=202592"},{"taxonomy":"product_tag","embeddable":true,"href":"https:\/\/www.sestogrado.it\/en\/wp-json\/wp\/v2\/product_tag?post=202592"}],"curies":[{"name":"wp","href":"https:\/\/api.w.org\/{rel}","templated":true}]}}