{"id":202545,"date":"2025-11-05T09:08:43","date_gmt":"2025-11-05T08:08:43","guid":{"rendered":"https:\/\/www.sestogrado.it\/?post_type=product&#038;p=202545"},"modified":"2026-04-13T12:27:28","modified_gmt":"2026-04-13T10:27:28","slug":"blue-ice-akila-lt-piccozza-alpinismo","status":"publish","type":"product","link":"https:\/\/www.sestogrado.it\/en\/prodotto\/blue-ice-akila-lt-piccozza-alpinismo\/","title":{"rendered":"Blue Ice Akila LT piccozza alpinismo"},"content":{"rendered":"<p>La Blue Ice Akila \u00e8 la prima piccozza con omologazione B\/Type 1 a raggiungere un cos\u00ec alto livello tecnico nella categoria delle piccozze ultraleggere. La forma della sua testa ergonomica in acciaio al cromo \u00e8 studiata per fornire un ancoraggio ottimale a prescindere dal tipo di superficie. La sua paletta ha una lama sufficientemente ampia per scavare e pulire la neve. L&#8217;Akila \u00e8 corta (49cm), ultraleggera (330g) e compatta per essere facilmente agganciata esternamente o inserita dentro lo zaino. E&#8217; l&#8217;attrezzo ideale per utilizzo intensivo, disponibile sia in versione paletta, sia martello. Pomello e protezioni incluse.<\/p>\n<ul>\n<li>testa ergonomica in acciaio al cromo<\/li>\n<li>manico curvo\u00a0 in alluminio sabbiato<\/li>\n<li>manico con grip a doppio texture<\/li>\n<li>protezioni per puntale, punta e paletta incluse<\/li>\n<li>peso: 330g<\/li>\n<li>lunghezza: 49cm<\/li>\n<li>Type 1\/B<\/li>\n<li>Conforme a normativa CE \/ EN 13 089<\/li>\n<li>Progettata e prodotta a Chamonix-Mont-Blanc<\/li>\n<\/ul>\n<p>&nbsp;<\/p>\n<p>La Blue Ice Akila \u00e8 la piccozza ideale per gli alpinisti che vogliono scalare veloci con un attrezzo molto tecnico e robusto.<\/p>\n<p>&nbsp;<\/p>\n<p>Blue Ice \u00e8 un\u2019azienda con sede a Chamonix che produce solo articoli da alpinismo di alta qualit\u00e0. Gli zaini Blue Ice sono dedicati ad un alpinismo tecnico e di alto livello. Inizialmente era semplicemente una questione di vivere la nostra passione al massimo: arrampicare, sciare, esplorare o semplicemente entrare in contatto con noi stessi e le montagne \u2026 prima di estendere questo progetto a tutti gli amanti delle vette l\u00e0 fuori.<\/p>","protected":false},"excerpt":{"rendered":"<p>La Blue Ice Akila \u00e8 la prima piccozza con omologazione B\/Type 1 a raggiungere un cos\u00ec alto livello tecnico nella [&hellip;]<\/p>\n","protected":false},"featured_media":202548,"comment_status":"open","ping_status":"closed","template":"","meta":{"_acf_changed":false},"product_brand":[641],"product_cat":[152],"product_tag":[],"class_list":{"0":"post-202545","1":"product","2":"type-product","3":"status-publish","4":"has-post-thumbnail","6":"product_brand-blue-ice","7":"product_cat-piccozze","9":"first","10":"instock","11":"sale","12":"taxable","13":"shipping-taxable","14":"purchasable","15":"product-type-variable"},"acf":[],"yoast_head":"<!-- This site is optimized with the Yoast SEO plugin v26.4 - https:\/\/yoast.com\/wordpress\/plugins\/seo\/ -->\n<title>Blue Ice Akila LT piccozza alpinismo - Sestogrado<\/title>\n<meta name=\"description\" content=\"La Blue Ice Akila LT \u00e8 la versione pi\u00f9 leggera e corta dell&#039;Akila. Progettata specificamente per un utilizzo efficiente come piccozza da sci, mantiene la stessa testa tecnica della versione pi\u00f9 lunga, disponibile sia con martello che con paletta, ma con un manico pi\u00f9 corto da 43 cm per adattarsi perfettamente allo zaino.Il manico \u00e8 tagliato diagonalmente alla base, consentendone l&#039;utilizzo anche come puntale, ed \u00e8 dotato di un foro per il fissaggio di un leash. Il pomello tecnico integrato offre un appoggio leggero e versatile, offrendo una presa salda e un controllo ottimale durante le salite tecniche.\" \/>\n<meta name=\"robots\" content=\"index, follow, max-snippet:-1, max-image-preview:large, max-video-preview:-1\" \/>\n<link rel=\"canonical\" href=\"https:\/\/www.sestogrado.it\/en\/prodotto\/blue-ice-akila-lt-piccozza-alpinismo\/\" \/>\n<meta property=\"og:locale\" content=\"en_US\" \/>\n<meta property=\"og:type\" content=\"article\" \/>\n<meta property=\"og:title\" content=\"Blue Ice Akila LT piccozza alpinismo - Sestogrado\" \/>\n<meta property=\"og:description\" content=\"La Blue Ice Akila LT \u00e8 la versione pi\u00f9 leggera e corta dell&#039;Akila. Progettata specificamente per un utilizzo efficiente come piccozza da sci, mantiene la stessa testa tecnica della versione pi\u00f9 lunga, disponibile sia con martello che con paletta, ma con un manico pi\u00f9 corto da 43 cm per adattarsi perfettamente allo zaino.Il manico \u00e8 tagliato diagonalmente alla base, consentendone l&#039;utilizzo anche come puntale, ed \u00e8 dotato di un foro per il fissaggio di un leash. Il pomello tecnico integrato offre un appoggio leggero e versatile, offrendo una presa salda e un controllo ottimale durante le salite tecniche.\" \/>\n<meta property=\"og:url\" content=\"https:\/\/www.sestogrado.it\/en\/prodotto\/blue-ice-akila-lt-piccozza-alpinismo\/\" \/>\n<meta property=\"og:site_name\" content=\"Sestogrado\" \/>\n<meta property=\"article:publisher\" content=\"https:\/\/www.facebook.com\/pages\/Sestogrado\/1542635979353017?ref=bookmarks\" \/>\n<meta property=\"article:modified_time\" content=\"2026-04-13T10:27:28+00:00\" \/>\n<meta property=\"og:image\" content=\"https:\/\/www.sestogrado.it\/wp-content\/uploads\/2025\/11\/01-1.jpg\" \/>\n\t<meta property=\"og:image:width\" content=\"1600\" \/>\n\t<meta property=\"og:image:height\" content=\"1600\" \/>\n\t<meta property=\"og:image:type\" content=\"image\/jpeg\" \/>\n<meta name=\"twitter:label1\" content=\"Availability\" \/>\n\t<meta name=\"twitter:data1\" content=\"In stock\" \/>\n<script type=\"application\/ld+json\" class=\"yoast-schema-graph\">{\"@context\":\"https:\/\/schema.org\",\"@graph\":[{\"@type\":\"WebPage\",\"@id\":\"https:\/\/www.sestogrado.it\/en\/prodotto\/blue-ice-akila-lt-piccozza-alpinismo\/\",\"url\":\"https:\/\/www.sestogrado.it\/en\/prodotto\/blue-ice-akila-lt-piccozza-alpinismo\/\",\"name\":\"Blue Ice Akila LT piccozza alpinismo - Sestogrado\",\"isPartOf\":{\"@id\":\"https:\/\/www.sestogrado.it\/en\/#website\"},\"primaryImageOfPage\":{\"@id\":\"https:\/\/www.sestogrado.it\/en\/prodotto\/blue-ice-akila-lt-piccozza-alpinismo\/#primaryimage\"},\"image\":{\"@id\":\"https:\/\/www.sestogrado.it\/prodotto\/blue-ice-akila-lt-piccozza-alpinismo\/#primaryimage\"},\"thumbnailUrl\":\"https:\/\/www.sestogrado.it\/wp-content\/uploads\/2025\/11\/01-1.jpg\",\"datePublished\":\"2025-11-05T08:08:43+00:00\",\"dateModified\":\"2026-04-13T10:27:28+00:00\",\"description\":\"La Blue Ice Akila LT \u00e8 la versione pi\u00f9 leggera e corta dell'Akila. Progettata specificamente per un utilizzo efficiente come piccozza da sci, mantiene la stessa testa tecnica della versione pi\u00f9 lunga, disponibile sia con martello che con paletta, ma con un manico pi\u00f9 corto da 43 cm per adattarsi perfettamente allo zaino.Il manico \u00e8 tagliato diagonalmente alla base, consentendone l'utilizzo anche come puntale, ed \u00e8 dotato di un foro per il fissaggio di un leash. Il pomello tecnico integrato offre un appoggio leggero e versatile, offrendo una presa salda e un controllo ottimale durante le salite tecniche.\",\"breadcrumb\":{\"@id\":\"https:\/\/www.sestogrado.it\/en\/prodotto\/blue-ice-akila-lt-piccozza-alpinismo\/#breadcrumb\"},\"inLanguage\":\"en-US\",\"potentialAction\":[{\"@type\":\"ReadAction\",\"target\":[[\"https:\/\/www.sestogrado.it\/en\/prodotto\/blue-ice-akila-lt-piccozza-alpinismo\/\"]]}]},{\"@type\":\"ImageObject\",\"inLanguage\":\"en-US\",\"@id\":\"https:\/\/www.sestogrado.it\/en\/prodotto\/blue-ice-akila-lt-piccozza-alpinismo\/#primaryimage\",\"url\":\"https:\/\/www.sestogrado.it\/wp-content\/uploads\/2025\/11\/01-1.jpg\",\"contentUrl\":\"https:\/\/www.sestogrado.it\/wp-content\/uploads\/2025\/11\/01-1.jpg\",\"width\":1600,\"height\":1600,\"caption\":\"akila lt paletta\"},{\"@type\":\"BreadcrumbList\",\"@id\":\"https:\/\/www.sestogrado.it\/en\/prodotto\/blue-ice-akila-lt-piccozza-alpinismo\/#breadcrumb\",\"itemListElement\":[{\"@type\":\"ListItem\",\"position\":1,\"name\":\"Home\",\"item\":\"https:\/\/www.sestogrado.it\/en\/\"},{\"@type\":\"ListItem\",\"position\":2,\"name\":\"Shop\",\"item\":\"https:\/\/www.sestogrado.it\/en\/shop\/\"},{\"@type\":\"ListItem\",\"position\":3,\"name\":\"Blue Ice Akila LT piccozza alpinismo scialpinismo\"}]},{\"@type\":\"WebSite\",\"@id\":\"https:\/\/www.sestogrado.it\/en\/#website\",\"url\":\"https:\/\/www.sestogrado.it\/en\/\",\"name\":\"Sestogrado\",\"description\":\"yes we climb\",\"publisher\":{\"@id\":\"https:\/\/www.sestogrado.it\/en\/#organization\"},\"potentialAction\":[{\"@type\":\"SearchAction\",\"target\":{\"@type\":\"EntryPoint\",\"urlTemplate\":\"https:\/\/www.sestogrado.it\/en\/?s={search_term_string}\"},\"query-input\":{\"@type\":\"PropertyValueSpecification\",\"valueRequired\":true,\"valueName\":\"search_term_string\"}}],\"inLanguage\":\"en-US\"},{\"@type\":\"Organization\",\"@id\":\"https:\/\/www.sestogrado.it\/en\/#organization\",\"name\":\"Sestogrado\",\"url\":\"https:\/\/www.sestogrado.it\/en\/\",\"logo\":{\"@type\":\"ImageObject\",\"inLanguage\":\"en-US\",\"@id\":\"https:\/\/www.sestogrado.it\/en\/#\/schema\/logo\/image\/\",\"url\":\"https:\/\/www.sestogrado.it\/wp-content\/uploads\/2015\/03\/sestogrado-favicon.png\",\"contentUrl\":\"https:\/\/www.sestogrado.it\/wp-content\/uploads\/2015\/03\/sestogrado-favicon.png\",\"width\":260,\"height\":260,\"caption\":\"Sestogrado\"},\"image\":{\"@id\":\"https:\/\/www.sestogrado.it\/en\/#\/schema\/logo\/image\/\"},\"sameAs\":[\"https:\/\/www.facebook.com\/pages\/Sestogrado\/1542635979353017?ref=bookmarks\",\"https:\/\/www.youtube.com\/channel\/UC847kAfTkaJsWpc1jtQwr3Q\"],\"hasMerchantReturnPolicy\":{\"@type\":\"MerchantReturnPolicy\",\"merchantReturnLink\":\"https:\/\/www.sestogrado.it\/en\/termini-e-condizioni\/\"}}]}<\/script>\n<meta property=\"product:brand\" content=\"Blue Ice\" \/>\n<meta property=\"og:availability\" content=\"instock\" \/>\n<meta property=\"product:availability\" content=\"instock\" \/>\n<meta property=\"product:condition\" content=\"new\" \/>\n<!-- \/ Yoast SEO plugin. -->","yoast_head_json":{"title":"Blue Ice Akila LT piccozza alpinismo - Sestogrado","description":"La Blue Ice Akila LT \u00e8 la versione pi\u00f9 leggera e corta dell'Akila. Progettata specificamente per un utilizzo efficiente come piccozza da sci, mantiene la stessa testa tecnica della versione pi\u00f9 lunga, disponibile sia con martello che con paletta, ma con un manico pi\u00f9 corto da 43 cm per adattarsi perfettamente allo zaino.Il manico \u00e8 tagliato diagonalmente alla base, consentendone l'utilizzo anche come puntale, ed \u00e8 dotato di un foro per il fissaggio di un leash. Il pomello tecnico integrato offre un appoggio leggero e versatile, offrendo una presa salda e un controllo ottimale durante le salite tecniche.","robots":{"index":"index","follow":"follow","max-snippet":"max-snippet:-1","max-image-preview":"max-image-preview:large","max-video-preview":"max-video-preview:-1"},"canonical":"https:\/\/www.sestogrado.it\/en\/prodotto\/blue-ice-akila-lt-piccozza-alpinismo\/","og_locale":"en_US","og_type":"article","og_title":"Blue Ice Akila LT piccozza alpinismo - Sestogrado","og_description":"La Blue Ice Akila LT \u00e8 la versione pi\u00f9 leggera e corta dell'Akila. Progettata specificamente per un utilizzo efficiente come piccozza da sci, mantiene la stessa testa tecnica della versione pi\u00f9 lunga, disponibile sia con martello che con paletta, ma con un manico pi\u00f9 corto da 43 cm per adattarsi perfettamente allo zaino.Il manico \u00e8 tagliato diagonalmente alla base, consentendone l'utilizzo anche come puntale, ed \u00e8 dotato di un foro per il fissaggio di un leash. Il pomello tecnico integrato offre un appoggio leggero e versatile, offrendo una presa salda e un controllo ottimale durante le salite tecniche.","og_url":"https:\/\/www.sestogrado.it\/en\/prodotto\/blue-ice-akila-lt-piccozza-alpinismo\/","og_site_name":"Sestogrado","article_publisher":"https:\/\/www.facebook.com\/pages\/Sestogrado\/1542635979353017?ref=bookmarks","article_modified_time":"2026-04-13T10:27:28+00:00","og_image":[{"width":1600,"height":1600,"url":"https:\/\/www.sestogrado.it\/wp-content\/uploads\/2025\/11\/01-1.jpg","type":"image\/jpeg"}],"twitter_misc":{"Availability":"In stock"},"schema":{"@context":"https:\/\/schema.org","@graph":[{"@type":"WebPage","@id":"https:\/\/www.sestogrado.it\/en\/prodotto\/blue-ice-akila-lt-piccozza-alpinismo\/","url":"https:\/\/www.sestogrado.it\/en\/prodotto\/blue-ice-akila-lt-piccozza-alpinismo\/","name":"Blue Ice Akila LT piccozza alpinismo - Sestogrado","isPartOf":{"@id":"https:\/\/www.sestogrado.it\/en\/#website"},"primaryImageOfPage":{"@id":"https:\/\/www.sestogrado.it\/en\/prodotto\/blue-ice-akila-lt-piccozza-alpinismo\/#primaryimage"},"image":{"@id":"https:\/\/www.sestogrado.it\/prodotto\/blue-ice-akila-lt-piccozza-alpinismo\/#primaryimage"},"thumbnailUrl":"https:\/\/www.sestogrado.it\/wp-content\/uploads\/2025\/11\/01-1.jpg","datePublished":"2025-11-05T08:08:43+00:00","dateModified":"2026-04-13T10:27:28+00:00","description":"La Blue Ice Akila LT \u00e8 la versione pi\u00f9 leggera e corta dell'Akila. Progettata specificamente per un utilizzo efficiente come piccozza da sci, mantiene la stessa testa tecnica della versione pi\u00f9 lunga, disponibile sia con martello che con paletta, ma con un manico pi\u00f9 corto da 43 cm per adattarsi perfettamente allo zaino.Il manico \u00e8 tagliato diagonalmente alla base, consentendone l'utilizzo anche come puntale, ed \u00e8 dotato di un foro per il fissaggio di un leash. Il pomello tecnico integrato offre un appoggio leggero e versatile, offrendo una presa salda e un controllo ottimale durante le salite tecniche.","breadcrumb":{"@id":"https:\/\/www.sestogrado.it\/en\/prodotto\/blue-ice-akila-lt-piccozza-alpinismo\/#breadcrumb"},"inLanguage":"en-US","potentialAction":[{"@type":"ReadAction","target":[["https:\/\/www.sestogrado.it\/en\/prodotto\/blue-ice-akila-lt-piccozza-alpinismo\/"]]}]},{"@type":"ImageObject","inLanguage":"en-US","@id":"https:\/\/www.sestogrado.it\/en\/prodotto\/blue-ice-akila-lt-piccozza-alpinismo\/#primaryimage","url":"https:\/\/www.sestogrado.it\/wp-content\/uploads\/2025\/11\/01-1.jpg","contentUrl":"https:\/\/www.sestogrado.it\/wp-content\/uploads\/2025\/11\/01-1.jpg","width":1600,"height":1600,"caption":"akila lt paletta"},{"@type":"BreadcrumbList","@id":"https:\/\/www.sestogrado.it\/en\/prodotto\/blue-ice-akila-lt-piccozza-alpinismo\/#breadcrumb","itemListElement":[{"@type":"ListItem","position":1,"name":"Home","item":"https:\/\/www.sestogrado.it\/en\/"},{"@type":"ListItem","position":2,"name":"Shop","item":"https:\/\/www.sestogrado.it\/en\/shop\/"},{"@type":"ListItem","position":3,"name":"Blue Ice Akila LT piccozza alpinismo scialpinismo"}]},{"@type":"WebSite","@id":"https:\/\/www.sestogrado.it\/en\/#website","url":"https:\/\/www.sestogrado.it\/en\/","name":"Sestogrado","description":"yes we climb","publisher":{"@id":"https:\/\/www.sestogrado.it\/en\/#organization"},"potentialAction":[{"@type":"SearchAction","target":{"@type":"EntryPoint","urlTemplate":"https:\/\/www.sestogrado.it\/en\/?s={search_term_string}"},"query-input":{"@type":"PropertyValueSpecification","valueRequired":true,"valueName":"search_term_string"}}],"inLanguage":"en-US"},{"@type":"Organization","@id":"https:\/\/www.sestogrado.it\/en\/#organization","name":"Sestogrado","url":"https:\/\/www.sestogrado.it\/en\/","logo":{"@type":"ImageObject","inLanguage":"en-US","@id":"https:\/\/www.sestogrado.it\/en\/#\/schema\/logo\/image\/","url":"https:\/\/www.sestogrado.it\/wp-content\/uploads\/2015\/03\/sestogrado-favicon.png","contentUrl":"https:\/\/www.sestogrado.it\/wp-content\/uploads\/2015\/03\/sestogrado-favicon.png","width":260,"height":260,"caption":"Sestogrado"},"image":{"@id":"https:\/\/www.sestogrado.it\/en\/#\/schema\/logo\/image\/"},"sameAs":["https:\/\/www.facebook.com\/pages\/Sestogrado\/1542635979353017?ref=bookmarks","https:\/\/www.youtube.com\/channel\/UC847kAfTkaJsWpc1jtQwr3Q"],"hasMerchantReturnPolicy":{"@type":"MerchantReturnPolicy","merchantReturnLink":"https:\/\/www.sestogrado.it\/en\/termini-e-condizioni\/"}}]},"product_brand":"Blue Ice","og_availability":"instock","product_availability":"instock","product_condition":"new"},"_links":{"self":[{"href":"https:\/\/www.sestogrado.it\/en\/wp-json\/wp\/v2\/product\/202545","targetHints":{"allow":["GET"]}}],"collection":[{"href":"https:\/\/www.sestogrado.it\/en\/wp-json\/wp\/v2\/product"}],"about":[{"href":"https:\/\/www.sestogrado.it\/en\/wp-json\/wp\/v2\/types\/product"}],"replies":[{"embeddable":true,"href":"https:\/\/www.sestogrado.it\/en\/wp-json\/wp\/v2\/comments?post=202545"}],"wp:featuredmedia":[{"embeddable":true,"href":"https:\/\/www.sestogrado.it\/en\/wp-json\/wp\/v2\/media\/202548"}],"wp:attachment":[{"href":"https:\/\/www.sestogrado.it\/en\/wp-json\/wp\/v2\/media?parent=202545"}],"wp:term":[{"taxonomy":"product_brand","embeddable":true,"href":"https:\/\/www.sestogrado.it\/en\/wp-json\/wp\/v2\/product_brand?post=202545"},{"taxonomy":"product_cat","embeddable":true,"href":"https:\/\/www.sestogrado.it\/en\/wp-json\/wp\/v2\/product_cat?post=202545"},{"taxonomy":"product_tag","embeddable":true,"href":"https:\/\/www.sestogrado.it\/en\/wp-json\/wp\/v2\/product_tag?post=202545"}],"curies":[{"name":"wp","href":"https:\/\/api.w.org\/{rel}","templated":true}]}}