{"id":202068,"date":"2025-10-14T11:33:20","date_gmt":"2025-10-14T09:33:20","guid":{"rendered":"https:\/\/www.sestogrado.it\/?post_type=product&#038;p=202068"},"modified":"2026-01-25T20:02:13","modified_gmt":"2026-01-25T19:02:13","slug":"camp-megasonic-plus-bastoncini-da-trekking-pieghevoli","status":"publish","type":"product","link":"https:\/\/www.sestogrado.it\/en\/prodotto\/camp-megasonic-plus-bastoncini-da-trekking-pieghevoli\/","title":{"rendered":"Camp Megasonic Plus bastoncini da trekking pieghevoli"},"content":{"rendered":"<p>Il Megasonic \u00e8 un bastoncino pieghevole polivalente che, grazie alla costruzione a sonda con segmenti di sezione maggiorata, combina la praticit\u00e0 e la compattezza degli \u201cZ-pole\u201d con la resistenza dei modelli telescopici. Realizzato interamente in alluminio, presenta una doppia impugnatura\u00a0con prolunga ergonomica in materiale espanso che assicura un\u2019eccellente presa a diverse altezze. I laccioli ergonomici, differenziati destro e sinistro, facilmente regolabili con una clip, incrementano il comfort in ogni condizione di utilizzo.\u00a0Il cordino interno, rivestito in materiale plastico, permette di montare e smontare il bastoncino con facilit\u00e0 in tutte le situazioni. Il sistema di microregolazione della tensione garantisce il perfetto assemblaggio. Il segmento superiore \u00e8 dotato di un efficace sistema di bloccaggio con clip di alluminio che consente una rapida e sicura regolazione della lunghezza.<\/p>\n<ul>\n<li>Bastoncino pieghevole in alluminio<\/li>\n<li>5 segmenti con cordino interno dotato di sistema di microregolazione della tensione<\/li>\n<li>Doppia impugnatura in materiale espanso con top in plastica che consente la presa a diverse altezze<\/li>\n<li>Laccioli ergonomici in materiale morbido, differenziati destro e sinistro (&#8220;R&#8221; e &#8220;L&#8221;) e rapidamente regolabili mediante clip integrata nella parte superiore dell\u2019impugnatura<\/li>\n<li>Facile da montare e da smontare<\/li>\n<li>Facilmente regolabile da 115 a 135 cm grazie alla clip in alluminio<\/li>\n<li>Il serraggio della vite che regola il bloccaggio della clip in alluminio non richiede l\u2019uso di cacciavite o altri attrezzi<\/li>\n<li>Lunghezza ripiegato 36 cm<\/li>\n<li>Puntale in metallo duro<\/li>\n<li>Copripuntale in gomma incluso<\/li>\n<li>Fornito con rotelle small (montata di serie) e large (inclusa nella confezione) per l\u2019uso in ogni stagione<\/li>\n<li>Pratico sacchetto-custodia incluso<\/li>\n<\/ul>\n<p><em>Il prezzo \u00e8 riferito alla coppia di bastoncini.<\/em><\/p>","protected":false},"excerpt":{"rendered":"<p>Il Megasonic \u00e8 un bastoncino pieghevole polivalente che, grazie alla costruzione a sonda con segmenti di sezione maggiorata, combina la [&hellip;]<\/p>\n","protected":false},"featured_media":202069,"comment_status":"open","ping_status":"closed","template":"","meta":{"_acf_changed":false},"product_brand":[31],"product_cat":[572],"product_tag":[],"class_list":{"0":"post-202068","1":"product","2":"type-product","3":"status-publish","4":"has-post-thumbnail","6":"product_brand-camp","7":"product_cat-bastoncini","9":"first","10":"instock","11":"sale","12":"taxable","13":"shipping-taxable","14":"purchasable","15":"product-type-simple"},"acf":[],"yoast_head":"<!-- This site is optimized with the Yoast SEO plugin v26.4 - https:\/\/yoast.com\/wordpress\/plugins\/seo\/ -->\n<title>Camp Megasonic Plus bastoncini da trekking pieghevoli - Sestogrado<\/title>\n<meta name=\"description\" content=\"Il Megasonic Plus \u00e8 un bastoncino polivalente che, grazie ai segmenti di sezione maggiorata, combina la praticit\u00e0 e la compattezza dei modelli pieghevoli con la resistenza di quelli telescopici. Realizzato interamente in alluminio, presenta una doppia impugnatura con prolunga ergonomica in materiale espanso che assicura un\u2019eccellente presa a diverse altezze. I laccioli ergonomici incrementano il comfort in ogni condizione di utilizzo. Il cavetto in acciaio interno, rivestito in poliammide, \u00e8 flessibile e resistente e permette di montare e smontare il bastoncino con facilit\u00e0 in tutte le situazioni. Il montaggio \u00e8 agevolato e reso pi\u00f9 veloce dalla speciale forma conica dei raccordi dei segmenti. Il segmento superiore \u00e8 dotato di un efficace sistema di bloccaggio con clip di alluminio che consente una rapida e sicura regolazione della lunghezza.\" \/>\n<meta name=\"robots\" content=\"index, follow, max-snippet:-1, max-image-preview:large, max-video-preview:-1\" \/>\n<link rel=\"canonical\" href=\"https:\/\/www.sestogrado.it\/en\/prodotto\/camp-megasonic-plus-bastoncini-da-trekking-pieghevoli\/\" \/>\n<meta property=\"og:locale\" content=\"en_US\" \/>\n<meta property=\"og:type\" content=\"article\" \/>\n<meta property=\"og:title\" content=\"Camp Megasonic Plus bastoncini da trekking pieghevoli - Sestogrado\" \/>\n<meta property=\"og:description\" content=\"Il Megasonic Plus \u00e8 un bastoncino polivalente che, grazie ai segmenti di sezione maggiorata, combina la praticit\u00e0 e la compattezza dei modelli pieghevoli con la resistenza di quelli telescopici. Realizzato interamente in alluminio, presenta una doppia impugnatura con prolunga ergonomica in materiale espanso che assicura un\u2019eccellente presa a diverse altezze. I laccioli ergonomici incrementano il comfort in ogni condizione di utilizzo. Il cavetto in acciaio interno, rivestito in poliammide, \u00e8 flessibile e resistente e permette di montare e smontare il bastoncino con facilit\u00e0 in tutte le situazioni. Il montaggio \u00e8 agevolato e reso pi\u00f9 veloce dalla speciale forma conica dei raccordi dei segmenti. Il segmento superiore \u00e8 dotato di un efficace sistema di bloccaggio con clip di alluminio che consente una rapida e sicura regolazione della lunghezza.\" \/>\n<meta property=\"og:url\" content=\"https:\/\/www.sestogrado.it\/en\/prodotto\/camp-megasonic-plus-bastoncini-da-trekking-pieghevoli\/\" \/>\n<meta property=\"og:site_name\" content=\"Sestogrado\" \/>\n<meta property=\"article:publisher\" content=\"https:\/\/www.facebook.com\/pages\/Sestogrado\/1542635979353017?ref=bookmarks\" \/>\n<meta property=\"article:modified_time\" content=\"2026-01-25T19:02:13+00:00\" \/>\n<meta property=\"og:image\" content=\"https:\/\/www.sestogrado.it\/wp-content\/uploads\/2025\/10\/01-9.jpg\" \/>\n\t<meta property=\"og:image:width\" content=\"1200\" \/>\n\t<meta property=\"og:image:height\" content=\"1200\" \/>\n\t<meta property=\"og:image:type\" content=\"image\/jpeg\" \/>\n<meta name=\"twitter:label1\" content=\"Price\" \/>\n\t<meta name=\"twitter:data1\" content=\"&euro;&nbsp;75,90\" \/>\n\t<meta name=\"twitter:label2\" content=\"Availability\" \/>\n\t<meta name=\"twitter:data2\" content=\"In stock\" \/>\n<script type=\"application\/ld+json\" class=\"yoast-schema-graph\">{\"@context\":\"https:\/\/schema.org\",\"@graph\":[{\"@type\":\"WebPage\",\"@id\":\"https:\/\/www.sestogrado.it\/en\/prodotto\/camp-megasonic-plus-bastoncini-da-trekking-pieghevoli\/\",\"url\":\"https:\/\/www.sestogrado.it\/en\/prodotto\/camp-megasonic-plus-bastoncini-da-trekking-pieghevoli\/\",\"name\":\"Camp Megasonic Plus bastoncini da trekking pieghevoli - Sestogrado\",\"isPartOf\":{\"@id\":\"https:\/\/www.sestogrado.it\/en\/#website\"},\"primaryImageOfPage\":{\"@id\":\"https:\/\/www.sestogrado.it\/en\/prodotto\/camp-megasonic-plus-bastoncini-da-trekking-pieghevoli\/#primaryimage\"},\"image\":{\"@id\":\"https:\/\/www.sestogrado.it\/prodotto\/camp-megasonic-plus-bastoncini-da-trekking-pieghevoli\/#primaryimage\"},\"thumbnailUrl\":\"https:\/\/www.sestogrado.it\/wp-content\/uploads\/2025\/10\/01-9.jpg\",\"datePublished\":\"2025-10-14T09:33:20+00:00\",\"dateModified\":\"2026-01-25T19:02:13+00:00\",\"description\":\"Il Megasonic Plus \u00e8 un bastoncino polivalente che, grazie ai segmenti di sezione maggiorata, combina la praticit\u00e0 e la compattezza dei modelli pieghevoli con la resistenza di quelli telescopici. Realizzato interamente in alluminio, presenta una doppia impugnatura con prolunga ergonomica in materiale espanso che assicura un\u2019eccellente presa a diverse altezze. I laccioli ergonomici incrementano il comfort in ogni condizione di utilizzo. Il cavetto in acciaio interno, rivestito in poliammide, \u00e8 flessibile e resistente e permette di montare e smontare il bastoncino con facilit\u00e0 in tutte le situazioni. Il montaggio \u00e8 agevolato e reso pi\u00f9 veloce dalla speciale forma conica dei raccordi dei segmenti. Il segmento superiore \u00e8 dotato di un efficace sistema di bloccaggio con clip di alluminio che consente una rapida e sicura regolazione della lunghezza.\",\"breadcrumb\":{\"@id\":\"https:\/\/www.sestogrado.it\/en\/prodotto\/camp-megasonic-plus-bastoncini-da-trekking-pieghevoli\/#breadcrumb\"},\"inLanguage\":\"en-US\",\"potentialAction\":[{\"@type\":\"ReadAction\",\"target\":[[\"https:\/\/www.sestogrado.it\/en\/prodotto\/camp-megasonic-plus-bastoncini-da-trekking-pieghevoli\/\"]]}]},{\"@type\":\"ImageObject\",\"inLanguage\":\"en-US\",\"@id\":\"https:\/\/www.sestogrado.it\/en\/prodotto\/camp-megasonic-plus-bastoncini-da-trekking-pieghevoli\/#primaryimage\",\"url\":\"https:\/\/www.sestogrado.it\/wp-content\/uploads\/2025\/10\/01-9.jpg\",\"contentUrl\":\"https:\/\/www.sestogrado.it\/wp-content\/uploads\/2025\/10\/01-9.jpg\",\"width\":1200,\"height\":1200,\"caption\":\"megasonic plus\"},{\"@type\":\"BreadcrumbList\",\"@id\":\"https:\/\/www.sestogrado.it\/en\/prodotto\/camp-megasonic-plus-bastoncini-da-trekking-pieghevoli\/#breadcrumb\",\"itemListElement\":[{\"@type\":\"ListItem\",\"position\":1,\"name\":\"Home\",\"item\":\"https:\/\/www.sestogrado.it\/en\/\"},{\"@type\":\"ListItem\",\"position\":2,\"name\":\"Shop\",\"item\":\"https:\/\/www.sestogrado.it\/en\/shop\/\"},{\"@type\":\"ListItem\",\"position\":3,\"name\":\"Camp Megasonic Plus bastoncini da trekking pieghevoli\"}]},{\"@type\":\"WebSite\",\"@id\":\"https:\/\/www.sestogrado.it\/en\/#website\",\"url\":\"https:\/\/www.sestogrado.it\/en\/\",\"name\":\"Sestogrado\",\"description\":\"yes we climb\",\"publisher\":{\"@id\":\"https:\/\/www.sestogrado.it\/en\/#organization\"},\"potentialAction\":[{\"@type\":\"SearchAction\",\"target\":{\"@type\":\"EntryPoint\",\"urlTemplate\":\"https:\/\/www.sestogrado.it\/en\/?s={search_term_string}\"},\"query-input\":{\"@type\":\"PropertyValueSpecification\",\"valueRequired\":true,\"valueName\":\"search_term_string\"}}],\"inLanguage\":\"en-US\"},{\"@type\":\"Organization\",\"@id\":\"https:\/\/www.sestogrado.it\/en\/#organization\",\"name\":\"Sestogrado\",\"url\":\"https:\/\/www.sestogrado.it\/en\/\",\"logo\":{\"@type\":\"ImageObject\",\"inLanguage\":\"en-US\",\"@id\":\"https:\/\/www.sestogrado.it\/en\/#\/schema\/logo\/image\/\",\"url\":\"https:\/\/www.sestogrado.it\/wp-content\/uploads\/2015\/03\/sestogrado-favicon.png\",\"contentUrl\":\"https:\/\/www.sestogrado.it\/wp-content\/uploads\/2015\/03\/sestogrado-favicon.png\",\"width\":260,\"height\":260,\"caption\":\"Sestogrado\"},\"image\":{\"@id\":\"https:\/\/www.sestogrado.it\/en\/#\/schema\/logo\/image\/\"},\"sameAs\":[\"https:\/\/www.facebook.com\/pages\/Sestogrado\/1542635979353017?ref=bookmarks\",\"https:\/\/www.youtube.com\/channel\/UC847kAfTkaJsWpc1jtQwr3Q\"],\"hasMerchantReturnPolicy\":{\"@type\":\"MerchantReturnPolicy\",\"merchantReturnLink\":\"https:\/\/www.sestogrado.it\/en\/termini-e-condizioni\/\"}}]}<\/script>\n<meta property=\"product:brand\" content=\"Camp\" \/>\n<meta property=\"product:price:amount\" content=\"75.90\" \/>\n<meta property=\"product:price:currency\" content=\"EUR\" \/>\n<meta property=\"og:availability\" content=\"instock\" \/>\n<meta property=\"product:availability\" content=\"instock\" \/>\n<meta property=\"product:condition\" content=\"new\" \/>\n<!-- \/ Yoast SEO plugin. -->","yoast_head_json":{"title":"Camp Megasonic Plus bastoncini da trekking pieghevoli - Sestogrado","description":"Il Megasonic Plus \u00e8 un bastoncino polivalente che, grazie ai segmenti di sezione maggiorata, combina la praticit\u00e0 e la compattezza dei modelli pieghevoli con la resistenza di quelli telescopici. Realizzato interamente in alluminio, presenta una doppia impugnatura con prolunga ergonomica in materiale espanso che assicura un\u2019eccellente presa a diverse altezze. I laccioli ergonomici incrementano il comfort in ogni condizione di utilizzo. Il cavetto in acciaio interno, rivestito in poliammide, \u00e8 flessibile e resistente e permette di montare e smontare il bastoncino con facilit\u00e0 in tutte le situazioni. Il montaggio \u00e8 agevolato e reso pi\u00f9 veloce dalla speciale forma conica dei raccordi dei segmenti. Il segmento superiore \u00e8 dotato di un efficace sistema di bloccaggio con clip di alluminio che consente una rapida e sicura regolazione della lunghezza.","robots":{"index":"index","follow":"follow","max-snippet":"max-snippet:-1","max-image-preview":"max-image-preview:large","max-video-preview":"max-video-preview:-1"},"canonical":"https:\/\/www.sestogrado.it\/en\/prodotto\/camp-megasonic-plus-bastoncini-da-trekking-pieghevoli\/","og_locale":"en_US","og_type":"article","og_title":"Camp Megasonic Plus bastoncini da trekking pieghevoli - Sestogrado","og_description":"Il Megasonic Plus \u00e8 un bastoncino polivalente che, grazie ai segmenti di sezione maggiorata, combina la praticit\u00e0 e la compattezza dei modelli pieghevoli con la resistenza di quelli telescopici. Realizzato interamente in alluminio, presenta una doppia impugnatura con prolunga ergonomica in materiale espanso che assicura un\u2019eccellente presa a diverse altezze. I laccioli ergonomici incrementano il comfort in ogni condizione di utilizzo. Il cavetto in acciaio interno, rivestito in poliammide, \u00e8 flessibile e resistente e permette di montare e smontare il bastoncino con facilit\u00e0 in tutte le situazioni. Il montaggio \u00e8 agevolato e reso pi\u00f9 veloce dalla speciale forma conica dei raccordi dei segmenti. Il segmento superiore \u00e8 dotato di un efficace sistema di bloccaggio con clip di alluminio che consente una rapida e sicura regolazione della lunghezza.","og_url":"https:\/\/www.sestogrado.it\/en\/prodotto\/camp-megasonic-plus-bastoncini-da-trekking-pieghevoli\/","og_site_name":"Sestogrado","article_publisher":"https:\/\/www.facebook.com\/pages\/Sestogrado\/1542635979353017?ref=bookmarks","article_modified_time":"2026-01-25T19:02:13+00:00","og_image":[{"width":1200,"height":1200,"url":"https:\/\/www.sestogrado.it\/wp-content\/uploads\/2025\/10\/01-9.jpg","type":"image\/jpeg"}],"twitter_misc":{"Price":"&euro;&nbsp;75,90","Availability":"In stock"},"schema":{"@context":"https:\/\/schema.org","@graph":[{"@type":"WebPage","@id":"https:\/\/www.sestogrado.it\/en\/prodotto\/camp-megasonic-plus-bastoncini-da-trekking-pieghevoli\/","url":"https:\/\/www.sestogrado.it\/en\/prodotto\/camp-megasonic-plus-bastoncini-da-trekking-pieghevoli\/","name":"Camp Megasonic Plus bastoncini da trekking pieghevoli - Sestogrado","isPartOf":{"@id":"https:\/\/www.sestogrado.it\/en\/#website"},"primaryImageOfPage":{"@id":"https:\/\/www.sestogrado.it\/en\/prodotto\/camp-megasonic-plus-bastoncini-da-trekking-pieghevoli\/#primaryimage"},"image":{"@id":"https:\/\/www.sestogrado.it\/prodotto\/camp-megasonic-plus-bastoncini-da-trekking-pieghevoli\/#primaryimage"},"thumbnailUrl":"https:\/\/www.sestogrado.it\/wp-content\/uploads\/2025\/10\/01-9.jpg","datePublished":"2025-10-14T09:33:20+00:00","dateModified":"2026-01-25T19:02:13+00:00","description":"Il Megasonic Plus \u00e8 un bastoncino polivalente che, grazie ai segmenti di sezione maggiorata, combina la praticit\u00e0 e la compattezza dei modelli pieghevoli con la resistenza di quelli telescopici. Realizzato interamente in alluminio, presenta una doppia impugnatura con prolunga ergonomica in materiale espanso che assicura un\u2019eccellente presa a diverse altezze. I laccioli ergonomici incrementano il comfort in ogni condizione di utilizzo. Il cavetto in acciaio interno, rivestito in poliammide, \u00e8 flessibile e resistente e permette di montare e smontare il bastoncino con facilit\u00e0 in tutte le situazioni. Il montaggio \u00e8 agevolato e reso pi\u00f9 veloce dalla speciale forma conica dei raccordi dei segmenti. Il segmento superiore \u00e8 dotato di un efficace sistema di bloccaggio con clip di alluminio che consente una rapida e sicura regolazione della lunghezza.","breadcrumb":{"@id":"https:\/\/www.sestogrado.it\/en\/prodotto\/camp-megasonic-plus-bastoncini-da-trekking-pieghevoli\/#breadcrumb"},"inLanguage":"en-US","potentialAction":[{"@type":"ReadAction","target":[["https:\/\/www.sestogrado.it\/en\/prodotto\/camp-megasonic-plus-bastoncini-da-trekking-pieghevoli\/"]]}]},{"@type":"ImageObject","inLanguage":"en-US","@id":"https:\/\/www.sestogrado.it\/en\/prodotto\/camp-megasonic-plus-bastoncini-da-trekking-pieghevoli\/#primaryimage","url":"https:\/\/www.sestogrado.it\/wp-content\/uploads\/2025\/10\/01-9.jpg","contentUrl":"https:\/\/www.sestogrado.it\/wp-content\/uploads\/2025\/10\/01-9.jpg","width":1200,"height":1200,"caption":"megasonic plus"},{"@type":"BreadcrumbList","@id":"https:\/\/www.sestogrado.it\/en\/prodotto\/camp-megasonic-plus-bastoncini-da-trekking-pieghevoli\/#breadcrumb","itemListElement":[{"@type":"ListItem","position":1,"name":"Home","item":"https:\/\/www.sestogrado.it\/en\/"},{"@type":"ListItem","position":2,"name":"Shop","item":"https:\/\/www.sestogrado.it\/en\/shop\/"},{"@type":"ListItem","position":3,"name":"Camp Megasonic Plus bastoncini da trekking pieghevoli"}]},{"@type":"WebSite","@id":"https:\/\/www.sestogrado.it\/en\/#website","url":"https:\/\/www.sestogrado.it\/en\/","name":"Sestogrado","description":"yes we climb","publisher":{"@id":"https:\/\/www.sestogrado.it\/en\/#organization"},"potentialAction":[{"@type":"SearchAction","target":{"@type":"EntryPoint","urlTemplate":"https:\/\/www.sestogrado.it\/en\/?s={search_term_string}"},"query-input":{"@type":"PropertyValueSpecification","valueRequired":true,"valueName":"search_term_string"}}],"inLanguage":"en-US"},{"@type":"Organization","@id":"https:\/\/www.sestogrado.it\/en\/#organization","name":"Sestogrado","url":"https:\/\/www.sestogrado.it\/en\/","logo":{"@type":"ImageObject","inLanguage":"en-US","@id":"https:\/\/www.sestogrado.it\/en\/#\/schema\/logo\/image\/","url":"https:\/\/www.sestogrado.it\/wp-content\/uploads\/2015\/03\/sestogrado-favicon.png","contentUrl":"https:\/\/www.sestogrado.it\/wp-content\/uploads\/2015\/03\/sestogrado-favicon.png","width":260,"height":260,"caption":"Sestogrado"},"image":{"@id":"https:\/\/www.sestogrado.it\/en\/#\/schema\/logo\/image\/"},"sameAs":["https:\/\/www.facebook.com\/pages\/Sestogrado\/1542635979353017?ref=bookmarks","https:\/\/www.youtube.com\/channel\/UC847kAfTkaJsWpc1jtQwr3Q"],"hasMerchantReturnPolicy":{"@type":"MerchantReturnPolicy","merchantReturnLink":"https:\/\/www.sestogrado.it\/en\/termini-e-condizioni\/"}}]},"product_brand":"Camp","product_price_amount":"75.90","product_price_currency":"EUR","og_availability":"instock","product_availability":"instock","product_condition":"new"},"_links":{"self":[{"href":"https:\/\/www.sestogrado.it\/en\/wp-json\/wp\/v2\/product\/202068","targetHints":{"allow":["GET"]}}],"collection":[{"href":"https:\/\/www.sestogrado.it\/en\/wp-json\/wp\/v2\/product"}],"about":[{"href":"https:\/\/www.sestogrado.it\/en\/wp-json\/wp\/v2\/types\/product"}],"replies":[{"embeddable":true,"href":"https:\/\/www.sestogrado.it\/en\/wp-json\/wp\/v2\/comments?post=202068"}],"wp:featuredmedia":[{"embeddable":true,"href":"https:\/\/www.sestogrado.it\/en\/wp-json\/wp\/v2\/media\/202069"}],"wp:attachment":[{"href":"https:\/\/www.sestogrado.it\/en\/wp-json\/wp\/v2\/media?parent=202068"}],"wp:term":[{"taxonomy":"product_brand","embeddable":true,"href":"https:\/\/www.sestogrado.it\/en\/wp-json\/wp\/v2\/product_brand?post=202068"},{"taxonomy":"product_cat","embeddable":true,"href":"https:\/\/www.sestogrado.it\/en\/wp-json\/wp\/v2\/product_cat?post=202068"},{"taxonomy":"product_tag","embeddable":true,"href":"https:\/\/www.sestogrado.it\/en\/wp-json\/wp\/v2\/product_tag?post=202068"}],"curies":[{"name":"wp","href":"https:\/\/api.w.org\/{rel}","templated":true}]}}