{"id":201734,"date":"2025-10-15T15:57:19","date_gmt":"2025-10-15T13:57:19","guid":{"rendered":"https:\/\/www.sestogrado.it\/?post_type=product&#038;p=201734"},"modified":"2025-12-22T15:06:59","modified_gmt":"2025-12-22T14:06:59","slug":"camp-k-guide-guanti-da-alpinismo","status":"publish","type":"product","link":"https:\/\/www.sestogrado.it\/en\/prodotto\/camp-k-guide-guanti-da-alpinismo\/","title":{"rendered":"Camp K Guide guanti da alpinismo"},"content":{"rendered":"<p class=\"qtranxs-available-languages-message qtranxs-available-languages-message-en\">Sorry, this entry is only available in <a href=\"https:\/\/www.sestogrado.it\/it\/wp-json\/wp\/v2\/product\/201734\" class=\"qtranxs-available-language-link qtranxs-available-language-link-it\" title=\"Italiano\">Italiano<\/a>.<\/p>","protected":false},"excerpt":{"rendered":"<p>Sorry, this entry is only available in Italiano.<\/p>\n","protected":false},"featured_media":201742,"comment_status":"open","ping_status":"closed","template":"","meta":{"_acf_changed":false},"product_brand":[31],"product_cat":[1428],"product_tag":[],"class_list":{"0":"post-201734","1":"product","2":"type-product","3":"status-publish","4":"has-post-thumbnail","6":"product_brand-camp","7":"product_cat-guanti-da-alpinismo","9":"first","10":"instock","11":"sale","12":"taxable","13":"shipping-taxable","14":"purchasable","15":"product-type-variable"},"acf":[],"yoast_head":"<!-- This site is optimized with the Yoast SEO plugin v26.4 - https:\/\/yoast.com\/wordpress\/plugins\/seo\/ -->\n<title>Camp K Guide guanti da alpinismo - Sestogrado<\/title>\n<meta name=\"description\" content=\"Il Camp K Guide \u00e8 un guanto polivalente da alpinismo e scialpinismo, caratterizzato da una costruzione ergonomica che combina pelle di capra sul palmo e sulle dita e 3-D Knitting Technology sul dorso. Ci\u00f2 si traduce in una calzata precisa e in una notevole morbidezza, che assicurano libert\u00e0 di movimento e sensibilit\u00e0. La mobilit\u00e0 delle dita, la cui costruzione \u201cDart Finger\u201d riduce al minimo il numero delle cuciture, \u00e8 accresciuta dagli inserti in Cordura\u00ae sulle nocche. La tecnologia \u201cNo Slip\u201d (antiscivolo) assicura un\u2019ottima presa su piccozze e bastoncini mentre l\u2019imbottitura PrimaLoft\u00ae Gold 100 g\/m2 sul dorso e PrimaLoft\u00ae Gold Eco Grip Control 60 g\/m2 sul palmo garantisce una buona resa termica, calibrata per l\u2019azione.\" \/>\n<meta name=\"robots\" content=\"index, follow, max-snippet:-1, max-image-preview:large, max-video-preview:-1\" \/>\n<link rel=\"canonical\" href=\"https:\/\/www.sestogrado.it\/en\/prodotto\/camp-k-guide-guanti-da-alpinismo\/\" \/>\n<meta property=\"og:locale\" content=\"en_US\" \/>\n<meta property=\"og:type\" content=\"article\" \/>\n<meta property=\"og:title\" content=\"Camp K Guide guanti da alpinismo - Sestogrado\" \/>\n<meta property=\"og:description\" content=\"Il Camp K Guide \u00e8 un guanto polivalente da alpinismo e scialpinismo, caratterizzato da una costruzione ergonomica che combina pelle di capra sul palmo e sulle dita e 3-D Knitting Technology sul dorso. Ci\u00f2 si traduce in una calzata precisa e in una notevole morbidezza, che assicurano libert\u00e0 di movimento e sensibilit\u00e0. La mobilit\u00e0 delle dita, la cui costruzione \u201cDart Finger\u201d riduce al minimo il numero delle cuciture, \u00e8 accresciuta dagli inserti in Cordura\u00ae sulle nocche. La tecnologia \u201cNo Slip\u201d (antiscivolo) assicura un\u2019ottima presa su piccozze e bastoncini mentre l\u2019imbottitura PrimaLoft\u00ae Gold 100 g\/m2 sul dorso e PrimaLoft\u00ae Gold Eco Grip Control 60 g\/m2 sul palmo garantisce una buona resa termica, calibrata per l\u2019azione.\" \/>\n<meta property=\"og:url\" content=\"https:\/\/www.sestogrado.it\/en\/prodotto\/camp-k-guide-guanti-da-alpinismo\/\" \/>\n<meta property=\"og:site_name\" content=\"Sestogrado\" \/>\n<meta property=\"article:publisher\" content=\"https:\/\/www.facebook.com\/pages\/Sestogrado\/1542635979353017?ref=bookmarks\" \/>\n<meta property=\"article:modified_time\" content=\"2025-12-22T14:06:59+00:00\" \/>\n<meta property=\"og:image\" content=\"https:\/\/www.sestogrado.it\/wp-content\/uploads\/2025\/10\/01-3.jpg\" \/>\n\t<meta property=\"og:image:width\" content=\"1000\" \/>\n\t<meta property=\"og:image:height\" content=\"1000\" \/>\n\t<meta property=\"og:image:type\" content=\"image\/jpeg\" \/>\n<meta name=\"twitter:label1\" content=\"Availability\" \/>\n\t<meta name=\"twitter:data1\" content=\"In stock\" \/>\n<script type=\"application\/ld+json\" class=\"yoast-schema-graph\">{\"@context\":\"https:\/\/schema.org\",\"@graph\":[{\"@type\":\"WebPage\",\"@id\":\"https:\/\/www.sestogrado.it\/en\/prodotto\/camp-k-guide-guanti-da-alpinismo\/\",\"url\":\"https:\/\/www.sestogrado.it\/en\/prodotto\/camp-k-guide-guanti-da-alpinismo\/\",\"name\":\"Camp K Guide guanti da alpinismo - Sestogrado\",\"isPartOf\":{\"@id\":\"https:\/\/www.sestogrado.it\/en\/#website\"},\"primaryImageOfPage\":{\"@id\":\"https:\/\/www.sestogrado.it\/en\/prodotto\/camp-k-guide-guanti-da-alpinismo\/#primaryimage\"},\"image\":{\"@id\":\"https:\/\/www.sestogrado.it\/prodotto\/camp-k-guide-guanti-da-alpinismo\/#primaryimage\"},\"thumbnailUrl\":\"https:\/\/www.sestogrado.it\/wp-content\/uploads\/2025\/10\/01-3.jpg\",\"datePublished\":\"2025-10-15T13:57:19+00:00\",\"dateModified\":\"2025-12-22T14:06:59+00:00\",\"description\":\"Il Camp K Guide \u00e8 un guanto polivalente da alpinismo e scialpinismo, caratterizzato da una costruzione ergonomica che combina pelle di capra sul palmo e sulle dita e 3-D Knitting Technology sul dorso. Ci\u00f2 si traduce in una calzata precisa e in una notevole morbidezza, che assicurano libert\u00e0 di movimento e sensibilit\u00e0. La mobilit\u00e0 delle dita, la cui costruzione \u201cDart Finger\u201d riduce al minimo il numero delle cuciture, \u00e8 accresciuta dagli inserti in Cordura\u00ae sulle nocche. La tecnologia \u201cNo Slip\u201d (antiscivolo) assicura un\u2019ottima presa su piccozze e bastoncini mentre l\u2019imbottitura PrimaLoft\u00ae Gold 100 g\/m2 sul dorso e PrimaLoft\u00ae Gold Eco Grip Control 60 g\/m2 sul palmo garantisce una buona resa termica, calibrata per l\u2019azione.\",\"breadcrumb\":{\"@id\":\"https:\/\/www.sestogrado.it\/en\/prodotto\/camp-k-guide-guanti-da-alpinismo\/#breadcrumb\"},\"inLanguage\":\"en-US\",\"potentialAction\":[{\"@type\":\"ReadAction\",\"target\":[[\"https:\/\/www.sestogrado.it\/en\/prodotto\/camp-k-guide-guanti-da-alpinismo\/\"]]}]},{\"@type\":\"ImageObject\",\"inLanguage\":\"en-US\",\"@id\":\"https:\/\/www.sestogrado.it\/en\/prodotto\/camp-k-guide-guanti-da-alpinismo\/#primaryimage\",\"url\":\"https:\/\/www.sestogrado.it\/wp-content\/uploads\/2025\/10\/01-3.jpg\",\"contentUrl\":\"https:\/\/www.sestogrado.it\/wp-content\/uploads\/2025\/10\/01-3.jpg\",\"width\":1000,\"height\":1000,\"caption\":\"k guide\"},{\"@type\":\"BreadcrumbList\",\"@id\":\"https:\/\/www.sestogrado.it\/en\/prodotto\/camp-k-guide-guanti-da-alpinismo\/#breadcrumb\",\"itemListElement\":[{\"@type\":\"ListItem\",\"position\":1,\"name\":\"Home\",\"item\":\"https:\/\/www.sestogrado.it\/en\/\"},{\"@type\":\"ListItem\",\"position\":2,\"name\":\"Shop\",\"item\":\"https:\/\/www.sestogrado.it\/en\/shop\/\"},{\"@type\":\"ListItem\",\"position\":3,\"name\":\"Camp K Guide guanti da alpinismo\"}]},{\"@type\":\"WebSite\",\"@id\":\"https:\/\/www.sestogrado.it\/en\/#website\",\"url\":\"https:\/\/www.sestogrado.it\/en\/\",\"name\":\"Sestogrado\",\"description\":\"yes we climb\",\"publisher\":{\"@id\":\"https:\/\/www.sestogrado.it\/en\/#organization\"},\"potentialAction\":[{\"@type\":\"SearchAction\",\"target\":{\"@type\":\"EntryPoint\",\"urlTemplate\":\"https:\/\/www.sestogrado.it\/en\/?s={search_term_string}\"},\"query-input\":{\"@type\":\"PropertyValueSpecification\",\"valueRequired\":true,\"valueName\":\"search_term_string\"}}],\"inLanguage\":\"en-US\"},{\"@type\":\"Organization\",\"@id\":\"https:\/\/www.sestogrado.it\/en\/#organization\",\"name\":\"Sestogrado\",\"url\":\"https:\/\/www.sestogrado.it\/en\/\",\"logo\":{\"@type\":\"ImageObject\",\"inLanguage\":\"en-US\",\"@id\":\"https:\/\/www.sestogrado.it\/en\/#\/schema\/logo\/image\/\",\"url\":\"https:\/\/www.sestogrado.it\/wp-content\/uploads\/2015\/03\/sestogrado-favicon.png\",\"contentUrl\":\"https:\/\/www.sestogrado.it\/wp-content\/uploads\/2015\/03\/sestogrado-favicon.png\",\"width\":260,\"height\":260,\"caption\":\"Sestogrado\"},\"image\":{\"@id\":\"https:\/\/www.sestogrado.it\/en\/#\/schema\/logo\/image\/\"},\"sameAs\":[\"https:\/\/www.facebook.com\/pages\/Sestogrado\/1542635979353017?ref=bookmarks\",\"https:\/\/www.youtube.com\/channel\/UC847kAfTkaJsWpc1jtQwr3Q\"],\"hasMerchantReturnPolicy\":{\"@type\":\"MerchantReturnPolicy\",\"merchantReturnLink\":\"https:\/\/www.sestogrado.it\/en\/termini-e-condizioni\/\"}}]}<\/script>\n<meta property=\"product:brand\" content=\"Camp\" \/>\n<meta property=\"og:availability\" content=\"instock\" \/>\n<meta property=\"product:availability\" content=\"instock\" \/>\n<meta property=\"product:condition\" content=\"new\" \/>\n<!-- \/ Yoast SEO plugin. -->","yoast_head_json":{"title":"Camp K Guide guanti da alpinismo - Sestogrado","description":"Il Camp K Guide \u00e8 un guanto polivalente da alpinismo e scialpinismo, caratterizzato da una costruzione ergonomica che combina pelle di capra sul palmo e sulle dita e 3-D Knitting Technology sul dorso. Ci\u00f2 si traduce in una calzata precisa e in una notevole morbidezza, che assicurano libert\u00e0 di movimento e sensibilit\u00e0. La mobilit\u00e0 delle dita, la cui costruzione \u201cDart Finger\u201d riduce al minimo il numero delle cuciture, \u00e8 accresciuta dagli inserti in Cordura\u00ae sulle nocche. La tecnologia \u201cNo Slip\u201d (antiscivolo) assicura un\u2019ottima presa su piccozze e bastoncini mentre l\u2019imbottitura PrimaLoft\u00ae Gold 100 g\/m2 sul dorso e PrimaLoft\u00ae Gold Eco Grip Control 60 g\/m2 sul palmo garantisce una buona resa termica, calibrata per l\u2019azione.","robots":{"index":"index","follow":"follow","max-snippet":"max-snippet:-1","max-image-preview":"max-image-preview:large","max-video-preview":"max-video-preview:-1"},"canonical":"https:\/\/www.sestogrado.it\/en\/prodotto\/camp-k-guide-guanti-da-alpinismo\/","og_locale":"en_US","og_type":"article","og_title":"Camp K Guide guanti da alpinismo - Sestogrado","og_description":"Il Camp K Guide \u00e8 un guanto polivalente da alpinismo e scialpinismo, caratterizzato da una costruzione ergonomica che combina pelle di capra sul palmo e sulle dita e 3-D Knitting Technology sul dorso. Ci\u00f2 si traduce in una calzata precisa e in una notevole morbidezza, che assicurano libert\u00e0 di movimento e sensibilit\u00e0. La mobilit\u00e0 delle dita, la cui costruzione \u201cDart Finger\u201d riduce al minimo il numero delle cuciture, \u00e8 accresciuta dagli inserti in Cordura\u00ae sulle nocche. La tecnologia \u201cNo Slip\u201d (antiscivolo) assicura un\u2019ottima presa su piccozze e bastoncini mentre l\u2019imbottitura PrimaLoft\u00ae Gold 100 g\/m2 sul dorso e PrimaLoft\u00ae Gold Eco Grip Control 60 g\/m2 sul palmo garantisce una buona resa termica, calibrata per l\u2019azione.","og_url":"https:\/\/www.sestogrado.it\/en\/prodotto\/camp-k-guide-guanti-da-alpinismo\/","og_site_name":"Sestogrado","article_publisher":"https:\/\/www.facebook.com\/pages\/Sestogrado\/1542635979353017?ref=bookmarks","article_modified_time":"2025-12-22T14:06:59+00:00","og_image":[{"width":1000,"height":1000,"url":"https:\/\/www.sestogrado.it\/wp-content\/uploads\/2025\/10\/01-3.jpg","type":"image\/jpeg"}],"twitter_misc":{"Availability":"In stock"},"schema":{"@context":"https:\/\/schema.org","@graph":[{"@type":"WebPage","@id":"https:\/\/www.sestogrado.it\/en\/prodotto\/camp-k-guide-guanti-da-alpinismo\/","url":"https:\/\/www.sestogrado.it\/en\/prodotto\/camp-k-guide-guanti-da-alpinismo\/","name":"Camp K Guide guanti da alpinismo - Sestogrado","isPartOf":{"@id":"https:\/\/www.sestogrado.it\/en\/#website"},"primaryImageOfPage":{"@id":"https:\/\/www.sestogrado.it\/en\/prodotto\/camp-k-guide-guanti-da-alpinismo\/#primaryimage"},"image":{"@id":"https:\/\/www.sestogrado.it\/prodotto\/camp-k-guide-guanti-da-alpinismo\/#primaryimage"},"thumbnailUrl":"https:\/\/www.sestogrado.it\/wp-content\/uploads\/2025\/10\/01-3.jpg","datePublished":"2025-10-15T13:57:19+00:00","dateModified":"2025-12-22T14:06:59+00:00","description":"Il Camp K Guide \u00e8 un guanto polivalente da alpinismo e scialpinismo, caratterizzato da una costruzione ergonomica che combina pelle di capra sul palmo e sulle dita e 3-D Knitting Technology sul dorso. Ci\u00f2 si traduce in una calzata precisa e in una notevole morbidezza, che assicurano libert\u00e0 di movimento e sensibilit\u00e0. La mobilit\u00e0 delle dita, la cui costruzione \u201cDart Finger\u201d riduce al minimo il numero delle cuciture, \u00e8 accresciuta dagli inserti in Cordura\u00ae sulle nocche. La tecnologia \u201cNo Slip\u201d (antiscivolo) assicura un\u2019ottima presa su piccozze e bastoncini mentre l\u2019imbottitura PrimaLoft\u00ae Gold 100 g\/m2 sul dorso e PrimaLoft\u00ae Gold Eco Grip Control 60 g\/m2 sul palmo garantisce una buona resa termica, calibrata per l\u2019azione.","breadcrumb":{"@id":"https:\/\/www.sestogrado.it\/en\/prodotto\/camp-k-guide-guanti-da-alpinismo\/#breadcrumb"},"inLanguage":"en-US","potentialAction":[{"@type":"ReadAction","target":[["https:\/\/www.sestogrado.it\/en\/prodotto\/camp-k-guide-guanti-da-alpinismo\/"]]}]},{"@type":"ImageObject","inLanguage":"en-US","@id":"https:\/\/www.sestogrado.it\/en\/prodotto\/camp-k-guide-guanti-da-alpinismo\/#primaryimage","url":"https:\/\/www.sestogrado.it\/wp-content\/uploads\/2025\/10\/01-3.jpg","contentUrl":"https:\/\/www.sestogrado.it\/wp-content\/uploads\/2025\/10\/01-3.jpg","width":1000,"height":1000,"caption":"k guide"},{"@type":"BreadcrumbList","@id":"https:\/\/www.sestogrado.it\/en\/prodotto\/camp-k-guide-guanti-da-alpinismo\/#breadcrumb","itemListElement":[{"@type":"ListItem","position":1,"name":"Home","item":"https:\/\/www.sestogrado.it\/en\/"},{"@type":"ListItem","position":2,"name":"Shop","item":"https:\/\/www.sestogrado.it\/en\/shop\/"},{"@type":"ListItem","position":3,"name":"Camp K Guide guanti da alpinismo"}]},{"@type":"WebSite","@id":"https:\/\/www.sestogrado.it\/en\/#website","url":"https:\/\/www.sestogrado.it\/en\/","name":"Sestogrado","description":"yes we climb","publisher":{"@id":"https:\/\/www.sestogrado.it\/en\/#organization"},"potentialAction":[{"@type":"SearchAction","target":{"@type":"EntryPoint","urlTemplate":"https:\/\/www.sestogrado.it\/en\/?s={search_term_string}"},"query-input":{"@type":"PropertyValueSpecification","valueRequired":true,"valueName":"search_term_string"}}],"inLanguage":"en-US"},{"@type":"Organization","@id":"https:\/\/www.sestogrado.it\/en\/#organization","name":"Sestogrado","url":"https:\/\/www.sestogrado.it\/en\/","logo":{"@type":"ImageObject","inLanguage":"en-US","@id":"https:\/\/www.sestogrado.it\/en\/#\/schema\/logo\/image\/","url":"https:\/\/www.sestogrado.it\/wp-content\/uploads\/2015\/03\/sestogrado-favicon.png","contentUrl":"https:\/\/www.sestogrado.it\/wp-content\/uploads\/2015\/03\/sestogrado-favicon.png","width":260,"height":260,"caption":"Sestogrado"},"image":{"@id":"https:\/\/www.sestogrado.it\/en\/#\/schema\/logo\/image\/"},"sameAs":["https:\/\/www.facebook.com\/pages\/Sestogrado\/1542635979353017?ref=bookmarks","https:\/\/www.youtube.com\/channel\/UC847kAfTkaJsWpc1jtQwr3Q"],"hasMerchantReturnPolicy":{"@type":"MerchantReturnPolicy","merchantReturnLink":"https:\/\/www.sestogrado.it\/en\/termini-e-condizioni\/"}}]},"product_brand":"Camp","og_availability":"instock","product_availability":"instock","product_condition":"new"},"_links":{"self":[{"href":"https:\/\/www.sestogrado.it\/en\/wp-json\/wp\/v2\/product\/201734","targetHints":{"allow":["GET"]}}],"collection":[{"href":"https:\/\/www.sestogrado.it\/en\/wp-json\/wp\/v2\/product"}],"about":[{"href":"https:\/\/www.sestogrado.it\/en\/wp-json\/wp\/v2\/types\/product"}],"replies":[{"embeddable":true,"href":"https:\/\/www.sestogrado.it\/en\/wp-json\/wp\/v2\/comments?post=201734"}],"wp:featuredmedia":[{"embeddable":true,"href":"https:\/\/www.sestogrado.it\/en\/wp-json\/wp\/v2\/media\/201742"}],"wp:attachment":[{"href":"https:\/\/www.sestogrado.it\/en\/wp-json\/wp\/v2\/media?parent=201734"}],"wp:term":[{"taxonomy":"product_brand","embeddable":true,"href":"https:\/\/www.sestogrado.it\/en\/wp-json\/wp\/v2\/product_brand?post=201734"},{"taxonomy":"product_cat","embeddable":true,"href":"https:\/\/www.sestogrado.it\/en\/wp-json\/wp\/v2\/product_cat?post=201734"},{"taxonomy":"product_tag","embeddable":true,"href":"https:\/\/www.sestogrado.it\/en\/wp-json\/wp\/v2\/product_tag?post=201734"}],"curies":[{"name":"wp","href":"https:\/\/api.w.org\/{rel}","templated":true}]}}