{"id":201690,"date":"2025-10-15T15:56:09","date_gmt":"2025-10-15T13:56:09","guid":{"rendered":"https:\/\/www.sestogrado.it\/?post_type=product&#038;p=201690"},"modified":"2026-02-05T12:25:12","modified_gmt":"2026-02-05T11:25:12","slug":"camp-g-blizzard-guanti-da-alpinismo","status":"publish","type":"product","link":"https:\/\/www.sestogrado.it\/en\/prodotto\/camp-g-blizzard-guanti-da-alpinismo\/","title":{"rendered":"Camp G Blizzard guanti da alpinismo"},"content":{"rendered":"<p class=\"qtranxs-available-languages-message qtranxs-available-languages-message-en\">Sorry, this entry is only available in <a href=\"https:\/\/www.sestogrado.it\/it\/wp-json\/wp\/v2\/product\/201690\" class=\"qtranxs-available-language-link qtranxs-available-language-link-it\" title=\"Italiano\">Italiano<\/a>.<\/p>","protected":false},"excerpt":{"rendered":"<p>Sorry, this entry is only available in Italiano.<\/p>\n","protected":false},"featured_media":201698,"comment_status":"open","ping_status":"closed","template":"","meta":{"_acf_changed":false},"product_brand":[31],"product_cat":[1428],"product_tag":[],"class_list":{"0":"post-201690","1":"product","2":"type-product","3":"status-publish","4":"has-post-thumbnail","6":"product_brand-camp","7":"product_cat-guanti-da-alpinismo","9":"first","10":"instock","11":"sale","12":"taxable","13":"shipping-taxable","14":"purchasable","15":"product-type-variable"},"acf":[],"yoast_head":"<!-- This site is optimized with the Yoast SEO plugin v26.4 - https:\/\/yoast.com\/wordpress\/plugins\/seo\/ -->\n<title>Camp G Blizzard guanti da alpinismo - Sestogrado<\/title>\n<meta name=\"description\" content=\"I Camp G Blizzard sono dei guanti molto caldi, all&#039;insegna della polivalenza, dedicati ad alpinismo invernale, misto, scialpinismo. E&#039; un guanto\u00a0studiato per ottime prestazioni in tutte le attivit\u00e0 in montagna durante le giornate pi\u00f9 fredde. La termicit\u00e0 \u00e8 garantita dall\u2019imbottitura in PrimaLoft\u00ae Gold 100 g\/m2\u00a0e Hyperloft 100 g\/m2\u00a0sul dorso e PrimaLoft\u00ae\u00a0Gold Eco Grip Control 100 g\/m2\u00a0sul palmo. L\u2019imbottitura in PrimaLoft\u00ae Gold Eco Grip Control, il palmo con tecnologia \u201cNo Slip\u201d (antiscivolo) e le dita con costruzione \u201cRound Finger\u201d, senza cuciture sulla punta, assicurano un\u2019ottima precisione e presa sugli attrezzi. Oltre alla normale chiusura, un cinturino con velcro permette di stringere il G Blizzard all\u2019altezza del polso, incrementando l\u2019isolamento termico e l\u2019aderenza del guanto sulla mano. La membrana DRYZONE\u00ae\u00a0assicura l\u2019impermeabilit\u00e0, mentre la pelle di capra \u00e8 sinonimo di robustezza e durata.\" \/>\n<meta name=\"robots\" content=\"index, follow, max-snippet:-1, max-image-preview:large, max-video-preview:-1\" \/>\n<link rel=\"canonical\" href=\"https:\/\/www.sestogrado.it\/en\/prodotto\/camp-g-blizzard-guanti-da-alpinismo\/\" \/>\n<meta property=\"og:locale\" content=\"en_US\" \/>\n<meta property=\"og:type\" content=\"article\" \/>\n<meta property=\"og:title\" content=\"Camp G Blizzard guanti da alpinismo - Sestogrado\" \/>\n<meta property=\"og:description\" content=\"I Camp G Blizzard sono dei guanti molto caldi, all&#039;insegna della polivalenza, dedicati ad alpinismo invernale, misto, scialpinismo. E&#039; un guanto\u00a0studiato per ottime prestazioni in tutte le attivit\u00e0 in montagna durante le giornate pi\u00f9 fredde. La termicit\u00e0 \u00e8 garantita dall\u2019imbottitura in PrimaLoft\u00ae Gold 100 g\/m2\u00a0e Hyperloft 100 g\/m2\u00a0sul dorso e PrimaLoft\u00ae\u00a0Gold Eco Grip Control 100 g\/m2\u00a0sul palmo. L\u2019imbottitura in PrimaLoft\u00ae Gold Eco Grip Control, il palmo con tecnologia \u201cNo Slip\u201d (antiscivolo) e le dita con costruzione \u201cRound Finger\u201d, senza cuciture sulla punta, assicurano un\u2019ottima precisione e presa sugli attrezzi. Oltre alla normale chiusura, un cinturino con velcro permette di stringere il G Blizzard all\u2019altezza del polso, incrementando l\u2019isolamento termico e l\u2019aderenza del guanto sulla mano. La membrana DRYZONE\u00ae\u00a0assicura l\u2019impermeabilit\u00e0, mentre la pelle di capra \u00e8 sinonimo di robustezza e durata.\" \/>\n<meta property=\"og:url\" content=\"https:\/\/www.sestogrado.it\/en\/prodotto\/camp-g-blizzard-guanti-da-alpinismo\/\" \/>\n<meta property=\"og:site_name\" content=\"Sestogrado\" \/>\n<meta property=\"article:publisher\" content=\"https:\/\/www.facebook.com\/pages\/Sestogrado\/1542635979353017?ref=bookmarks\" \/>\n<meta property=\"article:modified_time\" content=\"2026-02-05T11:25:12+00:00\" \/>\n<meta property=\"og:image\" content=\"https:\/\/www.sestogrado.it\/wp-content\/uploads\/2025\/10\/01.jpg\" \/>\n\t<meta property=\"og:image:width\" content=\"1200\" \/>\n\t<meta property=\"og:image:height\" content=\"1200\" \/>\n\t<meta property=\"og:image:type\" content=\"image\/jpeg\" \/>\n<meta name=\"twitter:label1\" content=\"Availability\" \/>\n\t<meta name=\"twitter:data1\" content=\"In stock\" \/>\n<script type=\"application\/ld+json\" class=\"yoast-schema-graph\">{\"@context\":\"https:\/\/schema.org\",\"@graph\":[{\"@type\":\"WebPage\",\"@id\":\"https:\/\/www.sestogrado.it\/en\/prodotto\/camp-g-blizzard-guanti-da-alpinismo\/\",\"url\":\"https:\/\/www.sestogrado.it\/en\/prodotto\/camp-g-blizzard-guanti-da-alpinismo\/\",\"name\":\"Camp G Blizzard guanti da alpinismo - Sestogrado\",\"isPartOf\":{\"@id\":\"https:\/\/www.sestogrado.it\/en\/#website\"},\"primaryImageOfPage\":{\"@id\":\"https:\/\/www.sestogrado.it\/en\/prodotto\/camp-g-blizzard-guanti-da-alpinismo\/#primaryimage\"},\"image\":{\"@id\":\"https:\/\/www.sestogrado.it\/prodotto\/camp-g-blizzard-guanti-da-alpinismo\/#primaryimage\"},\"thumbnailUrl\":\"https:\/\/www.sestogrado.it\/wp-content\/uploads\/2025\/10\/01.jpg\",\"datePublished\":\"2025-10-15T13:56:09+00:00\",\"dateModified\":\"2026-02-05T11:25:12+00:00\",\"description\":\"I Camp G Blizzard sono dei guanti molto caldi, all'insegna della polivalenza, dedicati ad alpinismo invernale, misto, scialpinismo. E' un guanto\u00a0studiato per ottime prestazioni in tutte le attivit\u00e0 in montagna durante le giornate pi\u00f9 fredde. La termicit\u00e0 \u00e8 garantita dall\u2019imbottitura in PrimaLoft\u00ae Gold 100 g\/m2\u00a0e Hyperloft 100 g\/m2\u00a0sul dorso e PrimaLoft\u00ae\u00a0Gold Eco Grip Control 100 g\/m2\u00a0sul palmo. L\u2019imbottitura in PrimaLoft\u00ae Gold Eco Grip Control, il palmo con tecnologia \u201cNo Slip\u201d (antiscivolo) e le dita con costruzione \u201cRound Finger\u201d, senza cuciture sulla punta, assicurano un\u2019ottima precisione e presa sugli attrezzi. Oltre alla normale chiusura, un cinturino con velcro permette di stringere il G Blizzard all\u2019altezza del polso, incrementando l\u2019isolamento termico e l\u2019aderenza del guanto sulla mano. La membrana DRYZONE\u00ae\u00a0assicura l\u2019impermeabilit\u00e0, mentre la pelle di capra \u00e8 sinonimo di robustezza e durata.\",\"breadcrumb\":{\"@id\":\"https:\/\/www.sestogrado.it\/en\/prodotto\/camp-g-blizzard-guanti-da-alpinismo\/#breadcrumb\"},\"inLanguage\":\"en-US\",\"potentialAction\":[{\"@type\":\"ReadAction\",\"target\":[[\"https:\/\/www.sestogrado.it\/en\/prodotto\/camp-g-blizzard-guanti-da-alpinismo\/\"]]}]},{\"@type\":\"ImageObject\",\"inLanguage\":\"en-US\",\"@id\":\"https:\/\/www.sestogrado.it\/en\/prodotto\/camp-g-blizzard-guanti-da-alpinismo\/#primaryimage\",\"url\":\"https:\/\/www.sestogrado.it\/wp-content\/uploads\/2025\/10\/01.jpg\",\"contentUrl\":\"https:\/\/www.sestogrado.it\/wp-content\/uploads\/2025\/10\/01.jpg\",\"width\":1200,\"height\":1200,\"caption\":\"camp g blizzard\"},{\"@type\":\"BreadcrumbList\",\"@id\":\"https:\/\/www.sestogrado.it\/en\/prodotto\/camp-g-blizzard-guanti-da-alpinismo\/#breadcrumb\",\"itemListElement\":[{\"@type\":\"ListItem\",\"position\":1,\"name\":\"Home\",\"item\":\"https:\/\/www.sestogrado.it\/en\/\"},{\"@type\":\"ListItem\",\"position\":2,\"name\":\"Shop\",\"item\":\"https:\/\/www.sestogrado.it\/en\/shop\/\"},{\"@type\":\"ListItem\",\"position\":3,\"name\":\"Camp G Blizzard guanti da alpinismo\"}]},{\"@type\":\"WebSite\",\"@id\":\"https:\/\/www.sestogrado.it\/en\/#website\",\"url\":\"https:\/\/www.sestogrado.it\/en\/\",\"name\":\"Sestogrado\",\"description\":\"yes we climb\",\"publisher\":{\"@id\":\"https:\/\/www.sestogrado.it\/en\/#organization\"},\"potentialAction\":[{\"@type\":\"SearchAction\",\"target\":{\"@type\":\"EntryPoint\",\"urlTemplate\":\"https:\/\/www.sestogrado.it\/en\/?s={search_term_string}\"},\"query-input\":{\"@type\":\"PropertyValueSpecification\",\"valueRequired\":true,\"valueName\":\"search_term_string\"}}],\"inLanguage\":\"en-US\"},{\"@type\":\"Organization\",\"@id\":\"https:\/\/www.sestogrado.it\/en\/#organization\",\"name\":\"Sestogrado\",\"url\":\"https:\/\/www.sestogrado.it\/en\/\",\"logo\":{\"@type\":\"ImageObject\",\"inLanguage\":\"en-US\",\"@id\":\"https:\/\/www.sestogrado.it\/en\/#\/schema\/logo\/image\/\",\"url\":\"https:\/\/www.sestogrado.it\/wp-content\/uploads\/2015\/03\/sestogrado-favicon.png\",\"contentUrl\":\"https:\/\/www.sestogrado.it\/wp-content\/uploads\/2015\/03\/sestogrado-favicon.png\",\"width\":260,\"height\":260,\"caption\":\"Sestogrado\"},\"image\":{\"@id\":\"https:\/\/www.sestogrado.it\/en\/#\/schema\/logo\/image\/\"},\"sameAs\":[\"https:\/\/www.facebook.com\/pages\/Sestogrado\/1542635979353017?ref=bookmarks\",\"https:\/\/www.youtube.com\/channel\/UC847kAfTkaJsWpc1jtQwr3Q\"],\"hasMerchantReturnPolicy\":{\"@type\":\"MerchantReturnPolicy\",\"merchantReturnLink\":\"https:\/\/www.sestogrado.it\/en\/termini-e-condizioni\/\"}}]}<\/script>\n<meta property=\"product:brand\" content=\"Camp\" \/>\n<meta property=\"og:availability\" content=\"instock\" \/>\n<meta property=\"product:availability\" content=\"instock\" \/>\n<meta property=\"product:condition\" content=\"new\" \/>\n<!-- \/ Yoast SEO plugin. -->","yoast_head_json":{"title":"Camp G Blizzard guanti da alpinismo - Sestogrado","description":"I Camp G Blizzard sono dei guanti molto caldi, all'insegna della polivalenza, dedicati ad alpinismo invernale, misto, scialpinismo. E' un guanto\u00a0studiato per ottime prestazioni in tutte le attivit\u00e0 in montagna durante le giornate pi\u00f9 fredde. La termicit\u00e0 \u00e8 garantita dall\u2019imbottitura in PrimaLoft\u00ae Gold 100 g\/m2\u00a0e Hyperloft 100 g\/m2\u00a0sul dorso e PrimaLoft\u00ae\u00a0Gold Eco Grip Control 100 g\/m2\u00a0sul palmo. L\u2019imbottitura in PrimaLoft\u00ae Gold Eco Grip Control, il palmo con tecnologia \u201cNo Slip\u201d (antiscivolo) e le dita con costruzione \u201cRound Finger\u201d, senza cuciture sulla punta, assicurano un\u2019ottima precisione e presa sugli attrezzi. Oltre alla normale chiusura, un cinturino con velcro permette di stringere il G Blizzard all\u2019altezza del polso, incrementando l\u2019isolamento termico e l\u2019aderenza del guanto sulla mano. La membrana DRYZONE\u00ae\u00a0assicura l\u2019impermeabilit\u00e0, mentre la pelle di capra \u00e8 sinonimo di robustezza e durata.","robots":{"index":"index","follow":"follow","max-snippet":"max-snippet:-1","max-image-preview":"max-image-preview:large","max-video-preview":"max-video-preview:-1"},"canonical":"https:\/\/www.sestogrado.it\/en\/prodotto\/camp-g-blizzard-guanti-da-alpinismo\/","og_locale":"en_US","og_type":"article","og_title":"Camp G Blizzard guanti da alpinismo - Sestogrado","og_description":"I Camp G Blizzard sono dei guanti molto caldi, all'insegna della polivalenza, dedicati ad alpinismo invernale, misto, scialpinismo. E' un guanto\u00a0studiato per ottime prestazioni in tutte le attivit\u00e0 in montagna durante le giornate pi\u00f9 fredde. La termicit\u00e0 \u00e8 garantita dall\u2019imbottitura in PrimaLoft\u00ae Gold 100 g\/m2\u00a0e Hyperloft 100 g\/m2\u00a0sul dorso e PrimaLoft\u00ae\u00a0Gold Eco Grip Control 100 g\/m2\u00a0sul palmo. L\u2019imbottitura in PrimaLoft\u00ae Gold Eco Grip Control, il palmo con tecnologia \u201cNo Slip\u201d (antiscivolo) e le dita con costruzione \u201cRound Finger\u201d, senza cuciture sulla punta, assicurano un\u2019ottima precisione e presa sugli attrezzi. Oltre alla normale chiusura, un cinturino con velcro permette di stringere il G Blizzard all\u2019altezza del polso, incrementando l\u2019isolamento termico e l\u2019aderenza del guanto sulla mano. La membrana DRYZONE\u00ae\u00a0assicura l\u2019impermeabilit\u00e0, mentre la pelle di capra \u00e8 sinonimo di robustezza e durata.","og_url":"https:\/\/www.sestogrado.it\/en\/prodotto\/camp-g-blizzard-guanti-da-alpinismo\/","og_site_name":"Sestogrado","article_publisher":"https:\/\/www.facebook.com\/pages\/Sestogrado\/1542635979353017?ref=bookmarks","article_modified_time":"2026-02-05T11:25:12+00:00","og_image":[{"width":1200,"height":1200,"url":"https:\/\/www.sestogrado.it\/wp-content\/uploads\/2025\/10\/01.jpg","type":"image\/jpeg"}],"twitter_misc":{"Availability":"In stock"},"schema":{"@context":"https:\/\/schema.org","@graph":[{"@type":"WebPage","@id":"https:\/\/www.sestogrado.it\/en\/prodotto\/camp-g-blizzard-guanti-da-alpinismo\/","url":"https:\/\/www.sestogrado.it\/en\/prodotto\/camp-g-blizzard-guanti-da-alpinismo\/","name":"Camp G Blizzard guanti da alpinismo - Sestogrado","isPartOf":{"@id":"https:\/\/www.sestogrado.it\/en\/#website"},"primaryImageOfPage":{"@id":"https:\/\/www.sestogrado.it\/en\/prodotto\/camp-g-blizzard-guanti-da-alpinismo\/#primaryimage"},"image":{"@id":"https:\/\/www.sestogrado.it\/prodotto\/camp-g-blizzard-guanti-da-alpinismo\/#primaryimage"},"thumbnailUrl":"https:\/\/www.sestogrado.it\/wp-content\/uploads\/2025\/10\/01.jpg","datePublished":"2025-10-15T13:56:09+00:00","dateModified":"2026-02-05T11:25:12+00:00","description":"I Camp G Blizzard sono dei guanti molto caldi, all'insegna della polivalenza, dedicati ad alpinismo invernale, misto, scialpinismo. E' un guanto\u00a0studiato per ottime prestazioni in tutte le attivit\u00e0 in montagna durante le giornate pi\u00f9 fredde. La termicit\u00e0 \u00e8 garantita dall\u2019imbottitura in PrimaLoft\u00ae Gold 100 g\/m2\u00a0e Hyperloft 100 g\/m2\u00a0sul dorso e PrimaLoft\u00ae\u00a0Gold Eco Grip Control 100 g\/m2\u00a0sul palmo. L\u2019imbottitura in PrimaLoft\u00ae Gold Eco Grip Control, il palmo con tecnologia \u201cNo Slip\u201d (antiscivolo) e le dita con costruzione \u201cRound Finger\u201d, senza cuciture sulla punta, assicurano un\u2019ottima precisione e presa sugli attrezzi. Oltre alla normale chiusura, un cinturino con velcro permette di stringere il G Blizzard all\u2019altezza del polso, incrementando l\u2019isolamento termico e l\u2019aderenza del guanto sulla mano. La membrana DRYZONE\u00ae\u00a0assicura l\u2019impermeabilit\u00e0, mentre la pelle di capra \u00e8 sinonimo di robustezza e durata.","breadcrumb":{"@id":"https:\/\/www.sestogrado.it\/en\/prodotto\/camp-g-blizzard-guanti-da-alpinismo\/#breadcrumb"},"inLanguage":"en-US","potentialAction":[{"@type":"ReadAction","target":[["https:\/\/www.sestogrado.it\/en\/prodotto\/camp-g-blizzard-guanti-da-alpinismo\/"]]}]},{"@type":"ImageObject","inLanguage":"en-US","@id":"https:\/\/www.sestogrado.it\/en\/prodotto\/camp-g-blizzard-guanti-da-alpinismo\/#primaryimage","url":"https:\/\/www.sestogrado.it\/wp-content\/uploads\/2025\/10\/01.jpg","contentUrl":"https:\/\/www.sestogrado.it\/wp-content\/uploads\/2025\/10\/01.jpg","width":1200,"height":1200,"caption":"camp g blizzard"},{"@type":"BreadcrumbList","@id":"https:\/\/www.sestogrado.it\/en\/prodotto\/camp-g-blizzard-guanti-da-alpinismo\/#breadcrumb","itemListElement":[{"@type":"ListItem","position":1,"name":"Home","item":"https:\/\/www.sestogrado.it\/en\/"},{"@type":"ListItem","position":2,"name":"Shop","item":"https:\/\/www.sestogrado.it\/en\/shop\/"},{"@type":"ListItem","position":3,"name":"Camp G Blizzard guanti da alpinismo"}]},{"@type":"WebSite","@id":"https:\/\/www.sestogrado.it\/en\/#website","url":"https:\/\/www.sestogrado.it\/en\/","name":"Sestogrado","description":"yes we climb","publisher":{"@id":"https:\/\/www.sestogrado.it\/en\/#organization"},"potentialAction":[{"@type":"SearchAction","target":{"@type":"EntryPoint","urlTemplate":"https:\/\/www.sestogrado.it\/en\/?s={search_term_string}"},"query-input":{"@type":"PropertyValueSpecification","valueRequired":true,"valueName":"search_term_string"}}],"inLanguage":"en-US"},{"@type":"Organization","@id":"https:\/\/www.sestogrado.it\/en\/#organization","name":"Sestogrado","url":"https:\/\/www.sestogrado.it\/en\/","logo":{"@type":"ImageObject","inLanguage":"en-US","@id":"https:\/\/www.sestogrado.it\/en\/#\/schema\/logo\/image\/","url":"https:\/\/www.sestogrado.it\/wp-content\/uploads\/2015\/03\/sestogrado-favicon.png","contentUrl":"https:\/\/www.sestogrado.it\/wp-content\/uploads\/2015\/03\/sestogrado-favicon.png","width":260,"height":260,"caption":"Sestogrado"},"image":{"@id":"https:\/\/www.sestogrado.it\/en\/#\/schema\/logo\/image\/"},"sameAs":["https:\/\/www.facebook.com\/pages\/Sestogrado\/1542635979353017?ref=bookmarks","https:\/\/www.youtube.com\/channel\/UC847kAfTkaJsWpc1jtQwr3Q"],"hasMerchantReturnPolicy":{"@type":"MerchantReturnPolicy","merchantReturnLink":"https:\/\/www.sestogrado.it\/en\/termini-e-condizioni\/"}}]},"product_brand":"Camp","og_availability":"instock","product_availability":"instock","product_condition":"new"},"_links":{"self":[{"href":"https:\/\/www.sestogrado.it\/en\/wp-json\/wp\/v2\/product\/201690","targetHints":{"allow":["GET"]}}],"collection":[{"href":"https:\/\/www.sestogrado.it\/en\/wp-json\/wp\/v2\/product"}],"about":[{"href":"https:\/\/www.sestogrado.it\/en\/wp-json\/wp\/v2\/types\/product"}],"replies":[{"embeddable":true,"href":"https:\/\/www.sestogrado.it\/en\/wp-json\/wp\/v2\/comments?post=201690"}],"wp:featuredmedia":[{"embeddable":true,"href":"https:\/\/www.sestogrado.it\/en\/wp-json\/wp\/v2\/media\/201698"}],"wp:attachment":[{"href":"https:\/\/www.sestogrado.it\/en\/wp-json\/wp\/v2\/media?parent=201690"}],"wp:term":[{"taxonomy":"product_brand","embeddable":true,"href":"https:\/\/www.sestogrado.it\/en\/wp-json\/wp\/v2\/product_brand?post=201690"},{"taxonomy":"product_cat","embeddable":true,"href":"https:\/\/www.sestogrado.it\/en\/wp-json\/wp\/v2\/product_cat?post=201690"},{"taxonomy":"product_tag","embeddable":true,"href":"https:\/\/www.sestogrado.it\/en\/wp-json\/wp\/v2\/product_tag?post=201690"}],"curies":[{"name":"wp","href":"https:\/\/api.w.org\/{rel}","templated":true}]}}