{"id":20126,"date":"2019-03-19T15:50:06","date_gmt":"2019-03-19T14:50:06","guid":{"rendered":"https:\/\/www.sestogrado.it\/?post_type=product&#038;p=20126"},"modified":"2026-03-24T22:13:18","modified_gmt":"2026-03-24T21:13:18","slug":"black-diamond-camalot-c4-friend-arrampicata-tutte-le-misure","status":"publish","type":"product","link":"https:\/\/www.sestogrado.it\/en\/prodotto\/black-diamond-camalot-c4-friend-arrampicata-tutte-le-misure\/","title":{"rendered":"Black Diamond Camalot c4 friend arrampicata tutte le misure"},"content":{"rendered":"<p>I Black Diamond Camalot C4 sono da sempre il punto di riferimento nelle protezioni da arrampicata e sono il friend pi\u00f9 diffuso e venduto al mondo, grazie ad un feeling impagabile, una facilit\u00e0 di posizionamento, una tenuta su qualsiasi tipo di roccia, solidit\u00e0 ed affidabilit\u00e0.<\/p>\n<p>Ottimizzati di versione in versione per rispondere sempre di pi\u00f9 alle esigenze di climber di tutto il mondo, nell&#8217;ultima versione i Camalot C4 sono stati alleggeriti del 10% rispetto alla versione precedente, hanno un grilletto pi\u00f9 largo per aumentare la maneggevolezza e, nelle misure pi\u00f9 grandi 4,5 e 6, hanno un ferma grilletto che mantiene il friend in posizione chiusa, per un pi\u00f9 facile trasporto mentre \u00e8 agganciato all&#8217;imbrago.<\/p>\n<p>I Black Diamond Camalot C4 sono stati alleggeriti grazie ad un lavoro di rifinitura ed ottimizzazione delle camme. I colori sono sempre gli stessi, applicati alle camme ed alla fettuccia, per un facile e rapido riconoscimento della misura.<\/p>\n<ul>\n<li>Design a doppio asse consente una maggiore apertura delle camme<\/li>\n<li>Leggeri, forti e resistenti<\/li>\n<li>Colori per ogni formato per una rapida identificazione<\/li>\n<li>Nuovo design il 10% pi\u00f9 leggero<\/li>\n<li>Camme alleggerite ed ottimizzate per le forze da trattenere<\/li>\n<li>Ferma grilletto per le misure grandi 4, 5 e 6 per facile trasporto<\/li>\n<li>Cavo interno C-Loop forte e durevole<\/li>\n<li>Associabili ai rackpack con moschettoni colorati <a href=\"https:\/\/www.sestogrado.it\/it\/prodotto\/black-diamond-litewire-rackpack-set-moschettoni\/\" target=\"_blank\" rel=\"noopener noreferrer\">Litewire<\/a> e <a href=\"https:\/\/www.sestogrado.it\/it\/prodotto\/black-diamond-miniwire-rackpack-set-moschettoni\/\" target=\"_blank\" rel=\"noopener noreferrer\">Miniwire<\/a> per un facile riconoscimento<\/li>\n<\/ul>\n<p><img decoding=\"async\" class=\"size-full wp-image-27068 img-fluid alignnone\" src=\"https:\/\/www.sestogrado.it\/wp-content\/uploads\/2019\/03\/AndyEarl_04272019_BDE_1936.jpeg\" alt=\"camalot C4\" width=\"1280\" height=\"853\" srcset=\"https:\/\/www.sestogrado.it\/wp-content\/uploads\/2019\/03\/AndyEarl_04272019_BDE_1936.jpeg 1280w, https:\/\/www.sestogrado.it\/wp-content\/uploads\/2019\/03\/AndyEarl_04272019_BDE_1936-750x500.jpeg 750w, https:\/\/www.sestogrado.it\/wp-content\/uploads\/2019\/03\/AndyEarl_04272019_BDE_1936-300x200.jpeg 300w, https:\/\/www.sestogrado.it\/wp-content\/uploads\/2019\/03\/AndyEarl_04272019_BDE_1936-1024x682.jpeg 1024w, https:\/\/www.sestogrado.it\/wp-content\/uploads\/2019\/03\/AndyEarl_04272019_BDE_1936-768x512.jpeg 768w, https:\/\/www.sestogrado.it\/wp-content\/uploads\/2019\/03\/AndyEarl_04272019_BDE_1936-635x423.jpeg 635w, https:\/\/www.sestogrado.it\/wp-content\/uploads\/2019\/03\/AndyEarl_04272019_BDE_1936-64x43.jpeg 64w, https:\/\/www.sestogrado.it\/wp-content\/uploads\/2019\/03\/AndyEarl_04272019_BDE_1936-120x80.jpeg 120w\" sizes=\"(max-width: 1280px) 100vw, 1280px\" \/><\/p>\n<p>&nbsp;<\/p>\n<div class=\"embed-responsive embed-responsive-16by9\"><iframe title=\"The Redesigned Black Diamond Camalot C4\" width=\"500\" height=\"281\" src=\"https:\/\/www.youtube.com\/embed\/F_fEF_kllO0?feature=oembed\" frameborder=\"0\" allow=\"accelerometer; autoplay; clipboard-write; encrypted-media; gyroscope; picture-in-picture; web-share\" referrerpolicy=\"strict-origin-when-cross-origin\" allowfullscreen><\/iframe><\/div>\n<p>Forti e durevoli come sempre i Black Diamond Camalot C4 sono il punto di riferimento per le protezioni veloci da arrampicata.<\/p>\n<p>&nbsp;<\/p>\n<div class=\"attributeItem first\"><span class=\"attributeName\">Peso:\u00a0\u00a0<\/span><span class=\"attributeValue\">[0.3] 69.8 g (2.46 oz)<br \/>\n[0.4] 77.5 g (2.73 oz)<br \/>\n[0.5] 93 g (3.28 oz)<br \/>\n[0.75] 107.5 g (3.79 oz)<br \/>\n[1] 123.9 g (4.37 oz)<br \/>\n[2] 140.3 g (4.95 oz)<br \/>\n[3] 181.1 g (6.39 oz)<br \/>\n[4] 257.8 g (9.09 oz)<br \/>\n[5] 348.1 g (12.28 oz)<br \/>\n[6] 529.9 g (1 lb 2.7 oz)<\/span><\/p>\n<div class=\"clearfix\"><\/div>\n<\/div>\n<div class=\"attributeItem \"><span class=\"attributeName\">Forza:\u00a0\u00a0<\/span><span class=\"attributeValue\"><br \/>\n[0.3] 8 kN, 1798 lbf<br \/>\n[0.4] 9 kN, 2023 lbf<br \/>\n[0.5] 12 kN, 2698 lbf<br \/>\n[0.75 &#8211; 6] 14 kN, 3147 lbf<\/span><\/p>\n<div class=\"clearfix\"><\/div>\n<\/div>\n<div class=\"attributeItem \"><span class=\"attributeName\">Range\u00a0:\u00a0\u00a0<\/span><span class=\"attributeValue\"><br \/>\n[0.3] 13.8-23.4 mm (0.54-0.92 in)<br \/>\n[0.4] 15.5-26.7 mm (0.61-1.05 in)<br \/>\n[0.5] 19.6-33.5 mm (0.77-1.32 in)<br \/>\n[0.75] 23.9-41.2 mm (0.94-1.62 in)<br \/>\n[1] 30.2-52.1 mm (1.19-2.05 in)<br \/>\n[2] 37.2-64.9 mm (1.46-2.55 in)<br \/>\n[3] 50.7-87.9 mm (2.00-3.46 in)<br \/>\n[4] 66.0-114.7 mm (2.60-4.51 in)<br \/>\n[5] 85.4-148.5 mm (3.36-5.85 in)<br \/>\n[6] 114.1-195.0 mm (4.50-7.68 in)<\/span><\/div>\n","protected":false},"excerpt":{"rendered":"<p>I Black Diamond Camalot C4 sono da sempre il punto di riferimento nelle protezioni da arrampicata e sono il friend [&hellip;]<\/p>\n","protected":false},"featured_media":20127,"comment_status":"open","ping_status":"closed","template":"","meta":{"_acf_changed":false},"product_brand":[121],"product_cat":[135],"product_tag":[],"class_list":{"0":"post-20126","1":"product","2":"type-product","3":"status-publish","4":"has-post-thumbnail","6":"product_brand-black-diamond","7":"product_cat-friends-e-nuts","9":"first","10":"instock","11":"sale","12":"taxable","13":"shipping-taxable","14":"purchasable","15":"product-type-variable"},"acf":[],"yoast_head":"<!-- This site is optimized with the Yoast SEO plugin v26.4 - https:\/\/yoast.com\/wordpress\/plugins\/seo\/ -->\n<title>Black Diamond Camalot C4 friend arrampicata tutte le misure I Sestogrado<\/title>\n<meta name=\"description\" content=\"I Black Diamond Camalot C4 sono da sempre il punto di riferimento nelle protezioni da arrampicata e sono il friend pi\u00f9 diffuso e venduto al mondo, grazie ad un feeling impagabile, una facilit\u00e0 di posizionamento, una tenuta su qualsiasi tipo di roccia, solidit\u00e0 ed affidabilit\u00e0.Ottimizzati di versione in versione per rispondere sempre di pi\u00f9 alle esigenze di climber di tutto il mondo, nell&#039;ultima versione i Camalot C4 sono stati alleggeriti del 10% rispetto alla versione precedente, hanno un grilletto pi\u00f9 largo per aumentare la maneggevolezza e, nelle misure pi\u00f9 grandi 4,5 e 6, hanno un ferma grilletto che mantiene il friend in posizione chiusa, per un pi\u00f9 facile trasporto mentre \u00e8 agganciato all&#039;imbrago.I Black Diamond Camalot C4 sono stati alleggeriti grazie ad un lavoro di rifinitura ed ottimizzazione delle camme. I colori sono sempre gli stessi, applicati alle camme ed alla fettuccia, per un facile e rapido riconoscimento della misura. Camme alleggerite ed ottimizzate per le forze da trattenereFerma grilletto per le misure grandi 4, 5 e 6 per facile trasporto. Cavo interno C-Loop forte e durevole. Associabili ai rackpack con moschettoni colorati Neutrino, Oz e Hoodwire per un facile riconoscimento.\" \/>\n<meta name=\"robots\" content=\"index, follow, max-snippet:-1, max-image-preview:large, max-video-preview:-1\" \/>\n<link rel=\"canonical\" href=\"https:\/\/www.sestogrado.it\/en\/prodotto\/black-diamond-camalot-c4-friend-arrampicata-tutte-le-misure\/\" \/>\n<meta property=\"og:locale\" content=\"en_US\" \/>\n<meta property=\"og:type\" content=\"article\" \/>\n<meta property=\"og:title\" content=\"Black Diamond Camalot C4 friend arrampicata tutte le misure I Sestogrado\" \/>\n<meta property=\"og:description\" content=\"I Black Diamond Camalot C4 sono da sempre il punto di riferimento nelle protezioni da arrampicata e sono il friend pi\u00f9 diffuso e venduto al mondo, grazie ad un feeling impagabile, una facilit\u00e0 di posizionamento, una tenuta su qualsiasi tipo di roccia, solidit\u00e0 ed affidabilit\u00e0.Ottimizzati di versione in versione per rispondere sempre di pi\u00f9 alle esigenze di climber di tutto il mondo, nell&#039;ultima versione i Camalot C4 sono stati alleggeriti del 10% rispetto alla versione precedente, hanno un grilletto pi\u00f9 largo per aumentare la maneggevolezza e, nelle misure pi\u00f9 grandi 4,5 e 6, hanno un ferma grilletto che mantiene il friend in posizione chiusa, per un pi\u00f9 facile trasporto mentre \u00e8 agganciato all&#039;imbrago.I Black Diamond Camalot C4 sono stati alleggeriti grazie ad un lavoro di rifinitura ed ottimizzazione delle camme. I colori sono sempre gli stessi, applicati alle camme ed alla fettuccia, per un facile e rapido riconoscimento della misura. Camme alleggerite ed ottimizzate per le forze da trattenereFerma grilletto per le misure grandi 4, 5 e 6 per facile trasporto. Cavo interno C-Loop forte e durevole. Associabili ai rackpack con moschettoni colorati Neutrino, Oz e Hoodwire per un facile riconoscimento.\" \/>\n<meta property=\"og:url\" content=\"https:\/\/www.sestogrado.it\/en\/prodotto\/black-diamond-camalot-c4-friend-arrampicata-tutte-le-misure\/\" \/>\n<meta property=\"og:site_name\" content=\"Sestogrado\" \/>\n<meta property=\"article:publisher\" content=\"https:\/\/www.facebook.com\/pages\/Sestogrado\/1542635979353017?ref=bookmarks\" \/>\n<meta property=\"article:modified_time\" content=\"2026-03-24T21:13:18+00:00\" \/>\n<meta property=\"og:image\" content=\"https:\/\/www.sestogrado.it\/wp-content\/uploads\/2019\/03\/camalot-c4-2019.jpg\" \/>\n\t<meta property=\"og:image:width\" content=\"1000\" \/>\n\t<meta property=\"og:image:height\" content=\"1000\" \/>\n\t<meta property=\"og:image:type\" content=\"image\/jpeg\" \/>\n<meta name=\"twitter:label1\" content=\"Availability\" \/>\n\t<meta name=\"twitter:data1\" content=\"In stock\" \/>\n<script type=\"application\/ld+json\" class=\"yoast-schema-graph\">{\"@context\":\"https:\/\/schema.org\",\"@graph\":[{\"@type\":\"WebPage\",\"@id\":\"https:\/\/www.sestogrado.it\/en\/prodotto\/black-diamond-camalot-c4-friend-arrampicata-tutte-le-misure\/\",\"url\":\"https:\/\/www.sestogrado.it\/en\/prodotto\/black-diamond-camalot-c4-friend-arrampicata-tutte-le-misure\/\",\"name\":\"Black Diamond Camalot C4 friend arrampicata tutte le misure I Sestogrado\",\"isPartOf\":{\"@id\":\"https:\/\/www.sestogrado.it\/en\/#website\"},\"primaryImageOfPage\":{\"@id\":\"https:\/\/www.sestogrado.it\/en\/prodotto\/black-diamond-camalot-c4-friend-arrampicata-tutte-le-misure\/#primaryimage\"},\"image\":{\"@id\":\"https:\/\/www.sestogrado.it\/prodotto\/black-diamond-camalot-c4-friend-arrampicata-tutte-le-misure\/#primaryimage\"},\"thumbnailUrl\":\"https:\/\/www.sestogrado.it\/wp-content\/uploads\/2019\/03\/camalot-c4-2019.jpg\",\"datePublished\":\"2019-03-19T14:50:06+00:00\",\"dateModified\":\"2026-03-24T21:13:18+00:00\",\"description\":\"I Black Diamond Camalot C4 sono da sempre il punto di riferimento nelle protezioni da arrampicata e sono il friend pi\u00f9 diffuso e venduto al mondo, grazie ad un feeling impagabile, una facilit\u00e0 di posizionamento, una tenuta su qualsiasi tipo di roccia, solidit\u00e0 ed affidabilit\u00e0.Ottimizzati di versione in versione per rispondere sempre di pi\u00f9 alle esigenze di climber di tutto il mondo, nell'ultima versione i Camalot C4 sono stati alleggeriti del 10% rispetto alla versione precedente, hanno un grilletto pi\u00f9 largo per aumentare la maneggevolezza e, nelle misure pi\u00f9 grandi 4,5 e 6, hanno un ferma grilletto che mantiene il friend in posizione chiusa, per un pi\u00f9 facile trasporto mentre \u00e8 agganciato all'imbrago.I Black Diamond Camalot C4 sono stati alleggeriti grazie ad un lavoro di rifinitura ed ottimizzazione delle camme. I colori sono sempre gli stessi, applicati alle camme ed alla fettuccia, per un facile e rapido riconoscimento della misura. Camme alleggerite ed ottimizzate per le forze da trattenereFerma grilletto per le misure grandi 4, 5 e 6 per facile trasporto. Cavo interno C-Loop forte e durevole. Associabili ai rackpack con moschettoni colorati Neutrino, Oz e Hoodwire per un facile riconoscimento.\",\"breadcrumb\":{\"@id\":\"https:\/\/www.sestogrado.it\/en\/prodotto\/black-diamond-camalot-c4-friend-arrampicata-tutte-le-misure\/#breadcrumb\"},\"inLanguage\":\"en-US\",\"potentialAction\":[{\"@type\":\"ReadAction\",\"target\":[[\"https:\/\/www.sestogrado.it\/en\/prodotto\/black-diamond-camalot-c4-friend-arrampicata-tutte-le-misure\/\"]]}]},{\"@type\":\"ImageObject\",\"inLanguage\":\"en-US\",\"@id\":\"https:\/\/www.sestogrado.it\/en\/prodotto\/black-diamond-camalot-c4-friend-arrampicata-tutte-le-misure\/#primaryimage\",\"url\":\"https:\/\/www.sestogrado.it\/wp-content\/uploads\/2019\/03\/camalot-c4-2019.jpg\",\"contentUrl\":\"https:\/\/www.sestogrado.it\/wp-content\/uploads\/2019\/03\/camalot-c4-2019.jpg\",\"width\":1000,\"height\":1000,\"caption\":\"camalot c4 2019\"},{\"@type\":\"BreadcrumbList\",\"@id\":\"https:\/\/www.sestogrado.it\/en\/prodotto\/black-diamond-camalot-c4-friend-arrampicata-tutte-le-misure\/#breadcrumb\",\"itemListElement\":[{\"@type\":\"ListItem\",\"position\":1,\"name\":\"Home\",\"item\":\"https:\/\/www.sestogrado.it\/en\/\"},{\"@type\":\"ListItem\",\"position\":2,\"name\":\"Shop\",\"item\":\"https:\/\/www.sestogrado.it\/en\/shop\/\"},{\"@type\":\"ListItem\",\"position\":3,\"name\":\"Black Diamond Camalot c4 friend arrampicata tutte le misure\"}]},{\"@type\":\"WebSite\",\"@id\":\"https:\/\/www.sestogrado.it\/en\/#website\",\"url\":\"https:\/\/www.sestogrado.it\/en\/\",\"name\":\"Sestogrado\",\"description\":\"yes we climb\",\"publisher\":{\"@id\":\"https:\/\/www.sestogrado.it\/en\/#organization\"},\"potentialAction\":[{\"@type\":\"SearchAction\",\"target\":{\"@type\":\"EntryPoint\",\"urlTemplate\":\"https:\/\/www.sestogrado.it\/en\/?s={search_term_string}\"},\"query-input\":{\"@type\":\"PropertyValueSpecification\",\"valueRequired\":true,\"valueName\":\"search_term_string\"}}],\"inLanguage\":\"en-US\"},{\"@type\":\"Organization\",\"@id\":\"https:\/\/www.sestogrado.it\/en\/#organization\",\"name\":\"Sestogrado\",\"url\":\"https:\/\/www.sestogrado.it\/en\/\",\"logo\":{\"@type\":\"ImageObject\",\"inLanguage\":\"en-US\",\"@id\":\"https:\/\/www.sestogrado.it\/en\/#\/schema\/logo\/image\/\",\"url\":\"https:\/\/www.sestogrado.it\/wp-content\/uploads\/2015\/03\/sestogrado-favicon.png\",\"contentUrl\":\"https:\/\/www.sestogrado.it\/wp-content\/uploads\/2015\/03\/sestogrado-favicon.png\",\"width\":260,\"height\":260,\"caption\":\"Sestogrado\"},\"image\":{\"@id\":\"https:\/\/www.sestogrado.it\/en\/#\/schema\/logo\/image\/\"},\"sameAs\":[\"https:\/\/www.facebook.com\/pages\/Sestogrado\/1542635979353017?ref=bookmarks\",\"https:\/\/www.youtube.com\/channel\/UC847kAfTkaJsWpc1jtQwr3Q\"],\"hasMerchantReturnPolicy\":{\"@type\":\"MerchantReturnPolicy\",\"merchantReturnLink\":\"https:\/\/www.sestogrado.it\/en\/termini-e-condizioni\/\"}}]}<\/script>\n<meta property=\"product:brand\" content=\"Black Diamond\" \/>\n<meta property=\"og:availability\" content=\"instock\" \/>\n<meta property=\"product:availability\" content=\"instock\" \/>\n<meta property=\"product:condition\" content=\"new\" \/>\n<!-- \/ Yoast SEO plugin. -->","yoast_head_json":{"title":"Black Diamond Camalot C4 friend arrampicata tutte le misure I Sestogrado","description":"I Black Diamond Camalot C4 sono da sempre il punto di riferimento nelle protezioni da arrampicata e sono il friend pi\u00f9 diffuso e venduto al mondo, grazie ad un feeling impagabile, una facilit\u00e0 di posizionamento, una tenuta su qualsiasi tipo di roccia, solidit\u00e0 ed affidabilit\u00e0.Ottimizzati di versione in versione per rispondere sempre di pi\u00f9 alle esigenze di climber di tutto il mondo, nell'ultima versione i Camalot C4 sono stati alleggeriti del 10% rispetto alla versione precedente, hanno un grilletto pi\u00f9 largo per aumentare la maneggevolezza e, nelle misure pi\u00f9 grandi 4,5 e 6, hanno un ferma grilletto che mantiene il friend in posizione chiusa, per un pi\u00f9 facile trasporto mentre \u00e8 agganciato all'imbrago.I Black Diamond Camalot C4 sono stati alleggeriti grazie ad un lavoro di rifinitura ed ottimizzazione delle camme. I colori sono sempre gli stessi, applicati alle camme ed alla fettuccia, per un facile e rapido riconoscimento della misura. Camme alleggerite ed ottimizzate per le forze da trattenereFerma grilletto per le misure grandi 4, 5 e 6 per facile trasporto. Cavo interno C-Loop forte e durevole. Associabili ai rackpack con moschettoni colorati Neutrino, Oz e Hoodwire per un facile riconoscimento.","robots":{"index":"index","follow":"follow","max-snippet":"max-snippet:-1","max-image-preview":"max-image-preview:large","max-video-preview":"max-video-preview:-1"},"canonical":"https:\/\/www.sestogrado.it\/en\/prodotto\/black-diamond-camalot-c4-friend-arrampicata-tutte-le-misure\/","og_locale":"en_US","og_type":"article","og_title":"Black Diamond Camalot C4 friend arrampicata tutte le misure I Sestogrado","og_description":"I Black Diamond Camalot C4 sono da sempre il punto di riferimento nelle protezioni da arrampicata e sono il friend pi\u00f9 diffuso e venduto al mondo, grazie ad un feeling impagabile, una facilit\u00e0 di posizionamento, una tenuta su qualsiasi tipo di roccia, solidit\u00e0 ed affidabilit\u00e0.Ottimizzati di versione in versione per rispondere sempre di pi\u00f9 alle esigenze di climber di tutto il mondo, nell'ultima versione i Camalot C4 sono stati alleggeriti del 10% rispetto alla versione precedente, hanno un grilletto pi\u00f9 largo per aumentare la maneggevolezza e, nelle misure pi\u00f9 grandi 4,5 e 6, hanno un ferma grilletto che mantiene il friend in posizione chiusa, per un pi\u00f9 facile trasporto mentre \u00e8 agganciato all'imbrago.I Black Diamond Camalot C4 sono stati alleggeriti grazie ad un lavoro di rifinitura ed ottimizzazione delle camme. I colori sono sempre gli stessi, applicati alle camme ed alla fettuccia, per un facile e rapido riconoscimento della misura. Camme alleggerite ed ottimizzate per le forze da trattenereFerma grilletto per le misure grandi 4, 5 e 6 per facile trasporto. Cavo interno C-Loop forte e durevole. Associabili ai rackpack con moschettoni colorati Neutrino, Oz e Hoodwire per un facile riconoscimento.","og_url":"https:\/\/www.sestogrado.it\/en\/prodotto\/black-diamond-camalot-c4-friend-arrampicata-tutte-le-misure\/","og_site_name":"Sestogrado","article_publisher":"https:\/\/www.facebook.com\/pages\/Sestogrado\/1542635979353017?ref=bookmarks","article_modified_time":"2026-03-24T21:13:18+00:00","og_image":[{"width":1000,"height":1000,"url":"https:\/\/www.sestogrado.it\/wp-content\/uploads\/2019\/03\/camalot-c4-2019.jpg","type":"image\/jpeg"}],"twitter_misc":{"Availability":"In stock"},"schema":{"@context":"https:\/\/schema.org","@graph":[{"@type":"WebPage","@id":"https:\/\/www.sestogrado.it\/en\/prodotto\/black-diamond-camalot-c4-friend-arrampicata-tutte-le-misure\/","url":"https:\/\/www.sestogrado.it\/en\/prodotto\/black-diamond-camalot-c4-friend-arrampicata-tutte-le-misure\/","name":"Black Diamond Camalot C4 friend arrampicata tutte le misure I Sestogrado","isPartOf":{"@id":"https:\/\/www.sestogrado.it\/en\/#website"},"primaryImageOfPage":{"@id":"https:\/\/www.sestogrado.it\/en\/prodotto\/black-diamond-camalot-c4-friend-arrampicata-tutte-le-misure\/#primaryimage"},"image":{"@id":"https:\/\/www.sestogrado.it\/prodotto\/black-diamond-camalot-c4-friend-arrampicata-tutte-le-misure\/#primaryimage"},"thumbnailUrl":"https:\/\/www.sestogrado.it\/wp-content\/uploads\/2019\/03\/camalot-c4-2019.jpg","datePublished":"2019-03-19T14:50:06+00:00","dateModified":"2026-03-24T21:13:18+00:00","description":"I Black Diamond Camalot C4 sono da sempre il punto di riferimento nelle protezioni da arrampicata e sono il friend pi\u00f9 diffuso e venduto al mondo, grazie ad un feeling impagabile, una facilit\u00e0 di posizionamento, una tenuta su qualsiasi tipo di roccia, solidit\u00e0 ed affidabilit\u00e0.Ottimizzati di versione in versione per rispondere sempre di pi\u00f9 alle esigenze di climber di tutto il mondo, nell'ultima versione i Camalot C4 sono stati alleggeriti del 10% rispetto alla versione precedente, hanno un grilletto pi\u00f9 largo per aumentare la maneggevolezza e, nelle misure pi\u00f9 grandi 4,5 e 6, hanno un ferma grilletto che mantiene il friend in posizione chiusa, per un pi\u00f9 facile trasporto mentre \u00e8 agganciato all'imbrago.I Black Diamond Camalot C4 sono stati alleggeriti grazie ad un lavoro di rifinitura ed ottimizzazione delle camme. I colori sono sempre gli stessi, applicati alle camme ed alla fettuccia, per un facile e rapido riconoscimento della misura. Camme alleggerite ed ottimizzate per le forze da trattenereFerma grilletto per le misure grandi 4, 5 e 6 per facile trasporto. Cavo interno C-Loop forte e durevole. Associabili ai rackpack con moschettoni colorati Neutrino, Oz e Hoodwire per un facile riconoscimento.","breadcrumb":{"@id":"https:\/\/www.sestogrado.it\/en\/prodotto\/black-diamond-camalot-c4-friend-arrampicata-tutte-le-misure\/#breadcrumb"},"inLanguage":"en-US","potentialAction":[{"@type":"ReadAction","target":[["https:\/\/www.sestogrado.it\/en\/prodotto\/black-diamond-camalot-c4-friend-arrampicata-tutte-le-misure\/"]]}]},{"@type":"ImageObject","inLanguage":"en-US","@id":"https:\/\/www.sestogrado.it\/en\/prodotto\/black-diamond-camalot-c4-friend-arrampicata-tutte-le-misure\/#primaryimage","url":"https:\/\/www.sestogrado.it\/wp-content\/uploads\/2019\/03\/camalot-c4-2019.jpg","contentUrl":"https:\/\/www.sestogrado.it\/wp-content\/uploads\/2019\/03\/camalot-c4-2019.jpg","width":1000,"height":1000,"caption":"camalot c4 2019"},{"@type":"BreadcrumbList","@id":"https:\/\/www.sestogrado.it\/en\/prodotto\/black-diamond-camalot-c4-friend-arrampicata-tutte-le-misure\/#breadcrumb","itemListElement":[{"@type":"ListItem","position":1,"name":"Home","item":"https:\/\/www.sestogrado.it\/en\/"},{"@type":"ListItem","position":2,"name":"Shop","item":"https:\/\/www.sestogrado.it\/en\/shop\/"},{"@type":"ListItem","position":3,"name":"Black Diamond Camalot c4 friend arrampicata tutte le misure"}]},{"@type":"WebSite","@id":"https:\/\/www.sestogrado.it\/en\/#website","url":"https:\/\/www.sestogrado.it\/en\/","name":"Sestogrado","description":"yes we climb","publisher":{"@id":"https:\/\/www.sestogrado.it\/en\/#organization"},"potentialAction":[{"@type":"SearchAction","target":{"@type":"EntryPoint","urlTemplate":"https:\/\/www.sestogrado.it\/en\/?s={search_term_string}"},"query-input":{"@type":"PropertyValueSpecification","valueRequired":true,"valueName":"search_term_string"}}],"inLanguage":"en-US"},{"@type":"Organization","@id":"https:\/\/www.sestogrado.it\/en\/#organization","name":"Sestogrado","url":"https:\/\/www.sestogrado.it\/en\/","logo":{"@type":"ImageObject","inLanguage":"en-US","@id":"https:\/\/www.sestogrado.it\/en\/#\/schema\/logo\/image\/","url":"https:\/\/www.sestogrado.it\/wp-content\/uploads\/2015\/03\/sestogrado-favicon.png","contentUrl":"https:\/\/www.sestogrado.it\/wp-content\/uploads\/2015\/03\/sestogrado-favicon.png","width":260,"height":260,"caption":"Sestogrado"},"image":{"@id":"https:\/\/www.sestogrado.it\/en\/#\/schema\/logo\/image\/"},"sameAs":["https:\/\/www.facebook.com\/pages\/Sestogrado\/1542635979353017?ref=bookmarks","https:\/\/www.youtube.com\/channel\/UC847kAfTkaJsWpc1jtQwr3Q"],"hasMerchantReturnPolicy":{"@type":"MerchantReturnPolicy","merchantReturnLink":"https:\/\/www.sestogrado.it\/en\/termini-e-condizioni\/"}}]},"product_brand":"Black Diamond","og_availability":"instock","product_availability":"instock","product_condition":"new"},"_links":{"self":[{"href":"https:\/\/www.sestogrado.it\/en\/wp-json\/wp\/v2\/product\/20126","targetHints":{"allow":["GET"]}}],"collection":[{"href":"https:\/\/www.sestogrado.it\/en\/wp-json\/wp\/v2\/product"}],"about":[{"href":"https:\/\/www.sestogrado.it\/en\/wp-json\/wp\/v2\/types\/product"}],"replies":[{"embeddable":true,"href":"https:\/\/www.sestogrado.it\/en\/wp-json\/wp\/v2\/comments?post=20126"}],"wp:featuredmedia":[{"embeddable":true,"href":"https:\/\/www.sestogrado.it\/en\/wp-json\/wp\/v2\/media\/20127"}],"wp:attachment":[{"href":"https:\/\/www.sestogrado.it\/en\/wp-json\/wp\/v2\/media?parent=20126"}],"wp:term":[{"taxonomy":"product_brand","embeddable":true,"href":"https:\/\/www.sestogrado.it\/en\/wp-json\/wp\/v2\/product_brand?post=20126"},{"taxonomy":"product_cat","embeddable":true,"href":"https:\/\/www.sestogrado.it\/en\/wp-json\/wp\/v2\/product_cat?post=20126"},{"taxonomy":"product_tag","embeddable":true,"href":"https:\/\/www.sestogrado.it\/en\/wp-json\/wp\/v2\/product_tag?post=20126"}],"curies":[{"name":"wp","href":"https:\/\/api.w.org\/{rel}","templated":true}]}}